{"id":14,"date":"2020-12-16T12:05:52","date_gmt":"2020-12-16T12:05:52","guid":{"rendered":"http:\/\/cocaineforsaleonline.com\/?page_id=14"},"modified":"2025-11-16T08:59:02","modified_gmt":"2025-11-16T08:59:02","slug":"thue-mot-hacker","status":"publish","type":"page","link":"https:\/\/hireanonymoushackers.com\/vi\/thue-mot-hacker\/","title":{"rendered":"Li\u00ean h\u1ec7"},"content":{"rendered":"<div class=\"row row-collapse row-full-width\"  id=\"row-1921281136\">\n\n\t<div id=\"col-2122684106\" class=\"col small-12 large-12\"  >\n\t\t<div class=\"col-inner\"  >\n\t\t\t\n\t\t\t\n\t<section class=\"section\" id=\"section_1226197283\">\n\t\t<div class=\"bg section-bg fill bg-fill\" >\n\n\t\t\t\n\t\t\t<div class=\"section-bg-overlay absolute fill\"><\/div>\n\t\t\t\n\n\t\t<\/div>\n\n\t\t<div class=\"section-content relative\">\n\t\t\t\n<div class=\"row row-collapse align-center\" style=\"max-width:\" id=\"row-506290318\">\n\n\t<div id=\"col-49862552\" class=\"col small-12 large-12\"  >\n\t\t<div class=\"col-inner text-center dark\"  >\n\t\t\t\n\t\t\t\n<h1><span style=\"font-size: 250%;\">Li\u00ean h\u1ec7<\/span><\/h1>\n<p class=\"lead\"><span style=\"font-size: 120%;\">G\u1eedi cho ch\u00fang t\u00f4i m\u1ed9t tin nh\u1eafn<\/span><\/p>\n\t\t<\/div>\n\t\t\n<style>\n#col-49862552 > .col-inner {\n  padding: 100px 20px 200px 0px;\n}\n@media (min-width:550px) {\n  #col-49862552 > .col-inner {\n    padding: 100px 0px 200px 0px;\n  }\n}\n<\/style>\n\t<\/div>\n\n\t\n<\/div>\n\t\t<\/div>\n\n\t\t\n<style>\n#section_1226197283 {\n  padding-top: 0px;\n  padding-bottom: 0px;\n  min-height: 0px;\n}\n#section_1226197283 .section-bg-overlay {\n  background-color: rgba(0, 0, 0, 0.12);\n}\n#section_1226197283 .section-bg.bg-loaded {\n  background-image: 28;\n}\n#section_1226197283 .section-bg {\n  background-position: 55% 100%;\n}\n@media (min-width:550px) {\n  #section_1226197283 {\n    padding-top: 0px;\n    padding-bottom: 0px;\n  }\n  #section_1226197283 .section-bg-overlay {\n    background-color: rgba(0, 0, 0, 0.21);\n  }\n}\n@media (min-width:850px) {\n  #section_1226197283 {\n    padding-top: 100px;\n    padding-bottom: 100px;\n  }\n  #section_1226197283 .section-bg-overlay {\n    background-color: rgba(0,0,0,.5);\n  }\n}\n<\/style>\n\t<\/section>\n\t\n\t\t<\/div>\n\t\t\n<style>\n#col-2122684106 > .col-inner {\n  padding: 0px 30px 0px 30px;\n}\n<\/style>\n\t<\/div>\n\n\t\n<\/div>\n<div class=\"row row-large\" style=\"max-width:1400px\" id=\"row-713578053\">\n\n\t<div id=\"col-1102104332\" class=\"col small-12 large-12\"  >\n\t\t<div class=\"col-inner\" style=\"background-color:rgb(255, 255, 255);\" >\n\t\t\t\n\t\t\t\n<div class=\"row row-collapse row-full-width\"  id=\"row-1282061316\">\n<style>\n#row-1282061316 > .col > .col-inner {\n  padding: 0px 15px 0px 15px;\n}\n<\/style>\n<\/div>\n\n\t<div id=\"col-493467330\" class=\"col medium-12 small-12 large-6\"  >\n\t\t<div class=\"col-inner\"  >\n\t\t\t\n\t\t\t\t\t<\/div>\n\t\t\n<style>\n#col-493467330 > .col-inner {\n  padding: 0px 0px 0px 20px;\n}\n<\/style>\n\t<\/div>\n\n\t\n<h2><span style=\"font-size: 120%;\">Li\u00ean h\u1ec7 v\u1edbi ch\u00fang t\u00f4i<\/span><\/h2>\n<p><strong>Email:dk8ayz@proton.me<\/strong><\/p>\n\t<div id=\"gap-828716067\" class=\"gap-element clearfix\" style=\"display:block; height:auto;\">\n\t\t\n<style>\n#gap-828716067 {\n  padding-top: 20px;\n}\n@media (min-width:550px) {\n  #gap-828716067 {\n    padding-top: 20px;\n  }\n}\n@media (min-width:850px) {\n  #gap-828716067 {\n    padding-top: 30px;\n  }\n}\n<\/style>\n\t<\/div>\n\t\n<div class=\"row\"  id=\"row-338374503\"><\/div>\n\n\t<div id=\"col-1992773890\" class=\"col medium-6 small-12 large-6\"  >\n\t\t<div class=\"col-inner\"  >\n\t\t\t\n\t\t\t\t\t<\/div>\n\t\t\t<\/div>\n\n\t\n<p>&nbsp;<\/p>\n<h2 style=\"text-align: center;\">Thu\u00ea m\u1ed9t hacker<\/h2>\n<div class=\"elementor-element elementor-element-ea57f42 elementor-widget elementor-widget-text-editor\" data-id=\"ea57f42\" data-element_type=\"widget\" data-widget_type=\"text-editor.default\">\n<div class=\"elementor-widget-container\">Hire Anonymous Hackers l\u00e0 m\u1ed9t c\u00f4ng ty h\u1ed7 tr\u1ee3 c\u00f4ng ngh\u1ec7 d\u1ef1a tr\u00ean c\u00f4ng ngh\u1ec7, \u0111\u00f3ng vai tr\u00f2 quan tr\u1ecdng trong vi\u1ec7c cung c\u1ea5p cho kh\u00e1ch h\u00e0ng c\u1ee7a h\u1ecd tr\u1ea3i nghi\u1ec7m kh\u00e1ch h\u00e0ng t\u1ed1t nh\u1ea5t. Ch\u00fang t\u00f4i cung c\u1ea5p nhi\u1ec1u d\u1ecbch v\u1ee5 kh\u00e1c nhau bao g\u1ed3m: hack \u0111i\u1ec7n tho\u1ea1i di \u0111\u1ed9ng, g\u1eedi tin nh\u1eafn v\u0103n b\u1ea3n ho\u1eb7c g\u1eedi email c\u00f3 ph\u1ea7n m\u1ec1m gi\u00e1n \u0111i\u1ec7p. C\u00f4ng ty n\u00e0y h\u01b0\u1edbng \u0111\u1ebfn m\u1ee5c ti\u00eau gi\u00fap cu\u1ed9c s\u1ed1ng c\u1ee7a nh\u1eefng ng\u01b0\u1eddi \u0111ang g\u1eb7p v\u1ea5n \u0111\u1ec1 v\u1ec1 m\u1ed1i quan h\u1ec7 tr\u1edf n\u00ean d\u1ec5 d\u00e0ng h\u01a1n.<\/div>\n<div><\/div>\n<\/div>\n<div class=\"elementor-element elementor-element-ed07b83 elementor-widget elementor-widget-text-editor\" data-id=\"ed07b83\" data-element_type=\"widget\" data-widget_type=\"text-editor.default\">\n<div class=\"elementor-widget-container\">Ch\u00fang t\u00f4i l\u00e0 chuy\u00ean gia hack t\u1ed1t nh\u1ea5t \u0111\u1ec3 thu\u00ea cho nhu c\u1ea7u c\u1ee5 th\u1ec3 c\u1ee7a b\u1ea1n. T\u1eeb vi\u1ec7c theo d\u00f5i khi\u00eam t\u1ed1n \u0111i\u1ec7n tho\u1ea1i c\u1ee7a ai \u0111\u00f3 \u0111\u1ebfn vi\u1ec7c c\u1ed1 \u00fd ph\u00e1 h\u1ee7y b\u1eb1ng ch\u1ee9ng. Ch\u00fang t\u00f4i s\u1ebd b\u1ea3o v\u1ec7 b\u1ea1n v\u1edbi nh\u1eefng hacker gi\u1ecfi nh\u1ea5t xung quanh!<\/div>\n<\/div>\n<h3 style=\"text-align: center;\">L\u00e0m th\u1ebf n\u00e0o \u0111\u1ec3 thu\u00ea m\u1ed9t hacker<\/h3>\n<p>B\u1ea1n mu\u1ed1n thu\u00ea m\u1ed9t hacker gi\u00e1 r\u1ebb t\u1eeb b\u1ed9 s\u01b0u t\u1eadp hacker c\u1ee7a ch\u00fang t\u00f4i? H\u00e3y cho ch\u00fang t\u00f4i bi\u1ebft b\u1ea1n c\u1ea7n g\u00ec: Ch\u1ec9 c\u1ea7n m\u00f4 t\u1ea3 lo\u1ea1i d\u1ecbch v\u1ee5 hack m\u00e0 b\u1ea1n y\u00eau c\u1ea7u. Ch\u00fang t\u00f4i s\u1ebd t\u00ecm \u0111\u00fang hacker cho c\u00f4ng vi\u1ec7c. Ch\u00fang t\u00f4i s\u1ebd k\u1ebft n\u1ed1i b\u1ea1n v\u1edbi m\u1ed9t hacker \u0111\u1ea1o \u0111\u1ee9c \u0111\u01b0\u1ee3c ch\u1ee9ng nh\u1eadn c\u00f3 c\u00e1c k\u1ef9 n\u0103ng v\u00e0 kinh nghi\u1ec7m c\u1ea7n thi\u1ebft \u0111\u1ec3 ho\u00e0n th\u00e0nh c\u00f4ng vi\u1ec7c. D\u1eef li\u1ec7u c\u1ee7a b\u1ea1n \u0111\u01b0\u1ee3c an to\u00e0n v\u1edbi ch\u00fang t\u00f4i. T\u1ea5t c\u1ea3 c\u00e1c hacker c\u1ee7a ch\u00fang t\u00f4i \u0111\u1ec1u l\u00e0 nh\u1eefng chuy\u00ean gia \u0111\u01b0\u1ee3c \u0111\u00e0o t\u1ea1o b\u00e0i b\u1ea3n, tu\u00e2n th\u1ee7 c\u00e1c ti\u00eau chu\u1ea9n \u0111\u1ea1o \u0111\u1ee9c nghi\u00eam ng\u1eb7t. Li\u00ean h\u1ec7 v\u1edbi ch\u00fang t\u00f4i qua <a href=\"https:\/\/hireanonymoushackers.com\/vi\/thue-mot-hacker\/\">Trang li\u00ean h\u1ec7<\/a><\/p>\n<div class=\"elementor-element elementor-element-6d17116 elementor-widget elementor-widget-heading\" data-id=\"6d17116\" data-element_type=\"widget\" data-widget_type=\"heading.default\">\n<div class=\"elementor-widget-container\">\n<h3 class=\"elementor-heading-title elementor-size-default\" style=\"text-align: center;\">Tin t\u1eb7c chuy\u00ean nghi\u1ec7p v\u00e0 \u0111\u00e1ng tin c\u1eady \u0111\u1ec3 thu\u00ea<\/h3>\n<div class=\"elementor-element elementor-element-41118ff elementor-widget elementor-widget-text-editor\" data-id=\"41118ff\" data-element_type=\"widget\" data-widget_type=\"text-editor.default\">\n<div class=\"elementor-widget-container\">\n<p><a href=\"https:\/\/hireanonymoushackers.com\/vi\/\">Hireanonymoushackers.com<\/a> bao g\u1ed3m m\u1ed9t nh\u00f3m tin t\u1eb7c \u0111\u1ea1o \u0111\u1ee9c cung c\u1ea5p c\u00e1c d\u1ecbch v\u1ee5 \u0111a d\u1ea1ng li\u00ean quan \u0111\u1ebfn CNTT nh\u01b0 th\u1eed nghi\u1ec7m x\u00e2m nh\u1eadp c\u01a1 s\u1edf d\u1eef li\u1ec7u, hack \u0111i\u1ec7n tho\u1ea1i t\u1eeb xa, hack ph\u01b0\u01a1ng ti\u1ec7n truy\u1ec1n th\u00f4ng x\u00e3 h\u1ed9i, hack email, kh\u00f4i ph\u1ee5c ti\u1ec1n, thu\u00ea tin t\u1eb7c \u0111i\u1ec7n tho\u1ea1i di \u0111\u1ed9ng ho\u1eb7c c\u00e1c d\u1ecbch v\u1ee5 hack m\u1ea1ng kh\u00e1c.<\/p>\n<\/div>\n<\/div>\n<\/div>\n<\/div>\n<h3 style=\"text-align: center;\">Tin t\u1eb7c \u0111\u00e3 \u0111\u01b0\u1ee3c x\u00e1c minh \u0111\u1ec3 thu\u00ea<\/h3>\n<p style=\"text-align: center;\">Ch\u00fang t\u00f4i c\u00f3 th\u1ec3 gi\u00fap b\u1ea1n v\u1edbi c\u00e1c v\u1ea5n \u0111\u1ec1 v\u1ec1 Hack ph\u1ea7n m\u1ec1m, Ki\u1ec3m tra x\u00e2m nh\u1eadp, \u0110\u1ed5 d\u1eef li\u1ec7u v\u00e0o c\u01a1 s\u1edf d\u1eef li\u1ec7u, Ch\u1ec9nh s\u1eeda c\u01a1 s\u1edf d\u1eef li\u1ec7u, B\u1ea3o m\u1eadt c\u01a1 s\u1edf d\u1eef li\u1ec7u, Ph\u1ee5c h\u1ed3i gian l\u1eadn t\u00edn d\u1ee5ng, Hack Windows, B\u1ebb kh\u00f3a m\u1eadt kh\u1ea9u WIFI, Hack Pinterest, S\u1eeda \u0111i\u1ec3m t\u00edn d\u1ee5ng, Tr\u1ed9m ti\u1ec1n \u0111i\u1ec7n t\u1eed, T\u1ea5n c\u00f4ng DDOS, H\u1ecdc hack c\u00f3 \u0111\u1ea1o \u0111\u1ee9c, Doxing, T\u1ea5n c\u00f4ng Man in the middle, Hack email Rediff, Hack email Yandex.<a href=\"https:\/\/duckduckgo.com\/\" target=\"_blank\" rel=\"noopener\">.<\/a>.<\/p>\n<h3 style=\"text-align: center;\"><span class=\"tagify__tag-text\" contenteditable=\"true\">Thu\u00ea hacker \u1ea9n danh<\/span><\/h3>\n<p style=\"text-align: center;\">Ch\u00fang t\u00f4i l\u00e0 m\u1ed9t nh\u00f3m hacker chuy\u00ean nghi\u1ec7p t\u1eeb kh\u1eafp n\u01a1i tr\u00ean th\u1ebf gi\u1edbi, nh\u1eefng ng\u01b0\u1eddi \u0111\u00e3 ph\u00e1t tri\u1ec3n t\u1eeb b\u00f3ng t\u1ed1i c\u1ee7a dark web, m\u1ed9t t\u1eadp h\u1ee3p con c\u1ee7a deep web v\u1edbi c\u00e1c d\u1ecbch v\u1ee5 \u1ea9n. \u0110\u1ed9ng c\u01a1 ch\u00ednh c\u1ee7a ch\u00fang t\u00f4i l\u00e0 cung c\u1ea5p cho b\u1ea1n c\u00e1c d\u1ecbch v\u1ee5 hack chuy\u00ean nghi\u1ec7p an to\u00e0n v\u00e0 b\u1ea3o m\u1eadt. Thu\u00ea m\u1ed9t hacker chuy\u00ean nghi\u1ec7p (c\u00f3 ch\u1ee9ng nh\u1eadn) \u0111\u1ec3 ki\u1ec3m tra c\u00e1c d\u1ecbch v\u1ee5 b\u00ean d\u01b0\u1edbi.<\/p>\n<p style=\"text-align: center;\"><span data-text-color=\"alert\"><strong>100% \u0110\u1ea3m b\u1ea3o ho\u00e0n l\u1ea1i ti\u1ec1n n\u1ebfu c\u00f4ng vi\u1ec7c kh\u00f4ng \u0111\u01b0\u1ee3c th\u1ef1c hi\u1ec7n theo y\u00eau c\u1ea7u c\u1ee7a b\u1ea1n.<\/strong><\/span><\/p>\n<h3 style=\"text-align: center;\"><span class=\"tagify__tag-text\" contenteditable=\"true\">D\u1ecbch v\u1ee5 hack \u0111i\u1ec7n tho\u1ea1i<\/span><\/h3>\n<p style=\"text-align: center;\">C\u00f3 nhi\u1ec1u l\u00fd do t\u1ea1i sao b\u1ea1n c\u00f3 th\u1ec3 c\u1ea7n thu\u00ea m\u1ed9t hacker \u0111i\u1ec7n tho\u1ea1i di \u0111\u1ed9ng. C\u00f3 l\u1ebd b\u1ea1n mu\u1ed1n hack v\u00e0o \u0111i\u1ec7n tho\u1ea1i di \u0111\u1ed9ng c\u1ee7a v\u1ee3\/ch\u1ed3ng m\u00ecnh \u0111\u1ec3 xem h\u1ecd c\u00f3 l\u1eeba d\u1ed1i b\u1ea1n kh\u00f4ng. Ho\u1eb7c c\u00f3 th\u1ec3 b\u1ea1n c\u1ea7n x\u00e2m nh\u1eadp v\u00e0o h\u1ec7 th\u1ed1ng m\u00e1y t\u00ednh c\u1ee7a c\u00f4ng ty \u0111\u1ec3 \u0111\u00e1nh c\u1eafp b\u00ed m\u1eadt th\u01b0\u01a1ng m\u1ea1i. D\u00f9 l\u00fd do l\u00e0 g\u00ec, \u0111i\u1ec1u quan tr\u1ecdng l\u00e0 ph\u1ea3i t\u00ecm \u0111\u00fang hacker cho c\u00f4ng vi\u1ec7c. Kh\u00f4ng ph\u1ea3i t\u1ea5t c\u1ea3 hacker \u0111\u1ec1u \u0111\u01b0\u1ee3c t\u1ea1o ra nh\u01b0 nhau, v\u00ec v\u1eady b\u1ea1n c\u1ea7n ph\u1ea3i c\u1ea9n th\u1eadn khi ch\u1ecdn m\u1ed9t hacker.<\/p>\n<h4 style=\"text-align: center;\"><span class=\"tagify__tag-text\" contenteditable=\"true\">Thu\u00ea m\u1ed9t hacker \u0111i\u1ec7n tho\u1ea1i di \u0111\u1ed9ng<\/span><\/h4>\n<p style=\"text-align: center;\">T\u1ea1i Hire Anonymous Hackers, ch\u00fang t\u00f4i c\u00f3 nhi\u1ec1u n\u0103m kinh nghi\u1ec7m trong vi\u1ec7c hack \u0111i\u1ec7n tho\u1ea1i, m\u00e1y t\u00ednh v\u00e0 c\u00e1c thi\u1ebft b\u1ecb \u0111i\u1ec7n t\u1eed kh\u00e1c. Ch\u00fang t\u00f4i c\u00f3 c\u00e1c k\u1ef9 n\u0103ng v\u00e0 chuy\u00ean m\u00f4n c\u1ea7n thi\u1ebft \u0111\u1ec3 gi\u00fap b\u1ea1n \u0111\u1ea1t \u0111\u01b0\u1ee3c m\u1ee5c ti\u00eau c\u1ee7a m\u00ecnh. Li\u00ean h\u1ec7 v\u1edbi ch\u00fang t\u00f4i ngay h\u00f4m nay \u0111\u1ec3 bi\u1ebft th\u00eam th\u00f4ng tin ho\u1eb7c \u0111\u1ec3 b\u1eaft \u0111\u1ea7u!<\/p>\n<h3 style=\"text-align: center;\">Tin t\u1eb7c m\u1ea1ng x\u00e3 h\u1ed9i<\/h3>\n<p style=\"text-align: center;\">B\u1ea1n c\u00f3 mu\u1ed1n thu\u00ea m\u1ed9t hacker cho m\u1ea1ng x\u00e3 h\u1ed9i kh\u00f4ng? N\u1ebfu v\u1eady, b\u1ea1n \u0111\u00e3 \u0111\u1ebfn \u0111\u00fang n\u01a1i r\u1ed3i. T\u1ea1i cyber lord, ch\u00fang t\u00f4i cung c\u1ea5p nhi\u1ec1u d\u1ecbch v\u1ee5 bao g\u1ed3m c\u1ea3 hack m\u1ea1ng x\u00e3 h\u1ed9i. Ch\u00fang t\u00f4i c\u00f3 m\u1ed9t \u0111\u1ed9i ng\u0169 chuy\u00ean gia c\u00f3 k\u1ef9 n\u0103ng trong l\u0129nh v\u1ef1c n\u00e0y v\u00e0 c\u00f3 th\u1ec3 gi\u00fap b\u1ea1n \u0111\u1ea1t \u0111\u01b0\u1ee3c k\u1ebft qu\u1ea3 mong mu\u1ed1n.<\/p>\n<p style=\"text-align: center;\">Hire Anonymous Hackers l\u00e0 d\u1ecbch v\u1ee5 thu\u00ea hacker. Ch\u00fang t\u00f4i cung c\u1ea5p tin t\u1eb7c m\u1ea1ng x\u00e3 h\u1ed9i, tin t\u1eb7c \u0111\u1ed9c h\u1ea1i v\u00e0 nh\u1eefng ng\u01b0\u1eddi t\u1ed1t \u0111\u1ec3 t\u00ecm l\u1ed7 h\u1ed5ng, kh\u00f4i ph\u1ee5c t\u00e0i kho\u1ea3n Facebook v\u00e0 truy c\u1eadp c\u00e1c c\u00f4ng c\u1ee5 v\u00e0 th\u00f4ng tin web. Ch\u00fang t\u00f4i c\u00f3 nhi\u1ec1u k\u1ef9 n\u0103ng v\u00e0 c\u00f4ng c\u1ee5 kh\u00e1c nhau \u0111\u1ec3 gi\u00fap kh\u00e1ch h\u00e0ng. Ch\u00fang t\u00f4i cam k\u1ebft cung c\u1ea5p d\u1ecbch v\u1ee5 t\u1ed1t nh\u1ea5t c\u00f3 th\u1ec3 cho kh\u00e1ch h\u00e0ng v\u00e0 cung c\u1ea5p gi\u00e1 c\u1ea3 c\u1ea1nh tranh.<\/p>\n<h3 style=\"text-align: center;\">Hack c\u1ea5p tr\u01b0\u1eddng<\/h3>\n<p style=\"text-align: center;\">N\u1ebfu b\u1ea1n gi\u1ed1ng nh\u01b0 h\u1ea7u h\u1ebft m\u1ecdi ng\u01b0\u1eddi, b\u1ea1n c\u00f3 th\u1ec3 ngh\u0129 r\u1eb1ng \u0111i\u1ec3m s\u1ed1 \u1edf tr\u01b0\u1eddng l\u00e0 th\u01b0\u1edbc \u0111o m\u1ee9c \u0111\u1ed9 b\u1ea1n \u0111\u00e3 h\u1ecdc t\u1ed1t nh\u01b0 th\u1ebf n\u00e0o trong l\u1edbp. Nh\u01b0ng n\u1ebfu c\u00f3 c\u00e1ch \u0111\u1ec3 \u0111\u1ea1t \u0111i\u1ec3m cao h\u01a1n m\u00e0 kh\u00f4ng c\u1ea7n th\u1ef1c s\u1ef1 h\u1ecdc hay l\u00e0m th\u00eam b\u1ea5t k\u1ef3 b\u00e0i t\u1eadp n\u00e0o th\u00ec sao? Tin hay kh\u00f4ng th\u00ec t\u00f9y, c\u00f3 \u0111\u1ea5y \u2013 v\u00e0 tin t\u1eb7c l\u00e0 nh\u1eefng ng\u01b0\u1eddi c\u00f3 th\u1ec3 l\u00e0m \u0111\u01b0\u1ee3c \u0111i\u1ec1u \u0111\u00f3! Thu\u00ea tin t\u1eb7c c\u1ee7a ch\u00fang t\u00f4i \u0111\u1ec3 thay \u0111\u1ed5i \u0111i\u1ec3m s\u1ed1 v\u00e0 tin t\u1eb7c h\u1ee3p ph\u00e1p. Tin t\u1eb7c \u0111\u01b0\u1ee3c thu\u00ea \u0111\u1ec3 thay \u0111\u1ed5i \u0111i\u1ec3m s\u1ed1 l\u00e0 chuy\u00ean gia n\u1ed5i ti\u1ebfng l\u00e0 tin t\u1eb7c m\u00e1y t\u00ednh.<\/p>\n<h4 style=\"text-align: center;\">Hack c\u1ea5p tr\u01b0\u1eddng<\/h4>\n<p style=\"text-align: center;\">Thu\u00ea d\u1ecbch v\u1ee5 tin t\u1eb7c gi\u00fap m\u1ecdi ng\u01b0\u1eddi thay \u0111\u1ed5i \u0111i\u1ec3m \u0111\u1ea1i h\u1ecdc, \u0111i\u1ec3m tr\u01b0\u1eddng v\u00e0 tr\u00e1nh vi ph\u1ea1m b\u1ea3o m\u1eadt. Ch\u00fang t\u00f4i c\u00f3 m\u1ed9t nh\u00f3m tin t\u1eb7c gi\u00e0u kinh nghi\u1ec7m, nh\u1eefng chuy\u00ean gia t\u00ecm l\u1ed7 h\u1ed5ng b\u1ea3o m\u1eadt trong c\u01a1 s\u1edf d\u1eef li\u1ec7u v\u00e0 trang web c\u1ee7a tr\u01b0\u1eddng \u0111\u1ea1i h\u1ecdc. Ch\u00fang t\u00f4i cung c\u1ea5p d\u1ecbch v\u1ee5 k\u1ef9 n\u0103ng tin t\u1eb7c cho b\u1ea5t k\u1ef3 ai c\u1ea7n v\u00e0 ch\u00fang t\u00f4i \u0111\u1ea3m b\u1ea3o r\u1eb1ng c\u00f4ng vi\u1ec7c c\u1ee7a ch\u00fang t\u00f4i c\u00f3 ch\u1ea5t l\u01b0\u1ee3ng cao nh\u1ea5t.<\/p>\n<p style=\"text-align: center;\">Thu\u00ea Anonymous Hackers l\u00e0 d\u1ecbch v\u1ee5 hack chuy\u00ean nghi\u1ec7p gi\u00fap sinh vi\u00ean thay \u0111\u1ed5i \u0111i\u1ec3m s\u1ed1, h\u1ed3 s\u01a1 h\u1ecdc t\u1eadp v\u00e0 b\u1ea3ng \u0111i\u1ec3m \u0111\u1ea1i h\u1ecdc. Ch\u00fang t\u00f4i c\u0169ng cung c\u1ea5p d\u1ecbch v\u1ee5 t\u01b0 v\u1ea5n b\u1ea3o m\u1eadt cho c\u00e1c tr\u01b0\u1eddng \u0111\u1ea1i h\u1ecdc v\u00e0 doanh nghi\u1ec7p \u0111\u1ec3 gi\u00fap h\u1ecd tr\u00e1nh c\u00e1c cu\u1ed9c t\u1ea5n c\u00f4ng m\u1ea1ng.<\/p>\n<p style=\"text-align: center;\">Ch\u00fang t\u00f4i c\u0169ng cung c\u1ea5p c\u00e1c h\u1ec7 th\u1ed1ng ph\u00e1t hi\u1ec7n x\u00e2m nh\u1eadp, th\u1eed nghi\u1ec7m th\u00e2m nh\u1eadp v\u00e0 d\u1ecbch v\u1ee5 hack \u0111\u1ea1o \u0111\u1ee9c. Ch\u00fang t\u00f4i s\u1eed d\u1ee5ng c\u00e1c k\u1ef9 thu\u1eadt t\u01b0\u01a1ng t\u1ef1 nh\u01b0 tin t\u1eb7c \u0111\u1ed9c h\u1ea1i, nh\u01b0ng ch\u00fang t\u00f4i th\u1ef1c hi\u1ec7n m\u1ed9t c\u00e1ch c\u00f3 \u0111\u1ea1o \u0111\u1ee9c v\u00e0 v\u1edbi s\u1ef1 cho ph\u00e9p c\u1ee7a b\u1ea1n.<\/p>\n<div class=\"elementor-element elementor-element-f91317e elementor-widget elementor-widget-heading\" data-id=\"f91317e\" data-element_type=\"widget\" data-widget_type=\"heading.default\">\n<div class=\"elementor-widget-container\">\n<h3 class=\"elementor-heading-title elementor-size-default\" style=\"text-align: center;\">Ki\u1ec3m tra b\u1ea3o m\u1eadt trang web<\/h3>\n<p style=\"text-align: center;\">Thu\u00ea Anonymous Hackers l\u00e0 m\u1ed9t nh\u00f3m hacker chuy\u00ean nghi\u1ec7p \u0111\u1ea1o \u0111\u1ee9c cung c\u1ea5p d\u1ecbch v\u1ee5 ki\u1ec3m tra b\u1ea3o m\u1eadt trang web, ph\u00e1t hi\u1ec7n x\u00e2m nh\u1eadp v\u00e0 th\u1ef1c hi\u1ec7n ki\u1ec3m tra th\u00e2m nh\u1eadp. Ch\u00fang t\u00f4i c\u0169ng cung c\u1ea5p ki\u1ec3m to\u00e1n b\u1ea3o m\u1eadt v\u00e0 ph\u00e2n t\u00edch d\u1eef li\u1ec7u l\u01b0u l\u01b0\u1ee3ng m\u1ea1ng. M\u1ee5c ti\u00eau c\u1ee7a ch\u00fang t\u00f4i l\u00e0 gi\u00fap kh\u00e1ch h\u00e0ng c\u1ea3i thi\u1ec7n t\u00ecnh h\u00ecnh b\u1ea3o m\u1eadt v\u00e0 b\u1ea3o v\u1ec7 t\u00e0i s\u1ea3n tr\u1ef1c tuy\u1ebfn c\u1ee7a h\u1ecd.<\/p>\n<p style=\"text-align: center;\">Khi n\u00f3i \u0111\u1ebfn vi\u1ec7c hack, nhi\u1ec1u ng\u01b0\u1eddi ngh\u0129 \u0111\u1ebfn c\u00e1c ho\u1ea1t \u0111\u1ed9ng \u0111\u1ed9c h\u1ea1i nh\u01b0 \u0111\u00e1nh c\u1eafp danh t\u00ednh c\u1ee7a ai \u0111\u00f3 ho\u1eb7c \u0111\u1ed9t nh\u1eadp v\u00e0o h\u1ec7 th\u1ed1ng m\u00e1y t\u00ednh. Tuy nhi\u00ean, c\u00f3 m\u1ed9t ng\u00e0nh c\u00f4ng nghi\u1ec7p tin t\u1eb7c chuy\u00ean nghi\u1ec7p \u0111ang ph\u00e1t tri\u1ec3n, cung c\u1ea5p d\u1ecbch v\u1ee5 cho c\u00e1c doanh nghi\u1ec7p v\u00e0 c\u00e1 nh\u00e2n mu\u1ed1n x\u00e2m nh\u1eadp v\u00e0o b\u1ea3o m\u1eadt trang web c\u1ee7a h\u1ecd. M\u1eb7c d\u00f9 vi\u1ec7c thu\u00ea m\u1ed9t tin t\u1eb7c c\u00f3 v\u1ebb l\u00e0 m\u1ed9t c\u00e1ch d\u1ec5 d\u00e0ng \u0111\u1ec3 kh\u1eafc ph\u1ee5c c\u00e1c v\u1ea5n \u0111\u1ec1 b\u1ea3o m\u1eadt c\u1ee7a b\u1ea1n, nh\u01b0ng \u0111i\u1ec1u quan tr\u1ecdng l\u00e0 ph\u1ea3i b\u1ea3o v\u1ec7 c\u01a1 s\u1edf d\u1eef li\u1ec7u c\u1ee7a b\u1ea1n kh\u1ecfi c\u00e1c cu\u1ed9c t\u1ea5n c\u00f4ng \u0111\u1ed9c h\u1ea1i.<\/p>\n<h3 style=\"text-align: center;\">D\u1ecbch v\u1ee5 hack Facebook<\/h3>\n<p style=\"text-align: center;\">B\u1ea1n c\u00f3 lo l\u1eafng v\u1ec1 t\u00ednh b\u1ea3o m\u1eadt c\u1ee7a t\u00e0i kho\u1ea3n Facebook c\u1ee7a m\u00ecnh kh\u00f4ng? B\u1ea1n c\u00f3 mu\u1ed1n \u0111\u1ea3m b\u1ea3o r\u1eb1ng t\u00e0i kho\u1ea3n c\u1ee7a m\u00ecnh an to\u00e0n v\u00e0 b\u1ea3o m\u1eadt kh\u00f4ng? N\u1ebfu v\u1eady, b\u1ea1n c\u00f3 th\u1ec3 c\u00e2n nh\u1eafc thu\u00ea m\u1ed9t hacker \u0111\u1ec3 hack Facebook cho m\u00ecnh. C\u00f3 m\u1ed9t s\u1ed1 d\u1ecbch v\u1ee5 hack kh\u00e1c nhau cung c\u1ea5p lo\u1ea1i d\u1ecbch v\u1ee5 n\u00e0y v\u00e0 \u0111\u00e2y c\u00f3 th\u1ec3 l\u00e0 m\u1ed9t c\u00e1ch tuy\u1ec7t v\u1eddi \u0111\u1ec3 \u0111\u1ea3m b\u1ea3o r\u1eb1ng t\u00e0i kho\u1ea3n c\u1ee7a b\u1ea1n an to\u00e0n nh\u1ea5t c\u00f3 th\u1ec3. Tuy nhi\u00ean, tr\u01b0\u1edbc khi thu\u00ea m\u1ed9t hacker, \u0111i\u1ec1u quan tr\u1ecdng l\u00e0 b\u1ea1n ph\u1ea3i nghi\u00ean c\u1ee9u v\u00e0 \u0111\u1ea3m b\u1ea3o r\u1eb1ng b\u1ea1n ch\u1ecdn \u0111\u00fang d\u1ecbch v\u1ee5.<\/p>\n<h3 style=\"text-align: center;\">Thu\u00ea m\u1ed9t hacker cho WhatsApp<\/h3>\n<p style=\"text-align: center;\">C\u00f3 th\u1ec3 thu\u00ea tin t\u1eb7c \u0111\u1ec3 gi\u00fap th\u1ef1c hi\u1ec7n nhi\u1ec1u nhi\u1ec7m v\u1ee5 kh\u00e1c nhau, bao g\u1ed3m c\u1ea3 vi\u1ec7c truy c\u1eadp v\u00e0o tin nh\u1eafn WhatsApp. N\u1ebfu b\u1ea1n \u0111ang t\u00ecm ng\u01b0\u1eddi gi\u00fap b\u1ea1n v\u1edbi tin t\u1eb7c WhatsApp ho\u1eb7c n\u1ebfu b\u1ea1n mu\u1ed1n ai \u0111\u00f3 gi\u00fap b\u1ea1n theo d\u00f5i tin nh\u1eafn c\u1ee7a \u0111\u1ed1i t\u00e1c, th\u00ec tin t\u1eb7c l\u00e0 gi\u1ea3i ph\u00e1p ho\u00e0n h\u1ea3o. Li\u00ean h\u1ec7 v\u1edbi tin t\u1eb7c \u0111i\u1ec7n tho\u1ea1i c\u1ee7a ch\u00fang t\u00f4i c\u00f3 s\u1eb5n \u0111\u1ec3 thu\u00ea.<\/p>\n<h4 style=\"text-align: center;\">Y\u00eau c\u1ea7u hack h\u00e0ng \u0111\u1ea7u<br \/>\nD\u00f9 v\u00ec l\u00fd do g\u00ec, vi\u1ec7c hack c\u00f3 th\u1ec3 di\u1ec5n ra nhanh ch\u00f3ng v\u00e0 d\u1ec5 d\u00e0ng n\u1ebfu b\u1ea1n bi\u1ebft t\u00ecm \u1edf \u0111\u00e2u.<\/h4>\n<p style=\"text-align: center;\">D\u1ecbch v\u1ee5 hack \u0111i\u1ec7n tho\u1ea1i<br \/>\nD\u1ecbch v\u1ee5 hack Facebook<br \/>\nTin t\u1eb7c m\u1ea1ng x\u00e3 h\u1ed9i<br \/>\nThu\u00ea m\u1ed9t hacker cho WhatsApp<br \/>\nHack c\u1ea5p tr\u01b0\u1eddng<br \/>\nHack Instagram<\/p>\n<p>&nbsp;<\/p>\n<\/div>\n<\/div>\n<p>&nbsp;<\/p>\n<p>&nbsp;<\/p>\n\t\t<\/div>\n\t\t\n<style>\n#col-1102104332 > .col-inner {\n  padding: 50px 20px 0px 20px;\n  margin: -0 0px 0px 0px;\n}\n@media (min-width:550px) {\n  #col-1102104332 > .col-inner {\n    padding: 50px 20px 30px 20px;\n    margin: 0 0px 0px 0px;\n  }\n}\n@media (min-width:850px) {\n  #col-1102104332 > .col-inner {\n    padding: 66px 5% 16px 5%;\n    margin: -135px 0px 0px 0px;\n  }\n}\n<\/style>\n\t<\/div>\n\n\t\n<\/div>","protected":false},"excerpt":{"rendered":"","protected":false},"author":1,"featured_media":819,"parent":0,"menu_order":0,"comment_status":"closed","ping_status":"closed","template":"page-blank.php","meta":{"_acf_changed":false,"footnotes":""},"class_list":["post-14","page","type-page","status-publish","has-post-thumbnail","hentry"],"acf":[],"_links":{"self":[{"href":"https:\/\/hireanonymoushackers.com\/vi\/wp-json\/wp\/v2\/pages\/14","targetHints":{"allow":["GET"]}}],"collection":[{"href":"https:\/\/hireanonymoushackers.com\/vi\/wp-json\/wp\/v2\/pages"}],"about":[{"href":"https:\/\/hireanonymoushackers.com\/vi\/wp-json\/wp\/v2\/types\/page"}],"author":[{"embeddable":true,"href":"https:\/\/hireanonymoushackers.com\/vi\/wp-json\/wp\/v2\/users\/1"}],"replies":[{"embeddable":true,"href":"https:\/\/hireanonymoushackers.com\/vi\/wp-json\/wp\/v2\/comments?post=14"}],"version-history":[{"count":29,"href":"https:\/\/hireanonymoushackers.com\/vi\/wp-json\/wp\/v2\/pages\/14\/revisions"}],"predecessor-version":[{"id":1000,"href":"https:\/\/hireanonymoushackers.com\/vi\/wp-json\/wp\/v2\/pages\/14\/revisions\/1000"}],"wp:featuredmedia":[{"embeddable":true,"href":"https:\/\/hireanonymoushackers.com\/vi\/wp-json\/wp\/v2\/media\/819"}],"wp:attachment":[{"href":"https:\/\/hireanonymoushackers.com\/vi\/wp-json\/wp\/v2\/media?parent=14"}],"curies":[{"name":"wp","href":"https:\/\/api.w.org\/{rel}","templated":true}]}}