{"id":14,"date":"2020-12-16T12:05:52","date_gmt":"2020-12-16T12:05:52","guid":{"rendered":"http:\/\/cocaineforsaleonline.com\/?page_id=14"},"modified":"2025-11-16T08:59:02","modified_gmt":"2025-11-16T08:59:02","slug":"bir-hacker-kiralamak","status":"publish","type":"page","link":"https:\/\/hireanonymoushackers.com\/tr\/bir-hacker-kiralamak\/","title":{"rendered":"\u0130leti\u015fim"},"content":{"rendered":"<div class=\"row row-collapse row-full-width\"  id=\"row-1419733775\">\n\n\t<div id=\"col-552833919\" class=\"col small-12 large-12\"  >\n\t\t<div class=\"col-inner\"  >\n\t\t\t\n\t\t\t\n\t<section class=\"section\" id=\"section_859551685\">\n\t\t<div class=\"bg section-bg fill bg-fill\" >\n\n\t\t\t\n\t\t\t<div class=\"section-bg-overlay absolute fill\"><\/div>\n\t\t\t\n\n\t\t<\/div>\n\n\t\t<div class=\"section-content relative\">\n\t\t\t\n<div class=\"row row-collapse align-center\" style=\"max-width:\" id=\"row-461810326\">\n\n\t<div id=\"col-318757060\" class=\"col small-12 large-12\"  >\n\t\t<div class=\"col-inner text-center dark\"  >\n\t\t\t\n\t\t\t\n<h1><span style=\"font-size: 250%;\">\u0130leti\u015fim<\/span><\/h1>\n<p class=\"lead\"><span style=\"font-size: 120%;\">Bize mesaj g\u00f6nderin<\/span><\/p>\n\t\t<\/div>\n\t\t\n<style>\n#col-318757060 > .col-inner {\n  padding: 100px 20px 200px 0px;\n}\n@media (min-width:550px) {\n  #col-318757060 > .col-inner {\n    padding: 100px 0px 200px 0px;\n  }\n}\n<\/style>\n\t<\/div>\n\n\t\n<\/div>\n\t\t<\/div>\n\n\t\t\n<style>\n#section_859551685 {\n  padding-top: 0px;\n  padding-bottom: 0px;\n  min-height: 0px;\n}\n#section_859551685 .section-bg-overlay {\n  background-color: rgba(0, 0, 0, 0.12);\n}\n#section_859551685 .section-bg.bg-loaded {\n  background-image: 28;\n}\n#section_859551685 .section-bg {\n  background-position: 55% 100%;\n}\n@media (min-width:550px) {\n  #section_859551685 {\n    padding-top: 0px;\n    padding-bottom: 0px;\n  }\n  #section_859551685 .section-bg-overlay {\n    background-color: rgba(0, 0, 0, 0.21);\n  }\n}\n@media (min-width:850px) {\n  #section_859551685 {\n    padding-top: 100px;\n    padding-bottom: 100px;\n  }\n  #section_859551685 .section-bg-overlay {\n    background-color: rgba(0,0,0,.5);\n  }\n}\n<\/style>\n\t<\/section>\n\t\n\t\t<\/div>\n\t\t\n<style>\n#col-552833919 > .col-inner {\n  padding: 0px 30px 0px 30px;\n}\n<\/style>\n\t<\/div>\n\n\t\n<\/div>\n<div class=\"row row-large\" style=\"max-width:1400px\" id=\"row-1776177918\">\n\n\t<div id=\"col-509946721\" class=\"col small-12 large-12\"  >\n\t\t<div class=\"col-inner\" style=\"background-color:rgb(255, 255, 255);\" >\n\t\t\t\n\t\t\t\n<div class=\"row row-collapse row-full-width\"  id=\"row-271449928\">\n<style>\n#row-271449928 > .col > .col-inner {\n  padding: 0px 15px 0px 15px;\n}\n<\/style>\n<\/div>\n\n\t<div id=\"col-713760384\" class=\"col medium-12 small-12 large-6\"  >\n\t\t<div class=\"col-inner\"  >\n\t\t\t\n\t\t\t\t\t<\/div>\n\t\t\n<style>\n#col-713760384 > .col-inner {\n  padding: 0px 0px 0px 20px;\n}\n<\/style>\n\t<\/div>\n\n\t\n<h2><span style=\"font-size: 120%;\">Bize Ula\u015f\u0131n<\/span><\/h2>\n<p><strong>Email:dk8ayz@proton.me<\/strong><\/p>\n\t<div id=\"gap-887635234\" class=\"gap-element clearfix\" style=\"display:block; height:auto;\">\n\t\t\n<style>\n#gap-887635234 {\n  padding-top: 20px;\n}\n@media (min-width:550px) {\n  #gap-887635234 {\n    padding-top: 20px;\n  }\n}\n@media (min-width:850px) {\n  #gap-887635234 {\n    padding-top: 30px;\n  }\n}\n<\/style>\n\t<\/div>\n\t\n<div class=\"row\"  id=\"row-2002520522\"><\/div>\n\n\t<div id=\"col-785016670\" class=\"col medium-6 small-12 large-6\"  >\n\t\t<div class=\"col-inner\"  >\n\t\t\t\n\t\t\t\t\t<\/div>\n\t\t\t<\/div>\n\n\t\n<p>&nbsp;<\/p>\n<h2 style=\"text-align: center;\">Bir Hacker Kiralay\u0131n<\/h2>\n<div class=\"elementor-element elementor-element-ea57f42 elementor-widget elementor-widget-text-editor\" data-id=\"ea57f42\" data-element_type=\"widget\" data-widget_type=\"text-editor.default\">\n<div class=\"elementor-widget-container\">Hire Anonymous Hackers, m\u00fc\u015fterilerine en iyi m\u00fc\u015fteri deneyimini sa\u011flamada etkili olan teknoloji tabanl\u0131 bir teknik destektir. Bir cep telefonunu hacklemek, k\u0131sa mesaj g\u00f6ndermek veya casus yaz\u0131l\u0131mla e-posta g\u00f6ndermek gibi \u00e7e\u015fitli hizmetler sunuyoruz Bu \u015firket, ili\u015fki sorunuyla kar\u015f\u0131 kar\u015f\u0131ya olan insanlar i\u00e7in hayat\u0131 kolayla\u015ft\u0131rmay\u0131 ama\u00e7lamaktad\u0131r.<\/div>\n<div><\/div>\n<\/div>\n<div class=\"elementor-element elementor-element-ed07b83 elementor-widget elementor-widget-text-editor\" data-id=\"ed07b83\" data-element_type=\"widget\" data-widget_type=\"text-editor.default\">\n<div class=\"elementor-widget-container\">\u00d6zel ihtiya\u00e7lar\u0131n\u0131z i\u00e7in kiralayabilece\u011finiz en iyi bilgisayar korsanl\u0131\u011f\u0131 uzmanlar\u0131y\u0131z. Birinin telefonunun m\u00fctevaz\u0131 bir \u015fekilde izlenmesinden k\u00f6t\u00fc niyetli olarak kan\u0131tlar\u0131 yok etmeye kadar. Etraf\u0131n\u0131zdaki en iyi bilgisayar korsanlar\u0131yla sizi koruyoruz!<\/div>\n<\/div>\n<h3 style=\"text-align: center;\">Bir Hacker Nas\u0131l \u0130\u015fe Al\u0131n\u0131r<\/h3>\n<p>Hacker koleksiyonumuzdan ucuza bir hacker kiralamak ister misiniz? Bize neye ihtiyac\u0131n\u0131z oldu\u011funu s\u00f6yleyin: Ne t\u00fcr bilgisayar korsanl\u0131\u011f\u0131 hizmetlerine ihtiya\u00e7 duydu\u011funuzu a\u00e7\u0131klay\u0131n. \u0130\u015f i\u00e7in do\u011fru hacker'\u0131 bulaca\u011f\u0131z. Sizi, i\u015fi yapmak i\u00e7in gereken beceri ve deneyime sahip sertifikal\u0131 bir etik hacker ile e\u015fle\u015ftirece\u011fiz. Verileriniz bizimle g\u00fcvende. T\u00fcm bilgisayar korsanlar\u0131m\u0131z, kat\u0131 etik standartlara ba\u011fl\u0131 kalan y\u00fcksek e\u011fitimli profesyonellerdir. Bize \u015fu adresten ula\u015f\u0131n <a href=\"https:\/\/hireanonymoushackers.com\/tr\/bir-hacker-kiralamak\/\">\u0130leti\u015fim sayfas\u0131<\/a><\/p>\n<div class=\"elementor-element elementor-element-6d17116 elementor-widget elementor-widget-heading\" data-id=\"6d17116\" data-element_type=\"widget\" data-widget_type=\"heading.default\">\n<div class=\"elementor-widget-container\">\n<h3 class=\"elementor-heading-title elementor-size-default\" style=\"text-align: center;\">Kiral\u0131k Uzman ve G\u00fcvenilir Hackerlar<\/h3>\n<div class=\"elementor-element elementor-element-41118ff elementor-widget elementor-widget-text-editor\" data-id=\"41118ff\" data-element_type=\"widget\" data-widget_type=\"text-editor.default\">\n<div class=\"elementor-widget-container\">\n<p><a href=\"https:\/\/hireanonymoushackers.com\/tr\/\">Hireanonymoushackers.com<\/a> veritaban\u0131 s\u0131zma testi, uzaktan telefon hackleme, sosyal medya hackleme, e-posta hackleme, fon kurtarma, cep telefonu korsan\u0131 kiralama veya di\u011fer siber hackleme hizmetleri gibi BT ile ilgili \u00e7ok y\u00f6nl\u00fc hizmetler sunan bir etik bilgisayar korsanlar\u0131 ekibinden olu\u015fur.<\/p>\n<\/div>\n<\/div>\n<\/div>\n<\/div>\n<h3 style=\"text-align: center;\">Kiral\u0131k do\u011frulanm\u0131\u015f hackerlar<\/h3>\n<p style=\"text-align: center;\">Yaz\u0131l\u0131m Hacking, Penetrasyon testi, Veritaban\u0131 dampingi, Veritaban\u0131 d\u00fczenleme, Veritaban\u0131 g\u00fcvenli\u011fi, Kredi Doland\u0131r\u0131c\u0131l\u0131\u011f\u0131 Kurtarma, Windows Hacking, WIFI \u015eifre K\u0131rma, Pinterest Hacking, Kredi Puan\u0131 D\u00fczeltme, Kripto Para H\u0131rs\u0131zl\u0131\u011f\u0131, DDOS Sald\u0131r\u0131s\u0131, Etik Hacking \u00d6\u011frenme, Doxing, Ortadaki adam sald\u0131r\u0131s\u0131, Rediff mail Hacking, Yandex mail Hacking konular\u0131nda size yard\u0131mc\u0131 olabiliriz.<a href=\"https:\/\/duckduckgo.com\/\" target=\"_blank\" rel=\"noopener\">.<\/a>.<\/p>\n<h3 style=\"text-align: center;\"><span class=\"tagify__tag-text\" contenteditable=\"true\">Anonim Hackerlar\u0131 \u0130\u015fe Al\u0131n<\/span><\/h3>\n<p style=\"text-align: center;\">D\u00fcnyan\u0131n her yerinden profesyonel bilgisayar korsanlar\u0131ndan olu\u015fan bir ekibiz, karanl\u0131k web'in g\u00f6lgelerinden gizli hizmetlerle derin web'in bir alt k\u00fcmesinden evrimle\u015ftik, Ana amac\u0131m\u0131z size g\u00fcvenli ve emniyetli profesyonel bilgisayar korsanl\u0131\u011f\u0131 hizmetleri sunmakt\u0131r. A\u015fa\u011f\u0131daki Hizmetleri Kontrol Etmek \u0130\u00e7in Profesyonel Bir Hacker (Sertifikal\u0131) \u0130\u015fe Al\u0131n.<\/p>\n<p style=\"text-align: center;\"><span data-text-color=\"alert\"><strong>100% \u0130\u015fin sizi tatmin edecek \u015fekilde yap\u0131lmamas\u0131 durumunda para iade garantisi.<\/strong><\/span><\/p>\n<h3 style=\"text-align: center;\"><span class=\"tagify__tag-text\" contenteditable=\"true\">Telefon Hackleme Hizmeti<\/span><\/h3>\n<p style=\"text-align: center;\">Bir cep telefonu korsan\u0131 tutman\u0131z gerekmesinin bir\u00e7ok nedeni vard\u0131r. Belki de sizi aldat\u0131p aldatmad\u0131\u011f\u0131n\u0131 g\u00f6rmek i\u00e7in e\u015finizin cep telefonunu hacklemek istiyorsunuz. Ya da belki ticari s\u0131rlar\u0131 \u00e7almak i\u00e7in bir \u015firketin bilgisayar sistemine girmeniz gerekiyordur. Sebep ne olursa olsun, bu i\u015f i\u00e7in do\u011fru hacker'\u0131 bulmak \u00f6nemlidir. T\u00fcm bilgisayar korsanlar\u0131 e\u015fit yarat\u0131lmam\u0131\u015ft\u0131r, bu nedenle birini se\u00e7erken dikkatli olman\u0131z gerekir.<\/p>\n<h4 style=\"text-align: center;\"><span class=\"tagify__tag-text\" contenteditable=\"true\">Bir cep telefonu korsan\u0131 kiralay\u0131n<\/span><\/h4>\n<p style=\"text-align: center;\">Hire Anonymous Hackers olarak telefon, bilgisayar ve di\u011fer elektronik cihazlar\u0131n hacklenmesi konusunda y\u0131llar\u0131n deneyimine sahibiz. Hedeflerinize ula\u015fman\u0131za yard\u0131mc\u0131 olmak i\u00e7in gerekli beceri ve uzmanl\u0131\u011fa sahibiz. Daha fazla bilgi almak veya ba\u015flamak i\u00e7in bug\u00fcn bize ula\u015f\u0131n!<\/p>\n<h3 style=\"text-align: center;\">Sosyal medya korsanlar\u0131<\/h3>\n<p style=\"text-align: center;\">Sosyal medya i\u00e7in bir hacker m\u0131 ar\u0131yorsunuz? E\u011fer \u00f6yleyse, do\u011fru yere geldiniz. Cyber Lord'da sosyal medya korsanl\u0131\u011f\u0131n\u0131 da i\u00e7eren geni\u015f bir hizmet yelpazesi sunuyoruz. Bu alanda yetenekli ve arad\u0131\u011f\u0131n\u0131z sonu\u00e7lar\u0131 alman\u0131za yard\u0131mc\u0131 olabilecek uzmanlardan olu\u015fan bir ekibimiz var.<\/p>\n<p style=\"text-align: center;\">Hire Anonymous Hackers bir kiral\u0131k hacker hizmetidir. G\u00fcvenlik a\u00e7\u0131klar\u0131n\u0131 bulmak, Facebook hesaplar\u0131n\u0131 kurtarmak ve web ara\u00e7lar\u0131na ve bilgilerine eri\u015fmek i\u00e7in sosyal medya korsanlar\u0131, k\u00f6t\u00fc niyetli bilgisayar korsanlar\u0131 ve iyi adamlar sa\u011fl\u0131yoruz. M\u00fc\u015fterilerimize yard\u0131mc\u0131 olmak i\u00e7in elimizde \u00e7ok \u00e7e\u015fitli beceriler ve ara\u00e7lar bulunmaktad\u0131r. M\u00fc\u015fterilerimize m\u00fcmk\u00fcn olan en iyi hizmeti sunmaya ve rekabet\u00e7i fiyatlar sunmaya kararl\u0131y\u0131z.<\/p>\n<h3 style=\"text-align: center;\">Okul S\u0131n\u0131f\u0131 Hackleme<\/h3>\n<p style=\"text-align: center;\">\u00c7o\u011fu insan gibiyseniz, okul notlar\u0131n\u0131 muhtemelen bir derste ne kadar ba\u015far\u0131l\u0131 oldu\u011funuzun bir \u00f6l\u00e7\u00fcs\u00fc olarak d\u00fc\u015f\u00fcn\u00fcrs\u00fcn\u00fcz. Peki ya ger\u00e7ekten \u00e7al\u0131\u015fmadan ya da fazladan bir i\u015f yapmadan daha iyi notlar alman\u0131n bir yolu olsayd\u0131? \u0130ster inan\u0131n ister inanmay\u0131n, var - ve bunu yapabilecek olanlar hackerlar! Notlar\u0131 ve yasal hackerlar\u0131 de\u011fi\u015ftirmek i\u00e7in hackerlar\u0131m\u0131z\u0131 kiralay\u0131n. Notlar\u0131 de\u011fi\u015ftirmek i\u00e7in i\u015fe al\u0131nan hacker, bilgisayar korsan\u0131 olarak tan\u0131nm\u0131\u015f bir uzmand\u0131r.<\/p>\n<h4 style=\"text-align: center;\">Okul S\u0131n\u0131f\u0131 Hackleme<\/h4>\n<p style=\"text-align: center;\">\u0130nsanlar\u0131n \u00fcniversite notlar\u0131n\u0131 ve okul notlar\u0131n\u0131 de\u011fi\u015ftirmelerine ve g\u00fcvenlik ihlallerinden ka\u00e7\u0131nmalar\u0131na yard\u0131mc\u0131 olan bir hacker hizmeti kiralamak. \u00dcniversite veritabanlar\u0131 ve web sitelerindeki g\u00fcvenlik a\u00e7\u0131klar\u0131n\u0131 bulma konusunda uzman olan deneyimli bilgisayar korsanlar\u0131ndan olu\u015fan bir ekibimiz var. Bilgisayar korsanl\u0131\u011f\u0131 becerileri hizmetlerimizi ihtiyac\u0131 olan herkese sunuyoruz ve i\u015fimizin en y\u00fcksek kalitede oldu\u011funu garanti ediyoruz.<\/p>\n<p style=\"text-align: center;\">Hire Anonymous Hackers, \u00f6\u011frencilerin notlar\u0131n\u0131, okul kay\u0131tlar\u0131n\u0131 ve \u00fcniversite transkriptlerini de\u011fi\u015ftirmelerine yard\u0131mc\u0131 olan profesyonel bir bilgisayar korsanl\u0131\u011f\u0131 hizmetidir. Ayr\u0131ca \u00fcniversitelere ve i\u015fletmelere siber sald\u0131r\u0131lardan ka\u00e7\u0131nmalar\u0131na yard\u0131mc\u0131 olmak i\u00e7in g\u00fcvenlik dan\u0131\u015fmanl\u0131\u011f\u0131 da sunuyoruz.<\/p>\n<p style=\"text-align: center;\">Ayr\u0131ca izinsiz giri\u015f tespit sistemleri, s\u0131zma testi ve etik bilgisayar korsanl\u0131\u011f\u0131 hizmetleri de sunuyoruz. K\u00f6t\u00fc niyetli bilgisayar korsanlar\u0131yla ayn\u0131 teknikleri kullan\u0131yoruz, ancak bunu etik olarak ve sizin izninizle yap\u0131yoruz.<\/p>\n<div class=\"elementor-element elementor-element-f91317e elementor-widget elementor-widget-heading\" data-id=\"f91317e\" data-element_type=\"widget\" data-widget_type=\"heading.default\">\n<div class=\"elementor-widget-container\">\n<h3 class=\"elementor-heading-title elementor-size-default\" style=\"text-align: center;\">Web Sitesi G\u00fcvenli\u011fini Test Edin<\/h3>\n<p style=\"text-align: center;\">Hire Anonymous Hackers, web sitesi g\u00fcvenli\u011fini test etmek, izinsiz giri\u015fleri tespit etmek ve s\u0131zma testi yapmak i\u00e7in hizmet veren profesyonel etik bilgisayar korsanlar\u0131ndan olu\u015fan bir ekiptir. Ayr\u0131ca g\u00fcvenlik denetimleri ve a\u011f trafi\u011fi veri analizi de sunuyoruz. Amac\u0131m\u0131z, m\u00fc\u015fterilerimizin g\u00fcvenlik duru\u015flar\u0131n\u0131 iyile\u015ftirmelerine ve \u00e7evrimi\u00e7i varl\u0131klar\u0131n\u0131 korumalar\u0131na yard\u0131mc\u0131 olmakt\u0131r.<\/p>\n<p style=\"text-align: center;\">Bilgisayar korsanl\u0131\u011f\u0131 denildi\u011finde pek \u00e7ok ki\u015finin akl\u0131na birinin kimli\u011fini \u00e7almak veya bilgisayar sistemlerine girmek gibi k\u00f6t\u00fc niyetli faaliyetler gelir. Ancak, Web sitelerinin g\u00fcvenli\u011fini a\u015fmak isteyen i\u015fletmelere ve bireylere hizmetlerini sunan profesyonel bilgisayar korsanlar\u0131ndan olu\u015fan ve giderek b\u00fcy\u00fcyen bir sekt\u00f6r vard\u0131r. Bir hacker kiralamak g\u00fcvenlik sorunlar\u0131n\u0131z\u0131 \u00e7\u00f6zmenin kolay bir yolu gibi g\u00f6r\u00fcnse de, veritaban\u0131n\u0131z\u0131 k\u00f6t\u00fc niyetli sald\u0131r\u0131lara kar\u015f\u0131 korumak \u00f6nemlidir.<\/p>\n<h3 style=\"text-align: center;\">Facebook Hackleme Hizmeti<\/h3>\n<p style=\"text-align: center;\">Facebook hesab\u0131n\u0131z\u0131n g\u00fcvenli\u011fi konusunda endi\u015feli misiniz? Hesab\u0131n\u0131z\u0131n g\u00fcvenli ve emniyetli oldu\u011fundan emin olmak m\u0131 istiyorsunuz? E\u011fer \u00f6yleyse, Facebook'u sizin i\u00e7in hacklemesi i\u00e7in bir hacker kiralamay\u0131 d\u00fc\u015f\u00fcnebilirsiniz. Bu t\u00fcr bir hizmet sunan \u00e7ok say\u0131da farkl\u0131 bilgisayar korsanl\u0131\u011f\u0131 hizmeti vard\u0131r ve hesab\u0131n\u0131z\u0131n m\u00fcmk\u00fcn oldu\u011funca g\u00fcvende olmas\u0131n\u0131 sa\u011flamak i\u00e7in harika bir yol olabilir. Ancak bir bilgisayar korsan\u0131n\u0131 i\u015fe almadan \u00f6nce ara\u015ft\u0131rma yapman\u0131z ve do\u011fru hizmeti se\u00e7ti\u011finizden emin olman\u0131z \u00f6nemlidir.<\/p>\n<h3 style=\"text-align: center;\">WhatsApp i\u00e7in bir hacker kiralay\u0131n<\/h3>\n<p style=\"text-align: center;\">Hackerlar, WhatsApp mesajlar\u0131na eri\u015fim sa\u011flamak da dahil olmak \u00fczere \u00e7e\u015fitli g\u00f6revlerde yard\u0131mc\u0131 olmalar\u0131 i\u00e7in kiralanabilir. WhatsApp hacker'\u0131n\u0131z konusunda size yard\u0131mc\u0131 olacak birini ar\u0131yorsan\u0131z veya partnerinizin mesajlar\u0131n\u0131 g\u00f6zetlemenize yard\u0131mc\u0131 olacak birini istiyorsan\u0131z, o zaman bir hacker m\u00fckemmel bir \u00e7\u00f6z\u00fcmd\u00fcr. Kiral\u0131k telefon korsanlar\u0131m\u0131zla ileti\u015fime ge\u00e7in.<\/p>\n<h4 style=\"text-align: center;\">En \u0130yi Hackleme Talebi<br \/>\nSebep ne olursa olsun, nereye bakaca\u011f\u0131n\u0131z\u0131 biliyorsan\u0131z bilgisayar korsanl\u0131\u011f\u0131 h\u0131zl\u0131 ve kolay bir s\u00fcre\u00e7 olabilir.<\/h4>\n<p style=\"text-align: center;\">Telefon Hackleme Hizmeti<br \/>\nFacebook Hackleme Hizmeti<br \/>\nSosyal medya korsan\u0131<br \/>\nWhatsApp i\u00e7in bir hacker kiralay\u0131n<br \/>\nOkul S\u0131n\u0131f\u0131 Hackleme<br \/>\nInstagram'\u0131 Hackleyin<\/p>\n<p>&nbsp;<\/p>\n<\/div>\n<\/div>\n<p>&nbsp;<\/p>\n<p>&nbsp;<\/p>\n\t\t<\/div>\n\t\t\n<style>\n#col-509946721 > .col-inner {\n  padding: 50px 20px 0px 20px;\n  margin: -0 0px 0px 0px;\n}\n@media (min-width:550px) {\n  #col-509946721 > .col-inner {\n    padding: 50px 20px 30px 20px;\n    margin: 0 0px 0px 0px;\n  }\n}\n@media (min-width:850px) {\n  #col-509946721 > .col-inner {\n    padding: 66px 5% 16px 5%;\n    margin: -135px 0px 0px 0px;\n  }\n}\n<\/style>\n\t<\/div>\n\n\t\n<\/div>","protected":false},"excerpt":{"rendered":"","protected":false},"author":1,"featured_media":819,"parent":0,"menu_order":0,"comment_status":"closed","ping_status":"closed","template":"page-blank.php","meta":{"_acf_changed":false,"footnotes":""},"class_list":["post-14","page","type-page","status-publish","has-post-thumbnail","hentry"],"acf":[],"_links":{"self":[{"href":"https:\/\/hireanonymoushackers.com\/tr\/wp-json\/wp\/v2\/pages\/14","targetHints":{"allow":["GET"]}}],"collection":[{"href":"https:\/\/hireanonymoushackers.com\/tr\/wp-json\/wp\/v2\/pages"}],"about":[{"href":"https:\/\/hireanonymoushackers.com\/tr\/wp-json\/wp\/v2\/types\/page"}],"author":[{"embeddable":true,"href":"https:\/\/hireanonymoushackers.com\/tr\/wp-json\/wp\/v2\/users\/1"}],"replies":[{"embeddable":true,"href":"https:\/\/hireanonymoushackers.com\/tr\/wp-json\/wp\/v2\/comments?post=14"}],"version-history":[{"count":29,"href":"https:\/\/hireanonymoushackers.com\/tr\/wp-json\/wp\/v2\/pages\/14\/revisions"}],"predecessor-version":[{"id":1000,"href":"https:\/\/hireanonymoushackers.com\/tr\/wp-json\/wp\/v2\/pages\/14\/revisions\/1000"}],"wp:featuredmedia":[{"embeddable":true,"href":"https:\/\/hireanonymoushackers.com\/tr\/wp-json\/wp\/v2\/media\/819"}],"wp:attachment":[{"href":"https:\/\/hireanonymoushackers.com\/tr\/wp-json\/wp\/v2\/media?parent=14"}],"curies":[{"name":"wp","href":"https:\/\/api.w.org\/{rel}","templated":true}]}}