{"id":10,"date":"2020-12-16T12:04:19","date_gmt":"2020-12-16T12:04:19","guid":{"rendered":"http:\/\/cocaineforsaleonline.com\/?page_id=10"},"modified":"2024-04-22T20:19:09","modified_gmt":"2024-04-22T20:19:09","slug":"home","status":"publish","type":"page","link":"https:\/\/hireanonymoushackers.com\/tr\/","title":{"rendered":"Ev"},"content":{"rendered":"<div class=\"banner has-hover show-for-small\" id=\"banner-341331802\">\n          <div class=\"banner-inner fill\">\n        <div class=\"banner-bg fill\" >\n            <div class=\"bg fill bg-fill\"><\/div>\n                                    \n                    <\/div>\n        <div class=\"banner-layers container\">\n            <div class=\"fill banner-link\"><\/div>            \n        <\/div>\n      <\/div>\n\n              <div class=\"height-fix is-invisible\"><\/div>\n            \n<style>\n#banner-341331802 {\n  background-color: rgb(247, 245, 244);\n}\n<\/style>\n  <\/div>\n\n\n\t<section class=\"section dark\" id=\"section_506722320\">\n\t\t<div class=\"bg section-bg fill bg-fill\" >\n\n\t\t\t\n\t\t\t<div class=\"section-bg-overlay absolute fill\"><\/div><button class=\"scroll-for-more z-5 icon absolute bottom h-center\"><i class=\"icon-angle-down\" style=\"font-size:42px;\"><\/i><\/button>\n\t\t\t\n\n\t\t<\/div>\n\n\t\t<div class=\"section-content relative\">\n\t\t\t\n<div class=\"row align-middle\"  id=\"row-345568056\">\n\n\t<div id=\"col-584505421\" class=\"col medium-8 small-12 large-8\"  >\n\t\t<div class=\"col-inner\"  >\n\t\t\t\n\t\t\t\n<h6 class=\"uppercase\">Bir Hacker Kiralay\u0131n<\/h6>\n<h1 style=\"font-size: 350%; line-height: 100%;\">Anonim Hackerlar\u0131 \u0130\u015fe Al\u0131n<\/h1>\n<p>Kiral\u0131k Anonim Hackerlar<\/p>\n<h1 style=\"font-size: 200%;\">Anonymous Hackers Resmi Web Sitesi<\/h1>\n<div class=\"row row-collapse\"  id=\"row-1454414077\">\n\n\t<div id=\"col-850107380\" class=\"col medium-6 small-12 large-6\"  >\n\t\t<div class=\"col-inner\"  >\n\t\t\t\n\t\t\t\n<a data-animate=\"blurIn\" href=\"https:\/\/hireanonymoushackers.com\/tr\/bir-hacker-kiralamak\/\" target=\"_self\" class=\"button secondary is-large lowercase expand\"  style=\"border-radius:4px;\">\n  <i class=\"icon-star\" ><\/i>  <span>Bize Ula\u015f\u0131n<\/span>\n  <\/a>\n\n\t\t<\/div>\n\t\t\t<\/div>\n\n\t\n\n<style>\n#row-1454414077 > .col > .col-inner {\n  padding: 0px 5px 0px 5px;\n}\n<\/style>\n<\/div>\n\t\t<\/div>\n\t\t\t<\/div>\n\n\t\n<\/div>\n\t\t<\/div>\n\n\t\t\n<style>\n#section_506722320 {\n  padding-top: 60px;\n  padding-bottom: 60px;\n  min-height: 600px;\n  background-color: rgb(255,255,255);\n}\n#section_506722320 .section-bg-overlay {\n  background-color: rgb(45, 78, 103);\n}\n#section_506722320 .section-bg.bg-loaded {\n  background-image: 28;\n}\n@media (min-width:550px) {\n  #section_506722320 .section-bg-overlay {\n    background-color: rgba(0, 0, 0, 0.5);\n  }\n}\n@media (min-width:850px) {\n  #section_506722320 .section-bg-overlay {\n    background-color: rgba(0,0,0,.5);\n  }\n}\n<\/style>\n\t<\/section>\n\t\n\t<section class=\"section\" id=\"section_1393377306\">\n\t\t<div class=\"bg section-bg fill bg-fill  bg-loaded\" >\n\n\t\t\t\n\t\t\t\n\t\t\t\n\n\t\t<\/div>\n\n\t\t<div class=\"section-content relative\">\n\t\t\t\t\t<\/div>\n\n\t\t\n<style>\n#section_1393377306 {\n  padding-top: 0px;\n  padding-bottom: 0px;\n}\n<\/style>\n\t<\/section>\n\t\n\t<div id=\"gap-575242765\" class=\"gap-element clearfix\" style=\"display:block; height:auto;\">\n\t\t\n<style>\n#gap-575242765 {\n  padding-top: 59px;\n}\n<\/style>\n\t<\/div>\n\t\n<div class=\"row\"  id=\"row-614915519\"><\/div>\n\n\t<div id=\"col-1821979171\" class=\"col small-12 large-12\"  >\n\t\t<div class=\"col-inner\"  >\n\t\t\t\n\t\t\t\t\t<\/div>\n\t\t\t<\/div>\n\n\t\n<h2 style=\"text-align: center;\">ANONIM BILGISAYAR KORSANLARI KIRALAMAK<\/h2>\n<p style=\"text-align: center;\">Bug\u00fcnlerde profesyonel bir hacker bulmak olduk\u00e7a zor ancak Hireanonymoushackers ile hacker d\u00fcnyas\u0131nda kendini kan\u0131tlam\u0131\u015f ki\u015filerle birka\u00e7 saniye i\u00e7inde ba\u011flant\u0131 kurabilirsiniz. Hack projeleriniz i\u00e7in do\u011fru hacker'\u0131 bulmakta zorlan\u0131yor musunuz? Bug\u00fcn do\u011fru hacker'\u0131 bulun <a href=\"https:\/\/hireanonymoushackers.com\/tr\/\">Hireanonymoushackers.com<\/a> Hackleme projelerinizde ba\u015far\u0131ya ula\u015fman\u0131za yard\u0131mc\u0131 olmak i\u00e7in son derece yetenekli d\u00fcnya standartlar\u0131nda profesyonel hackerlar haz\u0131r bekliyor.<\/p>\n<h3 style=\"text-align: center;\">G\u00fcvenilir Hackerlar<\/h3>\n<p style=\"text-align: center;\">Yeni tan\u0131t\u0131lan Emanet Hizmetimiz, bilgisayar korsanlar\u0131m\u0131za \u00f6deme yaparken sizi her t\u00fcrl\u00fc g\u00fcvenlik a\u00e7\u0131\u011f\u0131ndan da koruyacakt\u0131r. \u00d6demeniz, \u00f6demeyi saklama ve da\u011f\u0131tma hakk\u0131na sahip olan emanet hizmetinde g\u00fcvenli bir \u015fekilde saklanacak ve bunu yaln\u0131zca, atanan bilgisayar korsan\u0131 taraf\u0131ndan size teslim edilen i\u015ften memnun kald\u0131\u011f\u0131n\u0131zda sizin izninizle yapacakt\u0131r.<\/p>\n<p><img decoding=\"async\" class=\"wp-image-795 lazyload\" data-src=\"https:\/\/hireanonymoushackers.io\/wp-content\/uploads\/2023\/06\/5-star-300x158.jpg\" alt=\"Anonim Hackerlar\" width=\"30\" height=\"16\" data-srcset=\"https:\/\/hireanonymoushackers.com\/wp-content\/uploads\/2023\/06\/5-star-300x158.jpg 300w, https:\/\/hireanonymoushackers.com\/wp-content\/uploads\/2023\/06\/5-star-1024x539.jpg 1024w, https:\/\/hireanonymoushackers.com\/wp-content\/uploads\/2023\/06\/5-star-768x404.jpg 768w, https:\/\/hireanonymoushackers.com\/wp-content\/uploads\/2023\/06\/5-star-600x316.jpg 600w, https:\/\/hireanonymoushackers.com\/wp-content\/uploads\/2023\/06\/5-star.jpg 1520w\" data-sizes=\"(max-width: 30px) 100vw, 30px\" src=\"data:image\/svg+xml;base64,PHN2ZyB3aWR0aD0iMSIgaGVpZ2h0PSIxIiB4bWxucz0iaHR0cDovL3d3dy53My5vcmcvMjAwMC9zdmciPjwvc3ZnPg==\" style=\"--smush-placeholder-width: 30px; --smush-placeholder-aspect-ratio: 30\/16;\" \/><\/p>\n<h3 style=\"text-align: center;\">HACKER K\u0130RALA<\/h3>\n<p style=\"text-align: center;\">Biz farkl\u0131 alanlarda deneyimli profesyonel hackerlardan olu\u015fan bir ekibiz. Kaliteli, gizli hack hizmetleri ile 7 y\u0131l\u0131 a\u015fk\u0131n s\u00fcredir bireylere ve \u00f6zel kurulu\u015flara hack hizmetleri veriyoruz ve \u015fimdi hizmetlerimizi size getiriyoruz. Daha \u00f6nce dark web \u00fczerinden hack hizmeti sat\u0131n almay\u0131 denediniz mi? Sonu\u00e7lardan memnun kalmad\u0131n\u0131z m\u0131? Sadece bo\u015f vaatler ama i\u015fi yapan kimse yok mu?<\/p>\n<p style=\"text-align: center;\">O zaman i\u015flerinizi halletmek i\u00e7in en g\u00fcvenilir hackerlar olan Hire Hackers'\u0131 denemelisiniz. Di\u011ferlerinin aksine, fiyatlar\u0131m\u0131z en ucuzu de\u011fil, ancak bir i\u015fi yapamazsak, tam bir geri \u00f6deme alacaks\u0131n\u0131z<a href=\"https:\/\/duckduckgo.com\/\" target=\"_blank\" rel=\"noopener\">.<\/a><\/p>\n<h3 style=\"text-align: center;\"><span class=\"tagify__tag-text\" contenteditable=\"true\">Kiral\u0131k Hackerlar<\/span><\/h3>\n<p style=\"text-align: center;\">Hire Anonymous Hackers, d\u00fcnya \u00e7ap\u0131ndaki sevimli m\u00fc\u015fterilerimize profesyonel ve benzersiz hizmetler sunmak i\u00e7in \u00e7evrimi\u00e7i olarak mevcut olan profesyonel bir bilgisayar korsanl\u0131\u011f\u0131 grubudur. \u0130ngiltere'de bir hacker kiralay\u0131n.<\/p>\n<p style=\"text-align: center;\">Hire Anonymous Hackers'da olas\u0131 \u00e7\u00f6z\u00fcmlerin \u00f6tesinde, bu i\u015f alan\u0131nda y\u0131llarca faaliyet g\u00f6steren en iyi hack Hizmetleri sa\u011flay\u0131c\u0131lar\u0131 olarak biliniyoruz. Kiral\u0131k siyah \u015fapkal\u0131 hackerlar.<\/p>\n<p><img decoding=\"async\" class=\"wp-image-803 aligncenter lazyload\" data-src=\"https:\/\/hireanonymoushackers.io\/wp-content\/uploads\/2023\/06\/Hire-Hackers-Services-300x225.jpg\" alt=\"Hacker Kiralama Hizmetleri\" width=\"59\" height=\"44\" data-srcset=\"https:\/\/hireanonymoushackers.com\/wp-content\/uploads\/2023\/06\/Hire-Hackers-Services-300x225.jpg 300w, https:\/\/hireanonymoushackers.com\/wp-content\/uploads\/2023\/06\/Hire-Hackers-Services.jpg 350w\" data-sizes=\"(max-width: 59px) 100vw, 59px\" src=\"data:image\/svg+xml;base64,PHN2ZyB3aWR0aD0iMSIgaGVpZ2h0PSIxIiB4bWxucz0iaHR0cDovL3d3dy53My5vcmcvMjAwMC9zdmciPjwvc3ZnPg==\" style=\"--smush-placeholder-width: 59px; --smush-placeholder-aspect-ratio: 59\/44;\" \/><\/p>\n<h3 style=\"text-align: center;\">Kiral\u0131k G\u00fcvenilir Sertifikal\u0131 Etik Hackerlar<\/h3>\n<p style=\"text-align: center;\">Hacker'lar\u0131m\u0131z do\u011fu\u015ftan hacker de\u011filler, hacker'lar\u0131m\u0131z\u0131n \u00e7o\u011fu telekom, siber g\u00fcvenlik, sunucu y\u00f6netimi alan\u0131nda farkl\u0131 \u015firketler i\u00e7in 10 y\u0131ldan fazla \u00e7al\u0131\u015ft\u0131 ve hepsi olmasa da \u00e7o\u011fu farkl\u0131 uygulamalar i\u00e7in farkl\u0131 g\u00fcvenlik kurulumlar\u0131 olu\u015fturan \u015firketler i\u00e7in \u00e7al\u0131\u015fma deneyimine sahip.<\/p>\n<p style=\"text-align: center;\">Bu t\u00fcr \u015firketler i\u00e7in \u00e7al\u0131\u015fm\u0131\u015f olmak, bilgisayar korsanlar\u0131m\u0131za bir avantaj ve farkl\u0131 uygulamalar ve donan\u0131mlar i\u00e7in g\u00fcvenli\u011fin nas\u0131l i\u015fledi\u011fine dair eksiksiz bir i\u00e7g\u00f6r\u00fc sa\u011flar.<\/p>\n<h3 style=\"text-align: center;\"><span class=\"tagify__tag-text\" contenteditable=\"true\">Bir Hacker Kiralay\u0131n<\/span><\/h3>\n<p style=\"text-align: center;\">Kiral\u0131k \u015firket i\u00e7in di\u011fer hackerlarla e\u015fle\u015ftirilemeyen en kaliteli profesyonel hack hizmetleri sunuyoruz. Profesyonel bilgisayar korsanlar\u0131m\u0131z Facebook, Snapchat, Whatsapp, Twitter, Instagram, E-posta hesaplar\u0131, Gmail, Ak\u0131ll\u0131 Telefon, Web Sitesi, Veritaban\u0131 ve daha fazlas\u0131n\u0131 hacklemek i\u00e7in en geli\u015fmi\u015f hackleme tekni\u011fine sahiptir. Ayr\u0131ca \u00f6zelle\u015ftirilmi\u015f hack i\u00e7in talepte bulunabilirsiniz. Bu g\u00fcnlerde profesyonel bir hacker kiralamak zor. Yanl\u0131\u015f bilgisayar korsanl\u0131\u011f\u0131 hizmetleri i\u00e7in veya internetteki sahte bilgisayar korsanlar\u0131 taraf\u0131ndan doland\u0131r\u0131labilirsiniz. Yanl\u0131\u015f profesyonel bilgisayar korsanl\u0131\u011f\u0131 hizmetlerinin reklam\u0131n\u0131 yapan doland\u0131r\u0131c\u0131lar taraf\u0131ndan kand\u0131r\u0131lmay\u0131n.<\/p>\n<h3 style=\"text-align: center;\"><span class=\"tagify__tag-text\" contenteditable=\"true\">Profesyonel Hacking Hizmetleri<\/span><\/h3>\n<p style=\"text-align: center;\">Anonymous Hackers, hacking hizmetleriniz i\u00e7in profesyonel hackerlarla tan\u0131\u015ft\u0131\u011f\u0131n\u0131z d\u00fcnyan\u0131n en g\u00fcvenilir hacking platformu olarak ortaya \u00e7\u0131kt\u0131. Dark web'deki hackerlar\u0131m\u0131z arac\u0131l\u0131\u011f\u0131yla hackleme taleplerinizi kar\u015f\u0131lamak i\u00e7in \u00e7al\u0131\u015f\u0131yoruz. Ayr\u0131ca, hedeflerinize herhangi bir gecikme olmadan ula\u015fman\u0131z\u0131 sa\u011flamak i\u00e7in 24 saat hack hizmetleri sunuyoruz. \u00dcniversite sunucusunu hackleyin.<\/p>\n<h4 style=\"text-align: center;\">Web sitesini hacklemek i\u00e7in bir hacker kiralay\u0131n<\/h4>\n<p style=\"text-align: center;\">Lider bir bilgisayar korsanl\u0131\u011f\u0131 platformu olarak, d\u00fcnyan\u0131n d\u00f6rt bir yan\u0131ndan m\u00fc\u015fterilerimize hizmet vermekten gurur duyuyoruz. Sertifikal\u0131 hackerlar\u0131m\u0131z bizim g\u00fcc\u00fcm\u00fczd\u00fcr ve m\u00fc\u015fteri memnuniyetimiz en b\u00fcy\u00fck \u00f6nceli\u011fimizdir. Farkl\u0131 hacking alanlar\u0131nda uzmanlar\u0131m\u0131z var ve her zaman h\u0131zl\u0131 proje teslimat\u0131 sa\u011flayaca\u011f\u0131m\u0131za s\u00f6z veriyoruz. \u00c7ok \u00e7e\u015fitli hacking \u00e7\u00f6z\u00fcmleriyle, arzu etti\u011finiz hacking ba\u015far\u0131s\u0131na giden yolu a\u00e7\u0131yoruz. \u00dcniversite veritaban\u0131n\u0131 hackleyin.<\/p>\n<h3 style=\"text-align: center;\">Anonim Hackerlar<\/h3>\n<p style=\"text-align: center;\">Anonymous Hackers, Profesyonel bilgisayar korsanl\u0131\u011f\u0131 hizmetleri sunan Antonymous Hackers ekibidir. Facebook, E-posta, Web, Veritaban\u0131 veya Telefon hackleme i\u00e7in bir hacker kiralay\u0131n. Herhangi bir sosyal hesab\u0131, e-posta hesab\u0131n\u0131, telefonu, web sitesini veya veritaban\u0131n\u0131 hackleyebilen son derece yetenekli ve profesyonel bilgisayar korsanlar\u0131ndan olu\u015fan bir ekibiz. 100% m\u00fc\u015fterilerimiz i\u00e7in gizlilik ve gizlilik garantisi Facebook i\u00e7in bir bilgisayar korsan\u0131 kiralay\u0131n.<\/p>\n<p><img decoding=\"async\" class=\"wp-image-795 aligncenter lazyload\" data-src=\"https:\/\/hireanonymoushackers.io\/wp-content\/uploads\/2023\/06\/5-star-300x158.jpg\" alt=\"Anonim Hackerlar\" width=\"37\" height=\"19\" data-srcset=\"https:\/\/hireanonymoushackers.com\/wp-content\/uploads\/2023\/06\/5-star-300x158.jpg 300w, https:\/\/hireanonymoushackers.com\/wp-content\/uploads\/2023\/06\/5-star-1024x539.jpg 1024w, https:\/\/hireanonymoushackers.com\/wp-content\/uploads\/2023\/06\/5-star-768x404.jpg 768w, https:\/\/hireanonymoushackers.com\/wp-content\/uploads\/2023\/06\/5-star-600x316.jpg 600w, https:\/\/hireanonymoushackers.com\/wp-content\/uploads\/2023\/06\/5-star.jpg 1520w\" data-sizes=\"(max-width: 37px) 100vw, 37px\" src=\"data:image\/svg+xml;base64,PHN2ZyB3aWR0aD0iMSIgaGVpZ2h0PSIxIiB4bWxucz0iaHR0cDovL3d3dy53My5vcmcvMjAwMC9zdmciPjwvc3ZnPg==\" style=\"--smush-placeholder-width: 37px; --smush-placeholder-aspect-ratio: 37\/19;\" \/><\/p>\n<h3 style=\"text-align: center;\">Hacker Kiralama Hizmetleri<\/h3>\n<p style=\"text-align: center;\">Kiral\u0131k Hacker'lar\u0131m\u0131z \u00e7ok \u00e7e\u015fitli profesyonel bilgisayar korsanl\u0131\u011f\u0131 hizmetleri sunmaktad\u0131r. de\u011ferli m\u00fc\u015fterilerimiz i\u00e7in her t\u00fcrl\u00fc \u00e7evrimi\u00e7i korumay\u0131 yapmay\u0131 hedefliyoruz.<br \/>\nT\u00fcm hack ihtiya\u00e7lar\u0131n\u0131z i\u00e7in bir Hacker kiralay\u0131n. Notlar\u0131 de\u011fi\u015ftirmek i\u00e7in bir hacker kiralay\u0131n<\/p>\n<h3 style=\"text-align: center;\">SUNDU\u011eUMUZ HI\u0307ZMETLERI\u0307N LI\u0307STESI\u0307<\/h3>\n<p style=\"text-align: center;\">Gmail, yahoo mailleri, profesyonel mailler&#8230;.hatta 4096 bit \u015fifrelemeli g\u00fcvenli maillere kadar mail hackleme ve kontrol\u00fc<br \/>\nPc jailbreaking\/hacking (windows,mac,linux distros... .)<br \/>\n\u2727 Not de\u011fi\u015fikli\u011fi<br \/>\n\u2727 Telefon Numaras\u0131 Denetimi<br \/>\n\u2727 Tam paket anla\u015fma, ki\u015fisel veya \u015firket cihazlar\u0131na ve hesaplar\u0131na eri\u015fim ve ihtiyac\u0131n\u0131z olan verileri arama.<br \/>\n\u2727 Bor\u00e7 takas\u0131<\/p>\n<p style=\"text-align: center;\">Web sitesi\/php y\u00f6neticisi hackleme (tam eri\u015fim verebilir veya herhangi bir g\u00fcnl\u00fck veya bilgiyi \u00e7alabiliriz)<br \/>\n\u2727 Ger\u00e7ek gibi \u00e7al\u0131\u015fabilen pasaport, kimlik veya sertifikalar<br \/>\n\u2727 Co\u011frafi konum belirleyici\/telefon numaras\u0131 takibi<br \/>\n\u2727 Ekonomik casusluk ve kurumsal casusluk<br \/>\n\u2727 Aldatan partneri yakalama \/ aldatan partneri izleme<br \/>\n\u2727 Mobil korsanl\u0131k\/mobil uzaktan eri\u015fim<\/p>\n<p style=\"text-align: center;\">Sosyal medya hesaplar\u0131n\u0131n hacklenmesi veya eri\u015fim klonlanmas\u0131<br \/>\nHerhangi birini izlemenize yard\u0131mc\u0131 olabiliriz (sadece bize kurban\u0131n\u0131z hakk\u0131nda ge\u00e7erli herhangi bir bilgi verin)<br \/>\n\u2727 Sosyal medya kampanyalar\u0131 y\u00fcr\u00fctmek<br \/>\n\u2727 \u0130ntikam Pornosu<br \/>\n\u2727 Devlet ve \u015eirket Veri Taban\u0131na Eri\u015fim<\/p>\n<p style=\"text-align: center;\">\u2727 Kan\u0131t Kurtarma<br \/>\n\u2727 Adli sicil kay\u0131tlar\u0131n\u0131n temizlenmesi<br \/>\n\u2727 Oyun Hackleme<br \/>\n\u2727 Hedef Denetimi<br \/>\nAyr\u0131ca \u00f6zel kullan\u0131m\u0131n\u0131z i\u00e7in bizden bir hacker kiralaman\u0131z gerekiyorsa (yap\u0131lan i\u015f saati ba\u015f\u0131na \u00fccret al\u0131yoruz);<\/p>\n<h3 style=\"text-align: center;\">Bizi En \u0130yi Se\u00e7iminiz Yapan Nedir?<\/h3>\n<p style=\"text-align: center;\">Hizmetlerimizin ba\u015fka hi\u00e7bir \u015feye benzemedi\u011fini s\u00f6ylemek bize b\u00fcy\u00fck bir zevk ve gurur veriyor. Bilgisayar korsanlar\u0131 ekibi, eldeki her g\u00f6revi ba\u015farabilecek en profesyonel, yetenekli ve deneyimli bilgisayar korsanlar\u0131ndan olu\u015fur<\/p>\n<p style=\"text-align: center;\">Ve bu kadarla da bitmiyor! Bu hacker ekibi tamamen ve kesinlikle etik ve<br \/>\nsertifikal\u0131d\u0131r, bu nedenle hizmetlerimizden yararlan\u0131rken ba\u015f\u0131n\u0131z\u0131n belaya girmesinden endi\u015feleniyorsan\u0131z<br \/>\nEminim!<\/p>\n<h3 style=\"text-align: center;\">Profesyonel Hackerlar\u0131 \u0130\u015fe Al\u0131n<\/h3>\n<p style=\"text-align: center;\">Siz de zaten bize sunabilece\u011fimiz say\u0131s\u0131z hizmetin \u00fczerinden ge\u00e7tiniz.<br \/>\nYard\u0131m. B\u00f6ylece, sorunlar\u0131n\u0131z\u0131n b\u00fcy\u00fckl\u00fc\u011f\u00fc ne olursa olsun, a\u015fa\u011f\u0131dakilere \u00e7\u00f6z\u00fcm bulabilirsiniz<br \/>\nher biri tek bir platformda.<br \/>\n\u0130ster kay\u0131p \u015fifrelerinizi ister kripto para i\u015flemlerinizi kurtar\u0131n, size yard\u0131mc\u0131 olaca\u011f\u0131z<br \/>\nkapal\u0131.<\/p>\n<p>&nbsp;<\/p>\n<h3 style=\"text-align: center;\">\u00c7evrimi\u00e7i Bir Hacker Kiralamak G\u00fcvenli mi<\/h3>\n<p style=\"text-align: center;\">Evet, bizden \u00e7evrimi\u00e7i bir hacker kiralamak g\u00fcvenlidir. Biz siyah \u015fapkal\u0131 hackerlardan olu\u015fan profesyonel bir grubuz. De\u011ferli m\u00fc\u015fterilerimize g\u00fcven in\u015fa ettik ve onlarla herhangi bir oyun oynama \u015fans\u0131m\u0131z s\u0131f\u0131r. Bir\u00e7ok insan bize profesyonel hacker hizmetleri, ki\u015fisel ihtiya\u00e7lar, \u015firketle ilgili konular ve siyasi konular gibi farkl\u0131 ihtiya\u00e7larla geliyor. Hi\u00e7bir durumda hayal k\u0131r\u0131kl\u0131\u011f\u0131na u\u011fratmay\u0131z ve e-posta \u015fifreleri, sistem ve web sitesi hackleme konusunda size yard\u0131mc\u0131 olacak bir profesyonele ihtiyac\u0131n\u0131z oldu\u011funu d\u00fc\u015f\u00fcn\u00fcyorsan\u0131z, teredd\u00fct etmeyin.<\/p>\n<h3 style=\"text-align: center;\">Kiral\u0131k Profesyonel Hackerlar<\/h3>\n<p style=\"text-align: center;\">Baz\u0131 m\u00fc\u015fterilerimiz a\u011flar\u0131n\u0131n g\u00fcc\u00fcn\u00fc test etmek i\u00e7in hizmetlerimizi kullan\u0131yor ve bu bizim en iyi \u015fekilde yapt\u0131\u011f\u0131m\u0131z bir \u015fey. Bir web sitesi veritaban\u0131n\u0131 veya telefonu hacklemek, kay\u0131p fonlar\u0131 veya bir e-posta \u015fifresini uygun bir \u00fccret kar\u015f\u0131l\u0131\u011f\u0131nda kurtarmak i\u00e7in bir hacker kiralamak istiyorsan\u0131z, hemen bizimle ileti\u015fime ge\u00e7in. \u00dccretlerimiz makul ve bitcoin kabul ediyoruz M\u00fc\u015fteri bize hacklenmesi gereken ayr\u0131nt\u0131lar\u0131 veya \u015feyleri g\u00f6nderdi\u011fi, \u00f6demenin 50%'sini yat\u0131rd\u0131\u011f\u0131 ve hack tamamland\u0131ktan sonra kalan 50%'yi \u00f6dedi\u011fi i\u00e7in s\u00fcre\u00e7 \u00e7ok basittir.<\/p>\n<h3 style=\"text-align: center;\">Do\u011frulanm\u0131\u015f Hackerlar<\/h3>\n<p>Biz Etik Hackerlar ve \u00d6zel Dedektifler olarak hizmetinizdeyiz. Ekibimizin her \u00fcyesi kendi alanlar\u0131nda olduk\u00e7a deneyimlidir. Ekibimizde Dijital Adli T\u0131p Uzmanlar\u0131, Sertifikal\u0131 Etik Hackerlar, Bilgisayar M\u00fchendisleri, Siber G\u00fcvenlik Uzmanlar\u0131, \u00d6zel Dedektifler ve daha fazlas\u0131 var. Amac\u0131m\u0131z dijital hayat\u0131n\u0131z\u0131 g\u00fcvenli, emniyetli ve sorunsuz hale getirmektir.<\/p>\n<h3 style=\"text-align: center;\">Etik Hackerlar<\/h3>\n<p>D\u00fcnyada her g\u00fcn y\u00fczlerce ve binlerce insan Facebook, Snapchat, Instagram gibi sosyal medya hesaplar\u0131n\u0131n ele ge\u00e7irilmesi, e-postalar, cep telefonlar\u0131, k\u00f6t\u00fc \u00e7evrimi\u00e7i itibar, kimlik h\u0131rs\u0131zl\u0131\u011f\u0131 ve \u00e7ok daha fazlas\u0131 nedeniyle ma\u011fdur olmaktad\u0131r. Kimlik h\u0131rs\u0131zl\u0131\u011f\u0131, Kredi, sosyal hesaplar, vergi, sa\u011fl\u0131k, sigorta vb. i\u00e7in hileli bir \u015fekilde ba\u015fvurmak i\u00e7in kullan\u0131labilir. HACKERS FOR HIRE (nokta) io olarak, yukar\u0131da belirtilen t\u00fcm tehditlere kar\u015f\u0131 savunman\u0131za yard\u0131mc\u0131 olabiliriz.<\/p>\n<h3 style=\"text-align: center;\">Hacking Hizmetleri<\/h3>\n<p>Verilerinizi, sosyal hesaplar\u0131n\u0131z\u0131, telefonlar\u0131n\u0131z\u0131, bilgisayarlar\u0131n\u0131z\u0131 ve kimli\u011finizi koruman\u0131za yard\u0131mc\u0131 oluyoruz ve ayr\u0131ca bilgisayar korsan\u0131n\u0131n izini s\u00fcrmek, birini bulmak, Aldatan E\u015f Ara\u015ft\u0131rmas\u0131, kay\u0131p verileri kurtarmak, \u00e7evrimi\u00e7i itibar\u0131 y\u00f6netmek vb. isteyen m\u00fc\u015fterilerimiz var. Bu t\u00fcr ihtiya\u00e7lar\u0131n\u0131z i\u00e7in size \u00e7\u00f6z\u00fcmler sunmak i\u00e7in buraday\u0131z.<\/p>\n<div class=\"container section-title-container\" ><h3 class=\"section-title section-title-center\"><b><\/b><span class=\"section-title-main\" style=\"font-size:109%;\">ANONIM HACKER<\/span><b><\/b><\/h3><\/div>\n[ux_products style=&#8221;normal&#8221; type=&#8221;row&#8221; equalize_box=&#8221;true&#8221; cat=&#8221;19,17,18&#8243; orderby=&#8221;rand&#8221; image_hover=&#8221;zoom&#8221; image_hover_alt=&#8221;zoom-long&#8221; text_padding=&#8221;0px 0px 0px 0px&#8221;]","protected":false},"excerpt":{"rendered":"<p>HIRE ANONYMOUS HACKERS Hiring a Professional hacker is hard to come by these days but with Hireanonymoushackers, you can connect with proven performers in the hacking world in a matter of seconds. Have you been having lots of difficulties getting the right hacker for your hacking projects? Find the right hacker today on Hireanonymoushackers.com with [&#8230;]","protected":false},"author":1,"featured_media":782,"parent":0,"menu_order":0,"comment_status":"closed","ping_status":"closed","template":"page-blank.php","meta":{"_acf_changed":false,"footnotes":""},"class_list":["post-10","page","type-page","status-publish","has-post-thumbnail","hentry"],"acf":[],"_links":{"self":[{"href":"https:\/\/hireanonymoushackers.com\/tr\/wp-json\/wp\/v2\/pages\/10","targetHints":{"allow":["GET"]}}],"collection":[{"href":"https:\/\/hireanonymoushackers.com\/tr\/wp-json\/wp\/v2\/pages"}],"about":[{"href":"https:\/\/hireanonymoushackers.com\/tr\/wp-json\/wp\/v2\/types\/page"}],"author":[{"embeddable":true,"href":"https:\/\/hireanonymoushackers.com\/tr\/wp-json\/wp\/v2\/users\/1"}],"replies":[{"embeddable":true,"href":"https:\/\/hireanonymoushackers.com\/tr\/wp-json\/wp\/v2\/comments?post=10"}],"version-history":[{"count":54,"href":"https:\/\/hireanonymoushackers.com\/tr\/wp-json\/wp\/v2\/pages\/10\/revisions"}],"predecessor-version":[{"id":876,"href":"https:\/\/hireanonymoushackers.com\/tr\/wp-json\/wp\/v2\/pages\/10\/revisions\/876"}],"wp:featuredmedia":[{"embeddable":true,"href":"https:\/\/hireanonymoushackers.com\/tr\/wp-json\/wp\/v2\/media\/782"}],"wp:attachment":[{"href":"https:\/\/hireanonymoushackers.com\/tr\/wp-json\/wp\/v2\/media?parent=10"}],"curies":[{"name":"wp","href":"https:\/\/api.w.org\/{rel}","templated":true}]}}