{"id":14,"date":"2020-12-16T12:05:52","date_gmt":"2020-12-16T12:05:52","guid":{"rendered":"http:\/\/cocaineforsaleonline.com\/?page_id=14"},"modified":"2025-11-16T08:59:02","modified_gmt":"2025-11-16T08:59:02","slug":"anlita-en-hacker","status":"publish","type":"page","link":"https:\/\/hireanonymoushackers.com\/sv\/anlita-en-hacker\/","title":{"rendered":"Kontakt"},"content":{"rendered":"<div class=\"row row-collapse row-full-width\"  id=\"row-1165294634\">\n\n\t<div id=\"col-571412772\" class=\"col small-12 large-12\"  >\n\t\t<div class=\"col-inner\"  >\n\t\t\t\n\t\t\t\n\t<section class=\"section\" id=\"section_278962427\">\n\t\t<div class=\"bg section-bg fill bg-fill\" >\n\n\t\t\t\n\t\t\t<div class=\"section-bg-overlay absolute fill\"><\/div>\n\t\t\t\n\n\t\t<\/div>\n\n\t\t<div class=\"section-content relative\">\n\t\t\t\n<div class=\"row row-collapse align-center\" style=\"max-width:\" id=\"row-454715733\">\n\n\t<div id=\"col-1164483046\" class=\"col small-12 large-12\"  >\n\t\t<div class=\"col-inner text-center dark\"  >\n\t\t\t\n\t\t\t\n<h1><span style=\"font-size: 250%;\">Kontakt<\/span><\/h1>\n<p class=\"lead\"><span style=\"font-size: 120%;\">Skicka ett meddelande till oss<\/span><\/p>\n\t\t<\/div>\n\t\t\n<style>\n#col-1164483046 > .col-inner {\n  padding: 100px 20px 200px 0px;\n}\n@media (min-width:550px) {\n  #col-1164483046 > .col-inner {\n    padding: 100px 0px 200px 0px;\n  }\n}\n<\/style>\n\t<\/div>\n\n\t\n<\/div>\n\t\t<\/div>\n\n\t\t\n<style>\n#section_278962427 {\n  padding-top: 0px;\n  padding-bottom: 0px;\n  min-height: 0px;\n}\n#section_278962427 .section-bg-overlay {\n  background-color: rgba(0, 0, 0, 0.12);\n}\n#section_278962427 .section-bg.bg-loaded {\n  background-image: 28;\n}\n#section_278962427 .section-bg {\n  background-position: 55% 100%;\n}\n@media (min-width:550px) {\n  #section_278962427 {\n    padding-top: 0px;\n    padding-bottom: 0px;\n  }\n  #section_278962427 .section-bg-overlay {\n    background-color: rgba(0, 0, 0, 0.21);\n  }\n}\n@media (min-width:850px) {\n  #section_278962427 {\n    padding-top: 100px;\n    padding-bottom: 100px;\n  }\n  #section_278962427 .section-bg-overlay {\n    background-color: rgba(0,0,0,.5);\n  }\n}\n<\/style>\n\t<\/section>\n\t\n\t\t<\/div>\n\t\t\n<style>\n#col-571412772 > .col-inner {\n  padding: 0px 30px 0px 30px;\n}\n<\/style>\n\t<\/div>\n\n\t\n<\/div>\n<div class=\"row row-large\" style=\"max-width:1400px\" id=\"row-735457070\">\n\n\t<div id=\"col-1873125871\" class=\"col small-12 large-12\"  >\n\t\t<div class=\"col-inner\" style=\"background-color:rgb(255, 255, 255);\" >\n\t\t\t\n\t\t\t\n<div class=\"row row-collapse row-full-width\"  id=\"row-2100237735\">\n<style>\n#row-2100237735 > .col > .col-inner {\n  padding: 0px 15px 0px 15px;\n}\n<\/style>\n<\/div>\n\n\t<div id=\"col-1899131904\" class=\"col medium-12 small-12 large-6\"  >\n\t\t<div class=\"col-inner\"  >\n\t\t\t\n\t\t\t\t\t<\/div>\n\t\t\n<style>\n#col-1899131904 > .col-inner {\n  padding: 0px 0px 0px 20px;\n}\n<\/style>\n\t<\/div>\n\n\t\n<h2><span style=\"font-size: 120%;\">Kontakta oss<\/span><\/h2>\n<p><strong>Email:dk8ayz@proton.me<\/strong><\/p>\n\t<div id=\"gap-1198023382\" class=\"gap-element clearfix\" style=\"display:block; height:auto;\">\n\t\t\n<style>\n#gap-1198023382 {\n  padding-top: 20px;\n}\n@media (min-width:550px) {\n  #gap-1198023382 {\n    padding-top: 20px;\n  }\n}\n@media (min-width:850px) {\n  #gap-1198023382 {\n    padding-top: 30px;\n  }\n}\n<\/style>\n\t<\/div>\n\t\n<div class=\"row\"  id=\"row-1518383428\"><\/div>\n\n\t<div id=\"col-674410686\" class=\"col medium-6 small-12 large-6\"  >\n\t\t<div class=\"col-inner\"  >\n\t\t\t\n\t\t\t\t\t<\/div>\n\t\t\t<\/div>\n\n\t\n<p>&nbsp;<\/p>\n<h2 style=\"text-align: center;\">Anlita en hacker<\/h2>\n<div class=\"elementor-element elementor-element-ea57f42 elementor-widget elementor-widget-text-editor\" data-id=\"ea57f42\" data-element_type=\"widget\" data-widget_type=\"text-editor.default\">\n<div class=\"elementor-widget-container\">Hire Anonymous Hackers \u00e4r ett teknikbaserat tekniskt st\u00f6d, som har bidragit till att ge sina kunder den b\u00e4sta kundupplevelsen. Vi tillhandah\u00e5ller olika tj\u00e4nster som inkluderar: hacking av en mobiltelefon, skicka textmeddelanden eller e-post med spionprogram.Detta f\u00f6retag syftar till att g\u00f6ra livet enklare f\u00f6r m\u00e4nniskor som st\u00e5r inf\u00f6r relationsproblem.<\/div>\n<div><\/div>\n<\/div>\n<div class=\"elementor-element elementor-element-ed07b83 elementor-widget elementor-widget-text-editor\" data-id=\"ed07b83\" data-element_type=\"widget\" data-widget_type=\"text-editor.default\">\n<div class=\"elementor-widget-container\">Vi \u00e4r de b\u00e4sta hackingexperterna att anst\u00e4lla f\u00f6r dina specifika behov. Fr\u00e5n blygsam \u00f6vervakning av n\u00e5gons telefon till skadligt f\u00f6rst\u00f6rande av bevis. Vi har t\u00e4ckt dig med de b\u00e4sta hackarna runt!<\/div>\n<\/div>\n<h3 style=\"text-align: center;\">Hur man anst\u00e4ller en hacker<\/h3>\n<p>Vill du hyra en hacker billigt fr\u00e5n v\u00e5r samling av hackare? Ber\u00e4tta f\u00f6r oss vad du beh\u00f6ver: Beskriv helt enkelt vilken typ av hackningstj\u00e4nster du beh\u00f6ver. Vi hittar r\u00e4tt hackare f\u00f6r jobbet. Vi matchar dig med en certifierad etisk hackare som har de f\u00e4rdigheter och den erfarenhet som kr\u00e4vs f\u00f6r att f\u00e5 jobbet gjort. Dina data \u00e4r s\u00e4kra med oss. Alla v\u00e5ra hackare \u00e4r v\u00e4lutbildade proffs som f\u00f6ljer strikta etiska standarder. N\u00e5 ut till oss p\u00e5 v\u00e5r <a href=\"https:\/\/hireanonymoushackers.com\/sv\/anlita-en-hacker\/\">Kontaktsida<\/a><\/p>\n<div class=\"elementor-element elementor-element-6d17116 elementor-widget elementor-widget-heading\" data-id=\"6d17116\" data-element_type=\"widget\" data-widget_type=\"heading.default\">\n<div class=\"elementor-widget-container\">\n<h3 class=\"elementor-heading-title elementor-size-default\" style=\"text-align: center;\">Expert och betrodda hackare f\u00f6r uthyrning<\/h3>\n<div class=\"elementor-element elementor-element-41118ff elementor-widget elementor-widget-text-editor\" data-id=\"41118ff\" data-element_type=\"widget\" data-widget_type=\"text-editor.default\">\n<div class=\"elementor-widget-container\">\n<p><a href=\"https:\/\/hireanonymoushackers.com\/sv\/\">Anst\u00e4llanonymoushackers.com<\/a> best\u00e5r av ett team av etiska hackare som tillhandah\u00e5ller m\u00e5ngsidiga IT-relaterade tj\u00e4nster som databaspenetrationstestning, fj\u00e4rrtelefonhackning, hackning av sociala medier, e-posthackning, \u00e5tervinning av medel, hyra en mobiltelefonhacker eller andra cyberhackningstj\u00e4nster.<\/p>\n<\/div>\n<\/div>\n<\/div>\n<\/div>\n<h3 style=\"text-align: center;\">Verifierade hackare f\u00f6r uthyrning<\/h3>\n<p style=\"text-align: center;\">Vi kan hj\u00e4lpa dig med mjukvaruhackning, penetreringstest, databasdumpning, databasredigering, databass\u00e4kring, kreditbedr\u00e4geri\u00e5terst\u00e4llning, Windows-hackning, WIFI-l\u00f6senordskrackning, Pinterest-hackning, kreditpo\u00e4ngfix, kryptovalutast\u00f6ld, DDOS-attack, etisk hackningsinl\u00e4rning, Doxing, man i mittenattacken, Rediff mail hacking, Yandex mail hacking.<a href=\"https:\/\/duckduckgo.com\/\" target=\"_blank\" rel=\"noopener\">.<\/a>.<\/p>\n<h3 style=\"text-align: center;\"><span class=\"tagify__tag-text\" contenteditable=\"true\">Anst\u00e4ll anonyma hackare<\/span><\/h3>\n<p style=\"text-align: center;\">Vi \u00e4r ett team av professionella hackare fr\u00e5n hela v\u00e4rlden, som utvecklades fr\u00e5n skuggorna p\u00e5 den m\u00f6rka webben, en delm\u00e4ngd av djup webb med dolda tj\u00e4nster, V\u00e5rt huvudsakliga motiv \u00e4r att ge dig s\u00e4kra och s\u00e4kra professionella hackingtj\u00e4nster. Hyr en professionell hacker (certifierad) f\u00f6r nedanst\u00e5ende tj\u00e4nster Kontrollera.<\/p>\n<p style=\"text-align: center;\"><span data-text-color=\"alert\"><strong>100% Pengarna tillbaka-garanti om jobbet inte utf\u00f6rs till din bel\u00e5tenhet.<\/strong><\/span><\/p>\n<h3 style=\"text-align: center;\"><span class=\"tagify__tag-text\" contenteditable=\"true\">Telefonhackningstj\u00e4nst<\/span><\/h3>\n<p style=\"text-align: center;\">Det finns m\u00e5nga anledningar till varf\u00f6r du kan beh\u00f6va anst\u00e4lla en mobiltelefonhackare. Kanske vill du hacka in i din makas mobiltelefon f\u00f6r att se om de fuskar p\u00e5 dig. Eller kanske du beh\u00f6ver komma in i ett f\u00f6retags datorsystem f\u00f6r att stj\u00e4la aff\u00e4rshemligheter. Oavsett anledning \u00e4r det viktigt att hitta r\u00e4tt hacker f\u00f6r jobbet. Alla hackare \u00e4r inte skapade lika, s\u00e5 du m\u00e5ste vara f\u00f6rsiktig n\u00e4r du v\u00e4ljer en.<\/p>\n<h4 style=\"text-align: center;\"><span class=\"tagify__tag-text\" contenteditable=\"true\">Anlita en mobiltelefonhackare<\/span><\/h4>\n<p style=\"text-align: center;\">H\u00e4r p\u00e5 Hire Anonymous Hackers har vi m\u00e5nga \u00e5rs erfarenhet av att hacka telefoner, datorer och andra elektroniska enheter. Vi har de f\u00e4rdigheter och den expertis som kr\u00e4vs f\u00f6r att hj\u00e4lpa dig att uppn\u00e5 dina m\u00e5l. Kontakta oss idag f\u00f6r mer information eller f\u00f6r att komma ig\u00e5ng!<\/p>\n<h3 style=\"text-align: center;\">Hackare i sociala medier<\/h3>\n<p style=\"text-align: center;\">Vill du anst\u00e4lla en hacker f\u00f6r sociala medier? Om s\u00e5 \u00e4r fallet har du kommit till r\u00e4tt st\u00e4lle. H\u00e4r p\u00e5 cyber lord erbjuder vi ett brett utbud av tj\u00e4nster som inkluderar hacking av sociala medier. Vi har ett team av experter som \u00e4r skickliga inom detta omr\u00e5de och kan hj\u00e4lpa dig att f\u00e5 de resultat du letar efter.<\/p>\n<p style=\"text-align: center;\">Hire Anonymous Hackers \u00e4r en tj\u00e4nst f\u00f6r att hyra hackare. Vi tillhandah\u00e5ller hackare f\u00f6r sociala medier, illvilliga hackare och goda killar f\u00f6r att hitta s\u00e5rbarheter, \u00e5terst\u00e4lla Facebook-konton och f\u00e5 tillg\u00e5ng till webbverktyg och information. Vi har ett brett utbud av f\u00e4rdigheter och verktyg till v\u00e5rt f\u00f6rfogande f\u00f6r att hj\u00e4lpa v\u00e5ra kunder. Vi \u00e4r fast beslutna att tillhandah\u00e5lla b\u00e4sta m\u00f6jliga service till v\u00e5ra kunder och erbjuder konkurrenskraftiga priser.<\/p>\n<h3 style=\"text-align: center;\">Hackning av skolbetyg<\/h3>\n<p style=\"text-align: center;\">Om du \u00e4r som de flesta andra t\u00e4nker du f\u00f6rmodligen p\u00e5 skolbetyg som ett m\u00e5tt p\u00e5 hur bra du har klarat dig p\u00e5 en lektion. Men t\u00e4nk om det fanns ett s\u00e4tt att f\u00e5 b\u00e4ttre betyg utan att faktiskt studera eller g\u00f6ra n\u00e5got extra arbete? Tro det eller ej, men det finns det - och hackare \u00e4r de som kan g\u00f6ra det! Anlita v\u00e5ra hackare f\u00f6r att \u00e4ndra betyg och legit hacker. Hacker som anst\u00e4lls f\u00f6r att \u00e4ndra betyg \u00e4r k\u00e4nda experter som datorhackare.<\/p>\n<h4 style=\"text-align: center;\">Hackning av skolbetyg<\/h4>\n<p style=\"text-align: center;\">Anst\u00e4lla en hackartj\u00e4nst som hj\u00e4lper m\u00e4nniskor att \u00e4ndra sina universitetsbetyg och skolbetyg och undvika s\u00e4kerhets\u00f6vertr\u00e4delser. Vi har ett team av erfarna hackare som \u00e4r experter p\u00e5 att hitta s\u00e4kerhetsh\u00e5l i universitetsdatabaser och webbplatser. Vi erbjuder v\u00e5ra tj\u00e4nster f\u00f6r hackingf\u00e4rdigheter till alla som beh\u00f6ver dem, och vi garanterar att v\u00e5rt arbete \u00e4r av h\u00f6gsta kvalitet.<\/p>\n<p style=\"text-align: center;\">Hire Anonymous Hackers \u00e4r en professionell hackingtj\u00e4nst som hj\u00e4lper studenter att \u00e4ndra sina betyg, skolregister och universitetsavskrifter. Vi erbjuder ocks\u00e5 s\u00e4kerhetsr\u00e5dgivning till universitet och f\u00f6retag f\u00f6r att hj\u00e4lpa dem att undvika cyberattacker.<\/p>\n<p style=\"text-align: center;\">Vi erbjuder ocks\u00e5 intr\u00e5ngsdetekteringssystem, penetrationstestning och etiska hackningstj\u00e4nster. Vi anv\u00e4nder samma tekniker som illasinnade hackare, men vi g\u00f6r det p\u00e5 ett etiskt s\u00e4tt och med ditt tillst\u00e5nd.<\/p>\n<div class=\"elementor-element elementor-element-f91317e elementor-widget elementor-widget-heading\" data-id=\"f91317e\" data-element_type=\"widget\" data-widget_type=\"heading.default\">\n<div class=\"elementor-widget-container\">\n<h3 class=\"elementor-heading-title elementor-size-default\" style=\"text-align: center;\">Testa webbplatsens s\u00e4kerhet<\/h3>\n<p style=\"text-align: center;\">Hire Anonymous Hackers \u00e4r ett team av professionella etiska hackare som tillhandah\u00e5ller tj\u00e4nster f\u00f6r att testa webbplatsens s\u00e4kerhet, uppt\u00e4cka intr\u00e5ng och utf\u00f6ra penetrationstestning. Vi erbjuder ocks\u00e5 s\u00e4kerhetsrevisioner och dataanalys av n\u00e4tverkstrafik. V\u00e5rt m\u00e5l \u00e4r att hj\u00e4lpa v\u00e5ra kunder att f\u00f6rb\u00e4ttra sin s\u00e4kerhetsst\u00e4llning och skydda sina online-tillg\u00e5ngar.<\/p>\n<p style=\"text-align: center;\">N\u00e4r det g\u00e4ller hacking t\u00e4nker m\u00e5nga p\u00e5 illvilliga aktiviteter som att stj\u00e4la n\u00e5gons identitet eller bryta sig in i datorsystem. Det finns dock en v\u00e4xande industri av professionella hackare som erbjuder sina tj\u00e4nster till f\u00f6retag och privatpersoner som vill tr\u00e4nga igenom deras webbplats s\u00e4kerhet. Att anlita en hackare kan verka som ett enkelt s\u00e4tt att l\u00f6sa dina s\u00e4kerhetsproblem, men det \u00e4r viktigt att skydda din databas mot illvilliga attacker.<\/p>\n<h3 style=\"text-align: center;\">Facebook Hacking Service<\/h3>\n<p style=\"text-align: center;\">\u00c4r du orolig f\u00f6r s\u00e4kerheten p\u00e5 ditt Facebook-konto? Vill du se till att ditt konto \u00e4r s\u00e4kert och s\u00e4kert? Om s\u00e5 \u00e4r fallet kanske du vill \u00f6verv\u00e4ga att anst\u00e4lla en hacker f\u00f6r att hacka Facebook \u00e5t dig. Det finns ett antal olika hackningstj\u00e4nster som erbjuder denna typ av tj\u00e4nst, och det kan vara ett bra s\u00e4tt att se till att ditt konto \u00e4r s\u00e5 s\u00e4kert som m\u00f6jligt. Innan du anlitar en hacker \u00e4r det dock viktigt att g\u00f6ra din forskning och se till att du v\u00e4ljer r\u00e4tt tj\u00e4nst.<\/p>\n<h3 style=\"text-align: center;\">Anlita en hacker f\u00f6r WhatsApp<\/h3>\n<p style=\"text-align: center;\">Hackare kan anst\u00e4llas f\u00f6r att hj\u00e4lpa till med en m\u00e4ngd olika uppgifter, inklusive att f\u00e5 tillg\u00e5ng till WhatsApp-meddelanden. Om du letar efter n\u00e5gon som kan hj\u00e4lpa dig med din WhatsApp-hacker, eller om du vill att n\u00e5gon ska hj\u00e4lpa dig att spionera p\u00e5 din partners meddelanden, \u00e4r en hacker den perfekta l\u00f6sningen. Kontakta v\u00e5ra telefonhackare som \u00e4r tillg\u00e4ngliga f\u00f6r uthyrning.<\/p>\n<h4 style=\"text-align: center;\">H\u00f6gsta beg\u00e4ran om hackning<br \/>\nOavsett sk\u00e4let kan hacking vara en snabb och enkel process om du vet var du ska leta.<\/h4>\n<p style=\"text-align: center;\">Telefonhackningstj\u00e4nst<br \/>\nFacebook Hacking Service<br \/>\nHacker i sociala medier<br \/>\nAnlita en hacker f\u00f6r WhatsApp<br \/>\nHackning av skolbetyg<br \/>\nHacka Instagram<\/p>\n<p>&nbsp;<\/p>\n<\/div>\n<\/div>\n<p>&nbsp;<\/p>\n<p>&nbsp;<\/p>\n\t\t<\/div>\n\t\t\n<style>\n#col-1873125871 > .col-inner {\n  padding: 50px 20px 0px 20px;\n  margin: -0 0px 0px 0px;\n}\n@media (min-width:550px) {\n  #col-1873125871 > .col-inner {\n    padding: 50px 20px 30px 20px;\n    margin: 0 0px 0px 0px;\n  }\n}\n@media (min-width:850px) {\n  #col-1873125871 > .col-inner {\n    padding: 66px 5% 16px 5%;\n    margin: -135px 0px 0px 0px;\n  }\n}\n<\/style>\n\t<\/div>\n\n\t\n<\/div>","protected":false},"excerpt":{"rendered":"","protected":false},"author":1,"featured_media":819,"parent":0,"menu_order":0,"comment_status":"closed","ping_status":"closed","template":"page-blank.php","meta":{"_acf_changed":false,"footnotes":""},"class_list":["post-14","page","type-page","status-publish","has-post-thumbnail","hentry"],"acf":[],"_links":{"self":[{"href":"https:\/\/hireanonymoushackers.com\/sv\/wp-json\/wp\/v2\/pages\/14","targetHints":{"allow":["GET"]}}],"collection":[{"href":"https:\/\/hireanonymoushackers.com\/sv\/wp-json\/wp\/v2\/pages"}],"about":[{"href":"https:\/\/hireanonymoushackers.com\/sv\/wp-json\/wp\/v2\/types\/page"}],"author":[{"embeddable":true,"href":"https:\/\/hireanonymoushackers.com\/sv\/wp-json\/wp\/v2\/users\/1"}],"replies":[{"embeddable":true,"href":"https:\/\/hireanonymoushackers.com\/sv\/wp-json\/wp\/v2\/comments?post=14"}],"version-history":[{"count":29,"href":"https:\/\/hireanonymoushackers.com\/sv\/wp-json\/wp\/v2\/pages\/14\/revisions"}],"predecessor-version":[{"id":1000,"href":"https:\/\/hireanonymoushackers.com\/sv\/wp-json\/wp\/v2\/pages\/14\/revisions\/1000"}],"wp:featuredmedia":[{"embeddable":true,"href":"https:\/\/hireanonymoushackers.com\/sv\/wp-json\/wp\/v2\/media\/819"}],"wp:attachment":[{"href":"https:\/\/hireanonymoushackers.com\/sv\/wp-json\/wp\/v2\/media?parent=14"}],"curies":[{"name":"wp","href":"https:\/\/api.w.org\/{rel}","templated":true}]}}