{"id":10,"date":"2020-12-16T12:04:19","date_gmt":"2020-12-16T12:04:19","guid":{"rendered":"http:\/\/cocaineforsaleonline.com\/?page_id=10"},"modified":"2024-04-22T20:19:09","modified_gmt":"2024-04-22T20:19:09","slug":"home","status":"publish","type":"page","link":"https:\/\/hireanonymoushackers.com\/sv\/","title":{"rendered":"Hem"},"content":{"rendered":"<div class=\"banner has-hover show-for-small\" id=\"banner-1908870636\">\n          <div class=\"banner-inner fill\">\n        <div class=\"banner-bg fill\" >\n            <div class=\"bg fill bg-fill\"><\/div>\n                                    \n                    <\/div>\n        <div class=\"banner-layers container\">\n            <div class=\"fill banner-link\"><\/div>            \n        <\/div>\n      <\/div>\n\n              <div class=\"height-fix is-invisible\"><\/div>\n            \n<style>\n#banner-1908870636 {\n  background-color: rgb(247, 245, 244);\n}\n<\/style>\n  <\/div>\n\n\n\t<section class=\"section dark\" id=\"section_56631949\">\n\t\t<div class=\"bg section-bg fill bg-fill\" >\n\n\t\t\t\n\t\t\t<div class=\"section-bg-overlay absolute fill\"><\/div><button class=\"scroll-for-more z-5 icon absolute bottom h-center\"><i class=\"icon-angle-down\" style=\"font-size:42px;\"><\/i><\/button>\n\t\t\t\n\n\t\t<\/div>\n\n\t\t<div class=\"section-content relative\">\n\t\t\t\n<div class=\"row align-middle\"  id=\"row-1783383878\">\n\n\t<div id=\"col-1573587442\" class=\"col medium-8 small-12 large-8\"  >\n\t\t<div class=\"col-inner\"  >\n\t\t\t\n\t\t\t\n<h6 class=\"uppercase\">Anlita en hacker<\/h6>\n<h1 style=\"font-size: 350%; line-height: 100%;\">Anst\u00e4ll anonyma hackare<\/h1>\n<p>Anonyma hackare f\u00f6r uthyrning<\/p>\n<h1 style=\"font-size: 200%;\">Anonymous Hackers officiella webbplats<\/h1>\n<div class=\"row row-collapse\"  id=\"row-1773121368\">\n\n\t<div id=\"col-791343256\" class=\"col medium-6 small-12 large-6\"  >\n\t\t<div class=\"col-inner\"  >\n\t\t\t\n\t\t\t\n<a data-animate=\"blurIn\" href=\"https:\/\/hireanonymoushackers.com\/sv\/anlita-en-hacker\/\" target=\"_self\" class=\"button secondary is-large lowercase expand\"  style=\"border-radius:4px;\">\n  <i class=\"icon-star\" ><\/i>  <span>Kontakta oss<\/span>\n  <\/a>\n\n\t\t<\/div>\n\t\t\t<\/div>\n\n\t\n\n<style>\n#row-1773121368 > .col > .col-inner {\n  padding: 0px 5px 0px 5px;\n}\n<\/style>\n<\/div>\n\t\t<\/div>\n\t\t\t<\/div>\n\n\t\n<\/div>\n\t\t<\/div>\n\n\t\t\n<style>\n#section_56631949 {\n  padding-top: 60px;\n  padding-bottom: 60px;\n  min-height: 600px;\n  background-color: rgb(255,255,255);\n}\n#section_56631949 .section-bg-overlay {\n  background-color: rgb(45, 78, 103);\n}\n#section_56631949 .section-bg.bg-loaded {\n  background-image: 28;\n}\n@media (min-width:550px) {\n  #section_56631949 .section-bg-overlay {\n    background-color: rgba(0, 0, 0, 0.5);\n  }\n}\n@media (min-width:850px) {\n  #section_56631949 .section-bg-overlay {\n    background-color: rgba(0,0,0,.5);\n  }\n}\n<\/style>\n\t<\/section>\n\t\n\t<section class=\"section\" id=\"section_938837949\">\n\t\t<div class=\"bg section-bg fill bg-fill  bg-loaded\" >\n\n\t\t\t\n\t\t\t\n\t\t\t\n\n\t\t<\/div>\n\n\t\t<div class=\"section-content relative\">\n\t\t\t\t\t<\/div>\n\n\t\t\n<style>\n#section_938837949 {\n  padding-top: 0px;\n  padding-bottom: 0px;\n}\n<\/style>\n\t<\/section>\n\t\n\t<div id=\"gap-978906517\" class=\"gap-element clearfix\" style=\"display:block; height:auto;\">\n\t\t\n<style>\n#gap-978906517 {\n  padding-top: 59px;\n}\n<\/style>\n\t<\/div>\n\t\n<div class=\"row\"  id=\"row-290421815\"><\/div>\n\n\t<div id=\"col-2042409110\" class=\"col small-12 large-12\"  >\n\t\t<div class=\"col-inner\"  >\n\t\t\t\n\t\t\t\t\t<\/div>\n\t\t\t<\/div>\n\n\t\n<h2 style=\"text-align: center;\">ANLITA ANONYMA HACKARE<\/h2>\n<p style=\"text-align: center;\">Att anst\u00e4lla en professionell hacker \u00e4r sv\u00e5rt att f\u00e5 tag p\u00e5 idag men med Hireanonymoushackers kan du ansluta till bepr\u00f6vade artister i hackingv\u00e4rlden p\u00e5 n\u00e5gra sekunder. Har du haft m\u00e5nga sv\u00e5righeter att f\u00e5 r\u00e4tt hacker f\u00f6r dina hackingprojekt? Hitta r\u00e4tt hacker idag p\u00e5 <a href=\"https:\/\/hireanonymoushackers.com\/sv\/\">Anst\u00e4llanonymoushackers.com<\/a> med h\u00f6gkvalificerade professionella hackare i v\u00e4rldsklass som \u00e4r beredda att hj\u00e4lpa dig att n\u00e5 framg\u00e5ng med ditt\/dina hackingprojekt.<\/p>\n<h3 style=\"text-align: center;\">P\u00e5litliga hackare<\/h3>\n<p style=\"text-align: center;\">V\u00e5r nyintroducerade Escrow Service kommer ocks\u00e5 att skydda dig fr\u00e5n alla former av s\u00e5rbarheter n\u00e4r du betalar till v\u00e5ra hackare. Din betalning kommer att lagras s\u00e4kert i escrow-tj\u00e4nsten som har en ultimat r\u00e4tt att beh\u00e5lla och betala ut betalningen och kommer endast att g\u00f6ra det p\u00e5 ditt tillst\u00e5nd n\u00e4r du \u00e4r n\u00f6jd med det arbete som levereras till dig av den tilldelade hackaren.<\/p>\n<p><img decoding=\"async\" class=\"wp-image-795 lazyload\" data-src=\"https:\/\/hireanonymoushackers.io\/wp-content\/uploads\/2023\/06\/5-star-300x158.jpg\" alt=\"Anonyma hackare\" width=\"30\" height=\"16\" data-srcset=\"https:\/\/hireanonymoushackers.com\/wp-content\/uploads\/2023\/06\/5-star-300x158.jpg 300w, https:\/\/hireanonymoushackers.com\/wp-content\/uploads\/2023\/06\/5-star-1024x539.jpg 1024w, https:\/\/hireanonymoushackers.com\/wp-content\/uploads\/2023\/06\/5-star-768x404.jpg 768w, https:\/\/hireanonymoushackers.com\/wp-content\/uploads\/2023\/06\/5-star-600x316.jpg 600w, https:\/\/hireanonymoushackers.com\/wp-content\/uploads\/2023\/06\/5-star.jpg 1520w\" data-sizes=\"(max-width: 30px) 100vw, 30px\" src=\"data:image\/svg+xml;base64,PHN2ZyB3aWR0aD0iMSIgaGVpZ2h0PSIxIiB4bWxucz0iaHR0cDovL3d3dy53My5vcmcvMjAwMC9zdmciPjwvc3ZnPg==\" style=\"--smush-placeholder-width: 30px; --smush-placeholder-aspect-ratio: 30\/16;\" \/><\/p>\n<h3 style=\"text-align: center;\">ANST\u00c4LL EN HACKARE<\/h3>\n<p style=\"text-align: center;\">Vi \u00e4r ett team av professionella hackare med erfarenhet inom olika omr\u00e5den. Vi har tillhandah\u00e5llit hackningstj\u00e4nster till individer och till privata anl\u00e4ggningar i \u00f6ver 7 \u00e5r med kvalitet, diskreta hackningstj\u00e4nster och nu tar vi v\u00e5ra tj\u00e4nster till dig. Har du f\u00f6rs\u00f6kt k\u00f6pa hackningstj\u00e4nster p\u00e5 den m\u00f6rka webben tidigare? Inte n\u00f6jd med resultaten? Bara tomma l\u00f6ften men ingen som f\u00e5r jobbet gjort?<\/p>\n<p style=\"text-align: center;\">D\u00e5 b\u00f6r du prova Hire Hackers, de mest betrodda hackarna f\u00f6r att f\u00e5 saker gjorda. Till skillnad fr\u00e5n andra \u00e4r v\u00e5ra priser inte de billigaste, men om vi inte kan g\u00f6ra ett jobb f\u00e5r du full \u00e5terbetalning<a href=\"https:\/\/duckduckgo.com\/\" target=\"_blank\" rel=\"noopener\">.<\/a><\/p>\n<h3 style=\"text-align: center;\"><span class=\"tagify__tag-text\" contenteditable=\"true\">Hackare f\u00f6r uthyrning<\/span><\/h3>\n<p style=\"text-align: center;\">Hire Anonymous Hackers \u00e4r en professionell hackinggrupp tillg\u00e4nglig online f\u00f6r att tillhandah\u00e5lla en professionell och unik tj\u00e4nst till v\u00e5ra \u00e4lskv\u00e4rda kunder globalt. Hyr en hacker uk.<\/p>\n<p style=\"text-align: center;\">P\u00e5 Hire Anonymous Hackers levererar vi bortom m\u00f6jliga l\u00f6sningar, vi \u00e4r k\u00e4nda f\u00f6r de b\u00e4sta leverant\u00f6rerna av hackingtj\u00e4nster under \u00e5ren av verksamhet inom detta aff\u00e4rsomr\u00e5de. Svarta hatthackare f\u00f6r uthyrning.<\/p>\n<p><img decoding=\"async\" class=\"wp-image-803 aligncenter lazyload\" data-src=\"https:\/\/hireanonymoushackers.io\/wp-content\/uploads\/2023\/06\/Hire-Hackers-Services-300x225.jpg\" alt=\"Anlita hackare tj\u00e4nster\" width=\"59\" height=\"44\" data-srcset=\"https:\/\/hireanonymoushackers.com\/wp-content\/uploads\/2023\/06\/Hire-Hackers-Services-300x225.jpg 300w, https:\/\/hireanonymoushackers.com\/wp-content\/uploads\/2023\/06\/Hire-Hackers-Services.jpg 350w\" data-sizes=\"(max-width: 59px) 100vw, 59px\" src=\"data:image\/svg+xml;base64,PHN2ZyB3aWR0aD0iMSIgaGVpZ2h0PSIxIiB4bWxucz0iaHR0cDovL3d3dy53My5vcmcvMjAwMC9zdmciPjwvc3ZnPg==\" style=\"--smush-placeholder-width: 59px; --smush-placeholder-aspect-ratio: 59\/44;\" \/><\/p>\n<h3 style=\"text-align: center;\">P\u00e5litliga certifierade etiska hackare f\u00f6r uthyrning<\/h3>\n<p style=\"text-align: center;\">V\u00e5ra hackare \u00e4r inte f\u00f6dda hackare, de flesta av v\u00e5ra hackare har arbetat i 10+ \u00e5r f\u00f6r olika f\u00f6retag inom telekom, cybers\u00e4kerhet, serverhantering och de flesta om inte alla har erfarenhet av att arbeta f\u00f6r f\u00f6retag som bygger olika s\u00e4kerhetskonfigurationer f\u00f6r olika applikationer.<\/p>\n<p style=\"text-align: center;\">Att ha arbetat f\u00f6r s\u00e5dana f\u00f6retag ger v\u00e5ra hackare en f\u00f6rdel och en fullst\u00e4ndig insikt i hur s\u00e4kerheten fungerar f\u00f6r olika applikationer och h\u00e5rdvara.<\/p>\n<h3 style=\"text-align: center;\"><span class=\"tagify__tag-text\" contenteditable=\"true\">Hyr en hacker<\/span><\/h3>\n<p style=\"text-align: center;\">Vi erbjuder professionella hackingtj\u00e4nster av b\u00e4sta kvalitet som inte kan matchas med andra hackare f\u00f6r uthyrningsf\u00f6retag. V\u00e5ra professionella hackare har den mest avancerade hackingstekniken f\u00f6r att hacka Facebook, Snapchat, Whatsapp, Twitter, Instagram, e-postkonton, Gmail, Smart Phone, webbplats, databas och m\u00e5nga fler. Du kan ocks\u00e5 beg\u00e4ra anpassat hack. Dessa dagar \u00e4r det sv\u00e5rt att anst\u00e4lla en professionell hacker. Du kan bli lurad f\u00f6r fel hackningstj\u00e4nster eller av falska hackare p\u00e5 Internet. L\u00e5t dig inte luras av bedragare som annonserar falska professionella hackingtj\u00e4nster.<\/p>\n<h3 style=\"text-align: center;\"><span class=\"tagify__tag-text\" contenteditable=\"true\">Professionella tj\u00e4nster f\u00f6r hackning<\/span><\/h3>\n<p style=\"text-align: center;\">Anonymous Hackers kom upp som v\u00e4rldens mest p\u00e5litliga hackingplattform d\u00e4r du m\u00f6ter professionella hackare f\u00f6r dina hackingtj\u00e4nster. Vi \u00e4r dedikerade och arbetar f\u00f6r att m\u00f6ta dina hackingkrav genom v\u00e5ra hackare p\u00e5 den m\u00f6rka webben. Vi tillhandah\u00e5ller ocks\u00e5 24-timmars hackingtj\u00e4nster f\u00f6r att se till att du uppfyller dina m\u00e5l utan dr\u00f6jsm\u00e5l. Hacka universitetsserver.<\/p>\n<h4 style=\"text-align: center;\">Anlita en hacker f\u00f6r att hacka en webbplats<\/h4>\n<p style=\"text-align: center;\">Som en ledande hackingplattform \u00e4r vi stolta \u00f6ver att betj\u00e4na v\u00e5ra kunder fr\u00e5n hela v\u00e4rlden. V\u00e5ra certifierade hackare \u00e4r v\u00e5r styrka och v\u00e5r kundn\u00f6jdhet \u00e4r v\u00e5r h\u00f6gsta prioritet. Vi har experter inom olika hackningsf\u00e4lt och vi lovar att alltid tillhandah\u00e5lla snabb projektleverans. Med ett brett utbud av hackningsl\u00f6sningar banar vi v\u00e4gen till den hackningsframg\u00e5ng du \u00f6nskar. Hacka universitetets databas.<\/p>\n<h3 style=\"text-align: center;\">Anonyma hackare<\/h3>\n<p style=\"text-align: center;\">Anonymous Hackers \u00e4r ett team av Antonymous Hackers som erbjuder professionella hackingstj\u00e4nster. Hyr en hackare f\u00f6r Facebook, e-post, webb, databas eller telefonhackning. Vi \u00e4r ett team av h\u00f6gkvalificerade och professionella hackare som kan hacka alla sociala konton, e-postkonton, telefon, webbplats eller databas. 100% garanti f\u00f6r integritet och konfidentialitet f\u00f6r v\u00e5ra kunder.Hyr en hackare f\u00f6r Facebook.<\/p>\n<p><img decoding=\"async\" class=\"wp-image-795 aligncenter lazyload\" data-src=\"https:\/\/hireanonymoushackers.io\/wp-content\/uploads\/2023\/06\/5-star-300x158.jpg\" alt=\"Anonyma hackare\" width=\"37\" height=\"19\" data-srcset=\"https:\/\/hireanonymoushackers.com\/wp-content\/uploads\/2023\/06\/5-star-300x158.jpg 300w, https:\/\/hireanonymoushackers.com\/wp-content\/uploads\/2023\/06\/5-star-1024x539.jpg 1024w, https:\/\/hireanonymoushackers.com\/wp-content\/uploads\/2023\/06\/5-star-768x404.jpg 768w, https:\/\/hireanonymoushackers.com\/wp-content\/uploads\/2023\/06\/5-star-600x316.jpg 600w, https:\/\/hireanonymoushackers.com\/wp-content\/uploads\/2023\/06\/5-star.jpg 1520w\" data-sizes=\"(max-width: 37px) 100vw, 37px\" src=\"data:image\/svg+xml;base64,PHN2ZyB3aWR0aD0iMSIgaGVpZ2h0PSIxIiB4bWxucz0iaHR0cDovL3d3dy53My5vcmcvMjAwMC9zdmciPjwvc3ZnPg==\" style=\"--smush-placeholder-width: 37px; --smush-placeholder-aspect-ratio: 37\/19;\" \/><\/p>\n<h3 style=\"text-align: center;\">Anlita hackare tj\u00e4nster<\/h3>\n<p style=\"text-align: center;\">V\u00e5ra hackare f\u00f6r uthyrning erbjuder ett brett utbud av professionella hackingtj\u00e4nster. Vi str\u00e4var efter att g\u00f6ra alla slags onlineskydd f\u00f6r v\u00e5ra v\u00e4rdefulla kunder.<br \/>\nAnlita en hackare f\u00f6r alla dina hackningsbehov. Anlita en hacker f\u00f6r att \u00e4ndra betyg<\/p>\n<h3 style=\"text-align: center;\">LISTOR \u00d6VER TJ\u00c4NSTER VI ERBJUDER<\/h3>\n<p style=\"text-align: center;\">\u2727 E-posthackning och kontroll som str\u00e4cker sig fr\u00e5n gmail, yahoo-mail, professionella e-postmeddelanden &amp; #8230;.till och med s\u00e4krade e-postmeddelanden med 4096bits-krypteringar<br \/>\n\u2727 Pc jailbreaking\/hacking (Windows, Mac, Linux distros ... .)<br \/>\n\u2727 \u00c4ndring av betyg<br \/>\n\u2727 Telefonnummer Revision<br \/>\n\u2727 Hela paketet, f\u00e5 tillg\u00e5ng till personliga eller f\u00f6retagets enheter och konton och s\u00f6ka efter den information du beh\u00f6ver.<br \/>\n\u2727 Skuldsanering<\/p>\n<p style=\"text-align: center;\">\u2727 Hackning av webbplats\/php-administrat\u00f6r (vi kan ge full \u00e5tkomst eller stj\u00e4la alla loggar eller all information)<br \/>\n\u2727 Pass, id-kort eller certifikat som kan fungera som det riktiga<br \/>\n\u2727 Sp\u00e5rning av geolokalisering\/telefonnummer<br \/>\n\u2727 Ekonomiskt spionage och f\u00f6retagsspionage<br \/>\n\u2727 F\u00e5nga upp otrogen partner \/ \u00f6vervakning av otrogen partner<br \/>\n\u2727 Mobil hackning\/mobil fj\u00e4rr\u00e5tkomst<\/p>\n<p style=\"text-align: center;\">\u2727 Hackning av konton i sociala medier eller kloning av \u00e5tkomst<br \/>\n\u2727 Vi kan hj\u00e4lpa dig att sp\u00e5ra vem som helst (ge oss bara giltig information om ditt offer)<br \/>\n\u2727 Driva kampanjer i sociala medier<br \/>\n\u2727 H\u00e4mndporr<br \/>\n\u2727 Tillg\u00e5ng till myndighets- och bolagsdatabas<\/p>\n<p style=\"text-align: center;\">\u2727 \u00c5tervinning av bevismaterial<br \/>\n\u2727 Rensa kriminella rrecords<br \/>\n\u2727 Hackning av spel<br \/>\n\u2727 M\u00e5lrevision<br \/>\nOm du ocks\u00e5 beh\u00f6ver hyra en hacker fr\u00e5n oss f\u00f6r ditt privata bruk (vi debiterar per timme utf\u00f6rt arbete);<\/p>\n<h3 style=\"text-align: center;\">Vad g\u00f6r oss till ditt b\u00e4sta val<\/h3>\n<p style=\"text-align: center;\">Det ger oss enormt n\u00f6je och stolthet att s\u00e4ga att v\u00e5ra tj\u00e4nster \u00e4r som ingen annan. Hackarteamet best\u00e5r av de mest professionella, skickliga och erfarna hackarna som kan uppn\u00e5 alla uppgifter till hands<\/p>\n<p style=\"text-align: center;\">Och det \u00e4r inte slutet p\u00e5 det! Detta team av hackare \u00e4r helt och strikt etiskt och<br \/>\ncertifierade, s\u00e5 om du \u00e4r orolig f\u00f6r att f\u00e5 problem n\u00e4r du utnyttjar v\u00e5ra tj\u00e4nster, var<br \/>\nS\u00e4kert!<\/p>\n<h3 style=\"text-align: center;\">Anlita professionella hackare<\/h3>\n<p style=\"text-align: center;\">Och du har redan g\u00e5tt igenom de otaliga tj\u00e4nster genom vilka vi kan erbjuda v\u00e5ra<br \/>\nhj\u00e4lp. S\u00e5 oavsett omfattningen av dina problem kan du hitta l\u00f6sningen p\u00e5<br \/>\nvarenda en av dem p\u00e5 en och samma plattform.<br \/>\nOavsett om det handlar om att \u00e5terst\u00e4lla f\u00f6rlorade l\u00f6senord eller din kryptovalutatransaktion, har vi dig<br \/>\nt\u00e4ckt.<\/p>\n<p>&nbsp;<\/p>\n<h3 style=\"text-align: center;\">\u00c4r det s\u00e4kert att anst\u00e4lla en hacker online<\/h3>\n<p style=\"text-align: center;\">Ja, det \u00e4r s\u00e4kert att hyra en hacker online fr\u00e5n oss. Vi \u00e4r en professionell grupp av hackare med svart hatt. Vi har byggt f\u00f6rtroende f\u00f6r v\u00e5ra uppskattade kunder och har noll chanser att spela n\u00e5gra spel med dem. M\u00e5nga m\u00e4nniskor kommer till oss med olika behov, som kan inkludera professionella hackartj\u00e4nster, personliga behov, f\u00f6retagsrelaterade fr\u00e5gor s\u00e5v\u00e4l som politiska fr\u00e5gor. Vi g\u00f6r inte besvikelse i n\u00e5gon situation och om du k\u00e4nner att du beh\u00f6ver en professionell f\u00f6r att hj\u00e4lpa dig med e-postl\u00f6senord, systemet samt webbplatshackning, tveka inte.<\/p>\n<h3 style=\"text-align: center;\">Professionella hackare f\u00f6r uthyrning<\/h3>\n<p style=\"text-align: center;\">N\u00e5gra av v\u00e5ra kunder anv\u00e4nder v\u00e5ra tj\u00e4nster f\u00f6r att testa styrkan i sina n\u00e4tverk och det h\u00e4r \u00e4r n\u00e5got som vi g\u00f6r till v\u00e5r b\u00e4sta niv\u00e5. Om du vill anst\u00e4lla en hacker f\u00f6r att hacka en webbplatsdatabas eller telefon, \u00e5terst\u00e4lla f\u00f6rlorade medel eller ett e-postl\u00f6senord f\u00f6r en gynnsam avgift, kontakta oss omedelbart. V\u00e5ra priser \u00e4r rimliga och vi accepterar bitcoins Processen \u00e4r v\u00e4ldigt enkel eftersom klienten skickar oss detaljerna eller sakerna som han beh\u00f6ver hackas, s\u00e4tter in 50% av betalningen och betalar resterande 50% efter att hacket \u00e4r klart.<\/p>\n<h3 style=\"text-align: center;\">Verifierade hackare<\/h3>\n<p>Vi \u00e4r etiska hackare och privata utredare till din tj\u00e4nst. Varje medlem i v\u00e5rt team \u00e4r v\u00e4l erfaren inom sina olika nischer. Vi har Digital Forensic Specialists, Certified Ethical Hackers, Computer Engineers, Cyber Security Experts, Private investigators och mer i v\u00e5rt team. V\u00e5rt m\u00e5l \u00e4r att g\u00f6ra ditt digitala liv s\u00e4kert, tryggt och problemfritt.<\/p>\n<h3 style=\"text-align: center;\">Etiska hackare<\/h3>\n<p>Varje dag drabbas hundratusentals m\u00e4nniskor i v\u00e4rlden av att konton p\u00e5 sociala medier som Facebook, Snapchat, Instagram, e-postmeddelanden, mobiltelefoner, d\u00e5ligt rykte p\u00e5 n\u00e4tet, ID-st\u00f6ld och mycket mer komprometteras. Identitetsst\u00f6ld kan anv\u00e4ndas f\u00f6r att bedr\u00e4gligt ans\u00f6ka om kredit, sociala konton, filskatter, medicinsk, f\u00f6rs\u00e4kring etc. Vi p\u00e5 HACKERS FOR HIRE (dot) io kan hj\u00e4lpa dig att f\u00f6rsvara dig mot alla ovan n\u00e4mnda hot.<\/p>\n<h3 style=\"text-align: center;\">Tj\u00e4nster f\u00f6r hackning<\/h3>\n<p>Vi hj\u00e4lper dig att skydda dina data, sociala konton, telefoner, datorer och identitet och vi har ocks\u00e5 kunder som vill sp\u00e5ra hackaren, lokalisera n\u00e5gon, utredning av otrogen make, \u00e5terst\u00e4lla f\u00f6rlorade data, hantera online-rykte etc. Vi \u00e4r h\u00e4r f\u00f6r att f\u00f6rse dig med l\u00f6sningar f\u00f6r alla s\u00e5dana behov.<\/p>\n<div class=\"container section-title-container\" ><h3 class=\"section-title section-title-center\"><b><\/b><span class=\"section-title-main\" style=\"font-size:109%;\">ANONYM HACKARE<\/span><b><\/b><\/h3><\/div>\n[ux_products style=&#8221;normal&#8221; type=&#8221;row&#8221; equalize_box=&#8221;true&#8221; cat=&#8221;19,17,18&#8243; orderby=&#8221;rand&#8221; image_hover=&#8221;zoom&#8221; image_hover_alt=&#8221;zoom-long&#8221; text_padding=&#8221;0px 0px 0px 0px&#8221;]","protected":false},"excerpt":{"rendered":"<p>HIRE ANONYMOUS HACKERS Hiring a Professional hacker is hard to come by these days but with Hireanonymoushackers, you can connect with proven performers in the hacking world in a matter of seconds. Have you been having lots of difficulties getting the right hacker for your hacking projects? Find the right hacker today on Hireanonymoushackers.com with [&#8230;]","protected":false},"author":1,"featured_media":782,"parent":0,"menu_order":0,"comment_status":"closed","ping_status":"closed","template":"page-blank.php","meta":{"_acf_changed":false,"footnotes":""},"class_list":["post-10","page","type-page","status-publish","has-post-thumbnail","hentry"],"acf":[],"_links":{"self":[{"href":"https:\/\/hireanonymoushackers.com\/sv\/wp-json\/wp\/v2\/pages\/10","targetHints":{"allow":["GET"]}}],"collection":[{"href":"https:\/\/hireanonymoushackers.com\/sv\/wp-json\/wp\/v2\/pages"}],"about":[{"href":"https:\/\/hireanonymoushackers.com\/sv\/wp-json\/wp\/v2\/types\/page"}],"author":[{"embeddable":true,"href":"https:\/\/hireanonymoushackers.com\/sv\/wp-json\/wp\/v2\/users\/1"}],"replies":[{"embeddable":true,"href":"https:\/\/hireanonymoushackers.com\/sv\/wp-json\/wp\/v2\/comments?post=10"}],"version-history":[{"count":54,"href":"https:\/\/hireanonymoushackers.com\/sv\/wp-json\/wp\/v2\/pages\/10\/revisions"}],"predecessor-version":[{"id":876,"href":"https:\/\/hireanonymoushackers.com\/sv\/wp-json\/wp\/v2\/pages\/10\/revisions\/876"}],"wp:featuredmedia":[{"embeddable":true,"href":"https:\/\/hireanonymoushackers.com\/sv\/wp-json\/wp\/v2\/media\/782"}],"wp:attachment":[{"href":"https:\/\/hireanonymoushackers.com\/sv\/wp-json\/wp\/v2\/media?parent=10"}],"curies":[{"name":"wp","href":"https:\/\/api.w.org\/{rel}","templated":true}]}}