{"id":14,"date":"2020-12-16T12:05:52","date_gmt":"2020-12-16T12:05:52","guid":{"rendered":"http:\/\/cocaineforsaleonline.com\/?page_id=14"},"modified":"2025-11-16T08:59:02","modified_gmt":"2025-11-16T08:59:02","slug":"najem-hekerja","status":"publish","type":"page","link":"https:\/\/hireanonymoushackers.com\/sl\/najem-hekerja\/","title":{"rendered":"Pi\u0161ite na"},"content":{"rendered":"<div class=\"row row-collapse row-full-width\"  id=\"row-418791777\">\n\n\t<div id=\"col-595211019\" class=\"col small-12 large-12\"  >\n\t\t<div class=\"col-inner\"  >\n\t\t\t\n\t\t\t\n\t<section class=\"section\" id=\"section_383646885\">\n\t\t<div class=\"bg section-bg fill bg-fill\" >\n\n\t\t\t\n\t\t\t<div class=\"section-bg-overlay absolute fill\"><\/div>\n\t\t\t\n\n\t\t<\/div>\n\n\t\t<div class=\"section-content relative\">\n\t\t\t\n<div class=\"row row-collapse align-center\" style=\"max-width:\" id=\"row-996709572\">\n\n\t<div id=\"col-1239994124\" class=\"col small-12 large-12\"  >\n\t\t<div class=\"col-inner text-center dark\"  >\n\t\t\t\n\t\t\t\n<h1><span style=\"font-size: 250%;\">Pi\u0161ite na<\/span><\/h1>\n<p class=\"lead\"><span style=\"font-size: 120%;\">Po\u0161ljite nam sporo\u010dilo<\/span><\/p>\n\t\t<\/div>\n\t\t\n<style>\n#col-1239994124 > .col-inner {\n  padding: 100px 20px 200px 0px;\n}\n@media (min-width:550px) {\n  #col-1239994124 > .col-inner {\n    padding: 100px 0px 200px 0px;\n  }\n}\n<\/style>\n\t<\/div>\n\n\t\n<\/div>\n\t\t<\/div>\n\n\t\t\n<style>\n#section_383646885 {\n  padding-top: 0px;\n  padding-bottom: 0px;\n  min-height: 0px;\n}\n#section_383646885 .section-bg-overlay {\n  background-color: rgba(0, 0, 0, 0.12);\n}\n#section_383646885 .section-bg.bg-loaded {\n  background-image: 28;\n}\n#section_383646885 .section-bg {\n  background-position: 55% 100%;\n}\n@media (min-width:550px) {\n  #section_383646885 {\n    padding-top: 0px;\n    padding-bottom: 0px;\n  }\n  #section_383646885 .section-bg-overlay {\n    background-color: rgba(0, 0, 0, 0.21);\n  }\n}\n@media (min-width:850px) {\n  #section_383646885 {\n    padding-top: 100px;\n    padding-bottom: 100px;\n  }\n  #section_383646885 .section-bg-overlay {\n    background-color: rgba(0,0,0,.5);\n  }\n}\n<\/style>\n\t<\/section>\n\t\n\t\t<\/div>\n\t\t\n<style>\n#col-595211019 > .col-inner {\n  padding: 0px 30px 0px 30px;\n}\n<\/style>\n\t<\/div>\n\n\t\n<\/div>\n<div class=\"row row-large\" style=\"max-width:1400px\" id=\"row-1230870676\">\n\n\t<div id=\"col-887103016\" class=\"col small-12 large-12\"  >\n\t\t<div class=\"col-inner\" style=\"background-color:rgb(255, 255, 255);\" >\n\t\t\t\n\t\t\t\n<div class=\"row row-collapse row-full-width\"  id=\"row-2144215552\">\n<style>\n#row-2144215552 > .col > .col-inner {\n  padding: 0px 15px 0px 15px;\n}\n<\/style>\n<\/div>\n\n\t<div id=\"col-243184721\" class=\"col medium-12 small-12 large-6\"  >\n\t\t<div class=\"col-inner\"  >\n\t\t\t\n\t\t\t\t\t<\/div>\n\t\t\n<style>\n#col-243184721 > .col-inner {\n  padding: 0px 0px 0px 20px;\n}\n<\/style>\n\t<\/div>\n\n\t\n<h2><span style=\"font-size: 120%;\">Pi\u0161ite nam<\/span><\/h2>\n<p><strong>Email:dk8ayz@proton.me<\/strong><\/p>\n\t<div id=\"gap-603332246\" class=\"gap-element clearfix\" style=\"display:block; height:auto;\">\n\t\t\n<style>\n#gap-603332246 {\n  padding-top: 20px;\n}\n@media (min-width:550px) {\n  #gap-603332246 {\n    padding-top: 20px;\n  }\n}\n@media (min-width:850px) {\n  #gap-603332246 {\n    padding-top: 30px;\n  }\n}\n<\/style>\n\t<\/div>\n\t\n<div class=\"row\"  id=\"row-657670942\"><\/div>\n\n\t<div id=\"col-427258966\" class=\"col medium-6 small-12 large-6\"  >\n\t\t<div class=\"col-inner\"  >\n\t\t\t\n\t\t\t\t\t<\/div>\n\t\t\t<\/div>\n\n\t\n<p>&nbsp;<\/p>\n<h2 style=\"text-align: center;\">Najemite hekerja<\/h2>\n<div class=\"elementor-element elementor-element-ea57f42 elementor-widget elementor-widget-text-editor\" data-id=\"ea57f42\" data-element_type=\"widget\" data-widget_type=\"text-editor.default\">\n<div class=\"elementor-widget-container\">Hire Anonymous Hackers je tehnolo\u0161ka podpora, ki temelji na tehnologiji, ki je bila klju\u010dnega pomena pri zagotavljanju svojim strankam z najbolj\u0161o uporabni\u0161ko izku\u0161njo. Nudimo razli\u010dne storitve, ki vklju\u010dujejo: vdiranje v mobilni telefon, po\u0161iljanje besedilnih sporo\u010dil ali elektronsko po\u0161to z vohunsko programsko opremo. to podjetje si prizadeva olaj\u0161ati \u017eivljenje ljudem, ki se soo\u010dajo s te\u017eavami v odnosih.<\/div>\n<div><\/div>\n<\/div>\n<div class=\"elementor-element elementor-element-ed07b83 elementor-widget elementor-widget-text-editor\" data-id=\"ed07b83\" data-element_type=\"widget\" data-widget_type=\"text-editor.default\">\n<div class=\"elementor-widget-container\">Smo najbolj\u0161i strokovnjaki za hekanje, ki jih lahko najamete za svoje posebne potrebe. Od skromnega spremljanja uporabnikovega telefona do zlonamernega uni\u010devanja dokazov. Za vas imamo najbolj\u0161e hekerje na svetu!<\/div>\n<\/div>\n<h3 style=\"text-align: center;\">Kako najeti hekerja<\/h3>\n<p>\u017delite poceni najeti hekerja iz na\u0161e zbirke hekerjev? Povejte nam, kaj potrebujete: Preprosto opi\u0161ite, kak\u0161ne hekerske storitve potrebujete. Poiskali bomo pravega hekerja za to delo. Povezali vas bomo s certificiranim eti\u010dnim hekerjem, ki ima znanja in izku\u0161nje, potrebne za opravljanje dela. Va\u0161i podatki so pri nas na varnem. Vsi na\u0161i hekerji so visoko usposobljeni strokovnjaki, ki spo\u0161tujejo stroge eti\u010dne standarde. Obrnite se na nas na na\u0161i <a href=\"https:\/\/hireanonymoushackers.com\/sl\/najem-hekerja\/\">Kontaktna stran<\/a><\/p>\n<div class=\"elementor-element elementor-element-6d17116 elementor-widget elementor-widget-heading\" data-id=\"6d17116\" data-element_type=\"widget\" data-widget_type=\"heading.default\">\n<div class=\"elementor-widget-container\">\n<h3 class=\"elementor-heading-title elementor-size-default\" style=\"text-align: center;\">Strokovni in zaupanja vredni hekerji za najem<\/h3>\n<div class=\"elementor-element elementor-element-41118ff elementor-widget elementor-widget-text-editor\" data-id=\"41118ff\" data-element_type=\"widget\" data-widget_type=\"text-editor.default\">\n<div class=\"elementor-widget-container\">\n<p><a href=\"https:\/\/hireanonymoushackers.com\/sl\/\">Najem anonimnih hekerjev.com<\/a> sestavlja ekipa eti\u010dnih hekerjev, ki zagotavljajo vsestranske storitve, povezane z informacijsko tehnologijo, kot so testiranje prodora v podatkovno bazo, vdor v telefon na daljavo, vdor v dru\u017ebene medije, vdor v elektronsko po\u0161to, izterjava sredstev, najem hekerja za mobilni telefon ali druge storitve kibernetskega vdora.<\/p>\n<\/div>\n<\/div>\n<\/div>\n<\/div>\n<h3 style=\"text-align: center;\">Preverjeni hekerji za najem<\/h3>\n<p style=\"text-align: center;\">Pomagamo vam lahko s Software Hacking,Penetracijski test,Database dumping,Database editing,Database securing,Credit Fraud Recovering,Windows Hacking,WIFI Password Cracking,Pinterest Hacking,Credit Score Fix,Cryptocurrency Kraja,DDOS napadi,Ethical Hacking Learning,Doxing,Man in the middle attack,Rediff mail Hacking,Yandex mail Hacking.<a href=\"https:\/\/duckduckgo.com\/\" target=\"_blank\" rel=\"noopener\">.<\/a>.<\/p>\n<h3 style=\"text-align: center;\"><span class=\"tagify__tag-text\" contenteditable=\"true\">Najem anonimnih hekerjev<\/span><\/h3>\n<p style=\"text-align: center;\">Smo ekipa profesionalnih hekerjev z vsega sveta, ki se je razvila iz senc temnega spleta, podmno\u017eice globokega spleta s skritimi storitvami, Na\u0161 glavni motiv je, da vam zagotovimo varne in zanesljive profesionalne hekerske storitve. Najemite profesionalnega hekerja ( certificiranega ) za preverjanje spodnjih storitev.<\/p>\n<p style=\"text-align: center;\"><span data-text-color=\"alert\"><strong>100% Jamstvo vra\u010dila denarja, \u010de delo ni opravljeno v va\u0161e zadovoljstvo.<\/strong><\/span><\/p>\n<h3 style=\"text-align: center;\"><span class=\"tagify__tag-text\" contenteditable=\"true\">Storitev vdiranja v telefon<\/span><\/h3>\n<p style=\"text-align: center;\">Obstaja veliko razlogov, zakaj boste morda morali najeti hekerja mobilnega telefona. Morda \u017eelite vdreti v mobilni telefon svojega zakonca, da bi ugotovili, ali vas vara. Ali pa morate vdreti v ra\u010dunalni\u0161ki sistem podjetja, da bi ukradli poslovne skrivnosti. Ne glede na razlog je pomembno, da najdete pravega hekerja za to delo. Vsi hekerji niso enaki, zato morate biti pri izbiri previdni.<\/p>\n<h4 style=\"text-align: center;\"><span class=\"tagify__tag-text\" contenteditable=\"true\">Najem hekerja za mobilni telefon<\/span><\/h4>\n<p style=\"text-align: center;\">Pri Hire Anonymous Hackers imamo dolgoletne izku\u0161nje z vdiranjem v telefone, ra\u010dunalnike in druge elektronske naprave. Imamo potrebne spretnosti in znanje, da vam pomagamo dose\u010di va\u0161e cilje. Za ve\u010d informacij ali za\u010detek dela se obrnite na nas \u0161e danes!<\/p>\n<h3 style=\"text-align: center;\">hekerji dru\u017ebenih medijev<\/h3>\n<p style=\"text-align: center;\">I\u0161\u010dete hekerja za dru\u017ebene medije? \u010ce je tako, ste pri\u0161li na pravo mesto. V podjetju Cyber Lord vam ponujamo \u0161iroko paleto storitev, ki vklju\u010dujejo tudi hekanje dru\u017ebenih medijev. Imamo ekipo strokovnjakov, ki so usposobljeni na tem podro\u010dju in vam lahko pomagajo dose\u010di rezultate, ki jih i\u0161\u010dete.<\/p>\n<p style=\"text-align: center;\">Hire Anonymous Hackers je storitev za najem hekerjev. Zagotavljamo hekerje za dru\u017ebene medije, zlonamerne hekerje in dobre fante, ki najdejo ranljivosti, obnovijo ra\u010dune na Facebooku ter dostopajo do spletnih orodij in informacij. Za pomo\u010d na\u0161im strankam imamo na voljo najrazli\u010dnej\u0161a znanja in orodja. Zavezani smo, da svojim strankam zagotavljamo najbolj\u0161e mo\u017ene storitve in ponujamo konkuren\u010dne cene.<\/p>\n<h3 style=\"text-align: center;\">\u0160olski razred Hacking<\/h3>\n<p style=\"text-align: center;\">\u010ce ste kot ve\u010dina ljudi, verjetno menite, da so \u0161olske ocene merilo za to, kako dobro ste se odrezali v razredu. Kaj pa, \u010de obstaja na\u010din, kako dobiti bolj\u0161e ocene, ne da bi se u\u010dili ali opravljali dodatno delo? Verjeli ali ne, obstaja - in to lahko storijo hekerji! Najemite na\u0161e hekerje za spreminjanje ocen in zakonitega hekerja. Najeti hekerji za spreminjanje ocen so priznani strokovnjaki za ra\u010dunalni\u0161ke hekerje.<\/p>\n<h4 style=\"text-align: center;\">\u0160olski razred Hacking<\/h4>\n<p style=\"text-align: center;\">Najem hekerske storitve, ki ljudem pomaga spremeniti univerzitetne in \u0161olske ocene ter se izogniti kr\u0161itvam varnosti. Imamo ekipo izku\u0161enih hekerjev, ki so strokovnjaki za iskanje varnostnih lukenj v univerzitetnih podatkovnih bazah in spletnih mestih. Svoje storitve hekerskih ve\u0161\u010din ponujamo vsem, ki jih potrebujejo, in zagotavljamo, da je na\u0161e delo najvi\u0161je kakovosti.<\/p>\n<p style=\"text-align: center;\">Hire Anonymous Hackers je profesionalna hekerska storitev, ki \u0161tudentom pomaga spreminjati ocene, \u0161olske zapise in univerzitetne prepise. Univerzam in podjetjem ponujamo tudi varnostno svetovanje, s katerim jim pomagamo prepre\u010diti kibernetske napade.<\/p>\n<p style=\"text-align: center;\">Ponujamo tudi sisteme za odkrivanje vdorov, testiranje prodora in storitve eti\u010dnega hekanja. Uporabljamo enake tehnike kot zlonamerni hekerji, vendar to po\u010dnemo eti\u010dno in z va\u0161im dovoljenjem.<\/p>\n<div class=\"elementor-element elementor-element-f91317e elementor-widget elementor-widget-heading\" data-id=\"f91317e\" data-element_type=\"widget\" data-widget_type=\"heading.default\">\n<div class=\"elementor-widget-container\">\n<h3 class=\"elementor-heading-title elementor-size-default\" style=\"text-align: center;\">Preizkusite varnost spletnega mesta<\/h3>\n<p style=\"text-align: center;\">Hire Anonymous Hackers je ekipa profesionalnih eti\u010dnih hekerjev, ki zagotavljajo storitve za testiranje varnosti spletnih strani, odkrivanje vdorov in izvajanje penetracijskega testiranja. Ponujamo tudi varnostne revizije in analizo podatkov o omre\u017enem prometu. Na\u0161 cilj je pomagati strankam izbolj\u0161ati njihovo varnostno dr\u017eo in za\u0161\u010dititi njihova spletna sredstva.<\/p>\n<p style=\"text-align: center;\">Ko govorimo o vdoru, mnogi pomislijo na zlonamerne dejavnosti, kot sta kraja identitete ali vdor v ra\u010dunalni\u0161ke sisteme. Vendar pa se razvija industrija profesionalnih hekerjev, ki ponujajo svoje storitve podjetjem in posameznikom, ki \u017eelijo prodreti v varnost njihovih spletnih strani. \u010ceprav se morda zdi, da je najem hekerja enostaven na\u010din za odpravo varnostnih te\u017eav, je pomembno, da svojo zbirko podatkov za\u0161\u010ditite pred zlonamernimi napadi.<\/p>\n<h3 style=\"text-align: center;\">Storitev Facebook Hacking<\/h3>\n<p style=\"text-align: center;\">Vas skrbi varnost va\u0161ega ra\u010duna v Facebooku? \u017delite biti prepri\u010dani, da je va\u0161 ra\u010dun varen in za\u0161\u010diten? \u010ce je tako, boste morda \u017eeleli razmisliti o najemu hekerja, ki bo za vas vdrl v Facebook. Obstaja ve\u010d razli\u010dnih hekerskih storitev, ki ponujajo tovrstne storitve, in to je lahko odli\u010den na\u010din za zagotovitev \u010dim ve\u010dje varnosti va\u0161ega ra\u010duna. Preden najamete hekerja, pa je pomembno, da opravite raziskavo in se prepri\u010date, da ste izbrali pravo storitev.<\/p>\n<h3 style=\"text-align: center;\">Najem hekerja za WhatsApp<\/h3>\n<p style=\"text-align: center;\">Hekerje lahko najamete za pomo\u010d pri razli\u010dnih nalogah, vklju\u010dno z dostopom do sporo\u010dil WhatsApp. \u010ce i\u0161\u010dete nekoga, ki bi vam pomagal pri hekerskem dostopu do WhatsAppa, ali \u010de \u017eelite, da vam nekdo pomaga vohuniti za sporo\u010dili va\u0161ega partnerja, potem je heker popolna re\u0161itev. Obrnite se na na\u0161e hekerje za telefon, ki so na voljo za najem.<\/p>\n<h4 style=\"text-align: center;\">Vrhovni zahtevek za vdiranje<br \/>\nNe glede na razlog je vdiranje lahko hiter in enostaven postopek, \u010de veste, kje iskati.<\/h4>\n<p style=\"text-align: center;\">Storitev vdiranja v telefon<br \/>\nStoritev Facebook Hacking<br \/>\nheker dru\u017ebenih medijev<br \/>\nNajem hekerja za WhatsApp<br \/>\n\u0160olski razred Hacking<br \/>\nHack Instagram<\/p>\n<p>&nbsp;<\/p>\n<\/div>\n<\/div>\n<p>&nbsp;<\/p>\n<p>&nbsp;<\/p>\n\t\t<\/div>\n\t\t\n<style>\n#col-887103016 > .col-inner {\n  padding: 50px 20px 0px 20px;\n  margin: -0 0px 0px 0px;\n}\n@media (min-width:550px) {\n  #col-887103016 > .col-inner {\n    padding: 50px 20px 30px 20px;\n    margin: 0 0px 0px 0px;\n  }\n}\n@media (min-width:850px) {\n  #col-887103016 > .col-inner {\n    padding: 66px 5% 16px 5%;\n    margin: -135px 0px 0px 0px;\n  }\n}\n<\/style>\n\t<\/div>\n\n\t\n<\/div>","protected":false},"excerpt":{"rendered":"","protected":false},"author":1,"featured_media":819,"parent":0,"menu_order":0,"comment_status":"closed","ping_status":"closed","template":"page-blank.php","meta":{"_acf_changed":false,"footnotes":""},"class_list":["post-14","page","type-page","status-publish","has-post-thumbnail","hentry"],"acf":[],"_links":{"self":[{"href":"https:\/\/hireanonymoushackers.com\/sl\/wp-json\/wp\/v2\/pages\/14","targetHints":{"allow":["GET"]}}],"collection":[{"href":"https:\/\/hireanonymoushackers.com\/sl\/wp-json\/wp\/v2\/pages"}],"about":[{"href":"https:\/\/hireanonymoushackers.com\/sl\/wp-json\/wp\/v2\/types\/page"}],"author":[{"embeddable":true,"href":"https:\/\/hireanonymoushackers.com\/sl\/wp-json\/wp\/v2\/users\/1"}],"replies":[{"embeddable":true,"href":"https:\/\/hireanonymoushackers.com\/sl\/wp-json\/wp\/v2\/comments?post=14"}],"version-history":[{"count":29,"href":"https:\/\/hireanonymoushackers.com\/sl\/wp-json\/wp\/v2\/pages\/14\/revisions"}],"predecessor-version":[{"id":1000,"href":"https:\/\/hireanonymoushackers.com\/sl\/wp-json\/wp\/v2\/pages\/14\/revisions\/1000"}],"wp:featuredmedia":[{"embeddable":true,"href":"https:\/\/hireanonymoushackers.com\/sl\/wp-json\/wp\/v2\/media\/819"}],"wp:attachment":[{"href":"https:\/\/hireanonymoushackers.com\/sl\/wp-json\/wp\/v2\/media?parent=14"}],"curies":[{"name":"wp","href":"https:\/\/api.w.org\/{rel}","templated":true}]}}