{"id":10,"date":"2020-12-16T12:04:19","date_gmt":"2020-12-16T12:04:19","guid":{"rendered":"http:\/\/cocaineforsaleonline.com\/?page_id=10"},"modified":"2024-04-22T20:19:09","modified_gmt":"2024-04-22T20:19:09","slug":"home","status":"publish","type":"page","link":"https:\/\/hireanonymoushackers.com\/sl\/","title":{"rendered":"Domov"},"content":{"rendered":"<div class=\"banner has-hover show-for-small\" id=\"banner-1082514832\">\n          <div class=\"banner-inner fill\">\n        <div class=\"banner-bg fill\" >\n            <div class=\"bg fill bg-fill\"><\/div>\n                                    \n                    <\/div>\n        <div class=\"banner-layers container\">\n            <div class=\"fill banner-link\"><\/div>            \n        <\/div>\n      <\/div>\n\n              <div class=\"height-fix is-invisible\"><\/div>\n            \n<style>\n#banner-1082514832 {\n  background-color: rgb(247, 245, 244);\n}\n<\/style>\n  <\/div>\n\n\n\t<section class=\"section dark\" id=\"section_1815322567\">\n\t\t<div class=\"bg section-bg fill bg-fill\" >\n\n\t\t\t\n\t\t\t<div class=\"section-bg-overlay absolute fill\"><\/div><button class=\"scroll-for-more z-5 icon absolute bottom h-center\"><i class=\"icon-angle-down\" style=\"font-size:42px;\"><\/i><\/button>\n\t\t\t\n\n\t\t<\/div>\n\n\t\t<div class=\"section-content relative\">\n\t\t\t\n<div class=\"row align-middle\"  id=\"row-1714906908\">\n\n\t<div id=\"col-1074828931\" class=\"col medium-8 small-12 large-8\"  >\n\t\t<div class=\"col-inner\"  >\n\t\t\t\n\t\t\t\n<h6 class=\"uppercase\">Najemite hekerja<\/h6>\n<h1 style=\"font-size: 350%; line-height: 100%;\">Najem anonimnih hekerjev<\/h1>\n<p>Anonimni hekerji za najem<\/p>\n<h1 style=\"font-size: 200%;\">Anonymous Hackers Uradna spletna stran<\/h1>\n<div class=\"row row-collapse\"  id=\"row-442403084\">\n\n\t<div id=\"col-1411228161\" class=\"col medium-6 small-12 large-6\"  >\n\t\t<div class=\"col-inner\"  >\n\t\t\t\n\t\t\t\n<a data-animate=\"blurIn\" href=\"https:\/\/hireanonymoushackers.com\/sl\/najem-hekerja\/\" target=\"_self\" class=\"button secondary is-large lowercase expand\"  style=\"border-radius:4px;\">\n  <i class=\"icon-star\" ><\/i>  <span>Pi\u0161ite nam<\/span>\n  <\/a>\n\n\t\t<\/div>\n\t\t\t<\/div>\n\n\t\n\n<style>\n#row-442403084 > .col > .col-inner {\n  padding: 0px 5px 0px 5px;\n}\n<\/style>\n<\/div>\n\t\t<\/div>\n\t\t\t<\/div>\n\n\t\n<\/div>\n\t\t<\/div>\n\n\t\t\n<style>\n#section_1815322567 {\n  padding-top: 60px;\n  padding-bottom: 60px;\n  min-height: 600px;\n  background-color: rgb(255,255,255);\n}\n#section_1815322567 .section-bg-overlay {\n  background-color: rgb(45, 78, 103);\n}\n#section_1815322567 .section-bg.bg-loaded {\n  background-image: 28;\n}\n@media (min-width:550px) {\n  #section_1815322567 .section-bg-overlay {\n    background-color: rgba(0, 0, 0, 0.5);\n  }\n}\n@media (min-width:850px) {\n  #section_1815322567 .section-bg-overlay {\n    background-color: rgba(0,0,0,.5);\n  }\n}\n<\/style>\n\t<\/section>\n\t\n\t<section class=\"section\" id=\"section_2014074675\">\n\t\t<div class=\"bg section-bg fill bg-fill  bg-loaded\" >\n\n\t\t\t\n\t\t\t\n\t\t\t\n\n\t\t<\/div>\n\n\t\t<div class=\"section-content relative\">\n\t\t\t\t\t<\/div>\n\n\t\t\n<style>\n#section_2014074675 {\n  padding-top: 0px;\n  padding-bottom: 0px;\n}\n<\/style>\n\t<\/section>\n\t\n\t<div id=\"gap-30456520\" class=\"gap-element clearfix\" style=\"display:block; height:auto;\">\n\t\t\n<style>\n#gap-30456520 {\n  padding-top: 59px;\n}\n<\/style>\n\t<\/div>\n\t\n<div class=\"row\"  id=\"row-1449655386\"><\/div>\n\n\t<div id=\"col-993003474\" class=\"col small-12 large-12\"  >\n\t\t<div class=\"col-inner\"  >\n\t\t\t\n\t\t\t\t\t<\/div>\n\t\t\t<\/div>\n\n\t\n<h2 style=\"text-align: center;\">NAJEM ANONIMNIH HEKERJEV<\/h2>\n<p style=\"text-align: center;\">V teh dneh je te\u017eko najti profesionalnega hekerja, vendar se lahko s Hireanonymoushackers v nekaj sekundah pove\u017eete s preizku\u0161enimi izvajalci v svetu hekerstva. Imate veliko te\u017eav pri iskanju pravega hekerja za svoje hekerske projekte? Poi\u0161\u010dite pravega hekerja \u0161e danes na <a href=\"https:\/\/hireanonymoushackers.com\/sl\/\">Najem anonimnih hekerjev.com<\/a> z visoko usposobljenimi profesionalnimi hekerji svetovnega razreda, ki so v pripravljenosti, da vam pomagajo dose\u010di uspeh pri va\u0161em(-ih) hekerskem(-ih) projektu(-ih).<\/p>\n<h3 style=\"text-align: center;\">Zanesljivi hekerji<\/h3>\n<p style=\"text-align: center;\">Na\u0161a na novo uvedena storitev Escrow Service vas bo prav tako za\u0161\u010ditila pred kakr\u0161no koli obliko ranljivosti pri pla\u010dilu na\u0161im hekerjem. Va\u0161e pla\u010dilo bo varno shranjeno v storitvi escrow, ki ima kon\u010dno pravico do hranjenja in izpla\u010dila pla\u010dila in bo to storila le po va\u0161em pooblastilu, ko boste zadovoljni z delom, ki vam ga je dostavil dodeljeni heker.<\/p>\n<p><img decoding=\"async\" class=\"wp-image-795 lazyload\" data-src=\"https:\/\/hireanonymoushackers.io\/wp-content\/uploads\/2023\/06\/5-star-300x158.jpg\" alt=\"Anonimni hekerji\" width=\"30\" height=\"16\" data-srcset=\"https:\/\/hireanonymoushackers.com\/wp-content\/uploads\/2023\/06\/5-star-300x158.jpg 300w, https:\/\/hireanonymoushackers.com\/wp-content\/uploads\/2023\/06\/5-star-1024x539.jpg 1024w, https:\/\/hireanonymoushackers.com\/wp-content\/uploads\/2023\/06\/5-star-768x404.jpg 768w, https:\/\/hireanonymoushackers.com\/wp-content\/uploads\/2023\/06\/5-star-600x316.jpg 600w, https:\/\/hireanonymoushackers.com\/wp-content\/uploads\/2023\/06\/5-star.jpg 1520w\" data-sizes=\"(max-width: 30px) 100vw, 30px\" src=\"data:image\/svg+xml;base64,PHN2ZyB3aWR0aD0iMSIgaGVpZ2h0PSIxIiB4bWxucz0iaHR0cDovL3d3dy53My5vcmcvMjAwMC9zdmciPjwvc3ZnPg==\" style=\"--smush-placeholder-width: 30px; --smush-placeholder-aspect-ratio: 30\/16;\" \/><\/p>\n<h3 style=\"text-align: center;\">NAJEMITE HEKERJA<\/h3>\n<p style=\"text-align: center;\">Smo ekipa profesionalnih hekerjev z izku\u0161njami na razli\u010dnih podro\u010djih. \u017de ve\u010d kot 7 let nudimo storitve hekanja posameznikom in zasebnim ustanovam s kakovostnimi in diskretnimi storitvami hekanja, zdaj pa na\u0161e storitve ponujamo tudi vam. Ste \u017ee posku\u0161ali kupiti hekerske storitve na temnem spletu? Z rezultati niste bili zadovoljni? Samo prazne obljube, a nih\u010de ni opravil svojega dela?<\/p>\n<p style=\"text-align: center;\">Potem morate poskusiti Hire Hackers, najbolj zaupanja vredni hekerji za pridobivanje stvari. Za razliko od drugih na\u0161e cene niso najcenej\u0161e, a \u010de dela ne moremo opraviti, vam bomo v celoti povrnili stro\u0161ke.<a href=\"https:\/\/duckduckgo.com\/\" target=\"_blank\" rel=\"noopener\">.<\/a><\/p>\n<h3 style=\"text-align: center;\"><span class=\"tagify__tag-text\" contenteditable=\"true\">Hekerji za najem<\/span><\/h3>\n<p style=\"text-align: center;\">Najem Anonymous Hackers je strokovna skupina hekanje na voljo na spletu za zagotavljanje strokovne in edinstvene storitve za na\u0161e prijazne stranke po vsem svetu. Najemite hekerja v Zdru\u017eenem kraljestvu.<\/p>\n<p style=\"text-align: center;\">Na Hire Anonymous Hackers dostavo so izven mo\u017enih re\u0161itev, smo znani za najbolj\u0161e hekanje Storitve ponudnikov v letih delovanja na tem poslovnem podro\u010dju. Black hat hekerji za najem.<\/p>\n<p><img decoding=\"async\" class=\"wp-image-803 aligncenter lazyload\" data-src=\"https:\/\/hireanonymoushackers.io\/wp-content\/uploads\/2023\/06\/Hire-Hackers-Services-300x225.jpg\" alt=\"Najem hekerji Storitve\" width=\"59\" height=\"44\" data-srcset=\"https:\/\/hireanonymoushackers.com\/wp-content\/uploads\/2023\/06\/Hire-Hackers-Services-300x225.jpg 300w, https:\/\/hireanonymoushackers.com\/wp-content\/uploads\/2023\/06\/Hire-Hackers-Services.jpg 350w\" data-sizes=\"(max-width: 59px) 100vw, 59px\" src=\"data:image\/svg+xml;base64,PHN2ZyB3aWR0aD0iMSIgaGVpZ2h0PSIxIiB4bWxucz0iaHR0cDovL3d3dy53My5vcmcvMjAwMC9zdmciPjwvc3ZnPg==\" style=\"--smush-placeholder-width: 59px; --smush-placeholder-aspect-ratio: 59\/44;\" \/><\/p>\n<h3 style=\"text-align: center;\">Zaupanja vredni certificirani eti\u010dni hekerji za najem<\/h3>\n<p style=\"text-align: center;\">Na\u0161i hekerji se niso rodili kot hekerji, ve\u010dina na\u0161ih hekerjev je ve\u010d kot 10 let delala za razli\u010dna podjetja na podro\u010dju telekomunikacij, kibernetske varnosti, upravljanja stre\u017enikov in ve\u010dina, \u010de ne vsi, ima izku\u0161nje z delom za podjetja, ki gradijo razli\u010dne varnostne nastavitve za razli\u010dne aplikacije.<\/p>\n<p style=\"text-align: center;\">Z delom v tak\u0161nih podjetjih imajo na\u0161i hekerji prednost in popoln vpogled v delovanje varnosti za razli\u010dne aplikacije in strojno opremo.<\/p>\n<h3 style=\"text-align: center;\"><span class=\"tagify__tag-text\" contenteditable=\"true\">Najem hekerja<\/span><\/h3>\n<p style=\"text-align: center;\">Ponujamo najbolj\u0161o kakovost strokovnih hekerskih storitev, ki se ne more ujemati z drugimi hekerji za najem podjetja. Na\u0161i profesionalni hekerji imajo najnaprednej\u0161o tehniko hekanja za hekanje Facebook, Snapchat, Whatsapp, Twitter, Instagram, e-po\u0161tni ra\u010duni, Gmail, pametni telefon, spletna stran, baza podatkov in \u0161e veliko ve\u010d. Prav tako lahko zaprosite za prilagojen kramp. V teh dneh je najemanje profesionalnih hekerjev te\u017eko. Morda vas bodo prevarali za napa\u010dne hekerske storitve ali la\u017eni hekerji na internetu. Ne pustite se preslepiti prevarantom, ki ogla\u0161ujejo la\u017ene profesionalne hekerske storitve.<\/p>\n<h3 style=\"text-align: center;\"><span class=\"tagify__tag-text\" contenteditable=\"true\">Strokovne hekerske storitve<\/span><\/h3>\n<p style=\"text-align: center;\">Anonimni hekerji so pri\u0161li kot najbolj zanesljiva platforma za hekanje na svetu, kjer se sre\u010date s profesionalnimi hekerji za va\u0161e hekerske storitve. Z na\u0161imi hekerji v temnem spletu smo predani in si prizadevamo izpolniti va\u0161e hekerske zahteve. Zagotavljamo tudi 24-urne hekerske storitve, da boste svoje cilje dosegli brez kakr\u0161ne koli zamude. Hack univerzitetni stre\u017enik.<\/p>\n<h4 style=\"text-align: center;\">Najem hekerja za kramp spletne strani<\/h4>\n<p style=\"text-align: center;\">Kot vodilna platforma za hekanje smo ponosni, da lahko slu\u017eimo svojim strankam z vsega sveta. Na\u0161i certificirani hekerji so na\u0161a mo\u010d, zadovoljstvo strank pa na\u0161a glavna prednostna naloga. Imamo strokovnjake z razli\u010dnih hekerskih podro\u010dij in obljubljamo, da bomo vedno zagotovili hitro dostavo projektov. S \u0161iroko paleto hekerskih re\u0161itev vam utiramo pot do \u017eelenega hekerskega uspeha. Hekerske univerzitetne podatkovne zbirke.<\/p>\n<h3 style=\"text-align: center;\">Anonimni hekerji<\/h3>\n<p style=\"text-align: center;\">Anonymous Hackers je ekipa Antonymous Hackers, ki ponuja profesionalne hekerske storitve. Najemite hekerja za hekanje Facebooka, e-po\u0161te, spleta, baze podatkov ali telefona. Smo ekipa visoko usposobljenih in profesionalnih hekerjev, ki lahko vdre v vse dru\u017eabne ra\u010dune, e-po\u0161tne ra\u010dune, telefon, spletno stran ali podatkovno zbirko. 100% na\u0161im strankam zagotavljamo zasebnost in zaupnost. najem hekerja za Facebook.<\/p>\n<p><img decoding=\"async\" class=\"wp-image-795 aligncenter lazyload\" data-src=\"https:\/\/hireanonymoushackers.io\/wp-content\/uploads\/2023\/06\/5-star-300x158.jpg\" alt=\"Anonimni hekerji\" width=\"37\" height=\"19\" data-srcset=\"https:\/\/hireanonymoushackers.com\/wp-content\/uploads\/2023\/06\/5-star-300x158.jpg 300w, https:\/\/hireanonymoushackers.com\/wp-content\/uploads\/2023\/06\/5-star-1024x539.jpg 1024w, https:\/\/hireanonymoushackers.com\/wp-content\/uploads\/2023\/06\/5-star-768x404.jpg 768w, https:\/\/hireanonymoushackers.com\/wp-content\/uploads\/2023\/06\/5-star-600x316.jpg 600w, https:\/\/hireanonymoushackers.com\/wp-content\/uploads\/2023\/06\/5-star.jpg 1520w\" data-sizes=\"(max-width: 37px) 100vw, 37px\" src=\"data:image\/svg+xml;base64,PHN2ZyB3aWR0aD0iMSIgaGVpZ2h0PSIxIiB4bWxucz0iaHR0cDovL3d3dy53My5vcmcvMjAwMC9zdmciPjwvc3ZnPg==\" style=\"--smush-placeholder-width: 37px; --smush-placeholder-aspect-ratio: 37\/19;\" \/><\/p>\n<h3 style=\"text-align: center;\">Najem hekerji Storitve<\/h3>\n<p style=\"text-align: center;\">Na\u0161i hekerji za najem ponujajo \u0161iroko paleto profesionalnih hekerskih storitev.Na\u0161 cilj je, da bi vse vrste spletne za\u0161\u010dite za na\u0161e dragocene stranke.<br \/>\nNajemite hekerja za vse va\u0161e potrebe po hekanju. Najem hekerja za spremembo ocen<\/p>\n<h3 style=\"text-align: center;\">SEZNAMI STORITEV, KI JIH PONUJAMO<\/h3>\n<p style=\"text-align: center;\">\u2727 Mail hacking in nadzor, ki segajo od gmail, yahoo e-po\u0161te, strokovne e-po\u0161te&#8230;.to celo zavarovane po\u0161te s 4096bits \u0161ifriranjem<br \/>\n\u2727 Ugrabitev\/varovanje ra\u010dunalnika (windows, mac, linux distribucije... .)<br \/>\n\u2727 Sprememba razreda<br \/>\n\u2727 Telefonska \u0161tevilka Revizija<br \/>\n\u2727 Celoten paket za dostop do osebnih ali slu\u017ebenih naprav in ra\u010dunov ter iskanje potrebnih podatkov.<br \/>\n\u2727 Obra\u010dunavanje dolga<\/p>\n<p style=\"text-align: center;\">\u2727 Spletna stran \/ php admin hacking (lahko damo popoln dostop ali ukradejo vse dnevnik ali informacije)<br \/>\n\u2727 Potni list, ID-ji ali potrdila, ki lahko delujejo kot pravi<br \/>\n\u2727 Geolokacija\/sledenje telefonske \u0161tevilke<br \/>\n\u2727 Gospodarsko vohunjenje in vohunjenje podjetij<br \/>\n\u2727 Ujeti goljufivega partnerja \/ spremljanje goljufivega partnerja<br \/>\n\u2727 Mobilno vdiranje\/mobilni oddaljeni dostop<\/p>\n<p style=\"text-align: center;\">\u2727 vdori v ra\u010dune dru\u017ebenih medijev ali kloniranje dostopa<br \/>\n\u2727 Lahko vam pomagamo izslediti kogarkoli (samo nam dajte veljavne informacije o va\u0161i \u017ertvi)<br \/>\n\u2727 Izvedite kampanje v dru\u017eabnih medijih<br \/>\n\u2727 Pornografija ma\u0161\u010devanja<br \/>\n\u2727 Dostop do podatkovne zbirke vlade in podjetij<\/p>\n<p style=\"text-align: center;\">\u2727 Pridobivanje dokazov<br \/>\n\u2727 O\u010distite kazenske evidence<br \/>\n\u2727 Vdiranje v igre<br \/>\n\u2727 Ciljna revizija<br \/>\n\u010ce u prav tako potrebujete, da najamete hekerja od nas za zasebno uporabo (zara\u010dunavamo na ure opravljenega dela);<\/p>\n<h3 style=\"text-align: center;\">Zaradi \u010desa smo va\u0161a najbolj\u0161a izbira<\/h3>\n<p style=\"text-align: center;\">V veliko zadovoljstvo in ponos nam je, da lahko re\u010demo, da so na\u0161e storitve enake kot druge. Ekipo hekerjev sestavljajo najbolj strokovni, usposobljeni in izku\u0161eni hekerji, ki lahko opravijo vsako nalogo.<\/p>\n<p style=\"text-align: center;\">In to \u0161e ni konec! Ta ekipa hekerjev je popolnoma in strogo eti\u010dna in<br \/>\ncertificirani, zato, \u010de vas skrbi, da boste imeli te\u017eave pri kori\u0161\u010denju na\u0161ih storitev.<br \/>\nzagotovljeno!<\/p>\n<h3 style=\"text-align: center;\">Najemite profesionalne hekerje<\/h3>\n<p style=\"text-align: center;\">In \u017ee ste predstavili \u0161tevilne storitve, s katerimi lahko ponudimo svoje<br \/>\npomo\u010d. Tako lahko ne glede na obseg svojih te\u017eav najdete re\u0161itev za<br \/>\nvse na eni platformi.<br \/>\nNaj gre za obnovitev izgubljenih gesel ali transakcije s kriptovalutami, poskrbeli smo za vas.<br \/>\npokrito.<\/p>\n<p>&nbsp;<\/p>\n<h3 style=\"text-align: center;\">Ali je varno najeti hekerja na spletu<\/h3>\n<p style=\"text-align: center;\">Da, pri nas je varno najeti hekerja na spletu. Smo profesionalna skupina hekerjev s \u010drnim klobukom. Pri na\u0161ih cenjenih strankah smo zgradili zaupanje in nimamo nobenih mo\u017enosti, da bi se z njimi igrali kakr\u0161ne koli igre. Veliko ljudi se na nas obra\u010da z razli\u010dnimi potrebami, ki lahko vklju\u010dujejo profesionalne hekerske storitve, osebne potrebe, zadeve, povezane s podjetji, in tudi politi\u010dne zadeve. Ne razo\u010daramo v nobeni situaciji in \u010de menite, da potrebujete strokovnjaka, ki vam bo pomagal pri e-po\u0161tnih geslih, sistemu in tudi pri vdoru v spletno stran, potem ne oklevajte.<\/p>\n<h3 style=\"text-align: center;\">Profesionalni hekerji za najem<\/h3>\n<p style=\"text-align: center;\">Nekatere na\u0161e stranke uporabljajo na\u0161e storitve za testiranje mo\u010di svojih omre\u017eij, kar opravljamo po svojih najbolj\u0161ih mo\u010deh. \u010ce \u017eelite najeti hekerja, ki bo za ugodno pla\u010dilo vdrl v podatkovno bazo spletnega mesta ali telefon, povrnil izgubljena sredstva ali geslo za e-po\u0161to, se takoj obrnite na nas. Na\u0161e cene so razumne in sprejemamo bitcoine Postopek je zelo preprost, saj nam stranka po\u0161lje podatke ali stvari, ki jih potrebuje za vdor, polo\u017ei 50% pla\u010dila in pla\u010da preostalih 50% po kon\u010danem vdoru.<\/p>\n<h3 style=\"text-align: center;\">Preverjeni hekerji<\/h3>\n<p>Smo eti\u010dni hekerji in zasebni preiskovalci, ki so vam na voljo. Vsak \u010dlan na\u0161e ekipe ima veliko izku\u0161enj na razli\u010dnih podro\u010djih. V na\u0161i ekipi so strokovnjaki za digitalno forenziko, certificirani eti\u010dni hekerji, ra\u010dunalni\u0161ki in\u017eenirji, strokovnjaki za kibernetsko varnost, zasebni preiskovalci in drugi. Na\u0161 cilj je poskrbeti, da bo va\u0161e digitalno \u017eivljenje varno, zanesljivo in brez te\u017eav.<\/p>\n<h3 style=\"text-align: center;\">Eti\u010dni hekerji<\/h3>\n<p>Vsak dan je na stotine in tiso\u010de ljudi na svetu \u017ertev ogro\u017eanja ra\u010dunov v dru\u017eabnih omre\u017ejih, kot so Facebook, Snapchat, Instagram, tudi e-po\u0161te, mobilnih telefonov, slabega spletnega ugleda, kraje osebnih podatkov in \u0161tevilnih drugih. Kraja identitete se lahko uporabi za goljufivo prijavo za kredit, socialne ra\u010dune, prijavo davkov, zdravstvenih storitev, zavarovanja itd. V podjetju HACKERS FOR HIRE (dot) io vam lahko pomagamo pri obrambi pred vsemi zgoraj navedenimi gro\u017enjami.<\/p>\n<h3 style=\"text-align: center;\">Storitve vdiranja<\/h3>\n<p>Pomagamo vam za\u0161\u010dititi va\u0161e podatke, dru\u017ebene ra\u010dune, telefone, ra\u010dunalnike in identiteto, imamo pa tudi stranke, ki \u017eelijo izslediti hekerja, poiskati nekoga, preiskovati prevaro zakonca, obnoviti izgubljene podatke, upravljati spletni ugled itd. Tu smo, da vam ponudimo re\u0161itve za vse tovrstne potrebe.<\/p>\n<div class=\"container section-title-container\" ><h3 class=\"section-title section-title-center\"><b><\/b><span class=\"section-title-main\" style=\"font-size:109%;\">ANONIMNI HEKER<\/span><b><\/b><\/h3><\/div>\n[ux_products style=&#8221;normal&#8221; type=&#8221;row&#8221; equalize_box=&#8221;true&#8221; cat=&#8221;19,17,18&#8243; orderby=&#8221;rand&#8221; image_hover=&#8221;zoom&#8221; image_hover_alt=&#8221;zoom-long&#8221; text_padding=&#8221;0px 0px 0px 0px&#8221;]","protected":false},"excerpt":{"rendered":"<p>HIRE ANONYMOUS HACKERS Hiring a Professional hacker is hard to come by these days but with Hireanonymoushackers, you can connect with proven performers in the hacking world in a matter of seconds. Have you been having lots of difficulties getting the right hacker for your hacking projects? Find the right hacker today on Hireanonymoushackers.com with [&#8230;]","protected":false},"author":1,"featured_media":782,"parent":0,"menu_order":0,"comment_status":"closed","ping_status":"closed","template":"page-blank.php","meta":{"_acf_changed":false,"footnotes":""},"class_list":["post-10","page","type-page","status-publish","has-post-thumbnail","hentry"],"acf":[],"_links":{"self":[{"href":"https:\/\/hireanonymoushackers.com\/sl\/wp-json\/wp\/v2\/pages\/10","targetHints":{"allow":["GET"]}}],"collection":[{"href":"https:\/\/hireanonymoushackers.com\/sl\/wp-json\/wp\/v2\/pages"}],"about":[{"href":"https:\/\/hireanonymoushackers.com\/sl\/wp-json\/wp\/v2\/types\/page"}],"author":[{"embeddable":true,"href":"https:\/\/hireanonymoushackers.com\/sl\/wp-json\/wp\/v2\/users\/1"}],"replies":[{"embeddable":true,"href":"https:\/\/hireanonymoushackers.com\/sl\/wp-json\/wp\/v2\/comments?post=10"}],"version-history":[{"count":54,"href":"https:\/\/hireanonymoushackers.com\/sl\/wp-json\/wp\/v2\/pages\/10\/revisions"}],"predecessor-version":[{"id":876,"href":"https:\/\/hireanonymoushackers.com\/sl\/wp-json\/wp\/v2\/pages\/10\/revisions\/876"}],"wp:featuredmedia":[{"embeddable":true,"href":"https:\/\/hireanonymoushackers.com\/sl\/wp-json\/wp\/v2\/media\/782"}],"wp:attachment":[{"href":"https:\/\/hireanonymoushackers.com\/sl\/wp-json\/wp\/v2\/media?parent=10"}],"curies":[{"name":"wp","href":"https:\/\/api.w.org\/{rel}","templated":true}]}}