{"id":14,"date":"2020-12-16T12:05:52","date_gmt":"2020-12-16T12:05:52","guid":{"rendered":"http:\/\/cocaineforsaleonline.com\/?page_id=14"},"modified":"2025-11-16T08:59:02","modified_gmt":"2025-11-16T08:59:02","slug":"najat-hackera","status":"publish","type":"page","link":"https:\/\/hireanonymoushackers.com\/sk\/najat-hackera\/","title":{"rendered":"Kontakt"},"content":{"rendered":"<div class=\"row row-collapse row-full-width\"  id=\"row-1882497870\">\n\n\t<div id=\"col-918911709\" class=\"col small-12 large-12\"  >\n\t\t<div class=\"col-inner\"  >\n\t\t\t\n\t\t\t\n\t<section class=\"section\" id=\"section_1147373085\">\n\t\t<div class=\"bg section-bg fill bg-fill\" >\n\n\t\t\t\n\t\t\t<div class=\"section-bg-overlay absolute fill\"><\/div>\n\t\t\t\n\n\t\t<\/div>\n\n\t\t<div class=\"section-content relative\">\n\t\t\t\n<div class=\"row row-collapse align-center\" style=\"max-width:\" id=\"row-1786353754\">\n\n\t<div id=\"col-1539058301\" class=\"col small-12 large-12\"  >\n\t\t<div class=\"col-inner text-center dark\"  >\n\t\t\t\n\t\t\t\n<h1><span style=\"font-size: 250%;\">Kontakt<\/span><\/h1>\n<p class=\"lead\"><span style=\"font-size: 120%;\">Po\u0161lite n\u00e1m spr\u00e1vu<\/span><\/p>\n\t\t<\/div>\n\t\t\n<style>\n#col-1539058301 > .col-inner {\n  padding: 100px 20px 200px 0px;\n}\n@media (min-width:550px) {\n  #col-1539058301 > .col-inner {\n    padding: 100px 0px 200px 0px;\n  }\n}\n<\/style>\n\t<\/div>\n\n\t\n<\/div>\n\t\t<\/div>\n\n\t\t\n<style>\n#section_1147373085 {\n  padding-top: 0px;\n  padding-bottom: 0px;\n  min-height: 0px;\n}\n#section_1147373085 .section-bg-overlay {\n  background-color: rgba(0, 0, 0, 0.12);\n}\n#section_1147373085 .section-bg.bg-loaded {\n  background-image: 28;\n}\n#section_1147373085 .section-bg {\n  background-position: 55% 100%;\n}\n@media (min-width:550px) {\n  #section_1147373085 {\n    padding-top: 0px;\n    padding-bottom: 0px;\n  }\n  #section_1147373085 .section-bg-overlay {\n    background-color: rgba(0, 0, 0, 0.21);\n  }\n}\n@media (min-width:850px) {\n  #section_1147373085 {\n    padding-top: 100px;\n    padding-bottom: 100px;\n  }\n  #section_1147373085 .section-bg-overlay {\n    background-color: rgba(0,0,0,.5);\n  }\n}\n<\/style>\n\t<\/section>\n\t\n\t\t<\/div>\n\t\t\n<style>\n#col-918911709 > .col-inner {\n  padding: 0px 30px 0px 30px;\n}\n<\/style>\n\t<\/div>\n\n\t\n<\/div>\n<div class=\"row row-large\" style=\"max-width:1400px\" id=\"row-751684609\">\n\n\t<div id=\"col-1659619322\" class=\"col small-12 large-12\"  >\n\t\t<div class=\"col-inner\" style=\"background-color:rgb(255, 255, 255);\" >\n\t\t\t\n\t\t\t\n<div class=\"row row-collapse row-full-width\"  id=\"row-1299014848\">\n<style>\n#row-1299014848 > .col > .col-inner {\n  padding: 0px 15px 0px 15px;\n}\n<\/style>\n<\/div>\n\n\t<div id=\"col-411617906\" class=\"col medium-12 small-12 large-6\"  >\n\t\t<div class=\"col-inner\"  >\n\t\t\t\n\t\t\t\t\t<\/div>\n\t\t\n<style>\n#col-411617906 > .col-inner {\n  padding: 0px 0px 0px 20px;\n}\n<\/style>\n\t<\/div>\n\n\t\n<h2><span style=\"font-size: 120%;\">Kontaktujte n\u00e1s<\/span><\/h2>\n<p><strong>Email:dk8ayz@proton.me<\/strong><\/p>\n\t<div id=\"gap-2135267142\" class=\"gap-element clearfix\" style=\"display:block; height:auto;\">\n\t\t\n<style>\n#gap-2135267142 {\n  padding-top: 20px;\n}\n@media (min-width:550px) {\n  #gap-2135267142 {\n    padding-top: 20px;\n  }\n}\n@media (min-width:850px) {\n  #gap-2135267142 {\n    padding-top: 30px;\n  }\n}\n<\/style>\n\t<\/div>\n\t\n<div class=\"row\"  id=\"row-640155285\"><\/div>\n\n\t<div id=\"col-1377598294\" class=\"col medium-6 small-12 large-6\"  >\n\t\t<div class=\"col-inner\"  >\n\t\t\t\n\t\t\t\t\t<\/div>\n\t\t\t<\/div>\n\n\t\n<p>&nbsp;<\/p>\n<h2 style=\"text-align: center;\">Pren\u00e1jom hackera<\/h2>\n<div class=\"elementor-element elementor-element-ea57f42 elementor-widget elementor-widget-text-editor\" data-id=\"ea57f42\" data-element_type=\"widget\" data-widget_type=\"text-editor.default\">\n<div class=\"elementor-widget-container\">Hire Anonymous Hackers je technick\u00e1 podpora zalo\u017een\u00e1 na technol\u00f3gi\u00e1ch, ktor\u00e1 bola n\u00e1pomocn\u00e1 pri poskytovan\u00ed najlep\u0161\u00edch z\u00e1kazn\u00edckych sk\u00fasenost\u00ed svojim klientom. Poskytujeme r\u00f4zne slu\u017eby, ktor\u00e9 zah\u0155\u0148aj\u00fa: hacknutie mobiln\u00e9ho telef\u00f3nu, odosielanie textov\u00fdch spr\u00e1v alebo e-mailov so spywarom. t\u00e1to spolo\u010dnos\u0165 si kladie za cie\u013e u\u013eah\u010di\u0165 \u017eivot \u013eu\u010fom, ktor\u00ed \u010delia probl\u00e9mom vo vz\u0165ahoch.<\/div>\n<div><\/div>\n<\/div>\n<div class=\"elementor-element elementor-element-ed07b83 elementor-widget elementor-widget-text-editor\" data-id=\"ed07b83\" data-element_type=\"widget\" data-widget_type=\"text-editor.default\">\n<div class=\"elementor-widget-container\">Sme najlep\u0161\u00ed odborn\u00edci na hacking, ktor\u00fdch si m\u00f4\u017eete naja\u0165 pre svoje \u0161pecifick\u00e9 potreby. Od skromn\u00e9ho monitorovania cudzieho telef\u00f3nu a\u017e po zlomyse\u013en\u00e9 ni\u010denie d\u00f4kazov. M\u00e1me pre v\u00e1s najlep\u0161\u00edch hackerov v okol\u00ed!<\/div>\n<\/div>\n<h3 style=\"text-align: center;\">Ako si prenaja\u0165 hackera<\/h3>\n<p>Chcete si lacno prenaja\u0165 hackera z na\u0161ej zbierky hackerov? Povedzte n\u00e1m, \u010do potrebujete: Jednoducho op\u00ed\u0161te, ak\u00e9 hackersk\u00e9 slu\u017eby potrebujete. N\u00e1jdeme v\u00e1m toho spr\u00e1vneho hackera na dan\u00fa pr\u00e1cu. Sp\u00e1jame v\u00e1s s certifikovan\u00fdm etick\u00fdm hackerom, ktor\u00fd m\u00e1 zru\u010dnosti a sk\u00fasenosti potrebn\u00e9 na vykonanie pr\u00e1ce. Va\u0161e \u00fadaje s\u00fa u n\u00e1s v bezpe\u010d\u00ed. V\u0161etci na\u0161i hackeri s\u00fa vysokokvalifikovan\u00ed profesion\u00e1li, ktor\u00ed dodr\u017eiavaj\u00fa pr\u00edsne etick\u00e9 normy. Obr\u00e1\u0165te sa na n\u00e1s na na\u0161ej <a href=\"https:\/\/hireanonymoushackers.com\/sk\/najat-hackera\/\">Kontaktn\u00e1 str\u00e1nka<\/a><\/p>\n<div class=\"elementor-element elementor-element-6d17116 elementor-widget elementor-widget-heading\" data-id=\"6d17116\" data-element_type=\"widget\" data-widget_type=\"heading.default\">\n<div class=\"elementor-widget-container\">\n<h3 class=\"elementor-heading-title elementor-size-default\" style=\"text-align: center;\">Odborn\u00ed a d\u00f4veryhodn\u00ed hackeri na pren\u00e1jom<\/h3>\n<div class=\"elementor-element elementor-element-41118ff elementor-widget elementor-widget-text-editor\" data-id=\"41118ff\" data-element_type=\"widget\" data-widget_type=\"text-editor.default\">\n<div class=\"elementor-widget-container\">\n<p><a href=\"https:\/\/hireanonymoushackers.com\/sk\/\">Hireanonymoushackers.com<\/a> pozost\u00e1va z t\u00edmu etick\u00fdch hackerov, ktor\u00ed poskytuj\u00fa v\u0161estrann\u00e9 slu\u017eby s\u00favisiace s IT, ako je testovanie prienikov do datab\u00e1z, hacking telef\u00f3nov na dia\u013eku, hacking soci\u00e1lnych m\u00e9di\u00ed, hacking e-mailov, obnovenie finan\u010dn\u00fdch prostriedkov, pren\u00e1jom hackera mobiln\u00e9ho telef\u00f3nu alebo in\u00e9 slu\u017eby kybernetick\u00e9ho hackingu.<\/p>\n<\/div>\n<\/div>\n<\/div>\n<\/div>\n<h3 style=\"text-align: center;\">Overen\u00ed hackeri na pren\u00e1jom<\/h3>\n<p style=\"text-align: center;\">M\u00f4\u017eeme v\u00e1m pom\u00f4c\u0165 s Software Hacking,Penetra\u010dn\u00fd test,Database dumping,Database editing,Database securing,Credit Fraud Recovering,Windows Hacking,WIFI Password Cracking,Pinterest Hacking,Credit Score Fix,Cryptocurrency Theft,DDOS Attacking,Ethical Hacking Learning,Doxing,Man in the middle attack,Rediff mail Hacking,Yandex mail Hacking.<a href=\"https:\/\/duckduckgo.com\/\" target=\"_blank\" rel=\"noopener\">.<\/a>.<\/p>\n<h3 style=\"text-align: center;\"><span class=\"tagify__tag-text\" contenteditable=\"true\">Pren\u00e1jom anonymn\u00fdch hackerov<\/span><\/h3>\n<p style=\"text-align: center;\">Sme t\u00edm profesion\u00e1lnych hackerov z cel\u00e9ho sveta, ktor\u00ed sa vyvinuli z tie\u0148a temn\u00e9ho webu podskupiny hlbok\u00e9ho webu so skryt\u00fdmi slu\u017ebami, Na\u0161\u00edm hlavn\u00fdm mot\u00edvom je poskytn\u00fa\u0165 v\u00e1m bezpe\u010dn\u00e9 a spo\u013eahliv\u00e9 profesion\u00e1lne hackersk\u00e9 slu\u017eby. Najmite si profesion\u00e1lneho hackera ( certifikovan\u00e9ho ) na kontrolu ni\u017e\u0161ie uveden\u00fdch slu\u017eieb.<\/p>\n<p style=\"text-align: center;\"><span data-text-color=\"alert\"><strong>100% Z\u00e1ruka vr\u00e1tenia pe\u0148az\u00ed, ak pr\u00e1ca nebude vykonan\u00e1 k va\u0161ej spokojnosti.<\/strong><\/span><\/p>\n<h3 style=\"text-align: center;\"><span class=\"tagify__tag-text\" contenteditable=\"true\">Slu\u017eba hackovania telef\u00f3nu<\/span><\/h3>\n<p style=\"text-align: center;\">Existuje mnoho d\u00f4vodov, pre\u010do by ste si mali naja\u0165 hackera mobiln\u00e9ho telef\u00f3nu. Mo\u017eno sa chcete nab\u00fara\u0165 do mobiln\u00e9ho telef\u00f3nu svojho man\u017eela\/man\u017eelky, aby ste zistili, \u010di v\u00e1s podv\u00e1dza. Alebo sa mo\u017eno potrebujete dosta\u0165 do po\u010d\u00edta\u010dov\u00e9ho syst\u00e9mu spolo\u010dnosti, aby ste ukradli obchodn\u00e9 tajomstvo. Bez oh\u013eadu na d\u00f4vod je d\u00f4le\u017eit\u00e9 n\u00e1js\u0165 spr\u00e1vneho hackera na dan\u00fa pr\u00e1cu. Nie v\u0161etci hackeri s\u00fa rovnak\u00ed, preto mus\u00edte by\u0165 pri ich v\u00fdbere opatrn\u00ed.<\/p>\n<h4 style=\"text-align: center;\"><span class=\"tagify__tag-text\" contenteditable=\"true\">Pren\u00e1jom hackera mobiln\u00e9ho telef\u00f3nu<\/span><\/h4>\n<p style=\"text-align: center;\">V spolo\u010dnosti Hire Anonymous Hackers m\u00e1me dlhoro\u010dn\u00e9 sk\u00fasenosti s hackingom telef\u00f3nov, po\u010d\u00edta\u010dov a in\u00fdch elektronick\u00fdch zariaden\u00ed. M\u00e1me zru\u010dnosti a odborn\u00e9 znalosti potrebn\u00e9 na to, aby sme v\u00e1m pomohli dosiahnu\u0165 va\u0161e ciele. Kontaktujte n\u00e1s e\u0161te dnes, ak chcete z\u00edska\u0165 viac inform\u00e1ci\u00ed alebo za\u010da\u0165!<\/p>\n<h3 style=\"text-align: center;\">Hackeri soci\u00e1lnych m\u00e9di\u00ed<\/h3>\n<p style=\"text-align: center;\">H\u013ead\u00e1te hackera pre soci\u00e1lne m\u00e9di\u00e1? Ak \u00e1no, ste na spr\u00e1vnom mieste. V spolo\u010dnosti cyber lord pon\u00fakame \u0161irok\u00fa \u0161k\u00e1lu slu\u017eieb, ktor\u00e9 zah\u0155\u0148aj\u00fa aj hacking soci\u00e1lnych m\u00e9di\u00ed. M\u00e1me t\u00edm odborn\u00edkov, ktor\u00ed s\u00fa v tejto oblasti kvalifikovan\u00ed a m\u00f4\u017eu v\u00e1m pom\u00f4c\u0165 dosiahnu\u0165 v\u00fdsledky, ktor\u00e9 h\u013ead\u00e1te.<\/p>\n<p style=\"text-align: center;\">Hire Anonymous Hackers je slu\u017eba na pren\u00e1jom hackerov. Poskytujeme hackerov soci\u00e1lnych m\u00e9di\u00ed, zlomyse\u013en\u00fdch hackerov a dobr\u00fdch chlapcov na vyh\u013ead\u00e1vanie zranite\u013enost\u00ed, obnovu \u00fa\u010dtov na Facebooku a pr\u00edstup k webov\u00fdm n\u00e1strojom a inform\u00e1ci\u00e1m. Na pomoc na\u0161im z\u00e1kazn\u00edkom m\u00e1me k dispoz\u00edcii \u0161irok\u00fa \u0161k\u00e1lu zru\u010dnost\u00ed a n\u00e1strojov. Na\u0161im klientom sa sna\u017e\u00edme poskytova\u0165 \u010do najlep\u0161ie slu\u017eby a pon\u00fakame konkurencieschopn\u00e9 ceny.<\/p>\n<h3 style=\"text-align: center;\">\u0160kolsk\u00fd stupe\u0148 Hacking<\/h3>\n<p style=\"text-align: center;\">Ak ste ako v\u00e4\u010d\u0161ina \u013eud\u00ed, pravdepodobne pova\u017eujete \u0161kolsk\u00e9 zn\u00e1mky za meradlo toho, ako dobre ste sa u\u010dili. Ale \u010do keby existoval sp\u00f4sob, ako z\u00edska\u0165 lep\u0161ie zn\u00e1mky bez toho, aby ste sa skuto\u010dne u\u010dili alebo robili nejak\u00fa pr\u00e1cu navy\u0161e? Verte tomu alebo nie, ale existuje - a pr\u00e1ve hackeri to dok\u00e1\u017eu! Najmite si na\u0161ich hackerov na zmenu zn\u00e1mok a legit\u00edmneho hackera. Hackeri najat\u00ed na zmenu zn\u00e1mok s\u00fa renomovan\u00ed odborn\u00edci ako po\u010d\u00edta\u010dov\u00ed hackeri.<\/p>\n<h4 style=\"text-align: center;\">\u0160kolsk\u00fd stupe\u0148 Hacking<\/h4>\n<p style=\"text-align: center;\">Pren\u00e1jom hackerskej slu\u017eby, ktor\u00e1 pom\u00e1ha \u013eu\u010fom meni\u0165 zn\u00e1mky na univerzite a v \u0161kole a predch\u00e1dza\u0165 naru\u0161eniu bezpe\u010dnosti. M\u00e1me t\u00edm sk\u00fasen\u00fdch hackerov, ktor\u00ed s\u00fa odborn\u00edkmi na h\u013eadanie bezpe\u010dnostn\u00fdch dier v univerzitn\u00fdch datab\u00e1zach a webov\u00fdch str\u00e1nkach. Na\u0161e slu\u017eby v oblasti hackersk\u00fdch zru\u010dnost\u00ed pon\u00fakame ka\u017ed\u00e9mu, kto ich potrebuje, a zaru\u010dujeme, \u017ee na\u0161a pr\u00e1ca je najvy\u0161\u0161ej kvality.<\/p>\n<p style=\"text-align: center;\">Hire Anonymous Hackers je profesion\u00e1lna hackersk\u00e1 slu\u017eba, ktor\u00e1 pom\u00e1ha \u0161tudentom meni\u0165 zn\u00e1mky, \u0161kolsk\u00e9 z\u00e1znamy a univerzitn\u00e9 v\u00fdpisy. Pon\u00fakame tie\u017e bezpe\u010dnostn\u00e9 poradenstvo pre univerzity a podniky, aby sme im pomohli vyhn\u00fa\u0165 sa kybernetick\u00fdm \u00fatokom.<\/p>\n<p style=\"text-align: center;\">Pon\u00fakame tie\u017e syst\u00e9my na detekciu prienikov, penetra\u010dn\u00e9 testovanie a slu\u017eby etick\u00e9ho hackingu. Pou\u017e\u00edvame rovnak\u00e9 techniky ako z\u00e1\u0161kodn\u00edcki hackeri, ale rob\u00edme to eticky a s va\u0161\u00edm s\u00fahlasom.<\/p>\n<div class=\"elementor-element elementor-element-f91317e elementor-widget elementor-widget-heading\" data-id=\"f91317e\" data-element_type=\"widget\" data-widget_type=\"heading.default\">\n<div class=\"elementor-widget-container\">\n<h3 class=\"elementor-heading-title elementor-size-default\" style=\"text-align: center;\">Testovanie zabezpe\u010denia webovej lokality<\/h3>\n<p style=\"text-align: center;\">Hire Anonymous Hackers je t\u00edm profesion\u00e1lnych etick\u00fdch hackerov, ktor\u00ed poskytuj\u00fa slu\u017eby na testovanie bezpe\u010dnosti webov\u00fdch str\u00e1nok, odha\u013eovanie prienikov a penetra\u010dn\u00e9 testovanie. Pon\u00fakame aj bezpe\u010dnostn\u00e9 audity a anal\u00fdzu \u00fadajov o sie\u0165ovej prev\u00e1dzke. Na\u0161\u00edm cie\u013eom je pom\u00f4c\u0165 na\u0161im klientom zlep\u0161i\u0165 ich bezpe\u010dnostn\u00fa poz\u00edciu a chr\u00e1ni\u0165 ich online akt\u00edva.<\/p>\n<p style=\"text-align: center;\">Ke\u010f sa povie hacking, mnoh\u00ed \u013eudia si predstavia \u0161kodliv\u00e9 \u010dinnosti, ako je kr\u00e1de\u017e cudzej identity alebo preniknutie do po\u010d\u00edta\u010dov\u00fdch syst\u00e9mov. Existuje v\u0161ak rast\u00face odvetvie profesion\u00e1lnych hackerov, ktor\u00ed pon\u00fakaj\u00fa svoje slu\u017eby podnikom a jednotlivcom, ktor\u00ed chc\u00fa prenikn\u00fa\u0165 do zabezpe\u010denia svojich webov\u00fdch str\u00e1nok. Hoci sa m\u00f4\u017ee zda\u0165, \u017ee najatie hackera je jednoduch\u00fd sp\u00f4sob, ako vyrie\u0161i\u0165 probl\u00e9my so zabezpe\u010den\u00edm, je d\u00f4le\u017eit\u00e9 chr\u00e1ni\u0165 svoju datab\u00e1zu pred \u0161kodliv\u00fdmi \u00fatokmi.<\/p>\n<h3 style=\"text-align: center;\">Slu\u017eba Facebook Hacking<\/h3>\n<p style=\"text-align: center;\">M\u00e1te obavy o bezpe\u010dnos\u0165 svojho konta na Facebooku? Chcete sa uisti\u0165, \u017ee je va\u0161e konto bezpe\u010dn\u00e9? Ak \u00e1no, mo\u017eno budete chcie\u0165 zv\u00e1\u017ei\u0165, \u010di si nenajmete hackera, ktor\u00fd pre v\u00e1s hackne Facebook. Existuje nieko\u013eko r\u00f4znych hackersk\u00fdch slu\u017eieb, ktor\u00e9 pon\u00fakaj\u00fa tento typ slu\u017eieb, a m\u00f4\u017ee to by\u0165 skvel\u00fd sp\u00f4sob, ako zabezpe\u010di\u0165, aby bol v\u00e1\u0161 \u00fa\u010det \u010do najbezpe\u010dnej\u0161\u00ed. Predt\u00fdm, ako si najmete hackera, je v\u0161ak d\u00f4le\u017eit\u00e9 urobi\u0165 si prieskum a uisti\u0165 sa, \u017ee ste si vybrali spr\u00e1vnu slu\u017ebu.<\/p>\n<h3 style=\"text-align: center;\">Pren\u00e1jom hackera pre WhatsApp<\/h3>\n<p style=\"text-align: center;\">Hackerov si m\u00f4\u017eete naja\u0165 na pomoc s r\u00f4znymi \u00falohami vr\u00e1tane z\u00edskania pr\u00edstupu k spr\u00e1vam WhatsApp. Ak h\u013ead\u00e1te niekoho, kto v\u00e1m pom\u00f4\u017ee s hackerom WhatsApp, alebo ak chcete, aby v\u00e1m niekto pomohol \u0161pehova\u0165 spr\u00e1vy v\u00e1\u0161ho partnera, potom je hacker ide\u00e1lnym rie\u0161en\u00edm. Obr\u00e1\u0165te sa na na\u0161ich hackerov telef\u00f3nov, ktor\u00ed s\u00fa k dispoz\u00edcii na pren\u00e1jom.<\/p>\n<h4 style=\"text-align: center;\">Najlep\u0161ia \u017eiados\u0165 o hacking<br \/>\nBez oh\u013eadu na d\u00f4vod m\u00f4\u017ee by\u0165 hacking r\u00fdchly a jednoduch\u00fd, ak viete, kde h\u013eada\u0165.<\/h4>\n<p style=\"text-align: center;\">Slu\u017eba hackovania telef\u00f3nu<br \/>\nSlu\u017eba Facebook Hacking<br \/>\nHacker soci\u00e1lnych m\u00e9di\u00ed<br \/>\nPren\u00e1jom hackera pre WhatsApp<br \/>\n\u0160kolsk\u00fd stupe\u0148 Hacking<br \/>\nHack Instagram<\/p>\n<p>&nbsp;<\/p>\n<\/div>\n<\/div>\n<p>&nbsp;<\/p>\n<p>&nbsp;<\/p>\n\t\t<\/div>\n\t\t\n<style>\n#col-1659619322 > .col-inner {\n  padding: 50px 20px 0px 20px;\n  margin: -0 0px 0px 0px;\n}\n@media (min-width:550px) {\n  #col-1659619322 > .col-inner {\n    padding: 50px 20px 30px 20px;\n    margin: 0 0px 0px 0px;\n  }\n}\n@media (min-width:850px) {\n  #col-1659619322 > .col-inner {\n    padding: 66px 5% 16px 5%;\n    margin: -135px 0px 0px 0px;\n  }\n}\n<\/style>\n\t<\/div>\n\n\t\n<\/div>","protected":false},"excerpt":{"rendered":"","protected":false},"author":1,"featured_media":819,"parent":0,"menu_order":0,"comment_status":"closed","ping_status":"closed","template":"page-blank.php","meta":{"_acf_changed":false,"footnotes":""},"class_list":["post-14","page","type-page","status-publish","has-post-thumbnail","hentry"],"acf":[],"_links":{"self":[{"href":"https:\/\/hireanonymoushackers.com\/sk\/wp-json\/wp\/v2\/pages\/14","targetHints":{"allow":["GET"]}}],"collection":[{"href":"https:\/\/hireanonymoushackers.com\/sk\/wp-json\/wp\/v2\/pages"}],"about":[{"href":"https:\/\/hireanonymoushackers.com\/sk\/wp-json\/wp\/v2\/types\/page"}],"author":[{"embeddable":true,"href":"https:\/\/hireanonymoushackers.com\/sk\/wp-json\/wp\/v2\/users\/1"}],"replies":[{"embeddable":true,"href":"https:\/\/hireanonymoushackers.com\/sk\/wp-json\/wp\/v2\/comments?post=14"}],"version-history":[{"count":29,"href":"https:\/\/hireanonymoushackers.com\/sk\/wp-json\/wp\/v2\/pages\/14\/revisions"}],"predecessor-version":[{"id":1000,"href":"https:\/\/hireanonymoushackers.com\/sk\/wp-json\/wp\/v2\/pages\/14\/revisions\/1000"}],"wp:featuredmedia":[{"embeddable":true,"href":"https:\/\/hireanonymoushackers.com\/sk\/wp-json\/wp\/v2\/media\/819"}],"wp:attachment":[{"href":"https:\/\/hireanonymoushackers.com\/sk\/wp-json\/wp\/v2\/media?parent=14"}],"curies":[{"name":"wp","href":"https:\/\/api.w.org\/{rel}","templated":true}]}}