{"id":10,"date":"2020-12-16T12:04:19","date_gmt":"2020-12-16T12:04:19","guid":{"rendered":"http:\/\/cocaineforsaleonline.com\/?page_id=10"},"modified":"2024-04-22T20:19:09","modified_gmt":"2024-04-22T20:19:09","slug":"home","status":"publish","type":"page","link":"https:\/\/hireanonymoushackers.com\/sk\/","title":{"rendered":"Domov"},"content":{"rendered":"<div class=\"banner has-hover show-for-small\" id=\"banner-569652399\">\n          <div class=\"banner-inner fill\">\n        <div class=\"banner-bg fill\" >\n            <div class=\"bg fill bg-fill\"><\/div>\n                                    \n                    <\/div>\n        <div class=\"banner-layers container\">\n            <div class=\"fill banner-link\"><\/div>            \n        <\/div>\n      <\/div>\n\n              <div class=\"height-fix is-invisible\"><\/div>\n            \n<style>\n#banner-569652399 {\n  background-color: rgb(247, 245, 244);\n}\n<\/style>\n  <\/div>\n\n\n\t<section class=\"section dark\" id=\"section_1279180111\">\n\t\t<div class=\"bg section-bg fill bg-fill\" >\n\n\t\t\t\n\t\t\t<div class=\"section-bg-overlay absolute fill\"><\/div><button class=\"scroll-for-more z-5 icon absolute bottom h-center\"><i class=\"icon-angle-down\" style=\"font-size:42px;\"><\/i><\/button>\n\t\t\t\n\n\t\t<\/div>\n\n\t\t<div class=\"section-content relative\">\n\t\t\t\n<div class=\"row align-middle\"  id=\"row-127605143\">\n\n\t<div id=\"col-630152846\" class=\"col medium-8 small-12 large-8\"  >\n\t\t<div class=\"col-inner\"  >\n\t\t\t\n\t\t\t\n<h6 class=\"uppercase\">Pren\u00e1jom hackera<\/h6>\n<h1 style=\"font-size: 350%; line-height: 100%;\">Pren\u00e1jom anonymn\u00fdch hackerov<\/h1>\n<p>Anonymn\u00ed hackeri na pren\u00e1jom<\/p>\n<h1 style=\"font-size: 200%;\">Ofici\u00e1lna webov\u00e1 str\u00e1nka Anonymous Hackers<\/h1>\n<div class=\"row row-collapse\"  id=\"row-629210866\">\n\n\t<div id=\"col-2014683453\" class=\"col medium-6 small-12 large-6\"  >\n\t\t<div class=\"col-inner\"  >\n\t\t\t\n\t\t\t\n<a data-animate=\"blurIn\" href=\"https:\/\/hireanonymoushackers.com\/sk\/najat-hackera\/\" target=\"_self\" class=\"button secondary is-large lowercase expand\"  style=\"border-radius:4px;\">\n  <i class=\"icon-star\" ><\/i>  <span>Kontaktujte n\u00e1s<\/span>\n  <\/a>\n\n\t\t<\/div>\n\t\t\t<\/div>\n\n\t\n\n<style>\n#row-629210866 > .col > .col-inner {\n  padding: 0px 5px 0px 5px;\n}\n<\/style>\n<\/div>\n\t\t<\/div>\n\t\t\t<\/div>\n\n\t\n<\/div>\n\t\t<\/div>\n\n\t\t\n<style>\n#section_1279180111 {\n  padding-top: 60px;\n  padding-bottom: 60px;\n  min-height: 600px;\n  background-color: rgb(255,255,255);\n}\n#section_1279180111 .section-bg-overlay {\n  background-color: rgb(45, 78, 103);\n}\n#section_1279180111 .section-bg.bg-loaded {\n  background-image: 28;\n}\n@media (min-width:550px) {\n  #section_1279180111 .section-bg-overlay {\n    background-color: rgba(0, 0, 0, 0.5);\n  }\n}\n@media (min-width:850px) {\n  #section_1279180111 .section-bg-overlay {\n    background-color: rgba(0,0,0,.5);\n  }\n}\n<\/style>\n\t<\/section>\n\t\n\t<section class=\"section\" id=\"section_428763360\">\n\t\t<div class=\"bg section-bg fill bg-fill  bg-loaded\" >\n\n\t\t\t\n\t\t\t\n\t\t\t\n\n\t\t<\/div>\n\n\t\t<div class=\"section-content relative\">\n\t\t\t\t\t<\/div>\n\n\t\t\n<style>\n#section_428763360 {\n  padding-top: 0px;\n  padding-bottom: 0px;\n}\n<\/style>\n\t<\/section>\n\t\n\t<div id=\"gap-22109539\" class=\"gap-element clearfix\" style=\"display:block; height:auto;\">\n\t\t\n<style>\n#gap-22109539 {\n  padding-top: 59px;\n}\n<\/style>\n\t<\/div>\n\t\n<div class=\"row\"  id=\"row-543027059\"><\/div>\n\n\t<div id=\"col-989369895\" class=\"col small-12 large-12\"  >\n\t\t<div class=\"col-inner\"  >\n\t\t\t\n\t\t\t\t\t<\/div>\n\t\t\t<\/div>\n\n\t\n<h2 style=\"text-align: center;\">PREN\u00c1JOM ANONYMN\u00ddCH HACKEROV<\/h2>\n<p style=\"text-align: center;\">Pren\u00e1jom profesion\u00e1lnych hackerov je v dne\u0161nej dobe \u0165a\u017ek\u00e9 n\u00e1js\u0165, ale s Hireanonymoushackers sa m\u00f4\u017eete spoji\u0165 s osved\u010den\u00fdmi v\u00fdkonn\u00fdmi hackermi v priebehu nieko\u013ek\u00fdch sek\u00fand. Mali ste ve\u013ea probl\u00e9mov so z\u00edskan\u00edm spr\u00e1vneho hackera pre svoje hackersk\u00e9 projekty? N\u00e1jdite toho spr\u00e1vneho hackera e\u0161te dnes na <a href=\"https:\/\/hireanonymoushackers.com\/sk\/\">Hireanonymoushackers.com<\/a> s vysokokvalifikovan\u00fdmi profesion\u00e1lnymi hackermi svetovej triedy, ktor\u00ed s\u00fa v pohotovosti, aby v\u00e1m pomohli dosiahnu\u0165 \u00faspech s va\u0161\u00edm hackersk\u00fdm projektom (projektmi).<\/p>\n<h3 style=\"text-align: center;\">Spo\u013eahliv\u00ed hackeri<\/h3>\n<p style=\"text-align: center;\">Na\u0161a novo zaveden\u00e1 slu\u017eba Escrow v\u00e1s tie\u017e ochr\u00e1ni pred akouko\u013evek formou zranite\u013enosti pri platbe na\u0161im hackerom. Va\u0161a platba bude bezpe\u010dne ulo\u017een\u00e1 v slu\u017ebe \u00faschovy, ktor\u00e1 m\u00e1 kone\u010dn\u00e9 pr\u00e1vo na uchovanie a vyplatenie platby a urob\u00ed tak a\u017e na z\u00e1klade v\u00e1\u0161ho povolenia, ke\u010f budete spokojn\u00ed s pr\u00e1cou, ktor\u00fa v\u00e1m pridelen\u00fd hacker dod\u00e1.<\/p>\n<p><img decoding=\"async\" class=\"wp-image-795 lazyload\" data-src=\"https:\/\/hireanonymoushackers.io\/wp-content\/uploads\/2023\/06\/5-star-300x158.jpg\" alt=\"Anonymn\u00ed hackeri\" width=\"30\" height=\"16\" data-srcset=\"https:\/\/hireanonymoushackers.com\/wp-content\/uploads\/2023\/06\/5-star-300x158.jpg 300w, https:\/\/hireanonymoushackers.com\/wp-content\/uploads\/2023\/06\/5-star-1024x539.jpg 1024w, https:\/\/hireanonymoushackers.com\/wp-content\/uploads\/2023\/06\/5-star-768x404.jpg 768w, https:\/\/hireanonymoushackers.com\/wp-content\/uploads\/2023\/06\/5-star-600x316.jpg 600w, https:\/\/hireanonymoushackers.com\/wp-content\/uploads\/2023\/06\/5-star.jpg 1520w\" data-sizes=\"(max-width: 30px) 100vw, 30px\" src=\"data:image\/svg+xml;base64,PHN2ZyB3aWR0aD0iMSIgaGVpZ2h0PSIxIiB4bWxucz0iaHR0cDovL3d3dy53My5vcmcvMjAwMC9zdmciPjwvc3ZnPg==\" style=\"--smush-placeholder-width: 30px; --smush-placeholder-aspect-ratio: 30\/16;\" \/><\/p>\n<h3 style=\"text-align: center;\">NAJMITE SI HACKERA<\/h3>\n<p style=\"text-align: center;\">Sme t\u00edm profesion\u00e1lnych hackerov so sk\u00fasenos\u0165ami v r\u00f4znych oblastiach. U\u017e viac ako 7 rokov poskytujeme hackersk\u00e9 slu\u017eby jednotlivcom a s\u00fakromn\u00fdm zariadeniam s kvalitn\u00fdmi a diskr\u00e9tnymi hackersk\u00fdmi slu\u017ebami a teraz prin\u00e1\u0161ame na\u0161e slu\u017eby aj v\u00e1m. Sk\u00fa\u0161ali ste si u\u017e k\u00fapi\u0165 hackersk\u00e9 slu\u017eby na dark webe? Neboli ste spokojn\u00ed s v\u00fdsledkami? Iba pr\u00e1zdne s\u013euby, ale nikto pr\u00e1cu nevykonal?<\/p>\n<p style=\"text-align: center;\">Potom by ste mali vysk\u00fa\u0161a\u0165 Hire Hackers, najd\u00f4veryhodnej\u0161\u00ed hackeri pre z\u00edskanie veci hotov\u00e9. Na rozdiel od in\u00fdch, na\u0161e ceny nie s\u00fa najlacnej\u0161ie, ale ak nedok\u00e1\u017eeme urobi\u0165 pr\u00e1cu, dostanete pln\u00fa n\u00e1hradu<a href=\"https:\/\/duckduckgo.com\/\" target=\"_blank\" rel=\"noopener\">.<\/a><\/p>\n<h3 style=\"text-align: center;\"><span class=\"tagify__tag-text\" contenteditable=\"true\">Hackeri na pren\u00e1jom<\/span><\/h3>\n<p style=\"text-align: center;\">Hire Anonymous Hackers je profesion\u00e1lna hackersk\u00e1 skupina k dispoz\u00edcii online poskytova\u0165 profesion\u00e1lne a jedine\u010dn\u00e9 slu\u017eby pre na\u0161e sympatick\u00e9 z\u00e1kazn\u00edkov po celom svete. Pren\u00e1jom hackerov uk.<\/p>\n<p style=\"text-align: center;\">V Hire Anonymous Hackers doru\u010dovanie s\u00fa nad r\u00e1mec mo\u017en\u00fdch rie\u0161en\u00ed, sme zn\u00e1mi pre najlep\u0161\u00edch poskytovate\u013eov hackersk\u00fdch slu\u017eieb v priebehu rokov p\u00f4sobenia v tejto oblasti podnikania. Black hat hackeri na pren\u00e1jom.<\/p>\n<p><img decoding=\"async\" class=\"wp-image-803 aligncenter lazyload\" data-src=\"https:\/\/hireanonymoushackers.io\/wp-content\/uploads\/2023\/06\/Hire-Hackers-Services-300x225.jpg\" alt=\"Pren\u00e1jom hackerov Slu\u017eby\" width=\"59\" height=\"44\" data-srcset=\"https:\/\/hireanonymoushackers.com\/wp-content\/uploads\/2023\/06\/Hire-Hackers-Services-300x225.jpg 300w, https:\/\/hireanonymoushackers.com\/wp-content\/uploads\/2023\/06\/Hire-Hackers-Services.jpg 350w\" data-sizes=\"(max-width: 59px) 100vw, 59px\" src=\"data:image\/svg+xml;base64,PHN2ZyB3aWR0aD0iMSIgaGVpZ2h0PSIxIiB4bWxucz0iaHR0cDovL3d3dy53My5vcmcvMjAwMC9zdmciPjwvc3ZnPg==\" style=\"--smush-placeholder-width: 59px; --smush-placeholder-aspect-ratio: 59\/44;\" \/><\/p>\n<h3 style=\"text-align: center;\">D\u00f4veryhodn\u00ed certifikovan\u00ed etick\u00ed hackeri na pren\u00e1jom<\/h3>\n<p style=\"text-align: center;\">Na\u0161i hackeri sa hackermi nenarodili, v\u00e4\u010d\u0161ina z nich pracovala viac ako 10 rokov pre r\u00f4zne spolo\u010dnosti v oblasti telekomunik\u00e1ci\u00ed, kybernetickej bezpe\u010dnosti, spr\u00e1vy serverov a v\u00e4\u010d\u0161ina z nich, ak nie v\u0161etci, m\u00e1 sk\u00fasenosti s pr\u00e1cou pre spolo\u010dnosti, ktor\u00e9 vytv\u00e1raj\u00fa r\u00f4zne bezpe\u010dnostn\u00e9 nastavenia pre r\u00f4zne aplik\u00e1cie.<\/p>\n<p style=\"text-align: center;\">Pr\u00e1ca pre tak\u00e9to spolo\u010dnosti d\u00e1va na\u0161im hackerom v\u00fdhodu a \u00fapln\u00fd preh\u013ead o tom, ako funguje zabezpe\u010denie r\u00f4znych aplik\u00e1ci\u00ed a hardv\u00e9ru.<\/p>\n<h3 style=\"text-align: center;\"><span class=\"tagify__tag-text\" contenteditable=\"true\">Pren\u00e1jom hackera<\/span><\/h3>\n<p style=\"text-align: center;\">Pon\u00fakame najkvalitnej\u0161ie profesion\u00e1lne hackersk\u00e9 slu\u017eby, ktor\u00e9 sa nedaj\u00fa porovna\u0165 s in\u00fdmi spolo\u010dnos\u0165ami na pren\u00e1jom hackerov. Na\u0161i profesion\u00e1lni hackeri maj\u00fa najpokro\u010dilej\u0161iu hackersk\u00fa techniku na hacknutie Facebooku, Snapchatu, Whatsapp, Twitteru, Instagramu, e-mailov\u00fdch \u00fa\u010dtov, Gmailu, smartf\u00f3nu, webov\u00fdch str\u00e1nok, datab\u00e1zy a mnoh\u00fdch \u010fal\u0161\u00edch. Tie\u017e m\u00f4\u017eete po\u017eiada\u0165 o prisp\u00f4soben\u00e9 hack. V t\u00fdchto d\u0148och je naj\u00edmanie profesion\u00e1lnych hackerov \u0165a\u017ek\u00e9. M\u00f4\u017eete sa necha\u0165 podvies\u0165 za nespr\u00e1vne hackersk\u00e9 slu\u017eby alebo falo\u0161n\u00fdmi hackermi na internete. Nenechajte sa oklama\u0165 podvodn\u00edkmi, ktor\u00ed inzeruj\u00fa falo\u0161n\u00e9 profesion\u00e1lne hackersk\u00e9 slu\u017eby.<\/p>\n<h3 style=\"text-align: center;\"><span class=\"tagify__tag-text\" contenteditable=\"true\">Profesion\u00e1lne hackersk\u00e9 slu\u017eby<\/span><\/h3>\n<p style=\"text-align: center;\">Anonymous Hackers pri\u0161iel ako najspo\u013eahlivej\u0161ie hacking platformu na svete, kde sa stretnete profesion\u00e1lne hackerov pre va\u0161e hacking slu\u017eby. Sme odhodlan\u00ed a pracujeme na tom, aby sme splnili va\u0161e po\u017eiadavky na hacking prostredn\u00edctvom na\u0161ich hackerov v dark webe. Poskytujeme aj 24-hodinov\u00e9 hackersk\u00e9 slu\u017eby, aby sme sa uistili, \u017ee svoje ciele spln\u00edte bez ak\u00e9hoko\u013evek oneskorenia. Hack univerzitn\u00fd server.<\/p>\n<h4 style=\"text-align: center;\">Pren\u00e1jom hackera na hacknutie webovej str\u00e1nky<\/h4>\n<p style=\"text-align: center;\">Ako popredn\u00e1 hackersk\u00e1 platforma sme hrd\u00ed na to, \u017ee m\u00f4\u017eeme sl\u00fa\u017ei\u0165 na\u0161im z\u00e1kazn\u00edkom z cel\u00e9ho sveta. Na\u0161i certifikovan\u00ed hackeri s\u00fa na\u0161ou silnou str\u00e1nkou a spokojnos\u0165 na\u0161ich z\u00e1kazn\u00edkov je na\u0161ou najvy\u0161\u0161ou prioritou. M\u00e1me odborn\u00edkov v r\u00f4znych oblastiach hackingu a s\u013eubujeme, \u017ee v\u017edy zabezpe\u010d\u00edme r\u00fdchle dodanie projektu. V\u010faka \u0161irokej \u0161k\u00e1le hackersk\u00fdch rie\u0161en\u00ed v\u00e1m vydl\u00e1\u017edime cestu k vyt\u00fa\u017een\u00e9mu hackersk\u00e9mu \u00faspechu. Hackersk\u00e1 datab\u00e1za univerz\u00edt.<\/p>\n<h3 style=\"text-align: center;\">Anonymn\u00ed hackeri<\/h3>\n<p style=\"text-align: center;\">Anonymous Hackers je t\u00edm Antonymous Hackers, ktor\u00fd pon\u00faka profesion\u00e1lne hackersk\u00e9 slu\u017eby. Prenajmite si hackera na hacking Facebooku, e-mailu, webu, datab\u00e1zy alebo telef\u00f3nu. Sme t\u00edm vysokokvalifikovan\u00fdch a profesion\u00e1lnych hackerov, ktor\u00fd je schopn\u00fd hackn\u00fa\u0165 ak\u00e9ko\u013evek soci\u00e1lne \u00fa\u010dty, e-mailov\u00e9 \u00fa\u010dty, telef\u00f3n, webov\u00fa str\u00e1nku alebo datab\u00e1zu. 100% zaru\u010duje s\u00fakromie a d\u00f4vernos\u0165 pre na\u0161ich z\u00e1kazn\u00edkov. prenaja\u0165 hackera pre Facebook.<\/p>\n<p><img decoding=\"async\" class=\"wp-image-795 aligncenter lazyload\" data-src=\"https:\/\/hireanonymoushackers.io\/wp-content\/uploads\/2023\/06\/5-star-300x158.jpg\" alt=\"Anonymn\u00ed hackeri\" width=\"37\" height=\"19\" data-srcset=\"https:\/\/hireanonymoushackers.com\/wp-content\/uploads\/2023\/06\/5-star-300x158.jpg 300w, https:\/\/hireanonymoushackers.com\/wp-content\/uploads\/2023\/06\/5-star-1024x539.jpg 1024w, https:\/\/hireanonymoushackers.com\/wp-content\/uploads\/2023\/06\/5-star-768x404.jpg 768w, https:\/\/hireanonymoushackers.com\/wp-content\/uploads\/2023\/06\/5-star-600x316.jpg 600w, https:\/\/hireanonymoushackers.com\/wp-content\/uploads\/2023\/06\/5-star.jpg 1520w\" data-sizes=\"(max-width: 37px) 100vw, 37px\" src=\"data:image\/svg+xml;base64,PHN2ZyB3aWR0aD0iMSIgaGVpZ2h0PSIxIiB4bWxucz0iaHR0cDovL3d3dy53My5vcmcvMjAwMC9zdmciPjwvc3ZnPg==\" style=\"--smush-placeholder-width: 37px; --smush-placeholder-aspect-ratio: 37\/19;\" \/><\/p>\n<h3 style=\"text-align: center;\">Pren\u00e1jom hackerov Slu\u017eby<\/h3>\n<p style=\"text-align: center;\">Na\u0161i hackeri na pren\u00e1jom pon\u00fakaj\u00fa \u0161irok\u00fa \u0161k\u00e1lu profesion\u00e1lnych hackersk\u00fdch slu\u017eieb.Na\u0161\u00edm cie\u013eom je vytvori\u0165 v\u0161etky druhy online ochrany pre na\u0161ich cenn\u00fdch klientov.<br \/>\nNajmite si hackera pre v\u0161etky va\u0161e potreby v oblasti hackingu. Pren\u00e1jom hackera na zmenu zn\u00e1mok<\/p>\n<h3 style=\"text-align: center;\">ZOZNAMY SLU\u017dIEB, KTOR\u00c9 PON\u00daKAME<\/h3>\n<p style=\"text-align: center;\">\u2727 Mail hacking a kontrola od gmail, yahoo maily, profesion\u00e1lne e-maily&#8230;.to dokonca zabezpe\u010den\u00e9 maily s 4096bitov\u00fdm \u0161ifrovan\u00edm<br \/>\n\u2727 \u00datek z v\u00e4zenia \/ hacking (Windows, Mac, linuxov\u00e9 distrib\u00facie... .)<br \/>\n\u2727 Zmena stup\u0148a<br \/>\n\u2727 Audit telef\u00f3nneho \u010d\u00edsla<br \/>\n\u2727 Kompletn\u00fd bal\u00edk, z\u00edskanie pr\u00edstupu k osobn\u00fdm alebo firemn\u00fdm zariadeniam a \u00fa\u010dtom a vyh\u013ead\u00e1vanie potrebn\u00fdch \u00fadajov.<br \/>\n\u2727 Z\u00fa\u010dtovanie dlhov<\/p>\n<p style=\"text-align: center;\">\u2727 Webov\u00e9 str\u00e1nky \/ php admin hacking (m\u00f4\u017eeme da\u0165 pln\u00fd pr\u00edstup alebo ukradn\u00fa\u0165 ak\u00fdko\u013evek protokol alebo inform\u00e1cie)<br \/>\n\u2727 Pas, id alebo certifik\u00e1ty, ktor\u00e9 m\u00f4\u017eu fungova\u0165 ako skuto\u010dn\u00e9<br \/>\n\u2727 Geolok\u00e1tor\/sledovanie telef\u00f3nneho \u010d\u00edsla<br \/>\n\u2727 Hospod\u00e1rska \u0161pion\u00e1\u017e a podnikov\u00e1 \u0161pion\u00e1\u017e<br \/>\n\u2727 Chyti\u0165 podv\u00e1dzaj\u00faceho partnera \/ monitorovanie podv\u00e1dzaj\u00faceho partnera<br \/>\n\u2727 Mobiln\u00e9 hacking \/ mobiln\u00fd vzdialen\u00fd pr\u00edstup<\/p>\n<p style=\"text-align: center;\">\u2727 Soci\u00e1lne m\u00e9di\u00e1 accts hacking alebo pr\u00edstup klonovanie<br \/>\n\u2727 M\u00f4\u017eeme v\u00e1m pom\u00f4c\u0165 sledova\u0165 kohoko\u013evek (sta\u010d\u00ed n\u00e1m poskytn\u00fa\u0165 ak\u00e9ko\u013evek platn\u00e9 inform\u00e1cie o va\u0161ej obeti)<br \/>\n\u2727 Spustite kampane v soci\u00e1lnych m\u00e9di\u00e1ch<br \/>\n\u2727 Porno z pomsty<br \/>\n\u2727 Pr\u00edstup do vl\u00e1dnej a podnikovej datab\u00e1zy<\/p>\n<p style=\"text-align: center;\">\u2727 Obnova d\u00f4kazov<br \/>\n\u2727 Vymazanie z\u00e1znamov v registri trestov<br \/>\n\u2727 Hacking hier<br \/>\n\u2727 Cie\u013eov\u00fd audit<br \/>\nAk u tie\u017e potrebujete naja\u0165 hacker od n\u00e1s pre va\u0161e s\u00fakromn\u00e9 pou\u017eitie (\u00fa\u010dtujeme za hodiny vykonanej pr\u00e1ce);<\/p>\n<h3 style=\"text-align: center;\">\u010co n\u00e1s rob\u00ed va\u0161ou najlep\u0161ou vo\u013ebou<\/h3>\n<p style=\"text-align: center;\">S nesmiernym pote\u0161en\u00edm a hrdos\u0165ou m\u00f4\u017eeme poveda\u0165, \u017ee na\u0161e slu\u017eby s\u00fa ako \u017eiadne in\u00e9. T\u00edm hackerov sa sklad\u00e1 z najprofesion\u00e1lnej\u0161\u00edch, naj\u0161ikovnej\u0161\u00edch a najsk\u00fasenej\u0161\u00edch hackerov, ktor\u00ed dok\u00e1\u017eu splni\u0165 ak\u00fako\u013evek \u00falohu<\/p>\n<p style=\"text-align: center;\">A to e\u0161te nie je koniec! Tento t\u00edm hackerov je \u00faplne a pr\u00edsne etick\u00fd a<br \/>\ncertifikovan\u00e9, tak\u017ee ak sa ob\u00e1vate, \u017ee sa dostanete do probl\u00e9mov pri vyu\u017e\u00edvan\u00ed na\u0161ich slu\u017eieb, bu\u010fte<br \/>\nzaisten\u00e9!<\/p>\n<h3 style=\"text-align: center;\">Pren\u00e1jom profesion\u00e1lnych hackerov<\/h3>\n<p style=\"text-align: center;\">A u\u017e ste pre\u0161li nespo\u010detn\u00e9 mno\u017estvo slu\u017eieb, prostredn\u00edctvom ktor\u00fdch m\u00f4\u017eeme pon\u00faknu\u0165 na\u0161e<br \/>\npomoc. Tak\u017ee bez oh\u013eadu na rozsah va\u0161ich probl\u00e9mov m\u00f4\u017eete n\u00e1js\u0165 rie\u0161enie<br \/>\nka\u017ed\u00fd z nich na jednej platforme.<br \/>\n\u010ci u\u017e ide o obnovu straten\u00fdch hesiel alebo transakcie s kryptomenami, m\u00e1me pre v\u00e1s<br \/>\npokryt\u00e9.<\/p>\n<p>&nbsp;<\/p>\n<h3 style=\"text-align: center;\">Je bezpe\u010dn\u00e9 prenaja\u0165 hackera online<\/h3>\n<p style=\"text-align: center;\">\u00c1no, je bezpe\u010dn\u00e9 si od n\u00e1s naja\u0165 hackera online. Sme profesion\u00e1lna skupina black hat hackerov. Vybudovali sme si d\u00f4veru u na\u0161ich v\u00e1\u017een\u00fdch z\u00e1kazn\u00edkov a m\u00e1me nulov\u00fa \u0161ancu, \u017ee s nimi budeme hra\u0165 ak\u00e9ko\u013evek hry. Mnoho \u013eud\u00ed sa na n\u00e1s obracia s r\u00f4znymi potrebami, ktor\u00e9 m\u00f4\u017eu zah\u0155\u0148a\u0165 profesion\u00e1lne hackersk\u00e9 slu\u017eby, osobn\u00e9 potreby, z\u00e1le\u017eitosti t\u00fdkaj\u00face sa spolo\u010dnosti, ako aj politick\u00e9 z\u00e1le\u017eitosti. Nesklameme v\u00e1s v \u017eiadnej situ\u00e1cii a ak m\u00e1te pocit, \u017ee potrebujete profesion\u00e1la, ktor\u00fd v\u00e1m pom\u00f4\u017ee s e-mailov\u00fdmi heslami, syst\u00e9mom, ako aj s hackersk\u00fdmi \u00fatokmi na webov\u00e9 str\u00e1nky, potom nev\u00e1hajte.<\/p>\n<h3 style=\"text-align: center;\">Profesion\u00e1lni hackeri na pren\u00e1jom<\/h3>\n<p style=\"text-align: center;\">Niektor\u00ed na\u0161i klienti vyu\u017e\u00edvaj\u00fa na\u0161e slu\u017eby na testovanie sily svojich siet\u00ed a my to rob\u00edme najlep\u0161ie, ako vieme. V pr\u00edpade, \u017ee si chcete za v\u00fdhodn\u00fd poplatok naja\u0165 hackera, ktor\u00fd v\u00e1m hackne datab\u00e1zu webovej str\u00e1nky alebo telef\u00f3n, obnov\u00ed straten\u00e9 finan\u010dn\u00e9 prostriedky alebo e-mailov\u00e9 heslo, okam\u017eite n\u00e1s kontaktujte. Na\u0161e sadzby s\u00fa rozumn\u00e9 a prij\u00edmame bitcoiny Proces je ve\u013emi jednoduch\u00fd, preto\u017ee klient n\u00e1m po\u0161le \u00fadaje alebo veci, ktor\u00e9 potrebuje hackn\u00fa\u0165, ulo\u017e\u00ed 50% platby a po dokon\u010den\u00ed hacknutia zaplat\u00ed zvy\u0161n\u00fdch 50%.<\/p>\n<h3 style=\"text-align: center;\">Overen\u00e9 hackeri<\/h3>\n<p>Sme etick\u00ed hackeri a s\u00fakromn\u00ed detekt\u00edvi k va\u0161im slu\u017eb\u00e1m. Ka\u017ed\u00fd \u010dlen n\u00e1\u0161ho t\u00edmu m\u00e1 bohat\u00e9 sk\u00fasenosti v r\u00f4znych oblastiach. V na\u0161om t\u00edme m\u00e1me \u0161pecialistov na digit\u00e1lnu forenzn\u00fa anal\u00fdzu, certifikovan\u00fdch etick\u00fdch hackerov, po\u010d\u00edta\u010dov\u00fdch in\u017einierov, odborn\u00edkov na kybernetick\u00fa bezpe\u010dnos\u0165, s\u00fakromn\u00fdch vy\u0161etrovate\u013eov a \u010fal\u0161\u00edch. Na\u0161\u00edm cie\u013eom je zabezpe\u010di\u0165, aby bol v\u00e1\u0161 digit\u00e1lny \u017eivot bezpe\u010dn\u00fd a bezprobl\u00e9mov\u00fd.<\/p>\n<h3 style=\"text-align: center;\">Etick\u00ed hackeri<\/h3>\n<p>Ka\u017ed\u00fd de\u0148 sa stovky a tis\u00edce \u013eud\u00ed na svete st\u00e1vaj\u00fa obe\u0165ami kompromit\u00e1cie \u00fa\u010dtov soci\u00e1lnych m\u00e9di\u00ed, ako s\u00fa Facebook, Snapchat, Instagram, tie\u017e e-mailov, mobiln\u00fdch telef\u00f3nov, zlej online reput\u00e1cie, kr\u00e1de\u017ee identity a mnoh\u00fdch \u010fal\u0161\u00edch. Kr\u00e1de\u017e toto\u017enosti sa m\u00f4\u017ee pou\u017ei\u0165 na podvodn\u00e9 po\u017eiadanie o \u00faver, soci\u00e1lne \u00fa\u010dty, podanie da\u0148ov\u00e9ho, zdravotn\u00e9ho a poistn\u00e9ho priznania at\u010f. My v spolo\u010dnosti HACKERS FOR HIRE (dot) io v\u00e1m m\u00f4\u017eeme pom\u00f4c\u0165 br\u00e1ni\u0165 sa proti v\u0161etk\u00fdm vy\u0161\u0161ie uveden\u00fdm hrozb\u00e1m.<\/p>\n<h3 style=\"text-align: center;\">Hackersk\u00e9 slu\u017eby<\/h3>\n<p>Pom\u00e1hame v\u00e1m chr\u00e1ni\u0165 va\u0161e \u00fadaje, soci\u00e1lne \u00fa\u010dty, telef\u00f3ny, po\u010d\u00edta\u010de a identitu a tie\u017e m\u00e1me klientov, ktor\u00ed chc\u00fa vystopova\u0165 hackera, n\u00e1js\u0165 niekoho, vy\u0161etrovanie podv\u00e1dzaj\u00facich man\u017eelov, obnovi\u0165 straten\u00e9 \u00fadaje, spravova\u0165 online reput\u00e1ciu at\u010f. Sme tu, aby sme v\u00e1m poskytli rie\u0161enia pre v\u0161etky tak\u00e9to potreby.<\/p>\n<div class=\"container section-title-container\" ><h3 class=\"section-title section-title-center\"><b><\/b><span class=\"section-title-main\" style=\"font-size:109%;\">ANONYMN\u00dd HACKER<\/span><b><\/b><\/h3><\/div>\n[ux_products style=&#8221;normal&#8221; type=&#8221;row&#8221; equalize_box=&#8221;true&#8221; cat=&#8221;19,17,18&#8243; orderby=&#8221;rand&#8221; image_hover=&#8221;zoom&#8221; image_hover_alt=&#8221;zoom-long&#8221; text_padding=&#8221;0px 0px 0px 0px&#8221;]","protected":false},"excerpt":{"rendered":"<p>HIRE ANONYMOUS HACKERS Hiring a Professional hacker is hard to come by these days but with Hireanonymoushackers, you can connect with proven performers in the hacking world in a matter of seconds. Have you been having lots of difficulties getting the right hacker for your hacking projects? Find the right hacker today on Hireanonymoushackers.com with [&#8230;]","protected":false},"author":1,"featured_media":782,"parent":0,"menu_order":0,"comment_status":"closed","ping_status":"closed","template":"page-blank.php","meta":{"_acf_changed":false,"footnotes":""},"class_list":["post-10","page","type-page","status-publish","has-post-thumbnail","hentry"],"acf":[],"_links":{"self":[{"href":"https:\/\/hireanonymoushackers.com\/sk\/wp-json\/wp\/v2\/pages\/10","targetHints":{"allow":["GET"]}}],"collection":[{"href":"https:\/\/hireanonymoushackers.com\/sk\/wp-json\/wp\/v2\/pages"}],"about":[{"href":"https:\/\/hireanonymoushackers.com\/sk\/wp-json\/wp\/v2\/types\/page"}],"author":[{"embeddable":true,"href":"https:\/\/hireanonymoushackers.com\/sk\/wp-json\/wp\/v2\/users\/1"}],"replies":[{"embeddable":true,"href":"https:\/\/hireanonymoushackers.com\/sk\/wp-json\/wp\/v2\/comments?post=10"}],"version-history":[{"count":54,"href":"https:\/\/hireanonymoushackers.com\/sk\/wp-json\/wp\/v2\/pages\/10\/revisions"}],"predecessor-version":[{"id":876,"href":"https:\/\/hireanonymoushackers.com\/sk\/wp-json\/wp\/v2\/pages\/10\/revisions\/876"}],"wp:featuredmedia":[{"embeddable":true,"href":"https:\/\/hireanonymoushackers.com\/sk\/wp-json\/wp\/v2\/media\/782"}],"wp:attachment":[{"href":"https:\/\/hireanonymoushackers.com\/sk\/wp-json\/wp\/v2\/media?parent=10"}],"curies":[{"name":"wp","href":"https:\/\/api.w.org\/{rel}","templated":true}]}}