{"id":14,"date":"2020-12-16T12:05:52","date_gmt":"2020-12-16T12:05:52","guid":{"rendered":"http:\/\/cocaineforsaleonline.com\/?page_id=14"},"modified":"2025-11-16T08:59:02","modified_gmt":"2025-11-16T08:59:02","slug":"angajati-un-hacker","status":"publish","type":"page","link":"https:\/\/hireanonymoushackers.com\/ro\/angajati-un-hacker\/","title":{"rendered":"Persoan\u0103 de contact"},"content":{"rendered":"<div class=\"row row-collapse row-full-width\"  id=\"row-55688315\">\n\n\t<div id=\"col-1508630989\" class=\"col small-12 large-12\"  >\n\t\t<div class=\"col-inner\"  >\n\t\t\t\n\t\t\t\n\t<section class=\"section\" id=\"section_1738783253\">\n\t\t<div class=\"bg section-bg fill bg-fill\" >\n\n\t\t\t\n\t\t\t<div class=\"section-bg-overlay absolute fill\"><\/div>\n\t\t\t\n\n\t\t<\/div>\n\n\t\t<div class=\"section-content relative\">\n\t\t\t\n<div class=\"row row-collapse align-center\" style=\"max-width:\" id=\"row-734120161\">\n\n\t<div id=\"col-931765442\" class=\"col small-12 large-12\"  >\n\t\t<div class=\"col-inner text-center dark\"  >\n\t\t\t\n\t\t\t\n<h1><span style=\"font-size: 250%;\">Persoan\u0103 de contact<\/span><\/h1>\n<p class=\"lead\"><span style=\"font-size: 120%;\">Trimite\u021bi-ne un mesaj<\/span><\/p>\n\t\t<\/div>\n\t\t\n<style>\n#col-931765442 > .col-inner {\n  padding: 100px 20px 200px 0px;\n}\n@media (min-width:550px) {\n  #col-931765442 > .col-inner {\n    padding: 100px 0px 200px 0px;\n  }\n}\n<\/style>\n\t<\/div>\n\n\t\n<\/div>\n\t\t<\/div>\n\n\t\t\n<style>\n#section_1738783253 {\n  padding-top: 0px;\n  padding-bottom: 0px;\n  min-height: 0px;\n}\n#section_1738783253 .section-bg-overlay {\n  background-color: rgba(0, 0, 0, 0.12);\n}\n#section_1738783253 .section-bg.bg-loaded {\n  background-image: 28;\n}\n#section_1738783253 .section-bg {\n  background-position: 55% 100%;\n}\n@media (min-width:550px) {\n  #section_1738783253 {\n    padding-top: 0px;\n    padding-bottom: 0px;\n  }\n  #section_1738783253 .section-bg-overlay {\n    background-color: rgba(0, 0, 0, 0.21);\n  }\n}\n@media (min-width:850px) {\n  #section_1738783253 {\n    padding-top: 100px;\n    padding-bottom: 100px;\n  }\n  #section_1738783253 .section-bg-overlay {\n    background-color: rgba(0,0,0,.5);\n  }\n}\n<\/style>\n\t<\/section>\n\t\n\t\t<\/div>\n\t\t\n<style>\n#col-1508630989 > .col-inner {\n  padding: 0px 30px 0px 30px;\n}\n<\/style>\n\t<\/div>\n\n\t\n<\/div>\n<div class=\"row row-large\" style=\"max-width:1400px\" id=\"row-664896268\">\n\n\t<div id=\"col-831539557\" class=\"col small-12 large-12\"  >\n\t\t<div class=\"col-inner\" style=\"background-color:rgb(255, 255, 255);\" >\n\t\t\t\n\t\t\t\n<div class=\"row row-collapse row-full-width\"  id=\"row-903877862\">\n<style>\n#row-903877862 > .col > .col-inner {\n  padding: 0px 15px 0px 15px;\n}\n<\/style>\n<\/div>\n\n\t<div id=\"col-856049896\" class=\"col medium-12 small-12 large-6\"  >\n\t\t<div class=\"col-inner\"  >\n\t\t\t\n\t\t\t\t\t<\/div>\n\t\t\n<style>\n#col-856049896 > .col-inner {\n  padding: 0px 0px 0px 20px;\n}\n<\/style>\n\t<\/div>\n\n\t\n<h2><span style=\"font-size: 120%;\">Contacta\u021bi-ne<\/span><\/h2>\n<p><strong>Email:dk8ayz@proton.me<\/strong><\/p>\n\t<div id=\"gap-2053501830\" class=\"gap-element clearfix\" style=\"display:block; height:auto;\">\n\t\t\n<style>\n#gap-2053501830 {\n  padding-top: 20px;\n}\n@media (min-width:550px) {\n  #gap-2053501830 {\n    padding-top: 20px;\n  }\n}\n@media (min-width:850px) {\n  #gap-2053501830 {\n    padding-top: 30px;\n  }\n}\n<\/style>\n\t<\/div>\n\t\n<div class=\"row\"  id=\"row-1342336480\"><\/div>\n\n\t<div id=\"col-900710808\" class=\"col medium-6 small-12 large-6\"  >\n\t\t<div class=\"col-inner\"  >\n\t\t\t\n\t\t\t\t\t<\/div>\n\t\t\t<\/div>\n\n\t\n<p>&nbsp;<\/p>\n<h2 style=\"text-align: center;\">Angaja\u021bi un hacker<\/h2>\n<div class=\"elementor-element elementor-element-ea57f42 elementor-widget elementor-widget-text-editor\" data-id=\"ea57f42\" data-element_type=\"widget\" data-widget_type=\"text-editor.default\">\n<div class=\"elementor-widget-container\">Hire Anonymous Hackers este un suport tehnic bazat pe tehnologie, care a fost esen\u021bial\u0103 \u00een furnizarea clien\u021bilor lor cu cea mai bun\u0103 experien\u021b\u0103 a clien\u021bilor. Noi oferim diverse servicii care includ: hacking un telefon mobil, trimiterea de mesaje text, sau e-mail cu spyware. aceast\u0103 companie \u00ee\u0219i propune s\u0103 fac\u0103 via\u021ba mai u\u0219oar\u0103 pentru persoanele care se confrunt\u0103 cu probleme de rela\u021bii.<\/div>\n<div><\/div>\n<\/div>\n<div class=\"elementor-element elementor-element-ed07b83 elementor-widget elementor-widget-text-editor\" data-id=\"ed07b83\" data-element_type=\"widget\" data-widget_type=\"text-editor.default\">\n<div class=\"elementor-widget-container\">Suntem cei mai buni exper\u021bi \u00een hacking pe care \u00eei pute\u021bi angaja pentru nevoile dvs. specifice. De la monitorizarea modest\u0103 a telefonului cuiva p\u00e2n\u0103 la distrugerea cu rea inten\u021bie a probelor. Noi v\u0103 acoperim cu cei mai buni hackeri din zon\u0103!<\/div>\n<\/div>\n<h3 style=\"text-align: center;\">Cum s\u0103 angajezi un hacker<\/h3>\n<p>Vrei s\u0103 angajezi un hacker ieftin din colec\u021bia noastr\u0103 de hackeri? Spune\u021bi-ne ce v\u0103 trebuie: Pur \u0219i simplu descrie\u021bi ce fel de servicii de hacking ave\u021bi nevoie. Vom g\u0103si hackerul potrivit pentru aceast\u0103 sarcin\u0103. V\u0103 vom pune \u00een leg\u0103tur\u0103 cu un hacker etic certificat care are abilit\u0103\u021bile \u0219i experien\u021ba necesare pentru a face treaba. Datele dvs. sunt \u00een siguran\u021b\u0103 cu noi. To\u021bi hackerii no\u0219tri sunt profesioni\u0219ti foarte bine preg\u0103ti\u021bi care ader\u0103 la standarde etice stricte. Contacta\u021bi-ne pe site-ul nostru <a href=\"https:\/\/hireanonymoushackers.com\/ro\/angajati-un-hacker\/\">Pagina de contact<\/a><\/p>\n<div class=\"elementor-element elementor-element-6d17116 elementor-widget elementor-widget-heading\" data-id=\"6d17116\" data-element_type=\"widget\" data-widget_type=\"heading.default\">\n<div class=\"elementor-widget-container\">\n<h3 class=\"elementor-heading-title elementor-size-default\" style=\"text-align: center;\">Hackeri exper\u021bi \u0219i de \u00eencredere de \u00eenchiriat<\/h3>\n<div class=\"elementor-element elementor-element-41118ff elementor-widget elementor-widget-text-editor\" data-id=\"41118ff\" data-element_type=\"widget\" data-widget_type=\"text-editor.default\">\n<div class=\"elementor-widget-container\">\n<p><a href=\"https:\/\/hireanonymoushackers.com\/ro\/\">Hireanonymoushackers.com<\/a> const\u0103 dintr-o echip\u0103 de hackeri etici care ofer\u0103 servicii versatile legate de IT, cum ar fi testarea penetr\u0103rii bazelor de date, hacking telefonic la distan\u021b\u0103, hacking social media, hacking e-mail, recuperarea fondurilor, angajarea unui hacker de telefon mobil sau alte servicii de hacking cibernetic.<\/p>\n<\/div>\n<\/div>\n<\/div>\n<\/div>\n<h3 style=\"text-align: center;\">Hackeri verifica\u021bi pentru \u00eenchiriere<\/h3>\n<p style=\"text-align: center;\">V\u0103 putem ajuta cu Software Hacking, Test de penetrare, Desc\u0103rcarea bazei de date, Editarea bazei de date, Securizarea bazei de date, Recuperarea fraudelor de credit, Windows Hacking, WIFI Password Cracking, Pinterest Hacking, Credit Score Fix, Cryptocurrency Theft, DDOS Attacking, Ethical Hacking Learning, Doxing, Man in the middle attack, Rediff mail Hacking, Yandex mail Hacking.<a href=\"https:\/\/duckduckgo.com\/\" target=\"_blank\" rel=\"noopener\">.<\/a>.<\/p>\n<h3 style=\"text-align: center;\"><span class=\"tagify__tag-text\" contenteditable=\"true\">Angaja\u021bi hackeri anonimi<\/span><\/h3>\n<p style=\"text-align: center;\">Suntem o echip\u0103 de hackeri profesioni\u0219ti din \u00eentreaga lume, care au evoluat din umbrele web-ului \u00eentunecat un subset al web-ului profund cu servicii ascunse, Motivul nostru principal este s\u0103 v\u0103 oferim servicii de hacking profesionale sigure \u0219i sigure. Angaja\u021bi un hacker profesionist ( Certified ) Pentru mai jos Servicii Verifica\u021bi.<\/p>\n<p style=\"text-align: center;\"><span data-text-color=\"alert\"><strong>100% Garan\u021bie de returnare a banilor \u00een cazul \u00een care lucrarea nu este efectuat\u0103 \u00een conformitate cu satisfac\u021bia dvs.<\/strong><\/span><\/p>\n<h3 style=\"text-align: center;\"><span class=\"tagify__tag-text\" contenteditable=\"true\">Serviciul de hacking telefonic<\/span><\/h3>\n<p style=\"text-align: center;\">Exist\u0103 multe motive pentru care a\u021bi putea avea nevoie s\u0103 angaja\u021bi un hacker de telefoane mobile. Poate dori\u021bi s\u0103 intra\u021bi \u00een telefonul mobil al so\u021bului pentru a vedea dac\u0103 v\u0103 \u00een\u0219eal\u0103. Sau poate ave\u021bi nevoie s\u0103 intra\u021bi \u00een sistemul informatic al unei companii pentru a fura secrete comerciale. Indiferent de motiv, este important s\u0103 g\u0103si\u021bi hackerul potrivit pentru aceast\u0103 sarcin\u0103. Nu to\u021bi hackerii sunt crea\u021bi la fel, a\u0219a c\u0103 trebuie s\u0103 fi\u021bi aten\u021bi atunci c\u00e2nd alege\u021bi unul.<\/p>\n<h4 style=\"text-align: center;\"><span class=\"tagify__tag-text\" contenteditable=\"true\">Angaja\u021bi un hacker de telefoane mobile<\/span><\/h4>\n<p style=\"text-align: center;\">Aici, la Hire Anonymous Hackers, avem ani de experien\u021b\u0103 \u00een hacking telefoane, computere, \u0219i alte dispozitive electronice. Avem abilit\u0103\u021bile \u0219i expertiza necesare pentru a v\u0103 ajuta s\u0103 v\u0103 atinge\u021bi obiectivele. Contacta\u021bi-ne ast\u0103zi pentru mai multe informa\u021bii sau pentru a \u00eencepe!<\/p>\n<h3 style=\"text-align: center;\">Hackeri social media<\/h3>\n<p style=\"text-align: center;\">C\u0103uta\u021bi s\u0103 angaja\u021bi un hacker pentru social media? Dac\u0103 da, a\u021bi ajuns la locul potrivit. Aici, la cyber lord, oferim o gam\u0103 larg\u0103 de servicii care includ hacking social media. Avem o echip\u0103 de exper\u021bi care sunt califica\u021bi \u00een acest domeniu \u0219i v\u0103 pot ajuta s\u0103 ob\u021bine\u021bi rezultatele pe care le c\u0103uta\u021bi.<\/p>\n<p style=\"text-align: center;\">Hire Anonymous Hackers este un serviciu de hackeri de \u00eenchiriat. Oferim hackeri de social media, hackeri r\u0103u inten\u021biona\u021bi \u0219i b\u0103ie\u021bi buni pentru a g\u0103si vulnerabilit\u0103\u021bi, a recupera conturi Facebook \u0219i a accesa instrumente \u0219i informa\u021bii web. Avem la dispozi\u021bie o mare varietate de abilit\u0103\u021bi \u0219i instrumente pentru a ne ajuta clien\u021bii. Ne angaj\u0103m s\u0103 oferim clien\u021bilor no\u0219tri cele mai bune servicii posibile \u0219i oferim pre\u021buri competitive.<\/p>\n<h3 style=\"text-align: center;\">Hacking de grad \u0219colar<\/h3>\n<p style=\"text-align: center;\">Dac\u0103 sunte\u021bi ca majoritatea oamenilor, probabil v\u0103 g\u00e2ndi\u021bi la notele de la \u0219coal\u0103 ca la o m\u0103sur\u0103 a c\u00e2t de bine v-a\u021bi descurcat la un curs. Dar dac\u0103 ar exista o modalitate de a ob\u021bine note mai bune f\u0103r\u0103 a \u00eenv\u0103\u021ba sau a face munc\u0103 suplimentar\u0103? Crede\u021bi sau nu, exist\u0103 - iar hackerii sunt cei care o pot face! Angaja\u021bi hackerii no\u0219tri pentru a schimba notele \u0219i hacker legit. Hacker angajat pentru a schimba notele sunt renumit expert ca un hacker de calculator.<\/p>\n<h4 style=\"text-align: center;\">Hacking de grad \u0219colar<\/h4>\n<p style=\"text-align: center;\">Angajarea unui serviciu de hacker care ajut\u0103 oamenii s\u0103-\u0219i schimbe notele universitare \u0219i notele \u0219colare \u0219i s\u0103 evite bre\u0219ele de securitate. Avem o echip\u0103 de hackeri experimenta\u021bi care sunt exper\u021bi \u00een g\u0103sirea g\u0103urilor de securitate \u00een bazele de date \u0219i site-urile web ale universit\u0103\u021bilor. Oferim serviciile noastre de abilit\u0103\u021bi de hacking oricui are nevoie de ele \u0219i garant\u0103m c\u0103 munca noastr\u0103 este de cea mai \u00eenalt\u0103 calitate.<\/p>\n<p style=\"text-align: center;\">Hire Anonymous Hackers este un serviciu profesional de hacking care ajut\u0103 studen\u021bii s\u0103-\u0219i schimbe notele, dosarele \u0219colare \u0219i transcrierile universitare. De asemenea, oferim consultan\u021b\u0103 \u00een materie de securitate universit\u0103\u021bilor \u0219i \u00eentreprinderilor pentru a le ajuta s\u0103 evite atacurile cibernetice.<\/p>\n<p style=\"text-align: center;\">De asemenea, oferim sisteme de detectare a intruziunilor, teste de penetrare \u0219i servicii de hacking etic. Folosim acelea\u0219i tehnici ca \u0219i hackerii r\u0103u inten\u021biona\u021bi, dar o facem \u00een mod etic \u0219i cu permisiunea dumneavoastr\u0103.<\/p>\n<div class=\"elementor-element elementor-element-f91317e elementor-widget elementor-widget-heading\" data-id=\"f91317e\" data-element_type=\"widget\" data-widget_type=\"heading.default\">\n<div class=\"elementor-widget-container\">\n<h3 class=\"elementor-heading-title elementor-size-default\" style=\"text-align: center;\">Testa\u021bi securitatea site-ului web<\/h3>\n<p style=\"text-align: center;\">Hire Anonymous Hackers este o echip\u0103 de hackeri etici profesioni\u0219ti care ofer\u0103 servicii pentru testarea securit\u0103\u021bii site-urilor web, detectarea intruziunilor \u0219i efectuarea testelor de penetrare. De asemenea, oferim audituri de securitate \u0219i analiz\u0103 a datelor privind traficul de re\u021bea. Scopul nostru este s\u0103 ne ajut\u0103m clien\u021bii s\u0103 \u00ee\u0219i \u00eembun\u0103t\u0103\u021beasc\u0103 securitatea \u0219i s\u0103 \u00ee\u0219i protejeze activele online.<\/p>\n<p style=\"text-align: center;\">C\u00e2nd vine vorba de hacking, mul\u021bi oameni se g\u00e2ndesc la activit\u0103\u021bi r\u0103u inten\u021bionate, cum ar fi furtul identit\u0103\u021bii cuiva sau p\u0103trunderea \u00een sistemele informatice. Cu toate acestea, exist\u0103 o industrie \u00een cre\u0219tere a hackerilor profesioni\u0219ti care \u00ee\u0219i ofer\u0103 serviciile \u00eentreprinderilor \u0219i persoanelor fizice care doresc s\u0103 penetreze securitatea site-ului lor web. De\u0219i angajarea unui hacker poate p\u0103rea o modalitate u\u0219oar\u0103 de a v\u0103 rezolva problemele de securitate, este important s\u0103 v\u0103 proteja\u021bi baza de date \u00eempotriva atacurilor r\u0103u inten\u021bionate.<\/p>\n<h3 style=\"text-align: center;\">Serviciul de hacking Facebook<\/h3>\n<p style=\"text-align: center;\">Sunte\u021bi \u00eengrijorat de securitatea contului dvs. de Facebook? Dori\u021bi s\u0103 v\u0103 asigura\u021bi c\u0103 contul dvs. este sigur \u0219i securizat? Dac\u0103 da, este posibil s\u0103 dori\u021bi s\u0103 lua\u021bi \u00een considerare angajarea unui hacker pentru a hack Facebook pentru dvs. Exist\u0103 o serie de servicii diferite de hacking care ofer\u0103 acest tip de serviciu \u0219i poate fi o modalitate excelent\u0103 de a v\u0103 asigura c\u0103 contul dvs. este c\u00e2t mai sigur posibil. Cu toate acestea, \u00eenainte de a angaja un hacker, este important s\u0103 face\u021bi cercet\u0103ri \u0219i s\u0103 v\u0103 asigura\u021bi c\u0103 alege\u021bi serviciul potrivit.<\/p>\n<h3 style=\"text-align: center;\">Angaja\u021bi un hacker pentru WhatsApp<\/h3>\n<p style=\"text-align: center;\">Hackerii pot fi angaja\u021bi pentru a ajuta cu o varietate de sarcini, inclusiv ob\u021binerea accesului la mesajele WhatsApp. Dac\u0103 sunte\u021bi \u00een c\u0103utarea cuiva care s\u0103 v\u0103 ajute cu hackerul WhatsApp sau dac\u0103 dori\u021bi ca cineva s\u0103 v\u0103 ajute s\u0103 spiona\u021bi mesajele partenerului, atunci un hacker este solu\u021bia perfect\u0103. Contacta\u021bi hackerii no\u0219tri de telefon disponibili pentru \u00eenchiriere.<\/p>\n<h4 style=\"text-align: center;\">Cerere de hacking de top<br \/>\nIndiferent de motiv, hacking-ul poate fi un proces rapid \u0219i u\u0219or dac\u0103 \u0219ti\u021bi unde s\u0103 c\u0103uta\u021bi.<\/h4>\n<p style=\"text-align: center;\">Serviciul de hacking telefonic<br \/>\nServiciul de hacking Facebook<br \/>\nHacker social media<br \/>\nAngaja\u021bi un hacker pentru WhatsApp<br \/>\nHacking de grad \u0219colar<br \/>\nHack Instagram<\/p>\n<p>&nbsp;<\/p>\n<\/div>\n<\/div>\n<p>&nbsp;<\/p>\n<p>&nbsp;<\/p>\n\t\t<\/div>\n\t\t\n<style>\n#col-831539557 > .col-inner {\n  padding: 50px 20px 0px 20px;\n  margin: -0 0px 0px 0px;\n}\n@media (min-width:550px) {\n  #col-831539557 > .col-inner {\n    padding: 50px 20px 30px 20px;\n    margin: 0 0px 0px 0px;\n  }\n}\n@media (min-width:850px) {\n  #col-831539557 > .col-inner {\n    padding: 66px 5% 16px 5%;\n    margin: -135px 0px 0px 0px;\n  }\n}\n<\/style>\n\t<\/div>\n\n\t\n<\/div>","protected":false},"excerpt":{"rendered":"","protected":false},"author":1,"featured_media":819,"parent":0,"menu_order":0,"comment_status":"closed","ping_status":"closed","template":"page-blank.php","meta":{"_acf_changed":false,"footnotes":""},"class_list":["post-14","page","type-page","status-publish","has-post-thumbnail","hentry"],"acf":[],"_links":{"self":[{"href":"https:\/\/hireanonymoushackers.com\/ro\/wp-json\/wp\/v2\/pages\/14","targetHints":{"allow":["GET"]}}],"collection":[{"href":"https:\/\/hireanonymoushackers.com\/ro\/wp-json\/wp\/v2\/pages"}],"about":[{"href":"https:\/\/hireanonymoushackers.com\/ro\/wp-json\/wp\/v2\/types\/page"}],"author":[{"embeddable":true,"href":"https:\/\/hireanonymoushackers.com\/ro\/wp-json\/wp\/v2\/users\/1"}],"replies":[{"embeddable":true,"href":"https:\/\/hireanonymoushackers.com\/ro\/wp-json\/wp\/v2\/comments?post=14"}],"version-history":[{"count":29,"href":"https:\/\/hireanonymoushackers.com\/ro\/wp-json\/wp\/v2\/pages\/14\/revisions"}],"predecessor-version":[{"id":1000,"href":"https:\/\/hireanonymoushackers.com\/ro\/wp-json\/wp\/v2\/pages\/14\/revisions\/1000"}],"wp:featuredmedia":[{"embeddable":true,"href":"https:\/\/hireanonymoushackers.com\/ro\/wp-json\/wp\/v2\/media\/819"}],"wp:attachment":[{"href":"https:\/\/hireanonymoushackers.com\/ro\/wp-json\/wp\/v2\/media?parent=14"}],"curies":[{"name":"wp","href":"https:\/\/api.w.org\/{rel}","templated":true}]}}