{"id":10,"date":"2020-12-16T12:04:19","date_gmt":"2020-12-16T12:04:19","guid":{"rendered":"http:\/\/cocaineforsaleonline.com\/?page_id=10"},"modified":"2024-04-22T20:19:09","modified_gmt":"2024-04-22T20:19:09","slug":"home","status":"publish","type":"page","link":"https:\/\/hireanonymoushackers.com\/ro\/","title":{"rendered":"Acas\u0103"},"content":{"rendered":"<div class=\"banner has-hover show-for-small\" id=\"banner-857354542\">\n          <div class=\"banner-inner fill\">\n        <div class=\"banner-bg fill\" >\n            <div class=\"bg fill bg-fill\"><\/div>\n                                    \n                    <\/div>\n        <div class=\"banner-layers container\">\n            <div class=\"fill banner-link\"><\/div>            \n        <\/div>\n      <\/div>\n\n              <div class=\"height-fix is-invisible\"><\/div>\n            \n<style>\n#banner-857354542 {\n  background-color: rgb(247, 245, 244);\n}\n<\/style>\n  <\/div>\n\n\n\t<section class=\"section dark\" id=\"section_710515161\">\n\t\t<div class=\"bg section-bg fill bg-fill\" >\n\n\t\t\t\n\t\t\t<div class=\"section-bg-overlay absolute fill\"><\/div><button class=\"scroll-for-more z-5 icon absolute bottom h-center\"><i class=\"icon-angle-down\" style=\"font-size:42px;\"><\/i><\/button>\n\t\t\t\n\n\t\t<\/div>\n\n\t\t<div class=\"section-content relative\">\n\t\t\t\n<div class=\"row align-middle\"  id=\"row-1360257046\">\n\n\t<div id=\"col-961872692\" class=\"col medium-8 small-12 large-8\"  >\n\t\t<div class=\"col-inner\"  >\n\t\t\t\n\t\t\t\n<h6 class=\"uppercase\">Angaja\u021bi un hacker<\/h6>\n<h1 style=\"font-size: 350%; line-height: 100%;\">Angaja\u021bi hackeri anonimi<\/h1>\n<p>Hackeri anonimi de \u00eenchiriat<\/p>\n<h1 style=\"font-size: 200%;\">Site-ul oficial al Anonymous Hackers<\/h1>\n<div class=\"row row-collapse\"  id=\"row-326770607\">\n\n\t<div id=\"col-1086047610\" class=\"col medium-6 small-12 large-6\"  >\n\t\t<div class=\"col-inner\"  >\n\t\t\t\n\t\t\t\n<a data-animate=\"blurIn\" href=\"https:\/\/hireanonymoushackers.com\/ro\/angajati-un-hacker\/\" target=\"_self\" class=\"button secondary is-large lowercase expand\"  style=\"border-radius:4px;\">\n  <i class=\"icon-star\" ><\/i>  <span>Contacta\u021bi-ne<\/span>\n  <\/a>\n\n\t\t<\/div>\n\t\t\t<\/div>\n\n\t\n\n<style>\n#row-326770607 > .col > .col-inner {\n  padding: 0px 5px 0px 5px;\n}\n<\/style>\n<\/div>\n\t\t<\/div>\n\t\t\t<\/div>\n\n\t\n<\/div>\n\t\t<\/div>\n\n\t\t\n<style>\n#section_710515161 {\n  padding-top: 60px;\n  padding-bottom: 60px;\n  min-height: 600px;\n  background-color: rgb(255,255,255);\n}\n#section_710515161 .section-bg-overlay {\n  background-color: rgb(45, 78, 103);\n}\n#section_710515161 .section-bg.bg-loaded {\n  background-image: 28;\n}\n@media (min-width:550px) {\n  #section_710515161 .section-bg-overlay {\n    background-color: rgba(0, 0, 0, 0.5);\n  }\n}\n@media (min-width:850px) {\n  #section_710515161 .section-bg-overlay {\n    background-color: rgba(0,0,0,.5);\n  }\n}\n<\/style>\n\t<\/section>\n\t\n\t<section class=\"section\" id=\"section_79815411\">\n\t\t<div class=\"bg section-bg fill bg-fill  bg-loaded\" >\n\n\t\t\t\n\t\t\t\n\t\t\t\n\n\t\t<\/div>\n\n\t\t<div class=\"section-content relative\">\n\t\t\t\t\t<\/div>\n\n\t\t\n<style>\n#section_79815411 {\n  padding-top: 0px;\n  padding-bottom: 0px;\n}\n<\/style>\n\t<\/section>\n\t\n\t<div id=\"gap-211246628\" class=\"gap-element clearfix\" style=\"display:block; height:auto;\">\n\t\t\n<style>\n#gap-211246628 {\n  padding-top: 59px;\n}\n<\/style>\n\t<\/div>\n\t\n<div class=\"row\"  id=\"row-1232709564\"><\/div>\n\n\t<div id=\"col-1396140598\" class=\"col small-12 large-12\"  >\n\t\t<div class=\"col-inner\"  >\n\t\t\t\n\t\t\t\t\t<\/div>\n\t\t\t<\/div>\n\n\t\n<h2 style=\"text-align: center;\">ANGAJA\u021aI HACKERI ANONIMI<\/h2>\n<p style=\"text-align: center;\">Angajarea unui hacker profesionist este greu de g\u0103sit \u00een zilele noastre, dar cu Hireanonymoushackers, v\u0103 pute\u021bi conecta cu performeri dovedi\u021bi \u00een lumea hacking \u00eentr-o chestiune de secunde. A\u021bi avut o mul\u021bime de dificult\u0103\u021bi \u00een a g\u0103si hackerul potrivit pentru proiectele dvs. de hacking? G\u0103si\u021bi hackerul potrivit ast\u0103zi pe <a href=\"https:\/\/hireanonymoushackers.com\/ro\/\">Hireanonymoushackers.com<\/a> cu hackeri profesioni\u0219ti de talie mondial\u0103 de \u00eenalt\u0103 calificare \u00een a\u0219teptare pentru a v\u0103 ajuta s\u0103 ob\u021bine\u021bi succes cu proiectul (proiectele) dvs. de hacking.<\/p>\n<h3 style=\"text-align: center;\">Hackeri de \u00eencredere<\/h3>\n<p style=\"text-align: center;\">Serviciul nostru Escrow nou introdus v\u0103 va proteja, de asemenea, de orice form\u0103 de vulnerabilit\u0103\u021bi atunci c\u00e2nd efectua\u021bi plata c\u0103tre hackerii no\u0219tri. Plata dvs. va fi stocat\u0103 \u00een siguran\u021b\u0103 \u00een serviciul de escrow, care de\u021bine dreptul final de a p\u0103stra \u0219i de a pl\u0103ti \u0219i va face acest lucru numai pe baza autoriza\u021biei dvs. odat\u0103 ce sunte\u021bi mul\u021bumit de munca care v\u0103 este livrat\u0103 de hackerul desemnat.<\/p>\n<p><img decoding=\"async\" class=\"wp-image-795 lazyload\" data-src=\"https:\/\/hireanonymoushackers.io\/wp-content\/uploads\/2023\/06\/5-star-300x158.jpg\" alt=\"Hackeri anonimi\" width=\"30\" height=\"16\" data-srcset=\"https:\/\/hireanonymoushackers.com\/wp-content\/uploads\/2023\/06\/5-star-300x158.jpg 300w, https:\/\/hireanonymoushackers.com\/wp-content\/uploads\/2023\/06\/5-star-1024x539.jpg 1024w, https:\/\/hireanonymoushackers.com\/wp-content\/uploads\/2023\/06\/5-star-768x404.jpg 768w, https:\/\/hireanonymoushackers.com\/wp-content\/uploads\/2023\/06\/5-star-600x316.jpg 600w, https:\/\/hireanonymoushackers.com\/wp-content\/uploads\/2023\/06\/5-star.jpg 1520w\" data-sizes=\"(max-width: 30px) 100vw, 30px\" src=\"data:image\/svg+xml;base64,PHN2ZyB3aWR0aD0iMSIgaGVpZ2h0PSIxIiB4bWxucz0iaHR0cDovL3d3dy53My5vcmcvMjAwMC9zdmciPjwvc3ZnPg==\" style=\"--smush-placeholder-width: 30px; --smush-placeholder-aspect-ratio: 30\/16;\" \/><\/p>\n<h3 style=\"text-align: center;\">ANGAJA\u021aI UN HACKER<\/h3>\n<p style=\"text-align: center;\">Suntem o echip\u0103 de hackeri profesioni\u0219ti cu experien\u021b\u0103 \u00een diferite domenii. Oferim servicii de hacking persoanelor fizice \u0219i institu\u021biilor private de peste 7 ani cu servicii de hacking discrete \u0219i de calitate, iar acum v\u0103 oferim serviciile noastre. A\u021bi \u00eencercat s\u0103 cump\u0103ra\u021bi servicii de hacking pe dark web \u00eenainte? Nu sunte\u021bi mul\u021bumit de rezultate? Doar promisiuni goale, dar nimeni nu face treaba?<\/p>\n<p style=\"text-align: center;\">Atunci ar trebui s\u0103 \u00eencerca\u021bi Hire Hackers, cei mai de \u00eencredere hackeri pentru a face lucrurile. Spre deosebire de al\u021bii, pre\u021burile noastre nu sunt cele mai ieftine, dar dac\u0103 nu putem face o treab\u0103, ve\u021bi primi o rambursare complet\u0103<a href=\"https:\/\/duckduckgo.com\/\" target=\"_blank\" rel=\"noopener\">.<\/a><\/p>\n<h3 style=\"text-align: center;\"><span class=\"tagify__tag-text\" contenteditable=\"true\">Hackeri de \u00eenchiriat<\/span><\/h3>\n<p style=\"text-align: center;\">Hire Anonymous Hackers este un grup de hacking profesionist disponibil online pentru a oferi servicii profesionale \u0219i unice clien\u021bilor no\u0219tri amabili la nivel global. Hire a hacker uk.<\/p>\n<p style=\"text-align: center;\">La Hire Anonymous Hackers livrarea sunt dincolo de solu\u021bii posibile, suntem cunoscu\u021bi pentru cei mai buni furnizori de servicii de hacking de-a lungul anilor de func\u021bionare \u00een acest domeniu de activitate. Hackeri p\u0103l\u0103rie neagr\u0103 pentru \u00eenchiriere.<\/p>\n<p><img decoding=\"async\" class=\"wp-image-803 aligncenter lazyload\" data-src=\"https:\/\/hireanonymoushackers.io\/wp-content\/uploads\/2023\/06\/Hire-Hackers-Services-300x225.jpg\" alt=\"Angaja\u021bi servicii de hackeri\" width=\"59\" height=\"44\" data-srcset=\"https:\/\/hireanonymoushackers.com\/wp-content\/uploads\/2023\/06\/Hire-Hackers-Services-300x225.jpg 300w, https:\/\/hireanonymoushackers.com\/wp-content\/uploads\/2023\/06\/Hire-Hackers-Services.jpg 350w\" data-sizes=\"(max-width: 59px) 100vw, 59px\" src=\"data:image\/svg+xml;base64,PHN2ZyB3aWR0aD0iMSIgaGVpZ2h0PSIxIiB4bWxucz0iaHR0cDovL3d3dy53My5vcmcvMjAwMC9zdmciPjwvc3ZnPg==\" style=\"--smush-placeholder-width: 59px; --smush-placeholder-aspect-ratio: 59\/44;\" \/><\/p>\n<h3 style=\"text-align: center;\">Hackeri etici certifica\u021bi de \u00eencredere pentru angajare<\/h3>\n<p style=\"text-align: center;\">Hackerii no\u0219tri nu s-au n\u0103scut hackeri, majoritatea hackerilor no\u0219tri au lucrat timp de peste 10 ani pentru diferite companii din domeniul telecomunica\u021biilor, securit\u0103\u021bii cibernetice, gestion\u0103rii serverelor \u0219i majoritatea, dac\u0103 nu to\u021bi, au experien\u021b\u0103 de lucru pentru companii care construiesc diferite set\u0103ri de securitate pentru diferite aplica\u021bii.<\/p>\n<p style=\"text-align: center;\">Faptul c\u0103 au lucrat pentru astfel de companii ofer\u0103 hackerilor no\u0219tri un avantaj \u0219i o \u00een\u021belegere complet\u0103 a modului \u00een care func\u021bioneaz\u0103 securitatea pentru diferite aplica\u021bii \u0219i hardware.<\/p>\n<h3 style=\"text-align: center;\"><span class=\"tagify__tag-text\" contenteditable=\"true\">\u00cenchiria\u021bi un hacker<\/span><\/h3>\n<p style=\"text-align: center;\">Oferim servicii de hacking profesionale de cea mai bun\u0103 calitate, care nu pot fi egalate cu alte hacker pentru companie de \u00eenchiriere. Hackerii no\u0219tri profesioni\u0219ti au cele mai avansate tehnici de hacking pentru a hack Facebook, Snapchat, Whatsapp, Twitter, Instagram, Conturi de e-mail, Gmail, Smart Phone, Site-ul web, Baza de date \u0219i multe altele. De asemenea, pute\u021bi solicita pentru hack personalizat. \u00cen aceste zile, angajarea unui hacker profesionist este dificil\u0103. S-ar putea s\u0103 fi\u021bi \u00een\u0219elat pentru servicii de hacking gre\u0219ite sau de hackeri fal\u0219i pe Internet. Nu v\u0103 l\u0103sa\u021bi p\u0103c\u0103li\u021bi de escrocii care anun\u021b\u0103 servicii de hacking profesionale false.<\/p>\n<h3 style=\"text-align: center;\"><span class=\"tagify__tag-text\" contenteditable=\"true\">Servicii profesionale de hacking<\/span><\/h3>\n<p style=\"text-align: center;\">Anonymous Hackers a ap\u0103rut ca cea mai fiabil\u0103 platform\u0103 de hacking din lume, unde v\u0103 \u00eent\u00e2lni\u021bi cu hackeri profesioni\u0219ti pentru serviciile dvs. de hacking. Suntem dedica\u021bi \u0219i lucr\u0103m pentru a v\u0103 satisface cererile de hacking prin hackerii no\u0219tri din dark web. De asemenea, oferim servicii de hacking 24 de ore pentru a v\u0103 asigura c\u0103 v\u0103 atinge\u021bi obiectivele f\u0103r\u0103 \u00eent\u00e2rziere. Hack server universitar.<\/p>\n<h4 style=\"text-align: center;\">Angaja\u021bi un hacker pentru a hack site-ul web<\/h4>\n<p style=\"text-align: center;\">\u00cen calitate de platform\u0103 de hacking de top, suntem m\u00e2ndri s\u0103 ne servim clien\u021bii din \u00eentreaga lume. Hackerii no\u0219tri certifica\u021bi sunt punctul nostru forte \u0219i satisfac\u021bia clien\u021bilor no\u0219tri este prioritatea noastr\u0103 principal\u0103. Avem exper\u021bi \u00een diferite domenii de hacking \u0219i promitem s\u0103 oferim \u00eentotdeauna o livrare rapid\u0103 a proiectelor. Cu o gam\u0103 larg\u0103 de solu\u021bii de hacking, deschidem calea c\u0103tre succesul hacking pe care \u00eel dori\u021bi. Hack baza de date universitare.<\/p>\n<h3 style=\"text-align: center;\">Hackeri anonimi<\/h3>\n<p style=\"text-align: center;\">Anonymous Hackers este o echip\u0103 de hackeri anonimi care ofer\u0103 servicii profesionale de hacking. Angaja\u021bi un hacker pentru Facebook, e-mail, Web, baze de date sau telefon hacking. Suntem o echip\u0103 de hackeri foarte califica\u021bi \u0219i profesioni\u0219ti care este capabil s\u0103 hack orice conturi sociale, conturi de e-mail, telefon, site sau baz\u0103 de date. 100% garanteaz\u0103 intimitatea \u0219i confiden\u021bialitatea pentru clien\u021bii no\u0219tri.Hire a hacker for Facebook.<\/p>\n<p><img decoding=\"async\" class=\"wp-image-795 aligncenter lazyload\" data-src=\"https:\/\/hireanonymoushackers.io\/wp-content\/uploads\/2023\/06\/5-star-300x158.jpg\" alt=\"Hackeri anonimi\" width=\"37\" height=\"19\" data-srcset=\"https:\/\/hireanonymoushackers.com\/wp-content\/uploads\/2023\/06\/5-star-300x158.jpg 300w, https:\/\/hireanonymoushackers.com\/wp-content\/uploads\/2023\/06\/5-star-1024x539.jpg 1024w, https:\/\/hireanonymoushackers.com\/wp-content\/uploads\/2023\/06\/5-star-768x404.jpg 768w, https:\/\/hireanonymoushackers.com\/wp-content\/uploads\/2023\/06\/5-star-600x316.jpg 600w, https:\/\/hireanonymoushackers.com\/wp-content\/uploads\/2023\/06\/5-star.jpg 1520w\" data-sizes=\"(max-width: 37px) 100vw, 37px\" src=\"data:image\/svg+xml;base64,PHN2ZyB3aWR0aD0iMSIgaGVpZ2h0PSIxIiB4bWxucz0iaHR0cDovL3d3dy53My5vcmcvMjAwMC9zdmciPjwvc3ZnPg==\" style=\"--smush-placeholder-width: 37px; --smush-placeholder-aspect-ratio: 37\/19;\" \/><\/p>\n<h3 style=\"text-align: center;\">Angaja\u021bi servicii de hackeri<\/h3>\n<p style=\"text-align: center;\">Hackerii no\u0219tri de \u00eenchiriat ofer\u0103 o gam\u0103 larg\u0103 de servicii profesionale de hacking.Ne propunem s\u0103 facem tot felul de protec\u021bii online pentru clien\u021bii no\u0219tri valoro\u0219i.<br \/>\nAngaja\u021bi un hacker pentru toate nevoile dvs. de hacking. Hire a hacker to change grades<\/p>\n<h3 style=\"text-align: center;\">LISTE DE SERVICII PE CARE LE OFERIM<\/h3>\n<p style=\"text-align: center;\">\u2727 Mail hacking \u0219i control variind de la gmail, yahoo mail-uri, e-mail-uri profesionale &amp; #8230;.to chiar email-uri securizate cu 4096bits cript\u0103ri<br \/>\n\u2727 Pc jailbreaking\/hacking (windows,mac,linux distros... .)<br \/>\n\u2727 Schimbarea notei<br \/>\n\u2727 Num\u0103r de telefon Audit<br \/>\n\u2727 Pachet complet de servicii, acces la dispozitive \u0219i conturi personale sau ale companiei \u0219i c\u0103utarea datelor de care ave\u021bi nevoie.<br \/>\n\u2727 Compensarea datoriilor<\/p>\n<p style=\"text-align: center;\">\u2727 Hacking site web\/php admin (putem oferi acces complet sau fura orice jurnal sau informa\u021bii)<br \/>\n\u2727 Pa\u0219aport, acte de identitate sau certificate care pot func\u021biona ca cele reale<br \/>\n\u2727 Geo-locator\/urm\u0103rire num\u0103r de telefon<br \/>\n\u2727 Spionajul economic \u0219i spionajul corporativ<br \/>\n\u2727 Prinderea partenerului infidel \/ monitorizarea partenerului infidel<br \/>\n\u2727 Hacking mobil\/acces la distan\u021b\u0103 mobil<\/p>\n<p style=\"text-align: center;\">\u2727 Piratarea conturilor de social media sau clonarea accesului<br \/>\n\u2727 V\u0103 putem ajuta s\u0103 urm\u0103ri\u021bi pe oricine (doar da\u021bi-ne orice informa\u021bii valide despre victima dvs.)<br \/>\n\u2727 Desf\u0103\u0219urarea de campanii \u00een social media<br \/>\n\u2727 Revenge Porn<br \/>\n\u2727 Acces la baza de date a guvernului \u0219i a companiilor<\/p>\n<p style=\"text-align: center;\">\u2727 Recuperarea probelor<br \/>\n\u2727 Eliberarea cazierului judiciar<br \/>\n\u2727 Hacking de jocuri<br \/>\n\u2727 Auditul \u021bintelor<br \/>\nDac\u0103 ave\u021bi, de asemenea, nevoie pentru a angaja un hacker de la noi pentru uzul dumneavoastr\u0103 privat (ne tax\u0103m pe ore de lucru efectuate);<\/p>\n<h3 style=\"text-align: center;\">Ce ne face cea mai bun\u0103 alegere<\/h3>\n<p style=\"text-align: center;\">Ne face o imens\u0103 pl\u0103cere \u0219i m\u00e2ndrie s\u0103 spunem c\u0103 serviciile noastre sunt f\u0103r\u0103 egal. Echipa de hackeri este format\u0103 din cei mai profesioni\u0219ti, califica\u021bi \u0219i experimenta\u021bi hackeri care pot realiza orice sarcin\u0103 la \u00eendem\u00e2n\u0103<\/p>\n<p style=\"text-align: center;\">\u0218i asta nu e tot! Aceast\u0103 echip\u0103 de hackeri este complet \u0219i strict etic\u0103 \u0219i<br \/>\ncertificat\u0103, deci dac\u0103 v\u0103 face\u021bi griji c\u0103 ve\u021bi avea probleme \u00een timp ce beneficia\u021bi de serviciile noastre, fi\u021bi<br \/>\nasigurat!<\/p>\n<h3 style=\"text-align: center;\">Angaja\u021bi hackeri profesioni\u0219ti<\/h3>\n<p style=\"text-align: center;\">\u0218i a\u021bi trecut deja \u00een revist\u0103 multitudinea de servicii prin care ne putem oferi<br \/>\nasisten\u021b\u0103. Astfel, indiferent de amploarea problemelor dumneavoastr\u0103, pute\u021bi g\u0103si solu\u021bia pentru<br \/>\nfiecare dintre ele pe o singur\u0103 platform\u0103.<br \/>\nFie c\u0103 este vorba de recuperarea parolelor pierdute sau de tranzac\u021bia dvs. cu criptomonede, v-am prins<br \/>\nacoperit.<\/p>\n<p>&nbsp;<\/p>\n<h3 style=\"text-align: center;\">Este sigur s\u0103 angajezi un hacker online<\/h3>\n<p style=\"text-align: center;\">Da, este sigur s\u0103 angaja\u021bi un hacker online de la noi. Suntem un grup profesionist de hackeri cu p\u0103l\u0103rie neagr\u0103. Ne-am construit \u00eencrederea \u00een clien\u021bii no\u0219tri stima\u021bi \u0219i nu avem nicio \u0219ans\u0103 de a juca vreun joc cu ei. Mul\u021bi oameni vin la noi cu nevoi diferite, care pot include, servicii profesionale de hacker, nevoi personale, probleme legate de companie, precum \u0219i probleme politice. Noi nu dezam\u0103gim \u00een nici o situa\u021bie \u0219i dac\u0103 sim\u021bi\u021bi c\u0103 ave\u021bi nevoie de un profesionist care s\u0103 v\u0103 ajute \u00een parolele de e-mail, sistemul, precum \u0219i hacking-ul site-ului, atunci nu ezita\u021bi.<\/p>\n<h3 style=\"text-align: center;\">Hackeri profesioni\u0219ti de \u00eenchiriat<\/h3>\n<p style=\"text-align: center;\">Unii dintre clien\u021bii no\u0219tri folosesc serviciile noastre pentru a testa puterea re\u021belelor lor \u0219i acest lucru este ceva ce facem la nivelul nostru cel mai bun. \u00cen cazul \u00een care dori\u021bi s\u0103 angaja\u021bi un hacker pentru a sparge baza de date a unui site web sau un telefon, pentru a recupera fondurile pierdute sau parola unui e-mail pentru o tax\u0103 avantajoas\u0103, atunci contacta\u021bi-ne imediat. Tarifele noastre sunt rezonabile \u0219i accept\u0103m bitcoini Procesul este foarte simplu, deoarece clientul ne trimite detaliile sau lucrurile pe care trebuie s\u0103 le pirateze, depune 50% din plat\u0103 \u0219i pl\u0103te\u0219te restul 50% dup\u0103 ce hack-ul este complet.<\/p>\n<h3 style=\"text-align: center;\">Hackeri verifica\u021bi<\/h3>\n<p>Suntem hackeri etici \u0219i investigatori priva\u021bi la dispozi\u021bia dumneavoastr\u0103. Fiecare membru al echipei noastre este bine experimentat \u00een diversele lor ni\u0219e. Avem speciali\u0219ti \u00een criminalistic\u0103 digital\u0103, hackeri etici certifica\u021bi, ingineri informatici, exper\u021bi \u00een securitate cibernetic\u0103, investigatori priva\u021bi \u0219i mul\u021bi al\u021bii \u00een echipa noastr\u0103. Scopul nostru este s\u0103 v\u0103 facem via\u021ba digital\u0103 securizat\u0103, sigur\u0103 \u0219i f\u0103r\u0103 complica\u021bii.<\/p>\n<h3 style=\"text-align: center;\">Hackeri etici<\/h3>\n<p>\u00cen fiecare zi, sute \u0219i mii de oameni din lume sunt victime ale compromiterii conturilor de social media, cum ar fi Facebook, Snapchat, Instagram, e-mailuri, telefoane mobile, reputa\u021bie online proast\u0103, furt de identitate \u0219i multe altele. Furtul de identitate poate fi folosit pentru a solicita \u00een mod fraudulos credite, conturi sociale, taxe, asigur\u0103ri medicale, etc. Noi, la HACKERS FOR HIRE (dot) io, v\u0103 putem ajuta s\u0103 v\u0103 ap\u0103ra\u021bi \u00eempotriva tuturor amenin\u021b\u0103rilor men\u021bionate mai sus.<\/p>\n<h3 style=\"text-align: center;\">Servicii de hacking<\/h3>\n<p>V\u0103 ajut\u0103m s\u0103 v\u0103 proteja\u021bi datele, conturile sociale, telefoanele, computerele \u0219i identitatea \u0219i, de asemenea, avem clien\u021bi care doresc s\u0103 urm\u0103reasc\u0103 hackerul, s\u0103 localizeze pe cineva, s\u0103 investigheze so\u021bul infidel, s\u0103 recupereze datele pierdute, s\u0103 gestioneze reputa\u021bia online etc. Suntem aici pentru a v\u0103 oferi solu\u021bii pentru orice astfel de nevoi.<\/p>\n<div class=\"container section-title-container\" ><h3 class=\"section-title section-title-center\"><b><\/b><span class=\"section-title-main\" style=\"font-size:109%;\">HACKER ANONIM<\/span><b><\/b><\/h3><\/div>\n[ux_products style=&#8221;normal&#8221; type=&#8221;row&#8221; equalize_box=&#8221;true&#8221; cat=&#8221;19,17,18&#8243; orderby=&#8221;rand&#8221; image_hover=&#8221;zoom&#8221; image_hover_alt=&#8221;zoom-long&#8221; text_padding=&#8221;0px 0px 0px 0px&#8221;]","protected":false},"excerpt":{"rendered":"<p>HIRE ANONYMOUS HACKERS Hiring a Professional hacker is hard to come by these days but with Hireanonymoushackers, you can connect with proven performers in the hacking world in a matter of seconds. Have you been having lots of difficulties getting the right hacker for your hacking projects? Find the right hacker today on Hireanonymoushackers.com with [&#8230;]","protected":false},"author":1,"featured_media":782,"parent":0,"menu_order":0,"comment_status":"closed","ping_status":"closed","template":"page-blank.php","meta":{"_acf_changed":false,"footnotes":""},"class_list":["post-10","page","type-page","status-publish","has-post-thumbnail","hentry"],"acf":[],"_links":{"self":[{"href":"https:\/\/hireanonymoushackers.com\/ro\/wp-json\/wp\/v2\/pages\/10","targetHints":{"allow":["GET"]}}],"collection":[{"href":"https:\/\/hireanonymoushackers.com\/ro\/wp-json\/wp\/v2\/pages"}],"about":[{"href":"https:\/\/hireanonymoushackers.com\/ro\/wp-json\/wp\/v2\/types\/page"}],"author":[{"embeddable":true,"href":"https:\/\/hireanonymoushackers.com\/ro\/wp-json\/wp\/v2\/users\/1"}],"replies":[{"embeddable":true,"href":"https:\/\/hireanonymoushackers.com\/ro\/wp-json\/wp\/v2\/comments?post=10"}],"version-history":[{"count":54,"href":"https:\/\/hireanonymoushackers.com\/ro\/wp-json\/wp\/v2\/pages\/10\/revisions"}],"predecessor-version":[{"id":876,"href":"https:\/\/hireanonymoushackers.com\/ro\/wp-json\/wp\/v2\/pages\/10\/revisions\/876"}],"wp:featuredmedia":[{"embeddable":true,"href":"https:\/\/hireanonymoushackers.com\/ro\/wp-json\/wp\/v2\/media\/782"}],"wp:attachment":[{"href":"https:\/\/hireanonymoushackers.com\/ro\/wp-json\/wp\/v2\/media?parent=10"}],"curies":[{"name":"wp","href":"https:\/\/api.w.org\/{rel}","templated":true}]}}