{"id":14,"date":"2020-12-16T12:05:52","date_gmt":"2020-12-16T12:05:52","guid":{"rendered":"http:\/\/cocaineforsaleonline.com\/?page_id=14"},"modified":"2025-11-16T08:59:02","modified_gmt":"2025-11-16T08:59:02","slug":"contratar-um-hacker","status":"publish","type":"page","link":"https:\/\/hireanonymoushackers.com\/pt_br\/contratar-um-hacker\/","title":{"rendered":"Contato"},"content":{"rendered":"<div class=\"row row-collapse row-full-width\"  id=\"row-1182133006\">\n\n\t<div id=\"col-719973236\" class=\"col small-12 large-12\"  >\n\t\t<div class=\"col-inner\"  >\n\t\t\t\n\t\t\t\n\t<section class=\"section\" id=\"section_800183588\">\n\t\t<div class=\"bg section-bg fill bg-fill\" >\n\n\t\t\t\n\t\t\t<div class=\"section-bg-overlay absolute fill\"><\/div>\n\t\t\t\n\n\t\t<\/div>\n\n\t\t<div class=\"section-content relative\">\n\t\t\t\n<div class=\"row row-collapse align-center\" style=\"max-width:\" id=\"row-1636972450\">\n\n\t<div id=\"col-74862246\" class=\"col small-12 large-12\"  >\n\t\t<div class=\"col-inner text-center dark\"  >\n\t\t\t\n\t\t\t\n<h1><span style=\"font-size: 250%;\">Contato<\/span><\/h1>\n<p class=\"lead\"><span style=\"font-size: 120%;\">Envie-nos uma mensagem<\/span><\/p>\n\t\t<\/div>\n\t\t\n<style>\n#col-74862246 > .col-inner {\n  padding: 100px 20px 200px 0px;\n}\n@media (min-width:550px) {\n  #col-74862246 > .col-inner {\n    padding: 100px 0px 200px 0px;\n  }\n}\n<\/style>\n\t<\/div>\n\n\t\n<\/div>\n\t\t<\/div>\n\n\t\t\n<style>\n#section_800183588 {\n  padding-top: 0px;\n  padding-bottom: 0px;\n  min-height: 0px;\n}\n#section_800183588 .section-bg-overlay {\n  background-color: rgba(0, 0, 0, 0.12);\n}\n#section_800183588 .section-bg.bg-loaded {\n  background-image: 28;\n}\n#section_800183588 .section-bg {\n  background-position: 55% 100%;\n}\n@media (min-width:550px) {\n  #section_800183588 {\n    padding-top: 0px;\n    padding-bottom: 0px;\n  }\n  #section_800183588 .section-bg-overlay {\n    background-color: rgba(0, 0, 0, 0.21);\n  }\n}\n@media (min-width:850px) {\n  #section_800183588 {\n    padding-top: 100px;\n    padding-bottom: 100px;\n  }\n  #section_800183588 .section-bg-overlay {\n    background-color: rgba(0,0,0,.5);\n  }\n}\n<\/style>\n\t<\/section>\n\t\n\t\t<\/div>\n\t\t\n<style>\n#col-719973236 > .col-inner {\n  padding: 0px 30px 0px 30px;\n}\n<\/style>\n\t<\/div>\n\n\t\n<\/div>\n<div class=\"row row-large\" style=\"max-width:1400px\" id=\"row-1510124753\">\n\n\t<div id=\"col-139756739\" class=\"col small-12 large-12\"  >\n\t\t<div class=\"col-inner\" style=\"background-color:rgb(255, 255, 255);\" >\n\t\t\t\n\t\t\t\n<div class=\"row row-collapse row-full-width\"  id=\"row-1836862077\">\n<style>\n#row-1836862077 > .col > .col-inner {\n  padding: 0px 15px 0px 15px;\n}\n<\/style>\n<\/div>\n\n\t<div id=\"col-224879937\" class=\"col medium-12 small-12 large-6\"  >\n\t\t<div class=\"col-inner\"  >\n\t\t\t\n\t\t\t\t\t<\/div>\n\t\t\n<style>\n#col-224879937 > .col-inner {\n  padding: 0px 0px 0px 20px;\n}\n<\/style>\n\t<\/div>\n\n\t\n<h2><span style=\"font-size: 120%;\">Entre em contato conosco<\/span><\/h2>\n<p><strong>Email:dk8ayz@proton.me<\/strong><\/p>\n\t<div id=\"gap-230900626\" class=\"gap-element clearfix\" style=\"display:block; height:auto;\">\n\t\t\n<style>\n#gap-230900626 {\n  padding-top: 20px;\n}\n@media (min-width:550px) {\n  #gap-230900626 {\n    padding-top: 20px;\n  }\n}\n@media (min-width:850px) {\n  #gap-230900626 {\n    padding-top: 30px;\n  }\n}\n<\/style>\n\t<\/div>\n\t\n<div class=\"row\"  id=\"row-364618724\"><\/div>\n\n\t<div id=\"col-964376714\" class=\"col medium-6 small-12 large-6\"  >\n\t\t<div class=\"col-inner\"  >\n\t\t\t\n\t\t\t\t\t<\/div>\n\t\t\t<\/div>\n\n\t\n<p>&nbsp;<\/p>\n<h2 style=\"text-align: center;\">Contratar um hacker<\/h2>\n<div class=\"elementor-element elementor-element-ea57f42 elementor-widget elementor-widget-text-editor\" data-id=\"ea57f42\" data-element_type=\"widget\" data-widget_type=\"text-editor.default\">\n<div class=\"elementor-widget-container\">A Hire Anonymous Hackers \u00e9 um suporte t\u00e9cnico baseado em tecnologia, que tem sido fundamental para proporcionar aos seus clientes a melhor experi\u00eancia. Fornecemos v\u00e1rios servi\u00e7os que incluem: hackear um telefone celular, enviar mensagens de texto ou e-mails com spyware. Essa empresa tem como objetivo facilitar a vida das pessoas que est\u00e3o enfrentando problemas de relacionamento.<\/div>\n<div><\/div>\n<\/div>\n<div class=\"elementor-element elementor-element-ed07b83 elementor-widget elementor-widget-text-editor\" data-id=\"ed07b83\" data-element_type=\"widget\" data-widget_type=\"text-editor.default\">\n<div class=\"elementor-widget-container\">Somos os melhores especialistas em hacking a serem contratados para suas necessidades espec\u00edficas. Desde o modesto monitoramento do telefone de algu\u00e9m at\u00e9 a destrui\u00e7\u00e3o maliciosa de provas. N\u00f3s o cobrimos com os melhores hackers do mercado!<\/div>\n<\/div>\n<h3 style=\"text-align: center;\">Como contratar um hacker<\/h3>\n<p>Deseja contratar um hacker barato de nossa cole\u00e7\u00e3o de hackers? Diga-nos o que voc\u00ea precisa: Basta descrever o tipo de servi\u00e7o de hacking que voc\u00ea precisa. Encontraremos o hacker certo para o trabalho. Encontraremos para voc\u00ea um hacker \u00e9tico certificado que tenha as habilidades e a experi\u00eancia necess\u00e1rias para realizar o trabalho. Seus dados est\u00e3o seguros conosco. Todos os nossos hackers s\u00e3o profissionais altamente treinados que aderem a padr\u00f5es \u00e9ticos rigorosos. Entre em contato conosco em nosso <a href=\"https:\/\/hireanonymoushackers.com\/pt_br\/contratar-um-hacker\/\">P\u00e1gina de contato<\/a><\/p>\n<div class=\"elementor-element elementor-element-6d17116 elementor-widget elementor-widget-heading\" data-id=\"6d17116\" data-element_type=\"widget\" data-widget_type=\"heading.default\">\n<div class=\"elementor-widget-container\">\n<h3 class=\"elementor-heading-title elementor-size-default\" style=\"text-align: center;\">Hackers especializados e confi\u00e1veis para contrata\u00e7\u00e3o<\/h3>\n<div class=\"elementor-element elementor-element-41118ff elementor-widget elementor-widget-text-editor\" data-id=\"41118ff\" data-element_type=\"widget\" data-widget_type=\"text-editor.default\">\n<div class=\"elementor-widget-container\">\n<p><a href=\"https:\/\/hireanonymoushackers.com\/pt_br\/\">Hireanonymoushackers.com<\/a> consiste em uma equipe de hackers \u00e9ticos que fornecem servi\u00e7os vers\u00e1teis relacionados a TI, como teste de penetra\u00e7\u00e3o de banco de dados, hacking de telefone remoto, hacking de m\u00eddia social, hacking de e-mail, recupera\u00e7\u00e3o de fundos, contrata\u00e7\u00e3o de um hacker de celular ou outros servi\u00e7os de hacking cibern\u00e9tico.<\/p>\n<\/div>\n<\/div>\n<\/div>\n<\/div>\n<h3 style=\"text-align: center;\">Hackers verificados para contrata\u00e7\u00e3o<\/h3>\n<p style=\"text-align: center;\">Podemos ajud\u00e1-lo com hacking de software, teste de penetra\u00e7\u00e3o, despejo de banco de dados, edi\u00e7\u00e3o de banco de dados, seguran\u00e7a de banco de dados, recupera\u00e7\u00e3o de fraude de cr\u00e9dito, hacking do Windows, quebra de senha WIFI, hacking do Pinterest, corre\u00e7\u00e3o de pontua\u00e7\u00e3o de cr\u00e9dito, roubo de criptomoeda, ataque DDOS, aprendizado de hacking \u00e9tico, Doxing, ataque Man in the middle, hacking de e-mail Rediff, hacking de e-mail Yandex.<a href=\"https:\/\/duckduckgo.com\/\" target=\"_blank\" rel=\"noopener\">.<\/a>.<\/p>\n<h3 style=\"text-align: center;\"><span class=\"tagify__tag-text\" contenteditable=\"true\">Contrate hackers an\u00f4nimos<\/span><\/h3>\n<p style=\"text-align: center;\">Somos uma equipe de hackers profissionais de todo o mundo, que evolu\u00edram das sombras da dark web, um subconjunto da deep web com servi\u00e7os ocultos. Nosso principal motivo \u00e9 fornecer servi\u00e7os de hacking profissional seguros e protegidos. Contrate um hacker profissional (certificado) para verificar os servi\u00e7os abaixo.<\/p>\n<p style=\"text-align: center;\"><span data-text-color=\"alert\"><strong>100% Garantia de devolu\u00e7\u00e3o do dinheiro se o trabalho n\u00e3o for feito de forma satisfat\u00f3ria.<\/strong><\/span><\/p>\n<h3 style=\"text-align: center;\"><span class=\"tagify__tag-text\" contenteditable=\"true\">Servi\u00e7o de hacking telef\u00f4nico<\/span><\/h3>\n<p style=\"text-align: center;\">H\u00e1 muitos motivos pelos quais voc\u00ea pode precisar contratar um hacker de celular. Talvez voc\u00ea queira invadir o celular do seu c\u00f4njuge para ver se ele est\u00e1 lhe traindo. Ou talvez voc\u00ea precise entrar no sistema de computador de uma empresa para roubar segredos comerciais. Seja qual for o motivo, \u00e9 importante encontrar o hacker certo para o trabalho. Nem todos os hackers s\u00e3o iguais, portanto, voc\u00ea precisa ser cuidadoso ao escolher um.<\/p>\n<h4 style=\"text-align: center;\"><span class=\"tagify__tag-text\" contenteditable=\"true\">Contrate um hacker de celular<\/span><\/h4>\n<p style=\"text-align: center;\">Aqui na Hire Anonymous Hackers, temos anos de experi\u00eancia em hackear telefones, computadores e outros dispositivos eletr\u00f4nicos. Temos as habilidades e o conhecimento necess\u00e1rios para ajud\u00e1-lo a atingir seus objetivos. Entre em contato conosco hoje mesmo para obter mais informa\u00e7\u00f5es ou para come\u00e7ar!<\/p>\n<h3 style=\"text-align: center;\">Hackers de m\u00eddia social<\/h3>\n<p style=\"text-align: center;\">Est\u00e1 procurando contratar um hacker para a m\u00eddia social? Se sim, voc\u00ea veio ao lugar certo. Aqui na cyber lord, oferecemos uma ampla gama de servi\u00e7os que incluem hacking de m\u00eddia social. Temos uma equipe de especialistas que s\u00e3o qualificados nessa \u00e1rea e podem ajud\u00e1-lo a obter os resultados que voc\u00ea procura.<\/p>\n<p style=\"text-align: center;\">O Hire Anonymous Hackers \u00e9 um servi\u00e7o de hackers para contrata\u00e7\u00e3o. Fornecemos hackers de m\u00eddia social, hackers mal-intencionados e mocinhos para encontrar vulnerabilidades, recuperar contas do Facebook e acessar ferramentas e informa\u00e7\u00f5es da Web. Temos uma grande variedade de habilidades e ferramentas \u00e0 nossa disposi\u00e7\u00e3o para ajudar nossos clientes. Temos o compromisso de prestar o melhor servi\u00e7o poss\u00edvel aos nossos clientes e oferecer pre\u00e7os competitivos.<\/p>\n<h3 style=\"text-align: center;\">Hacking de notas escolares<\/h3>\n<p style=\"text-align: center;\">Se voc\u00ea \u00e9 como a maioria das pessoas, provavelmente pensa nas notas escolares como uma medida do seu desempenho em uma aula. Mas e se houvesse uma maneira de obter notas melhores sem realmente estudar ou fazer qualquer trabalho extra? Acredite ou n\u00e3o, existe - e os hackers s\u00e3o os \u00fanicos que podem fazer isso! Contrate nossos hackers para mudar as notas e hackers leg\u00edtimos. Os hackers contratados para mudar as notas s\u00e3o especialistas renomados como hackers de computador.<\/p>\n<h4 style=\"text-align: center;\">Hacking de notas escolares<\/h4>\n<p style=\"text-align: center;\">Contrata\u00e7\u00e3o de um servi\u00e7o de hackers que ajuda as pessoas a alterar suas notas universit\u00e1rias e escolares e a evitar viola\u00e7\u00f5es de seguran\u00e7a. Temos uma equipe de hackers experientes que s\u00e3o especialistas em encontrar falhas de seguran\u00e7a em bancos de dados e sites de universidades. Oferecemos nossos servi\u00e7os de habilidades de hacking a qualquer pessoa que precise deles e garantimos que nosso trabalho \u00e9 da mais alta qualidade.<\/p>\n<p style=\"text-align: center;\">O Hire Anonymous Hackers \u00e9 um servi\u00e7o de hacking profissional que ajuda os alunos a alterar suas notas, hist\u00f3ricos escolares e transcri\u00e7\u00f5es universit\u00e1rias. Tamb\u00e9m oferecemos consultoria de seguran\u00e7a a universidades e empresas para ajud\u00e1-las a evitar ataques cibern\u00e9ticos.<\/p>\n<p style=\"text-align: center;\">Tamb\u00e9m oferecemos sistemas de detec\u00e7\u00e3o de intrus\u00e3o, testes de penetra\u00e7\u00e3o e servi\u00e7os de hacking \u00e9tico. Usamos as mesmas t\u00e9cnicas que os hackers mal-intencionados, mas o fazemos de forma \u00e9tica e com sua permiss\u00e3o.<\/p>\n<div class=\"elementor-element elementor-element-f91317e elementor-widget elementor-widget-heading\" data-id=\"f91317e\" data-element_type=\"widget\" data-widget_type=\"heading.default\">\n<div class=\"elementor-widget-container\">\n<h3 class=\"elementor-heading-title elementor-size-default\" style=\"text-align: center;\">Teste a seguran\u00e7a do site<\/h3>\n<p style=\"text-align: center;\">A Hire Anonymous Hackers \u00e9 uma equipe de hackers \u00e9ticos profissionais que presta servi\u00e7os para testar a seguran\u00e7a de sites, detectar invas\u00f5es e realizar testes de penetra\u00e7\u00e3o. Tamb\u00e9m oferecemos auditorias de seguran\u00e7a e an\u00e1lise de dados de tr\u00e1fego de rede. Nosso objetivo \u00e9 ajudar nossos clientes a melhorar sua postura de seguran\u00e7a e proteger seus ativos on-line.<\/p>\n<p style=\"text-align: center;\">Quando se fala em hacking, muitas pessoas pensam em atividades maliciosas, como roubar a identidade de algu\u00e9m ou invadir sistemas de computador. No entanto, h\u00e1 um setor crescente de hackers profissionais que oferecem seus servi\u00e7os a empresas e indiv\u00edduos que desejam penetrar na seguran\u00e7a de seus sites. Embora a contrata\u00e7\u00e3o de um hacker possa parecer uma maneira f\u00e1cil de resolver seus problemas de seguran\u00e7a, \u00e9 importante proteger seu banco de dados contra ataques mal-intencionados.<\/p>\n<h3 style=\"text-align: center;\">Servi\u00e7o de hacking do Facebook<\/h3>\n<p style=\"text-align: center;\">Voc\u00ea est\u00e1 preocupado com a seguran\u00e7a de sua conta do Facebook? Deseja ter certeza de que sua conta est\u00e1 segura e protegida? Nesse caso, talvez voc\u00ea queira contratar um hacker para invadir o Facebook para voc\u00ea. H\u00e1 v\u00e1rios servi\u00e7os de hacking diferentes que oferecem esse tipo de servi\u00e7o, e essa pode ser uma \u00f3tima maneira de garantir que sua conta esteja o mais segura poss\u00edvel. Antes de contratar um hacker, no entanto, \u00e9 importante fazer sua pesquisa e certificar-se de escolher o servi\u00e7o certo.<\/p>\n<h3 style=\"text-align: center;\">Contratar um hacker para o WhatsApp<\/h3>\n<p style=\"text-align: center;\">Os hackers podem ser contratados para ajudar em uma variedade de tarefas, incluindo a obten\u00e7\u00e3o de acesso \u00e0s mensagens do WhatsApp. Se estiver procurando algu\u00e9m para ajud\u00e1-lo com seu hacker do WhatsApp, ou se quiser algu\u00e9m para ajud\u00e1-lo a espionar as mensagens de seu parceiro, um hacker \u00e9 a solu\u00e7\u00e3o perfeita. Entre em contato com nossos hackers de telefone dispon\u00edveis para contrata\u00e7\u00e3o.<\/p>\n<h4 style=\"text-align: center;\">Principais solicita\u00e7\u00f5es de hacking<br \/>\nSeja qual for o motivo, o hacking pode ser um processo r\u00e1pido e f\u00e1cil se voc\u00ea souber onde procurar.<\/h4>\n<p style=\"text-align: center;\">Servi\u00e7o de hacking telef\u00f4nico<br \/>\nServi\u00e7o de hacking do Facebook<br \/>\nHacker de m\u00eddia social<br \/>\nContratar um hacker para o WhatsApp<br \/>\nHacking de notas escolares<br \/>\nHackear o Instagram<\/p>\n<p>&nbsp;<\/p>\n<\/div>\n<\/div>\n<p>&nbsp;<\/p>\n<p>&nbsp;<\/p>\n\t\t<\/div>\n\t\t\n<style>\n#col-139756739 > .col-inner {\n  padding: 50px 20px 0px 20px;\n  margin: -0 0px 0px 0px;\n}\n@media (min-width:550px) {\n  #col-139756739 > .col-inner {\n    padding: 50px 20px 30px 20px;\n    margin: 0 0px 0px 0px;\n  }\n}\n@media (min-width:850px) {\n  #col-139756739 > .col-inner {\n    padding: 66px 5% 16px 5%;\n    margin: -135px 0px 0px 0px;\n  }\n}\n<\/style>\n\t<\/div>\n\n\t\n<\/div>","protected":false},"excerpt":{"rendered":"","protected":false},"author":1,"featured_media":819,"parent":0,"menu_order":0,"comment_status":"closed","ping_status":"closed","template":"page-blank.php","meta":{"_acf_changed":false,"footnotes":""},"class_list":["post-14","page","type-page","status-publish","has-post-thumbnail","hentry"],"acf":[],"_links":{"self":[{"href":"https:\/\/hireanonymoushackers.com\/pt_br\/wp-json\/wp\/v2\/pages\/14","targetHints":{"allow":["GET"]}}],"collection":[{"href":"https:\/\/hireanonymoushackers.com\/pt_br\/wp-json\/wp\/v2\/pages"}],"about":[{"href":"https:\/\/hireanonymoushackers.com\/pt_br\/wp-json\/wp\/v2\/types\/page"}],"author":[{"embeddable":true,"href":"https:\/\/hireanonymoushackers.com\/pt_br\/wp-json\/wp\/v2\/users\/1"}],"replies":[{"embeddable":true,"href":"https:\/\/hireanonymoushackers.com\/pt_br\/wp-json\/wp\/v2\/comments?post=14"}],"version-history":[{"count":29,"href":"https:\/\/hireanonymoushackers.com\/pt_br\/wp-json\/wp\/v2\/pages\/14\/revisions"}],"predecessor-version":[{"id":1000,"href":"https:\/\/hireanonymoushackers.com\/pt_br\/wp-json\/wp\/v2\/pages\/14\/revisions\/1000"}],"wp:featuredmedia":[{"embeddable":true,"href":"https:\/\/hireanonymoushackers.com\/pt_br\/wp-json\/wp\/v2\/media\/819"}],"wp:attachment":[{"href":"https:\/\/hireanonymoushackers.com\/pt_br\/wp-json\/wp\/v2\/media?parent=14"}],"curies":[{"name":"wp","href":"https:\/\/api.w.org\/{rel}","templated":true}]}}