{"id":10,"date":"2020-12-16T12:04:19","date_gmt":"2020-12-16T12:04:19","guid":{"rendered":"http:\/\/cocaineforsaleonline.com\/?page_id=10"},"modified":"2024-04-22T20:19:09","modified_gmt":"2024-04-22T20:19:09","slug":"home","status":"publish","type":"page","link":"https:\/\/hireanonymoushackers.com\/pt_br\/","title":{"rendered":"In\u00edcio"},"content":{"rendered":"<div class=\"banner has-hover show-for-small\" id=\"banner-514044876\">\n          <div class=\"banner-inner fill\">\n        <div class=\"banner-bg fill\" >\n            <div class=\"bg fill bg-fill\"><\/div>\n                                    \n                    <\/div>\n        <div class=\"banner-layers container\">\n            <div class=\"fill banner-link\"><\/div>            \n        <\/div>\n      <\/div>\n\n              <div class=\"height-fix is-invisible\"><\/div>\n            \n<style>\n#banner-514044876 {\n  background-color: rgb(247, 245, 244);\n}\n<\/style>\n  <\/div>\n\n\n\t<section class=\"section dark\" id=\"section_483492659\">\n\t\t<div class=\"bg section-bg fill bg-fill\" >\n\n\t\t\t\n\t\t\t<div class=\"section-bg-overlay absolute fill\"><\/div><button class=\"scroll-for-more z-5 icon absolute bottom h-center\"><i class=\"icon-angle-down\" style=\"font-size:42px;\"><\/i><\/button>\n\t\t\t\n\n\t\t<\/div>\n\n\t\t<div class=\"section-content relative\">\n\t\t\t\n<div class=\"row align-middle\"  id=\"row-1148005456\">\n\n\t<div id=\"col-1665217476\" class=\"col medium-8 small-12 large-8\"  >\n\t\t<div class=\"col-inner\"  >\n\t\t\t\n\t\t\t\n<h6 class=\"uppercase\">Contratar um hacker<\/h6>\n<h1 style=\"font-size: 350%; line-height: 100%;\">Contrate hackers an\u00f4nimos<\/h1>\n<p>Hackers an\u00f4nimos para alugar<\/p>\n<h1 style=\"font-size: 200%;\">Site oficial do Anonymous Hackers<\/h1>\n<div class=\"row row-collapse\"  id=\"row-1271099362\">\n\n\t<div id=\"col-1692406317\" class=\"col medium-6 small-12 large-6\"  >\n\t\t<div class=\"col-inner\"  >\n\t\t\t\n\t\t\t\n<a data-animate=\"blurIn\" href=\"https:\/\/hireanonymoushackers.com\/pt_br\/contratar-um-hacker\/\" target=\"_self\" class=\"button secondary is-large lowercase expand\"  style=\"border-radius:4px;\">\n  <i class=\"icon-star\" ><\/i>  <span>Entre em contato conosco<\/span>\n  <\/a>\n\n\t\t<\/div>\n\t\t\t<\/div>\n\n\t\n\n<style>\n#row-1271099362 > .col > .col-inner {\n  padding: 0px 5px 0px 5px;\n}\n<\/style>\n<\/div>\n\t\t<\/div>\n\t\t\t<\/div>\n\n\t\n<\/div>\n\t\t<\/div>\n\n\t\t\n<style>\n#section_483492659 {\n  padding-top: 60px;\n  padding-bottom: 60px;\n  min-height: 600px;\n  background-color: rgb(255,255,255);\n}\n#section_483492659 .section-bg-overlay {\n  background-color: rgb(45, 78, 103);\n}\n#section_483492659 .section-bg.bg-loaded {\n  background-image: 28;\n}\n@media (min-width:550px) {\n  #section_483492659 .section-bg-overlay {\n    background-color: rgba(0, 0, 0, 0.5);\n  }\n}\n@media (min-width:850px) {\n  #section_483492659 .section-bg-overlay {\n    background-color: rgba(0,0,0,.5);\n  }\n}\n<\/style>\n\t<\/section>\n\t\n\t<section class=\"section\" id=\"section_543854105\">\n\t\t<div class=\"bg section-bg fill bg-fill  bg-loaded\" >\n\n\t\t\t\n\t\t\t\n\t\t\t\n\n\t\t<\/div>\n\n\t\t<div class=\"section-content relative\">\n\t\t\t\t\t<\/div>\n\n\t\t\n<style>\n#section_543854105 {\n  padding-top: 0px;\n  padding-bottom: 0px;\n}\n<\/style>\n\t<\/section>\n\t\n\t<div id=\"gap-84212590\" class=\"gap-element clearfix\" style=\"display:block; height:auto;\">\n\t\t\n<style>\n#gap-84212590 {\n  padding-top: 59px;\n}\n<\/style>\n\t<\/div>\n\t\n<div class=\"row\"  id=\"row-1616279047\"><\/div>\n\n\t<div id=\"col-720212481\" class=\"col small-12 large-12\"  >\n\t\t<div class=\"col-inner\"  >\n\t\t\t\n\t\t\t\t\t<\/div>\n\t\t\t<\/div>\n\n\t\n<h2 style=\"text-align: center;\">CONTRATAR HACKERS AN\u00d4NIMOS<\/h2>\n<p style=\"text-align: center;\">Contratar um hacker profissional \u00e9 dif\u00edcil hoje em dia, mas com o Hireanonymoushackers, voc\u00ea pode se conectar com profissionais comprovados no mundo do hacking em quest\u00e3o de segundos. Voc\u00ea tem tido muitas dificuldades para encontrar o hacker certo para seus projetos de hacking? Encontre o hacker certo hoje mesmo em <a href=\"https:\/\/hireanonymoushackers.com\/pt_br\/\">Hireanonymoushackers.com<\/a> com hackers profissionais de classe mundial altamente qualificados em prontid\u00e3o para ajud\u00e1-lo a obter sucesso em seu(s) projeto(s) de hacking.<\/p>\n<h3 style=\"text-align: center;\">Hackers confi\u00e1veis<\/h3>\n<p style=\"text-align: center;\">Nosso rec\u00e9m-introduzido servi\u00e7o de dep\u00f3sito de garantia tamb\u00e9m o proteger\u00e1 de qualquer forma de vulnerabilidade ao efetuar o pagamento aos nossos hackers. Seu pagamento ser\u00e1 armazenado com seguran\u00e7a no servi\u00e7o de cust\u00f3dia, que det\u00e9m o direito final de manter e desembolsar o pagamento e s\u00f3 o far\u00e1 com sua autoriza\u00e7\u00e3o quando voc\u00ea estiver satisfeito com o trabalho que est\u00e1 sendo entregue a voc\u00ea pelo hacker designado.<\/p>\n<p><img decoding=\"async\" class=\"wp-image-795 lazyload\" data-src=\"https:\/\/hireanonymoushackers.io\/wp-content\/uploads\/2023\/06\/5-star-300x158.jpg\" alt=\"Hackers an\u00f4nimos\" width=\"30\" height=\"16\" data-srcset=\"https:\/\/hireanonymoushackers.com\/wp-content\/uploads\/2023\/06\/5-star-300x158.jpg 300w, https:\/\/hireanonymoushackers.com\/wp-content\/uploads\/2023\/06\/5-star-1024x539.jpg 1024w, https:\/\/hireanonymoushackers.com\/wp-content\/uploads\/2023\/06\/5-star-768x404.jpg 768w, https:\/\/hireanonymoushackers.com\/wp-content\/uploads\/2023\/06\/5-star-600x316.jpg 600w, https:\/\/hireanonymoushackers.com\/wp-content\/uploads\/2023\/06\/5-star.jpg 1520w\" data-sizes=\"(max-width: 30px) 100vw, 30px\" src=\"data:image\/svg+xml;base64,PHN2ZyB3aWR0aD0iMSIgaGVpZ2h0PSIxIiB4bWxucz0iaHR0cDovL3d3dy53My5vcmcvMjAwMC9zdmciPjwvc3ZnPg==\" style=\"--smush-placeholder-width: 30px; --smush-placeholder-aspect-ratio: 30\/16;\" \/><\/p>\n<h3 style=\"text-align: center;\">CONTRATAR UM HACKER<\/h3>\n<p style=\"text-align: center;\">Somos uma equipe de hackers profissionais com experi\u00eancia em diferentes \u00e1reas. Fornecemos servi\u00e7os de hacking para indiv\u00edduos e estabelecimentos privados h\u00e1 mais de 7 anos, com servi\u00e7os de hacking discretos e de qualidade, e agora estamos levando nossos servi\u00e7os at\u00e9 voc\u00ea. Voc\u00ea j\u00e1 tentou comprar servi\u00e7os de hacking na dark web antes? N\u00e3o ficou satisfeito com os resultados? Apenas promessas vazias, mas ningu\u00e9m realizando o trabalho?<\/p>\n<p style=\"text-align: center;\">Ent\u00e3o, voc\u00ea deve experimentar o Hire Hackers, os hackers mais confi\u00e1veis para fazer as coisas. Ao contr\u00e1rio de outros, nossos pre\u00e7os n\u00e3o s\u00e3o os mais baratos, mas se n\u00e3o conseguirmos fazer um trabalho, voc\u00ea receber\u00e1 um reembolso total<a href=\"https:\/\/duckduckgo.com\/\" target=\"_blank\" rel=\"noopener\">.<\/a><\/p>\n<h3 style=\"text-align: center;\"><span class=\"tagify__tag-text\" contenteditable=\"true\">Hackers for Hire<\/span><\/h3>\n<p style=\"text-align: center;\">Hire Anonymous Hackers \u00e9 um grupo de hackers profissionais dispon\u00edvel on-line para fornecer servi\u00e7os profissionais e exclusivos aos nossos am\u00e1veis clientes em todo o mundo. Contrate um hacker no Reino Unido.<\/p>\n<p style=\"text-align: center;\">Na Hire Anonymous Hackers, a entrega est\u00e1 al\u00e9m das solu\u00e7\u00f5es poss\u00edveis, somos conhecidos como os melhores provedores de servi\u00e7os de hacking ao longo dos anos de opera\u00e7\u00e3o nesse campo de neg\u00f3cios. Hackers de chap\u00e9u preto para aluguel.<\/p>\n<p><img decoding=\"async\" class=\"wp-image-803 aligncenter lazyload\" data-src=\"https:\/\/hireanonymoushackers.io\/wp-content\/uploads\/2023\/06\/Hire-Hackers-Services-300x225.jpg\" alt=\"Contrata\u00e7\u00e3o de servi\u00e7os de hackers\" width=\"59\" height=\"44\" data-srcset=\"https:\/\/hireanonymoushackers.com\/wp-content\/uploads\/2023\/06\/Hire-Hackers-Services-300x225.jpg 300w, https:\/\/hireanonymoushackers.com\/wp-content\/uploads\/2023\/06\/Hire-Hackers-Services.jpg 350w\" data-sizes=\"(max-width: 59px) 100vw, 59px\" src=\"data:image\/svg+xml;base64,PHN2ZyB3aWR0aD0iMSIgaGVpZ2h0PSIxIiB4bWxucz0iaHR0cDovL3d3dy53My5vcmcvMjAwMC9zdmciPjwvc3ZnPg==\" style=\"--smush-placeholder-width: 59px; --smush-placeholder-aspect-ratio: 59\/44;\" \/><\/p>\n<h3 style=\"text-align: center;\">Hackers \u00e9ticos certificados confi\u00e1veis para contrata\u00e7\u00e3o<\/h3>\n<p style=\"text-align: center;\">A maioria dos nossos hackers trabalhou por mais de 10 anos em diferentes empresas na \u00e1rea de telecomunica\u00e7\u00f5es, seguran\u00e7a cibern\u00e9tica, gerenciamento de servidores e a maioria, se n\u00e3o todos, tem experi\u00eancia de trabalho em empresas que criam diferentes configura\u00e7\u00f5es de seguran\u00e7a para diferentes aplicativos.<\/p>\n<p style=\"text-align: center;\">O fato de terem trabalhado para essas empresas d\u00e1 aos nossos hackers uma vantagem e uma vis\u00e3o completa de como a seguran\u00e7a funciona para diferentes aplicativos e hardwares.<\/p>\n<h3 style=\"text-align: center;\"><span class=\"tagify__tag-text\" contenteditable=\"true\">Alugue um hacker<\/span><\/h3>\n<p style=\"text-align: center;\">Oferecemos servi\u00e7os de hacking profissional da melhor qualidade que n\u00e3o podem ser combinados com outros hackers para empresas de aluguel. Nossos hackers profissionais t\u00eam a t\u00e9cnica de hacking mais avan\u00e7ada para hackear o Facebook, Snapchat, Whatsapp, Twitter, Instagram, contas de e-mail, Gmail, Smart Phone, site, banco de dados e muito mais. Voc\u00ea tamb\u00e9m pode solicitar uma invas\u00e3o personalizada. Hoje em dia, \u00e9 dif\u00edcil contratar um hacker profissional. Voc\u00ea pode ser enganado por servi\u00e7os de hacking errados ou por hackers falsos na Internet. N\u00e3o se deixe enganar por golpistas que anunciam falsos servi\u00e7os profissionais de hacking.<\/p>\n<h3 style=\"text-align: center;\"><span class=\"tagify__tag-text\" contenteditable=\"true\">Servi\u00e7os profissionais de hacking<\/span><\/h3>\n<p style=\"text-align: center;\">Anonymous Hackers surgiu como a plataforma de hacking mais confi\u00e1vel do mundo, onde voc\u00ea encontra hackers profissionais para seus servi\u00e7os de hacking. Somos dedicados e trabalhamos para atender \u00e0s suas demandas de hacking por meio de nossos hackers na dark web. Tamb\u00e9m fornecemos servi\u00e7os de hacking 24 horas por dia para garantir que voc\u00ea atinja seus objetivos sem demora. Hackeie o servidor da universidade.<\/p>\n<h4 style=\"text-align: center;\">Contratar um hacker para invadir um site da Web<\/h4>\n<p style=\"text-align: center;\">Como uma das principais plataformas de hacking, temos orgulho de atender aos nossos clientes de todo o mundo. Nossos hackers certificados s\u00e3o a nossa for\u00e7a e a satisfa\u00e7\u00e3o do cliente \u00e9 a nossa maior prioridade. Temos especialistas em diferentes campos de hacking e prometemos sempre fornecer uma entrega r\u00e1pida de projetos. Com uma ampla gama de solu\u00e7\u00f5es de hacking, preparamos o caminho para o sucesso de hacking que voc\u00ea deseja. Hackeie o banco de dados da universidade.<\/p>\n<h3 style=\"text-align: center;\">Hackers an\u00f4nimos<\/h3>\n<p style=\"text-align: center;\">Anonymous Hackers \u00e9 uma equipe de hackers an\u00f4nimos que oferece servi\u00e7os profissionais de hacking. Contrate um hacker para hackear o Facebook, o e-mail, a Web, o banco de dados ou o telefone. Somos uma equipe de hackers altamente qualificados e profissionais, capazes de invadir qualquer conta social, conta de e-mail, telefone, site ou banco de dados. A 100% garante a privacidade e a confidencialidade de nossos clientes.<\/p>\n<p><img decoding=\"async\" class=\"wp-image-795 aligncenter lazyload\" data-src=\"https:\/\/hireanonymoushackers.io\/wp-content\/uploads\/2023\/06\/5-star-300x158.jpg\" alt=\"Hackers an\u00f4nimos\" width=\"37\" height=\"19\" data-srcset=\"https:\/\/hireanonymoushackers.com\/wp-content\/uploads\/2023\/06\/5-star-300x158.jpg 300w, https:\/\/hireanonymoushackers.com\/wp-content\/uploads\/2023\/06\/5-star-1024x539.jpg 1024w, https:\/\/hireanonymoushackers.com\/wp-content\/uploads\/2023\/06\/5-star-768x404.jpg 768w, https:\/\/hireanonymoushackers.com\/wp-content\/uploads\/2023\/06\/5-star-600x316.jpg 600w, https:\/\/hireanonymoushackers.com\/wp-content\/uploads\/2023\/06\/5-star.jpg 1520w\" data-sizes=\"(max-width: 37px) 100vw, 37px\" src=\"data:image\/svg+xml;base64,PHN2ZyB3aWR0aD0iMSIgaGVpZ2h0PSIxIiB4bWxucz0iaHR0cDovL3d3dy53My5vcmcvMjAwMC9zdmciPjwvc3ZnPg==\" style=\"--smush-placeholder-width: 37px; --smush-placeholder-aspect-ratio: 37\/19;\" \/><\/p>\n<h3 style=\"text-align: center;\">Contrata\u00e7\u00e3o de servi\u00e7os de hackers<\/h3>\n<p style=\"text-align: center;\">Nossos hackers de aluguel oferecem uma ampla gama de servi\u00e7os profissionais de hacking, com o objetivo de criar todo tipo de prote\u00e7\u00e3o on-line para nossos valiosos clientes.<br \/>\nContrate um Hacker para todas as suas necessidades de hacking. Contrate um hacker para alterar as notas<\/p>\n<h3 style=\"text-align: center;\">LISTAS DE SERVI\u00c7OS QUE OFERECEMOS<\/h3>\n<p style=\"text-align: center;\">Hackeamento e controle de e-mails, desde e-mails do gmail, yahoo, e-mails profissionais&#8230; at\u00e9 mesmo e-mails seguros com criptografia de 4096 bits<br \/>\nDesbloqueio\/hacking de computadores (Windows, Mac, distribui\u00e7\u00f5es Linux...)<br \/>\nMudan\u00e7a de nota<br \/>\n\u2727 Auditoria do n\u00famero de telefone<br \/>\nPacote completo, obtendo acesso a dispositivos e contas pessoais ou da empresa e pesquisando os dados de que voc\u00ea precisa.<br \/>\nCompensa\u00e7\u00e3o de d\u00edvidas<\/p>\n<p style=\"text-align: center;\">Invas\u00e3o de administrador de site\/php (podemos dar acesso total ou roubar qualquer registro ou informa\u00e7\u00e3o)<br \/>\nPassaporte, identidades ou certificados que possam funcionar como os verdadeiros<br \/>\nRastreamento de localiza\u00e7\u00e3o geogr\u00e1fica\/n\u00famero de telefone<br \/>\nEspionagem econ\u00f4mica e espionagem corporativa<br \/>\nPegar o parceiro traidor \/ monitorar o parceiro traidor<br \/>\nHacking m\u00f3vel\/acesso remoto m\u00f3vel<\/p>\n<p style=\"text-align: center;\">Hacking de contas de m\u00eddia social ou clonagem de acesso<br \/>\nPodemos ajud\u00e1-lo a rastrear qualquer pessoa (basta nos fornecer qualquer informa\u00e7\u00e3o v\u00e1lida sobre sua v\u00edtima)<br \/>\nRealizar campanhas de m\u00eddia social<br \/>\nPornografia de vingan\u00e7a<br \/>\nAcesso ao banco de dados do governo e da empresa<\/p>\n<p style=\"text-align: center;\">Recupera\u00e7\u00e3o de evid\u00eancias<br \/>\nLimpar registros criminais<br \/>\nHacking de jogos<br \/>\nAuditoria de metas<br \/>\nSe voc\u00ea tamb\u00e9m precisar contratar um hacker nosso para seu uso particular (cobramos por horas de trabalho realizado);<\/p>\n<h3 style=\"text-align: center;\">O que nos torna a sua melhor escolha<\/h3>\n<p style=\"text-align: center;\">\u00c9 com imenso prazer e orgulho que afirmamos que nossos servi\u00e7os s\u00e3o inigual\u00e1veis. A equipe de hackers \u00e9 composta pelos hackers mais profissionais, habilidosos e experientes que podem realizar qualquer tarefa<\/p>\n<p style=\"text-align: center;\">E isso n\u00e3o \u00e9 tudo! Essa equipe de hackers \u00e9 completa e estritamente \u00e9tica e<br \/>\nportanto, se voc\u00ea estiver preocupado com a possibilidade de ter problemas ao utilizar nossos servi\u00e7os, fique tranquilo.<br \/>\ngarantido!<\/p>\n<h3 style=\"text-align: center;\">Contrate hackers profissionais<\/h3>\n<p style=\"text-align: center;\">E voc\u00ea j\u00e1 falou sobre a mir\u00edade de servi\u00e7os por meio dos quais podemos oferecer nossos<br \/>\nassist\u00eancia. Portanto, independentemente da magnitude de seus problemas, voc\u00ea pode encontrar a solu\u00e7\u00e3o para<br \/>\ncada um deles em uma \u00fanica plataforma.<br \/>\nSeja para recuperar senhas perdidas ou sua transa\u00e7\u00e3o de criptomoeda, n\u00f3s temos o que voc\u00ea precisa<br \/>\ncoberto.<\/p>\n<p>&nbsp;<\/p>\n<h3 style=\"text-align: center;\">\u00c9 seguro contratar um hacker on-line?<\/h3>\n<p style=\"text-align: center;\">Sim, \u00e9 seguro contratar um hacker on-line conosco. Somos um grupo profissional de hackers de chap\u00e9u preto. Conquistamos a confian\u00e7a de nossos estimados clientes e n\u00e3o temos nenhuma chance de brincar com eles. Muitas pessoas nos procuram com diferentes necessidades, que podem incluir servi\u00e7os de hacker profissional, necessidades pessoais, assuntos relacionados \u00e0 empresa e assuntos pol\u00edticos. N\u00e3o decepcionamos em nenhuma situa\u00e7\u00e3o e, se voc\u00ea acha que precisa de um profissional para ajud\u00e1-lo com senhas de e-mail, sistema e hacking de sites, n\u00e3o hesite.<\/p>\n<h3 style=\"text-align: center;\">Hackers profissionais para alugar<\/h3>\n<p style=\"text-align: center;\">Alguns de nossos clientes usam nossos servi\u00e7os para testar a for\u00e7a de suas redes e isso \u00e9 algo que fazemos da melhor forma poss\u00edvel. Caso queira contratar um hacker para invadir o banco de dados de um site ou telefone, recuperar fundos perdidos ou uma senha de e-mail por uma taxa favor\u00e1vel, entre em contato conosco imediatamente. Nossas tarifas s\u00e3o razo\u00e1veis e aceitamos bitcoins. O processo \u00e9 muito simples, pois o cliente nos envia os detalhes ou as coisas que ele precisa que sejam hackeadas, deposita 50% do pagamento e paga os 50% restantes ap\u00f3s a conclus\u00e3o do hack.<\/p>\n<h3 style=\"text-align: center;\">Hackers verificados<\/h3>\n<p>Somos hackers \u00e9ticos e investigadores particulares a seu servi\u00e7o. Todos os membros da nossa equipe t\u00eam muita experi\u00eancia em seus diversos nichos. Temos especialistas em per\u00edcia digital, hackers \u00e9ticos certificados, engenheiros da computa\u00e7\u00e3o, especialistas em seguran\u00e7a cibern\u00e9tica, investigadores particulares e muito mais em nossa equipe. Nosso objetivo \u00e9 tornar sua vida digital segura, protegida e sem complica\u00e7\u00f5es.<\/p>\n<h3 style=\"text-align: center;\">Hackers \u00e9ticos<\/h3>\n<p>Todos os dias, centenas de milhares de pessoas no mundo s\u00e3o v\u00edtimas de comprometimento de contas de m\u00eddia social, como Facebook, Snapchat, Instagram, e-mails, telefones celulares, m\u00e1 reputa\u00e7\u00e3o on-line, roubo de identidade e muito mais. O roubo de identidade pode ser usado para solicitar cr\u00e9dito de forma fraudulenta, contas sociais, declara\u00e7\u00e3o de impostos, seguro m\u00e9dico, etc. N\u00f3s, da HACKERS FOR HIRE (dot) io, podemos ajud\u00e1-lo a se defender contra todas as amea\u00e7as mencionadas acima.<\/p>\n<h3 style=\"text-align: center;\">Servi\u00e7os de hacking<\/h3>\n<p>Ajudamos voc\u00ea a proteger seus dados, contas sociais, telefones, computadores e identidade e tamb\u00e9m temos clientes que desejam rastrear o hacker, localizar algu\u00e9m, investigar c\u00f4njuges traidores, recuperar dados perdidos, gerenciar a reputa\u00e7\u00e3o on-line etc. Estamos aqui para lhe oferecer solu\u00e7\u00f5es para qualquer uma dessas necessidades.<\/p>\n<div class=\"container section-title-container\" ><h3 class=\"section-title section-title-center\"><b><\/b><span class=\"section-title-main\" style=\"font-size:109%;\">HACKER AN\u00d4NIMO<\/span><b><\/b><\/h3><\/div>\n[ux_products style=&#8221;normal&#8221; type=&#8221;row&#8221; equalize_box=&#8221;true&#8221; cat=&#8221;19,17,18&#8243; orderby=&#8221;rand&#8221; image_hover=&#8221;zoom&#8221; image_hover_alt=&#8221;zoom-long&#8221; text_padding=&#8221;0px 0px 0px 0px&#8221;]","protected":false},"excerpt":{"rendered":"<p>HIRE ANONYMOUS HACKERS Hiring a Professional hacker is hard to come by these days but with Hireanonymoushackers, you can connect with proven performers in the hacking world in a matter of seconds. Have you been having lots of difficulties getting the right hacker for your hacking projects? Find the right hacker today on Hireanonymoushackers.com with [&#8230;]","protected":false},"author":1,"featured_media":782,"parent":0,"menu_order":0,"comment_status":"closed","ping_status":"closed","template":"page-blank.php","meta":{"_acf_changed":false,"footnotes":""},"class_list":["post-10","page","type-page","status-publish","has-post-thumbnail","hentry"],"acf":[],"_links":{"self":[{"href":"https:\/\/hireanonymoushackers.com\/pt_br\/wp-json\/wp\/v2\/pages\/10","targetHints":{"allow":["GET"]}}],"collection":[{"href":"https:\/\/hireanonymoushackers.com\/pt_br\/wp-json\/wp\/v2\/pages"}],"about":[{"href":"https:\/\/hireanonymoushackers.com\/pt_br\/wp-json\/wp\/v2\/types\/page"}],"author":[{"embeddable":true,"href":"https:\/\/hireanonymoushackers.com\/pt_br\/wp-json\/wp\/v2\/users\/1"}],"replies":[{"embeddable":true,"href":"https:\/\/hireanonymoushackers.com\/pt_br\/wp-json\/wp\/v2\/comments?post=10"}],"version-history":[{"count":54,"href":"https:\/\/hireanonymoushackers.com\/pt_br\/wp-json\/wp\/v2\/pages\/10\/revisions"}],"predecessor-version":[{"id":876,"href":"https:\/\/hireanonymoushackers.com\/pt_br\/wp-json\/wp\/v2\/pages\/10\/revisions\/876"}],"wp:featuredmedia":[{"embeddable":true,"href":"https:\/\/hireanonymoushackers.com\/pt_br\/wp-json\/wp\/v2\/media\/782"}],"wp:attachment":[{"href":"https:\/\/hireanonymoushackers.com\/pt_br\/wp-json\/wp\/v2\/media?parent=10"}],"curies":[{"name":"wp","href":"https:\/\/api.w.org\/{rel}","templated":true}]}}