{"id":10,"date":"2020-12-16T12:04:19","date_gmt":"2020-12-16T12:04:19","guid":{"rendered":"http:\/\/cocaineforsaleonline.com\/?page_id=10"},"modified":"2024-04-22T20:19:09","modified_gmt":"2024-04-22T20:19:09","slug":"home","status":"publish","type":"page","link":"https:\/\/hireanonymoushackers.com\/pt\/","title":{"rendered":"In\u00edcio"},"content":{"rendered":"<div class=\"banner has-hover show-for-small\" id=\"banner-50329479\">\n          <div class=\"banner-inner fill\">\n        <div class=\"banner-bg fill\" >\n            <div class=\"bg fill bg-fill\"><\/div>\n                                    \n                    <\/div>\n        <div class=\"banner-layers container\">\n            <div class=\"fill banner-link\"><\/div>            \n        <\/div>\n      <\/div>\n\n              <div class=\"height-fix is-invisible\"><\/div>\n            \n<style>\n#banner-50329479 {\n  background-color: rgb(247, 245, 244);\n}\n<\/style>\n  <\/div>\n\n\n\t<section class=\"section dark\" id=\"section_854963\">\n\t\t<div class=\"bg section-bg fill bg-fill\" >\n\n\t\t\t\n\t\t\t<div class=\"section-bg-overlay absolute fill\"><\/div><button class=\"scroll-for-more z-5 icon absolute bottom h-center\"><i class=\"icon-angle-down\" style=\"font-size:42px;\"><\/i><\/button>\n\t\t\t\n\n\t\t<\/div>\n\n\t\t<div class=\"section-content relative\">\n\t\t\t\n<div class=\"row align-middle\"  id=\"row-1206095109\">\n\n\t<div id=\"col-926068414\" class=\"col medium-8 small-12 large-8\"  >\n\t\t<div class=\"col-inner\"  >\n\t\t\t\n\t\t\t\n<h6 class=\"uppercase\">Contratar um Hacker<\/h6>\n<h1 style=\"font-size: 350%; line-height: 100%;\">Contratar Hackers An\u00f3nimos<\/h1>\n<p>Hackers an\u00f3nimos para alugar<\/p>\n<h1 style=\"font-size: 200%;\">Site oficial dos Anonymous Hackers<\/h1>\n<div class=\"row row-collapse\"  id=\"row-1935930759\">\n\n\t<div id=\"col-1940206692\" class=\"col medium-6 small-12 large-6\"  >\n\t\t<div class=\"col-inner\"  >\n\t\t\t\n\t\t\t\n<a data-animate=\"blurIn\" href=\"https:\/\/hireanonymoushackers.com\/pt\/contrate-um-hacker\/\" target=\"_self\" class=\"button secondary is-large lowercase expand\"  style=\"border-radius:4px;\">\n  <i class=\"icon-star\" ><\/i>  <span>Contactar-nos<\/span>\n  <\/a>\n\n\t\t<\/div>\n\t\t\t<\/div>\n\n\t\n\n<style>\n#row-1935930759 > .col > .col-inner {\n  padding: 0px 5px 0px 5px;\n}\n<\/style>\n<\/div>\n\t\t<\/div>\n\t\t\t<\/div>\n\n\t\n<\/div>\n\t\t<\/div>\n\n\t\t\n<style>\n#section_854963 {\n  padding-top: 60px;\n  padding-bottom: 60px;\n  min-height: 600px;\n  background-color: rgb(255,255,255);\n}\n#section_854963 .section-bg-overlay {\n  background-color: rgb(45, 78, 103);\n}\n#section_854963 .section-bg.bg-loaded {\n  background-image: 28;\n}\n@media (min-width:550px) {\n  #section_854963 .section-bg-overlay {\n    background-color: rgba(0, 0, 0, 0.5);\n  }\n}\n@media (min-width:850px) {\n  #section_854963 .section-bg-overlay {\n    background-color: rgba(0,0,0,.5);\n  }\n}\n<\/style>\n\t<\/section>\n\t\n\t<section class=\"section\" id=\"section_750377376\">\n\t\t<div class=\"bg section-bg fill bg-fill  bg-loaded\" >\n\n\t\t\t\n\t\t\t\n\t\t\t\n\n\t\t<\/div>\n\n\t\t<div class=\"section-content relative\">\n\t\t\t\t\t<\/div>\n\n\t\t\n<style>\n#section_750377376 {\n  padding-top: 0px;\n  padding-bottom: 0px;\n}\n<\/style>\n\t<\/section>\n\t\n\t<div id=\"gap-1611986697\" class=\"gap-element clearfix\" style=\"display:block; height:auto;\">\n\t\t\n<style>\n#gap-1611986697 {\n  padding-top: 59px;\n}\n<\/style>\n\t<\/div>\n\t\n<div class=\"row\"  id=\"row-1457679415\"><\/div>\n\n\t<div id=\"col-928218728\" class=\"col small-12 large-12\"  >\n\t\t<div class=\"col-inner\"  >\n\t\t\t\n\t\t\t\t\t<\/div>\n\t\t\t<\/div>\n\n\t\n<h2 style=\"text-align: center;\">CONTRATAR HACKERS AN\u00d3NIMOS<\/h2>\n<p style=\"text-align: center;\">Contratar um hacker profissional \u00e9 dif\u00edcil nos dias que correm, mas com o Hireanonymoushackers, pode entrar em contacto com profissionais com provas dadas no mundo do hacking numa quest\u00e3o de segundos. Tem tido muitas dificuldades em obter o hacker certo para os seus projectos de hacking? Encontre o hacker certo hoje mesmo em <a href=\"https:\/\/hireanonymoushackers.com\/pt\/\">Hireanonymoushackers.com<\/a> com hackers profissionais de classe mundial altamente qualificados, prontos para o ajudar a ter sucesso no(s) seu(s) projeto(s) de hacking.<\/p>\n<h3 style=\"text-align: center;\">Hackers de confian\u00e7a<\/h3>\n<p style=\"text-align: center;\">O nosso rec\u00e9m-introduzido Servi\u00e7o de Garantia tamb\u00e9m o proteger\u00e1 de qualquer forma de vulnerabilidade ao efetuar o pagamento aos nossos hackers. O seu pagamento ser\u00e1 guardado em seguran\u00e7a no servi\u00e7o de cau\u00e7\u00e3o que det\u00e9m o direito final de guardar e desembolsar o pagamento e s\u00f3 o far\u00e1 com a sua autoriza\u00e7\u00e3o quando estiver satisfeito com o trabalho que lhe est\u00e1 a ser entregue pelo hacker designado.<\/p>\n<p><img decoding=\"async\" class=\"wp-image-795 lazyload\" data-src=\"https:\/\/hireanonymoushackers.io\/wp-content\/uploads\/2023\/06\/5-star-300x158.jpg\" alt=\"Hackers an\u00f3nimos\" width=\"30\" height=\"16\" data-srcset=\"https:\/\/hireanonymoushackers.com\/wp-content\/uploads\/2023\/06\/5-star-300x158.jpg 300w, https:\/\/hireanonymoushackers.com\/wp-content\/uploads\/2023\/06\/5-star-1024x539.jpg 1024w, https:\/\/hireanonymoushackers.com\/wp-content\/uploads\/2023\/06\/5-star-768x404.jpg 768w, https:\/\/hireanonymoushackers.com\/wp-content\/uploads\/2023\/06\/5-star-600x316.jpg 600w, https:\/\/hireanonymoushackers.com\/wp-content\/uploads\/2023\/06\/5-star.jpg 1520w\" data-sizes=\"(max-width: 30px) 100vw, 30px\" src=\"data:image\/svg+xml;base64,PHN2ZyB3aWR0aD0iMSIgaGVpZ2h0PSIxIiB4bWxucz0iaHR0cDovL3d3dy53My5vcmcvMjAwMC9zdmciPjwvc3ZnPg==\" style=\"--smush-placeholder-width: 30px; --smush-placeholder-aspect-ratio: 30\/16;\" \/><\/p>\n<h3 style=\"text-align: center;\">CONTRATAR UM HACKER<\/h3>\n<p style=\"text-align: center;\">Somos uma equipa de hackers profissionais com experi\u00eancia em diferentes \u00e1reas. H\u00e1 mais de 7 anos que prestamos servi\u00e7os de pirataria inform\u00e1tica a particulares e a estabelecimentos privados, com servi\u00e7os de pirataria inform\u00e1tica discretos e de qualidade, e agora trazemos os nossos servi\u00e7os at\u00e9 si. J\u00e1 tentou comprar servi\u00e7os de pirataria inform\u00e1tica na dark web? N\u00e3o ficou satisfeito com os resultados? S\u00f3 promessas vazias, mas ningu\u00e9m a fazer o trabalho?<\/p>\n<p style=\"text-align: center;\">Ent\u00e3o deve experimentar Hire Hackers, os hackers mais fi\u00e1veis para fazer as coisas. Ao contr\u00e1rio de outros, os nossos pre\u00e7os n\u00e3o s\u00e3o os mais baratos, mas se n\u00e3o conseguirmos fazer um trabalho, receber\u00e1 um reembolso total<a href=\"https:\/\/duckduckgo.com\/\" target=\"_blank\" rel=\"noopener\">.<\/a><\/p>\n<h3 style=\"text-align: center;\"><span class=\"tagify__tag-text\" contenteditable=\"true\">Hackers de aluguer<\/span><\/h3>\n<p style=\"text-align: center;\">Hire Anonymous Hackers \u00e9 um grupo profissional de hackers dispon\u00edvel online para fornecer servi\u00e7os profissionais e \u00fanicos aos nossos am\u00e1veis clientes em todo o mundo. Contrate um hacker em Portugal.<\/p>\n<p style=\"text-align: center;\">Na Hire Anonymous Hackers a entrega est\u00e1 para al\u00e9m das solu\u00e7\u00f5es poss\u00edveis, somos conhecidos pelos melhores fornecedores de servi\u00e7os de hacking ao longo dos anos de opera\u00e7\u00e3o nesta \u00e1rea de neg\u00f3cio. Hackers de chap\u00e9u preto para aluguer.<\/p>\n<p><img decoding=\"async\" class=\"wp-image-803 aligncenter lazyload\" data-src=\"https:\/\/hireanonymoushackers.io\/wp-content\/uploads\/2023\/06\/Hire-Hackers-Services-300x225.jpg\" alt=\"Contratar Servi\u00e7os de Hackers\" width=\"59\" height=\"44\" data-srcset=\"https:\/\/hireanonymoushackers.com\/wp-content\/uploads\/2023\/06\/Hire-Hackers-Services-300x225.jpg 300w, https:\/\/hireanonymoushackers.com\/wp-content\/uploads\/2023\/06\/Hire-Hackers-Services.jpg 350w\" data-sizes=\"(max-width: 59px) 100vw, 59px\" src=\"data:image\/svg+xml;base64,PHN2ZyB3aWR0aD0iMSIgaGVpZ2h0PSIxIiB4bWxucz0iaHR0cDovL3d3dy53My5vcmcvMjAwMC9zdmciPjwvc3ZnPg==\" style=\"--smush-placeholder-width: 59px; --smush-placeholder-aspect-ratio: 59\/44;\" \/><\/p>\n<h3 style=\"text-align: center;\">Hackers \u00c9ticos Certificados de Confian\u00e7a para Contrata\u00e7\u00e3o<\/h3>\n<p style=\"text-align: center;\">A maioria dos nossos hackers trabalhou durante mais de 10 anos para diferentes empresas no dom\u00ednio das telecomunica\u00e7\u00f5es, da ciberseguran\u00e7a, da gest\u00e3o de servidores e a maioria, se n\u00e3o todos, tem experi\u00eancia de trabalho em empresas que criam diferentes configura\u00e7\u00f5es de seguran\u00e7a para diferentes aplica\u00e7\u00f5es.<\/p>\n<p style=\"text-align: center;\">O facto de terem trabalhado para essas empresas d\u00e1 aos nossos hackers uma vantagem e uma vis\u00e3o completa de como a seguran\u00e7a funciona para diferentes aplica\u00e7\u00f5es e hardware.<\/p>\n<h3 style=\"text-align: center;\"><span class=\"tagify__tag-text\" contenteditable=\"true\">Alugar um Hacker<\/span><\/h3>\n<p style=\"text-align: center;\">Oferecemos servi\u00e7os de hacking profissional da melhor qualidade que n\u00e3o podem ser combinados com outros hackers para contratar empresas. Nossos hackers profissionais t\u00eam a t\u00e9cnica de hacking mais avan\u00e7ada para hackear o Facebook, Snapchat, Whatsapp, Twitter, Instagram, contas de e-mail, Gmail, Smart Phone, site, banco de dados e muito mais. Tamb\u00e9m pode solicitar um hack personalizado. Hoje em dia, contratar um hacker profissional \u00e9 dif\u00edcil. Voc\u00ea pode ser enganado por servi\u00e7os de hackers errados ou por hackers falsos na Internet. N\u00e3o se deixe enganar por golpistas que anunciam falsos servi\u00e7os profissionais de hacking.<\/p>\n<h3 style=\"text-align: center;\"><span class=\"tagify__tag-text\" contenteditable=\"true\">Servi\u00e7os profissionais de pirataria inform\u00e1tica<\/span><\/h3>\n<p style=\"text-align: center;\">Anonymous Hackers surgiu como a plataforma de hacking mais confi\u00e1vel do mundo, onde voc\u00ea encontra hackers profissionais para seus servi\u00e7os de hacking. Estamos dedicados e a trabalhar para satisfazer as suas necessidades de hacking atrav\u00e9s dos nossos hackers na dark web. Tamb\u00e9m fornecemos servi\u00e7os de hacking 24 horas por dia para garantir que atinge os seus objectivos sem qualquer atraso. Hackear servidor universit\u00e1rio.<\/p>\n<h4 style=\"text-align: center;\">Contratar um hacker para invadir um s\u00edtio Web<\/h4>\n<p style=\"text-align: center;\">Como uma plataforma de hacking l\u00edder, orgulhamo-nos de servir os nossos clientes de todo o mundo. Os nossos hackers certificados s\u00e3o a nossa for\u00e7a e a satisfa\u00e7\u00e3o dos nossos clientes \u00e9 a nossa principal prioridade. Temos especialistas em diferentes \u00e1reas de hacking e prometemos fornecer sempre uma entrega r\u00e1pida de projectos. Com uma vasta gama de solu\u00e7\u00f5es de hacking, preparamos o caminho para o sucesso de hacking que deseja. Hackear base de dados universit\u00e1ria.<\/p>\n<h3 style=\"text-align: center;\">Hackers an\u00f3nimos<\/h3>\n<p style=\"text-align: center;\">Anonymous Hackers \u00e9 uma equipa de Antonymous Hackers que oferece servi\u00e7os profissionais de hacking. Contrate um hacker para o Facebook, e-mail, Web, banco de dados ou hacking de telefone. N\u00f3s somos uma equipa de hackers altamente qualificados e profissionais que s\u00e3o capazes de hackear qualquer conta social, contas de e-mail, telefone, site ou banco de dados. 100% garante a privacidade e confidencialidade dos nossos clientes.<\/p>\n<p><img decoding=\"async\" class=\"wp-image-795 aligncenter lazyload\" data-src=\"https:\/\/hireanonymoushackers.io\/wp-content\/uploads\/2023\/06\/5-star-300x158.jpg\" alt=\"Hackers an\u00f3nimos\" width=\"37\" height=\"19\" data-srcset=\"https:\/\/hireanonymoushackers.com\/wp-content\/uploads\/2023\/06\/5-star-300x158.jpg 300w, https:\/\/hireanonymoushackers.com\/wp-content\/uploads\/2023\/06\/5-star-1024x539.jpg 1024w, https:\/\/hireanonymoushackers.com\/wp-content\/uploads\/2023\/06\/5-star-768x404.jpg 768w, https:\/\/hireanonymoushackers.com\/wp-content\/uploads\/2023\/06\/5-star-600x316.jpg 600w, https:\/\/hireanonymoushackers.com\/wp-content\/uploads\/2023\/06\/5-star.jpg 1520w\" data-sizes=\"(max-width: 37px) 100vw, 37px\" src=\"data:image\/svg+xml;base64,PHN2ZyB3aWR0aD0iMSIgaGVpZ2h0PSIxIiB4bWxucz0iaHR0cDovL3d3dy53My5vcmcvMjAwMC9zdmciPjwvc3ZnPg==\" style=\"--smush-placeholder-width: 37px; --smush-placeholder-aspect-ratio: 37\/19;\" \/><\/p>\n<h3 style=\"text-align: center;\">Contratar Servi\u00e7os de Hackers<\/h3>\n<p style=\"text-align: center;\">Os nossos Hackers de aluguer oferecem uma vasta gama de servi\u00e7os profissionais de hacking, com o objetivo de criar todo o tipo de protec\u00e7\u00f5es online para os nossos valiosos clientes.<br \/>\nContrate um Hacker para todas as suas necessidades de hacking. Contratar um hacker para mudar as notas<\/p>\n<h3 style=\"text-align: center;\">LISTAS DE SERVI\u00c7OS QUE OFERECEMOS<\/h3>\n<p style=\"text-align: center;\">Hackeamento e controlo de emails, desde emails do gmail, yahoo, emails profissionais&#8230;.at\u00e9 mesmo emails seguros com encripta\u00e7\u00e3o de 4096bits<br \/>\nPc jailbreaking\/hacking (windows,mac,linux distros... .)<br \/>\nMudan\u00e7a de nota<br \/>\n\u2727 N\u00famero de telefone Auditoria<br \/>\nPacote completo, obtendo acesso a dispositivos e contas pessoais ou da empresa e procurando os dados de que necessita.<br \/>\nLiquida\u00e7\u00e3o de d\u00edvidas<\/p>\n<p style=\"text-align: center;\">Hacking de administradores de sites\/php (podemos dar acesso total ou roubar qualquer registo ou informa\u00e7\u00e3o)<br \/>\nPassaporte, identifica\u00e7\u00f5es ou certificados que possam funcionar como o verdadeiro<br \/>\nGeo-localizador\/rastreamento do n\u00famero de telefone<br \/>\nEspionagem econ\u00f3mica e espionagem empresarial<br \/>\nApanhar o parceiro de trai\u00e7\u00e3o \/ monitorizar o parceiro de trai\u00e7\u00e3o<br \/>\nPirataria m\u00f3vel\/acesso remoto m\u00f3vel<\/p>\n<p style=\"text-align: center;\">Pirataria de contas de redes sociais ou clonagem de acesso<br \/>\nPodemos ajud\u00e1-lo a localizar qualquer pessoa (basta dar-nos qualquer informa\u00e7\u00e3o v\u00e1lida sobre a sua v\u00edtima)<br \/>\nRealizar campanhas nas redes sociais<br \/>\nPornografia de vingan\u00e7a<br \/>\nAcesso \u00e0 base de dados do governo e das empresas<\/p>\n<p style=\"text-align: center;\">Recupera\u00e7\u00e3o de provas<br \/>\nLimpar os registos criminais<br \/>\nHacking de jogos<br \/>\nAuditoria de objectivos<br \/>\nSe tamb\u00e9m precisar de contratar um hacker nosso para uso privado (cobramos por horas de trabalho efectuado);<\/p>\n<h3 style=\"text-align: center;\">O que faz de n\u00f3s a sua melhor escolha<\/h3>\n<p style=\"text-align: center;\">\u00c9 com imenso prazer e orgulho que dizemos que os nossos servi\u00e7os n\u00e3o t\u00eam igual. A equipa de hackers \u00e9 constitu\u00edda pelos hackers mais profissionais, qualificados e experientes, capazes de realizar qualquer tarefa<\/p>\n<p style=\"text-align: center;\">E n\u00e3o se fica por aqui! Esta equipa de hackers \u00e9 completamente e estritamente \u00e9tica e<br \/>\ncertificado, por isso, se estiver preocupado com a possibilidade de se meter em problemas ao utilizar os nossos servi\u00e7os, esteja<br \/>\ngarantido!<\/p>\n<h3 style=\"text-align: center;\">Contratar hackers profissionais<\/h3>\n<p style=\"text-align: center;\">E j\u00e1 falou sobre a mir\u00edade de servi\u00e7os atrav\u00e9s dos quais podemos oferecer aos nossos<br \/>\nassist\u00eancia. Assim, independentemente da dimens\u00e3o dos seus problemas, pode encontrar a solu\u00e7\u00e3o para<br \/>\ncada um deles numa \u00fanica plataforma.<br \/>\nQuer se trate da recupera\u00e7\u00e3o de palavras-passe perdidas ou da sua transa\u00e7\u00e3o de criptomoeda, n\u00f3s temos tudo o que precisa<br \/>\ncoberto.<\/p>\n<p>&nbsp;<\/p>\n<h3 style=\"text-align: center;\">\u00c9 seguro contratar um hacker online?<\/h3>\n<p style=\"text-align: center;\">Sim, \u00e9 seguro contratar um hacker online connosco. Somos um grupo profissional de hackers de chap\u00e9u preto. Conquist\u00e1mos a confian\u00e7a dos nossos estimados clientes e n\u00e3o temos qualquer hip\u00f3tese de jogar qualquer jogo com eles. Muitas pessoas v\u00eam ter connosco com diferentes necessidades, que podem incluir servi\u00e7os de hacker profissional, necessidades pessoais, assuntos relacionados com a empresa, bem como assuntos pol\u00edticos. N\u00e3o desiludimos em nenhuma situa\u00e7\u00e3o e, se sentir que precisa de um profissional para o ajudar com as palavras-passe de e-mail, o sistema e o hacking de s\u00edtios Web, n\u00e3o hesite.<\/p>\n<h3 style=\"text-align: center;\">Hackers profissionais para aluguer<\/h3>\n<p style=\"text-align: center;\">Alguns dos nossos clientes utilizam os nossos servi\u00e7os para testar a for\u00e7a das suas redes e isto \u00e9 algo que fazemos ao nosso melhor n\u00edvel. Caso pretenda contratar um hacker para invadir uma base de dados de um s\u00edtio Web, ou um telefone, recuperar fundos perdidos ou uma palavra-passe de correio eletr\u00f3nico por um pre\u00e7o favor\u00e1vel, contacte-nos imediatamente. Os nossos pre\u00e7os s\u00e3o razo\u00e1veis e aceitamos bitcoins. O processo \u00e9 muito simples, pois o cliente envia-nos os detalhes ou as coisas que precisa que sejam pirateadas, deposita 50% do pagamento e paga os restantes 50% depois de a pirataria estar conclu\u00edda.<\/p>\n<h3 style=\"text-align: center;\">Hackers verificados<\/h3>\n<p>Somos Ethical Hackers e investigadores privados ao seu servi\u00e7o. Cada membro da nossa equipa \u00e9 experiente nos seus v\u00e1rios nichos. Temos especialistas forenses digitais, hackers \u00e9ticos certificados, engenheiros inform\u00e1ticos, especialistas em seguran\u00e7a cibern\u00e9tica, investigadores privados e muito mais na nossa equipa. O nosso objetivo \u00e9 tornar a sua vida digital segura, protegida e sem complica\u00e7\u00f5es.<\/p>\n<h3 style=\"text-align: center;\">Hackers \u00e9ticos<\/h3>\n<p>Todos os dias, centenas de milhares de pessoas em todo o mundo s\u00e3o v\u00edtimas de comprometimento de contas de redes sociais como o Facebook, Snapchat, Instagram, e-mails, telem\u00f3veis, m\u00e1 reputa\u00e7\u00e3o online, roubo de identidade e muito mais. O roubo de identidade pode ser usado para solicitar cr\u00e9dito de forma fraudulenta, contas sociais, impostos, seguros m\u00e9dicos, etc. N\u00f3s, na HACKERS FOR HIRE (dot) io, podemos ajud\u00e1-lo a defender-se contra todas as amea\u00e7as acima mencionadas.<\/p>\n<h3 style=\"text-align: center;\">Servi\u00e7os de pirataria inform\u00e1tica<\/h3>\n<p>Ajudamo-lo a proteger os seus dados, contas sociais, telefones, computadores e identidade e tamb\u00e9m temos clientes que querem seguir o rasto do hacker, localizar algu\u00e9m, investiga\u00e7\u00e3o de c\u00f4njuges traidores, recuperar dados perdidos, gerir a reputa\u00e7\u00e3o online, etc. Estamos aqui para lhe fornecer solu\u00e7\u00f5es para essas necessidades.<\/p>\n<div class=\"container section-title-container\" ><h3 class=\"section-title section-title-center\"><b><\/b><span class=\"section-title-main\" style=\"font-size:109%;\">HACKER AN\u00d3NIMO<\/span><b><\/b><\/h3><\/div>\n[ux_products style=&#8221;normal&#8221; type=&#8221;row&#8221; equalize_box=&#8221;true&#8221; cat=&#8221;19,17,18&#8243; orderby=&#8221;rand&#8221; image_hover=&#8221;zoom&#8221; image_hover_alt=&#8221;zoom-long&#8221; text_padding=&#8221;0px 0px 0px 0px&#8221;]","protected":false},"excerpt":{"rendered":"<p>HIRE ANONYMOUS HACKERS Hiring a Professional hacker is hard to come by these days but with Hireanonymoushackers, you can connect with proven performers in the hacking world in a matter of seconds. Have you been having lots of difficulties getting the right hacker for your hacking projects? Find the right hacker today on Hireanonymoushackers.com with [&#8230;]","protected":false},"author":1,"featured_media":782,"parent":0,"menu_order":0,"comment_status":"closed","ping_status":"closed","template":"page-blank.php","meta":{"_acf_changed":false,"footnotes":""},"class_list":["post-10","page","type-page","status-publish","has-post-thumbnail","hentry"],"acf":[],"_links":{"self":[{"href":"https:\/\/hireanonymoushackers.com\/pt\/wp-json\/wp\/v2\/pages\/10","targetHints":{"allow":["GET"]}}],"collection":[{"href":"https:\/\/hireanonymoushackers.com\/pt\/wp-json\/wp\/v2\/pages"}],"about":[{"href":"https:\/\/hireanonymoushackers.com\/pt\/wp-json\/wp\/v2\/types\/page"}],"author":[{"embeddable":true,"href":"https:\/\/hireanonymoushackers.com\/pt\/wp-json\/wp\/v2\/users\/1"}],"replies":[{"embeddable":true,"href":"https:\/\/hireanonymoushackers.com\/pt\/wp-json\/wp\/v2\/comments?post=10"}],"version-history":[{"count":54,"href":"https:\/\/hireanonymoushackers.com\/pt\/wp-json\/wp\/v2\/pages\/10\/revisions"}],"predecessor-version":[{"id":876,"href":"https:\/\/hireanonymoushackers.com\/pt\/wp-json\/wp\/v2\/pages\/10\/revisions\/876"}],"wp:featuredmedia":[{"embeddable":true,"href":"https:\/\/hireanonymoushackers.com\/pt\/wp-json\/wp\/v2\/media\/782"}],"wp:attachment":[{"href":"https:\/\/hireanonymoushackers.com\/pt\/wp-json\/wp\/v2\/media?parent=10"}],"curies":[{"name":"wp","href":"https:\/\/api.w.org\/{rel}","templated":true}]}}