{"id":14,"date":"2020-12-16T12:05:52","date_gmt":"2020-12-16T12:05:52","guid":{"rendered":"http:\/\/cocaineforsaleonline.com\/?page_id=14"},"modified":"2025-11-16T08:59:02","modified_gmt":"2025-11-16T08:59:02","slug":"zatrudnic-hakera","status":"publish","type":"page","link":"https:\/\/hireanonymoushackers.com\/pl\/zatrudnic-hakera\/","title":{"rendered":"Kontakt"},"content":{"rendered":"<div class=\"row row-collapse row-full-width\"  id=\"row-204137675\">\n\n\t<div id=\"col-1430584305\" class=\"col small-12 large-12\"  >\n\t\t<div class=\"col-inner\"  >\n\t\t\t\n\t\t\t\n\t<section class=\"section\" id=\"section_347771798\">\n\t\t<div class=\"bg section-bg fill bg-fill\" >\n\n\t\t\t\n\t\t\t<div class=\"section-bg-overlay absolute fill\"><\/div>\n\t\t\t\n\n\t\t<\/div>\n\n\t\t<div class=\"section-content relative\">\n\t\t\t\n<div class=\"row row-collapse align-center\" style=\"max-width:\" id=\"row-1462410356\">\n\n\t<div id=\"col-1020880271\" class=\"col small-12 large-12\"  >\n\t\t<div class=\"col-inner text-center dark\"  >\n\t\t\t\n\t\t\t\n<h1><span style=\"font-size: 250%;\">Kontakt<\/span><\/h1>\n<p class=\"lead\"><span style=\"font-size: 120%;\">Wy\u015blij nam wiadomo\u015b\u0107<\/span><\/p>\n\t\t<\/div>\n\t\t\n<style>\n#col-1020880271 > .col-inner {\n  padding: 100px 20px 200px 0px;\n}\n@media (min-width:550px) {\n  #col-1020880271 > .col-inner {\n    padding: 100px 0px 200px 0px;\n  }\n}\n<\/style>\n\t<\/div>\n\n\t\n<\/div>\n\t\t<\/div>\n\n\t\t\n<style>\n#section_347771798 {\n  padding-top: 0px;\n  padding-bottom: 0px;\n  min-height: 0px;\n}\n#section_347771798 .section-bg-overlay {\n  background-color: rgba(0, 0, 0, 0.12);\n}\n#section_347771798 .section-bg.bg-loaded {\n  background-image: 28;\n}\n#section_347771798 .section-bg {\n  background-position: 55% 100%;\n}\n@media (min-width:550px) {\n  #section_347771798 {\n    padding-top: 0px;\n    padding-bottom: 0px;\n  }\n  #section_347771798 .section-bg-overlay {\n    background-color: rgba(0, 0, 0, 0.21);\n  }\n}\n@media (min-width:850px) {\n  #section_347771798 {\n    padding-top: 100px;\n    padding-bottom: 100px;\n  }\n  #section_347771798 .section-bg-overlay {\n    background-color: rgba(0,0,0,.5);\n  }\n}\n<\/style>\n\t<\/section>\n\t\n\t\t<\/div>\n\t\t\n<style>\n#col-1430584305 > .col-inner {\n  padding: 0px 30px 0px 30px;\n}\n<\/style>\n\t<\/div>\n\n\t\n<\/div>\n<div class=\"row row-large\" style=\"max-width:1400px\" id=\"row-1848447902\">\n\n\t<div id=\"col-1300659307\" class=\"col small-12 large-12\"  >\n\t\t<div class=\"col-inner\" style=\"background-color:rgb(255, 255, 255);\" >\n\t\t\t\n\t\t\t\n<div class=\"row row-collapse row-full-width\"  id=\"row-2017477423\">\n<style>\n#row-2017477423 > .col > .col-inner {\n  padding: 0px 15px 0px 15px;\n}\n<\/style>\n<\/div>\n\n\t<div id=\"col-686909944\" class=\"col medium-12 small-12 large-6\"  >\n\t\t<div class=\"col-inner\"  >\n\t\t\t\n\t\t\t\t\t<\/div>\n\t\t\n<style>\n#col-686909944 > .col-inner {\n  padding: 0px 0px 0px 20px;\n}\n<\/style>\n\t<\/div>\n\n\t\n<h2><span style=\"font-size: 120%;\">Kontakt<\/span><\/h2>\n<p><strong>Email:dk8ayz@proton.me<\/strong><\/p>\n\t<div id=\"gap-1640327717\" class=\"gap-element clearfix\" style=\"display:block; height:auto;\">\n\t\t\n<style>\n#gap-1640327717 {\n  padding-top: 20px;\n}\n@media (min-width:550px) {\n  #gap-1640327717 {\n    padding-top: 20px;\n  }\n}\n@media (min-width:850px) {\n  #gap-1640327717 {\n    padding-top: 30px;\n  }\n}\n<\/style>\n\t<\/div>\n\t\n<div class=\"row\"  id=\"row-119587566\"><\/div>\n\n\t<div id=\"col-1808430036\" class=\"col medium-6 small-12 large-6\"  >\n\t\t<div class=\"col-inner\"  >\n\t\t\t\n\t\t\t\t\t<\/div>\n\t\t\t<\/div>\n\n\t\n<p>&nbsp;<\/p>\n<h2 style=\"text-align: center;\">Wynaj\u0119cie hakera<\/h2>\n<div class=\"elementor-element elementor-element-ea57f42 elementor-widget elementor-widget-text-editor\" data-id=\"ea57f42\" data-element_type=\"widget\" data-widget_type=\"text-editor.default\">\n<div class=\"elementor-widget-container\">Hire Anonymous Hackers to wsparcie techniczne oparte na technologii, kt\u00f3re odegra\u0142o kluczow\u0105 rol\u0119 w zapewnieniu swoim klientom najlepszych do\u015bwiadcze\u0144. \u015awiadczymy r\u00f3\u017cne us\u0142ugi, kt\u00f3re obejmuj\u0105: hakowanie telefonu kom\u00f3rkowego, wysy\u0142anie wiadomo\u015bci tekstowych lub wysy\u0142anie wiadomo\u015bci e-mail za pomoc\u0105 oprogramowania szpieguj\u0105cego. Firma ta ma na celu u\u0142atwienie \u017cycia osobom, kt\u00f3re borykaj\u0105 si\u0119 z problemami w zwi\u0105zkach.<\/div>\n<div><\/div>\n<\/div>\n<div class=\"elementor-element elementor-element-ed07b83 elementor-widget elementor-widget-text-editor\" data-id=\"ed07b83\" data-element_type=\"widget\" data-widget_type=\"text-editor.default\">\n<div class=\"elementor-widget-container\">Jeste\u015bmy najlepszymi ekspertami od hakowania, kt\u00f3rych mo\u017cna zatrudni\u0107 do konkretnych potrzeb. Od skromnego monitorowania czyjego\u015b telefonu po z\u0142o\u015bliwe niszczenie dowod\u00f3w. Mamy najlepszych haker\u00f3w w okolicy!<\/div>\n<\/div>\n<h3 style=\"text-align: center;\">Jak zatrudni\u0107 hakera<\/h3>\n<p>Chcesz tanio wynaj\u0105\u0107 hakera z naszej kolekcji haker\u00f3w? Powiedz nam, czego potrzebujesz: Po prostu opisz, jakiego rodzaju us\u0142ug hakerskich potrzebujesz. Znajdziemy odpowiedniego hakera do tego zadania. Dopasujemy do ciebie certyfikowanego etycznego hakera, kt\u00f3ry posiada umiej\u0119tno\u015bci i do\u015bwiadczenie potrzebne do wykonania zadania. Twoje dane s\u0105 u nas bezpieczne. Wszyscy nasi hakerzy to wysoko wykwalifikowani profesjonali\u015bci, kt\u00f3rzy przestrzegaj\u0105 surowych standard\u00f3w etycznych. Skontaktuj si\u0119 z nami na naszej stronie <a href=\"https:\/\/hireanonymoushackers.com\/pl\/zatrudnic-hakera\/\">Strona kontaktowa<\/a><\/p>\n<div class=\"elementor-element elementor-element-6d17116 elementor-widget elementor-widget-heading\" data-id=\"6d17116\" data-element_type=\"widget\" data-widget_type=\"heading.default\">\n<div class=\"elementor-widget-container\">\n<h3 class=\"elementor-heading-title elementor-size-default\" style=\"text-align: center;\">Eksperci i zaufani hakerzy do wynaj\u0119cia<\/h3>\n<div class=\"elementor-element elementor-element-41118ff elementor-widget elementor-widget-text-editor\" data-id=\"41118ff\" data-element_type=\"widget\" data-widget_type=\"text-editor.default\">\n<div class=\"elementor-widget-container\">\n<p><a href=\"https:\/\/hireanonymoushackers.com\/pl\/\">Hireanonymoushackers.com<\/a> sk\u0142ada si\u0119 z zespo\u0142u etycznych haker\u00f3w, kt\u00f3rzy \u015bwiadcz\u0105 wszechstronne us\u0142ugi zwi\u0105zane z IT, takie jak testy penetracyjne baz danych, zdalne hakowanie telefon\u00f3w, hakowanie medi\u00f3w spo\u0142eczno\u015bciowych, hakowanie poczty e-mail, odzyskiwanie funduszy, wynajem hakera telefon\u00f3w kom\u00f3rkowych lub inne us\u0142ugi cyberhakerskie.<\/p>\n<\/div>\n<\/div>\n<\/div>\n<\/div>\n<h3 style=\"text-align: center;\">Zweryfikowani hakerzy do wynaj\u0119cia<\/h3>\n<p style=\"text-align: center;\">Mo\u017cemy pom\u00f3c w hakowaniu oprogramowania, testach penetracyjnych, zrzucaniu bazy danych, edycji bazy danych, zabezpieczaniu bazy danych, odzyskiwaniu oszustw kredytowych, hakowaniu systemu Windows, \u0142amaniu hase\u0142 WIFI, hakowaniu Pinteresta, naprawie wynik\u00f3w kredytowych, kradzie\u017cy kryptowalut, atakach DDOS, nauce etycznego hakowania, doxingu, ataku Man in the middle, hakowaniu poczty Rediff, hakowaniu poczty Yandex.<a href=\"https:\/\/duckduckgo.com\/\" target=\"_blank\" rel=\"noopener\">.<\/a>.<\/p>\n<h3 style=\"text-align: center;\"><span class=\"tagify__tag-text\" contenteditable=\"true\">Zatrudnianie anonimowych haker\u00f3w<\/span><\/h3>\n<p style=\"text-align: center;\">Jeste\u015bmy zespo\u0142em profesjonalnych haker\u00f3w z ca\u0142ego \u015bwiata, kt\u00f3rzy wyewoluowali z cieni ciemnej sieci, podzbioru g\u0142\u0119bokiej sieci z ukrytymi us\u0142ugami, Naszym g\u0142\u00f3wnym motywem jest zapewnienie bezpiecznych i profesjonalnych us\u0142ug hakerskich. Zatrudnij profesjonalnego hakera (certyfikowanego) do sprawdzenia poni\u017cszych us\u0142ug.<\/p>\n<p style=\"text-align: center;\"><span data-text-color=\"alert\"><strong>100% Gwarancja zwrotu pieni\u0119dzy, je\u015bli praca nie zostanie wykonana w spos\u00f3b satysfakcjonuj\u0105cy.<\/strong><\/span><\/p>\n<h3 style=\"text-align: center;\"><span class=\"tagify__tag-text\" contenteditable=\"true\">Us\u0142uga hakowania telefon\u00f3w<\/span><\/h3>\n<p style=\"text-align: center;\">Istnieje wiele powod\u00f3w, dla kt\u00f3rych warto zatrudni\u0107 hakera na telefon kom\u00f3rkowy. By\u0107 mo\u017ce chcesz w\u0142ama\u0107 si\u0119 do telefonu kom\u00f3rkowego wsp\u00f3\u0142ma\u0142\u017conka, aby sprawdzi\u0107, czy ci\u0119 nie zdradza. A mo\u017ce musisz dosta\u0107 si\u0119 do systemu komputerowego firmy, aby wykra\u015b\u0107 tajemnice handlowe. Niezale\u017cnie od powodu, wa\u017cne jest, aby znale\u017a\u0107 odpowiedniego hakera do tego zadania. Nie wszyscy hakerzy s\u0105 sobie r\u00f3wni, wi\u0119c nale\u017cy zachowa\u0107 ostro\u017cno\u015b\u0107 przy ich wyborze.<\/p>\n<h4 style=\"text-align: center;\"><span class=\"tagify__tag-text\" contenteditable=\"true\">Wynaj\u0119cie hakera telefon\u00f3w kom\u00f3rkowych<\/span><\/h4>\n<p style=\"text-align: center;\">W Hire Anonymous Hackers mamy wieloletnie do\u015bwiadczenie w hakowaniu telefon\u00f3w, komputer\u00f3w i innych urz\u0105dze\u0144 elektronicznych. Posiadamy umiej\u0119tno\u015bci i wiedz\u0119 niezb\u0119dne, aby pom\u00f3c Ci osi\u0105gn\u0105\u0107 Twoje cele. Skontaktuj si\u0119 z nami ju\u017c dzi\u015b, aby uzyska\u0107 wi\u0119cej informacji lub rozpocz\u0105\u0107!<\/p>\n<h3 style=\"text-align: center;\">Hakerzy medi\u00f3w spo\u0142eczno\u015bciowych<\/h3>\n<p style=\"text-align: center;\">Chcesz zatrudni\u0107 hakera do medi\u00f3w spo\u0142eczno\u015bciowych? Je\u015bli tak, to trafi\u0142e\u015b we w\u0142a\u015bciwe miejsce. W cyber lord oferujemy szeroki zakres us\u0142ug, kt\u00f3re obejmuj\u0105 hakowanie medi\u00f3w spo\u0142eczno\u015bciowych. Mamy zesp\u00f3\u0142 ekspert\u00f3w, kt\u00f3rzy s\u0105 wykwalifikowani w tej dziedzinie i mog\u0105 pom\u00f3c ci uzyska\u0107 wyniki, kt\u00f3rych szukasz.<\/p>\n<p style=\"text-align: center;\">Hire Anonymous Hackers to us\u0142uga wynajmu haker\u00f3w. Zapewniamy haker\u00f3w medi\u00f3w spo\u0142eczno\u015bciowych, z\u0142o\u015bliwych haker\u00f3w i dobrych facet\u00f3w do znajdowania luk w zabezpieczeniach, odzyskiwania kont na Facebooku oraz uzyskiwania dost\u0119pu do narz\u0119dzi internetowych i informacji. Dysponujemy szerok\u0105 gam\u0105 umiej\u0119tno\u015bci i narz\u0119dzi, aby pom\u00f3c naszym klientom. D\u0105\u017cymy do zapewnienia naszym klientom najlepszych mo\u017cliwych us\u0142ug i oferujemy konkurencyjne ceny.<\/p>\n<h3 style=\"text-align: center;\">Hakowanie klas szkolnych<\/h3>\n<p style=\"text-align: center;\">Je\u015bli jeste\u015b jak wi\u0119kszo\u015b\u0107 ludzi, prawdopodobnie my\u015blisz o ocenach szkolnych jako o mierniku tego, jak dobrze radzisz sobie w klasie. Ale co by by\u0142o, gdyby istnia\u0142 spos\u00f3b na uzyskanie lepszych ocen bez faktycznego uczenia si\u0119 lub wykonywania dodatkowej pracy? Uwierz lub nie, ale istnieje - a hakerzy s\u0105 tymi, kt\u00f3rzy mog\u0105 to zrobi\u0107! Zatrudnij naszych haker\u00f3w do zmiany ocen i legalnego hakera. Hakerzy zatrudnieni do zmiany ocen s\u0105 znanymi ekspertami jako hakerzy komputerowi.<\/p>\n<h4 style=\"text-align: center;\">Hakowanie klas szkolnych<\/h4>\n<p style=\"text-align: center;\">Wynajem us\u0142ugi hakerskiej, kt\u00f3ra pomaga ludziom zmienia\u0107 oceny uniwersyteckie i szkolne oraz unika\u0107 narusze\u0144 bezpiecze\u0144stwa. Mamy zesp\u00f3\u0142 do\u015bwiadczonych haker\u00f3w, kt\u00f3rzy s\u0105 ekspertami w znajdowaniu luk w zabezpieczeniach uniwersyteckich baz danych i stron internetowych. Oferujemy nasze us\u0142ugi hakerskie ka\u017cdemu, kto ich potrzebuje i gwarantujemy, \u017ce nasza praca jest najwy\u017cszej jako\u015bci.<\/p>\n<p style=\"text-align: center;\">Hire Anonymous Hackers to profesjonalna us\u0142uga hakerska, kt\u00f3ra pomaga uczniom zmieni\u0107 ich oceny, dokumenty szkolne i transkrypcje uniwersyteckie. Oferujemy r\u00f3wnie\u017c doradztwo w zakresie bezpiecze\u0144stwa dla uniwersytet\u00f3w i firm, aby pom\u00f3c im unikn\u0105\u0107 cyberatak\u00f3w.<\/p>\n<p style=\"text-align: center;\">Oferujemy r\u00f3wnie\u017c systemy wykrywania w\u0142ama\u0144, testy penetracyjne i us\u0142ugi etycznego hakowania. U\u017cywamy tych samych technik, co z\u0142o\u015bliwi hakerzy, ale robimy to w spos\u00f3b etyczny i za zgod\u0105 klienta.<\/p>\n<div class=\"elementor-element elementor-element-f91317e elementor-widget elementor-widget-heading\" data-id=\"f91317e\" data-element_type=\"widget\" data-widget_type=\"heading.default\">\n<div class=\"elementor-widget-container\">\n<h3 class=\"elementor-heading-title elementor-size-default\" style=\"text-align: center;\">Test bezpiecze\u0144stwa witryny<\/h3>\n<p style=\"text-align: center;\">Hire Anonymous Hackers to zesp\u00f3\u0142 profesjonalnych etycznych haker\u00f3w, kt\u00f3rzy \u015bwiadcz\u0105 us\u0142ugi w zakresie testowania bezpiecze\u0144stwa stron internetowych, wykrywania w\u0142ama\u0144 i przeprowadzania test\u00f3w penetracyjnych. Oferujemy r\u00f3wnie\u017c audyty bezpiecze\u0144stwa i analiz\u0119 danych ruchu sieciowego. Naszym celem jest pomoc naszym klientom w poprawie ich stanu bezpiecze\u0144stwa i ochronie ich zasob\u00f3w online.<\/p>\n<p style=\"text-align: center;\">Je\u015bli chodzi o hakowanie, wiele os\u00f3b my\u015bli o z\u0142o\u015bliwych dzia\u0142aniach, takich jak kradzie\u017c czyjej\u015b to\u017csamo\u015bci lub w\u0142amywanie si\u0119 do system\u00f3w komputerowych. Istnieje jednak rosn\u0105ca bran\u017ca profesjonalnych haker\u00f3w, kt\u00f3rzy oferuj\u0105 swoje us\u0142ugi firmom i osobom prywatnym, kt\u00f3re chc\u0105 spenetrowa\u0107 zabezpieczenia ich stron internetowych. Chocia\u017c zatrudnienie hakera mo\u017ce wydawa\u0107 si\u0119 \u0142atwym sposobem na naprawienie problem\u00f3w z bezpiecze\u0144stwem, wa\u017cne jest, aby chroni\u0107 swoj\u0105 baz\u0119 danych przed z\u0142o\u015bliwymi atakami.<\/p>\n<h3 style=\"text-align: center;\">Us\u0142uga hakowania na Facebooku<\/h3>\n<p style=\"text-align: center;\">Martwisz si\u0119 o bezpiecze\u0144stwo swojego konta na Facebooku? Czy chcesz mie\u0107 pewno\u015b\u0107, \u017ce Twoje konto jest bezpieczne? Je\u015bli tak, mo\u017cesz rozwa\u017cy\u0107 zatrudnienie hakera, kt\u00f3ry zhakuje dla ciebie Facebooka. Istnieje wiele r\u00f3\u017cnych us\u0142ug hakerskich, kt\u00f3re oferuj\u0105 tego typu us\u0142ugi i mo\u017ce to by\u0107 \u015bwietny spos\u00f3b na zapewnienie, \u017ce twoje konto jest tak bezpieczne, jak to tylko mo\u017cliwe. Zanim jednak zatrudnisz hakera, wa\u017cne jest, aby zrobi\u0107 rozeznanie i upewni\u0107 si\u0119, \u017ce wybierasz odpowiedni\u0105 us\u0142ug\u0119.<\/p>\n<h3 style=\"text-align: center;\">Wynaj\u0119cie hakera do WhatsApp<\/h3>\n<p style=\"text-align: center;\">Hakerzy mog\u0105 by\u0107 zatrudniani do pomocy w r\u00f3\u017cnych zadaniach, w tym w uzyskiwaniu dost\u0119pu do wiadomo\u015bci WhatsApp. Je\u015bli szukasz kogo\u015b, kto pomo\u017ce ci z hakerem WhatsApp lub je\u015bli chcesz, aby kto\u015b pom\u00f3g\u0142 ci szpiegowa\u0107 wiadomo\u015bci twojego partnera, to haker jest idealnym rozwi\u0105zaniem. Skontaktuj si\u0119 z naszymi hakerami telefon\u00f3w dost\u0119pnymi do wynaj\u0119cia.<\/p>\n<h4 style=\"text-align: center;\">Najwi\u0119ksza pro\u015bba o hakowanie<br \/>\nNiezale\u017cnie od przyczyny, hakowanie mo\u017ce by\u0107 szybkim i \u0142atwym procesem, je\u015bli wiesz, gdzie szuka\u0107.<\/h4>\n<p style=\"text-align: center;\">Us\u0142uga hakowania telefon\u00f3w<br \/>\nUs\u0142uga hakowania na Facebooku<br \/>\nHaker medi\u00f3w spo\u0142eczno\u015bciowych<br \/>\nWynaj\u0119cie hakera do WhatsApp<br \/>\nHakowanie klas szkolnych<br \/>\nHakowanie Instagrama<\/p>\n<p>&nbsp;<\/p>\n<\/div>\n<\/div>\n<p>&nbsp;<\/p>\n<p>&nbsp;<\/p>\n\t\t<\/div>\n\t\t\n<style>\n#col-1300659307 > .col-inner {\n  padding: 50px 20px 0px 20px;\n  margin: -0 0px 0px 0px;\n}\n@media (min-width:550px) {\n  #col-1300659307 > .col-inner {\n    padding: 50px 20px 30px 20px;\n    margin: 0 0px 0px 0px;\n  }\n}\n@media (min-width:850px) {\n  #col-1300659307 > .col-inner {\n    padding: 66px 5% 16px 5%;\n    margin: -135px 0px 0px 0px;\n  }\n}\n<\/style>\n\t<\/div>\n\n\t\n<\/div>","protected":false},"excerpt":{"rendered":"","protected":false},"author":1,"featured_media":819,"parent":0,"menu_order":0,"comment_status":"closed","ping_status":"closed","template":"page-blank.php","meta":{"_acf_changed":false,"footnotes":""},"class_list":["post-14","page","type-page","status-publish","has-post-thumbnail","hentry"],"acf":[],"_links":{"self":[{"href":"https:\/\/hireanonymoushackers.com\/pl\/wp-json\/wp\/v2\/pages\/14","targetHints":{"allow":["GET"]}}],"collection":[{"href":"https:\/\/hireanonymoushackers.com\/pl\/wp-json\/wp\/v2\/pages"}],"about":[{"href":"https:\/\/hireanonymoushackers.com\/pl\/wp-json\/wp\/v2\/types\/page"}],"author":[{"embeddable":true,"href":"https:\/\/hireanonymoushackers.com\/pl\/wp-json\/wp\/v2\/users\/1"}],"replies":[{"embeddable":true,"href":"https:\/\/hireanonymoushackers.com\/pl\/wp-json\/wp\/v2\/comments?post=14"}],"version-history":[{"count":29,"href":"https:\/\/hireanonymoushackers.com\/pl\/wp-json\/wp\/v2\/pages\/14\/revisions"}],"predecessor-version":[{"id":1000,"href":"https:\/\/hireanonymoushackers.com\/pl\/wp-json\/wp\/v2\/pages\/14\/revisions\/1000"}],"wp:featuredmedia":[{"embeddable":true,"href":"https:\/\/hireanonymoushackers.com\/pl\/wp-json\/wp\/v2\/media\/819"}],"wp:attachment":[{"href":"https:\/\/hireanonymoushackers.com\/pl\/wp-json\/wp\/v2\/media?parent=14"}],"curies":[{"name":"wp","href":"https:\/\/api.w.org\/{rel}","templated":true}]}}