{"id":10,"date":"2020-12-16T12:04:19","date_gmt":"2020-12-16T12:04:19","guid":{"rendered":"http:\/\/cocaineforsaleonline.com\/?page_id=10"},"modified":"2024-04-22T20:19:09","modified_gmt":"2024-04-22T20:19:09","slug":"home","status":"publish","type":"page","link":"https:\/\/hireanonymoushackers.com\/pl\/","title":{"rendered":"Strona g\u0142\u00f3wna"},"content":{"rendered":"<div class=\"banner has-hover show-for-small\" id=\"banner-1515798302\">\n          <div class=\"banner-inner fill\">\n        <div class=\"banner-bg fill\" >\n            <div class=\"bg fill bg-fill\"><\/div>\n                                    \n                    <\/div>\n        <div class=\"banner-layers container\">\n            <div class=\"fill banner-link\"><\/div>            \n        <\/div>\n      <\/div>\n\n              <div class=\"height-fix is-invisible\"><\/div>\n            \n<style>\n#banner-1515798302 {\n  background-color: rgb(247, 245, 244);\n}\n<\/style>\n  <\/div>\n\n\n\t<section class=\"section dark\" id=\"section_299995907\">\n\t\t<div class=\"bg section-bg fill bg-fill\" >\n\n\t\t\t\n\t\t\t<div class=\"section-bg-overlay absolute fill\"><\/div><button class=\"scroll-for-more z-5 icon absolute bottom h-center\"><i class=\"icon-angle-down\" style=\"font-size:42px;\"><\/i><\/button>\n\t\t\t\n\n\t\t<\/div>\n\n\t\t<div class=\"section-content relative\">\n\t\t\t\n<div class=\"row align-middle\"  id=\"row-1908675049\">\n\n\t<div id=\"col-1463260792\" class=\"col medium-8 small-12 large-8\"  >\n\t\t<div class=\"col-inner\"  >\n\t\t\t\n\t\t\t\n<h6 class=\"uppercase\">Wynaj\u0119cie hakera<\/h6>\n<h1 style=\"font-size: 350%; line-height: 100%;\">Zatrudnianie anonimowych haker\u00f3w<\/h1>\n<p>Anonimowi hakerzy do wynaj\u0119cia<\/p>\n<h1 style=\"font-size: 200%;\">Oficjalna strona internetowa Anonimowych Haker\u00f3w<\/h1>\n<div class=\"row row-collapse\"  id=\"row-448477959\">\n\n\t<div id=\"col-880414738\" class=\"col medium-6 small-12 large-6\"  >\n\t\t<div class=\"col-inner\"  >\n\t\t\t\n\t\t\t\n<a data-animate=\"blurIn\" href=\"https:\/\/hireanonymoushackers.com\/pl\/zatrudnic-hakera\/\" target=\"_self\" class=\"button secondary is-large lowercase expand\"  style=\"border-radius:4px;\">\n  <i class=\"icon-star\" ><\/i>  <span>Kontakt<\/span>\n  <\/a>\n\n\t\t<\/div>\n\t\t\t<\/div>\n\n\t\n\n<style>\n#row-448477959 > .col > .col-inner {\n  padding: 0px 5px 0px 5px;\n}\n<\/style>\n<\/div>\n\t\t<\/div>\n\t\t\t<\/div>\n\n\t\n<\/div>\n\t\t<\/div>\n\n\t\t\n<style>\n#section_299995907 {\n  padding-top: 60px;\n  padding-bottom: 60px;\n  min-height: 600px;\n  background-color: rgb(255,255,255);\n}\n#section_299995907 .section-bg-overlay {\n  background-color: rgb(45, 78, 103);\n}\n#section_299995907 .section-bg.bg-loaded {\n  background-image: 28;\n}\n@media (min-width:550px) {\n  #section_299995907 .section-bg-overlay {\n    background-color: rgba(0, 0, 0, 0.5);\n  }\n}\n@media (min-width:850px) {\n  #section_299995907 .section-bg-overlay {\n    background-color: rgba(0,0,0,.5);\n  }\n}\n<\/style>\n\t<\/section>\n\t\n\t<section class=\"section\" id=\"section_1895261305\">\n\t\t<div class=\"bg section-bg fill bg-fill  bg-loaded\" >\n\n\t\t\t\n\t\t\t\n\t\t\t\n\n\t\t<\/div>\n\n\t\t<div class=\"section-content relative\">\n\t\t\t\t\t<\/div>\n\n\t\t\n<style>\n#section_1895261305 {\n  padding-top: 0px;\n  padding-bottom: 0px;\n}\n<\/style>\n\t<\/section>\n\t\n\t<div id=\"gap-114377576\" class=\"gap-element clearfix\" style=\"display:block; height:auto;\">\n\t\t\n<style>\n#gap-114377576 {\n  padding-top: 59px;\n}\n<\/style>\n\t<\/div>\n\t\n<div class=\"row\"  id=\"row-1603889114\"><\/div>\n\n\t<div id=\"col-1353465851\" class=\"col small-12 large-12\"  >\n\t\t<div class=\"col-inner\"  >\n\t\t\t\n\t\t\t\t\t<\/div>\n\t\t\t<\/div>\n\n\t\n<h2 style=\"text-align: center;\">ZATRUDNIANIE ANONIMOWYCH HAKER\u00d3W<\/h2>\n<p style=\"text-align: center;\">Zatrudnienie profesjonalnego hakera jest trudne w dzisiejszych czasach, ale dzi\u0119ki Hireanonymoushackers mo\u017cesz po\u0142\u0105czy\u0107 si\u0119 ze sprawdzonymi wykonawcami w \u015bwiecie haker\u00f3w w ci\u0105gu kilku sekund. Czy mia\u0142e\u015b wiele trudno\u015bci ze znalezieniem odpowiedniego hakera do swoich projekt\u00f3w hakerskich? Znajd\u017a odpowiedniego hakera ju\u017c dzi\u015b na <a href=\"https:\/\/hireanonymoushackers.com\/pl\/\">Hireanonymoushackers.com<\/a> z wysoko wykwalifikowanymi, \u015bwiatowej klasy profesjonalnymi hakerami w gotowo\u015bci, aby pom\u00f3c Ci osi\u0105gn\u0105\u0107 sukces w Twoim projekcie hakerskim.<\/p>\n<h3 style=\"text-align: center;\">Niezawodni hakerzy<\/h3>\n<p style=\"text-align: center;\">Nasza nowo wprowadzona us\u0142uga Escrow chroni r\u00f3wnie\u017c przed wszelkimi formami luk w zabezpieczeniach podczas dokonywania p\u0142atno\u015bci na rzecz naszych haker\u00f3w. Twoja p\u0142atno\u015b\u0107 b\u0119dzie bezpiecznie przechowywana w us\u0142udze escrow, kt\u00f3ra ma ostateczne prawo do przechowywania i wyp\u0142acania p\u0142atno\u015bci i zrobi to tylko za twoj\u0105 zgod\u0105, gdy b\u0119dziesz zadowolony z pracy dostarczonej ci przez przydzielonego hakera.<\/p>\n<p><img decoding=\"async\" class=\"wp-image-795 lazyload\" data-src=\"https:\/\/hireanonymoushackers.io\/wp-content\/uploads\/2023\/06\/5-star-300x158.jpg\" alt=\"Anonimowi hakerzy\" width=\"30\" height=\"16\" data-srcset=\"https:\/\/hireanonymoushackers.com\/wp-content\/uploads\/2023\/06\/5-star-300x158.jpg 300w, https:\/\/hireanonymoushackers.com\/wp-content\/uploads\/2023\/06\/5-star-1024x539.jpg 1024w, https:\/\/hireanonymoushackers.com\/wp-content\/uploads\/2023\/06\/5-star-768x404.jpg 768w, https:\/\/hireanonymoushackers.com\/wp-content\/uploads\/2023\/06\/5-star-600x316.jpg 600w, https:\/\/hireanonymoushackers.com\/wp-content\/uploads\/2023\/06\/5-star.jpg 1520w\" data-sizes=\"(max-width: 30px) 100vw, 30px\" src=\"data:image\/svg+xml;base64,PHN2ZyB3aWR0aD0iMSIgaGVpZ2h0PSIxIiB4bWxucz0iaHR0cDovL3d3dy53My5vcmcvMjAwMC9zdmciPjwvc3ZnPg==\" style=\"--smush-placeholder-width: 30px; --smush-placeholder-aspect-ratio: 30\/16;\" \/><\/p>\n<h3 style=\"text-align: center;\">WYNAJ\u0118CIE HAKERA<\/h3>\n<p style=\"text-align: center;\">Jeste\u015bmy zespo\u0142em profesjonalnych haker\u00f3w z do\u015bwiadczeniem w r\u00f3\u017cnych dziedzinach. Od ponad 7 lat \u015bwiadczymy us\u0142ugi hakerskie osobom prywatnym i prywatnym instytucjom, oferuj\u0105c wysokiej jako\u015bci, dyskretne us\u0142ugi hakerskie, a teraz oferujemy nasze us\u0142ugi Tobie. Czy pr\u00f3bowa\u0142e\u015b ju\u017c kupi\u0107 us\u0142ugi hakerskie w ciemnej sieci? Nie jeste\u015b zadowolony z rezultat\u00f3w? Tylko puste obietnice, ale nikt nie wykonuje swojej pracy?<\/p>\n<p style=\"text-align: center;\">W takim razie powiniene\u015b wypr\u00f3bowa\u0107 Hire Hackers, najbardziej zaufanych haker\u00f3w do za\u0142atwiania spraw. W przeciwie\u0144stwie do innych, nasze ceny nie s\u0105 najta\u0144sze, ale je\u015bli nie mo\u017cemy wykona\u0107 pracy, otrzymasz pe\u0142ny zwrot pieni\u0119dzy<a href=\"https:\/\/duckduckgo.com\/\" target=\"_blank\" rel=\"noopener\">.<\/a><\/p>\n<h3 style=\"text-align: center;\"><span class=\"tagify__tag-text\" contenteditable=\"true\">Hakerzy do wynaj\u0119cia<\/span><\/h3>\n<p style=\"text-align: center;\">Hire Anonymous Hackers to profesjonalna grupa hakerska dost\u0119pna online, aby zapewni\u0107 profesjonalne i unikalne us\u0142ugi naszym sympatycznym klientom na ca\u0142ym \u015bwiecie. Wynajem haker\u00f3w uk.<\/p>\n<p style=\"text-align: center;\">W Hire Anonymous Hackers dostarczanie wykracza poza mo\u017cliwe rozwi\u0105zania, jeste\u015bmy znani z najlepszych dostawc\u00f3w us\u0142ug hakerskich przez lata dzia\u0142alno\u015bci w tej dziedzinie biznesu. Hakerzy black hat do wynaj\u0119cia.<\/p>\n<p><img decoding=\"async\" class=\"wp-image-803 aligncenter lazyload\" data-src=\"https:\/\/hireanonymoushackers.io\/wp-content\/uploads\/2023\/06\/Hire-Hackers-Services-300x225.jpg\" alt=\"Wynajem us\u0142ug hakerskich\" width=\"59\" height=\"44\" data-srcset=\"https:\/\/hireanonymoushackers.com\/wp-content\/uploads\/2023\/06\/Hire-Hackers-Services-300x225.jpg 300w, https:\/\/hireanonymoushackers.com\/wp-content\/uploads\/2023\/06\/Hire-Hackers-Services.jpg 350w\" data-sizes=\"(max-width: 59px) 100vw, 59px\" src=\"data:image\/svg+xml;base64,PHN2ZyB3aWR0aD0iMSIgaGVpZ2h0PSIxIiB4bWxucz0iaHR0cDovL3d3dy53My5vcmcvMjAwMC9zdmciPjwvc3ZnPg==\" style=\"--smush-placeholder-width: 59px; --smush-placeholder-aspect-ratio: 59\/44;\" \/><\/p>\n<h3 style=\"text-align: center;\">Godni zaufania certyfikowani etyczni hakerzy do wynaj\u0119cia<\/h3>\n<p style=\"text-align: center;\">Nasi hakerzy nie urodzili si\u0119 hakerami, wi\u0119kszo\u015b\u0107 naszych haker\u00f3w pracowa\u0142a przez ponad 10 lat dla r\u00f3\u017cnych firm w dziedzinie telekomunikacji, cyberbezpiecze\u0144stwa, zarz\u0105dzania serwerami i wi\u0119kszo\u015b\u0107, je\u015bli nie wszyscy, maj\u0105 do\u015bwiadczenie w pracy dla firm, kt\u00f3re buduj\u0105 r\u00f3\u017cne konfiguracje bezpiecze\u0144stwa dla r\u00f3\u017cnych aplikacji.<\/p>\n<p style=\"text-align: center;\">Praca dla takich firm daje naszym hakerom przewag\u0119 i pe\u0142ny wgl\u0105d w to, jak dzia\u0142aj\u0105 zabezpieczenia r\u00f3\u017cnych aplikacji i sprz\u0119tu.<\/p>\n<h3 style=\"text-align: center;\"><span class=\"tagify__tag-text\" contenteditable=\"true\">Wynajem hakera<\/span><\/h3>\n<p style=\"text-align: center;\">Oferujemy najwy\u017cszej jako\u015bci profesjonalne us\u0142ugi hakerskie, kt\u00f3re nie mog\u0105 si\u0119 r\u00f3wna\u0107 z innymi hakerami do wynaj\u0119cia. Nasi profesjonalni hakerzy maj\u0105 najbardziej zaawansowan\u0105 technik\u0119 hakowania, aby w\u0142ama\u0107 si\u0119 do Facebooka, Snapchata, Whatsapp, Twittera, Instagrama, kont e-mail, Gmaila, smartfona, strony internetowej, bazy danych i wielu innych. Mo\u017cesz r\u00f3wnie\u017c poprosi\u0107 o niestandardowy hack. W dzisiejszych czasach zatrudnienie profesjonalnego hakera jest trudne. Mo\u017cesz zosta\u0107 oszukany za niew\u0142a\u015bciwe us\u0142ugi hakerskie lub przez fa\u0142szywych haker\u00f3w w Internecie. Nie daj si\u0119 zwie\u015b\u0107 oszustom, kt\u00f3rzy reklamuj\u0105 fa\u0142szywe profesjonalne us\u0142ugi hakerskie.<\/p>\n<h3 style=\"text-align: center;\"><span class=\"tagify__tag-text\" contenteditable=\"true\">Profesjonalne us\u0142ugi hakerskie<\/span><\/h3>\n<p style=\"text-align: center;\">Anonymous Hackers to najbardziej niezawodna platforma hakerska na \u015bwiecie, na kt\u00f3rej mo\u017cna spotka\u0107 profesjonalnych haker\u00f3w \u015bwiadcz\u0105cych us\u0142ugi hakerskie. Jeste\u015bmy oddani i pracujemy, aby spe\u0142ni\u0107 Twoje wymagania hakerskie za po\u015brednictwem naszych haker\u00f3w w ciemnej sieci. Zapewniamy r\u00f3wnie\u017c 24-godzinne us\u0142ugi hakerskie, aby upewni\u0107 si\u0119, \u017ce osi\u0105gniesz swoje cele bez \u017cadnych op\u00f3\u017anie\u0144. Hakowanie serwer\u00f3w uniwersyteckich.<\/p>\n<h4 style=\"text-align: center;\">Wynaj\u0119cie hakera do zhakowania strony internetowej<\/h4>\n<p style=\"text-align: center;\">Jako wiod\u0105ca platforma hakerska jeste\u015bmy dumni z obs\u0142ugi naszych klient\u00f3w z ca\u0142ego \u015bwiata. Nasi certyfikowani hakerzy s\u0105 nasz\u0105 si\u0142\u0105, a zadowolenie klienta jest naszym najwy\u017cszym priorytetem. Mamy ekspert\u00f3w w r\u00f3\u017cnych dziedzinach hakowania i obiecujemy zawsze zapewni\u0107 szybk\u0105 dostaw\u0119 projektu. Dzi\u0119ki szerokiej gamie rozwi\u0105za\u0144 hakerskich torujemy drog\u0119 do upragnionego sukcesu. Hakowanie uniwersyteckiej bazy danych.<\/p>\n<h3 style=\"text-align: center;\">Anonimowi hakerzy<\/h3>\n<p style=\"text-align: center;\">Anonymous Hackers to zesp\u00f3\u0142 anonimowych haker\u00f3w oferuj\u0105cych profesjonalne us\u0142ugi hakerskie. Zatrudnij hakera do hakowania Facebooka, poczty e-mail, stron internetowych, baz danych lub telefon\u00f3w. Jeste\u015bmy zespo\u0142em wysoko wykwalifikowanych i profesjonalnych haker\u00f3w, kt\u00f3rzy s\u0105 w stanie w\u0142ama\u0107 si\u0119 na dowolne konta spo\u0142eczno\u015bciowe, konta e-mail, telefon, stron\u0119 internetow\u0105 lub baz\u0119 danych. 100% gwarantuje naszym klientom prywatno\u015b\u0107 i poufno\u015b\u0107. Wynajem hakera na Facebooka.<\/p>\n<p><img decoding=\"async\" class=\"wp-image-795 aligncenter lazyload\" data-src=\"https:\/\/hireanonymoushackers.io\/wp-content\/uploads\/2023\/06\/5-star-300x158.jpg\" alt=\"Anonimowi hakerzy\" width=\"37\" height=\"19\" data-srcset=\"https:\/\/hireanonymoushackers.com\/wp-content\/uploads\/2023\/06\/5-star-300x158.jpg 300w, https:\/\/hireanonymoushackers.com\/wp-content\/uploads\/2023\/06\/5-star-1024x539.jpg 1024w, https:\/\/hireanonymoushackers.com\/wp-content\/uploads\/2023\/06\/5-star-768x404.jpg 768w, https:\/\/hireanonymoushackers.com\/wp-content\/uploads\/2023\/06\/5-star-600x316.jpg 600w, https:\/\/hireanonymoushackers.com\/wp-content\/uploads\/2023\/06\/5-star.jpg 1520w\" data-sizes=\"(max-width: 37px) 100vw, 37px\" src=\"data:image\/svg+xml;base64,PHN2ZyB3aWR0aD0iMSIgaGVpZ2h0PSIxIiB4bWxucz0iaHR0cDovL3d3dy53My5vcmcvMjAwMC9zdmciPjwvc3ZnPg==\" style=\"--smush-placeholder-width: 37px; --smush-placeholder-aspect-ratio: 37\/19;\" \/><\/p>\n<h3 style=\"text-align: center;\">Wynajem us\u0142ug hakerskich<\/h3>\n<p style=\"text-align: center;\">Nasi hakerzy do wynaj\u0119cia oferuj\u0105 szeroki zakres profesjonalnych us\u0142ug hakerskich, a naszym celem jest zapewnienie wszelkiego rodzaju zabezpiecze\u0144 online dla naszych cennych klient\u00f3w.<br \/>\nZatrudnij hakera do wszystkich swoich potrzeb hakerskich. Wynaj\u0119cie hakera do zmiany ocen<\/p>\n<h3 style=\"text-align: center;\">LISTA OFEROWANYCH PRZEZ NAS US\u0141UG<\/h3>\n<p style=\"text-align: center;\">\u2727 Hakowanie i kontrola poczty, pocz\u0105wszy od poczty gmail, poczty yahoo, profesjonalnych wiadomo\u015bci e-mail i #8230;.do nawet zabezpieczonych wiadomo\u015bci e-mail z 4096-bitowym szyfrowaniem<br \/>\njailbreaking\/hackowanie komputer\u00f3w (windows, mac, dystrybucje linuxa...)<br \/>\nZmiana stopnia<br \/>\nNumer telefonu Audyt<br \/>\n\u2727 Pe\u0142ny pakiet, dost\u0119p do osobistych lub firmowych urz\u0105dze\u0144 i kont oraz wyszukiwanie potrzebnych danych.<br \/>\nRozliczanie d\u0142ug\u00f3w<\/p>\n<p style=\"text-align: center;\">\u2727 W\u0142amanie na stron\u0119\/administratora php (mo\u017cemy da\u0107 pe\u0142ny dost\u0119p lub wykra\u015b\u0107 dowolny log lub informacje)<br \/>\n\u2727 Paszport, identyfikatory lub certyfikaty, kt\u00f3re mog\u0105 dzia\u0142a\u0107 jak prawdziwe<br \/>\nGeolokalizator\/\u015bledzenie numeru telefonu<br \/>\nSzpiegostwo gospodarcze i szpiegostwo korporacyjne<br \/>\nZ\u0142apanie zdradzaj\u0105cego partnera \/ monitorowanie zdradzaj\u0105cego partnera<br \/>\nMobilne hakowanie \/ mobilny dost\u0119p zdalny<\/p>\n<p style=\"text-align: center;\">\u2727 Hakowanie kont w mediach spo\u0142eczno\u015bciowych lub klonowanie dost\u0119pu<br \/>\nMo\u017cemy pom\u00f3c ci namierzy\u0107 ka\u017cdego (po prostu podaj nam wszelkie wa\u017cne informacje o swojej ofierze).<br \/>\nProwadzenie kampanii w mediach spo\u0142eczno\u015bciowych<br \/>\nPorno zemsta<br \/>\nDost\u0119p do rz\u0105dowej i firmowej bazy danych<\/p>\n<p style=\"text-align: center;\">Odzyskiwanie dowod\u00f3w<br \/>\nCzyste rejestry karne<br \/>\nHakowanie gier<br \/>\nAudyt docelowy<br \/>\nJe\u015bli potrzebujesz r\u00f3wnie\u017c wynaj\u0105\u0107 hakera od nas do u\u017cytku prywatnego (pobieramy op\u0142at\u0119 za godziny wykonanej pracy);<\/p>\n<h3 style=\"text-align: center;\">Co sprawia, \u017ce jeste\u015bmy najlepszym wyborem<\/h3>\n<p style=\"text-align: center;\">Z ogromn\u0105 przyjemno\u015bci\u0105 i dum\u0105 mo\u017cemy powiedzie\u0107, \u017ce nasze us\u0142ugi nie maj\u0105 sobie r\u00f3wnych. Zesp\u00f3\u0142 haker\u00f3w sk\u0142ada si\u0119 z najbardziej profesjonalnych, wykwalifikowanych i do\u015bwiadczonych haker\u00f3w, kt\u00f3rzy s\u0105 w stanie wykona\u0107 ka\u017cde zadanie<\/p>\n<p style=\"text-align: center;\">A to jeszcze nie koniec! Ten zesp\u00f3\u0142 haker\u00f3w jest ca\u0142kowicie i \u015bci\u015ble etyczny oraz<br \/>\ncertyfikowane, wi\u0119c je\u015bli obawiasz si\u0119 k\u0142opot\u00f3w podczas korzystania z naszych us\u0142ug, b\u0105d\u017a<br \/>\nzapewniony!<\/p>\n<h3 style=\"text-align: center;\">Wynajem profesjonalnych haker\u00f3w<\/h3>\n<p style=\"text-align: center;\">Om\u00f3wi\u0142e\u015b ju\u017c niezliczon\u0105 liczb\u0119 us\u0142ug, za po\u015brednictwem kt\u00f3rych mo\u017cemy zaoferowa\u0107 nasze<br \/>\npomoc. Tak wi\u0119c, niezale\u017cnie od skali Twoich problem\u00f3w, mo\u017cesz znale\u017a\u0107 rozwi\u0105zanie dla<br \/>\nka\u017cdy z nich na jednej platformie.<br \/>\nNiezale\u017cnie od tego, czy chodzi o odzyskiwanie utraconych hase\u0142, czy transakcje kryptowalutowe, mamy dla Ciebie rozwi\u0105zanie.<br \/>\npokryte.<\/p>\n<p>&nbsp;<\/p>\n<h3 style=\"text-align: center;\">Czy wynaj\u0119cie hakera online jest bezpieczne?<\/h3>\n<p style=\"text-align: center;\">Tak, wynaj\u0119cie hakera online od nas jest bezpieczne. Jeste\u015bmy profesjonaln\u0105 grup\u0105 haker\u00f3w black hat. Zbudowali\u015bmy zaufanie do naszych cenionych klient\u00f3w i nie mamy \u017cadnych szans na granie z nimi w jakiekolwiek gry. Wiele os\u00f3b przychodzi do nas z r\u00f3\u017cnymi potrzebami, kt\u00f3re mog\u0105 obejmowa\u0107 profesjonalne us\u0142ugi hakerskie, potrzeby osobiste, sprawy zwi\u0105zane z firm\u0105, a tak\u017ce sprawy polityczne. Nie zawodzimy w \u017cadnej sytuacji i je\u015bli czujesz, \u017ce potrzebujesz profesjonalnej pomocy w zakresie hase\u0142 e-mail, systemu, a tak\u017ce hakowania stron internetowych, nie wahaj si\u0119.<\/p>\n<h3 style=\"text-align: center;\">Profesjonalni hakerzy do wynaj\u0119cia<\/h3>\n<p style=\"text-align: center;\">Niekt\u00f3rzy z naszych klient\u00f3w korzystaj\u0105 z naszych us\u0142ug, aby przetestowa\u0107 si\u0142\u0119 swoich sieci i jest to co\u015b, co robimy najlepiej jak potrafimy. Je\u015bli chcesz wynaj\u0105\u0107 hakera do zhakowania bazy danych strony internetowej lub telefonu, odzyskania utraconych \u015brodk\u00f3w lub has\u0142a e-mail za korzystn\u0105 op\u0142at\u0105, skontaktuj si\u0119 z nami natychmiast. Nasze stawki s\u0105 rozs\u0105dne i akceptujemy bitcoiny Proces jest bardzo prosty, poniewa\u017c klient wysy\u0142a nam szczeg\u00f3\u0142y lub rzeczy, kt\u00f3re musi zosta\u0107 zhakowane, wp\u0142aca 50% p\u0142atno\u015bci i p\u0142aci pozosta\u0142e 50% po zako\u0144czeniu hakowania.<\/p>\n<h3 style=\"text-align: center;\">Zweryfikowani hakerzy<\/h3>\n<p>Jeste\u015bmy etycznymi hakerami i prywatnymi detektywami do Twojej dyspozycji. Ka\u017cdy cz\u0142onek naszego zespo\u0142u ma du\u017ce do\u015bwiadczenie w r\u00f3\u017cnych niszach. W naszym zespole mamy specjalist\u00f3w ds. kryminalistyki cyfrowej, certyfikowanych etycznych haker\u00f3w, in\u017cynier\u00f3w komputerowych, ekspert\u00f3w ds. cyberbezpiecze\u0144stwa, prywatnych detektyw\u00f3w i nie tylko. Naszym celem jest sprawienie, aby Twoje cyfrowe \u017cycie by\u0142o bezpieczne i bezproblemowe.<\/p>\n<h3 style=\"text-align: center;\">Etyczni hakerzy<\/h3>\n<p>Ka\u017cdego dnia setki i tysi\u0105ce ludzi na \u015bwiecie pada ofiar\u0105 w\u0142ama\u0144 na konta w mediach spo\u0142eczno\u015bciowych, takich jak Facebook, Snapchat, Instagram, e-maile, telefony kom\u00f3rkowe, z\u0142a reputacja online, kradzie\u017c to\u017csamo\u015bci i wiele innych. Kradzie\u017c to\u017csamo\u015bci mo\u017ce by\u0107 wykorzystana do nieuczciwego ubiegania si\u0119 o kredyt, konta spo\u0142eczno\u015bciowe, sk\u0142adanie wniosk\u00f3w podatkowych, medycznych, ubezpieczeniowych itp. My, HACKERS FOR HIRE (dot) io, mo\u017cemy pom\u00f3c w obronie przed wszystkimi wy\u017cej wymienionymi zagro\u017ceniami.<\/p>\n<h3 style=\"text-align: center;\">Us\u0142ugi hakerskie<\/h3>\n<p>Pomagamy chroni\u0107 dane, konta spo\u0142eczno\u015bciowe, telefony, komputery i to\u017csamo\u015b\u0107, a tak\u017ce mamy klient\u00f3w, kt\u00f3rzy chc\u0105 wy\u015bledzi\u0107 hakera, zlokalizowa\u0107 kogo\u015b, \u015bledztwo w sprawie zdradzaj\u0105cego ma\u0142\u017conka, odzyska\u0107 utracone dane, zarz\u0105dza\u0107 reputacj\u0105 online itp. Jeste\u015bmy tutaj, aby zapewni\u0107 rozwi\u0105zania dla wszystkich takich potrzeb.<\/p>\n<div class=\"container section-title-container\" ><h3 class=\"section-title section-title-center\"><b><\/b><span class=\"section-title-main\" style=\"font-size:109%;\">ANONIMOWY HAKER<\/span><b><\/b><\/h3><\/div>\n[ux_products style=&#8221;normal&#8221; type=&#8221;row&#8221; equalize_box=&#8221;true&#8221; cat=&#8221;19,17,18&#8243; orderby=&#8221;rand&#8221; image_hover=&#8221;zoom&#8221; image_hover_alt=&#8221;zoom-long&#8221; text_padding=&#8221;0px 0px 0px 0px&#8221;]","protected":false},"excerpt":{"rendered":"<p>HIRE ANONYMOUS HACKERS Hiring a Professional hacker is hard to come by these days but with Hireanonymoushackers, you can connect with proven performers in the hacking world in a matter of seconds. Have you been having lots of difficulties getting the right hacker for your hacking projects? Find the right hacker today on Hireanonymoushackers.com with [&#8230;]","protected":false},"author":1,"featured_media":782,"parent":0,"menu_order":0,"comment_status":"closed","ping_status":"closed","template":"page-blank.php","meta":{"_acf_changed":false,"footnotes":""},"class_list":["post-10","page","type-page","status-publish","has-post-thumbnail","hentry"],"acf":[],"_links":{"self":[{"href":"https:\/\/hireanonymoushackers.com\/pl\/wp-json\/wp\/v2\/pages\/10","targetHints":{"allow":["GET"]}}],"collection":[{"href":"https:\/\/hireanonymoushackers.com\/pl\/wp-json\/wp\/v2\/pages"}],"about":[{"href":"https:\/\/hireanonymoushackers.com\/pl\/wp-json\/wp\/v2\/types\/page"}],"author":[{"embeddable":true,"href":"https:\/\/hireanonymoushackers.com\/pl\/wp-json\/wp\/v2\/users\/1"}],"replies":[{"embeddable":true,"href":"https:\/\/hireanonymoushackers.com\/pl\/wp-json\/wp\/v2\/comments?post=10"}],"version-history":[{"count":54,"href":"https:\/\/hireanonymoushackers.com\/pl\/wp-json\/wp\/v2\/pages\/10\/revisions"}],"predecessor-version":[{"id":876,"href":"https:\/\/hireanonymoushackers.com\/pl\/wp-json\/wp\/v2\/pages\/10\/revisions\/876"}],"wp:featuredmedia":[{"embeddable":true,"href":"https:\/\/hireanonymoushackers.com\/pl\/wp-json\/wp\/v2\/media\/782"}],"wp:attachment":[{"href":"https:\/\/hireanonymoushackers.com\/pl\/wp-json\/wp\/v2\/media?parent=10"}],"curies":[{"name":"wp","href":"https:\/\/api.w.org\/{rel}","templated":true}]}}