{"id":14,"date":"2020-12-16T12:05:52","date_gmt":"2020-12-16T12:05:52","guid":{"rendered":"http:\/\/cocaineforsaleonline.com\/?page_id=14"},"modified":"2025-11-16T08:59:02","modified_gmt":"2025-11-16T08:59:02","slug":"samdyti-isilauzeli","status":"publish","type":"page","link":"https:\/\/hireanonymoushackers.com\/lt\/samdyti-isilauzeli\/","title":{"rendered":"Susisiekite su"},"content":{"rendered":"<div class=\"row row-collapse row-full-width\"  id=\"row-118999585\">\n\n\t<div id=\"col-1677545277\" class=\"col small-12 large-12\"  >\n\t\t<div class=\"col-inner\"  >\n\t\t\t\n\t\t\t\n\t<section class=\"section\" id=\"section_1501370637\">\n\t\t<div class=\"bg section-bg fill bg-fill\" >\n\n\t\t\t\n\t\t\t<div class=\"section-bg-overlay absolute fill\"><\/div>\n\t\t\t\n\n\t\t<\/div>\n\n\t\t<div class=\"section-content relative\">\n\t\t\t\n<div class=\"row row-collapse align-center\" style=\"max-width:\" id=\"row-39130243\">\n\n\t<div id=\"col-851701266\" class=\"col small-12 large-12\"  >\n\t\t<div class=\"col-inner text-center dark\"  >\n\t\t\t\n\t\t\t\n<h1><span style=\"font-size: 250%;\">Susisiekite su<\/span><\/h1>\n<p class=\"lead\"><span style=\"font-size: 120%;\">Si\u0173skite mums \u017einut\u0119<\/span><\/p>\n\t\t<\/div>\n\t\t\n<style>\n#col-851701266 > .col-inner {\n  padding: 100px 20px 200px 0px;\n}\n@media (min-width:550px) {\n  #col-851701266 > .col-inner {\n    padding: 100px 0px 200px 0px;\n  }\n}\n<\/style>\n\t<\/div>\n\n\t\n<\/div>\n\t\t<\/div>\n\n\t\t\n<style>\n#section_1501370637 {\n  padding-top: 0px;\n  padding-bottom: 0px;\n  min-height: 0px;\n}\n#section_1501370637 .section-bg-overlay {\n  background-color: rgba(0, 0, 0, 0.12);\n}\n#section_1501370637 .section-bg.bg-loaded {\n  background-image: 28;\n}\n#section_1501370637 .section-bg {\n  background-position: 55% 100%;\n}\n@media (min-width:550px) {\n  #section_1501370637 {\n    padding-top: 0px;\n    padding-bottom: 0px;\n  }\n  #section_1501370637 .section-bg-overlay {\n    background-color: rgba(0, 0, 0, 0.21);\n  }\n}\n@media (min-width:850px) {\n  #section_1501370637 {\n    padding-top: 100px;\n    padding-bottom: 100px;\n  }\n  #section_1501370637 .section-bg-overlay {\n    background-color: rgba(0,0,0,.5);\n  }\n}\n<\/style>\n\t<\/section>\n\t\n\t\t<\/div>\n\t\t\n<style>\n#col-1677545277 > .col-inner {\n  padding: 0px 30px 0px 30px;\n}\n<\/style>\n\t<\/div>\n\n\t\n<\/div>\n<div class=\"row row-large\" style=\"max-width:1400px\" id=\"row-527038290\">\n\n\t<div id=\"col-494050781\" class=\"col small-12 large-12\"  >\n\t\t<div class=\"col-inner\" style=\"background-color:rgb(255, 255, 255);\" >\n\t\t\t\n\t\t\t\n<div class=\"row row-collapse row-full-width\"  id=\"row-343529794\">\n<style>\n#row-343529794 > .col > .col-inner {\n  padding: 0px 15px 0px 15px;\n}\n<\/style>\n<\/div>\n\n\t<div id=\"col-787575344\" class=\"col medium-12 small-12 large-6\"  >\n\t\t<div class=\"col-inner\"  >\n\t\t\t\n\t\t\t\t\t<\/div>\n\t\t\n<style>\n#col-787575344 > .col-inner {\n  padding: 0px 0px 0px 20px;\n}\n<\/style>\n\t<\/div>\n\n\t\n<h2><span style=\"font-size: 120%;\">Susisiekite su mumis<\/span><\/h2>\n<p><strong>Email:dk8ayz@proton.me<\/strong><\/p>\n\t<div id=\"gap-1848103545\" class=\"gap-element clearfix\" style=\"display:block; height:auto;\">\n\t\t\n<style>\n#gap-1848103545 {\n  padding-top: 20px;\n}\n@media (min-width:550px) {\n  #gap-1848103545 {\n    padding-top: 20px;\n  }\n}\n@media (min-width:850px) {\n  #gap-1848103545 {\n    padding-top: 30px;\n  }\n}\n<\/style>\n\t<\/div>\n\t\n<div class=\"row\"  id=\"row-1544618294\"><\/div>\n\n\t<div id=\"col-38051708\" class=\"col medium-6 small-12 large-6\"  >\n\t\t<div class=\"col-inner\"  >\n\t\t\t\n\t\t\t\t\t<\/div>\n\t\t\t<\/div>\n\n\t\n<p>&nbsp;<\/p>\n<h2 style=\"text-align: center;\">Samdyti \u012fsilau\u017e\u0117l\u012f<\/h2>\n<div class=\"elementor-element elementor-element-ea57f42 elementor-widget elementor-widget-text-editor\" data-id=\"ea57f42\" data-element_type=\"widget\" data-widget_type=\"text-editor.default\">\n<div class=\"elementor-widget-container\">\"Hire Anonymous Hackers\" - tai technologijomis paremta technin\u0117 pagalba, kuri pad\u0117jo savo klientams suteikti geriausi\u0105 klient\u0173 patirt\u012f. Teikiame \u012fvairias paslaugas, kurios apima: \u012fsilau\u017eim\u0105 \u012f mobil\u0173j\u012f telefon\u0105, tekstini\u0173 \u017einu\u010di\u0173 siuntim\u0105 ar elektroninio pa\u0161to siuntim\u0105 su \u0161nipin\u0117jimo programine \u012franga. \u0161ios \u012fmon\u0117s tikslas - palengvinti gyvenim\u0105 \u017emon\u0117ms, kurie susiduria su santyki\u0173 problema.<\/div>\n<div><\/div>\n<\/div>\n<div class=\"elementor-element elementor-element-ed07b83 elementor-widget elementor-widget-text-editor\" data-id=\"ed07b83\" data-element_type=\"widget\" data-widget_type=\"text-editor.default\">\n<div class=\"elementor-widget-container\">Esame geriausi \u012fsilau\u017eimo ekspertai, kuriuos galite pasamdyti pagal savo konkre\u010dius poreikius. Nuo kuklaus kieno nors telefono steb\u0117jimo iki piktavali\u0161ko \u012frodym\u0173 sunaikinimo. Mes jums pad\u0117sime su geriausiais \u012fsilau\u017e\u0117liais!<\/div>\n<\/div>\n<h3 style=\"text-align: center;\">Kaip pasamdyti \u012fsilau\u017e\u0117l\u012f<\/h3>\n<p>Norite pigiai pasamdyti \u012fsilau\u017e\u0117l\u012f i\u0161 m\u016bs\u0173 \u012fsilau\u017e\u0117li\u0173 kolekcijos? Pasakykite mums, ko jums reikia: Papras\u010diausiai apib\u016bdinkite, koki\u0173 \u012fsilau\u017eimo paslaug\u0173 jums reikia. Mes surasime tinkam\u0105 \u012fsilau\u017e\u0117l\u012f \u0161iam darbui. Suderinsime jus su sertifikuotu etikos \u012fsilau\u017e\u0117liu, turin\u010diu reikiam\u0173 \u012fg\u016bd\u017ei\u0173 ir patirties darbui atlikti. Su mumis j\u016bs\u0173 duomenys yra saug\u016bs. Visi m\u016bs\u0173 \u012fsilau\u017e\u0117liai yra auk\u0161tos kvalifikacijos profesionalai, kurie laikosi grie\u017et\u0173 etikos standart\u0173. Kreipkit\u0117s \u012f mus m\u016bs\u0173 <a href=\"https:\/\/hireanonymoushackers.com\/lt\/samdyti-isilauzeli\/\">Kontaktinis puslapis<\/a><\/p>\n<div class=\"elementor-element elementor-element-6d17116 elementor-widget elementor-widget-heading\" data-id=\"6d17116\" data-element_type=\"widget\" data-widget_type=\"heading.default\">\n<div class=\"elementor-widget-container\">\n<h3 class=\"elementor-heading-title elementor-size-default\" style=\"text-align: center;\">Ekspert\u0173 ir patikim\u0173 \u012fsilau\u017e\u0117li\u0173 nuoma<\/h3>\n<div class=\"elementor-element elementor-element-41118ff elementor-widget elementor-widget-text-editor\" data-id=\"41118ff\" data-element_type=\"widget\" data-widget_type=\"text-editor.default\">\n<div class=\"elementor-widget-container\">\n<p><a href=\"https:\/\/hireanonymoushackers.com\/lt\/\">Hireanonymoushackers.com<\/a> sudaro eti\u0161k\u0173 \u012fsilau\u017e\u0117li\u0173 komanda, kuri teikia \u012fvairias su IT susijusias paslaugas, pavyzd\u017eiui, \u012fsiskverbimo \u012f duomen\u0173 bazes testavimo, nuotolinio \u012fsilau\u017eimo \u012f telefonus, \u012fsilau\u017eimo \u012f socialin\u0119 \u017einiasklaid\u0105, \u012fsilau\u017eimo \u012f elektronin\u012f pa\u0161t\u0105, l\u0117\u0161\u0173 susigr\u0105\u017einimo, mobiliojo telefono \u012fsilau\u017e\u0117lio nuomos ar kitas kibernetinio \u012fsilau\u017eimo paslaugas.<\/p>\n<\/div>\n<\/div>\n<\/div>\n<\/div>\n<h3 style=\"text-align: center;\">Patikrinti \u012fsilau\u017e\u0117liai nuomai<\/h3>\n<p style=\"text-align: center;\">Mes galime pad\u0117ti jums su programin\u0117s \u012frangos \u012fsilau\u017eimo,\u012fsiskverbimo testas,Duomen\u0173 baz\u0117s dempingas,Duomen\u0173 baz\u0117s redagavimas,Duomen\u0173 baz\u0117s saugojimas,Kredito suk\u010diavimo Atkurti,Windows \u012fsilau\u017eimo,WIFI slapta\u017eod\u017ei\u0173 nulau\u017eimas,Pinterest \u012fsilau\u017eimo,Kredito balas Fix,Cryptocurrency vagyst\u0117,DDOS puolimas,Etinis \u012fsilau\u017eimo mokymasis,Doxing,\u017dmogus viduryje ataka,Rediff pa\u0161to \u012fsilau\u017eimo,Yandex pa\u0161to \u012fsilau\u017eimo.<a href=\"https:\/\/duckduckgo.com\/\" target=\"_blank\" rel=\"noopener\">.<\/a>.<\/p>\n<h3 style=\"text-align: center;\"><span class=\"tagify__tag-text\" contenteditable=\"true\">Anonimini\u0173 \u012fsilau\u017e\u0117li\u0173 nuoma<\/span><\/h3>\n<p style=\"text-align: center;\">Mes esame profesionali\u0173 \u012fsilau\u017e\u0117li\u0173 i\u0161 viso pasaulio komanda, kuri i\u0161sivyst\u0117 i\u0161 tamsiojo interneto \u0161e\u0161\u0117li\u0173, gilaus interneto pogrupio su pasl\u0117ptomis paslaugomis, M\u016bs\u0173 pagrindinis motyvas - teikti jums saugias ir patikimas profesionalias \u012fsilau\u017eimo paslaugas. Pasamdykite profesional\u0173 \u012fsilau\u017e\u0117l\u012f ( sertifikuot\u0105 ) toliau nurodytoms paslaugoms patikrinti.<\/p>\n<p style=\"text-align: center;\"><span data-text-color=\"alert\"><strong>100% Pinig\u0173 gr\u0105\u017einimo garantija, jei darbas nebus atliktas taip, kad jus tenkint\u0173.<\/strong><\/span><\/p>\n<h3 style=\"text-align: center;\"><span class=\"tagify__tag-text\" contenteditable=\"true\">Telefono \u012fsilau\u017eimo paslauga<\/span><\/h3>\n<p style=\"text-align: center;\">Yra daugyb\u0117 prie\u017eas\u010di\u0173, d\u0117l kuri\u0173 jums gali prireikti samdyti mobiliojo telefono \u012fsilau\u017e\u0117l\u012f. Galb\u016bt norite \u012fsilau\u017eti \u012f sutuoktinio mobil\u0173j\u012f telefon\u0105, kad su\u017einotum\u0117te, ar jis jus apgaudin\u0117ja. O gal jums reikia \u012fsilau\u017eti \u012f \u012fmon\u0117s kompiuterin\u0119 sistem\u0105, kad pavogtum\u0117te komercini\u0173 paslap\u010di\u0173. Kad ir kokia b\u016bt\u0173 prie\u017eastis, svarbu rasti tinkam\u0105 \u012fsilau\u017e\u0117l\u012f \u0161iam darbui. Ne visi \u012fsilau\u017e\u0117liai yra vienodi, tod\u0117l rinkdamiesi turite b\u016bti atsarg\u016bs.<\/p>\n<h4 style=\"text-align: center;\"><span class=\"tagify__tag-text\" contenteditable=\"true\">Samdyti mobiliojo telefono \u012fsilau\u017e\u0117l\u012f<\/span><\/h4>\n<p style=\"text-align: center;\">\"Hire Anonymous Hackers\" turi ilgamet\u0119 patirt\u012f \u012fsilau\u017eimo \u012f telefonus, kompiuterius ir kitus elektroninius prietaisus srityje. Turime reikiam\u0173 \u012fg\u016bd\u017ei\u0173 ir patirties, kad pad\u0117tume jums pasiekti savo tikslus. Susisiekite su mumis \u0161iandien, jei norite gauti daugiau informacijos arba prad\u0117ti darb\u0105!<\/p>\n<h3 style=\"text-align: center;\">Socialin\u0117s \u017einiasklaidos \u012fsilau\u017e\u0117liai<\/h3>\n<p style=\"text-align: center;\">Ie\u0161kote hakerio socialinei \u017einiasklaidai? Jei taip, pataik\u0117te \u012f tinkam\u0105 viet\u0105. \u010cia, \"Cyber Lord\", si\u016blome plat\u0173 spektr\u0105 paslaug\u0173, \u012fskaitant \u012fsilau\u017eim\u0105 \u012f socialin\u0119 \u017einiasklaid\u0105. Turime \u0161ioje srityje \u012fgudusi\u0173 ekspert\u0173 komand\u0105, kuri gali pad\u0117ti jums pasiekti norim\u0173 rezultat\u0173.<\/p>\n<p style=\"text-align: center;\">\"Hire Anonymous Hackers\" yra \u012fsilau\u017e\u0117li\u0173 nuomos paslauga. Teikiame socialin\u0117s \u017einiasklaidos \u012fsilau\u017e\u0117li\u0173, piktavali\u0173 \u012fsilau\u017e\u0117li\u0173 ir ger\u0173 vaikin\u0173 paslaugas, kad gal\u0117tum\u0117te rasti pa\u017eeid\u017eiamum\u0105, susigr\u0105\u017einti \"Facebook\" paskyras ir gauti prieig\u0105 prie \u017einiatinklio \u012franki\u0173 bei informacijos. Turime \u012fvairi\u0173 \u012fg\u016bd\u017ei\u0173 ir \u012franki\u0173, kuriais galime pad\u0117ti savo klientams. Esame \u012fsipareigoj\u0119 teikti geriausias \u012fmanomas paslaugas savo klientams ir si\u016blome konkurencingas kainas.<\/p>\n<h3 style=\"text-align: center;\">Mokyklos klas\u0117s \u012fsilau\u017eimas<\/h3>\n<p style=\"text-align: center;\">Jei esate kaip ir dauguma \u017emoni\u0173, tikriausiai manote, kad mokykliniai pa\u017eymiai rodo, kaip gerai sek\u0117si mokytis. Bet kas, jei b\u016bt\u0173 b\u016bdas gauti geresnius pa\u017eymius i\u0161 tikr\u0173j\u0173 nesimokant ir neatliekant jokio papildomo darbo? Norite tik\u0117kite, norite tik\u0117kite, norite ne, bet yra - ir tai gali padaryti hakeriai! Pasamdykite m\u016bs\u0173 \u012fsilau\u017e\u0117lius, kad pakeistum\u0117te pa\u017eymius ir legaliai \u012fsilau\u017etum\u0117te. \u012esilau\u017e\u0117liai, pasamdyti pakeisti pa\u017eymius, yra \u017einomi kompiuteri\u0173 \u012fsilau\u017e\u0117li\u0173 ekspertai.<\/p>\n<h4 style=\"text-align: center;\">Mokyklos klas\u0117s \u012fsilau\u017eimas<\/h4>\n<p style=\"text-align: center;\">samdyti \u012fsilau\u017e\u0117li\u0173 paslaug\u0105, kuri padeda \u017emon\u0117ms pakeisti universitet\u0173 ir mokykl\u0173 \u012fvertinimus ir i\u0161vengti saugumo pa\u017eeidim\u0173. Turime patyrusi\u0173 \u012fsilau\u017e\u0117li\u0173 komand\u0105, kurie yra universitet\u0173 duomen\u0173 bazi\u0173 ir svetaini\u0173 saugumo sprag\u0173 paie\u0161kos ekspertai. Savo \u012fsilau\u017eimo \u012fg\u016bd\u017ei\u0173 paslaugas si\u016blome visiems, kuriems j\u0173 reikia, ir garantuojame, kad m\u016bs\u0173 darbas yra auk\u0161\u010diausios kokyb\u0117s.<\/p>\n<p style=\"text-align: center;\">\"Hire Anonymous Hackers\" yra profesionali \u012fsilau\u017eimo paslauga, padedanti studentams pakeisti savo pa\u017eymius, mokyklos \u012fra\u0161us ir universiteto i\u0161ra\u0161us. Taip pat si\u016blome saugumo konsultacijas universitetams ir \u012fmon\u0117ms, padedan\u010dias i\u0161vengti kibernetini\u0173 atak\u0173.<\/p>\n<p style=\"text-align: center;\">Taip pat si\u016blome \u012fsilau\u017eimo aptikimo sistemas, \u012fsiskverbimo testavimo ir eti\u0161ko \u012fsilau\u017eimo paslaugas. Naudojame tuos pa\u010dius metodus kaip ir piktavaliai \u012fsilau\u017e\u0117liai, ta\u010diau tai darome eti\u0161kai ir su j\u016bs\u0173 leidimu.<\/p>\n<div class=\"elementor-element elementor-element-f91317e elementor-widget elementor-widget-heading\" data-id=\"f91317e\" data-element_type=\"widget\" data-widget_type=\"heading.default\">\n<div class=\"elementor-widget-container\">\n<h3 class=\"elementor-heading-title elementor-size-default\" style=\"text-align: center;\">Svetain\u0117s saugumo testavimas<\/h3>\n<p style=\"text-align: center;\">\"Hire Anonymous Hackers\" - tai profesionali\u0173 eti\u0161k\u0173 \u012fsilau\u017e\u0117li\u0173 komanda, teikianti svetaini\u0173 saugumo testavimo, \u012fsilau\u017eim\u0173 aptikimo ir \u012fsiskverbimo testavimo paslaugas. Taip pat si\u016blome saugumo audit\u0105 ir tinklo srauto duomen\u0173 analiz\u0119. M\u016bs\u0173 tikslas - pad\u0117ti klientams pagerinti j\u0173 saugumo b\u016bkl\u0119 ir apsaugoti j\u0173 interneto turt\u0105.<\/p>\n<p style=\"text-align: center;\">Kai kalbama apie \u012fsilau\u017eim\u0105, daugelis \u017emoni\u0173 galvoja apie kenk\u0117ji\u0161k\u0105 veikl\u0105, pavyzd\u017eiui, kieno nors tapatyb\u0117s vagyst\u0119 arba \u012fsilau\u017eim\u0105 \u012f kompiuteri\u0173 sistemas. Ta\u010diau auga profesionali\u0173 \u012fsilau\u017e\u0117li\u0173, kurie si\u016blo savo paslaugas \u012fmon\u0117ms ir privatiems asmenims, norintiems \u012fsilau\u017eti \u012f j\u0173 interneto svetaini\u0173 saugum\u0105, pramon\u0117. Nors \u012fsilau\u017e\u0117lio pasamdymas gali atrodyti lengvas b\u016bdas i\u0161spr\u0119sti saugumo problemas, svarbu apsaugoti savo duomen\u0173 baz\u0119 nuo kenk\u0117ji\u0161k\u0173 atak\u0173.<\/p>\n<h3 style=\"text-align: center;\">\"Facebook\" \u012fsilau\u017eimo paslauga<\/h3>\n<p style=\"text-align: center;\">Ar nerimaujate d\u0117l savo \"Facebook\" paskyros saugumo? Ar norite \u012fsitikinti, kad j\u016bs\u0173 paskyra yra saugi ir patikima? Jei taip, galite apsvarstyti galimyb\u0119 pasamdyti \u012fsilau\u017e\u0117l\u012f, kad jis \u012fsilau\u017et\u0173 \u012f \"Facebook\". Yra nema\u017eai \u012fvairi\u0173 \u012fsilau\u017eimo paslaug\u0173, si\u016blan\u010di\u0173 tokio pob\u016bd\u017eio paslaugas, ir tai gali b\u016bti puikus b\u016bdas u\u017etikrinti, kad j\u016bs\u0173 paskyra b\u016bt\u0173 kuo saugesn\u0117. Ta\u010diau prie\u0161 samdydami \u012fsilau\u017e\u0117l\u012f svarbu atlikti tyrim\u0105 ir \u012fsitikinti, kad pasirinkote tinkam\u0105 paslaug\u0105.<\/p>\n<h3 style=\"text-align: center;\">\"WhatsApp\" hakerio nuoma<\/h3>\n<p style=\"text-align: center;\">\u012esilau\u017e\u0117liai gali b\u016bti samdomi pad\u0117ti atlikti \u012fvairias u\u017eduotis, \u012fskaitant prieig\u0105 prie \"WhatsApp\" \u017einu\u010di\u0173. Jei ie\u0161kote \u017emogaus, kuris pad\u0117t\u0173 jums su \"WhatsApp\" \u012fsilau\u017e\u0117liu, arba jei norite, kad kas nors pad\u0117t\u0173 jums \u0161nipin\u0117ti j\u016bs\u0173 partnerio \u017einutes, \u012fsilau\u017e\u0117lis yra puikus sprendimas. Susisiekite su m\u016bs\u0173 telefon\u0173 \u012fsilau\u017e\u0117liais, kuriuos galima i\u0161sinuomoti.<\/p>\n<h4 style=\"text-align: center;\">Geriausias \u012fsilau\u017eimo pra\u0161ymas<br \/>\nKad ir kokia b\u016bt\u0173 prie\u017eastis, \u012fsilau\u017eimas gali b\u016bti greitas ir paprastas procesas, jei \u017einote, kur ie\u0161koti.<\/h4>\n<p style=\"text-align: center;\">Telefono \u012fsilau\u017eimo paslauga<br \/>\n\"Facebook\" \u012fsilau\u017eimo paslauga<br \/>\nSocialin\u0117s \u017einiasklaidos \u012fsilau\u017e\u0117lis<br \/>\n\"WhatsApp\" hakerio nuoma<br \/>\nMokyklos klas\u0117s \u012fsilau\u017eimas<br \/>\nNulau\u017eti \"Instagram<\/p>\n<p>&nbsp;<\/p>\n<\/div>\n<\/div>\n<p>&nbsp;<\/p>\n<p>&nbsp;<\/p>\n\t\t<\/div>\n\t\t\n<style>\n#col-494050781 > .col-inner {\n  padding: 50px 20px 0px 20px;\n  margin: -0 0px 0px 0px;\n}\n@media (min-width:550px) {\n  #col-494050781 > .col-inner {\n    padding: 50px 20px 30px 20px;\n    margin: 0 0px 0px 0px;\n  }\n}\n@media (min-width:850px) {\n  #col-494050781 > .col-inner {\n    padding: 66px 5% 16px 5%;\n    margin: -135px 0px 0px 0px;\n  }\n}\n<\/style>\n\t<\/div>\n\n\t\n<\/div>","protected":false},"excerpt":{"rendered":"","protected":false},"author":1,"featured_media":819,"parent":0,"menu_order":0,"comment_status":"closed","ping_status":"closed","template":"page-blank.php","meta":{"_acf_changed":false,"footnotes":""},"class_list":["post-14","page","type-page","status-publish","has-post-thumbnail","hentry"],"acf":[],"_links":{"self":[{"href":"https:\/\/hireanonymoushackers.com\/lt\/wp-json\/wp\/v2\/pages\/14","targetHints":{"allow":["GET"]}}],"collection":[{"href":"https:\/\/hireanonymoushackers.com\/lt\/wp-json\/wp\/v2\/pages"}],"about":[{"href":"https:\/\/hireanonymoushackers.com\/lt\/wp-json\/wp\/v2\/types\/page"}],"author":[{"embeddable":true,"href":"https:\/\/hireanonymoushackers.com\/lt\/wp-json\/wp\/v2\/users\/1"}],"replies":[{"embeddable":true,"href":"https:\/\/hireanonymoushackers.com\/lt\/wp-json\/wp\/v2\/comments?post=14"}],"version-history":[{"count":29,"href":"https:\/\/hireanonymoushackers.com\/lt\/wp-json\/wp\/v2\/pages\/14\/revisions"}],"predecessor-version":[{"id":1000,"href":"https:\/\/hireanonymoushackers.com\/lt\/wp-json\/wp\/v2\/pages\/14\/revisions\/1000"}],"wp:featuredmedia":[{"embeddable":true,"href":"https:\/\/hireanonymoushackers.com\/lt\/wp-json\/wp\/v2\/media\/819"}],"wp:attachment":[{"href":"https:\/\/hireanonymoushackers.com\/lt\/wp-json\/wp\/v2\/media?parent=14"}],"curies":[{"name":"wp","href":"https:\/\/api.w.org\/{rel}","templated":true}]}}