{"id":10,"date":"2020-12-16T12:04:19","date_gmt":"2020-12-16T12:04:19","guid":{"rendered":"http:\/\/cocaineforsaleonline.com\/?page_id=10"},"modified":"2024-04-22T20:19:09","modified_gmt":"2024-04-22T20:19:09","slug":"home","status":"publish","type":"page","link":"https:\/\/hireanonymoushackers.com\/lt\/","title":{"rendered":"Pagrindinis"},"content":{"rendered":"<div class=\"banner has-hover show-for-small\" id=\"banner-1141190882\">\n          <div class=\"banner-inner fill\">\n        <div class=\"banner-bg fill\" >\n            <div class=\"bg fill bg-fill\"><\/div>\n                                    \n                    <\/div>\n        <div class=\"banner-layers container\">\n            <div class=\"fill banner-link\"><\/div>            \n        <\/div>\n      <\/div>\n\n              <div class=\"height-fix is-invisible\"><\/div>\n            \n<style>\n#banner-1141190882 {\n  background-color: rgb(247, 245, 244);\n}\n<\/style>\n  <\/div>\n\n\n\t<section class=\"section dark\" id=\"section_1098763001\">\n\t\t<div class=\"bg section-bg fill bg-fill\" >\n\n\t\t\t\n\t\t\t<div class=\"section-bg-overlay absolute fill\"><\/div><button class=\"scroll-for-more z-5 icon absolute bottom h-center\"><i class=\"icon-angle-down\" style=\"font-size:42px;\"><\/i><\/button>\n\t\t\t\n\n\t\t<\/div>\n\n\t\t<div class=\"section-content relative\">\n\t\t\t\n<div class=\"row align-middle\"  id=\"row-166991239\">\n\n\t<div id=\"col-772962597\" class=\"col medium-8 small-12 large-8\"  >\n\t\t<div class=\"col-inner\"  >\n\t\t\t\n\t\t\t\n<h6 class=\"uppercase\">Samdyti \u012fsilau\u017e\u0117l\u012f<\/h6>\n<h1 style=\"font-size: 350%; line-height: 100%;\">Anonimini\u0173 \u012fsilau\u017e\u0117li\u0173 nuoma<\/h1>\n<p>Anonimini\u0173 \u012fsilau\u017e\u0117li\u0173 nuoma<\/p>\n<h1 style=\"font-size: 200%;\">Anonimini\u0173 \u012fsilau\u017e\u0117li\u0173 oficiali svetain\u0117<\/h1>\n<div class=\"row row-collapse\"  id=\"row-224998128\">\n\n\t<div id=\"col-1332121452\" class=\"col medium-6 small-12 large-6\"  >\n\t\t<div class=\"col-inner\"  >\n\t\t\t\n\t\t\t\n<a data-animate=\"blurIn\" href=\"https:\/\/hireanonymoushackers.com\/lt\/samdyti-isilauzeli\/\" target=\"_self\" class=\"button secondary is-large lowercase expand\"  style=\"border-radius:4px;\">\n  <i class=\"icon-star\" ><\/i>  <span>Susisiekite su mumis<\/span>\n  <\/a>\n\n\t\t<\/div>\n\t\t\t<\/div>\n\n\t\n\n<style>\n#row-224998128 > .col > .col-inner {\n  padding: 0px 5px 0px 5px;\n}\n<\/style>\n<\/div>\n\t\t<\/div>\n\t\t\t<\/div>\n\n\t\n<\/div>\n\t\t<\/div>\n\n\t\t\n<style>\n#section_1098763001 {\n  padding-top: 60px;\n  padding-bottom: 60px;\n  min-height: 600px;\n  background-color: rgb(255,255,255);\n}\n#section_1098763001 .section-bg-overlay {\n  background-color: rgb(45, 78, 103);\n}\n#section_1098763001 .section-bg.bg-loaded {\n  background-image: 28;\n}\n@media (min-width:550px) {\n  #section_1098763001 .section-bg-overlay {\n    background-color: rgba(0, 0, 0, 0.5);\n  }\n}\n@media (min-width:850px) {\n  #section_1098763001 .section-bg-overlay {\n    background-color: rgba(0,0,0,.5);\n  }\n}\n<\/style>\n\t<\/section>\n\t\n\t<section class=\"section\" id=\"section_1182446050\">\n\t\t<div class=\"bg section-bg fill bg-fill  bg-loaded\" >\n\n\t\t\t\n\t\t\t\n\t\t\t\n\n\t\t<\/div>\n\n\t\t<div class=\"section-content relative\">\n\t\t\t\t\t<\/div>\n\n\t\t\n<style>\n#section_1182446050 {\n  padding-top: 0px;\n  padding-bottom: 0px;\n}\n<\/style>\n\t<\/section>\n\t\n\t<div id=\"gap-310404361\" class=\"gap-element clearfix\" style=\"display:block; height:auto;\">\n\t\t\n<style>\n#gap-310404361 {\n  padding-top: 59px;\n}\n<\/style>\n\t<\/div>\n\t\n<div class=\"row\"  id=\"row-628106902\"><\/div>\n\n\t<div id=\"col-677373465\" class=\"col small-12 large-12\"  >\n\t\t<div class=\"col-inner\"  >\n\t\t\t\n\t\t\t\t\t<\/div>\n\t\t\t<\/div>\n\n\t\n<h2 style=\"text-align: center;\">SAMDYTI ANONIMINIUS \u012eSILAU\u017d\u0116LIUS<\/h2>\n<p style=\"text-align: center;\">\u0160iais laikais sunku pasamdyti profesional\u0173 \u012fsilau\u017e\u0117l\u012f, ta\u010diau su \"Hireanonymoushackers\" galite per kelias sekundes susisiekti su \u012frodytais \u012fsilau\u017eimo pasaulio atlik\u0117jais. Ar jums kilo daug sunkum\u0173 norint rasti tinkam\u0105 \u012fsilau\u017e\u0117l\u012f savo \u012fsilau\u017eimo projektams? Raskite tinkam\u0105 \u012fsilau\u017e\u0117l\u012f jau \u0161iandien svetain\u0117je <a href=\"https:\/\/hireanonymoushackers.com\/lt\/\">Hireanonymoushackers.com<\/a> su auk\u0161tos kvalifikacijos pasaulinio lygio profesionaliais \u012fsilau\u017e\u0117liais, pasirengusiais pad\u0117ti jums s\u0117kmingai \u012fgyvendinti \u012fsilau\u017eimo projekt\u0105 (-us).<\/p>\n<h3 style=\"text-align: center;\">Patikimi \u012fsilau\u017e\u0117liai<\/h3>\n<p style=\"text-align: center;\">M\u016bs\u0173 naujai \u012fdiegta saugojimo paslauga taip pat apsaugos jus nuo bet koki\u0173 pa\u017eeid\u017eiamum\u0173 atliekant mok\u0117jimus m\u016bs\u0173 \u012fsilau\u017e\u0117liams. J\u016bs\u0173 mok\u0117jimas bus saugiai saugomas pasaugos tarnyboje, kuri turi galutin\u0119 teis\u0119 saugoti ir i\u0161mok\u0117ti mok\u0117jim\u0105 ir tai padarys tik gavusi j\u016bs\u0173 leidim\u0105, kai b\u016bsite patenkinti paskirtojo \u012fsilau\u017e\u0117lio jums atliktu darbu.<\/p>\n<p><img decoding=\"async\" class=\"wp-image-795 lazyload\" data-src=\"https:\/\/hireanonymoushackers.io\/wp-content\/uploads\/2023\/06\/5-star-300x158.jpg\" alt=\"Anoniminiai \u012fsilau\u017e\u0117liai\" width=\"30\" height=\"16\" data-srcset=\"https:\/\/hireanonymoushackers.com\/wp-content\/uploads\/2023\/06\/5-star-300x158.jpg 300w, https:\/\/hireanonymoushackers.com\/wp-content\/uploads\/2023\/06\/5-star-1024x539.jpg 1024w, https:\/\/hireanonymoushackers.com\/wp-content\/uploads\/2023\/06\/5-star-768x404.jpg 768w, https:\/\/hireanonymoushackers.com\/wp-content\/uploads\/2023\/06\/5-star-600x316.jpg 600w, https:\/\/hireanonymoushackers.com\/wp-content\/uploads\/2023\/06\/5-star.jpg 1520w\" data-sizes=\"(max-width: 30px) 100vw, 30px\" src=\"data:image\/svg+xml;base64,PHN2ZyB3aWR0aD0iMSIgaGVpZ2h0PSIxIiB4bWxucz0iaHR0cDovL3d3dy53My5vcmcvMjAwMC9zdmciPjwvc3ZnPg==\" style=\"--smush-placeholder-width: 30px; --smush-placeholder-aspect-ratio: 30\/16;\" \/><\/p>\n<h3 style=\"text-align: center;\">\u012eDARBINKITE \u012eSILAU\u017d\u0116L\u012e<\/h3>\n<p style=\"text-align: center;\">Esame profesionali\u0173 \u012fsilau\u017e\u0117li\u0173 komanda, turinti patirties \u012fvairiose srityse. Jau daugiau nei 7 metus teikiame \u012fsilau\u017eimo paslaugas privatiems asmenims ir priva\u010dioms \u012fstaigoms, teikdami kokybi\u0161kas, diskreti\u0161kas \u012fsilau\u017eimo paslaugas, o dabar si\u016blome savo paslaugas jums. Ar anks\u010diau band\u0117te pirkti \u012fsilau\u017eimo paslaugas tamsiajame internete? Nepatenkinti rezultatais? Tik tu\u0161ti pa\u017eadai, bet niekas nepadar\u0117 darbo?<\/p>\n<p style=\"text-align: center;\">Tada tur\u0117tum\u0117te i\u0161bandyti \"Hire Hackers\", labiausiai patikimus hakerius, kurie padeda atlikti darbus. Skirtingai nei kit\u0173, m\u016bs\u0173 kainos n\u0117ra pa\u010dios pigiausios, ta\u010diau jei negal\u0117sime atlikti darbo, jums bus gr\u0105\u017einti visi pinigai.<a href=\"https:\/\/duckduckgo.com\/\" target=\"_blank\" rel=\"noopener\">.<\/a><\/p>\n<h3 style=\"text-align: center;\"><span class=\"tagify__tag-text\" contenteditable=\"true\">Nuomojami \u012fsilau\u017e\u0117liai<\/span><\/h3>\n<p style=\"text-align: center;\">Hire Anonymous Hackers yra profesionalus \u012fsilau\u017eimo grup\u0117 galima rasti internete teikti profesionalias ir unikalias paslaugas m\u016bs\u0173 draugi\u0161kas klientams visame pasaulyje. Hire a hacker uk.<\/p>\n<p style=\"text-align: center;\">Tuo Hire Anonymous Hackers pristatymas yra u\u017e galim\u0173 sprendim\u0173, mes \u017einomi kaip geriausi \u012fsilau\u017eimo Paslaug\u0173 teik\u0117jai per metus veiklos \u0161ioje verslo srityje. Juodosios skryb\u0117l\u0117s hakeri\u0173 nuoma.<\/p>\n<p><img decoding=\"async\" class=\"wp-image-803 aligncenter lazyload\" data-src=\"https:\/\/hireanonymoushackers.io\/wp-content\/uploads\/2023\/06\/Hire-Hackers-Services-300x225.jpg\" alt=\"Hakeri\u0173 nuomos paslaugos\" width=\"59\" height=\"44\" data-srcset=\"https:\/\/hireanonymoushackers.com\/wp-content\/uploads\/2023\/06\/Hire-Hackers-Services-300x225.jpg 300w, https:\/\/hireanonymoushackers.com\/wp-content\/uploads\/2023\/06\/Hire-Hackers-Services.jpg 350w\" data-sizes=\"(max-width: 59px) 100vw, 59px\" src=\"data:image\/svg+xml;base64,PHN2ZyB3aWR0aD0iMSIgaGVpZ2h0PSIxIiB4bWxucz0iaHR0cDovL3d3dy53My5vcmcvMjAwMC9zdmciPjwvc3ZnPg==\" style=\"--smush-placeholder-width: 59px; --smush-placeholder-aspect-ratio: 59\/44;\" \/><\/p>\n<h3 style=\"text-align: center;\">Patikimi sertifikuoti etiniai \u012fsilau\u017e\u0117liai nuomai<\/h3>\n<p style=\"text-align: center;\">M\u016bs\u0173 \u012fsilau\u017e\u0117liai negim\u0117 \u012fsilau\u017e\u0117liais, dauguma m\u016bs\u0173 \u012fsilau\u017e\u0117li\u0173 daugiau nei 10 met\u0173 dirbo \u012fvairiose telekomunikacij\u0173, kibernetinio saugumo, serveri\u0173 valdymo \u012fmon\u0117se ir dauguma, jei ne visi, turi patirties dirbdami \u012fmon\u0117se, kurios kuria \u012fvairias saugumo sistemas \u012fvairioms programoms.<\/p>\n<p style=\"text-align: center;\">Dirbdami tokiose \u012fmon\u0117se m\u016bs\u0173 \u012fsilau\u017e\u0117liai \u012fgyja prana\u0161um\u0105 ir puikiai supranta, kaip veikia \u012fvairi\u0173 program\u0173 ir technin\u0117s \u012frangos saugumas.<\/p>\n<h3 style=\"text-align: center;\"><span class=\"tagify__tag-text\" contenteditable=\"true\">Hakerio nuoma<\/span><\/h3>\n<p style=\"text-align: center;\">Mes si\u016blome geriausios kokyb\u0117s profesionalias \u012fsilau\u017eimo paslaugas, kurios negali b\u016bti suderintos su kitomis \u012fsilau\u017e\u0117li\u0173 nuomos \u012fmon\u0117mis. M\u016bs\u0173 profesional\u016bs \u012fsilau\u017e\u0117liai turi pa\u017eangiausi\u0105 \u012fsilau\u017eimo technik\u0105, leid\u017eian\u010di\u0105 \u012fsilau\u017eti \u012f \"Facebook\", \"Snapchat\", \"Whatsapp\", \"Twitter\", \"Instagram\", el. pa\u0161to paskyras, \"Gmail\", i\u0161maniuosius telefonus, interneto svetaines, duomen\u0173 bazes ir daugel\u012f kit\u0173. Taip pat galite papra\u0161yti individualizuoto \u012fsilau\u017eimo. \u0160iais laikais pasamdyti profesional\u0173 \u012fsilau\u017e\u0117l\u012f yra sud\u0117tinga. Jus gali apgauti netinkamos \u012fsilau\u017eimo paslaugos arba netikri \u012fsilau\u017e\u0117liai internete. Neapsigaukite nuo suk\u010di\u0173, kurie reklamuoja netikras profesionalias \u012fsilau\u017eimo paslaugas.<\/p>\n<h3 style=\"text-align: center;\"><span class=\"tagify__tag-text\" contenteditable=\"true\">Profesionalios \u012fsilau\u017eimo paslaugos<\/span><\/h3>\n<p style=\"text-align: center;\">Anoniminiai \u012fsilau\u017e\u0117liai atsirado kaip patikimiausia pasaulyje \u012fsilau\u017eimo platforma, kurioje galite susitikti su profesionaliais \u012fsilau\u017e\u0117liais ir gauti \u012fsilau\u017eimo paslaugas. Esame atsidav\u0119 ir dirbame tam, kad patenkintume j\u016bs\u0173 \u012fsilau\u017eimo poreikius pasitelkdami savo hakerius tamsiajame internete. Taip pat teikiame \u012fsilau\u017eimo paslaugas vis\u0105 par\u0105, kad b\u016btum\u0117te tikri, jog savo tikslus pasieksite nedelsiant. \u012esilau\u017eimas \u012f universiteto server\u012f.<\/p>\n<h4 style=\"text-align: center;\">Pasamdyti \u012fsilau\u017e\u0117l\u012f \u012fsilau\u017eti \u012f interneto svetain\u0119<\/h4>\n<p style=\"text-align: center;\">Esame pirmaujanti \u012fsilau\u017eimo platforma, tod\u0117l did\u017eiuojam\u0117s gal\u0117dami aptarnauti klientus i\u0161 viso pasaulio. M\u016bs\u0173 sertifikuoti \u012fsilau\u017e\u0117liai yra m\u016bs\u0173 stipryb\u0117, o klient\u0173 pasitenkinimas - m\u016bs\u0173 svarbiausias prioritetas. Turime \u012fvairi\u0173 \u012fsilau\u017eimo sri\u010di\u0173 specialist\u0173 ir pa\u017eadame visada u\u017etikrinti greit\u0105 projekt\u0173 pristatym\u0105. Si\u016blome plat\u0173 \u012fsilau\u017eimo sprendim\u0173 asortiment\u0105, tod\u0117l nutiesiame keli\u0105 \u012f trok\u0161tam\u0105 \u012fsilau\u017eimo s\u0117km\u0119. \u012esilau\u017eimas \u012f universitet\u0173 duomen\u0173 bazes.<\/p>\n<h3 style=\"text-align: center;\">Anoniminiai \u012fsilau\u017e\u0117liai<\/h3>\n<p style=\"text-align: center;\">Anoniminiai \u012fsilau\u017e\u0117liai - tai Antonymous Hackers komanda, si\u016blanti profesionalias \u012fsilau\u017eimo paslaugas. Pasamdykite \u012fsilau\u017e\u0117l\u012f \"Facebook\", el. pa\u0161to, interneto, duomen\u0173 baz\u0117s ar telefono \u012fsilau\u017eimui. Esame auk\u0161tos kvalifikacijos ir profesionali\u0173 \u012fsilau\u017e\u0117li\u0173 komanda, galinti \u012fsilau\u017eti \u012f bet kokias socialines paskyras, el. pa\u0161to paskyras, telefon\u0105, svetain\u0119 ar duomen\u0173 baz\u0119. 100% savo klientams garantuojame privatum\u0105 ir konfidencialum\u0105. pasamdyti \u012fsilau\u017e\u0117l\u012f \"Facebook\".<\/p>\n<p><img decoding=\"async\" class=\"wp-image-795 aligncenter lazyload\" data-src=\"https:\/\/hireanonymoushackers.io\/wp-content\/uploads\/2023\/06\/5-star-300x158.jpg\" alt=\"Anoniminiai \u012fsilau\u017e\u0117liai\" width=\"37\" height=\"19\" data-srcset=\"https:\/\/hireanonymoushackers.com\/wp-content\/uploads\/2023\/06\/5-star-300x158.jpg 300w, https:\/\/hireanonymoushackers.com\/wp-content\/uploads\/2023\/06\/5-star-1024x539.jpg 1024w, https:\/\/hireanonymoushackers.com\/wp-content\/uploads\/2023\/06\/5-star-768x404.jpg 768w, https:\/\/hireanonymoushackers.com\/wp-content\/uploads\/2023\/06\/5-star-600x316.jpg 600w, https:\/\/hireanonymoushackers.com\/wp-content\/uploads\/2023\/06\/5-star.jpg 1520w\" data-sizes=\"(max-width: 37px) 100vw, 37px\" src=\"data:image\/svg+xml;base64,PHN2ZyB3aWR0aD0iMSIgaGVpZ2h0PSIxIiB4bWxucz0iaHR0cDovL3d3dy53My5vcmcvMjAwMC9zdmciPjwvc3ZnPg==\" style=\"--smush-placeholder-width: 37px; --smush-placeholder-aspect-ratio: 37\/19;\" \/><\/p>\n<h3 style=\"text-align: center;\">Hakeri\u0173 nuomos paslaugos<\/h3>\n<p style=\"text-align: center;\">M\u016bs\u0173 samdomi \u012fsilau\u017e\u0117liai si\u016blo plat\u0173 profesionali\u0173 \u012fsilau\u017eimo paslaug\u0173 spektr\u0105.Mes siekiame, kad m\u016bs\u0173 vertingi klientai b\u016bt\u0173 apsaugoti internetu.<br \/>\nPasamdykite \u012fsilau\u017e\u0117l\u012f visiems savo \u012fsilau\u017eimo poreikiams. Pasamdykite \u012fsilau\u017e\u0117l\u012f, kad pakeistum\u0117te pa\u017eymius<\/p>\n<h3 style=\"text-align: center;\">M\u016aS\u0172 SI\u016aLOM\u0172 PASLAUG\u0172 S\u0104RA\u0160AI<\/h3>\n<p style=\"text-align: center;\">\u2727 Pa\u0161to \u012fsilau\u017eimo ir kontrol\u0117s, pradedant nuo gmail, yahoo lai\u0161kus, profesin\u0117s el. lai\u0161kus&#8230;.to net apsaugotas lai\u0161kus su 4096bits \u0161ifravimo<br \/>\n\u2727 Pc jailbreaking \/ \u012fsilau\u017eimas (windows, mac, linux distros... .)<br \/>\n\u2727 Klas\u0117s pakeitimas<br \/>\n\u2727 Telefono numeris Auditas<br \/>\n\u2727 Pilnas paketas, suteikiantis prieig\u0105 prie asmenini\u0173 ar \u012fmon\u0117s \u012frengini\u0173 ir paskyr\u0173 bei ie\u0161kantis reikiam\u0173 duomen\u0173.<br \/>\n\u2727 Skol\u0173 i\u0161valymas<\/p>\n<p style=\"text-align: center;\">\u2727 Svetain\u0117s \/ php administratoriaus \u012fsilau\u017eimas (galime suteikti visi\u0161k\u0105 prieig\u0105 arba pavogti bet kok\u012f \u017eurnal\u0105 ar informacij\u0105)<br \/>\n\u2727 Pasas, ID ar sertifikatai, kurie gali veikti kaip tikri<br \/>\n\u2727 Geolokacijos \/ telefono numerio sekimas<br \/>\n\u2727 Ekonominis \u0161nipin\u0117jimas ir \u012fmoni\u0173 \u0161nipin\u0117jimas<br \/>\n\u2727 Sugauti nei\u0161tikim\u0105 partner\u012f \/ nei\u0161tikimo partnerio steb\u0117jimas<br \/>\n\u2727 \u012esilau\u017eimas \u012f mobiliuosius \u012frenginius \/ nuotolin\u0117 prieiga per mobil\u0173j\u012f telefon\u0105<\/p>\n<p style=\"text-align: center;\">\u2727 Socialin\u0117s \u017einiasklaidos s\u0105skait\u0173 \u012fsilau\u017eimas arba prieigos klonavimas<br \/>\n\u2727 Mes galime pad\u0117ti jums susekti bet kur\u012f asmen\u012f (tiesiog pateikite mums bet koki\u0105 galiojan\u010di\u0105 informacij\u0105 apie savo auk\u0105)<br \/>\n\u2727 Vykdyti socialin\u0117s \u017einiasklaidos kampanijas<br \/>\n\u2727 Pornografija ker\u0161to tikslais<br \/>\n\u2727 Prieiga prie vyriausyb\u0117s ir \u012fmoni\u0173 duomen\u0173 baz\u0117s<\/p>\n<p style=\"text-align: center;\">\u2727 \u012erodym\u0173 atk\u016brimas<br \/>\n\u2727 I\u0161valyti teistum\u0105<br \/>\n\u2727 \u012esilau\u017eimas \u012f \u017eaidim\u0105<br \/>\n\u2727 Tikslinis auditas<br \/>\nJei u taip pat reikia samdyti \u012fsilau\u017e\u0117l\u012f i\u0161 m\u016bs\u0173 savo asmeniniam naudojimui (mes imame mokest\u012f u\u017e atlikto darbo valandas);<\/p>\n<h3 style=\"text-align: center;\">Kas daro mus geriausiu j\u016bs\u0173 pasirinkimu<\/h3>\n<p style=\"text-align: center;\">Mums be galo malonu ir did\u017eiuojam\u0117s gal\u0117dami pasakyti, kad m\u016bs\u0173 teikiamos paslaugos yra kaip niekas kitas. Hakeri\u0173 komand\u0105 sudaro profesionaliausi, kvalifikuo\u010diausi ir labiausiai patyr\u0119 hakeriai, kurie gali atlikti bet koki\u0105 u\u017eduot\u012f.<\/p>\n<p style=\"text-align: center;\">Ir tai dar ne pabaiga! \u0160i \u012fsilau\u017e\u0117li\u0173 komanda yra visi\u0161kai ir grie\u017etai eti\u0161ka ir<br \/>\nsertifikuoti, tod\u0117l jei nerimaujate, kad naudodamiesi m\u016bs\u0173 paslaugomis pateksite \u012f b\u0117d\u0105.<br \/>\nu\u017etikrintas!<\/p>\n<h3 style=\"text-align: center;\">Samdyti profesionalius \u012fsilau\u017e\u0117lius<\/h3>\n<p style=\"text-align: center;\">Ir j\u016bs jau ap\u017evelg\u0117te daugyb\u0119 paslaug\u0173, kurias galime pasi\u016blyti savo<br \/>\npagalb\u0105. Taigi, nepriklausomai nuo j\u016bs\u0173 problem\u0173 masto, galite rasti sprendim\u0105<br \/>\nkiekvien\u0105 i\u0161 j\u0173 vienoje platformoje.<br \/>\nAr tai b\u016bt\u0173 prarast\u0173 slapta\u017eod\u017ei\u0173 atk\u016brimas, ar j\u016bs\u0173 kriptovaliutos sandoris, mes turime jums<br \/>\npadengtas.<\/p>\n<p>&nbsp;<\/p>\n<h3 style=\"text-align: center;\">Ar saugu samdyti \u012fsilau\u017e\u0117l\u012f internete<\/h3>\n<p style=\"text-align: center;\">Taip, pas mus saugu samdyti \u012fsilau\u017e\u0117l\u012f internetu. Esame profesionali juodosios skryb\u0117l\u0117s \u012fsilau\u017e\u0117li\u0173 grup\u0117. Mes \u012fgijome savo gerbiam\u0173 klient\u0173 pasitik\u0117jim\u0105 ir neturime jokios tikimyb\u0117s su jais \u017eaisti bet kokius \u017eaidimus. Daugelis \u017emoni\u0173 kreipiasi \u012f mus tur\u0117dami \u012fvairi\u0173 poreiki\u0173, kurie gali apimti profesionalias \u012fsilau\u017e\u0117li\u0173 paslaugas, asmeninius poreikius, su \u012fmone susijusius reikalus, taip pat politinius reikalus. Mes nenuviliame jokioje situacijoje ir jei manote, kad jums reikia profesionalo, kuris pad\u0117t\u0173 jums \u012fsilau\u017eti \u012f el. pa\u0161to slapta\u017eod\u017eius, sistem\u0105 ir svetaines, nedvejokite.<\/p>\n<h3 style=\"text-align: center;\">Profesional\u016bs \u012fsilau\u017e\u0117liai nuomai<\/h3>\n<p style=\"text-align: center;\">Kai kurie m\u016bs\u0173 klientai naudojasi m\u016bs\u0173 paslaugomis, kad patikrint\u0173 savo tinkl\u0173 tvirtum\u0105, ir mes tai darome geriausiai. Jei norite pasamdyti \u012fsilau\u017e\u0117l\u012f, kuris u\u017e palank\u0173 mokest\u012f \u012fsilau\u017et\u0173 \u012f svetain\u0117s duomen\u0173 baz\u0119 arba telefon\u0105, atgaut\u0173 prarastas l\u0117\u0161as arba el. pa\u0161to slapta\u017eod\u012f, nedelsdami susisiekite su mumis. M\u016bs\u0173 \u012fkainiai yra priimtini ir mes priimame bitkoinus Procesas yra labai paprastas, nes klientas atsiun\u010dia mums duomenis arba daiktus, kuriuos reikia nulau\u017eti, \u012fmoka 50% mokest\u012f, o likusi\u0105 50% sum\u0105 sumoka po to, kai nulau\u017eimas yra baigtas.<\/p>\n<h3 style=\"text-align: center;\">Patikrinti \u012fsilau\u017e\u0117liai<\/h3>\n<p>Mes esame eti\u0161ki \u012fsilau\u017e\u0117liai ir privat\u016bs tyr\u0117jai. Kiekvienas m\u016bs\u0173 komandos narys yra gerai patyr\u0119s \u012fvairiose ni\u0161ose. M\u016bs\u0173 komandoje dirba skaitmenin\u0117s ekspertiz\u0117s specialistai, sertifikuoti etikos \u012fsilau\u017e\u0117liai, kompiuteri\u0173 in\u017einieriai, kibernetinio saugumo ekspertai, privat\u016bs tyr\u0117jai ir kt. M\u016bs\u0173 tikslas - padaryti j\u016bs\u0173 skaitmenin\u012f gyvenim\u0105 saug\u0173, patikim\u0105 ir nesud\u0117ting\u0105.<\/p>\n<h3 style=\"text-align: center;\">Etiniai \u012fsilau\u017e\u0117liai<\/h3>\n<p>Kiekvien\u0105 dien\u0105 \u0161imtai ir t\u016bkstan\u010diai \u017emoni\u0173 pasaulyje nuken\u010dia nuo socialin\u0117s \u017einiasklaidos paskyr\u0173, pavyzd\u017eiui, \"Facebook\", \"Snapchat\", \"Instagram\", taip pat elektronini\u0173 lai\u0161k\u0173, mobili\u0173j\u0173 telefon\u0173, blogos reputacijos internete, tapatyb\u0117s vagys\u010di\u0173 ir daugelio kit\u0173. Tapatyb\u0117s vagyste galima pasinaudoti siekiant apgaule gauti kredit\u0105, socialines paskyras, pateikti mokes\u010di\u0173, medicinos, draudimo ir kt. dokumentus. Mes, HACKERS FOR HIRE (dot) io, galime pad\u0117ti jums apsisaugoti nuo vis\u0173 min\u0117t\u0173 gr\u0117smi\u0173.<\/p>\n<h3 style=\"text-align: center;\">\u012esilau\u017eimo paslaugos<\/h3>\n<p>Padedame apsaugoti j\u016bs\u0173 duomenis, socialines paskyras, telefonus, kompiuterius ir tapatyb\u0119, taip pat turime klient\u0173, norin\u010di\u0173 susekti \u012fsilau\u017e\u0117l\u012f, nustatyti asmens buvimo viet\u0105, atlikti sutuoktinio nei\u0161tikimyb\u0117s tyrim\u0105, susigr\u0105\u017einti prarastus duomenis, valdyti reputacij\u0105 internete ir kt. Esame \u010dia tam, kad pateiktume jums sprendimus bet kokiems tokiems poreikiams.<\/p>\n<div class=\"container section-title-container\" ><h3 class=\"section-title section-title-center\"><b><\/b><span class=\"section-title-main\" style=\"font-size:109%;\">ANONIMINIS \u012eSILAU\u017d\u0116LIS<\/span><b><\/b><\/h3><\/div>\n[ux_products style=&#8221;normal&#8221; type=&#8221;row&#8221; equalize_box=&#8221;true&#8221; cat=&#8221;19,17,18&#8243; orderby=&#8221;rand&#8221; image_hover=&#8221;zoom&#8221; image_hover_alt=&#8221;zoom-long&#8221; text_padding=&#8221;0px 0px 0px 0px&#8221;]","protected":false},"excerpt":{"rendered":"<p>HIRE ANONYMOUS HACKERS Hiring a Professional hacker is hard to come by these days but with Hireanonymoushackers, you can connect with proven performers in the hacking world in a matter of seconds. Have you been having lots of difficulties getting the right hacker for your hacking projects? Find the right hacker today on Hireanonymoushackers.com with [&#8230;]","protected":false},"author":1,"featured_media":782,"parent":0,"menu_order":0,"comment_status":"closed","ping_status":"closed","template":"page-blank.php","meta":{"_acf_changed":false,"footnotes":""},"class_list":["post-10","page","type-page","status-publish","has-post-thumbnail","hentry"],"acf":[],"_links":{"self":[{"href":"https:\/\/hireanonymoushackers.com\/lt\/wp-json\/wp\/v2\/pages\/10","targetHints":{"allow":["GET"]}}],"collection":[{"href":"https:\/\/hireanonymoushackers.com\/lt\/wp-json\/wp\/v2\/pages"}],"about":[{"href":"https:\/\/hireanonymoushackers.com\/lt\/wp-json\/wp\/v2\/types\/page"}],"author":[{"embeddable":true,"href":"https:\/\/hireanonymoushackers.com\/lt\/wp-json\/wp\/v2\/users\/1"}],"replies":[{"embeddable":true,"href":"https:\/\/hireanonymoushackers.com\/lt\/wp-json\/wp\/v2\/comments?post=10"}],"version-history":[{"count":54,"href":"https:\/\/hireanonymoushackers.com\/lt\/wp-json\/wp\/v2\/pages\/10\/revisions"}],"predecessor-version":[{"id":876,"href":"https:\/\/hireanonymoushackers.com\/lt\/wp-json\/wp\/v2\/pages\/10\/revisions\/876"}],"wp:featuredmedia":[{"embeddable":true,"href":"https:\/\/hireanonymoushackers.com\/lt\/wp-json\/wp\/v2\/media\/782"}],"wp:attachment":[{"href":"https:\/\/hireanonymoushackers.com\/lt\/wp-json\/wp\/v2\/media?parent=10"}],"curies":[{"name":"wp","href":"https:\/\/api.w.org\/{rel}","templated":true}]}}