{"id":10,"date":"2020-12-16T12:04:19","date_gmt":"2020-12-16T12:04:19","guid":{"rendered":"http:\/\/cocaineforsaleonline.com\/?page_id=10"},"modified":"2024-04-22T20:19:09","modified_gmt":"2024-04-22T20:19:09","slug":"home","status":"publish","type":"page","link":"https:\/\/hireanonymoushackers.com\/it\/","title":{"rendered":"Casa"},"content":{"rendered":"<div class=\"banner has-hover show-for-small\" id=\"banner-1114784661\">\n          <div class=\"banner-inner fill\">\n        <div class=\"banner-bg fill\" >\n            <div class=\"bg fill bg-fill\"><\/div>\n                                    \n                    <\/div>\n        <div class=\"banner-layers container\">\n            <div class=\"fill banner-link\"><\/div>            \n        <\/div>\n      <\/div>\n\n              <div class=\"height-fix is-invisible\"><\/div>\n            \n<style>\n#banner-1114784661 {\n  background-color: rgb(247, 245, 244);\n}\n<\/style>\n  <\/div>\n\n\n\t<section class=\"section dark\" id=\"section_558923479\">\n\t\t<div class=\"bg section-bg fill bg-fill\" >\n\n\t\t\t\n\t\t\t<div class=\"section-bg-overlay absolute fill\"><\/div><button class=\"scroll-for-more z-5 icon absolute bottom h-center\"><i class=\"icon-angle-down\" style=\"font-size:42px;\"><\/i><\/button>\n\t\t\t\n\n\t\t<\/div>\n\n\t\t<div class=\"section-content relative\">\n\t\t\t\n<div class=\"row align-middle\"  id=\"row-1489734255\">\n\n\t<div id=\"col-86697681\" class=\"col medium-8 small-12 large-8\"  >\n\t\t<div class=\"col-inner\"  >\n\t\t\t\n\t\t\t\n<h6 class=\"uppercase\">Assumere un hacker<\/h6>\n<h1 style=\"font-size: 350%; line-height: 100%;\">Assumere hacker anonimi<\/h1>\n<p>Hacker anonimi a noleggio<\/p>\n<h1 style=\"font-size: 200%;\">Sito ufficiale di Anonymous Hackers<\/h1>\n<div class=\"row row-collapse\"  id=\"row-1878427409\">\n\n\t<div id=\"col-723531543\" class=\"col medium-6 small-12 large-6\"  >\n\t\t<div class=\"col-inner\"  >\n\t\t\t\n\t\t\t\n<a data-animate=\"blurIn\" href=\"https:\/\/hireanonymoushackers.com\/it\/assumere-un-hacker\/\" target=\"_self\" class=\"button secondary is-large lowercase expand\"  style=\"border-radius:4px;\">\n  <i class=\"icon-star\" ><\/i>  <span>Contatto<\/span>\n  <\/a>\n\n\t\t<\/div>\n\t\t\t<\/div>\n\n\t\n\n<style>\n#row-1878427409 > .col > .col-inner {\n  padding: 0px 5px 0px 5px;\n}\n<\/style>\n<\/div>\n\t\t<\/div>\n\t\t\t<\/div>\n\n\t\n<\/div>\n\t\t<\/div>\n\n\t\t\n<style>\n#section_558923479 {\n  padding-top: 60px;\n  padding-bottom: 60px;\n  min-height: 600px;\n  background-color: rgb(255,255,255);\n}\n#section_558923479 .section-bg-overlay {\n  background-color: rgb(45, 78, 103);\n}\n#section_558923479 .section-bg.bg-loaded {\n  background-image: 28;\n}\n@media (min-width:550px) {\n  #section_558923479 .section-bg-overlay {\n    background-color: rgba(0, 0, 0, 0.5);\n  }\n}\n@media (min-width:850px) {\n  #section_558923479 .section-bg-overlay {\n    background-color: rgba(0,0,0,.5);\n  }\n}\n<\/style>\n\t<\/section>\n\t\n\t<section class=\"section\" id=\"section_1198337831\">\n\t\t<div class=\"bg section-bg fill bg-fill  bg-loaded\" >\n\n\t\t\t\n\t\t\t\n\t\t\t\n\n\t\t<\/div>\n\n\t\t<div class=\"section-content relative\">\n\t\t\t\t\t<\/div>\n\n\t\t\n<style>\n#section_1198337831 {\n  padding-top: 0px;\n  padding-bottom: 0px;\n}\n<\/style>\n\t<\/section>\n\t\n\t<div id=\"gap-601749762\" class=\"gap-element clearfix\" style=\"display:block; height:auto;\">\n\t\t\n<style>\n#gap-601749762 {\n  padding-top: 59px;\n}\n<\/style>\n\t<\/div>\n\t\n<div class=\"row\"  id=\"row-801996333\"><\/div>\n\n\t<div id=\"col-1108248954\" class=\"col small-12 large-12\"  >\n\t\t<div class=\"col-inner\"  >\n\t\t\t\n\t\t\t\t\t<\/div>\n\t\t\t<\/div>\n\n\t\n<h2 style=\"text-align: center;\">ASSUMERE HACKER ANONIMI<\/h2>\n<p style=\"text-align: center;\">Assumere un hacker professionista \u00e8 difficile da trovare al giorno d'oggi, ma con Hireanonymoushackers potete mettervi in contatto con esperti del mondo dell'hacking in pochi secondi. Avete avuto molte difficolt\u00e0 a trovare l'hacker giusto per i vostri progetti di hacking? Trovate l'hacker giusto oggi su <a href=\"https:\/\/hireanonymoushackers.com\/it\/\">Hireanonymoushackers.com<\/a> con hacker professionisti di livello mondiale altamente qualificati e pronti ad aiutarvi a raggiungere il successo con i vostri progetti di hacking.<\/p>\n<h3 style=\"text-align: center;\">Hacker affidabili<\/h3>\n<p style=\"text-align: center;\">Il nostro servizio di deposito a garanzia, introdotto di recente, vi protegger\u00e0 anche da qualsiasi forma di vulnerabilit\u00e0 quando effettuerete il pagamento ai nostri hacker. Il vostro pagamento sar\u00e0 conservato in modo sicuro nel servizio di deposito a garanzia, che detiene il diritto ultimo di trattenere ed erogare il pagamento e lo far\u00e0 solo su vostra autorizzazione, una volta che sarete soddisfatti del lavoro consegnatovi dall'hacker assegnato.<\/p>\n<p><img decoding=\"async\" class=\"wp-image-795 lazyload\" data-src=\"https:\/\/hireanonymoushackers.io\/wp-content\/uploads\/2023\/06\/5-star-300x158.jpg\" alt=\"Hacker anonimi\" width=\"30\" height=\"16\" data-srcset=\"https:\/\/hireanonymoushackers.com\/wp-content\/uploads\/2023\/06\/5-star-300x158.jpg 300w, https:\/\/hireanonymoushackers.com\/wp-content\/uploads\/2023\/06\/5-star-1024x539.jpg 1024w, https:\/\/hireanonymoushackers.com\/wp-content\/uploads\/2023\/06\/5-star-768x404.jpg 768w, https:\/\/hireanonymoushackers.com\/wp-content\/uploads\/2023\/06\/5-star-600x316.jpg 600w, https:\/\/hireanonymoushackers.com\/wp-content\/uploads\/2023\/06\/5-star.jpg 1520w\" data-sizes=\"(max-width: 30px) 100vw, 30px\" src=\"data:image\/svg+xml;base64,PHN2ZyB3aWR0aD0iMSIgaGVpZ2h0PSIxIiB4bWxucz0iaHR0cDovL3d3dy53My5vcmcvMjAwMC9zdmciPjwvc3ZnPg==\" style=\"--smush-placeholder-width: 30px; --smush-placeholder-aspect-ratio: 30\/16;\" \/><\/p>\n<h3 style=\"text-align: center;\">NOLEGGIARE UN HACKER<\/h3>\n<p style=\"text-align: center;\">Siamo un team di hacker professionisti esperti in diversi settori. Da oltre 7 anni forniamo servizi di hacking a privati e aziende con servizi di hacking di qualit\u00e0 e discreti e ora stiamo portando i nostri servizi a voi. Avete gi\u00e0 provato ad acquistare servizi di hacking sul dark web? Non siete soddisfatti dei risultati? Solo promesse vuote ma nessuno che porta a termine il lavoro?<\/p>\n<p style=\"text-align: center;\">Allora dovreste provare Hire Hackers, gli hacker pi\u00f9 affidabili per ottenere risultati. A differenza di altri, i nostri prezzi non sono i pi\u00f9 economici, ma se non riusciamo a fare un lavoro, otterrete un rimborso completo.<a href=\"https:\/\/duckduckgo.com\/\" target=\"_blank\" rel=\"noopener\">.<\/a><\/p>\n<h3 style=\"text-align: center;\"><span class=\"tagify__tag-text\" contenteditable=\"true\">Hacker a noleggio<\/span><\/h3>\n<p style=\"text-align: center;\">Hire Anonymous Hackers \u00e8 un gruppo di hacker professionisti disponibile online per fornire servizi professionali e unici ai nostri clienti a livello globale. Assumere un hacker in Italia.<\/p>\n<p style=\"text-align: center;\">In Hire Anonymous Hackers le consegne vanno oltre le possibili soluzioni, siamo noti per essere i migliori fornitori di servizi di hacking nel corso degli anni di attivit\u00e0 in questo campo. Hacker black hat a noleggio.<\/p>\n<p><img decoding=\"async\" class=\"wp-image-803 aligncenter lazyload\" data-src=\"https:\/\/hireanonymoushackers.io\/wp-content\/uploads\/2023\/06\/Hire-Hackers-Services-300x225.jpg\" alt=\"Servizi di hackeraggio\" width=\"59\" height=\"44\" data-srcset=\"https:\/\/hireanonymoushackers.com\/wp-content\/uploads\/2023\/06\/Hire-Hackers-Services-300x225.jpg 300w, https:\/\/hireanonymoushackers.com\/wp-content\/uploads\/2023\/06\/Hire-Hackers-Services.jpg 350w\" data-sizes=\"(max-width: 59px) 100vw, 59px\" src=\"data:image\/svg+xml;base64,PHN2ZyB3aWR0aD0iMSIgaGVpZ2h0PSIxIiB4bWxucz0iaHR0cDovL3d3dy53My5vcmcvMjAwMC9zdmciPjwvc3ZnPg==\" style=\"--smush-placeholder-width: 59px; --smush-placeholder-aspect-ratio: 59\/44;\" \/><\/p>\n<h3 style=\"text-align: center;\">Hackers etici certificati affidabili da assumere<\/h3>\n<p style=\"text-align: center;\">I nostri hacker non sono nati hacker, la maggior parte dei nostri hacker ha lavorato per oltre 10 anni per diverse aziende nel campo delle telecomunicazioni, della sicurezza informatica, della gestione dei server e la maggior parte, se non tutti, hanno esperienza di lavoro per aziende che costruiscono diverse configurazioni di sicurezza per diverse applicazioni.<\/p>\n<p style=\"text-align: center;\">L'aver lavorato per queste aziende d\u00e0 ai nostri hacker un vantaggio e una visione completa di come funziona la sicurezza per le diverse applicazioni e hardware.<\/p>\n<h3 style=\"text-align: center;\"><span class=\"tagify__tag-text\" contenteditable=\"true\">Noleggiare un hacker<\/span><\/h3>\n<p style=\"text-align: center;\">Offriamo i migliori servizi di hacking professionale di qualit\u00e0 che non possono essere abbinati ad altre societ\u00e0 di hacker a noleggio. I nostri hacker professionisti hanno la tecnica di hacking pi\u00f9 avanzata per hackerare Facebook, Snapchat, Whatsapp, Twitter, Instagram, account e-mail, Gmail, Smart Phone, siti web, database e molti altri. Inoltre \u00e8 possibile richiedere un hacking personalizzato. Al giorno d'oggi assumere un hacker professionista \u00e8 difficile. Potreste essere truffati per servizi di hacking sbagliati o da falsi hacker su Internet. Non fatevi ingannare dai truffatori che pubblicizzano falsi servizi di hacking professionale.<\/p>\n<h3 style=\"text-align: center;\"><span class=\"tagify__tag-text\" contenteditable=\"true\">Servizi di hacking professionali<\/span><\/h3>\n<p style=\"text-align: center;\">Anonymous Hackers \u00e8 la piattaforma di hacking pi\u00f9 affidabile al mondo, dove si incontrano hacker professionisti per i propri servizi di hacking. Ci dedichiamo e lavoriamo per soddisfare le vostre richieste di hacking attraverso i nostri hacker nel dark web. Forniamo anche servizi di hacking 24 ore su 24 per assicurarci che possiate raggiungere i vostri obiettivi senza alcun ritardo. Hacking del server universitario.<\/p>\n<h4 style=\"text-align: center;\">Assumere un hacker per violare un sito web<\/h4>\n<p style=\"text-align: center;\">In qualit\u00e0 di piattaforma di hacking leader, siamo orgogliosi di servire i nostri clienti di tutto il mondo. I nostri hacker certificati sono il nostro punto di forza e la soddisfazione dei nostri clienti \u00e8 la nostra massima priorit\u00e0. Abbiamo esperti in diversi campi dell'hacking e promettiamo di fornire sempre una consegna rapida dei progetti. Con un'ampia gamma di soluzioni di hacking, apriamo la strada al successo che desiderate. Hacking del database universitario.<\/p>\n<h3 style=\"text-align: center;\">Hacker anonimi<\/h3>\n<p style=\"text-align: center;\">Anonymous Hackers \u00e8 un team di hacker anonimo che offre servizi di hacking professionale. Assumete un hacker per Facebook, e-mail, web, database o telefono. Siamo un team di hacker altamente qualificati e professionali che \u00e8 in grado di hackerare qualsiasi account sociale, account di posta elettronica, telefono, sito web o database. 100% garantisce privacy e riservatezza per i nostri clienti.Noleggiare un hacker per Facebook.<\/p>\n<p><img decoding=\"async\" class=\"wp-image-795 aligncenter lazyload\" data-src=\"https:\/\/hireanonymoushackers.io\/wp-content\/uploads\/2023\/06\/5-star-300x158.jpg\" alt=\"Hacker anonimi\" width=\"37\" height=\"19\" data-srcset=\"https:\/\/hireanonymoushackers.com\/wp-content\/uploads\/2023\/06\/5-star-300x158.jpg 300w, https:\/\/hireanonymoushackers.com\/wp-content\/uploads\/2023\/06\/5-star-1024x539.jpg 1024w, https:\/\/hireanonymoushackers.com\/wp-content\/uploads\/2023\/06\/5-star-768x404.jpg 768w, https:\/\/hireanonymoushackers.com\/wp-content\/uploads\/2023\/06\/5-star-600x316.jpg 600w, https:\/\/hireanonymoushackers.com\/wp-content\/uploads\/2023\/06\/5-star.jpg 1520w\" data-sizes=\"(max-width: 37px) 100vw, 37px\" src=\"data:image\/svg+xml;base64,PHN2ZyB3aWR0aD0iMSIgaGVpZ2h0PSIxIiB4bWxucz0iaHR0cDovL3d3dy53My5vcmcvMjAwMC9zdmciPjwvc3ZnPg==\" style=\"--smush-placeholder-width: 37px; --smush-placeholder-aspect-ratio: 37\/19;\" \/><\/p>\n<h3 style=\"text-align: center;\">Servizi di hackeraggio<\/h3>\n<p style=\"text-align: center;\">I nostri hacker a noleggio offrono un'ampia gamma di servizi di hacking professionale. Il nostro obiettivo \u00e8 quello di realizzare tutti i tipi di protezione online per i nostri preziosi clienti.<br \/>\nAssumete un hacker per tutte le vostre esigenze di hacking. Assumere un hacker per cambiare i voti<\/p>\n<h3 style=\"text-align: center;\">ELENCHI DI SERVIZI OFFERTI<\/h3>\n<p style=\"text-align: center;\">hacking e controllo della posta elettronica, da gmail, yahoo, email professionali e persino email protette con crittografia a 4096 bit.<br \/>\n\u2727 jailbreak\/hacking del PC (windows, mac, distro linux... .)<br \/>\n\u2727 Cambio di grado<br \/>\n\u2727 Numero di telefono Audit<br \/>\n\u2727 Pacchetto completo che consente di accedere ai dispositivi e agli account personali o aziendali e di cercare i dati necessari.<br \/>\n\u2727 Liquidazione del debito<\/p>\n<p style=\"text-align: center;\">hacking dell'amministratore del sito web\/php (possiamo dare accesso completo o rubare qualsiasi log o informazione)<br \/>\nPassaporto, carta d'identit\u00e0 o certificati che possono funzionare come quelli reali.<br \/>\n\u2727 Tracciamento del geo-localizzatore\/numero di telefono<br \/>\n\u2727 Spionaggio economico e spionaggio aziendale<br \/>\nCatturare il partner traditore \/ Monitoraggio del partner traditore<br \/>\n\u2727 Hacking mobile\/accesso remoto mobile<\/p>\n<p style=\"text-align: center;\">hacking degli account dei social media o clonazione degli accessi<br \/>\nPossiamo aiutarvi a rintracciare chiunque (basta fornirci qualsiasi informazione valida sulla vostra vittima).<br \/>\n\u2727 Gestione di campagne sui social media<br \/>\nIl porno della vendetta<br \/>\n\u2727 Accesso al database governativo e aziendale<\/p>\n<p style=\"text-align: center;\">Recupero delle prove<br \/>\n\u2727 Cancellazione dei registri penali<br \/>\nGioco di hacking<br \/>\nAudit dell'obiettivo<br \/>\nSe anche voi avete bisogno di assumere un hacker da noi per il vostro uso privato (ci facciamo pagare per ore di lavoro svolto);<\/p>\n<h3 style=\"text-align: center;\">Cosa ci rende la scelta migliore<\/h3>\n<p style=\"text-align: center;\">\u00c8 con immenso piacere e orgoglio che possiamo affermare che i nostri servizi non hanno eguali. Il team di hacker \u00e8 composto dagli hacker pi\u00f9 professionali, abili ed esperti, in grado di portare a termine qualsiasi compito.<\/p>\n<p style=\"text-align: center;\">E non finisce qui! Questo team di hacker \u00e8 completamente e rigorosamente etico e<br \/>\ncertificati, quindi se siete preoccupati di trovarvi nei guai mentre vi avvalete dei nostri servizi, siate<br \/>\nassicurato!<\/p>\n<h3 style=\"text-align: center;\">Assumere hacker professionisti<\/h3>\n<p style=\"text-align: center;\">E avete gi\u00e0 illustrato la miriade di servizi che possiamo offrire ai nostri clienti.<br \/>\nassistenza. Quindi, a prescindere dall'entit\u00e0 dei vostri problemi, potrete trovare la soluzione per<br \/>\ntutti su un'unica piattaforma.<br \/>\nChe si tratti di recuperare le password perdute o le transazioni di criptovaluta, abbiamo pensato a voi.<br \/>\ncoperto.<\/p>\n<p>&nbsp;<\/p>\n<h3 style=\"text-align: center;\">\u00c8 sicuro assumere un hacker online?<\/h3>\n<p style=\"text-align: center;\">S\u00ec, \u00e8 sicuro assumere un hacker online da noi. Siamo un gruppo professionale di hacker black hat. Abbiamo costruito la fiducia dei nostri stimati clienti e non abbiamo alcuna possibilit\u00e0 di giocare con loro. Molte persone si rivolgono a noi con esigenze diverse, che possono includere servizi di hackeraggio professionale, esigenze personali, questioni aziendali e questioni politiche. Non vi deludiamo in nessuna situazione e se sentite di aver bisogno di un professionista che vi assista nelle password delle e-mail, nel sistema e nell'hacking dei siti web, allora non esitate.<\/p>\n<h3 style=\"text-align: center;\">Hacker professionisti a noleggio<\/h3>\n<p style=\"text-align: center;\">Alcuni dei nostri clienti utilizzano i nostri servizi per testare la forza delle loro reti e questo \u00e8 qualcosa che facciamo al meglio. Nel caso in cui vogliate assumere un hacker per violare il database di un sito web o un telefono, recuperare i fondi persi o la password di un'e-mail a un prezzo vantaggioso, allora contattateci immediatamente. Le nostre tariffe sono ragionevoli e accettiamo bitcoin Il processo \u00e8 molto semplice: il cliente ci invia i dettagli o le cose che ha bisogno di hackerare, deposita 50% del pagamento e paga i restanti 50% dopo che l'hack \u00e8 stato completato.<\/p>\n<h3 style=\"text-align: center;\">Hacker verificati<\/h3>\n<p>Siamo hacker etici e investigatori privati al vostro servizio. Ogni membro del nostro team ha una grande esperienza nelle sue diverse nicchie. Nel nostro team ci sono specialisti di medicina legale digitale, hacker etici certificati, ingegneri informatici, esperti di sicurezza informatica, investigatori privati e altri ancora. Il nostro obiettivo \u00e8 rendere la vostra vita digitale sicura, protetta e senza problemi.<\/p>\n<h3 style=\"text-align: center;\">Hacker etici<\/h3>\n<p>Ogni giorno centinaia e migliaia di persone nel mondo sono vittime della compromissione di account di social media come Facebook, Snapchat, Instagram, ma anche di e-mail, telefoni cellulari, cattiva reputazione online, furto di identit\u00e0 e molto altro. Il furto d'identit\u00e0 pu\u00f2 essere utilizzato per richiedere in modo fraudolento crediti, conti sociali, tasse, assistenza medica, assicurazioni, ecc. Noi di HACKERS FOR HIRE (dot) io possiamo aiutarvi a difendervi da tutte queste minacce.<\/p>\n<h3 style=\"text-align: center;\">Servizi di hacking<\/h3>\n<p>Vi aiutiamo a proteggere i vostri dati, i vostri account sociali, i vostri telefoni, i vostri computer e la vostra identit\u00e0. Abbiamo anche clienti che vogliono rintracciare l'hacker, localizzare qualcuno, indagare sul coniuge traditore, recuperare i dati persi, gestire la reputazione online, ecc. Siamo qui per fornirvi soluzioni per tutte queste esigenze.<\/p>\n<div class=\"container section-title-container\" ><h3 class=\"section-title section-title-center\"><b><\/b><span class=\"section-title-main\" style=\"font-size:109%;\">HACKER ANONIMO<\/span><b><\/b><\/h3><\/div>\n[ux_products style=&#8221;normal&#8221; type=&#8221;row&#8221; equalize_box=&#8221;true&#8221; cat=&#8221;19,17,18&#8243; orderby=&#8221;rand&#8221; image_hover=&#8221;zoom&#8221; image_hover_alt=&#8221;zoom-long&#8221; text_padding=&#8221;0px 0px 0px 0px&#8221;]","protected":false},"excerpt":{"rendered":"<p>HIRE ANONYMOUS HACKERS Hiring a Professional hacker is hard to come by these days but with Hireanonymoushackers, you can connect with proven performers in the hacking world in a matter of seconds. Have you been having lots of difficulties getting the right hacker for your hacking projects? Find the right hacker today on Hireanonymoushackers.com with [&#8230;]","protected":false},"author":1,"featured_media":782,"parent":0,"menu_order":0,"comment_status":"closed","ping_status":"closed","template":"page-blank.php","meta":{"_acf_changed":false,"footnotes":""},"class_list":["post-10","page","type-page","status-publish","has-post-thumbnail","hentry"],"acf":[],"_links":{"self":[{"href":"https:\/\/hireanonymoushackers.com\/it\/wp-json\/wp\/v2\/pages\/10","targetHints":{"allow":["GET"]}}],"collection":[{"href":"https:\/\/hireanonymoushackers.com\/it\/wp-json\/wp\/v2\/pages"}],"about":[{"href":"https:\/\/hireanonymoushackers.com\/it\/wp-json\/wp\/v2\/types\/page"}],"author":[{"embeddable":true,"href":"https:\/\/hireanonymoushackers.com\/it\/wp-json\/wp\/v2\/users\/1"}],"replies":[{"embeddable":true,"href":"https:\/\/hireanonymoushackers.com\/it\/wp-json\/wp\/v2\/comments?post=10"}],"version-history":[{"count":54,"href":"https:\/\/hireanonymoushackers.com\/it\/wp-json\/wp\/v2\/pages\/10\/revisions"}],"predecessor-version":[{"id":876,"href":"https:\/\/hireanonymoushackers.com\/it\/wp-json\/wp\/v2\/pages\/10\/revisions\/876"}],"wp:featuredmedia":[{"embeddable":true,"href":"https:\/\/hireanonymoushackers.com\/it\/wp-json\/wp\/v2\/media\/782"}],"wp:attachment":[{"href":"https:\/\/hireanonymoushackers.com\/it\/wp-json\/wp\/v2\/media?parent=10"}],"curies":[{"name":"wp","href":"https:\/\/api.w.org\/{rel}","templated":true}]}}