{"id":10,"date":"2020-12-16T12:04:19","date_gmt":"2020-12-16T12:04:19","guid":{"rendered":"http:\/\/cocaineforsaleonline.com\/?page_id=10"},"modified":"2024-04-22T20:19:09","modified_gmt":"2024-04-22T20:19:09","slug":"home","status":"publish","type":"page","link":"https:\/\/hireanonymoushackers.com\/hu\/","title":{"rendered":"Home"},"content":{"rendered":"<div class=\"banner has-hover show-for-small\" id=\"banner-546260275\">\n          <div class=\"banner-inner fill\">\n        <div class=\"banner-bg fill\" >\n            <div class=\"bg fill bg-fill\"><\/div>\n                                    \n                    <\/div>\n        <div class=\"banner-layers container\">\n            <div class=\"fill banner-link\"><\/div>            \n        <\/div>\n      <\/div>\n\n              <div class=\"height-fix is-invisible\"><\/div>\n            \n<style>\n#banner-546260275 {\n  background-color: rgb(247, 245, 244);\n}\n<\/style>\n  <\/div>\n\n\n\t<section class=\"section dark\" id=\"section_404990342\">\n\t\t<div class=\"bg section-bg fill bg-fill\" >\n\n\t\t\t\n\t\t\t<div class=\"section-bg-overlay absolute fill\"><\/div><button class=\"scroll-for-more z-5 icon absolute bottom h-center\"><i class=\"icon-angle-down\" style=\"font-size:42px;\"><\/i><\/button>\n\t\t\t\n\n\t\t<\/div>\n\n\t\t<div class=\"section-content relative\">\n\t\t\t\n<div class=\"row align-middle\"  id=\"row-1535077485\">\n\n\t<div id=\"col-540292497\" class=\"col medium-8 small-12 large-8\"  >\n\t\t<div class=\"col-inner\"  >\n\t\t\t\n\t\t\t\n<h6 class=\"uppercase\">B\u00e9reljen egy hackert<\/h6>\n<h1 style=\"font-size: 350%; line-height: 100%;\">B\u00e9reljen anonim hackereket<\/h1>\n<p>Anonim hackerek b\u00e9relhet\u0151ek<\/p>\n<h1 style=\"font-size: 200%;\">Anonymous Hackers hivatalos honlapja<\/h1>\n<div class=\"row row-collapse\"  id=\"row-1165727113\">\n\n\t<div id=\"col-1259410118\" class=\"col medium-6 small-12 large-6\"  >\n\t\t<div class=\"col-inner\"  >\n\t\t\t\n\t\t\t\n<a data-animate=\"blurIn\" href=\"https:\/\/hireanonymoushackers.com\/hu\/hacker-berelheto\/\" target=\"_self\" class=\"button secondary is-large lowercase expand\"  style=\"border-radius:4px;\">\n  <i class=\"icon-star\" ><\/i>  <span>Kapcsolatfelv\u00e9tel<\/span>\n  <\/a>\n\n\t\t<\/div>\n\t\t\t<\/div>\n\n\t\n\n<style>\n#row-1165727113 > .col > .col-inner {\n  padding: 0px 5px 0px 5px;\n}\n<\/style>\n<\/div>\n\t\t<\/div>\n\t\t\t<\/div>\n\n\t\n<\/div>\n\t\t<\/div>\n\n\t\t\n<style>\n#section_404990342 {\n  padding-top: 60px;\n  padding-bottom: 60px;\n  min-height: 600px;\n  background-color: rgb(255,255,255);\n}\n#section_404990342 .section-bg-overlay {\n  background-color: rgb(45, 78, 103);\n}\n#section_404990342 .section-bg.bg-loaded {\n  background-image: 28;\n}\n@media (min-width:550px) {\n  #section_404990342 .section-bg-overlay {\n    background-color: rgba(0, 0, 0, 0.5);\n  }\n}\n@media (min-width:850px) {\n  #section_404990342 .section-bg-overlay {\n    background-color: rgba(0,0,0,.5);\n  }\n}\n<\/style>\n\t<\/section>\n\t\n\t<section class=\"section\" id=\"section_1196718743\">\n\t\t<div class=\"bg section-bg fill bg-fill  bg-loaded\" >\n\n\t\t\t\n\t\t\t\n\t\t\t\n\n\t\t<\/div>\n\n\t\t<div class=\"section-content relative\">\n\t\t\t\t\t<\/div>\n\n\t\t\n<style>\n#section_1196718743 {\n  padding-top: 0px;\n  padding-bottom: 0px;\n}\n<\/style>\n\t<\/section>\n\t\n\t<div id=\"gap-118009669\" class=\"gap-element clearfix\" style=\"display:block; height:auto;\">\n\t\t\n<style>\n#gap-118009669 {\n  padding-top: 59px;\n}\n<\/style>\n\t<\/div>\n\t\n<div class=\"row\"  id=\"row-1360911646\"><\/div>\n\n\t<div id=\"col-618614871\" class=\"col small-12 large-12\"  >\n\t\t<div class=\"col-inner\"  >\n\t\t\t\n\t\t\t\t\t<\/div>\n\t\t\t<\/div>\n\n\t\n<h2 style=\"text-align: center;\">ANONIM HACKEREK FELB\u00c9RL\u00c9SE<\/h2>\n<p style=\"text-align: center;\">Egy profi hacker felb\u00e9rl\u00e9se manaps\u00e1g neh\u00e9z, de a Hireanonymoushackers seg\u00edts\u00e9g\u00e9vel pillanatok alatt kapcsolatba l\u00e9phet a hacker vil\u00e1g bizony\u00edtott el\u0151ad\u00f3ival. Sok neh\u00e9zs\u00e9ggel k\u00fczd\u00f6tt\u00e9l, hogy megfelel\u0151 hackert tal\u00e1lj a hacker projektjeidhez? Tal\u00e1lja meg a megfelel\u0151 hackert m\u00e9g ma a <a href=\"https:\/\/hireanonymoushackers.com\/hu\/\">Hireanonymoushackers.com<\/a> magasan k\u00e9pzett, vil\u00e1gsz\u00ednvonal\u00fa, professzion\u00e1lis hackerekkel, akik k\u00e9szenl\u00e9tben \u00e1llnak, hogy seg\u00edtsenek \u00d6nnek sikeres hackerprojekt(ek) megval\u00f3s\u00edt\u00e1s\u00e1ban.<\/p>\n<h3 style=\"text-align: center;\">Megb\u00edzhat\u00f3 hackerek<\/h3>\n<p style=\"text-align: center;\">Az \u00fajonnan bevezetett let\u00e9ti szolg\u00e1ltat\u00e1sunk is megv\u00e9di \u00d6nt a hackereinknek t\u00f6rt\u00e9n\u0151 fizet\u00e9s sor\u00e1n felmer\u00fcl\u0151 b\u00e1rmilyen s\u00e9r\u00fcl\u00e9kenys\u00e9gt\u0151l. Az \u00d6n fizet\u00e9s\u00e9t biztons\u00e1gosan t\u00e1roljuk a let\u00e9ti szolg\u00e1ltat\u00e1sban, aki v\u00e9gs\u0151 joggal rendelkezik a fizet\u00e9s megtart\u00e1s\u00e1ra \u00e9s kifizet\u00e9s\u00e9re, \u00e9s csak akkor teszi ezt az \u00d6n enged\u00e9ly\u00e9vel, ha el\u00e9gedett a kijel\u00f6lt hacker \u00e1ltal \u00d6nnek sz\u00e1ll\u00edtott munk\u00e1val.<\/p>\n<p><img decoding=\"async\" class=\"wp-image-795 lazyload\" data-src=\"https:\/\/hireanonymoushackers.io\/wp-content\/uploads\/2023\/06\/5-star-300x158.jpg\" alt=\"Anonim hackerek\" width=\"30\" height=\"16\" data-srcset=\"https:\/\/hireanonymoushackers.com\/wp-content\/uploads\/2023\/06\/5-star-300x158.jpg 300w, https:\/\/hireanonymoushackers.com\/wp-content\/uploads\/2023\/06\/5-star-1024x539.jpg 1024w, https:\/\/hireanonymoushackers.com\/wp-content\/uploads\/2023\/06\/5-star-768x404.jpg 768w, https:\/\/hireanonymoushackers.com\/wp-content\/uploads\/2023\/06\/5-star-600x316.jpg 600w, https:\/\/hireanonymoushackers.com\/wp-content\/uploads\/2023\/06\/5-star.jpg 1520w\" data-sizes=\"(max-width: 30px) 100vw, 30px\" src=\"data:image\/svg+xml;base64,PHN2ZyB3aWR0aD0iMSIgaGVpZ2h0PSIxIiB4bWxucz0iaHR0cDovL3d3dy53My5vcmcvMjAwMC9zdmciPjwvc3ZnPg==\" style=\"--smush-placeholder-width: 30px; --smush-placeholder-aspect-ratio: 30\/16;\" \/><\/p>\n<h3 style=\"text-align: center;\">B\u00c9RELJEN FEL EGY HACKERT<\/h3>\n<p style=\"text-align: center;\">Mi egy csapat profi hackerekb\u0151l \u00e1ll\u00f3, k\u00fcl\u00f6nb\u00f6z\u0151 ter\u00fcleteken tapasztalt csapat vagyunk. T\u00f6bb mint 7 \u00e9ve ny\u00fajtunk hacker szolg\u00e1ltat\u00e1sokat mag\u00e1nszem\u00e9lyeknek \u00e9s mag\u00e1nint\u00e9zm\u00e9nyeknek min\u0151s\u00e9gi, diszkr\u00e9t hacker szolg\u00e1ltat\u00e1sokkal, \u00e9s most elhozzuk szolg\u00e1ltat\u00e1sainkat \u00d6nnek. Pr\u00f3b\u00e1lt m\u00e1r kor\u00e1bban hacker szolg\u00e1ltat\u00e1sokat v\u00e1s\u00e1rolni a s\u00f6t\u00e9t weben? Nem el\u00e9gedett az eredm\u00e9nyekkel? Csak \u00fcres \u00edg\u00e9retek, de senki nem v\u00e9gzi el a munk\u00e1t?<\/p>\n<p style=\"text-align: center;\">Akkor \u00e9rdemes kipr\u00f3b\u00e1lnod a Hire Hackers-t, a legmegb\u00edzhat\u00f3bb hackereket a dolgok elv\u00e9gz\u00e9s\u00e9hez. M\u00e1sokkal ellent\u00e9tben az \u00e1raink nem a legolcs\u00f3bbak, de ha nem tudunk elv\u00e9gezni egy munk\u00e1t, akkor teljes visszat\u00e9r\u00edt\u00e9st kapsz.<a href=\"https:\/\/duckduckgo.com\/\" target=\"_blank\" rel=\"noopener\">.<\/a><\/p>\n<h3 style=\"text-align: center;\"><span class=\"tagify__tag-text\" contenteditable=\"true\">Hackerek b\u00e9rbead\u00e1sra<\/span><\/h3>\n<p style=\"text-align: center;\">Hire Anonymous Hackers egy professzion\u00e1lis hacker csoport el\u00e9rhet\u0151 online, hogy egy professzion\u00e1lis \u00e9s egyedi szolg\u00e1ltat\u00e1sokat ny\u00fajt a mi kedves \u00fcgyfelek vil\u00e1gszerte. B\u00e9reljen egy hacker uk.<\/p>\n<p style=\"text-align: center;\">A Hire Anonim Hackers sz\u00e1ll\u00edt\u00f3 t\u00fal vannak a lehets\u00e9ges megold\u00e1sok, mi vagyunk ismert a legjobb hacker Szolg\u00e1ltat\u00f3k az \u00e9vek sor\u00e1n a m\u0171k\u00f6d\u00e9s ezen az \u00fczleti ter\u00fcleten. Fekete kalapos hackerek b\u00e9rbead\u00e1sa.<\/p>\n<p><img decoding=\"async\" class=\"wp-image-803 aligncenter lazyload\" data-src=\"https:\/\/hireanonymoushackers.io\/wp-content\/uploads\/2023\/06\/Hire-Hackers-Services-300x225.jpg\" alt=\"Hire Hackers szolg\u00e1ltat\u00e1sok\" width=\"59\" height=\"44\" data-srcset=\"https:\/\/hireanonymoushackers.com\/wp-content\/uploads\/2023\/06\/Hire-Hackers-Services-300x225.jpg 300w, https:\/\/hireanonymoushackers.com\/wp-content\/uploads\/2023\/06\/Hire-Hackers-Services.jpg 350w\" data-sizes=\"(max-width: 59px) 100vw, 59px\" src=\"data:image\/svg+xml;base64,PHN2ZyB3aWR0aD0iMSIgaGVpZ2h0PSIxIiB4bWxucz0iaHR0cDovL3d3dy53My5vcmcvMjAwMC9zdmciPjwvc3ZnPg==\" style=\"--smush-placeholder-width: 59px; --smush-placeholder-aspect-ratio: 59\/44;\" \/><\/p>\n<h3 style=\"text-align: center;\">Megb\u00edzhat\u00f3 hiteles\u00edtett etikus hackerek b\u00e9rbead\u00e1sra<\/h3>\n<p style=\"text-align: center;\">A hackereink nem sz\u00fcletett hackerek, a legt\u00f6bb hacker\u00fcnk t\u00f6bb mint 10 \u00e9ve dolgozik k\u00fcl\u00f6nb\u00f6z\u0151 v\u00e1llalatokn\u00e1l a t\u00e1vk\u00f6zl\u00e9s, a kiberbiztons\u00e1g, a szervermenedzsment ter\u00fclet\u00e9n, \u00e9s a legt\u00f6bbj\u00fck, ha nem mindegyik\u00fcknek van tapasztalata olyan v\u00e1llalatokn\u00e1l, amelyek k\u00fcl\u00f6nb\u00f6z\u0151 biztons\u00e1gi be\u00e1ll\u00edt\u00e1sokat \u00e9p\u00edtenek k\u00fcl\u00f6nb\u00f6z\u0151 alkalmaz\u00e1sokhoz.<\/p>\n<p style=\"text-align: center;\">Az ilyen v\u00e1llalatokn\u00e1l v\u00e9gzett munka el\u0151nyt biztos\u00edt hackereinknek, \u00e9s teljes r\u00e1l\u00e1t\u00e1st ad arra, hogyan m\u0171k\u00f6dik a biztons\u00e1g a k\u00fcl\u00f6nb\u00f6z\u0151 alkalmaz\u00e1sok \u00e9s hardverek eset\u00e9ben.<\/p>\n<h3 style=\"text-align: center;\"><span class=\"tagify__tag-text\" contenteditable=\"true\">B\u00e9reljen egy hackert<\/span><\/h3>\n<p style=\"text-align: center;\">K\u00edn\u00e1lunk legjobb min\u0151s\u00e9g\u0171 professzion\u00e1lis hacker szolg\u00e1ltat\u00e1sok, hogy nem lehet megfeleltetni m\u00e1s hacker b\u00e9rbe c\u00e9g. A professzion\u00e1lis hackerek a legfejlettebb hacker technika hack Facebook, Snapchat, Whatsapp, Twitter, Instagram, e-mail fi\u00f3kok, Gmail, okostelefon, honlap, adatb\u00e1zis \u00e9s m\u00e9g sok m\u00e1s. Szint\u00e9n lehet k\u00e9rni a szem\u00e9lyre szabott hack. Ezekben a napokban b\u00e9rl\u00e9se egy profi hacker neh\u00e9z. Lehet, hogy \u00e1tver\u00e9s a rossz hacker szolg\u00e1ltat\u00e1sok vagy hamis hackerek az interneten. Ne hagyja, hogy becsapj\u00e1k a csal\u00f3k, hogy a rekl\u00e1m hamis szakmai hacker szolg\u00e1ltat\u00e1sok.<\/p>\n<h3 style=\"text-align: center;\"><span class=\"tagify__tag-text\" contenteditable=\"true\">Professzion\u00e1lis hacker szolg\u00e1ltat\u00e1sok<\/span><\/h3>\n<p style=\"text-align: center;\">Az Anonymous Hackers a vil\u00e1g legmegb\u00edzhat\u00f3bb hacker platformja, ahol profi hackerekkel tal\u00e1lkozhatsz a hacker szolg\u00e1ltat\u00e1sok\u00e9rt. Elk\u00f6telezettek vagyunk, \u00e9s azon dolgozunk, hogy a hacker ig\u00e9nyeit a hackereinken kereszt\u00fcl kiel\u00e9g\u00edts\u00fck a s\u00f6t\u00e9t weben. Mi is biztos\u00edtunk 24 \u00f3r\u00e1s hacker szolg\u00e1ltat\u00e1sokat, hogy megbizonyosodjon arr\u00f3l, hogy k\u00e9sedelem n\u00e9lk\u00fcl teljes\u00edti c\u00e9ljait. Hack egyetemi szerver.<\/p>\n<h4 style=\"text-align: center;\">B\u00e9reljen egy hacker, hogy felt\u00f6rje a weboldalt<\/h4>\n<p style=\"text-align: center;\">Vezet\u0151 hackerplatformk\u00e9nt b\u00fcszk\u00e9n szolg\u00e1ljuk ki \u00fcgyfeleinket a vil\u00e1g minden t\u00e1j\u00e1r\u00f3l. Tan\u00fas\u00edtott hackereink jelentik az er\u0151ss\u00e9g\u00fcnket, \u00e9s az \u00fcgyf\u00e9l-el\u00e9gedetts\u00e9g a legf\u0151bb priorit\u00e1sunk. K\u00fcl\u00f6nb\u00f6z\u0151 hackel\u00e9si ter\u00fcleteken vannak szak\u00e9rt\u0151ink, \u00e9s \u00edg\u00e9rj\u00fck, hogy mindig gyors projekt\u00e1tad\u00e1st biztos\u00edtunk. A hackel\u00e9si megold\u00e1sok sz\u00e9les sk\u00e1l\u00e1j\u00e1val egyengetj\u00fck az utat a k\u00edv\u00e1nt hackel\u00e9si sikerhez. Hack egyetemi adatb\u00e1zis.<\/p>\n<h3 style=\"text-align: center;\">Anonim hackerek<\/h3>\n<p style=\"text-align: center;\">Az Anonymous Hackers egy n\u00e9vtelen hackerekb\u0151l \u00e1ll\u00f3 csapat, amely professzion\u00e1lis hacker szolg\u00e1ltat\u00e1sokat k\u00edn\u00e1l. B\u00e9reljen egy hacker Facebook, Email, Web, Adatb\u00e1zis vagy telefon hacker. Mi egy csapat magasan k\u00e9pzett \u00e9s professzion\u00e1lis hackerek, amely k\u00e9pes felt\u00f6rni b\u00e1rmilyen k\u00f6z\u00f6ss\u00e9gi fi\u00f3kok, e-mail fi\u00f3kok, telefon, weboldal vagy adatb\u00e1zis. 100% garanci\u00e1t a mag\u00e1n\u00e9let \u00e9s a titoktart\u00e1s \u00fcgyfeleink sz\u00e1m\u00e1ra.B\u00e9reljen egy hacker a Facebook.<\/p>\n<p><img decoding=\"async\" class=\"wp-image-795 aligncenter lazyload\" data-src=\"https:\/\/hireanonymoushackers.io\/wp-content\/uploads\/2023\/06\/5-star-300x158.jpg\" alt=\"Anonim hackerek\" width=\"37\" height=\"19\" data-srcset=\"https:\/\/hireanonymoushackers.com\/wp-content\/uploads\/2023\/06\/5-star-300x158.jpg 300w, https:\/\/hireanonymoushackers.com\/wp-content\/uploads\/2023\/06\/5-star-1024x539.jpg 1024w, https:\/\/hireanonymoushackers.com\/wp-content\/uploads\/2023\/06\/5-star-768x404.jpg 768w, https:\/\/hireanonymoushackers.com\/wp-content\/uploads\/2023\/06\/5-star-600x316.jpg 600w, https:\/\/hireanonymoushackers.com\/wp-content\/uploads\/2023\/06\/5-star.jpg 1520w\" data-sizes=\"(max-width: 37px) 100vw, 37px\" src=\"data:image\/svg+xml;base64,PHN2ZyB3aWR0aD0iMSIgaGVpZ2h0PSIxIiB4bWxucz0iaHR0cDovL3d3dy53My5vcmcvMjAwMC9zdmciPjwvc3ZnPg==\" style=\"--smush-placeholder-width: 37px; --smush-placeholder-aspect-ratio: 37\/19;\" \/><\/p>\n<h3 style=\"text-align: center;\">Hire Hackers szolg\u00e1ltat\u00e1sok<\/h3>\n<p style=\"text-align: center;\">A hackerek b\u00e9rbe k\u00edn\u00e1l sz\u00e9les k\u00f6r\u0171 professzion\u00e1lis hacker services.We c\u00e9lja, hogy mindenf\u00e9le online v\u00e9delmet \u00e9rt\u00e9kes \u00fcgyfeleink sz\u00e1m\u00e1ra.<br \/>\nB\u00e9reljen egy Hackert minden hacker ig\u00e9nye kiel\u00e9g\u00edt\u00e9s\u00e9re. B\u00e9reljen egy hackert a jegyek megv\u00e1ltoztat\u00e1s\u00e1hoz<\/p>\n<h3 style=\"text-align: center;\">AZ \u00c1LTALUNK K\u00cdN\u00c1LT SZOLG\u00c1LTAT\u00c1SOK LIST\u00c1JA<\/h3>\n<p style=\"text-align: center;\">\u2727 Mail hacker \u00e9s ellen\u0151rz\u00e9s kezdve a gmail, yahoo levelek, szakmai e-mailek&#8230;.to m\u00e9g biztos\u00edtott levelek 4096bits titkos\u00edt\u00e1ssal titkos\u00edtott levelek<br \/>\n\u2727 PC jailbreaking\/hacking (windows,mac,linux disztrib\u00faci\u00f3k... .)<br \/>\n\u2727 Fokozatv\u00e1lt\u00e1s<br \/>\n\u2727 Telefonsz\u00e1m ellen\u0151rz\u00e9se<br \/>\n\u2727 Teljes k\u00f6r\u0171 csomagaj\u00e1nlat, hozz\u00e1f\u00e9r\u00e9s a szem\u00e9lyes vagy v\u00e1llalati eszk\u00f6z\u00f6kh\u00f6z \u00e9s fi\u00f3kokhoz, valamint a sz\u00fcks\u00e9ges adatok keres\u00e9se.<br \/>\n\u2727 Ad\u00f3ss\u00e1grendez\u00e9s<\/p>\n<p style=\"text-align: center;\">\u2727 Weboldal \/ php admin hacker (tudunk adni teljes hozz\u00e1f\u00e9r\u00e9st vagy ellopni b\u00e1rmilyen napl\u00f3t vagy inform\u00e1ci\u00f3t)<br \/>\n\u2727 \u00datlev\u00e9l, igazolv\u00e1nyok vagy tan\u00fas\u00edtv\u00e1nyok, amelyek \u00fagy m\u0171k\u00f6dhetnek, mint az igaziak<br \/>\n\u2727 Geo-lok\u00e1tor \/ telefonsz\u00e1m-k\u00f6vet\u00e9s<br \/>\n\u2727 Gazdas\u00e1gi k\u00e9mked\u00e9s \u00e9s v\u00e1llalati k\u00e9mked\u00e9s<br \/>\n\u2727 Catch csal\u00f3 partner \/ csal\u00f3 partner megfigyel\u00e9se<br \/>\n\u2727 Mobil hackel\u00e9s\/mobil t\u00e1voli hozz\u00e1f\u00e9r\u00e9s<\/p>\n<p style=\"text-align: center;\">\u2727 A k\u00f6z\u00f6ss\u00e9gi m\u00e9dia sz\u00e1ml\u00e1k felt\u00f6r\u00e9se vagy hozz\u00e1f\u00e9r\u00e9s kl\u00f3noz\u00e1sa<br \/>\n\u2727 Seg\u00edt\u00fcnk nyomon k\u00f6vetni b\u00e1rkit (csak adjon nek\u00fcnk b\u00e1rmilyen \u00e9rv\u00e9nyes inform\u00e1ci\u00f3t az \u00e1ldozat\u00e1r\u00f3l)<br \/>\n\u2727 Futtasson k\u00f6z\u00f6ss\u00e9gi m\u00e9dia kamp\u00e1nyokat<br \/>\n\u2727 Bossz\u00faporn\u00f3<br \/>\n\u2727 Hozz\u00e1f\u00e9r\u00e9s a korm\u00e1nyzati \u00e9s v\u00e1llalati adatb\u00e1zisokhoz<\/p>\n<p style=\"text-align: center;\">\u2727 Bizony\u00edt\u00e9kok helyre\u00e1ll\u00edt\u00e1sa<br \/>\n\u2727 Tiszta b\u0171n\u00fcgyi nyilv\u00e1ntart\u00e1s<br \/>\n\u2727 Game Hacking<br \/>\n\u2727 C\u00e9lellen\u0151rz\u00e9s<br \/>\nHa u is kell b\u00e9relni egy hacker t\u0151l\u00fcnk a mag\u00e1nhaszn\u00e1latra(mi d\u00edj \u00f3r\u00e1nk\u00e9nt elv\u00e9gzett munka);<\/p>\n<h3 style=\"text-align: center;\">Mi tesz minket a legjobb v\u00e1laszt\u00e1ss\u00e1<\/h3>\n<p style=\"text-align: center;\">Hatalmas \u00f6r\u00f6m \u00e9s b\u00fcszkes\u00e9g sz\u00e1munkra, hogy elmondhatjuk, hogy szolg\u00e1ltat\u00e1saink nem hasonl\u00edtanak senki m\u00e1shoz. A hackerek csapata a legprofibb, legk\u00e9pzettebb \u00e9s legtapasztaltabb hackerekb\u0151l \u00e1ll, akik b\u00e1rmilyen feladatot el tudnak v\u00e9gezni.<\/p>\n<p style=\"text-align: center;\">\u00c9s ez m\u00e9g nem a v\u00e9ge! Ez a hackercsapat teljesen \u00e9s szigor\u00faan etikus \u00e9s<br \/>\ntan\u00fas\u00edtott, \u00edgy ha agg\u00f3dik, hogy bajba ker\u00fcl, mik\u00f6zben ig\u00e9nybe veszi szolg\u00e1ltat\u00e1sainkat, legyen<br \/>\nBiztos\u00edthatom!<\/p>\n<h3 style=\"text-align: center;\">B\u00e9reljen profi hackereket<\/h3>\n<p style=\"text-align: center;\">\u00c9s m\u00e1r \u00e1tment a sz\u00e1mtalan szolg\u00e1ltat\u00e1son, amelyeken kereszt\u00fcl k\u00edn\u00e1lhatjuk a<br \/>\nseg\u00edts\u00e9gny\u00fajt\u00e1s. \u00cdgy a probl\u00e9m\u00e1k nagys\u00e1grendj\u00e9t\u0151l f\u00fcggetlen\u00fcl megtal\u00e1lhatja a megold\u00e1st a k\u00f6vetkez\u0151kre<br \/>\nmindegyiket egy platformon.<br \/>\nLegyen sz\u00f3 elveszett jelszavak vagy kriptovaluta tranzakci\u00f3id helyre\u00e1ll\u00edt\u00e1s\u00e1r\u00f3l, mi megvan neked.<br \/>\nlefedve.<\/p>\n<p>&nbsp;<\/p>\n<h3 style=\"text-align: center;\">Biztons\u00e1gos-e egy hacker online felb\u00e9rl\u00e9se?<\/h3>\n<p style=\"text-align: center;\">Igen, biztons\u00e1gos t\u0151l\u00fcnk online hackert b\u00e9relni. Mi egy professzion\u00e1lis, fekete kalapos hackerekb\u0151l \u00e1ll\u00f3 csoport vagyunk. Bizalmat \u00e9p\u00edtett\u00fcnk a tisztelt \u00fcgyfeleinkben, \u00e9s nulla es\u00e9ly\u00fcnk van arra, hogy b\u00e1rmilyen j\u00e1t\u00e9kot j\u00e1tsszunk vel\u00fck. Sokan j\u00f6nnek hozz\u00e1nk k\u00fcl\u00f6nb\u00f6z\u0151 ig\u00e9nyekkel, amelyek magukban foglalhatj\u00e1k a professzion\u00e1lis hacker szolg\u00e1ltat\u00e1sokat, a szem\u00e9lyes ig\u00e9nyeket, a c\u00e9ggel kapcsolatos \u00fcgyeket, valamint a politikai \u00fcgyeket. Nem okozunk csal\u00f3d\u00e1st semmilyen helyzetben, \u00e9s ha \u00fagy \u00e9rzi, hogy sz\u00fcks\u00e9ge van egy szakemberre, hogy seg\u00edtsen \u00d6nnek az e-mail jelszavak, a rendszer, valamint a weboldal hacker, akkor ne habozzon.<\/p>\n<h3 style=\"text-align: center;\">Profi hackerek b\u00e9relhet\u0151ek<\/h3>\n<p style=\"text-align: center;\">N\u00e9h\u00e1ny \u00fcgyfel\u00fcnk a h\u00e1l\u00f3zatuk er\u0151ss\u00e9g\u00e9nek tesztel\u00e9s\u00e9re veszi ig\u00e9nybe szolg\u00e1ltat\u00e1sainkat, \u00e9s ezt a legjobb tud\u00e1sunk szerint tessz\u00fck. Abban az esetben, ha szeretne felb\u00e9relni egy hackert egy weboldal adatb\u00e1zis\u00e1nak vagy telefonj\u00e1nak felt\u00f6r\u00e9s\u00e9re, elveszett p\u00e9nzeszk\u00f6z\u00f6k vagy e-mail jelsz\u00f3 visszaszerz\u00e9s\u00e9re kedvez\u0151 d\u00edj\u00e9rt, akkor azonnal l\u00e9pjen kapcsolatba vel\u00fcnk. Az \u00e1raink \u00e9sszer\u0171ek, \u00e9s elfogadjuk a bitcoint A folyamat nagyon egyszer\u0171, mivel az \u00fcgyf\u00e9l elk\u00fcldi nek\u00fcnk a r\u00e9szleteket vagy a dolgokat, amelyeket meg kell hackelni, 50% a fizet\u00e9sb\u0151l, \u00e9s a fennmarad\u00f3 50%-et a hack befejez\u00e9se ut\u00e1n fizeti ki.<\/p>\n<h3 style=\"text-align: center;\">Ellen\u0151rz\u00f6tt hackerek<\/h3>\n<p>Mi etikus hackerek \u00e9s mag\u00e1nnyomoz\u00f3k vagyunk az \u00d6n szolg\u00e1lat\u00e1ban. Csapatunk minden tagja nagy tapasztalattal rendelkezik a k\u00fcl\u00f6nb\u00f6z\u0151 szakter\u00fcleteken. Csapatunkban digit\u00e1lis t\u00f6rv\u00e9nysz\u00e9ki szak\u00e9rt\u0151k, tan\u00fas\u00edtott etikus hackerek, sz\u00e1m\u00edt\u00f3g\u00e9pes m\u00e9rn\u00f6k\u00f6k, kiberbiztons\u00e1gi szak\u00e9rt\u0151k, mag\u00e1nnyomoz\u00f3k \u00e9s m\u00e9g sokan m\u00e1sok vannak. C\u00e9lunk, hogy digit\u00e1lis \u00e9let\u00e9t biztons\u00e1goss\u00e1, v\u00e9dett\u00e9 \u00e9s probl\u00e9mamentess\u00e9 tegy\u00fck.<\/p>\n<h3 style=\"text-align: center;\">Etikus hackerek<\/h3>\n<p>Naponta emberek sz\u00e1zai \u00e9s ezrei v\u00e1lnak \u00e1ldozatt\u00e1 a vil\u00e1gon a k\u00f6z\u00f6ss\u00e9gi m\u00e9dia fi\u00f3kok vesz\u00e9lyeztet\u00e9se miatt, mint p\u00e9ld\u00e1ul a Facebook, Snapchat, Instagram, e-mailek, mobiltelefonok, rossz online h\u00edrn\u00e9v, szem\u00e9lyazonoss\u00e1g-lop\u00e1s \u00e9s m\u00e9g sok m\u00e1s. A szem\u00e9lyazonoss\u00e1gi lop\u00e1s felhaszn\u00e1lhat\u00f3 a hitel, a szoci\u00e1lis sz\u00e1ml\u00e1k, az ad\u00f3bevall\u00e1s, az orvosi, biztos\u00edt\u00e1si stb. csal\u00e1rd m\u00f3don t\u00f6rt\u00e9n\u0151 ig\u00e9nyl\u00e9s\u00e9re. Mi a HACKERS FOR HIRE (dot) io, seg\u00edthet\u00fcnk \u00d6nnek megv\u00e9deni a fent eml\u00edtett \u00f6sszes fenyeget\u00e9s ellen.<\/p>\n<h3 style=\"text-align: center;\">Hacking szolg\u00e1ltat\u00e1sok<\/h3>\n<p>Seg\u00edt\u00fcnk megv\u00e9deni az adatokat, k\u00f6z\u00f6ss\u00e9gi fi\u00f3kokat, telefonokat, sz\u00e1m\u00edt\u00f3g\u00e9peket \u00e9s szem\u00e9lyazonoss\u00e1got, \u00e9s vannak olyan \u00fcgyfeleink is, akik a hacker nyom\u00e1ra akarnak bukkanni, valakit megkeresni, csal\u00f3 h\u00e1zast\u00e1rs nyomoz\u00e1s, elveszett adatok visszaszerz\u00e9se, online h\u00edrn\u00e9v kezel\u00e9se stb. Az\u00e9rt vagyunk itt, hogy b\u00e1rmilyen ilyen ig\u00e9nyre megold\u00e1st ny\u00fajtsunk \u00d6nnek.<\/p>\n<div class=\"container section-title-container\" ><h3 class=\"section-title section-title-center\"><b><\/b><span class=\"section-title-main\" style=\"font-size:109%;\">N\u00c9VTELEN HACKER<\/span><b><\/b><\/h3><\/div>\n[ux_products style=&#8221;normal&#8221; type=&#8221;row&#8221; equalize_box=&#8221;true&#8221; cat=&#8221;19,17,18&#8243; orderby=&#8221;rand&#8221; image_hover=&#8221;zoom&#8221; image_hover_alt=&#8221;zoom-long&#8221; text_padding=&#8221;0px 0px 0px 0px&#8221;]","protected":false},"excerpt":{"rendered":"<p>HIRE ANONYMOUS HACKERS Hiring a Professional hacker is hard to come by these days but with Hireanonymoushackers, you can connect with proven performers in the hacking world in a matter of seconds. Have you been having lots of difficulties getting the right hacker for your hacking projects? Find the right hacker today on Hireanonymoushackers.com with [&#8230;]","protected":false},"author":1,"featured_media":782,"parent":0,"menu_order":0,"comment_status":"closed","ping_status":"closed","template":"page-blank.php","meta":{"_acf_changed":false,"footnotes":""},"class_list":["post-10","page","type-page","status-publish","has-post-thumbnail","hentry"],"acf":[],"_links":{"self":[{"href":"https:\/\/hireanonymoushackers.com\/hu\/wp-json\/wp\/v2\/pages\/10","targetHints":{"allow":["GET"]}}],"collection":[{"href":"https:\/\/hireanonymoushackers.com\/hu\/wp-json\/wp\/v2\/pages"}],"about":[{"href":"https:\/\/hireanonymoushackers.com\/hu\/wp-json\/wp\/v2\/types\/page"}],"author":[{"embeddable":true,"href":"https:\/\/hireanonymoushackers.com\/hu\/wp-json\/wp\/v2\/users\/1"}],"replies":[{"embeddable":true,"href":"https:\/\/hireanonymoushackers.com\/hu\/wp-json\/wp\/v2\/comments?post=10"}],"version-history":[{"count":54,"href":"https:\/\/hireanonymoushackers.com\/hu\/wp-json\/wp\/v2\/pages\/10\/revisions"}],"predecessor-version":[{"id":876,"href":"https:\/\/hireanonymoushackers.com\/hu\/wp-json\/wp\/v2\/pages\/10\/revisions\/876"}],"wp:featuredmedia":[{"embeddable":true,"href":"https:\/\/hireanonymoushackers.com\/hu\/wp-json\/wp\/v2\/media\/782"}],"wp:attachment":[{"href":"https:\/\/hireanonymoushackers.com\/hu\/wp-json\/wp\/v2\/media?parent=10"}],"curies":[{"name":"wp","href":"https:\/\/api.w.org\/{rel}","templated":true}]}}