{"id":10,"date":"2020-12-16T12:04:19","date_gmt":"2020-12-16T12:04:19","guid":{"rendered":"http:\/\/cocaineforsaleonline.com\/?page_id=10"},"modified":"2024-04-22T20:19:09","modified_gmt":"2024-04-22T20:19:09","slug":"home","status":"publish","type":"page","link":"https:\/\/hireanonymoushackers.com\/hr\/","title":{"rendered":"Dom"},"content":{"rendered":"<div class=\"banner has-hover show-for-small\" id=\"banner-606570688\">\n          <div class=\"banner-inner fill\">\n        <div class=\"banner-bg fill\" >\n            <div class=\"bg fill bg-fill\"><\/div>\n                                    \n                    <\/div>\n        <div class=\"banner-layers container\">\n            <div class=\"fill banner-link\"><\/div>            \n        <\/div>\n      <\/div>\n\n              <div class=\"height-fix is-invisible\"><\/div>\n            \n<style>\n#banner-606570688 {\n  background-color: rgb(247, 245, 244);\n}\n<\/style>\n  <\/div>\n\n\n\t<section class=\"section dark\" id=\"section_275052056\">\n\t\t<div class=\"bg section-bg fill bg-fill\" >\n\n\t\t\t\n\t\t\t<div class=\"section-bg-overlay absolute fill\"><\/div><button class=\"scroll-for-more z-5 icon absolute bottom h-center\"><i class=\"icon-angle-down\" style=\"font-size:42px;\"><\/i><\/button>\n\t\t\t\n\n\t\t<\/div>\n\n\t\t<div class=\"section-content relative\">\n\t\t\t\n<div class=\"row align-middle\"  id=\"row-139010682\">\n\n\t<div id=\"col-2042586376\" class=\"col medium-8 small-12 large-8\"  >\n\t\t<div class=\"col-inner\"  >\n\t\t\t\n\t\t\t\n<h6 class=\"uppercase\">Unajmite hakera<\/h6>\n<h1 style=\"font-size: 350%; line-height: 100%;\">Unajmite anonimne hakere<\/h1>\n<p>Anonimni hakeri za unajmljivanje<\/p>\n<h1 style=\"font-size: 200%;\">Slu\u017ebeno web mjesto Anonymous Hackers<\/h1>\n<div class=\"row row-collapse\"  id=\"row-840871685\">\n\n\t<div id=\"col-1148421147\" class=\"col medium-6 small-12 large-6\"  >\n\t\t<div class=\"col-inner\"  >\n\t\t\t\n\t\t\t\n<a data-animate=\"blurIn\" href=\"https:\/\/hireanonymoushackers.com\/hr\/unajmiti-hakera\/\" target=\"_self\" class=\"button secondary is-large lowercase expand\"  style=\"border-radius:4px;\">\n  <i class=\"icon-star\" ><\/i>  <span>Kontaktirajte nas<\/span>\n  <\/a>\n\n\t\t<\/div>\n\t\t\t<\/div>\n\n\t\n\n<style>\n#row-840871685 > .col > .col-inner {\n  padding: 0px 5px 0px 5px;\n}\n<\/style>\n<\/div>\n\t\t<\/div>\n\t\t\t<\/div>\n\n\t\n<\/div>\n\t\t<\/div>\n\n\t\t\n<style>\n#section_275052056 {\n  padding-top: 60px;\n  padding-bottom: 60px;\n  min-height: 600px;\n  background-color: rgb(255,255,255);\n}\n#section_275052056 .section-bg-overlay {\n  background-color: rgb(45, 78, 103);\n}\n#section_275052056 .section-bg.bg-loaded {\n  background-image: 28;\n}\n@media (min-width:550px) {\n  #section_275052056 .section-bg-overlay {\n    background-color: rgba(0, 0, 0, 0.5);\n  }\n}\n@media (min-width:850px) {\n  #section_275052056 .section-bg-overlay {\n    background-color: rgba(0,0,0,.5);\n  }\n}\n<\/style>\n\t<\/section>\n\t\n\t<section class=\"section\" id=\"section_771983103\">\n\t\t<div class=\"bg section-bg fill bg-fill  bg-loaded\" >\n\n\t\t\t\n\t\t\t\n\t\t\t\n\n\t\t<\/div>\n\n\t\t<div class=\"section-content relative\">\n\t\t\t\t\t<\/div>\n\n\t\t\n<style>\n#section_771983103 {\n  padding-top: 0px;\n  padding-bottom: 0px;\n}\n<\/style>\n\t<\/section>\n\t\n\t<div id=\"gap-689218405\" class=\"gap-element clearfix\" style=\"display:block; height:auto;\">\n\t\t\n<style>\n#gap-689218405 {\n  padding-top: 59px;\n}\n<\/style>\n\t<\/div>\n\t\n<div class=\"row\"  id=\"row-222340444\"><\/div>\n\n\t<div id=\"col-1754910889\" class=\"col small-12 large-12\"  >\n\t\t<div class=\"col-inner\"  >\n\t\t\t\n\t\t\t\t\t<\/div>\n\t\t\t<\/div>\n\n\t\n<h2 style=\"text-align: center;\">UPOSLITE ANONIMNE HAKERE<\/h2>\n<p style=\"text-align: center;\">Danas je te\u0161ko prona\u0107i profesionalnog hakera, ali uz Hireanonymoushackers mo\u017eete se povezati s dokazanim izvo\u0111a\u010dima u svijetu hakiranja u nekoliko sekundi. Jeste li imali puno pote\u0161ko\u0107a u pronala\u017eenju pravog hakera za svoje hakerske projekte? Prona\u0111ite pravog hakera danas na <a href=\"https:\/\/hireanonymoushackers.com\/hr\/\">Hireanonymoushackers.com<\/a> s visoko kvalificiranim profesionalnim hakerima svjetske klase u pripravnosti koji \u0107e vam pomo\u0107i da postignete uspjeh s va\u0161im projektom hakiranja.<\/p>\n<h3 style=\"text-align: center;\">Pouzdani hakeri<\/h3>\n<p style=\"text-align: center;\">Na\u0161a novouvedena Escrow usluga tako\u0111er \u0107e vas za\u0161tititi od bilo kojeg oblika ranjivosti prilikom pla\u0107anja na\u0161im hakerima. Va\u0161a \u0107e uplata biti sigurno pohranjena u deponiranoj slu\u017ebi koja ima krajnje pravo zadr\u017eati i isplatiti uplatu i to \u0107e u\u010diniti samo uz va\u0161e dopu\u0161tenje nakon \u0161to ste zadovoljni radom koji vam je isporu\u010dio dodijeljeni haker.<\/p>\n<p><img decoding=\"async\" class=\"wp-image-795 lazyload\" data-src=\"https:\/\/hireanonymoushackers.io\/wp-content\/uploads\/2023\/06\/5-star-300x158.jpg\" alt=\"Anonimni hakeri\" width=\"30\" height=\"16\" data-srcset=\"https:\/\/hireanonymoushackers.com\/wp-content\/uploads\/2023\/06\/5-star-300x158.jpg 300w, https:\/\/hireanonymoushackers.com\/wp-content\/uploads\/2023\/06\/5-star-1024x539.jpg 1024w, https:\/\/hireanonymoushackers.com\/wp-content\/uploads\/2023\/06\/5-star-768x404.jpg 768w, https:\/\/hireanonymoushackers.com\/wp-content\/uploads\/2023\/06\/5-star-600x316.jpg 600w, https:\/\/hireanonymoushackers.com\/wp-content\/uploads\/2023\/06\/5-star.jpg 1520w\" data-sizes=\"(max-width: 30px) 100vw, 30px\" src=\"data:image\/svg+xml;base64,PHN2ZyB3aWR0aD0iMSIgaGVpZ2h0PSIxIiB4bWxucz0iaHR0cDovL3d3dy53My5vcmcvMjAwMC9zdmciPjwvc3ZnPg==\" style=\"--smush-placeholder-width: 30px; --smush-placeholder-aspect-ratio: 30\/16;\" \/><\/p>\n<h3 style=\"text-align: center;\">UPOSLITE HAKERA<\/h3>\n<p style=\"text-align: center;\">Mi smo tim profesionalnih hakera s iskustvom u razli\u010ditim podru\u010djima. Pru\u017eamo usluge hakiranja pojedincima i privatnim ustanovama vi\u0161e od 7 godina uz kvalitetne, diskretne usluge hakiranja, a sada na\u0161e usluge donosimo vama. Jeste li prije poku\u0161ali kupiti usluge hakiranja na dark webu? Niste zadovoljni rezultatima? Samo prazna obe\u0107anja, ali nitko ne obavlja posao?<\/p>\n<p style=\"text-align: center;\">Onda biste trebali isprobati Hire Hackers, hakere kojima se najvi\u0161e vjeruje za obavljanje poslova. Za razliku od drugih, na\u0161e cijene nisu najjeftinije, ali ako ne mo\u017eemo obaviti posao, dobit \u0107ete puni povrat novca<a href=\"https:\/\/duckduckgo.com\/\" target=\"_blank\" rel=\"noopener\">.<\/a><\/p>\n<h3 style=\"text-align: center;\"><span class=\"tagify__tag-text\" contenteditable=\"true\">Unajmljeni hakeri<\/span><\/h3>\n<p style=\"text-align: center;\">Hire Anonymous Hackers profesionalna je hakerska grupa dostupna online za pru\u017eanje profesionalnih i jedinstvenih usluga na\u0161im ljubaznim klijentima diljem svijeta. Unajmi hakera u Velikoj Britaniji.<\/p>\n<p style=\"text-align: center;\">U Hire Anonymous Hackers isporuka je izvan mogu\u0107ih rje\u0161enja, poznati smo po najboljim pru\u017eateljima usluga hakiranja tijekom godina rada u ovom poslovnom podru\u010dju. Black hat hakeri za iznajmljivanje.<\/p>\n<p><img decoding=\"async\" class=\"wp-image-803 aligncenter lazyload\" data-src=\"https:\/\/hireanonymoushackers.io\/wp-content\/uploads\/2023\/06\/Hire-Hackers-Services-300x225.jpg\" alt=\"Anga\u017eirajte hakerske usluge\" width=\"59\" height=\"44\" data-srcset=\"https:\/\/hireanonymoushackers.com\/wp-content\/uploads\/2023\/06\/Hire-Hackers-Services-300x225.jpg 300w, https:\/\/hireanonymoushackers.com\/wp-content\/uploads\/2023\/06\/Hire-Hackers-Services.jpg 350w\" data-sizes=\"(max-width: 59px) 100vw, 59px\" src=\"data:image\/svg+xml;base64,PHN2ZyB3aWR0aD0iMSIgaGVpZ2h0PSIxIiB4bWxucz0iaHR0cDovL3d3dy53My5vcmcvMjAwMC9zdmciPjwvc3ZnPg==\" style=\"--smush-placeholder-width: 59px; --smush-placeholder-aspect-ratio: 59\/44;\" \/><\/p>\n<h3 style=\"text-align: center;\">Pouzdani certificirani eti\u010dki hakeri za najam<\/h3>\n<p style=\"text-align: center;\">Na\u0161i hakeri nisu ro\u0111eni hakeri, ve\u0107ina na\u0161ih hakera radila je vi\u0161e od 10 godina za razli\u010dite tvrtke u podru\u010dju telekomunikacija, kiberneti\u010dke sigurnosti, upravljanja poslu\u017eiteljima i ve\u0107ina, ako ne i svi, imaju iskustva rade\u0107i za tvrtke koje izra\u0111uju razli\u010dite sigurnosne postavke za razli\u010dite aplikacije.<\/p>\n<p style=\"text-align: center;\">Rad za takve tvrtke daje na\u0161im hakerima prednost i potpuni uvid u to kako funkcionira sigurnost za razli\u010dite aplikacije i hardver.<\/p>\n<h3 style=\"text-align: center;\"><span class=\"tagify__tag-text\" contenteditable=\"true\">Rent A Hacker<\/span><\/h3>\n<p style=\"text-align: center;\">Nudimo profesionalne usluge hakiranja najbolje kvalitete koje se ne mogu mjeriti s drugim tvrtkama za unajmljivanje hakera. Na\u0161i profesionalni hakeri imaju najnapredniju tehniku hakiranja za hakiranje Facebooka, Snapchata, Whatsappa, Twittera, Instagrama, ra\u010duna e-po\u0161te, Gmaila, pametnog telefona, web stranice, baze podataka i jo\u0161 mnogo toga. Tako\u0111er mo\u017eete zatra\u017eiti prilago\u0111eno hakiranje. Danas je te\u0161ko zaposliti profesionalnog hakera. Mogli biste biti prevareni zbog pogre\u0161nih usluga hakiranja ili od strane la\u017enih hakera na Internetu. Nemojte se dati zavarati prevarantima koji reklamiraju la\u017ene profesionalne usluge hakiranja.<\/p>\n<h3 style=\"text-align: center;\"><span class=\"tagify__tag-text\" contenteditable=\"true\">Profesionalne usluge hakiranja<\/span><\/h3>\n<p style=\"text-align: center;\">Anonymous Hackers pojavili su se kao najpouzdanija platforma za hakiranje na svijetu na kojoj upoznajete profesionalne hakere za svoje usluge hakiranja. Predani smo i radimo na ispunjavanju va\u0161ih zahtjeva za hakiranjem putem na\u0161ih hakera na mra\u010dnom webu. Tako\u0111er pru\u017eamo 24-satne usluge hakiranja kako bismo bili sigurni da \u0107ete ispuniti svoje ciljeve bez odgode. Hakirajte sveu\u010dili\u0161ni poslu\u017eitelj.<\/p>\n<h4 style=\"text-align: center;\">Unajmite hakera da hakira web stranicu<\/h4>\n<p style=\"text-align: center;\">Kao vode\u0107a platforma za hakiranje, ponosni smo \u0161to slu\u017eimo na\u0161im klijentima iz cijelog svijeta. Na\u0161i certificirani hakeri na\u0161a su snaga, a zadovoljstvo kupaca na\u0161 je glavni prioritet. Imamo stru\u010dnjake u razli\u010ditim podru\u010djima hakiranja i obe\u0107avamo da \u0107emo uvijek osigurati brzu isporuku projekta. \u0160irokim rasponom rje\u0161enja za hakiranje utiremo put do uspjeha u hakiranju koji \u017eelite. Hakirajte sveu\u010dili\u0161nu bazu podataka.<\/p>\n<h3 style=\"text-align: center;\">Anonimni hakeri<\/h3>\n<p style=\"text-align: center;\">Anonymous Hackers je tim Antonymous Hackersa koji nudi profesionalne usluge hakiranja. Unajmite hakera za hakiranje Facebooka, e-po\u0161te, weba, baze podataka ili telefona. Mi smo tim visoko kvalificiranih i profesionalnih hakera koji je u stanju hakirati bilo koji dru\u0161tveni ra\u010dun, ra\u010dun e-po\u0161te, telefon, web stranicu ili bazu podataka. 100% jamstvo privatnosti i povjerljivosti za na\u0161e klijente. Unajmite hakera za Facebook.<\/p>\n<p><img decoding=\"async\" class=\"wp-image-795 aligncenter lazyload\" data-src=\"https:\/\/hireanonymoushackers.io\/wp-content\/uploads\/2023\/06\/5-star-300x158.jpg\" alt=\"Anonimni hakeri\" width=\"37\" height=\"19\" data-srcset=\"https:\/\/hireanonymoushackers.com\/wp-content\/uploads\/2023\/06\/5-star-300x158.jpg 300w, https:\/\/hireanonymoushackers.com\/wp-content\/uploads\/2023\/06\/5-star-1024x539.jpg 1024w, https:\/\/hireanonymoushackers.com\/wp-content\/uploads\/2023\/06\/5-star-768x404.jpg 768w, https:\/\/hireanonymoushackers.com\/wp-content\/uploads\/2023\/06\/5-star-600x316.jpg 600w, https:\/\/hireanonymoushackers.com\/wp-content\/uploads\/2023\/06\/5-star.jpg 1520w\" data-sizes=\"(max-width: 37px) 100vw, 37px\" src=\"data:image\/svg+xml;base64,PHN2ZyB3aWR0aD0iMSIgaGVpZ2h0PSIxIiB4bWxucz0iaHR0cDovL3d3dy53My5vcmcvMjAwMC9zdmciPjwvc3ZnPg==\" style=\"--smush-placeholder-width: 37px; --smush-placeholder-aspect-ratio: 37\/19;\" \/><\/p>\n<h3 style=\"text-align: center;\">Anga\u017eirajte hakerske usluge<\/h3>\n<p style=\"text-align: center;\">Na\u0161i unajmljeni hakeri nude \u0161irok raspon profesionalnih usluga hakiranja. Cilj nam je napraviti sve vrste mre\u017ene za\u0161tite za na\u0161e vrijedne klijente.<br \/>\nUnajmite hakera za sve va\u0161e hakerske potrebe. Unajmi hakera da promijeni ocjene<\/p>\n<h3 style=\"text-align: center;\">POPIS USLUGA KOJE NUDIMO<\/h3>\n<p style=\"text-align: center;\">\u2727 Hakiranje i kontrola po\u0161te u rasponu od gmaila, yahoo po\u0161te, profesionalne e-po\u0161te&#8230;.do \u010dak za\u0161ti\u0107ene po\u0161te s 4096-bitnom enkripcijom<br \/>\n\u2727 Pc jailbreaking\/hakiranje (windows,mac,linux distros\u2026 .)<br \/>\n\u2727 Promjena razreda<br \/>\n\u2727 Revizija telefonskog broja<br \/>\n\u2727 Potpuni paket usluga, dobivanje pristupa osobnim ili poslovnim ure\u0111ajima i ra\u010dunima te tra\u017eenje podataka koji su vam potrebni.<br \/>\n\u2727 \u010ci\u0161\u0107enje duga<\/p>\n<p style=\"text-align: center;\">\u2727 Administratorsko hakiranje web stranice\/php (mo\u017eemo dati potpuni pristup ili ukrasti bilo koju evidenciju ili podatke)<br \/>\n\u2727 Putovnica, osobne iskaznice ili potvrde koje mogu funkcionirati kao prave<br \/>\n\u2727 Geo-lokator\/pra\u0107enje telefonskog broja<br \/>\n\u2727 Ekonomska \u0161pijuna\u017ea i korporativna \u0161pijuna\u017ea<br \/>\n\u2727 Uhvatite varaju\u0107eg partnera \/ nadzor varaju\u0107eg partnera<br \/>\n\u2727 Mobilno hakiranje\/mobilni daljinski pristup<\/p>\n<p style=\"text-align: center;\">\u2727 Dru\u0161tveni mediji djeluju na hakiranje ili kloniranje pristupa<br \/>\n\u2727 Mo\u017eemo vam pomo\u0107i da pratite bilo koga (samo nam dajte valjane podatke o svojoj \u017ertvi)<br \/>\n\u2727 Vodite kampanje na dru\u0161tvenim mre\u017eama<br \/>\n\u2727 Osvetni\u010dka pornografija<br \/>\n\u2727 Pristup dr\u017eavnoj bazi podataka i bazi podataka poduze\u0107a<\/p>\n<p style=\"text-align: center;\">\u2727 Oporavak dokaza<br \/>\n\u2727 Obri\u0161ite kaznenu evidenciju<br \/>\n\u2727 Hakiranje igara<br \/>\n\u2727 Ciljana revizija<br \/>\nAko tako\u0111er trebate unajmiti hakera od nas za va\u0161u privatnu upotrebu (napla\u0107ujemo po satima obavljenog posla);<\/p>\n<h3 style=\"text-align: center;\">\u0160to nas \u010dini va\u0161im najboljim izborom<\/h3>\n<p style=\"text-align: center;\">Iznimno nam je zadovoljstvo i ponos re\u0107i da su na\u0161e usluge kao nitko drugi. Hakerski tim sastoji se od najstru\u010dnijih, najvje\u0161tijih i iskusnih hakera koji mogu obaviti svaki zadatak<\/p>\n<p style=\"text-align: center;\">I tu nije kraj! Ovaj tim hakera potpuno je i strogo eti\u010dan i<br \/>\ncertificirani, pa ako ste zabrinuti da \u0107ete upasti u nevolje dok koristite na\u0161e usluge, budite<br \/>\nosiguran!<\/p>\n<h3 style=\"text-align: center;\">Unajmite profesionalne hakere<\/h3>\n<p style=\"text-align: center;\">I ve\u0107 ste pregledali bezbroj usluga putem kojih mo\u017eemo ponuditi na\u0161e<br \/>\npomo\u0107. Dakle, bez obzira na veli\u010dinu svojih problema, mo\u017eete prona\u0107i rje\u0161enje za<br \/>\nsvaki od njih na jednoj platformi.<br \/>\nBilo da se radi o oporavku izgubljenih zaporki ili va\u0161oj transakciji kriptovalute, imamo vas<br \/>\npokriveno.<\/p>\n<p>&nbsp;<\/p>\n<h3 style=\"text-align: center;\">Je li sigurno unajmiti hakera online<\/h3>\n<p style=\"text-align: center;\">Da, kod nas je sigurno unajmiti hakera online. Mi smo profesionalna skupina crnih hakera. Izgradili smo povjerenje u na\u0161e cijenjene kupce i nemamo nikakve \u0161anse igrati bilo kakve igre s njima. Mnogi ljudi dolaze k nama s razli\u010ditim potrebama, koje mogu uklju\u010divati profesionalne hakerske usluge, osobne potrebe, pitanja vezana uz tvrtku kao i politi\u010dka pitanja. Ne razo\u010daravamo ni u jednoj situaciji i ako smatrate da vam je potreban profesionalac koji \u0107e vam pomo\u0107i oko lozinki e-po\u0161te, sustava kao i hakiranja web stranica, onda ne oklijevajte.<\/p>\n<h3 style=\"text-align: center;\">Profesionalni hakeri za najam<\/h3>\n<p style=\"text-align: center;\">Neki od na\u0161ih klijenata koriste na\u0161e usluge kako bi testirali snagu svojih mre\u017ea i to je ne\u0161to \u0161to radimo na svojoj razini. U slu\u010daju da \u017eelite anga\u017eirati hakera za hakiranje baze podataka web stranice, telefona, povrat izgubljenih sredstava ili e-mail lozinke za povoljnu naknadu, odmah nas kontaktirajte. Na\u0161e stope su razumne i prihva\u0107amo bitcoine. Proces je vrlo jednostavan jer nam klijent \u0161alje detalje ili stvari koje treba hakirati, pola\u017ee 50% pla\u0107anja i pla\u0107a preostalih 50% nakon \u0161to je hakiranje zavr\u0161eno.<\/p>\n<h3 style=\"text-align: center;\">Provjereni hakeri<\/h3>\n<p>Mi smo eti\u010dki hakeri i privatni istra\u017eitelji vama na usluzi. Svaki \u010dlan na\u0161eg tima ima veliko iskustvo u svojim razli\u010ditim ni\u0161ama. U na\u0161em timu imamo stru\u010dnjake za digitalnu forenziku, certificirane eti\u010dke hakere, ra\u010dunalne in\u017eenjere, stru\u010dnjake za kiberneti\u010dku sigurnost, privatne istra\u017eitelje i jo\u0161 mnogo toga. Na\u0161 je cilj u\u010diniti va\u0161 digitalni \u017eivot sigurnim i bezbri\u017enim.<\/p>\n<h3 style=\"text-align: center;\">Eti\u010dki hakeri<\/h3>\n<p>Svaki dan stotine i tisu\u0107e ljudi u svijetu \u017ertve su kompromitiranja ra\u010duna na dru\u0161tvenim mre\u017eama poput Facebooka, Snapchata, Instagrama, e-po\u0161te, mobilnih telefona, lo\u0161e online reputacije, kra\u0111e osobnih dokumenata i mnogih drugih. Kra\u0111a identiteta mo\u017ee se koristiti za la\u017enu prijavu za kredit, ra\u010dune na dru\u0161tvenim mre\u017eama, porezne prijave, zdravstveno osiguranje, itd. Mi u HACKERS FOR HIRE (dot) io mo\u017eemo vam pomo\u0107i u obrani od svih gore navedenih prijetnji.<\/p>\n<h3 style=\"text-align: center;\">Usluge hakiranja<\/h3>\n<p>Poma\u017eemo vam da za\u0161titite svoje podatke, ra\u010dune na dru\u0161tvenim mre\u017eama, telefone, ra\u010dunala i identitet, a tako\u0111er imamo klijente koji \u017eele u\u0107i u trag hakeru, locirati nekoga, prevariti supru\u017enika, vratiti izgubljene podatke, upravljati internetskom reputacijom itd. Ovdje smo da pru\u017eimo imate rje\u0161enja za takve potrebe.<\/p>\n<div class=\"container section-title-container\" ><h3 class=\"section-title section-title-center\"><b><\/b><span class=\"section-title-main\" style=\"font-size:109%;\">ANONIMNI HAKER<\/span><b><\/b><\/h3><\/div>\n[ux_products style=&#8221;normal&#8221; type=&#8221;row&#8221; equalize_box=&#8221;true&#8221; cat=&#8221;19,17,18&#8243; orderby=&#8221;rand&#8221; image_hover=&#8221;zoom&#8221; image_hover_alt=&#8221;zoom-long&#8221; text_padding=&#8221;0px 0px 0px 0px&#8221;]","protected":false},"excerpt":{"rendered":"<p>HIRE ANONYMOUS HACKERS Hiring a Professional hacker is hard to come by these days but with Hireanonymoushackers, you can connect with proven performers in the hacking world in a matter of seconds. Have you been having lots of difficulties getting the right hacker for your hacking projects? Find the right hacker today on Hireanonymoushackers.com with [&#8230;]","protected":false},"author":1,"featured_media":782,"parent":0,"menu_order":0,"comment_status":"closed","ping_status":"closed","template":"page-blank.php","meta":{"_acf_changed":false,"footnotes":""},"class_list":["post-10","page","type-page","status-publish","has-post-thumbnail","hentry"],"acf":[],"_links":{"self":[{"href":"https:\/\/hireanonymoushackers.com\/hr\/wp-json\/wp\/v2\/pages\/10","targetHints":{"allow":["GET"]}}],"collection":[{"href":"https:\/\/hireanonymoushackers.com\/hr\/wp-json\/wp\/v2\/pages"}],"about":[{"href":"https:\/\/hireanonymoushackers.com\/hr\/wp-json\/wp\/v2\/types\/page"}],"author":[{"embeddable":true,"href":"https:\/\/hireanonymoushackers.com\/hr\/wp-json\/wp\/v2\/users\/1"}],"replies":[{"embeddable":true,"href":"https:\/\/hireanonymoushackers.com\/hr\/wp-json\/wp\/v2\/comments?post=10"}],"version-history":[{"count":54,"href":"https:\/\/hireanonymoushackers.com\/hr\/wp-json\/wp\/v2\/pages\/10\/revisions"}],"predecessor-version":[{"id":876,"href":"https:\/\/hireanonymoushackers.com\/hr\/wp-json\/wp\/v2\/pages\/10\/revisions\/876"}],"wp:featuredmedia":[{"embeddable":true,"href":"https:\/\/hireanonymoushackers.com\/hr\/wp-json\/wp\/v2\/media\/782"}],"wp:attachment":[{"href":"https:\/\/hireanonymoushackers.com\/hr\/wp-json\/wp\/v2\/media?parent=10"}],"curies":[{"name":"wp","href":"https:\/\/api.w.org\/{rel}","templated":true}]}}