{"id":10,"date":"2020-12-16T12:04:19","date_gmt":"2020-12-16T12:04:19","guid":{"rendered":"http:\/\/cocaineforsaleonline.com\/?page_id=10"},"modified":"2024-04-22T20:19:09","modified_gmt":"2024-04-22T20:19:09","slug":"home","status":"publish","type":"page","link":"https:\/\/hireanonymoushackers.com\/fr\/","title":{"rendered":"Accueil"},"content":{"rendered":"<div class=\"banner has-hover show-for-small\" id=\"banner-1571639726\">\n          <div class=\"banner-inner fill\">\n        <div class=\"banner-bg fill\" >\n            <div class=\"bg fill bg-fill\"><\/div>\n                                    \n                    <\/div>\n        <div class=\"banner-layers container\">\n            <div class=\"fill banner-link\"><\/div>            \n        <\/div>\n      <\/div>\n\n              <div class=\"height-fix is-invisible\"><\/div>\n            \n<style>\n#banner-1571639726 {\n  background-color: rgb(247, 245, 244);\n}\n<\/style>\n  <\/div>\n\n\n\t<section class=\"section dark\" id=\"section_1364667563\">\n\t\t<div class=\"bg section-bg fill bg-fill\" >\n\n\t\t\t\n\t\t\t<div class=\"section-bg-overlay absolute fill\"><\/div><button class=\"scroll-for-more z-5 icon absolute bottom h-center\"><i class=\"icon-angle-down\" style=\"font-size:42px;\"><\/i><\/button>\n\t\t\t\n\n\t\t<\/div>\n\n\t\t<div class=\"section-content relative\">\n\t\t\t\n<div class=\"row align-middle\"  id=\"row-569122531\">\n\n\t<div id=\"col-802495278\" class=\"col medium-8 small-12 large-8\"  >\n\t\t<div class=\"col-inner\"  >\n\t\t\t\n\t\t\t\n<h6 class=\"uppercase\">Engager un hacker<\/h6>\n<h1 style=\"font-size: 350%; line-height: 100%;\">Embaucher des hackers anonymes<\/h1>\n<p>Hackers anonymes \u00e0 recruter<\/p>\n<h1 style=\"font-size: 200%;\">Site officiel des pirates anonymes<\/h1>\n<div class=\"row row-collapse\"  id=\"row-233481779\">\n\n\t<div id=\"col-663004209\" class=\"col medium-6 small-12 large-6\"  >\n\t\t<div class=\"col-inner\"  >\n\t\t\t\n\t\t\t\n<a data-animate=\"blurIn\" href=\"https:\/\/hireanonymoushackers.com\/fr\/embaucher-un-hacker\/\" target=\"_self\" class=\"button secondary is-large lowercase expand\"  style=\"border-radius:4px;\">\n  <i class=\"icon-star\" ><\/i>  <span>Nous contacter<\/span>\n  <\/a>\n\n\t\t<\/div>\n\t\t\t<\/div>\n\n\t\n\n<style>\n#row-233481779 > .col > .col-inner {\n  padding: 0px 5px 0px 5px;\n}\n<\/style>\n<\/div>\n\t\t<\/div>\n\t\t\t<\/div>\n\n\t\n<\/div>\n\t\t<\/div>\n\n\t\t\n<style>\n#section_1364667563 {\n  padding-top: 60px;\n  padding-bottom: 60px;\n  min-height: 600px;\n  background-color: rgb(255,255,255);\n}\n#section_1364667563 .section-bg-overlay {\n  background-color: rgb(45, 78, 103);\n}\n#section_1364667563 .section-bg.bg-loaded {\n  background-image: 28;\n}\n@media (min-width:550px) {\n  #section_1364667563 .section-bg-overlay {\n    background-color: rgba(0, 0, 0, 0.5);\n  }\n}\n@media (min-width:850px) {\n  #section_1364667563 .section-bg-overlay {\n    background-color: rgba(0,0,0,.5);\n  }\n}\n<\/style>\n\t<\/section>\n\t\n\t<section class=\"section\" id=\"section_556535586\">\n\t\t<div class=\"bg section-bg fill bg-fill  bg-loaded\" >\n\n\t\t\t\n\t\t\t\n\t\t\t\n\n\t\t<\/div>\n\n\t\t<div class=\"section-content relative\">\n\t\t\t\t\t<\/div>\n\n\t\t\n<style>\n#section_556535586 {\n  padding-top: 0px;\n  padding-bottom: 0px;\n}\n<\/style>\n\t<\/section>\n\t\n\t<div id=\"gap-866126566\" class=\"gap-element clearfix\" style=\"display:block; height:auto;\">\n\t\t\n<style>\n#gap-866126566 {\n  padding-top: 59px;\n}\n<\/style>\n\t<\/div>\n\t\n<div class=\"row\"  id=\"row-1489824356\"><\/div>\n\n\t<div id=\"col-447702605\" class=\"col small-12 large-12\"  >\n\t\t<div class=\"col-inner\"  >\n\t\t\t\n\t\t\t\t\t<\/div>\n\t\t\t<\/div>\n\n\t\n<h2 style=\"text-align: center;\">ENGAGER DES HACKERS ANONYMES<\/h2>\n<p style=\"text-align: center;\">Engager un hacker professionnel est difficile de nos jours, mais avec Hireanonymoushackers, vous pouvez entrer en contact avec des personnes ayant fait leurs preuves dans le monde du hacking en l'espace de quelques secondes. Vous avez eu beaucoup de difficult\u00e9s \u00e0 trouver le bon hacker pour vos projets de hacking ? Trouvez le bon hacker d\u00e8s aujourd'hui sur <a href=\"https:\/\/hireanonymoushackers.com\/fr\/\">Engager des hackers anonymes.com<\/a> avec des hackers professionnels de classe mondiale hautement qualifi\u00e9s, pr\u00eats \u00e0 vous aider \u00e0 mener \u00e0 bien votre ou vos projets de hacking.<\/p>\n<h3 style=\"text-align: center;\">Des pirates fiables<\/h3>\n<p style=\"text-align: center;\">Notre nouveau service de d\u00e9p\u00f4t fiduciaire vous prot\u00e9gera \u00e9galement de toute forme de vuln\u00e9rabilit\u00e9 lorsque vous effectuez un paiement \u00e0 nos hackers. Votre paiement sera stock\u00e9 en toute s\u00e9curit\u00e9 dans le service de d\u00e9p\u00f4t fiduciaire qui d\u00e9tient le droit ultime de conserver et de d\u00e9bourser le paiement et ne le fera qu'avec votre autorisation une fois que vous serez satisfait du travail qui vous est livr\u00e9 par le hacker assign\u00e9.<\/p>\n<p><img decoding=\"async\" class=\"wp-image-795 lazyload\" data-src=\"https:\/\/hireanonymoushackers.io\/wp-content\/uploads\/2023\/06\/5-star-300x158.jpg\" alt=\"Pirates informatiques anonymes\" width=\"30\" height=\"16\" data-srcset=\"https:\/\/hireanonymoushackers.com\/wp-content\/uploads\/2023\/06\/5-star-300x158.jpg 300w, https:\/\/hireanonymoushackers.com\/wp-content\/uploads\/2023\/06\/5-star-1024x539.jpg 1024w, https:\/\/hireanonymoushackers.com\/wp-content\/uploads\/2023\/06\/5-star-768x404.jpg 768w, https:\/\/hireanonymoushackers.com\/wp-content\/uploads\/2023\/06\/5-star-600x316.jpg 600w, https:\/\/hireanonymoushackers.com\/wp-content\/uploads\/2023\/06\/5-star.jpg 1520w\" data-sizes=\"(max-width: 30px) 100vw, 30px\" src=\"data:image\/svg+xml;base64,PHN2ZyB3aWR0aD0iMSIgaGVpZ2h0PSIxIiB4bWxucz0iaHR0cDovL3d3dy53My5vcmcvMjAwMC9zdmciPjwvc3ZnPg==\" style=\"--smush-placeholder-width: 30px; --smush-placeholder-aspect-ratio: 30\/16;\" \/><\/p>\n<h3 style=\"text-align: center;\">EMBAUCHER UN HACKER<\/h3>\n<p style=\"text-align: center;\">Nous sommes une \u00e9quipe de hackers professionnels exp\u00e9riment\u00e9s dans diff\u00e9rents domaines. Nous fournissons des services de piratage \u00e0 des particuliers et \u00e0 des \u00e9tablissements priv\u00e9s depuis plus de 7 ans avec des services de piratage de qualit\u00e9 et discrets et maintenant nous vous apportons nos services. Avez-vous d\u00e9j\u00e0 essay\u00e9 d'acheter des services de piratage sur le dark web ? Vous n'\u00eates pas satisfait des r\u00e9sultats ? Vous n'avez que des promesses vides, mais personne ne fait le travail ?<\/p>\n<p style=\"text-align: center;\">Alors vous devriez essayer Hire Hackers, les hackers les plus fiables pour faire avancer les choses. Contrairement \u00e0 d'autres, nos prix ne sont pas les plus bas, mais si nous ne pouvons pas faire un travail, vous serez enti\u00e8rement rembours\u00e9.<a href=\"https:\/\/duckduckgo.com\/\" target=\"_blank\" rel=\"noopener\">.<\/a><\/p>\n<h3 style=\"text-align: center;\"><span class=\"tagify__tag-text\" contenteditable=\"true\">Hackers For Hire<\/span><\/h3>\n<p style=\"text-align: center;\">Hire Anonymous Hackers est un groupe de hackers professionnels disponible en ligne pour fournir des services professionnels et uniques \u00e0 nos clients dans le monde entier. Engager un hacker en France.<\/p>\n<p style=\"text-align: center;\">Chez Hire Anonymous Hackers, nous sommes connus pour \u00eatre les meilleurs fournisseurs de services de piratage au cours de nos ann\u00e9es d'activit\u00e9 dans ce domaine. Hackers black hat \u00e0 louer.<\/p>\n<p><img decoding=\"async\" class=\"wp-image-803 aligncenter lazyload\" data-src=\"https:\/\/hireanonymoushackers.io\/wp-content\/uploads\/2023\/06\/Hire-Hackers-Services-300x225.jpg\" alt=\"Engager des services de piratage informatique\" width=\"59\" height=\"44\" data-srcset=\"https:\/\/hireanonymoushackers.com\/wp-content\/uploads\/2023\/06\/Hire-Hackers-Services-300x225.jpg 300w, https:\/\/hireanonymoushackers.com\/wp-content\/uploads\/2023\/06\/Hire-Hackers-Services.jpg 350w\" data-sizes=\"(max-width: 59px) 100vw, 59px\" src=\"data:image\/svg+xml;base64,PHN2ZyB3aWR0aD0iMSIgaGVpZ2h0PSIxIiB4bWxucz0iaHR0cDovL3d3dy53My5vcmcvMjAwMC9zdmciPjwvc3ZnPg==\" style=\"--smush-placeholder-width: 59px; --smush-placeholder-aspect-ratio: 59\/44;\" \/><\/p>\n<h3 style=\"text-align: center;\">Hackers \u00e9thiques certifi\u00e9s dignes de confiance \u00e0 embaucher<\/h3>\n<p style=\"text-align: center;\">Nos hackers ne sont pas n\u00e9s hackers, la plupart d'entre eux ont travaill\u00e9 pendant plus de 10 ans pour diff\u00e9rentes entreprises dans le domaine des t\u00e9l\u00e9communications, de la cybers\u00e9curit\u00e9, de la gestion de serveurs et la plupart d'entre eux, si ce n'est tous, ont de l'exp\u00e9rience dans des entreprises qui construisent diff\u00e9rentes configurations de s\u00e9curit\u00e9 pour diff\u00e9rentes applications.<\/p>\n<p style=\"text-align: center;\">Le fait d'avoir travaill\u00e9 pour de telles entreprises donne \u00e0 nos hackers une longueur d'avance et un aper\u00e7u complet de la mani\u00e8re dont la s\u00e9curit\u00e9 fonctionne pour diff\u00e9rentes applications et diff\u00e9rents mat\u00e9riels.<\/p>\n<h3 style=\"text-align: center;\"><span class=\"tagify__tag-text\" contenteditable=\"true\">Louer un hacker<\/span><\/h3>\n<p style=\"text-align: center;\">Nous offrons des services de piratage professionnel de la meilleure qualit\u00e9 qui ne peuvent \u00eatre \u00e9gal\u00e9s par d'autres soci\u00e9t\u00e9s de location de pirates informatiques. Nos hackers professionnels ont les techniques de hacking les plus avanc\u00e9es pour pirater Facebook, Snapchat, Whatsapp, Twitter, Instagram, les comptes email, Gmail, Smart Phone, site web, base de donn\u00e9es et bien d'autres encore. Vous pouvez \u00e9galement demander un piratage personnalis\u00e9. De nos jours, il est difficile d'engager un hacker professionnel. Vous pourriez vous faire arnaquer pour de mauvais services de piratage ou par de faux pirates sur Internet. Ne vous laissez pas abuser par les escrocs qui proposent de faux services de piratage professionnel.<\/p>\n<h3 style=\"text-align: center;\"><span class=\"tagify__tag-text\" contenteditable=\"true\">Services professionnels de piratage informatique<\/span><\/h3>\n<p style=\"text-align: center;\">Anonymous Hackers est la plateforme de piratage la plus fiable au monde o\u00f9 vous rencontrez des pirates professionnels pour vos services de piratage. Nous sommes d\u00e9vou\u00e9s et travaillons pour r\u00e9pondre \u00e0 vos demandes de piratage par l'interm\u00e9diaire de nos pirates dans le dark web. Nous fournissons \u00e9galement des services de piratage 24 heures sur 24 afin de nous assurer que vous atteignez vos objectifs sans d\u00e9lai. Hacker le serveur de l'universit\u00e9.<\/p>\n<h4 style=\"text-align: center;\">Engager un hacker pour pirater un site web<\/h4>\n<p style=\"text-align: center;\">En tant que plateforme de piratage de premier plan, nous sommes fiers de servir nos clients dans le monde entier. Nos hackers certifi\u00e9s sont notre force et la satisfaction de nos clients est notre priorit\u00e9 absolue. Nous avons des experts dans diff\u00e9rents domaines du hacking et nous promettons de toujours fournir des projets rapides. Avec une large gamme de solutions de piratage, nous ouvrons la voie au succ\u00e8s que vous souhaitez. Pirater la base de donn\u00e9es d'une universit\u00e9.<\/p>\n<h3 style=\"text-align: center;\">Pirates informatiques anonymes<\/h3>\n<p style=\"text-align: center;\">Anonymous Hackers est une \u00e9quipe de hackers antonymes offrant des services de hacking professionnels. Engagez un hacker pour le piratage de Facebook, Email, Web, base de donn\u00e9es ou t\u00e9l\u00e9phone. Nous sommes une \u00e9quipe de hackers hautement qualifi\u00e9s et professionnels qui est capable de pirater n'importe quel compte social, compte email, t\u00e9l\u00e9phone, site web ou base de donn\u00e9es. 100% garantit la confidentialit\u00e9 et le respect de la vie priv\u00e9e de ses clients.<\/p>\n<p><img decoding=\"async\" class=\"wp-image-795 aligncenter lazyload\" data-src=\"https:\/\/hireanonymoushackers.io\/wp-content\/uploads\/2023\/06\/5-star-300x158.jpg\" alt=\"Pirates informatiques anonymes\" width=\"37\" height=\"19\" data-srcset=\"https:\/\/hireanonymoushackers.com\/wp-content\/uploads\/2023\/06\/5-star-300x158.jpg 300w, https:\/\/hireanonymoushackers.com\/wp-content\/uploads\/2023\/06\/5-star-1024x539.jpg 1024w, https:\/\/hireanonymoushackers.com\/wp-content\/uploads\/2023\/06\/5-star-768x404.jpg 768w, https:\/\/hireanonymoushackers.com\/wp-content\/uploads\/2023\/06\/5-star-600x316.jpg 600w, https:\/\/hireanonymoushackers.com\/wp-content\/uploads\/2023\/06\/5-star.jpg 1520w\" data-sizes=\"(max-width: 37px) 100vw, 37px\" src=\"data:image\/svg+xml;base64,PHN2ZyB3aWR0aD0iMSIgaGVpZ2h0PSIxIiB4bWxucz0iaHR0cDovL3d3dy53My5vcmcvMjAwMC9zdmciPjwvc3ZnPg==\" style=\"--smush-placeholder-width: 37px; --smush-placeholder-aspect-ratio: 37\/19;\" \/><\/p>\n<h3 style=\"text-align: center;\">Engager des services de piratage informatique<\/h3>\n<p style=\"text-align: center;\">Nos hackers \u00e0 louer offrent une large gamme de services professionnels de piratage informatique.<br \/>\nEngagez un hacker pour tous vos besoins en mati\u00e8re de piratage informatique. Engager un hacker pour changer les notes<\/p>\n<h3 style=\"text-align: center;\">LISTES DES SERVICES QUE NOUS OFFRONS<\/h3>\n<p style=\"text-align: center;\">\u2727 Piratage et contr\u00f4le des courriels, qu'il s'agisse de courriels gmail, yahoo, de courriels professionnels&amp;#8230 ; ou m\u00eame de courriels s\u00e9curis\u00e9s avec 4096bits de cryptage.<br \/>\n\u2727 Pc jailbreaking\/hacking (windows,mac,linux distros... .)<br \/>\nChangement de classe<br \/>\nNum\u00e9ro de t\u00e9l\u00e9phone Audit<br \/>\n\u2727 Offre compl\u00e8te, acc\u00e8s aux appareils et comptes personnels ou professionnels et recherche des donn\u00e9es dont vous avez besoin.<br \/>\n\u2727 Apurement de la dette<\/p>\n<p style=\"text-align: center;\">\u2727 Piratage de l'administrateur du site web\/php (nous pouvons donner un acc\u00e8s complet ou voler n'importe quel journal ou information)<br \/>\n\u2727 Passeport, cartes d'identit\u00e9 ou certificats qui peuvent fonctionner comme les vrais<br \/>\nG\u00e9olocalisation\/suivi du num\u00e9ro de t\u00e9l\u00e9phone<br \/>\n\u2727 Espionnage \u00e9conomique et espionnage d'entreprise<br \/>\n\u2727 Attraper un partenaire infid\u00e8le \/ surveiller un partenaire infid\u00e8le<br \/>\n\u2727 Piratage de mobiles\/acc\u00e8s \u00e0 distance \u00e0 partir d'un mobile<\/p>\n<p style=\"text-align: center;\">Piratage d'accts de m\u00e9dias sociaux ou clonage d'acc\u00e8s<br \/>\n\u2727 Nous pouvons vous aider \u00e0 retrouver n'importe qui (il suffit de nous donner des informations valables sur votre victime)<br \/>\n\u2727 Mener des campagnes dans les m\u00e9dias sociaux<br \/>\nRevenge Porn<br \/>\n\u2727 Acc\u00e8s \u00e0 la base de donn\u00e9es des gouvernements et des entreprises<\/p>\n<p style=\"text-align: center;\">\u2727 R\u00e9cup\u00e9ration des preuves<br \/>\nEffacer les casiers judiciaires<br \/>\n\u2727 Piratage de jeux<br \/>\n\u2727 Audit des objectifs<br \/>\nSi vous avez besoin d'engager un hacker pour votre usage priv\u00e9 (nous facturons par heure de travail) ;<\/p>\n<h3 style=\"text-align: center;\">Ce qui fait de nous votre meilleur choix<\/h3>\n<p style=\"text-align: center;\">Nous sommes tr\u00e8s heureux et fiers de pouvoir dire que nos services ne ressemblent \u00e0 aucun autre. L'\u00e9quipe de hackers est compos\u00e9e des hackers les plus professionnels, comp\u00e9tents et exp\u00e9riment\u00e9s qui peuvent accomplir n'importe quelle t\u00e2che.<\/p>\n<p style=\"text-align: center;\">Et ce n'est pas tout ! Cette \u00e9quipe de hackers est totalement et strictement \u00e9thique et<br \/>\nSi vous craignez d'avoir des ennuis en faisant appel \u00e0 nos services, sachez que nous ne sommes pas en mesure de vous fournir un service de qualit\u00e9.<br \/>\nassur\u00e9 !<\/p>\n<h3 style=\"text-align: center;\">Engager des pirates professionnels<\/h3>\n<p style=\"text-align: center;\">Et vous avez d\u00e9j\u00e0 pass\u00e9 en revue la myriade de services que nous pouvons offrir \u00e0 nos clients.<br \/>\nl'assistance. Ainsi, quelle que soit l'ampleur de vos probl\u00e8mes, vous pouvez trouver la solution pour<br \/>\nchacun d'entre eux sur une seule plateforme.<br \/>\nQu'il s'agisse de r\u00e9cup\u00e9rer des mots de passe perdus ou vos transactions en crypto-monnaie, nous avons ce qu'il vous faut.<br \/>\ncouverts.<\/p>\n<p>&nbsp;<\/p>\n<h3 style=\"text-align: center;\">Est-il s\u00fbr d'engager un hacker en ligne ?<\/h3>\n<p style=\"text-align: center;\">Oui, vous pouvez engager un hacker en ligne en toute s\u00e9curit\u00e9. Nous sommes un groupe professionnel de pirates informatiques. Nous avons \u00e9tabli une relation de confiance avec nos clients et nous n'avons aucune chance de jouer avec eux. De nombreuses personnes s'adressent \u00e0 nous pour des besoins diff\u00e9rents, qui peuvent inclure des services de piratage professionnel, des besoins personnels, des questions li\u00e9es \u00e0 l'entreprise ainsi que des questions politiques. Nous ne d\u00e9cevons dans aucune situation et si vous sentez que vous avez besoin d'un professionnel pour vous aider dans les mots de passe d'email, le syst\u00e8me ainsi que le piratage de site web, alors n'h\u00e9sitez pas.<\/p>\n<h3 style=\"text-align: center;\">Hackers professionnels \u00e0 louer<\/h3>\n<p style=\"text-align: center;\">Certains de nos clients utilisent nos services pour tester la force de leurs r\u00e9seaux et c'est quelque chose que nous faisons de notre mieux. Si vous souhaitez engager un hacker pour pirater la base de donn\u00e9es d'un site web ou un t\u00e9l\u00e9phone, r\u00e9cup\u00e9rer des fonds perdus ou un mot de passe d'email pour un prix avantageux, contactez-nous imm\u00e9diatement. Nos tarifs sont raisonnables et nous acceptons les bitcoins Le processus est tr\u00e8s simple : le client nous envoie les d\u00e9tails ou les \u00e9l\u00e9ments \u00e0 pirater, d\u00e9pose 50% du paiement, et paie les 50% restants une fois le piratage termin\u00e9.<\/p>\n<h3 style=\"text-align: center;\">Hackers v\u00e9rifi\u00e9s<\/h3>\n<p>Nous sommes des hackers \u00e9thiques et des d\u00e9tectives priv\u00e9s \u00e0 votre service. Chaque membre de notre \u00e9quipe est exp\u00e9riment\u00e9 dans son domaine. Nous avons dans notre \u00e9quipe des sp\u00e9cialistes de la criminalistique num\u00e9rique, des hackers \u00e9thiques certifi\u00e9s, des ing\u00e9nieurs informatiques, des experts en cybers\u00e9curit\u00e9, des enqu\u00eateurs priv\u00e9s, et bien d'autres encore. Notre objectif est de rendre votre vie num\u00e9rique s\u00fbre, s\u00e9curis\u00e9e et sans tracas.<\/p>\n<h3 style=\"text-align: center;\">Pirates informatiques<\/h3>\n<p>Chaque jour, des centaines et des milliers de personnes dans le monde sont victimes de la compromission de comptes de m\u00e9dias sociaux tels que Facebook, Snapchat, Instagram, de courriels, de t\u00e9l\u00e9phones portables, d'une mauvaise r\u00e9putation en ligne, d'un vol d'identit\u00e9 et de bien d'autres choses encore. L'usurpation d'identit\u00e9 peut \u00eatre utilis\u00e9e pour demander frauduleusement des cr\u00e9dits, des comptes sociaux, des d\u00e9clarations d'imp\u00f4ts, des assurances m\u00e9dicales, etc. Chez HACKERS FOR HIRE (dot) io, nous pouvons vous aider \u00e0 vous d\u00e9fendre contre toutes les menaces mentionn\u00e9es ci-dessus.<\/p>\n<h3 style=\"text-align: center;\">Services de piratage<\/h3>\n<p>Nous vous aidons \u00e0 prot\u00e9ger vos donn\u00e9es, vos comptes sociaux, vos t\u00e9l\u00e9phones, vos ordinateurs et votre identit\u00e9. Nous avons \u00e9galement des clients qui souhaitent retrouver un pirate informatique, localiser quelqu'un, enqu\u00eater sur un conjoint tromp\u00e9, r\u00e9cup\u00e9rer des donn\u00e9es perdues, g\u00e9rer leur r\u00e9putation en ligne, etc. Nous sommes l\u00e0 pour vous fournir des solutions pour tous ces besoins.<\/p>\n<div class=\"container section-title-container\" ><h3 class=\"section-title section-title-center\"><b><\/b><span class=\"section-title-main\" style=\"font-size:109%;\">PIRATE INFORMATIQUE ANONYME<\/span><b><\/b><\/h3><\/div>\n[ux_products style=&#8221;normal&#8221; type=&#8221;row&#8221; equalize_box=&#8221;true&#8221; cat=&#8221;19,17,18&#8243; orderby=&#8221;rand&#8221; image_hover=&#8221;zoom&#8221; image_hover_alt=&#8221;zoom-long&#8221; text_padding=&#8221;0px 0px 0px 0px&#8221;]","protected":false},"excerpt":{"rendered":"<p>HIRE ANONYMOUS HACKERS Hiring a Professional hacker is hard to come by these days but with Hireanonymoushackers, you can connect with proven performers in the hacking world in a matter of seconds. Have you been having lots of difficulties getting the right hacker for your hacking projects? Find the right hacker today on Hireanonymoushackers.com with [&#8230;]","protected":false},"author":1,"featured_media":782,"parent":0,"menu_order":0,"comment_status":"closed","ping_status":"closed","template":"page-blank.php","meta":{"_acf_changed":false,"footnotes":""},"class_list":["post-10","page","type-page","status-publish","has-post-thumbnail","hentry"],"acf":[],"_links":{"self":[{"href":"https:\/\/hireanonymoushackers.com\/fr\/wp-json\/wp\/v2\/pages\/10","targetHints":{"allow":["GET"]}}],"collection":[{"href":"https:\/\/hireanonymoushackers.com\/fr\/wp-json\/wp\/v2\/pages"}],"about":[{"href":"https:\/\/hireanonymoushackers.com\/fr\/wp-json\/wp\/v2\/types\/page"}],"author":[{"embeddable":true,"href":"https:\/\/hireanonymoushackers.com\/fr\/wp-json\/wp\/v2\/users\/1"}],"replies":[{"embeddable":true,"href":"https:\/\/hireanonymoushackers.com\/fr\/wp-json\/wp\/v2\/comments?post=10"}],"version-history":[{"count":54,"href":"https:\/\/hireanonymoushackers.com\/fr\/wp-json\/wp\/v2\/pages\/10\/revisions"}],"predecessor-version":[{"id":876,"href":"https:\/\/hireanonymoushackers.com\/fr\/wp-json\/wp\/v2\/pages\/10\/revisions\/876"}],"wp:featuredmedia":[{"embeddable":true,"href":"https:\/\/hireanonymoushackers.com\/fr\/wp-json\/wp\/v2\/media\/782"}],"wp:attachment":[{"href":"https:\/\/hireanonymoushackers.com\/fr\/wp-json\/wp\/v2\/media?parent=10"}],"curies":[{"name":"wp","href":"https:\/\/api.w.org\/{rel}","templated":true}]}}