{"id":14,"date":"2020-12-16T12:05:52","date_gmt":"2020-12-16T12:05:52","guid":{"rendered":"http:\/\/cocaineforsaleonline.com\/?page_id=14"},"modified":"2025-11-16T08:59:02","modified_gmt":"2025-11-16T08:59:02","slug":"palkata-hakkeri","status":"publish","type":"page","link":"https:\/\/hireanonymoushackers.com\/fi\/palkata-hakkeri\/","title":{"rendered":"Ota yhteytt\u00e4"},"content":{"rendered":"<div class=\"row row-collapse row-full-width\"  id=\"row-1632607493\">\n\n\t<div id=\"col-1170202044\" class=\"col small-12 large-12\"  >\n\t\t<div class=\"col-inner\"  >\n\t\t\t\n\t\t\t\n\t<section class=\"section\" id=\"section_1756464296\">\n\t\t<div class=\"bg section-bg fill bg-fill\" >\n\n\t\t\t\n\t\t\t<div class=\"section-bg-overlay absolute fill\"><\/div>\n\t\t\t\n\n\t\t<\/div>\n\n\t\t<div class=\"section-content relative\">\n\t\t\t\n<div class=\"row row-collapse align-center\" style=\"max-width:\" id=\"row-1966517642\">\n\n\t<div id=\"col-2106507900\" class=\"col small-12 large-12\"  >\n\t\t<div class=\"col-inner text-center dark\"  >\n\t\t\t\n\t\t\t\n<h1><span style=\"font-size: 250%;\">Ota yhteytt\u00e4<\/span><\/h1>\n<p class=\"lead\"><span style=\"font-size: 120%;\">L\u00e4het\u00e4 meille viesti<\/span><\/p>\n\t\t<\/div>\n\t\t\n<style>\n#col-2106507900 > .col-inner {\n  padding: 100px 20px 200px 0px;\n}\n@media (min-width:550px) {\n  #col-2106507900 > .col-inner {\n    padding: 100px 0px 200px 0px;\n  }\n}\n<\/style>\n\t<\/div>\n\n\t\n<\/div>\n\t\t<\/div>\n\n\t\t\n<style>\n#section_1756464296 {\n  padding-top: 0px;\n  padding-bottom: 0px;\n  min-height: 0px;\n}\n#section_1756464296 .section-bg-overlay {\n  background-color: rgba(0, 0, 0, 0.12);\n}\n#section_1756464296 .section-bg.bg-loaded {\n  background-image: 28;\n}\n#section_1756464296 .section-bg {\n  background-position: 55% 100%;\n}\n@media (min-width:550px) {\n  #section_1756464296 {\n    padding-top: 0px;\n    padding-bottom: 0px;\n  }\n  #section_1756464296 .section-bg-overlay {\n    background-color: rgba(0, 0, 0, 0.21);\n  }\n}\n@media (min-width:850px) {\n  #section_1756464296 {\n    padding-top: 100px;\n    padding-bottom: 100px;\n  }\n  #section_1756464296 .section-bg-overlay {\n    background-color: rgba(0,0,0,.5);\n  }\n}\n<\/style>\n\t<\/section>\n\t\n\t\t<\/div>\n\t\t\n<style>\n#col-1170202044 > .col-inner {\n  padding: 0px 30px 0px 30px;\n}\n<\/style>\n\t<\/div>\n\n\t\n<\/div>\n<div class=\"row row-large\" style=\"max-width:1400px\" id=\"row-719067238\">\n\n\t<div id=\"col-1447251745\" class=\"col small-12 large-12\"  >\n\t\t<div class=\"col-inner\" style=\"background-color:rgb(255, 255, 255);\" >\n\t\t\t\n\t\t\t\n<div class=\"row row-collapse row-full-width\"  id=\"row-1804054532\">\n<style>\n#row-1804054532 > .col > .col-inner {\n  padding: 0px 15px 0px 15px;\n}\n<\/style>\n<\/div>\n\n\t<div id=\"col-1408869096\" class=\"col medium-12 small-12 large-6\"  >\n\t\t<div class=\"col-inner\"  >\n\t\t\t\n\t\t\t\t\t<\/div>\n\t\t\n<style>\n#col-1408869096 > .col-inner {\n  padding: 0px 0px 0px 20px;\n}\n<\/style>\n\t<\/div>\n\n\t\n<h2><span style=\"font-size: 120%;\">Ota yhteytt\u00e4<\/span><\/h2>\n<p><strong>Email:dk8ayz@proton.me<\/strong><\/p>\n\t<div id=\"gap-2029832663\" class=\"gap-element clearfix\" style=\"display:block; height:auto;\">\n\t\t\n<style>\n#gap-2029832663 {\n  padding-top: 20px;\n}\n@media (min-width:550px) {\n  #gap-2029832663 {\n    padding-top: 20px;\n  }\n}\n@media (min-width:850px) {\n  #gap-2029832663 {\n    padding-top: 30px;\n  }\n}\n<\/style>\n\t<\/div>\n\t\n<div class=\"row\"  id=\"row-536017117\"><\/div>\n\n\t<div id=\"col-1207526487\" class=\"col medium-6 small-12 large-6\"  >\n\t\t<div class=\"col-inner\"  >\n\t\t\t\n\t\t\t\t\t<\/div>\n\t\t\t<\/div>\n\n\t\n<p>&nbsp;<\/p>\n<h2 style=\"text-align: center;\">Palkkaa hakkeri<\/h2>\n<div class=\"elementor-element elementor-element-ea57f42 elementor-widget elementor-widget-text-editor\" data-id=\"ea57f42\" data-element_type=\"widget\" data-widget_type=\"text-editor.default\">\n<div class=\"elementor-widget-container\">Hire Anonymous Hackers on teknologiapohjainen tekninen tuki, joka on auttanut tarjoamaan asiakkailleen parhaan asiakaskokemuksen. Tarjoamme erilaisia palveluita, joihin kuuluvat: matkapuhelimen hakkerointi, tekstiviestien l\u00e4hett\u00e4minen tai s\u00e4hk\u00f6postiviestien l\u00e4hett\u00e4minen vakoiluohjelmilla. t\u00e4m\u00e4n yrityksen tavoitteena on tehd\u00e4 el\u00e4m\u00e4st\u00e4 helpompaa ihmisille, jotka kohtaavat parisuhdeongelman.<\/div>\n<div><\/div>\n<\/div>\n<div class=\"elementor-element elementor-element-ed07b83 elementor-widget elementor-widget-text-editor\" data-id=\"ed07b83\" data-element_type=\"widget\" data-widget_type=\"text-editor.default\">\n<div class=\"elementor-widget-container\">Olemme parhaita hakkerointiasiantuntijoita, jotka voit palkata erityistarpeisiisi. Vaatimattomasta jonkun puhelimen tarkkailusta todisteiden ilkivaltaiseen tuhoamiseen. Meill\u00e4 on sinulle parhaat hakkerit!<\/div>\n<\/div>\n<h3 style=\"text-align: center;\">Miten palkata hakkeri<\/h3>\n<p>Haluatko palkata hakkerin halvalla hakkerikokoelmastamme? Kerro meille mit\u00e4 tarvitset: Kerro yksinkertaisesti, millaisia hakkeripalveluja tarvitset. L\u00f6yd\u00e4mme oikean hakkerin teht\u00e4v\u00e4\u00e4n. Yhdist\u00e4mme sinulle sertifioidun eettisen hakkerin, jolla on tarvittavat taidot ja kokemus ty\u00f6n suorittamiseen. Tietosi ovat turvassa kanssamme. Kaikki hakkerimme ovat korkeasti koulutettuja ammattilaisia, jotka noudattavat tiukkoja eettisi\u00e4 standardeja. Ota meihin yhteytt\u00e4 <a href=\"https:\/\/hireanonymoushackers.com\/fi\/palkata-hakkeri\/\">Yhteydenottosivu<\/a><\/p>\n<div class=\"elementor-element elementor-element-6d17116 elementor-widget elementor-widget-heading\" data-id=\"6d17116\" data-element_type=\"widget\" data-widget_type=\"heading.default\">\n<div class=\"elementor-widget-container\">\n<h3 class=\"elementor-heading-title elementor-size-default\" style=\"text-align: center;\">Asiantuntevat ja luotettavat hakkerit vuokrattavaksi<\/h3>\n<div class=\"elementor-element elementor-element-41118ff elementor-widget elementor-widget-text-editor\" data-id=\"41118ff\" data-element_type=\"widget\" data-widget_type=\"text-editor.default\">\n<div class=\"elementor-widget-container\">\n<p><a href=\"https:\/\/hireanonymoushackers.com\/fi\/\">Hireanonymoushackers.com<\/a> koostuu eettisten hakkereiden tiimist\u00e4, joka tarjoaa monipuolisia tietotekniikkaan liittyvi\u00e4 palveluja, kuten tietokantojen tunkeutumistestausta, puhelimen et\u00e4hakkerointia, sosiaalisen median hakkerointia, s\u00e4hk\u00f6postin hakkerointia, varojen takaisinperint\u00e4\u00e4, matkapuhelimen hakkerin palkkaamista tai muita tietoverkkohakkerointipalveluja.<\/p>\n<\/div>\n<\/div>\n<\/div>\n<\/div>\n<h3 style=\"text-align: center;\">Tarkistetut hakkerit vuokrattavaksi<\/h3>\n<p style=\"text-align: center;\">Voimme auttaa sinua Software Hacking,Tunkeutumistesti,Tietokannan polkumyynti,Tietokannan muokkaus,Tietokannan turvaaminen,Luottohuijaus Recovering,Windows hakkerointi,WIFI salasanan murtaminen,Pinterest hakkerointi,Luottotiedot Fix,Cryptocurrency Varkaus,DDOS-hy\u00f6kk\u00e4ys,Eettinen hakkerointi oppiminen,Doxing,Mies keskell\u00e4 hy\u00f6kk\u00e4ys,Rediff posti hakkerointi,Yandex posti hakkerointi.<a href=\"https:\/\/duckduckgo.com\/\" target=\"_blank\" rel=\"noopener\">.<\/a>.<\/p>\n<h3 style=\"text-align: center;\"><span class=\"tagify__tag-text\" contenteditable=\"true\">Palkkaa anonyymit hakkerit<\/span><\/h3>\n<p style=\"text-align: center;\">Olemme tiimi ammatillinen hakkerit ymp\u00e4ri maailmaa, joka kehittyi varjoista pime\u00e4n web osajoukko syv\u00e4 web piilotettuja palveluja, Meid\u00e4n t\u00e4rkein motiivi on tarjota sinulle turvallisia ja turvallisia ammatillinen hakkerointi palveluja. Palkkaa ammatillinen hakkeri ( Certified ) alla oleviin palveluihin Tarkista.<\/p>\n<p style=\"text-align: center;\"><span data-text-color=\"alert\"><strong>100% Rahat takaisin -takuu, jos ty\u00f6t\u00e4 ei ole tehty tyydytt\u00e4v\u00e4sti.<\/strong><\/span><\/p>\n<h3 style=\"text-align: center;\"><span class=\"tagify__tag-text\" contenteditable=\"true\">Puhelimen hakkerointi palvelu<\/span><\/h3>\n<p style=\"text-align: center;\">On monia syit\u00e4, miksi saatat tarvita matkapuhelimen hakkerin palkkaamista. Ehk\u00e4 haluat murtautua puolisosi k\u00e4nnykk\u00e4\u00e4n n\u00e4hd\u00e4ksesi, pett\u00e4\u00e4k\u00f6 h\u00e4n sinua. Tai ehk\u00e4 sinun on p\u00e4\u00e4st\u00e4v\u00e4 yrityksen tietokonej\u00e4rjestelm\u00e4\u00e4n varastamaan liikesalaisuuksia. Oli syy mik\u00e4 tahansa, on t\u00e4rke\u00e4\u00e4 l\u00f6yt\u00e4\u00e4 oikea hakkeri teht\u00e4v\u00e4\u00e4n. Kaikki hakkerit eiv\u00e4t ole samanlaisia, joten sinun on oltava varovainen valitessasi hakkeria.<\/p>\n<h4 style=\"text-align: center;\"><span class=\"tagify__tag-text\" contenteditable=\"true\">Palkkaa matkapuhelimen hakkeri<\/span><\/h4>\n<p style=\"text-align: center;\">T\u00e4\u00e4ll\u00e4 Hire Anonymous Hackers, meill\u00e4 on vuosien kokemus hakkerointi puhelimet, tietokoneet, ja muut elektroniset laitteet. Meill\u00e4 on tarvittavat taidot ja asiantuntemus auttaa sinua saavuttamaan tavoitteesi. Ota meihin yhteytt\u00e4 jo t\u00e4n\u00e4\u00e4n saadaksesi lis\u00e4tietoja tai aloittaaksesi!<\/p>\n<h3 style=\"text-align: center;\">Sosiaalisen median hakkerit<\/h3>\n<p style=\"text-align: center;\">Haluatko palkata hakkerin sosiaaliseen mediaan? Jos n\u00e4in on, olet tullut oikeaan paikkaan. T\u00e4\u00e4ll\u00e4 cyber lordissa tarjoamme laajan valikoiman palveluja, joihin kuuluu sosiaalisen median hakkerointi. Meill\u00e4 on asiantuntijaryhm\u00e4, joka on taitava t\u00e4ll\u00e4 alalla ja voi auttaa sinua saamaan haluamasi tulokset.<\/p>\n<p style=\"text-align: center;\">Hire Anonymous Hackers on vuokrattava hakkeripalvelu. Tarjoamme sosiaalisen median hakkereita, pahansuopia hakkereita ja hyvi\u00e4 tyyppej\u00e4 haavoittuvuuksien l\u00f6yt\u00e4miseen, Facebook-tilien palauttamiseen sek\u00e4 verkkoty\u00f6kalujen ja -tietojen k\u00e4ytt\u00f6\u00f6n. Meill\u00e4 on k\u00e4yt\u00f6ss\u00e4mme monenlaisia taitoja ja ty\u00f6kaluja, joilla voimme auttaa asiakkaitamme. Olemme sitoutuneet tarjoamaan asiakkaillemme parasta mahdollista palvelua ja tarjoamme kilpailukykyisi\u00e4 hintoja.<\/p>\n<h3 style=\"text-align: center;\">Kouluasteen hakkerointi<\/h3>\n<p style=\"text-align: center;\">Jos olet kuten useimmat ihmiset, ajattelet luultavasti, ett\u00e4 kouluarvosanat kertovat, miten hyvin olet p\u00e4rj\u00e4nnyt luokassa. Mutta ent\u00e4 jos olisikin olemassa keino saada parempia arvosanoja ilman varsinaista opiskelua tai ylim\u00e4\u00e4r\u00e4ist\u00e4 ty\u00f6t\u00e4? Usko tai \u00e4l\u00e4, mutta sellainen on olemassa - ja juuri hakkerit pystyv\u00e4t siihen! Palkkaa hakkerimme muuttamaan arvosanoja ja laillinen hakkeri. Hacker palkataan muuttaa arvosanoja ovat tunnettuja asiantuntija kuin tietokoneen hakkeri.<\/p>\n<h4 style=\"text-align: center;\">Kouluasteen hakkerointi<\/h4>\n<p style=\"text-align: center;\">Hakkeripalvelun palkkaaminen, joka auttaa ihmisi\u00e4 muuttamaan yliopisto- ja kouluarvosanojaan ja v\u00e4ltt\u00e4m\u00e4\u00e4n tietoturvaloukkauksia. Meill\u00e4 on tiimi kokeneita hakkereita, jotka ovat asiantuntijoita l\u00f6yt\u00e4m\u00e4\u00e4n tietoturva-aukkoja yliopistojen tietokannoista ja verkkosivustoista. Tarjoamme hakkeritaitopalveluitamme kaikille niit\u00e4 tarvitseville, ja takaamme, ett\u00e4 ty\u00f6mme on korkealaatuista.<\/p>\n<p style=\"text-align: center;\">Hire Anonymous Hackers on ammattimainen hakkerointipalvelu, joka auttaa opiskelijoita muuttamaan arvosanojaan, kouluarvosanojaan ja yliopiston todistuksiaan. Tarjoamme my\u00f6s tietoturvakonsultointia yliopistoille ja yrityksille auttaaksemme heit\u00e4 v\u00e4ltt\u00e4m\u00e4\u00e4n verkkohy\u00f6kk\u00e4yksi\u00e4.<\/p>\n<p style=\"text-align: center;\">Tarjoamme my\u00f6s tunkeutumisen havaitsemisj\u00e4rjestelmi\u00e4, tunkeutumistestausta ja eettisi\u00e4 hakkerointipalveluja. K\u00e4yt\u00e4mme samoja tekniikoita kuin ilke\u00e4t hakkerit, mutta teemme sen eettisesti ja sinun luvallasi.<\/p>\n<div class=\"elementor-element elementor-element-f91317e elementor-widget elementor-widget-heading\" data-id=\"f91317e\" data-element_type=\"widget\" data-widget_type=\"heading.default\">\n<div class=\"elementor-widget-container\">\n<h3 class=\"elementor-heading-title elementor-size-default\" style=\"text-align: center;\">Testaa verkkosivuston turvallisuutta<\/h3>\n<p style=\"text-align: center;\">Hire Anonymous Hackers on ryhm\u00e4 ammattimaisia eettisi\u00e4 hakkereita, jotka tarjoavat palveluja verkkosivustojen turvallisuuden testaamiseksi, tunkeutumisten havaitsemiseksi ja tunkeutumistestauksen suorittamiseksi. Tarjoamme my\u00f6s tietoturvatarkastuksia ja verkkoliikennetietojen analysointia. Tavoitteenamme on auttaa asiakkaitamme parantamaan tietoturva-asennettaan ja suojaamaan verkko-omaisuuttaan.<\/p>\n<p style=\"text-align: center;\">Kun puhutaan hakkeroinnista, monet ihmiset ajattelevat pahansuopia toimia, kuten jonkun henkil\u00f6llisyyden varastamista tai tietokonej\u00e4rjestelmiin murtautumista. Ammattimaiset hakkerit tarjoavat kuitenkin yh\u00e4 enemm\u00e4n palvelujaan yrityksille ja yksityishenkil\u00f6ille, jotka haluavat murtautua verkkosivujensa tietoturvaan. Vaikka hakkerin palkkaaminen saattaa tuntua helpolta tavalta korjata tietoturvaongelmat, on t\u00e4rke\u00e4\u00e4 suojata tietokantasi ilkivaltaisilta hy\u00f6kk\u00e4yksilt\u00e4.<\/p>\n<h3 style=\"text-align: center;\">Facebookin hakkerointipalvelu<\/h3>\n<p style=\"text-align: center;\">Oletko huolissasi Facebook-tilisi turvallisuudesta? Haluatko varmistaa, ett\u00e4 tilisi on turvallinen? Jos n\u00e4in on, kannattaa harkita hakkerin palkkaamista hakkeroimaan Facebookia puolestasi. T\u00e4llaista palvelua tarjoavat monet erilaiset hakkerointipalvelut, ja se voi olla hyv\u00e4 tapa varmistaa, ett\u00e4 tilisi on mahdollisimman turvallinen. Ennen kuin palkkaat hakkerin, on kuitenkin t\u00e4rke\u00e4\u00e4 tehd\u00e4 tutkimusta ja varmistaa, ett\u00e4 valitset oikean palvelun.<\/p>\n<h3 style=\"text-align: center;\">Palkkaa hakkeri WhatsAppiin<\/h3>\n<p style=\"text-align: center;\">Hakkereita voidaan palkata auttamaan erilaisissa teht\u00e4viss\u00e4, kuten WhatsApp-viesteihin p\u00e4\u00e4semisess\u00e4. Jos etsit jotakuta, joka auttaa sinua WhatsApp-hakkerin kanssa tai jos haluat jonkun, joka auttaa sinua vakoilemaan kumppanisi viestej\u00e4, hakkeri on t\u00e4ydellinen ratkaisu. Ota yhteytt\u00e4 vuokrattavissa oleviin puhelinhakkereihimme.<\/p>\n<h4 style=\"text-align: center;\">Top Hakkerointi Pyynt\u00f6<br \/>\nOli syy mik\u00e4 tahansa, hakkerointi voi olla nopea ja helppo prosessi, jos tied\u00e4t, mist\u00e4 etsi\u00e4.<\/h4>\n<p style=\"text-align: center;\">Puhelimen hakkerointi palvelu<br \/>\nFacebookin hakkerointipalvelu<br \/>\nSosiaalisen median hakkeri<br \/>\nPalkkaa hakkeri WhatsAppiin<br \/>\nKouluasteen hakkerointi<br \/>\nHack Instagram<\/p>\n<p>&nbsp;<\/p>\n<\/div>\n<\/div>\n<p>&nbsp;<\/p>\n<p>&nbsp;<\/p>\n\t\t<\/div>\n\t\t\n<style>\n#col-1447251745 > .col-inner {\n  padding: 50px 20px 0px 20px;\n  margin: -0 0px 0px 0px;\n}\n@media (min-width:550px) {\n  #col-1447251745 > .col-inner {\n    padding: 50px 20px 30px 20px;\n    margin: 0 0px 0px 0px;\n  }\n}\n@media (min-width:850px) {\n  #col-1447251745 > .col-inner {\n    padding: 66px 5% 16px 5%;\n    margin: -135px 0px 0px 0px;\n  }\n}\n<\/style>\n\t<\/div>\n\n\t\n<\/div>","protected":false},"excerpt":{"rendered":"","protected":false},"author":1,"featured_media":819,"parent":0,"menu_order":0,"comment_status":"closed","ping_status":"closed","template":"page-blank.php","meta":{"_acf_changed":false,"footnotes":""},"class_list":["post-14","page","type-page","status-publish","has-post-thumbnail","hentry"],"acf":[],"_links":{"self":[{"href":"https:\/\/hireanonymoushackers.com\/fi\/wp-json\/wp\/v2\/pages\/14","targetHints":{"allow":["GET"]}}],"collection":[{"href":"https:\/\/hireanonymoushackers.com\/fi\/wp-json\/wp\/v2\/pages"}],"about":[{"href":"https:\/\/hireanonymoushackers.com\/fi\/wp-json\/wp\/v2\/types\/page"}],"author":[{"embeddable":true,"href":"https:\/\/hireanonymoushackers.com\/fi\/wp-json\/wp\/v2\/users\/1"}],"replies":[{"embeddable":true,"href":"https:\/\/hireanonymoushackers.com\/fi\/wp-json\/wp\/v2\/comments?post=14"}],"version-history":[{"count":29,"href":"https:\/\/hireanonymoushackers.com\/fi\/wp-json\/wp\/v2\/pages\/14\/revisions"}],"predecessor-version":[{"id":1000,"href":"https:\/\/hireanonymoushackers.com\/fi\/wp-json\/wp\/v2\/pages\/14\/revisions\/1000"}],"wp:featuredmedia":[{"embeddable":true,"href":"https:\/\/hireanonymoushackers.com\/fi\/wp-json\/wp\/v2\/media\/819"}],"wp:attachment":[{"href":"https:\/\/hireanonymoushackers.com\/fi\/wp-json\/wp\/v2\/media?parent=14"}],"curies":[{"name":"wp","href":"https:\/\/api.w.org\/{rel}","templated":true}]}}