{"id":10,"date":"2020-12-16T12:04:19","date_gmt":"2020-12-16T12:04:19","guid":{"rendered":"http:\/\/cocaineforsaleonline.com\/?page_id=10"},"modified":"2024-04-22T20:19:09","modified_gmt":"2024-04-22T20:19:09","slug":"home","status":"publish","type":"page","link":"https:\/\/hireanonymoushackers.com\/fi\/","title":{"rendered":"Etusivu"},"content":{"rendered":"<div class=\"banner has-hover show-for-small\" id=\"banner-1245114279\">\n          <div class=\"banner-inner fill\">\n        <div class=\"banner-bg fill\" >\n            <div class=\"bg fill bg-fill\"><\/div>\n                                    \n                    <\/div>\n        <div class=\"banner-layers container\">\n            <div class=\"fill banner-link\"><\/div>            \n        <\/div>\n      <\/div>\n\n              <div class=\"height-fix is-invisible\"><\/div>\n            \n<style>\n#banner-1245114279 {\n  background-color: rgb(247, 245, 244);\n}\n<\/style>\n  <\/div>\n\n\n\t<section class=\"section dark\" id=\"section_1764388338\">\n\t\t<div class=\"bg section-bg fill bg-fill\" >\n\n\t\t\t\n\t\t\t<div class=\"section-bg-overlay absolute fill\"><\/div><button class=\"scroll-for-more z-5 icon absolute bottom h-center\"><i class=\"icon-angle-down\" style=\"font-size:42px;\"><\/i><\/button>\n\t\t\t\n\n\t\t<\/div>\n\n\t\t<div class=\"section-content relative\">\n\t\t\t\n<div class=\"row align-middle\"  id=\"row-923354522\">\n\n\t<div id=\"col-892523538\" class=\"col medium-8 small-12 large-8\"  >\n\t\t<div class=\"col-inner\"  >\n\t\t\t\n\t\t\t\n<h6 class=\"uppercase\">Palkkaa hakkeri<\/h6>\n<h1 style=\"font-size: 350%; line-height: 100%;\">Palkkaa anonyymit hakkerit<\/h1>\n<p>Anonyymit hakkerit palkattavaksi<\/p>\n<h1 style=\"font-size: 200%;\">Anonyymien hakkerien virallinen verkkosivusto<\/h1>\n<div class=\"row row-collapse\"  id=\"row-267131043\">\n\n\t<div id=\"col-791153243\" class=\"col medium-6 small-12 large-6\"  >\n\t\t<div class=\"col-inner\"  >\n\t\t\t\n\t\t\t\n<a data-animate=\"blurIn\" href=\"https:\/\/hireanonymoushackers.com\/fi\/palkata-hakkeri\/\" target=\"_self\" class=\"button secondary is-large lowercase expand\"  style=\"border-radius:4px;\">\n  <i class=\"icon-star\" ><\/i>  <span>Ota yhteytt\u00e4<\/span>\n  <\/a>\n\n\t\t<\/div>\n\t\t\t<\/div>\n\n\t\n\n<style>\n#row-267131043 > .col > .col-inner {\n  padding: 0px 5px 0px 5px;\n}\n<\/style>\n<\/div>\n\t\t<\/div>\n\t\t\t<\/div>\n\n\t\n<\/div>\n\t\t<\/div>\n\n\t\t\n<style>\n#section_1764388338 {\n  padding-top: 60px;\n  padding-bottom: 60px;\n  min-height: 600px;\n  background-color: rgb(255,255,255);\n}\n#section_1764388338 .section-bg-overlay {\n  background-color: rgb(45, 78, 103);\n}\n#section_1764388338 .section-bg.bg-loaded {\n  background-image: 28;\n}\n@media (min-width:550px) {\n  #section_1764388338 .section-bg-overlay {\n    background-color: rgba(0, 0, 0, 0.5);\n  }\n}\n@media (min-width:850px) {\n  #section_1764388338 .section-bg-overlay {\n    background-color: rgba(0,0,0,.5);\n  }\n}\n<\/style>\n\t<\/section>\n\t\n\t<section class=\"section\" id=\"section_1196034169\">\n\t\t<div class=\"bg section-bg fill bg-fill  bg-loaded\" >\n\n\t\t\t\n\t\t\t\n\t\t\t\n\n\t\t<\/div>\n\n\t\t<div class=\"section-content relative\">\n\t\t\t\t\t<\/div>\n\n\t\t\n<style>\n#section_1196034169 {\n  padding-top: 0px;\n  padding-bottom: 0px;\n}\n<\/style>\n\t<\/section>\n\t\n\t<div id=\"gap-1022813637\" class=\"gap-element clearfix\" style=\"display:block; height:auto;\">\n\t\t\n<style>\n#gap-1022813637 {\n  padding-top: 59px;\n}\n<\/style>\n\t<\/div>\n\t\n<div class=\"row\"  id=\"row-351441658\"><\/div>\n\n\t<div id=\"col-2008792220\" class=\"col small-12 large-12\"  >\n\t\t<div class=\"col-inner\"  >\n\t\t\t\n\t\t\t\t\t<\/div>\n\t\t\t<\/div>\n\n\t\n<h2 style=\"text-align: center;\">PALKATA ANONYYMEJ\u00c4 HAKKEREITA<\/h2>\n<p style=\"text-align: center;\">Ammattimaisen hakkerin palkkaaminen on nyky\u00e4\u00e4n vaikeaa, mutta Hireanonymoushackersin avulla voit ottaa yhteytt\u00e4 hakkerimaailman todistettuihin suorittajiin muutamassa sekunnissa. Onko sinulla ollut paljon vaikeuksia saada oikea hakkeri hakkerihankkeisiisi? L\u00f6yd\u00e4 oikea hakkeri jo t\u00e4n\u00e4\u00e4n osoitteessa <a href=\"https:\/\/hireanonymoushackers.com\/fi\/\">Hireanonymoushackers.com<\/a> eritt\u00e4in ammattitaitoiset maailmanluokan ammattimaiset hakkerit ovat valmiina auttamaan sinua saavuttamaan menestyst\u00e4 hakkerointihankkeessasi (-hankkeissasi).<\/p>\n<h3 style=\"text-align: center;\">Luotettavat hakkerit<\/h3>\n<p style=\"text-align: center;\">Hiljattain k\u00e4ytt\u00f6\u00f6n otettu Escrow-palvelumme suojaa sinua my\u00f6s kaikenlaisilta haavoittuvuuksilta, kun maksat maksun hakkereillemme. Maksusi tallennetaan turvallisesti escrow-palveluun, jolla on perimm\u00e4inen oikeus pit\u00e4\u00e4 ja maksaa maksu ja tekee niin vain sinun luvallasi, kun olet tyytyv\u00e4inen ty\u00f6h\u00f6n, jonka sinulle osoitettu hakkeri toimittaa sinulle.<\/p>\n<p><img decoding=\"async\" class=\"wp-image-795 lazyload\" data-src=\"https:\/\/hireanonymoushackers.io\/wp-content\/uploads\/2023\/06\/5-star-300x158.jpg\" alt=\"Anonyymit hakkerit\" width=\"30\" height=\"16\" data-srcset=\"https:\/\/hireanonymoushackers.com\/wp-content\/uploads\/2023\/06\/5-star-300x158.jpg 300w, https:\/\/hireanonymoushackers.com\/wp-content\/uploads\/2023\/06\/5-star-1024x539.jpg 1024w, https:\/\/hireanonymoushackers.com\/wp-content\/uploads\/2023\/06\/5-star-768x404.jpg 768w, https:\/\/hireanonymoushackers.com\/wp-content\/uploads\/2023\/06\/5-star-600x316.jpg 600w, https:\/\/hireanonymoushackers.com\/wp-content\/uploads\/2023\/06\/5-star.jpg 1520w\" data-sizes=\"(max-width: 30px) 100vw, 30px\" src=\"data:image\/svg+xml;base64,PHN2ZyB3aWR0aD0iMSIgaGVpZ2h0PSIxIiB4bWxucz0iaHR0cDovL3d3dy53My5vcmcvMjAwMC9zdmciPjwvc3ZnPg==\" style=\"--smush-placeholder-width: 30px; --smush-placeholder-aspect-ratio: 30\/16;\" \/><\/p>\n<h3 style=\"text-align: center;\">PALKKAA HAKKERI<\/h3>\n<p style=\"text-align: center;\">Olemme ammattitaitoisten hakkerien ryhm\u00e4, jolla on kokemusta eri aloilta. Olemme tarjonneet hakkerointipalveluja yksityishenkil\u00f6ille ja yksityisille laitoksille yli 7 vuoden ajan laadukkailla ja huomaamattomilla hakkerointipalveluilla, ja nyt tuomme palvelumme sinulle. Oletko aiemmin yritt\u00e4nyt ostaa hakkerointipalveluja pime\u00e4st\u00e4 verkosta? Etk\u00f6 ole ollut tyytyv\u00e4inen tuloksiin? Vain tyhji\u00e4 lupauksia, mutta kukaan ei saa ty\u00f6t\u00e4 tehty\u00e4?<\/p>\n<p style=\"text-align: center;\">Sitten sinun kannattaa kokeilla Hire Hackersia, luotettavimpia hakkereita, jotka auttavat sinua saamaan asioita tehdyksi. Toisin kuin muut, hintamme eiv\u00e4t ole halvimmat, mutta jos emme pysty tekem\u00e4\u00e4n ty\u00f6t\u00e4, saat t\u00e4yden hyvityksen.<a href=\"https:\/\/duckduckgo.com\/\" target=\"_blank\" rel=\"noopener\">.<\/a><\/p>\n<h3 style=\"text-align: center;\"><span class=\"tagify__tag-text\" contenteditable=\"true\">Hakkerit vuokralle<\/span><\/h3>\n<p style=\"text-align: center;\">Hire Anonymous Hackers on ammattimainen hakkerointi ryhm\u00e4 saatavilla verkossa tarjota ammatillinen ja ainutlaatuisia palveluja yst\u00e4v\u00e4llinen asiakkaillemme maailmanlaajuisesti. Vuokraa hakkeri uk.<\/p>\n<p style=\"text-align: center;\">Klo Hire Anonymous Hackers toimittaa ovat yli mahdollisia ratkaisuja, olemme tunnettuja paras hakkerointi Palvelujen tarjoajat yli vuoden toiminnan t\u00e4ll\u00e4 alalla. Musta hattu hakkerit vuokrattavissa.<\/p>\n<p><img decoding=\"async\" class=\"wp-image-803 aligncenter lazyload\" data-src=\"https:\/\/hireanonymoushackers.io\/wp-content\/uploads\/2023\/06\/Hire-Hackers-Services-300x225.jpg\" alt=\"Vuokraa hakkerit palvelut\" width=\"59\" height=\"44\" data-srcset=\"https:\/\/hireanonymoushackers.com\/wp-content\/uploads\/2023\/06\/Hire-Hackers-Services-300x225.jpg 300w, https:\/\/hireanonymoushackers.com\/wp-content\/uploads\/2023\/06\/Hire-Hackers-Services.jpg 350w\" data-sizes=\"(max-width: 59px) 100vw, 59px\" src=\"data:image\/svg+xml;base64,PHN2ZyB3aWR0aD0iMSIgaGVpZ2h0PSIxIiB4bWxucz0iaHR0cDovL3d3dy53My5vcmcvMjAwMC9zdmciPjwvc3ZnPg==\" style=\"--smush-placeholder-width: 59px; --smush-placeholder-aspect-ratio: 59\/44;\" \/><\/p>\n<h3 style=\"text-align: center;\">Luotettavat sertifioidut eettiset hakkerit vuokrattavissa<\/h3>\n<p style=\"text-align: center;\">Hakkerimme eiv\u00e4t ole syntyneet hakkereita, vaan useimmat hakkerimme ovat ty\u00f6skennelleet yli 10 vuotta eri yrityksiss\u00e4 televiestinn\u00e4n, kyberturvallisuuden ja palvelinten hallinnan alalla, ja useimmilla, ellei kaikilla, on kokemusta ty\u00f6skentelyst\u00e4 yrityksiss\u00e4, jotka rakentavat erilaisia tietoturva-asetelmia eri sovelluksia varten.<\/p>\n<p style=\"text-align: center;\">Koska olemme ty\u00f6skennelleet t\u00e4llaisissa yrityksiss\u00e4, hakkerimme saavat etuly\u00f6ntiaseman ja t\u00e4ydellisen k\u00e4sityksen siit\u00e4, miten eri sovellusten ja laitteistojen tietoturva toimii.<\/p>\n<h3 style=\"text-align: center;\"><span class=\"tagify__tag-text\" contenteditable=\"true\">Vuokraa hakkeri<\/span><\/h3>\n<p style=\"text-align: center;\">Tarjoamme parasta laatua ammattimaista hakkerointipalveluja, joita ei voi verrata muihin hakkeri vuokraus yritys. Meid\u00e4n ammatillinen hakkerit on kehittynein hakkerointi tekniikka hakata Facebook, Snapchat, Whatsapp, Twitter, Instagram, S\u00e4hk\u00f6postitilit, Gmail, \u00e4lypuhelin, Verkkosivusto, tietokanta ja paljon muuta. My\u00f6s voit pyyt\u00e4\u00e4 r\u00e4\u00e4t\u00e4l\u00f6ityj\u00e4 hakata. N\u00e4in\u00e4 p\u00e4ivin\u00e4 palkkaaminen ammatillinen hakkeri on vaikeaa. Saatat saada huijatuksi v\u00e4\u00e4ri\u00e4 hakkerointipalveluja tai v\u00e4\u00e4rennettyj\u00e4 hakkereita Internetiss\u00e4. \u00c4l\u00e4 anna huijata huijareita, jotka mainostavat v\u00e4\u00e4ri\u00e4 ammattimaisia hakkerointipalveluja.<\/p>\n<h3 style=\"text-align: center;\"><span class=\"tagify__tag-text\" contenteditable=\"true\">Ammattimaiset hakkerointipalvelut<\/span><\/h3>\n<p style=\"text-align: center;\">Anonymous Hackers on maailman luotettavin hakkerointialusta, jossa voit tavata ammattimaisia hakkereita hakkerointipalveluita varten. Olemme omistautuneet ja ty\u00f6skentelemme t\u00e4ytt\u00e4m\u00e4\u00e4n hakkerointivaatimukset pime\u00e4ss\u00e4 verkossa toimivien hakkeriemme kautta. Tarjoamme my\u00f6s 24 tunnin hakkerointipalveluja varmistaaksemme, ett\u00e4 saavutat tavoitteesi ilman viivytyksi\u00e4. Hack yliopiston palvelin.<\/p>\n<h4 style=\"text-align: center;\">Palkkaa hakkeri hakata web-sivuston<\/h4>\n<p style=\"text-align: center;\">Johtavana hakkerointialustana olemme ylpeit\u00e4 voidessamme palvella asiakkaitamme ymp\u00e4ri maailmaa. Sertifioidut hakkerimme ovat vahvuutemme ja asiakastyytyv\u00e4isyytemme on ensisijainen tavoitteemme. Meill\u00e4 on eri hakkerointialojen asiantuntijoita, ja lupaamme aina tarjota nopean projektitoimituksen. Laaja valikoima hakkerointiratkaisuja tasoittaa tiet\u00e4 haluamaasi hakkerointimenestykseen. Hakkeroi yliopiston tietokanta.<\/p>\n<h3 style=\"text-align: center;\">Anonyymit hakkerit<\/h3>\n<p style=\"text-align: center;\">Anonymous Hackers on joukkue Antonymous Hackers tarjoaa Professional hakkerointipalveluja. Vuokraa hakkeri Facebook, S\u00e4hk\u00f6posti, Web, Tietokanta tai Puhelin hakkerointi. Olemme eritt\u00e4in ammattitaitoisten ja ammattimaisten hakkerien tiimi, joka pystyy hakkeroimaan mit\u00e4 tahansa sosiaalisia tilej\u00e4, s\u00e4hk\u00f6postitilej\u00e4, puhelinta, verkkosivustoa tai tietokantaa. 100% takuu yksityisyyden ja luottamuksellisuuden asiakkaillemme.Hire hakkeri Facebook.<\/p>\n<p><img decoding=\"async\" class=\"wp-image-795 aligncenter lazyload\" data-src=\"https:\/\/hireanonymoushackers.io\/wp-content\/uploads\/2023\/06\/5-star-300x158.jpg\" alt=\"Anonyymit hakkerit\" width=\"37\" height=\"19\" data-srcset=\"https:\/\/hireanonymoushackers.com\/wp-content\/uploads\/2023\/06\/5-star-300x158.jpg 300w, https:\/\/hireanonymoushackers.com\/wp-content\/uploads\/2023\/06\/5-star-1024x539.jpg 1024w, https:\/\/hireanonymoushackers.com\/wp-content\/uploads\/2023\/06\/5-star-768x404.jpg 768w, https:\/\/hireanonymoushackers.com\/wp-content\/uploads\/2023\/06\/5-star-600x316.jpg 600w, https:\/\/hireanonymoushackers.com\/wp-content\/uploads\/2023\/06\/5-star.jpg 1520w\" data-sizes=\"(max-width: 37px) 100vw, 37px\" src=\"data:image\/svg+xml;base64,PHN2ZyB3aWR0aD0iMSIgaGVpZ2h0PSIxIiB4bWxucz0iaHR0cDovL3d3dy53My5vcmcvMjAwMC9zdmciPjwvc3ZnPg==\" style=\"--smush-placeholder-width: 37px; --smush-placeholder-aspect-ratio: 37\/19;\" \/><\/p>\n<h3 style=\"text-align: center;\">Vuokraa hakkerit palvelut<\/h3>\n<p style=\"text-align: center;\">Meid\u00e4n Hakkerit vuokrattavaksi tarjoavat laajan valikoiman ammattimaista hakkerointi services.We tavoitteena on tehd\u00e4 kaikenlaista verkossa suojaa arvokkaille asiakkaillemme.<br \/>\nPalkkaa hakkeri kaikkiin hakkerointitarpeisiisi. Palkkaa hakkeri muuttamaan arvosanoja<\/p>\n<h3 style=\"text-align: center;\">LUETTELOT TARJOAMISTAMME PALVELUISTA<\/h3>\n<p style=\"text-align: center;\">\u2727 Mail hakkerointi ja valvonta vaihtelevat gmail, yahoo s\u00e4hk\u00f6postit, ammatillinen s\u00e4hk\u00f6postit &amp; #8230;.to jopa suojattu s\u00e4hk\u00f6postit 4096bits salauskoodeilla<br \/>\n\u2727 Pc jailbreaking\/hacking (windows,mac,linux distros... .)<br \/>\n\u2727 Luokan muutos<br \/>\n\u2727 Puhelinnumero Audit<br \/>\n\u2727 T\u00e4ydellinen pakettiratkaisu, jolla saat p\u00e4\u00e4syn henkil\u00f6kohtaisiin tai yrityksen laitteisiin ja tileihin ja voit etsi\u00e4 tarvitsemasi tiedot.<br \/>\n\u2727 Velkojen selvitt\u00e4minen<\/p>\n<p style=\"text-align: center;\">\u2727 Verkkosivuston \/ php admin hakkerointi (voimme antaa t\u00e4yden p\u00e4\u00e4syn tai varastaa mink\u00e4 tahansa lokin tai tiedon)<br \/>\n\u2727 Passi, henkil\u00f6tunnukset tai todistukset, jotka voivat toimia kuin oikea passi tai todistus<br \/>\n\u2727 Geo-paikannus \/ puhelinnumeron seuranta<br \/>\n\u2727 Talousvakoilu ja yritysvakoilu<br \/>\n\u2727 Pyydyst\u00e4\u00e4 huijaava kumppani \/ huijaavan kumppanin seuranta<br \/>\n\u2727 Mobiilihakkerointi\/mobiiliet\u00e4yhteys<\/p>\n<p style=\"text-align: center;\">\u2727 Sosiaalisen median aktien hakkerointi tai k\u00e4ytt\u00f6oikeuksien kloonaus<br \/>\n\u2727 Voimme auttaa sinua seuraamaan ket\u00e4 tahansa (anna meille vain p\u00e4tevi\u00e4 tietoja uhristasi).<br \/>\n\u2727 Suorita sosiaalisen median kampanjoita<br \/>\n\u2727 Kostoporno<br \/>\n\u2727 P\u00e4\u00e4sy hallituksen ja yritysten tietokantaan<\/p>\n<p style=\"text-align: center;\">\u2727 Todisteiden palauttaminen<br \/>\n\u2727 Tyhjenn\u00e4 rikosrekisteriotteet<br \/>\n\u2727 Pelin hakkerointi<br \/>\n\u2727 Kohdeauditointi<br \/>\nJos tarvitset my\u00f6s palkata hakkeri meilt\u00e4 yksityiseen k\u00e4ytt\u00f6\u00f6n(veloitamme per tunti ty\u00f6t\u00e4 tehty);<\/p>\n<h3 style=\"text-align: center;\">Mik\u00e4 tekee meist\u00e4 parhaan valintasi<\/h3>\n<p style=\"text-align: center;\">Meill\u00e4 on valtava ilo ja ylpeys sanoa, ett\u00e4 palvelumme ovat vertaansa vailla. Hakkeritiimi koostuu ammattitaitoisimmista, taitavimmista ja kokeneimmista hakkereita, jotka voivat saavuttaa mink\u00e4 tahansa teht\u00e4v\u00e4n.<\/p>\n<p style=\"text-align: center;\">Eik\u00e4 se ole viel\u00e4 loppu! T\u00e4m\u00e4 hakkeriryhm\u00e4 on t\u00e4ysin ja tiukasti eettinen ja<br \/>\nsertifioitu, joten jos olet huolissasi joutua vaikeuksiin k\u00e4ytt\u00e4ess\u00e4si palveluitamme, on<br \/>\nvarma!<\/p>\n<h3 style=\"text-align: center;\">Palkkaa ammattimaiset hakkerit<\/h3>\n<p style=\"text-align: center;\">K\u00e4vitte jo l\u00e4pi lukemattomat palvelut, joiden avulla voimme tarjota meid\u00e4n<br \/>\napu. Ongelmiesi laajuudesta riippumatta voit siis l\u00f6yt\u00e4\u00e4 ratkaisun seuraaviin ongelmiin<br \/>\njokainen niist\u00e4 yhdell\u00e4 alustalla.<br \/>\nOlipa kyse sitten kadonneiden salasanojen tai kryptovaluuttatransaktioiden palauttamisesta, meill\u00e4 on sinulle apua.<br \/>\nkatettu.<\/p>\n<p>&nbsp;<\/p>\n<h3 style=\"text-align: center;\">Onko turvallista palkata hakkeri verkossa?<\/h3>\n<p style=\"text-align: center;\">Kyll\u00e4, on turvallista palkata hakkeri meilt\u00e4 verkossa. Olemme ammattitaitoinen ryhm\u00e4 mustan hatun hakkereita. Olemme luoneet luottamuksen arvostettuihin asiakkaisiimme, ja meill\u00e4 ei ole mit\u00e4\u00e4n mahdollisuuksia pelata heid\u00e4n kanssaan mit\u00e4\u00e4n pelej\u00e4. Monet ihmiset tulevat luoksemme erilaisissa tarpeissa, joihin voi kuulua ammattimaisia hakkeripalveluja, henkil\u00f6kohtaisia tarpeita, yritykseen liittyvi\u00e4 asioita sek\u00e4 poliittisia asioita. Emme pet\u00e4 miss\u00e4\u00e4n tilanteessa, ja jos sinusta tuntuu, ett\u00e4 tarvitset ammattilaisen auttamaan sinua s\u00e4hk\u00f6postin salasanoissa, j\u00e4rjestelm\u00e4ss\u00e4 sek\u00e4 verkkosivuston hakkeroinnissa, \u00e4l\u00e4 ep\u00e4r\u00f6i.<\/p>\n<h3 style=\"text-align: center;\">Ammattimaisia hakkereita vuokrattavana<\/h3>\n<p style=\"text-align: center;\">Osa asiakkaistamme k\u00e4ytt\u00e4\u00e4 palveluitamme testatakseen verkkojensa vahvuutta, ja teemme t\u00e4m\u00e4n parhaamme mukaan. Jos haluat palkata hakkerin hakkeroimaan verkkosivuston tietokannan tai puhelimen, palauttamaan kadonneet varat tai s\u00e4hk\u00f6postin salasanan edulliseen hintaan, ota meihin v\u00e4litt\u00f6m\u00e4sti yhteytt\u00e4. Hintamme ovat kohtuulliset ja hyv\u00e4ksymme bitcoinit Prosessi on hyvin yksinkertainen, sill\u00e4 asiakas l\u00e4hett\u00e4\u00e4 meille tiedot tai asiat, jotka h\u00e4n tarvitsee hakkeroitavaksi, tallettaa 50% maksusta ja maksaa loput 50%, kun hakkerointi on valmis.<\/p>\n<h3 style=\"text-align: center;\">Tarkistetut hakkerit<\/h3>\n<p>Olemme eettisi\u00e4 hakkereita ja yksityisetsivi\u00e4 palveluksessasi. Jokainen tiimimme j\u00e4sen on hyvin kokenut eri aloillaan. Tiimiss\u00e4mme on digitaalisen rikostekniikan asiantuntijoita, sertifioituja eettisi\u00e4 hakkereita, tietokoneinsin\u00f6\u00f6rej\u00e4, kyberturva-asiantuntijoita, yksityisetsivi\u00e4 ja paljon muuta. Tavoitteenamme on tehd\u00e4 digitaalisesta el\u00e4m\u00e4st\u00e4si turvallista, varmaa ja vaivatonta.<\/p>\n<h3 style=\"text-align: center;\">Eettiset hakkerit<\/h3>\n<p>Joka p\u00e4iv\u00e4 satoja ja tuhansia ihmisi\u00e4 maailmassa joutuu sosiaalisen median tilien, kuten Facebookin, Snapchatin ja Instagramin, sek\u00e4 s\u00e4hk\u00f6postien ja matkapuhelinten uhreiksi, ja heid\u00e4n huono verkkomaineensa, henkil\u00f6llisyystietojen varastaminen ja monet muut tekij\u00e4t vaarantuvat. Identiteettivarkauksia voidaan k\u00e4ytt\u00e4\u00e4 petollisesti luottojen, sosiaalitilien, verojen, sairausvakuutusten, vakuutusten jne. hakemiseen. Me HACKERS FOR HIRE (dot) io:ssa voimme auttaa sinua puolustautumaan kaikkia edell\u00e4 mainittuja uhkia vastaan.<\/p>\n<h3 style=\"text-align: center;\">Hakkerointipalvelut<\/h3>\n<p>Autamme sinua suojaamaan tietojasi, sosiaalisia tilej\u00e4si, puhelimiasi, tietokoneitasi ja identiteetti\u00e4si, ja meill\u00e4 on my\u00f6s asiakkaita, jotka haluavat j\u00e4ljitt\u00e4\u00e4 hakkerin, paikantaa jonkun, petollisen puolison tutkinnan, palauttaa kadonneita tietoja, hallita verkkomaineesi jne. Olemme t\u00e4\u00e4ll\u00e4 tarjoamassa sinulle ratkaisuja kaikkiin t\u00e4llaisiin tarpeisiin.<\/p>\n<div class=\"container section-title-container\" ><h3 class=\"section-title section-title-center\"><b><\/b><span class=\"section-title-main\" style=\"font-size:109%;\">NIMET\u00d6N HAKKERI<\/span><b><\/b><\/h3><\/div>\n[ux_products style=&#8221;normal&#8221; type=&#8221;row&#8221; equalize_box=&#8221;true&#8221; cat=&#8221;19,17,18&#8243; orderby=&#8221;rand&#8221; image_hover=&#8221;zoom&#8221; image_hover_alt=&#8221;zoom-long&#8221; text_padding=&#8221;0px 0px 0px 0px&#8221;]","protected":false},"excerpt":{"rendered":"<p>HIRE ANONYMOUS HACKERS Hiring a Professional hacker is hard to come by these days but with Hireanonymoushackers, you can connect with proven performers in the hacking world in a matter of seconds. Have you been having lots of difficulties getting the right hacker for your hacking projects? Find the right hacker today on Hireanonymoushackers.com with [&#8230;]","protected":false},"author":1,"featured_media":782,"parent":0,"menu_order":0,"comment_status":"closed","ping_status":"closed","template":"page-blank.php","meta":{"_acf_changed":false,"footnotes":""},"class_list":["post-10","page","type-page","status-publish","has-post-thumbnail","hentry"],"acf":[],"_links":{"self":[{"href":"https:\/\/hireanonymoushackers.com\/fi\/wp-json\/wp\/v2\/pages\/10","targetHints":{"allow":["GET"]}}],"collection":[{"href":"https:\/\/hireanonymoushackers.com\/fi\/wp-json\/wp\/v2\/pages"}],"about":[{"href":"https:\/\/hireanonymoushackers.com\/fi\/wp-json\/wp\/v2\/types\/page"}],"author":[{"embeddable":true,"href":"https:\/\/hireanonymoushackers.com\/fi\/wp-json\/wp\/v2\/users\/1"}],"replies":[{"embeddable":true,"href":"https:\/\/hireanonymoushackers.com\/fi\/wp-json\/wp\/v2\/comments?post=10"}],"version-history":[{"count":54,"href":"https:\/\/hireanonymoushackers.com\/fi\/wp-json\/wp\/v2\/pages\/10\/revisions"}],"predecessor-version":[{"id":876,"href":"https:\/\/hireanonymoushackers.com\/fi\/wp-json\/wp\/v2\/pages\/10\/revisions\/876"}],"wp:featuredmedia":[{"embeddable":true,"href":"https:\/\/hireanonymoushackers.com\/fi\/wp-json\/wp\/v2\/media\/782"}],"wp:attachment":[{"href":"https:\/\/hireanonymoushackers.com\/fi\/wp-json\/wp\/v2\/media?parent=10"}],"curies":[{"name":"wp","href":"https:\/\/api.w.org\/{rel}","templated":true}]}}