{"id":14,"date":"2020-12-16T12:05:52","date_gmt":"2020-12-16T12:05:52","guid":{"rendered":"http:\/\/cocaineforsaleonline.com\/?page_id=14"},"modified":"2025-11-16T08:59:02","modified_gmt":"2025-11-16T08:59:02","slug":"contratar-a-un-hacker","status":"publish","type":"page","link":"https:\/\/hireanonymoushackers.com\/es_pr\/contratar-a-un-hacker\/","title":{"rendered":"P\u00f3ngase en contacto con"},"content":{"rendered":"<div class=\"row row-collapse row-full-width\"  id=\"row-666699983\">\n\n\t<div id=\"col-1683723608\" class=\"col small-12 large-12\"  >\n\t\t<div class=\"col-inner\"  >\n\t\t\t\n\t\t\t\n\t<section class=\"section\" id=\"section_1568075732\">\n\t\t<div class=\"bg section-bg fill bg-fill\" >\n\n\t\t\t\n\t\t\t<div class=\"section-bg-overlay absolute fill\"><\/div>\n\t\t\t\n\n\t\t<\/div>\n\n\t\t<div class=\"section-content relative\">\n\t\t\t\n<div class=\"row row-collapse align-center\" style=\"max-width:\" id=\"row-297083987\">\n\n\t<div id=\"col-688672164\" class=\"col small-12 large-12\"  >\n\t\t<div class=\"col-inner text-center dark\"  >\n\t\t\t\n\t\t\t\n<h1><span style=\"font-size: 250%;\">P\u00f3ngase en contacto con<\/span><\/h1>\n<p class=\"lead\"><span style=\"font-size: 120%;\">Env\u00edanos un mensaje<\/span><\/p>\n\t\t<\/div>\n\t\t\n<style>\n#col-688672164 > .col-inner {\n  padding: 100px 20px 200px 0px;\n}\n@media (min-width:550px) {\n  #col-688672164 > .col-inner {\n    padding: 100px 0px 200px 0px;\n  }\n}\n<\/style>\n\t<\/div>\n\n\t\n<\/div>\n\t\t<\/div>\n\n\t\t\n<style>\n#section_1568075732 {\n  padding-top: 0px;\n  padding-bottom: 0px;\n  min-height: 0px;\n}\n#section_1568075732 .section-bg-overlay {\n  background-color: rgba(0, 0, 0, 0.12);\n}\n#section_1568075732 .section-bg.bg-loaded {\n  background-image: 28;\n}\n#section_1568075732 .section-bg {\n  background-position: 55% 100%;\n}\n@media (min-width:550px) {\n  #section_1568075732 {\n    padding-top: 0px;\n    padding-bottom: 0px;\n  }\n  #section_1568075732 .section-bg-overlay {\n    background-color: rgba(0, 0, 0, 0.21);\n  }\n}\n@media (min-width:850px) {\n  #section_1568075732 {\n    padding-top: 100px;\n    padding-bottom: 100px;\n  }\n  #section_1568075732 .section-bg-overlay {\n    background-color: rgba(0,0,0,.5);\n  }\n}\n<\/style>\n\t<\/section>\n\t\n\t\t<\/div>\n\t\t\n<style>\n#col-1683723608 > .col-inner {\n  padding: 0px 30px 0px 30px;\n}\n<\/style>\n\t<\/div>\n\n\t\n<\/div>\n<div class=\"row row-large\" style=\"max-width:1400px\" id=\"row-1981870709\">\n\n\t<div id=\"col-1182754147\" class=\"col small-12 large-12\"  >\n\t\t<div class=\"col-inner\" style=\"background-color:rgb(255, 255, 255);\" >\n\t\t\t\n\t\t\t\n<div class=\"row row-collapse row-full-width\"  id=\"row-1951626521\">\n<style>\n#row-1951626521 > .col > .col-inner {\n  padding: 0px 15px 0px 15px;\n}\n<\/style>\n<\/div>\n\n\t<div id=\"col-1417888621\" class=\"col medium-12 small-12 large-6\"  >\n\t\t<div class=\"col-inner\"  >\n\t\t\t\n\t\t\t\t\t<\/div>\n\t\t\n<style>\n#col-1417888621 > .col-inner {\n  padding: 0px 0px 0px 20px;\n}\n<\/style>\n\t<\/div>\n\n\t\n<h2><span style=\"font-size: 120%;\">Contacte con nosotros<\/span><\/h2>\n<p><strong>Email:dk8ayz@proton.me<\/strong><\/p>\n\t<div id=\"gap-832498569\" class=\"gap-element clearfix\" style=\"display:block; height:auto;\">\n\t\t\n<style>\n#gap-832498569 {\n  padding-top: 20px;\n}\n@media (min-width:550px) {\n  #gap-832498569 {\n    padding-top: 20px;\n  }\n}\n@media (min-width:850px) {\n  #gap-832498569 {\n    padding-top: 30px;\n  }\n}\n<\/style>\n\t<\/div>\n\t\n<div class=\"row\"  id=\"row-1703065543\"><\/div>\n\n\t<div id=\"col-1010220218\" class=\"col medium-6 small-12 large-6\"  >\n\t\t<div class=\"col-inner\"  >\n\t\t\t\n\t\t\t\t\t<\/div>\n\t\t\t<\/div>\n\n\t\n<p>&nbsp;<\/p>\n<h2 style=\"text-align: center;\">Contratar a un hacker<\/h2>\n<div class=\"elementor-element elementor-element-ea57f42 elementor-widget elementor-widget-text-editor\" data-id=\"ea57f42\" data-element_type=\"widget\" data-widget_type=\"text-editor.default\">\n<div class=\"elementor-widget-container\">Hire Anonymous Hackers es un soporte t\u00e9cnico basado en la tecnolog\u00eda, que ha sido fundamental en la prestaci\u00f3n de sus clientes con la mejor experiencia del cliente. Proporcionamos varios servicios que incluyen: hackear un tel\u00e9fono celular, el env\u00edo de mensajes de texto, o correo electr\u00f3nico con spyware.This empresa tiene como objetivo hacer la vida m\u00e1s f\u00e1cil para las personas que se enfrentan a problemas de relaci\u00f3n.<\/div>\n<div><\/div>\n<\/div>\n<div class=\"elementor-element elementor-element-ed07b83 elementor-widget elementor-widget-text-editor\" data-id=\"ed07b83\" data-element_type=\"widget\" data-widget_type=\"text-editor.default\">\n<div class=\"elementor-widget-container\">Somos los mejores expertos en hacking que puede contratar para sus necesidades espec\u00edficas. Desde el modesto seguimiento del tel\u00e9fono de alguien hasta la destrucci\u00f3n maliciosa de pruebas. \u00a1Le tenemos cubierto con los mejores hackers alrededor!<\/div>\n<\/div>\n<h3 style=\"text-align: center;\">C\u00f3mo contratar a un hacker<\/h3>\n<p>\u00bfQuieres contratar a un hacker barato de nuestra colecci\u00f3n de hackers? D\u00edganos lo que necesita: Simplemente describe qu\u00e9 tipo de servicios de hacking necesitas. Encontraremos al hacker adecuado para el trabajo. Te pondremos en contacto con un hacker \u00e9tico certificado que tenga las habilidades y la experiencia necesarias para realizar el trabajo. Sus datos est\u00e1n seguros con nosotros. Todos nuestros hackers son profesionales altamente capacitados que se adhieren a estrictas normas \u00e9ticas. Contacte con nosotros en <a href=\"https:\/\/hireanonymoushackers.com\/es_pr\/contratar-a-un-hacker\/\">P\u00e1gina de contacto<\/a><\/p>\n<div class=\"elementor-element elementor-element-6d17116 elementor-widget elementor-widget-heading\" data-id=\"6d17116\" data-element_type=\"widget\" data-widget_type=\"heading.default\">\n<div class=\"elementor-widget-container\">\n<h3 class=\"elementor-heading-title elementor-size-default\" style=\"text-align: center;\">Hackers expertos y de confianza en alquiler<\/h3>\n<div class=\"elementor-element elementor-element-41118ff elementor-widget elementor-widget-text-editor\" data-id=\"41118ff\" data-element_type=\"widget\" data-widget_type=\"text-editor.default\">\n<div class=\"elementor-widget-container\">\n<p><a href=\"https:\/\/hireanonymoushackers.com\/es_pr\/\">Hireanonymoushackers.com<\/a> est\u00e1 formado por un equipo de hackers \u00e9ticos que ofrecen servicios vers\u00e1tiles relacionados con las TI, como pruebas de penetraci\u00f3n en bases de datos, pirateo telef\u00f3nico remoto, pirateo de redes sociales, pirateo de correo electr\u00f3nico, recuperaci\u00f3n de fondos, contrataci\u00f3n de un hacker de tel\u00e9fonos m\u00f3viles u otros servicios de pirateo cibern\u00e9tico.<\/p>\n<\/div>\n<\/div>\n<\/div>\n<\/div>\n<h3 style=\"text-align: center;\">Hackers de alquiler verificados<\/h3>\n<p style=\"text-align: center;\">Podemos ayudarle con Software Hacking, prueba de penetraci\u00f3n, base de datos de dumping, edici\u00f3n de base de datos, base de datos de seguridad, el fraude de cr\u00e9dito de recuperaci\u00f3n, Windows Hacking, WIFI Password Cracking, Pinterest Hacking, Puntuaci\u00f3n de Cr\u00e9dito Fix, Cryptocurrency Robo, DDOS Ataque, \u00c9tica Hacking Aprendizaje, Doxing, Hombre en el ataque medio, Rediff correo Hacking, Yandex correo Hacking.<a href=\"https:\/\/duckduckgo.com\/\" target=\"_blank\" rel=\"noopener\">.<\/a>.<\/p>\n<h3 style=\"text-align: center;\"><span class=\"tagify__tag-text\" contenteditable=\"true\">Contratar hackers an\u00f3nimos<\/span><\/h3>\n<p style=\"text-align: center;\">Somos un equipo de hackers profesionales de todo el mundo, que evolucion\u00f3 a partir de las sombras de la web oscura un subconjunto de la web profunda con servicios ocultos, Nuestro principal motivo es proporcionar servicios de hacking profesional seguro y seguro. Contratar a un Hacker Profesional ( Certificado ) Para Abajo Servicios Comprobar.<\/p>\n<p style=\"text-align: center;\"><span data-text-color=\"alert\"><strong>100% Garant\u00eda de devoluci\u00f3n del dinero si el trabajo no se realiza a su satisfacci\u00f3n.<\/strong><\/span><\/p>\n<h3 style=\"text-align: center;\"><span class=\"tagify__tag-text\" contenteditable=\"true\">Servicio de pirateo telef\u00f3nico<\/span><\/h3>\n<p style=\"text-align: center;\">Hay muchas razones por las que puede necesitar contratar a un hacker de tel\u00e9fonos m\u00f3viles. Tal vez quiera piratear el tel\u00e9fono m\u00f3vil de su c\u00f3nyuge para ver si le est\u00e1 enga\u00f1ando. O tal vez necesite entrar en el sistema inform\u00e1tico de una empresa para robar secretos comerciales. Sea cual sea el motivo, es importante encontrar al hacker adecuado para el trabajo. No todos los hackers son iguales, as\u00ed que hay que tener cuidado al elegir uno.<\/p>\n<h4 style=\"text-align: center;\"><span class=\"tagify__tag-text\" contenteditable=\"true\">Contratar a un hacker de m\u00f3viles<\/span><\/h4>\n<p style=\"text-align: center;\">Aqu\u00ed, en Hire Anonymous Hackers, tenemos a\u00f1os de experiencia en la pirater\u00eda de tel\u00e9fonos, ordenadores y otros dispositivos electr\u00f3nicos. Tenemos las habilidades y conocimientos necesarios para ayudarle a alcanzar sus objetivos. \u00a1P\u00f3ngase en contacto con nosotros hoy para obtener m\u00e1s informaci\u00f3n o para empezar!<\/p>\n<h3 style=\"text-align: center;\">Piratas inform\u00e1ticos de las redes sociales<\/h3>\n<p style=\"text-align: center;\">\u00bfBuscas contratar a un hacker para las redes sociales? Si es as\u00ed, has venido al lugar correcto. Aqu\u00ed en cyber lord, ofrecemos una amplia gama de servicios que incluyen la pirater\u00eda de medios sociales. Tenemos un equipo de expertos que son expertos en esta \u00e1rea y puede ayudarle a obtener los resultados que usted est\u00e1 buscando.<\/p>\n<p style=\"text-align: center;\">Hire Anonymous Hackers es un servicio de alquiler de hackers. Proporcionamos hackers de redes sociales, hackers maliciosos y chicos buenos para encontrar vulnerabilidades, recuperar cuentas de Facebook y acceder a herramientas e informaci\u00f3n web. Disponemos de una amplia variedad de habilidades y herramientas para ayudar a nuestros clientes. Nos comprometemos a prestar el mejor servicio posible a nuestros clientes y ofrecemos precios competitivos.<\/p>\n<h3 style=\"text-align: center;\">Hackeo de grados escolares<\/h3>\n<p style=\"text-align: center;\">Si eres como la mayor\u00eda de la gente, probablemente pienses en las notas escolares como una medida de lo bien que te ha ido en una clase. Pero, \u00bfy si hubiera una forma de sacar mejores notas sin estudiar ni hacer ning\u00fan trabajo extra? Lo creas o no, existe - \u00a1y los hackers son los que pueden hacerlo! Contrata a nuestros hackers para cambiar notas y hacker de fiar. Hacker contratado para cambiar las calificaciones son expertos de renombre como un hacker inform\u00e1tico.<\/p>\n<h4 style=\"text-align: center;\">Hackeo de grados escolares<\/h4>\n<p style=\"text-align: center;\">Contratar un servicio de hacker que ayuda a la gente a cambiar sus calificaciones de la universidad, y las calificaciones de la escuela, y evitar las brechas de seguridad. Contamos con un equipo de hackers experimentados expertos en encontrar agujeros de seguridad en bases de datos y sitios web universitarios. Ofrecemos nuestros servicios de habilidades de hacking a cualquiera que los necesite, y garantizamos que nuestro trabajo es de la m\u00e1s alta calidad.<\/p>\n<p style=\"text-align: center;\">Hire Anonymous Hackers es un servicio de hacking profesional que ayuda a los estudiantes a cambiar sus notas, expedientes acad\u00e9micos y certificados de notas de la universidad. Tambi\u00e9n ofrecemos consultor\u00eda de seguridad a universidades y empresas para ayudarles a evitar ciberataques.<\/p>\n<p style=\"text-align: center;\">Tambi\u00e9n ofrecemos sistemas de detecci\u00f3n de intrusos, pruebas de penetraci\u00f3n y servicios de hacking \u00e9tico. Utilizamos las mismas t\u00e9cnicas que los hackers malintencionados, pero lo hacemos de forma \u00e9tica y con su permiso.<\/p>\n<div class=\"elementor-element elementor-element-f91317e elementor-widget elementor-widget-heading\" data-id=\"f91317e\" data-element_type=\"widget\" data-widget_type=\"heading.default\">\n<div class=\"elementor-widget-container\">\n<h3 class=\"elementor-heading-title elementor-size-default\" style=\"text-align: center;\">Probar la seguridad del sitio web<\/h3>\n<p style=\"text-align: center;\">Hire Anonymous Hackers es un equipo de hackers \u00e9ticos profesionales que proporcionan servicios para probar la seguridad de sitios web, detectar intrusiones y realizar pruebas de penetraci\u00f3n. Tambi\u00e9n ofrecemos auditor\u00edas de seguridad y an\u00e1lisis de datos de tr\u00e1fico de red. Nuestro objetivo es ayudar a nuestros clientes a mejorar su postura de seguridad y proteger sus activos en l\u00ednea.<\/p>\n<p style=\"text-align: center;\">Cuando se habla de pirater\u00eda inform\u00e1tica, mucha gente piensa en actividades maliciosas como robar la identidad de alguien o entrar en sistemas inform\u00e1ticos. Sin embargo, existe una industria creciente de hackers profesionales que ofrecen sus servicios a empresas y particulares que desean penetrar en la seguridad de sus sitios Web. Aunque contratar a un hacker pueda parecer una forma f\u00e1cil de solucionar sus problemas de seguridad, es importante proteger su base de datos contra ataques malintencionados.<\/p>\n<h3 style=\"text-align: center;\">Servicio de pirateo de Facebook<\/h3>\n<p style=\"text-align: center;\">\u00bfTe preocupa la seguridad de tu cuenta de Facebook? \u00bfQuieres asegurarte de que tu cuenta es segura? Si es as\u00ed, puedes plantearte contratar a un hacker para que piratee Facebook por ti. Hay varios servicios de pirateo inform\u00e1tico que ofrecen este tipo de servicio, y puede ser una forma estupenda de garantizar que tu cuenta est\u00e9 lo m\u00e1s segura posible. Sin embargo, antes de contratar a un hacker, es importante que investigues y te asegures de elegir el servicio adecuado.<\/p>\n<h3 style=\"text-align: center;\">Contratar a un hacker para WhatsApp<\/h3>\n<p style=\"text-align: center;\">Los hackers pueden ser contratados para ayudar con una variedad de tareas, incluyendo la obtenci\u00f3n de acceso a los mensajes de WhatsApp. Si est\u00e1s buscando a alguien que te ayude con tu WhatsApp hacker, o si quieres que alguien te ayude a espiar los mensajes de tu pareja, entonces un hacker es la soluci\u00f3n perfecta. P\u00f3ngase en contacto con nuestros hackers telef\u00f3nicos disponibles para alquiler.<\/p>\n<h4 style=\"text-align: center;\">Top Hacking Solicitud<br \/>\nSea cual sea el motivo, piratear puede ser un proceso r\u00e1pido y sencillo si sabes d\u00f3nde buscar.<\/h4>\n<p style=\"text-align: center;\">Servicio de pirateo telef\u00f3nico<br \/>\nServicio de pirateo de Facebook<br \/>\nHacker de redes sociales<br \/>\nContratar a un hacker para WhatsApp<br \/>\nHackeo de grados escolares<br \/>\nHackear Instagram<\/p>\n<p>&nbsp;<\/p>\n<\/div>\n<\/div>\n<p>&nbsp;<\/p>\n<p>&nbsp;<\/p>\n\t\t<\/div>\n\t\t\n<style>\n#col-1182754147 > .col-inner {\n  padding: 50px 20px 0px 20px;\n  margin: -0 0px 0px 0px;\n}\n@media (min-width:550px) {\n  #col-1182754147 > .col-inner {\n    padding: 50px 20px 30px 20px;\n    margin: 0 0px 0px 0px;\n  }\n}\n@media (min-width:850px) {\n  #col-1182754147 > .col-inner {\n    padding: 66px 5% 16px 5%;\n    margin: -135px 0px 0px 0px;\n  }\n}\n<\/style>\n\t<\/div>\n\n\t\n<\/div>","protected":false},"excerpt":{"rendered":"","protected":false},"author":1,"featured_media":819,"parent":0,"menu_order":0,"comment_status":"closed","ping_status":"closed","template":"page-blank.php","meta":{"_acf_changed":false,"footnotes":""},"class_list":["post-14","page","type-page","status-publish","has-post-thumbnail","hentry"],"acf":[],"_links":{"self":[{"href":"https:\/\/hireanonymoushackers.com\/es_pr\/wp-json\/wp\/v2\/pages\/14","targetHints":{"allow":["GET"]}}],"collection":[{"href":"https:\/\/hireanonymoushackers.com\/es_pr\/wp-json\/wp\/v2\/pages"}],"about":[{"href":"https:\/\/hireanonymoushackers.com\/es_pr\/wp-json\/wp\/v2\/types\/page"}],"author":[{"embeddable":true,"href":"https:\/\/hireanonymoushackers.com\/es_pr\/wp-json\/wp\/v2\/users\/1"}],"replies":[{"embeddable":true,"href":"https:\/\/hireanonymoushackers.com\/es_pr\/wp-json\/wp\/v2\/comments?post=14"}],"version-history":[{"count":29,"href":"https:\/\/hireanonymoushackers.com\/es_pr\/wp-json\/wp\/v2\/pages\/14\/revisions"}],"predecessor-version":[{"id":1000,"href":"https:\/\/hireanonymoushackers.com\/es_pr\/wp-json\/wp\/v2\/pages\/14\/revisions\/1000"}],"wp:featuredmedia":[{"embeddable":true,"href":"https:\/\/hireanonymoushackers.com\/es_pr\/wp-json\/wp\/v2\/media\/819"}],"wp:attachment":[{"href":"https:\/\/hireanonymoushackers.com\/es_pr\/wp-json\/wp\/v2\/media?parent=14"}],"curies":[{"name":"wp","href":"https:\/\/api.w.org\/{rel}","templated":true}]}}