{"id":10,"date":"2020-12-16T12:04:19","date_gmt":"2020-12-16T12:04:19","guid":{"rendered":"http:\/\/cocaineforsaleonline.com\/?page_id=10"},"modified":"2024-04-22T20:19:09","modified_gmt":"2024-04-22T20:19:09","slug":"home","status":"publish","type":"page","link":"https:\/\/hireanonymoushackers.com\/es_ar\/","title":{"rendered":"Inicio"},"content":{"rendered":"<div class=\"banner has-hover show-for-small\" id=\"banner-1526102668\">\n          <div class=\"banner-inner fill\">\n        <div class=\"banner-bg fill\" >\n            <div class=\"bg fill bg-fill\"><\/div>\n                                    \n                    <\/div>\n        <div class=\"banner-layers container\">\n            <div class=\"fill banner-link\"><\/div>            \n        <\/div>\n      <\/div>\n\n              <div class=\"height-fix is-invisible\"><\/div>\n            \n<style>\n#banner-1526102668 {\n  background-color: rgb(247, 245, 244);\n}\n<\/style>\n  <\/div>\n\n\n\t<section class=\"section dark\" id=\"section_155732201\">\n\t\t<div class=\"bg section-bg fill bg-fill\" >\n\n\t\t\t\n\t\t\t<div class=\"section-bg-overlay absolute fill\"><\/div><button class=\"scroll-for-more z-5 icon absolute bottom h-center\"><i class=\"icon-angle-down\" style=\"font-size:42px;\"><\/i><\/button>\n\t\t\t\n\n\t\t<\/div>\n\n\t\t<div class=\"section-content relative\">\n\t\t\t\n<div class=\"row align-middle\"  id=\"row-185446677\">\n\n\t<div id=\"col-1421299948\" class=\"col medium-8 small-12 large-8\"  >\n\t\t<div class=\"col-inner\"  >\n\t\t\t\n\t\t\t\n<h6 class=\"uppercase\">Contratar a un hacker<\/h6>\n<h1 style=\"font-size: 350%; line-height: 100%;\">Contratar hackers an\u00f3nimos<\/h1>\n<p>Hackers an\u00f3nimos de alquiler<\/p>\n<h1 style=\"font-size: 200%;\">Sitio web oficial de Anonymous Hackers<\/h1>\n<div class=\"row row-collapse\"  id=\"row-709851803\">\n\n\t<div id=\"col-1138482468\" class=\"col medium-6 small-12 large-6\"  >\n\t\t<div class=\"col-inner\"  >\n\t\t\t\n\t\t\t\n<a data-animate=\"blurIn\" href=\"https:\/\/hireanonymoushackers.com\/es_ar\/contratar-a-un-hacker\/\" target=\"_self\" class=\"button secondary is-large lowercase expand\"  style=\"border-radius:4px;\">\n  <i class=\"icon-star\" ><\/i>  <span>Contacte con nosotros<\/span>\n  <\/a>\n\n\t\t<\/div>\n\t\t\t<\/div>\n\n\t\n\n<style>\n#row-709851803 > .col > .col-inner {\n  padding: 0px 5px 0px 5px;\n}\n<\/style>\n<\/div>\n\t\t<\/div>\n\t\t\t<\/div>\n\n\t\n<\/div>\n\t\t<\/div>\n\n\t\t\n<style>\n#section_155732201 {\n  padding-top: 60px;\n  padding-bottom: 60px;\n  min-height: 600px;\n  background-color: rgb(255,255,255);\n}\n#section_155732201 .section-bg-overlay {\n  background-color: rgb(45, 78, 103);\n}\n#section_155732201 .section-bg.bg-loaded {\n  background-image: 28;\n}\n@media (min-width:550px) {\n  #section_155732201 .section-bg-overlay {\n    background-color: rgba(0, 0, 0, 0.5);\n  }\n}\n@media (min-width:850px) {\n  #section_155732201 .section-bg-overlay {\n    background-color: rgba(0,0,0,.5);\n  }\n}\n<\/style>\n\t<\/section>\n\t\n\t<section class=\"section\" id=\"section_807633556\">\n\t\t<div class=\"bg section-bg fill bg-fill  bg-loaded\" >\n\n\t\t\t\n\t\t\t\n\t\t\t\n\n\t\t<\/div>\n\n\t\t<div class=\"section-content relative\">\n\t\t\t\t\t<\/div>\n\n\t\t\n<style>\n#section_807633556 {\n  padding-top: 0px;\n  padding-bottom: 0px;\n}\n<\/style>\n\t<\/section>\n\t\n\t<div id=\"gap-1815681498\" class=\"gap-element clearfix\" style=\"display:block; height:auto;\">\n\t\t\n<style>\n#gap-1815681498 {\n  padding-top: 59px;\n}\n<\/style>\n\t<\/div>\n\t\n<div class=\"row\"  id=\"row-620011819\"><\/div>\n\n\t<div id=\"col-624037002\" class=\"col small-12 large-12\"  >\n\t\t<div class=\"col-inner\"  >\n\t\t\t\n\t\t\t\t\t<\/div>\n\t\t\t<\/div>\n\n\t\n<h2 style=\"text-align: center;\">CONTRATAR HACKERS AN\u00d3NIMOS<\/h2>\n<p style=\"text-align: center;\">La contrataci\u00f3n de un hacker profesional es dif\u00edcil de conseguir en estos d\u00edas, pero con Hireanonymoushackers, se puede conectar con los artistas probados en el mundo de la pirater\u00eda en cuesti\u00f3n de segundos. \u00bfHas tenido muchas dificultades para encontrar al hacker adecuado para tus proyectos de hacking? Encuentre el hacker adecuado hoy mismo en <a href=\"https:\/\/hireanonymoushackers.com\/es_ar\/\">Hireanonymoushackers.com<\/a> con hackers profesionales de talla mundial altamente cualificados a la espera de ayudarle a alcanzar el \u00e9xito con su(s) proyecto(s) de hacking.<\/p>\n<h3 style=\"text-align: center;\">Hackers fiables<\/h3>\n<p style=\"text-align: center;\">Nuestro reci\u00e9n introducido Servicio Escrow tambi\u00e9n le proteger\u00e1 de cualquier forma de vulnerabilidad al realizar el pago a nuestros hackers. Su pago se almacenar\u00e1 de forma segura en el servicio de dep\u00f3sito en garant\u00eda que tiene un derecho \u00faltimo a mantener y desembolsar el pago y s\u00f3lo lo har\u00e1 en su autorizaci\u00f3n una vez que est\u00e9 satisfecho con el trabajo que se entrega a usted por el hacker asignado.<\/p>\n<p><img decoding=\"async\" class=\"wp-image-795 lazyload\" data-src=\"https:\/\/hireanonymoushackers.io\/wp-content\/uploads\/2023\/06\/5-star-300x158.jpg\" alt=\"Hackers an\u00f3nimos\" width=\"30\" height=\"16\" data-srcset=\"https:\/\/hireanonymoushackers.com\/wp-content\/uploads\/2023\/06\/5-star-300x158.jpg 300w, https:\/\/hireanonymoushackers.com\/wp-content\/uploads\/2023\/06\/5-star-1024x539.jpg 1024w, https:\/\/hireanonymoushackers.com\/wp-content\/uploads\/2023\/06\/5-star-768x404.jpg 768w, https:\/\/hireanonymoushackers.com\/wp-content\/uploads\/2023\/06\/5-star-600x316.jpg 600w, https:\/\/hireanonymoushackers.com\/wp-content\/uploads\/2023\/06\/5-star.jpg 1520w\" data-sizes=\"(max-width: 30px) 100vw, 30px\" src=\"data:image\/svg+xml;base64,PHN2ZyB3aWR0aD0iMSIgaGVpZ2h0PSIxIiB4bWxucz0iaHR0cDovL3d3dy53My5vcmcvMjAwMC9zdmciPjwvc3ZnPg==\" style=\"--smush-placeholder-width: 30px; --smush-placeholder-aspect-ratio: 30\/16;\" \/><\/p>\n<h3 style=\"text-align: center;\">CONTRATA A UN HACKER<\/h3>\n<p style=\"text-align: center;\">Somos un equipo de hackers profesionales con experiencia en diferentes campos. Hemos estado proporcionando servicios de hacking a particulares y a establecimientos privados durante m\u00e1s de 7 a\u00f1os con calidad, servicios de hacking discretos y ahora estamos trayendo nuestros servicios a usted. \u00bfHa tratado de comprar servicios de hacking en la web oscura antes? \u00bfNo est\u00e1 satisfecho con los resultados? \u00bfS\u00f3lo promesas vac\u00edas pero nadie haciendo el trabajo?<\/p>\n<p style=\"text-align: center;\">Entonces deber\u00edas probar Hire Hackers, los hackers m\u00e1s fiables para hacer las cosas. A diferencia de otros, nuestros precios no son los m\u00e1s baratos, pero si no podemos hacer un trabajo, obtendr\u00e1 un reembolso completo...<a href=\"https:\/\/duckduckgo.com\/\" target=\"_blank\" rel=\"noopener\">.<\/a><\/p>\n<h3 style=\"text-align: center;\"><span class=\"tagify__tag-text\" contenteditable=\"true\">Hackers de alquiler<\/span><\/h3>\n<p style=\"text-align: center;\">Hire Anonymous Hackers es un grupo de hackers profesionales disponibles en l\u00ednea para proporcionar un servicio profesional y \u00fanico a nuestros clientes amables a nivel mundial. Contratar a un hacker uk.<\/p>\n<p style=\"text-align: center;\">En Hire Anonymous Hackers entrega est\u00e1n m\u00e1s all\u00e1 de las posibles soluciones, somos conocidos por los mejores proveedores de servicios de hacking en los a\u00f1os de operaci\u00f3n en este campo de los negocios. Black hat hackers de alquiler.<\/p>\n<p><img decoding=\"async\" class=\"wp-image-803 aligncenter lazyload\" data-src=\"https:\/\/hireanonymoushackers.io\/wp-content\/uploads\/2023\/06\/Hire-Hackers-Services-300x225.jpg\" alt=\"Contratar servicios de hackers\" width=\"59\" height=\"44\" data-srcset=\"https:\/\/hireanonymoushackers.com\/wp-content\/uploads\/2023\/06\/Hire-Hackers-Services-300x225.jpg 300w, https:\/\/hireanonymoushackers.com\/wp-content\/uploads\/2023\/06\/Hire-Hackers-Services.jpg 350w\" data-sizes=\"(max-width: 59px) 100vw, 59px\" src=\"data:image\/svg+xml;base64,PHN2ZyB3aWR0aD0iMSIgaGVpZ2h0PSIxIiB4bWxucz0iaHR0cDovL3d3dy53My5vcmcvMjAwMC9zdmciPjwvc3ZnPg==\" style=\"--smush-placeholder-width: 59px; --smush-placeholder-aspect-ratio: 59\/44;\" \/><\/p>\n<h3 style=\"text-align: center;\">Hackers \u00e9ticos certificados de confianza para contratar<\/h3>\n<p style=\"text-align: center;\">Nuestros hackers no nacieron hackers, la mayor\u00eda de nuestros hackers trabajaron durante m\u00e1s de 10 a\u00f1os para diferentes empresas en el campo de las telecomunicaciones, la seguridad cibern\u00e9tica, la gesti\u00f3n de servidores y la mayor\u00eda, si no todos, tienen experiencia trabajando para empresas que construyen diferentes configuraciones de seguridad para diferentes aplicaciones.<\/p>\n<p style=\"text-align: center;\">Haber trabajado para este tipo de empresas da a nuestros hackers una ventaja y una visi\u00f3n completa de c\u00f3mo funciona la seguridad para diferentes aplicaciones y hardware.<\/p>\n<h3 style=\"text-align: center;\"><span class=\"tagify__tag-text\" contenteditable=\"true\">Alquilar un hacker<\/span><\/h3>\n<p style=\"text-align: center;\">Ofrecemos la mejor calidad de servicios de hacking profesional que no puede ser igualado con otro hacker para contratar empresa. Nuestros hackers profesionales tienen m\u00e1s avanzada t\u00e9cnica de hacking para hackear Facebook,Snapchat,Whatsapp,Gorjeo,Instagram, Cuentas de correo electr\u00f3nico, Gmail, Tel\u00e9fono inteligente, Sitio web, Base de datos y muchos m\u00e1s. Tambi\u00e9n puede solicitar para hackear personalizado. En estos d\u00edas la contrataci\u00f3n de un hacker profesional es dif\u00edcil. Usted podr\u00eda ser estafado por los servicios de hacking mal o por falsos hackers en Internet. No se deje enga\u00f1ar por los estafadores que la publicidad falsa servicios profesionales de hacking.<\/p>\n<h3 style=\"text-align: center;\"><span class=\"tagify__tag-text\" contenteditable=\"true\">Servicios profesionales de pirater\u00eda inform\u00e1tica<\/span><\/h3>\n<p style=\"text-align: center;\">Anonymous Hackers surgi\u00f3 como la plataforma de hacking m\u00e1s fiable del mundo donde se re\u00fanen los hackers profesionales para sus servicios de hacking. Estamos dedicados y trabajando para satisfacer sus demandas de hacking a trav\u00e9s de nuestros hackers en la web oscura. Tambi\u00e9n ofrecemos 24 horas de servicios de hacking para asegurarse de que cumplir con sus objetivos sin ning\u00fan retraso. Hack servidor de la universidad.<\/p>\n<h4 style=\"text-align: center;\">Contratar a un hacker para piratear un sitio web<\/h4>\n<p style=\"text-align: center;\">Como plataforma de hacking l\u00edder, nos enorgullecemos de servir a nuestros clientes de todo el mundo. Nuestros hackers certificados son nuestra fuerza y la satisfacci\u00f3n de nuestros clientes es nuestra m\u00e1xima prioridad. Contamos con expertos en diferentes campos de hacking y nos comprometemos a proporcionar siempre una entrega r\u00e1pida de los proyectos. Con una amplia gama de soluciones de hacking, allanamos el camino hacia el \u00e9xito de hacking que desea. Hackear bases de datos universitarias.<\/p>\n<h3 style=\"text-align: center;\">Hackers an\u00f3nimos<\/h3>\n<p style=\"text-align: center;\">Anonymous Hackers es un equipo de hackers an\u00f3nimos que ofrece servicios profesionales de hacking. Contratar a un hacker de Facebook, correo electr\u00f3nico, Web, base de datos o la pirater\u00eda telef\u00f3nica. Somos un equipo de hackers altamente cualificados y profesionales que es capaz de hackear cualquier cuenta social, cuentas de correo electr\u00f3nico, tel\u00e9fono, sitio web o base de datos. 100% garant\u00eda de privacidad y confidencialidad para nuestros customers.Hire un hacker para Facebook.<\/p>\n<p><img decoding=\"async\" class=\"wp-image-795 aligncenter lazyload\" data-src=\"https:\/\/hireanonymoushackers.io\/wp-content\/uploads\/2023\/06\/5-star-300x158.jpg\" alt=\"Hackers an\u00f3nimos\" width=\"37\" height=\"19\" data-srcset=\"https:\/\/hireanonymoushackers.com\/wp-content\/uploads\/2023\/06\/5-star-300x158.jpg 300w, https:\/\/hireanonymoushackers.com\/wp-content\/uploads\/2023\/06\/5-star-1024x539.jpg 1024w, https:\/\/hireanonymoushackers.com\/wp-content\/uploads\/2023\/06\/5-star-768x404.jpg 768w, https:\/\/hireanonymoushackers.com\/wp-content\/uploads\/2023\/06\/5-star-600x316.jpg 600w, https:\/\/hireanonymoushackers.com\/wp-content\/uploads\/2023\/06\/5-star.jpg 1520w\" data-sizes=\"(max-width: 37px) 100vw, 37px\" src=\"data:image\/svg+xml;base64,PHN2ZyB3aWR0aD0iMSIgaGVpZ2h0PSIxIiB4bWxucz0iaHR0cDovL3d3dy53My5vcmcvMjAwMC9zdmciPjwvc3ZnPg==\" style=\"--smush-placeholder-width: 37px; --smush-placeholder-aspect-ratio: 37\/19;\" \/><\/p>\n<h3 style=\"text-align: center;\">Contratar servicios de hackers<\/h3>\n<p style=\"text-align: center;\">Nuestros Hackers de alquiler ofrecen una amplia gama de servicios profesionales de hacking. Nuestro objetivo es hacer todo tipo de protecciones en l\u00ednea para nuestros valiosos clientes.<br \/>\nContrata a un Hacker para todas tus necesidades de hacking. Contrata a un hacker para cambiar notas<\/p>\n<h3 style=\"text-align: center;\">LISTA DE SERVICIOS QUE OFRECEMOS<\/h3>\n<p style=\"text-align: center;\">\u2727 Hacking de correo y control que van desde gmail,yahoo mails, correos profesionales&#8230;.hasta incluso correos seguros con encriptaciones de 4096bits.<br \/>\n\u2727 Pc jailbreaking\/hacking (windows,mac,linux distros... .)<br \/>\n\u2727 Cambio de grado<br \/>\n\u2727 N\u00famero de tel\u00e9fono Auditor\u00eda<br \/>\n\u2727 Paquete completo, para acceder a dispositivos y cuentas personales o de empresa y buscar los datos que necesites.<br \/>\n\u2727 Compensaci\u00f3n de deudas<\/p>\n<p style=\"text-align: center;\">\u2727 Web site\/php admin hacking (podemos dar acceso completo o robar cualquier log o info).<br \/>\n\u2727 Pasaporte,ids o certificados que puedan funcionar como el real.<br \/>\n\u2727 Geolocalizador\/seguimiento del n\u00famero de tel\u00e9fono<br \/>\n\u2727 Espionaje econ\u00f3mico y espionaje empresarial<br \/>\n\u2727 Atrapar a la pareja infiel \/ seguimiento de la pareja infiel<br \/>\n\u2727 Hacking m\u00f3vil\/acceso remoto m\u00f3vil.<\/p>\n<p style=\"text-align: center;\">\u2727 Hackeo de cuentas de redes sociales o clonaci\u00f3n de accesos.<br \/>\n\u2727 Podemos ayudarte a rastrear a cualquier persona(s\u00f3lo danos cualquier informaci\u00f3n v\u00e1lida sobre tu v\u00edctima)<br \/>\n\u2727 Ejecutar campa\u00f1as en las redes sociales<br \/>\n\u2727 Porno de venganza<br \/>\n\u2727 Acceso a bases de datos gubernamentales y de empresas<\/p>\n<p style=\"text-align: center;\">\u2727 Recuperaci\u00f3n de pruebas<br \/>\nBorrar antecedentes penales<br \/>\n\u2727 Hackeo de juegos<br \/>\n\u2727 Auditor\u00eda de objetivos<br \/>\nSi usted tambi\u00e9n necesita contratar a un hacker de nosotros para su uso privado (cobramos por horas de trabajo realizado);<\/p>\n<h3 style=\"text-align: center;\">Por qu\u00e9 somos la mejor opci\u00f3n<\/h3>\n<p style=\"text-align: center;\">Nos da un inmenso placer y orgullo decir que nuestros servicios son como ning\u00fan otro. El equipo de hackers se compone de los hackers m\u00e1s profesionales, cualificados y experimentados que pueden lograr cualquier tarea a mano<\/p>\n<p style=\"text-align: center;\">Y eso no es todo. Este equipo de hackers es completa y estrictamente \u00e9tico y<br \/>\npor lo que si le preocupa meterse en problemas al utilizar nuestros servicios, no dude en ponerse en contacto con nosotros.<br \/>\n\u00a1Seguro!<\/p>\n<h3 style=\"text-align: center;\">Contratar hackers profesionales<\/h3>\n<p style=\"text-align: center;\">Y ya ha repasado la mir\u00edada de servicios a trav\u00e9s de los cuales podemos ofrecer a nuestros<br \/>\nasistencia. As\u00ed, independientemente de la magnitud de sus problemas, podr\u00e1 encontrar la soluci\u00f3n a<br \/>\ncada uno de ellos en una plataforma.<br \/>\nTanto si se trata de recuperar contrase\u00f1as perdidas como de realizar transacciones de criptomoneda, tenemos lo que necesita.<br \/>\ncubierto.<\/p>\n<p>&nbsp;<\/p>\n<h3 style=\"text-align: center;\">\u00bfEs seguro contratar a un hacker en l\u00ednea?<\/h3>\n<p style=\"text-align: center;\">S\u00ed, es seguro contratar a un hacker en l\u00ednea de nosotros. Somos un grupo profesional de hackers de sombrero negro. Hemos construido la confianza en nuestros estimados clientes y tienen cero posibilidades de jugar cualquier juego con ellos. Muchas personas vienen a nosotros con diferentes necesidades, que pueden incluir, los servicios profesionales de hacker, las necesidades personales, asuntos relacionados con la empresa, as\u00ed como los asuntos pol\u00edticos. No defraudamos en cualquier situaci\u00f3n y si usted siente que necesita un profesional para ayudarle en contrase\u00f1as de correo electr\u00f3nico, el sistema, as\u00ed como la pirater\u00eda sitio web, entonces no lo dudes.<\/p>\n<h3 style=\"text-align: center;\">Hackers profesionales de alquiler<\/h3>\n<p style=\"text-align: center;\">Algunos de nuestros clientes utilizan nuestros servicios para probar la fuerza de sus redes y esto es algo que hacemos a nuestro mejor nivel. En caso de que desee contratar a un hacker para hackear una base de datos del sitio web, o el tel\u00e9fono, recuperar los fondos perdidos, o una contrase\u00f1a de correo electr\u00f3nico para una tarifa favorable, a continuaci\u00f3n, p\u00f3ngase en contacto con nosotros inmediatamente. Nuestras tarifas son razonables y aceptamos bitcoins El proceso es muy sencillo ya que el cliente nos env\u00eda los detalles o cosas que necesita para ser hackeado, dep\u00f3sitos 50% del pago, y paga el resto 50% despu\u00e9s de que el hack se ha completado.<\/p>\n<h3 style=\"text-align: center;\">Hackers verificados<\/h3>\n<p>Somos Hackers \u00c9ticos e Investigadores Privados a su servicio. Cada miembro de nuestro equipo est\u00e1 bien experimentado en sus diversos nichos. Tenemos Especialistas Forenses Digitales, Hackers \u00c9ticos Certificados, Ingenieros Inform\u00e1ticos, Expertos en Seguridad Cibern\u00e9tica, Investigadores Privados, y m\u00e1s en nuestro equipo. Nuestro objetivo es hacer que su vida digital sea segura y sin problemas.<\/p>\n<h3 style=\"text-align: center;\">Hackers \u00e9ticos<\/h3>\n<p>Cada d\u00eda cientos y miles de personas en el mundo son v\u00edctimas de cuentas de redes sociales comprometidas como Facebook, Snapchat, Instagram tambi\u00e9n correos electr\u00f3nicos, tel\u00e9fonos m\u00f3viles, mala reputaci\u00f3n en l\u00ednea, robo de identidad, y muchos m\u00e1s. El robo de identidad se puede utilizar para solicitar de forma fraudulenta cr\u00e9ditos, cuentas sociales, declaraci\u00f3n de impuestos, seguros m\u00e9dicos, etc. Nosotros en HACKERS FOR HIRE (dot) io, podemos ayudarle a defenderse contra todas las amenazas antes mencionadas.<\/p>\n<h3 style=\"text-align: center;\">Servicios de pirater\u00eda inform\u00e1tica<\/h3>\n<p>Le ayudamos a proteger sus datos, cuentas sociales, tel\u00e9fonos, ordenadores, y la identidad y tambi\u00e9n tenemos clientes que quieren rastrear al hacker, localizar a alguien, Cheating Spouse Investigation, recuperar datos perdidos, gestionar la reputaci\u00f3n online, etc. Estamos aqu\u00ed para ofrecerle soluciones para cualquiera de estas necesidades.<\/p>\n<div class=\"container section-title-container\" ><h3 class=\"section-title section-title-center\"><b><\/b><span class=\"section-title-main\" style=\"font-size:109%;\">HACKER AN\u00d3NIMO<\/span><b><\/b><\/h3><\/div>\n[ux_products style=&#8221;normal&#8221; type=&#8221;row&#8221; equalize_box=&#8221;true&#8221; cat=&#8221;19,17,18&#8243; orderby=&#8221;rand&#8221; image_hover=&#8221;zoom&#8221; image_hover_alt=&#8221;zoom-long&#8221; text_padding=&#8221;0px 0px 0px 0px&#8221;]","protected":false},"excerpt":{"rendered":"<p>HIRE ANONYMOUS HACKERS Hiring a Professional hacker is hard to come by these days but with Hireanonymoushackers, you can connect with proven performers in the hacking world in a matter of seconds. Have you been having lots of difficulties getting the right hacker for your hacking projects? Find the right hacker today on Hireanonymoushackers.com with [&#8230;]","protected":false},"author":1,"featured_media":782,"parent":0,"menu_order":0,"comment_status":"closed","ping_status":"closed","template":"page-blank.php","meta":{"_acf_changed":false,"footnotes":""},"class_list":["post-10","page","type-page","status-publish","has-post-thumbnail","hentry"],"acf":[],"_links":{"self":[{"href":"https:\/\/hireanonymoushackers.com\/es_ar\/wp-json\/wp\/v2\/pages\/10","targetHints":{"allow":["GET"]}}],"collection":[{"href":"https:\/\/hireanonymoushackers.com\/es_ar\/wp-json\/wp\/v2\/pages"}],"about":[{"href":"https:\/\/hireanonymoushackers.com\/es_ar\/wp-json\/wp\/v2\/types\/page"}],"author":[{"embeddable":true,"href":"https:\/\/hireanonymoushackers.com\/es_ar\/wp-json\/wp\/v2\/users\/1"}],"replies":[{"embeddable":true,"href":"https:\/\/hireanonymoushackers.com\/es_ar\/wp-json\/wp\/v2\/comments?post=10"}],"version-history":[{"count":54,"href":"https:\/\/hireanonymoushackers.com\/es_ar\/wp-json\/wp\/v2\/pages\/10\/revisions"}],"predecessor-version":[{"id":876,"href":"https:\/\/hireanonymoushackers.com\/es_ar\/wp-json\/wp\/v2\/pages\/10\/revisions\/876"}],"wp:featuredmedia":[{"embeddable":true,"href":"https:\/\/hireanonymoushackers.com\/es_ar\/wp-json\/wp\/v2\/media\/782"}],"wp:attachment":[{"href":"https:\/\/hireanonymoushackers.com\/es_ar\/wp-json\/wp\/v2\/media?parent=10"}],"curies":[{"name":"wp","href":"https:\/\/api.w.org\/{rel}","templated":true}]}}