{"id":14,"date":"2020-12-16T12:05:52","date_gmt":"2020-12-16T12:05:52","guid":{"rendered":"http:\/\/cocaineforsaleonline.com\/?page_id=14"},"modified":"2025-11-16T08:59:02","modified_gmt":"2025-11-16T08:59:02","slug":"einen-hacker-anheuern","status":"publish","type":"page","link":"https:\/\/hireanonymoushackers.com\/de_ch_informal\/einen-hacker-anheuern\/","title":{"rendered":"Kontakt"},"content":{"rendered":"<div class=\"row row-collapse row-full-width\"  id=\"row-1311541707\">\n\n\t<div id=\"col-415190209\" class=\"col small-12 large-12\"  >\n\t\t<div class=\"col-inner\"  >\n\t\t\t\n\t\t\t\n\t<section class=\"section\" id=\"section_1088287964\">\n\t\t<div class=\"bg section-bg fill bg-fill\" >\n\n\t\t\t\n\t\t\t<div class=\"section-bg-overlay absolute fill\"><\/div>\n\t\t\t\n\n\t\t<\/div>\n\n\t\t<div class=\"section-content relative\">\n\t\t\t\n<div class=\"row row-collapse align-center\" style=\"max-width:\" id=\"row-134154594\">\n\n\t<div id=\"col-828055960\" class=\"col small-12 large-12\"  >\n\t\t<div class=\"col-inner text-center dark\"  >\n\t\t\t\n\t\t\t\n<h1><span style=\"font-size: 250%;\">Kontakt<\/span><\/h1>\n<p class=\"lead\"><span style=\"font-size: 120%;\">Senden Sie uns eine Nachricht<\/span><\/p>\n\t\t<\/div>\n\t\t\n<style>\n#col-828055960 > .col-inner {\n  padding: 100px 20px 200px 0px;\n}\n@media (min-width:550px) {\n  #col-828055960 > .col-inner {\n    padding: 100px 0px 200px 0px;\n  }\n}\n<\/style>\n\t<\/div>\n\n\t\n<\/div>\n\t\t<\/div>\n\n\t\t\n<style>\n#section_1088287964 {\n  padding-top: 0px;\n  padding-bottom: 0px;\n  min-height: 0px;\n}\n#section_1088287964 .section-bg-overlay {\n  background-color: rgba(0, 0, 0, 0.12);\n}\n#section_1088287964 .section-bg.bg-loaded {\n  background-image: 28;\n}\n#section_1088287964 .section-bg {\n  background-position: 55% 100%;\n}\n@media (min-width:550px) {\n  #section_1088287964 {\n    padding-top: 0px;\n    padding-bottom: 0px;\n  }\n  #section_1088287964 .section-bg-overlay {\n    background-color: rgba(0, 0, 0, 0.21);\n  }\n}\n@media (min-width:850px) {\n  #section_1088287964 {\n    padding-top: 100px;\n    padding-bottom: 100px;\n  }\n  #section_1088287964 .section-bg-overlay {\n    background-color: rgba(0,0,0,.5);\n  }\n}\n<\/style>\n\t<\/section>\n\t\n\t\t<\/div>\n\t\t\n<style>\n#col-415190209 > .col-inner {\n  padding: 0px 30px 0px 30px;\n}\n<\/style>\n\t<\/div>\n\n\t\n<\/div>\n<div class=\"row row-large\" style=\"max-width:1400px\" id=\"row-1264834498\">\n\n\t<div id=\"col-1418215953\" class=\"col small-12 large-12\"  >\n\t\t<div class=\"col-inner\" style=\"background-color:rgb(255, 255, 255);\" >\n\t\t\t\n\t\t\t\n<div class=\"row row-collapse row-full-width\"  id=\"row-101252588\">\n<style>\n#row-101252588 > .col > .col-inner {\n  padding: 0px 15px 0px 15px;\n}\n<\/style>\n<\/div>\n\n\t<div id=\"col-889076138\" class=\"col medium-12 small-12 large-6\"  >\n\t\t<div class=\"col-inner\"  >\n\t\t\t\n\t\t\t\t\t<\/div>\n\t\t\n<style>\n#col-889076138 > .col-inner {\n  padding: 0px 0px 0px 20px;\n}\n<\/style>\n\t<\/div>\n\n\t\n<h2><span style=\"font-size: 120%;\">Kontakt<\/span><\/h2>\n<p><strong>Email:dk8ayz@proton.me<\/strong><\/p>\n\t<div id=\"gap-204841983\" class=\"gap-element clearfix\" style=\"display:block; height:auto;\">\n\t\t\n<style>\n#gap-204841983 {\n  padding-top: 20px;\n}\n@media (min-width:550px) {\n  #gap-204841983 {\n    padding-top: 20px;\n  }\n}\n@media (min-width:850px) {\n  #gap-204841983 {\n    padding-top: 30px;\n  }\n}\n<\/style>\n\t<\/div>\n\t\n<div class=\"row\"  id=\"row-906435646\"><\/div>\n\n\t<div id=\"col-320971973\" class=\"col medium-6 small-12 large-6\"  >\n\t\t<div class=\"col-inner\"  >\n\t\t\t\n\t\t\t\t\t<\/div>\n\t\t\t<\/div>\n\n\t\n<p>&nbsp;<\/p>\n<h2 style=\"text-align: center;\">Einen Hacker anheuern<\/h2>\n<div class=\"elementor-element elementor-element-ea57f42 elementor-widget elementor-widget-text-editor\" data-id=\"ea57f42\" data-element_type=\"widget\" data-widget_type=\"text-editor.default\">\n<div class=\"elementor-widget-container\">Hire Anonymous Hackers ist ein technologiebasierter technischer Support, der dazu beitr\u00e4gt, seinen Kunden die beste Kundenerfahrung zu bieten. Wir bieten verschiedene Dienstleistungen, die umfassen: Hacken eines Mobiltelefons, Senden von SMS-Nachrichten, oder E-Mail mit Spyware.this Unternehmen zielt darauf ab, das Leben einfacher f\u00fcr Menschen, die Beziehung Problem konfrontiert sind.<\/div>\n<div><\/div>\n<\/div>\n<div class=\"elementor-element elementor-element-ed07b83 elementor-widget elementor-widget-text-editor\" data-id=\"ed07b83\" data-element_type=\"widget\" data-widget_type=\"text-editor.default\">\n<div class=\"elementor-widget-container\">Wir sind die besten Hacking-Experten, die Sie f\u00fcr Ihre speziellen Bed\u00fcrfnisse engagieren k\u00f6nnen. Von der bescheidenen \u00dcberwachung eines Telefons bis zur b\u00f6swilligen Zerst\u00f6rung von Beweisen. Wir haben die besten Hacker f\u00fcr Sie!<\/div>\n<\/div>\n<h3 style=\"text-align: center;\">Wie man einen Hacker einstellt<\/h3>\n<p>M\u00f6chten Sie einen Hacker aus unserer Sammlung von Hackern g\u00fcnstig mieten? Sagen Sie uns, was Sie brauchen: Beschreiben Sie einfach, welche Art von Hacking-Dienstleistungen Sie ben\u00f6tigen. Wir finden den richtigen Hacker f\u00fcr Ihren Auftrag. Wir bringen Sie mit einem zertifizierten ethischen Hacker zusammen, der \u00fcber die erforderlichen F\u00e4higkeiten und Erfahrungen verf\u00fcgt, um den Auftrag zu erledigen. Ihre Daten sind bei uns sicher. Alle unsere Hacker sind hochqualifizierte Profis, die sich an strenge ethische Standards halten. Erreichen Sie uns auf unserer <a href=\"https:\/\/hireanonymoushackers.com\/de_ch_informal\/einen-hacker-anheuern\/\">Kontakt Seite<\/a><\/p>\n<div class=\"elementor-element elementor-element-6d17116 elementor-widget elementor-widget-heading\" data-id=\"6d17116\" data-element_type=\"widget\" data-widget_type=\"heading.default\">\n<div class=\"elementor-widget-container\">\n<h3 class=\"elementor-heading-title elementor-size-default\" style=\"text-align: center;\">Erfahrene und vertrauensw\u00fcrdige Hacker zur Miete<\/h3>\n<div class=\"elementor-element elementor-element-41118ff elementor-widget elementor-widget-text-editor\" data-id=\"41118ff\" data-element_type=\"widget\" data-widget_type=\"text-editor.default\">\n<div class=\"elementor-widget-container\">\n<p><a href=\"https:\/\/hireanonymoushackers.com\/de_ch_informal\/\">Hireanonymoushackers.com<\/a> besteht aus einem Team von ethischen Hackern, die vielseitige IT-bezogene Dienstleistungen anbieten, wie z. B. Penetrationstests von Datenbanken, Remote-Telefon-Hacking, Social-Media-Hacking, E-Mail-Hacking, Wiederherstellung von Geldern, Mieten eines Handy-Hackers oder andere Cyber-Hacking-Dienste.<\/p>\n<\/div>\n<\/div>\n<\/div>\n<\/div>\n<h3 style=\"text-align: center;\">Verifizierte Hacker zum Mieten<\/h3>\n<p style=\"text-align: center;\">Wir k\u00f6nnen Ihnen mit Software-Hacking, Penetrationstest, Datenbank-Dumping, Datenbank-Bearbeitung, Datenbank-Sicherung, Credit Fraud Recovering, Windows Hacking, WIFI Password Cracking, Pinterest Hacking, Credit Score Fix, Cryptocurrency Theft, DDOS Attacking, Ethical Hacking Learning, Doxing, Man in the middle attack, Rediff mail Hacking, Yandex mail Hacking helfen.<a href=\"https:\/\/duckduckgo.com\/\" target=\"_blank\" rel=\"noopener\">.<\/a>.<\/p>\n<h3 style=\"text-align: center;\"><span class=\"tagify__tag-text\" contenteditable=\"true\">Anonyme Hacker anheuern<\/span><\/h3>\n<p style=\"text-align: center;\">Wir sind ein Team von professionellen Hackern aus der ganzen Welt, die aus den Schatten des dunklen Web eine Teilmenge des Deep Web mit versteckten Dienstleistungen entwickelt, Unser Hauptmotiv ist es, Ihnen sichere und professionelle Hacking-Dienstleistungen. Mieten Sie einen professionellen Hacker (zertifiziert) f\u00fcr die unten aufgef\u00fchrten Dienstleistungen \u00fcberpr\u00fcfen.<\/p>\n<p style=\"text-align: center;\"><span data-text-color=\"alert\"><strong>100% Geld-zur\u00fcck-Garantie, wenn die Arbeit nicht zu Ihrer Zufriedenheit erledigt wird.<\/strong><\/span><\/p>\n<h3 style=\"text-align: center;\"><span class=\"tagify__tag-text\" contenteditable=\"true\">Telefon-Hacking-Dienst<\/span><\/h3>\n<p style=\"text-align: center;\">Es gibt viele Gr\u00fcnde, warum Sie einen Handy-Hacker engagieren sollten. Vielleicht wollen Sie sich in das Mobiltelefon Ihres Ehepartners hacken, um herauszufinden, ob er Sie betr\u00fcgt. Oder vielleicht m\u00fcssen Sie in das Computersystem eines Unternehmens eindringen, um Gesch\u00e4ftsgeheimnisse zu stehlen. Was auch immer der Grund ist, es ist wichtig, den richtigen Hacker f\u00fcr den Job zu finden. Nicht alle Hacker sind gleich, deshalb m\u00fcssen Sie bei der Auswahl eines Hackers vorsichtig sein.<\/p>\n<h4 style=\"text-align: center;\"><span class=\"tagify__tag-text\" contenteditable=\"true\">Einen Handy-Hacker engagieren<\/span><\/h4>\n<p style=\"text-align: center;\">Hier bei Hire Anonymous Hackers haben wir jahrelange Erfahrung im Hacken von Telefonen, Computern und anderen elektronischen Ger\u00e4ten. Wir verf\u00fcgen \u00fcber die notwendigen F\u00e4higkeiten und das Fachwissen, um Ihnen zu helfen, Ihre Ziele zu erreichen. Kontaktieren Sie uns noch heute f\u00fcr weitere Informationen oder um loszulegen!<\/p>\n<h3 style=\"text-align: center;\">Hacker der sozialen Medien<\/h3>\n<p style=\"text-align: center;\">Sind Sie auf der Suche nach einem Hacker f\u00fcr soziale Medien? Dann sind Sie bei uns genau richtig. Hier bei cyber lord bieten wir eine breite Palette von Dienstleistungen an, die auch Social Media Hacking umfassen. Wir haben ein Team von Experten, die in diesem Bereich erfahren sind und Ihnen helfen k\u00f6nnen, die gew\u00fcnschten Ergebnisse zu erzielen.<\/p>\n<p style=\"text-align: center;\">Hire Anonymous Hackers ist ein Hacker-zu-Hause-Service. Wir stellen Social-Media-Hacker, b\u00f6swillige Hacker und gute Jungs zur Verf\u00fcgung, um Schwachstellen zu finden, Facebook-Konten wiederherzustellen und auf Web-Tools und Informationen zuzugreifen. Wir verf\u00fcgen \u00fcber eine gro\u00dfe Bandbreite an F\u00e4higkeiten und Tools, um unseren Kunden zu helfen. Wir sind bestrebt, unseren Kunden den bestm\u00f6glichen Service zu bieten und bieten wettbewerbsf\u00e4hige Preise.<\/p>\n<h3 style=\"text-align: center;\">Hacking von Schulnoten<\/h3>\n<p style=\"text-align: center;\">Wenn Sie wie die meisten Menschen sind, denken Sie wahrscheinlich an Schulnoten als Ma\u00dfstab daf\u00fcr, wie gut Sie in einer Klasse abgeschnitten haben. Aber was w\u00e4re, wenn es einen Weg g\u00e4be, bessere Noten zu bekommen, ohne tats\u00e4chlich zu lernen oder zus\u00e4tzliche Arbeit zu leisten? Ob du es glaubst oder nicht, es gibt sie - und Hacker sind diejenigen, die das tun k\u00f6nnen! Mieten Sie unsere Hacker, um Noten zu \u00e4ndern und legitime Hacker. Hacker zum \u00c4ndern von Noten eingestellt sind renommierte Experten als Computer-Hacker.<\/p>\n<h4 style=\"text-align: center;\">Hacking von Schulnoten<\/h4>\n<p style=\"text-align: center;\">Wir stellen einen Hacker-Service ein, der Menschen hilft, ihre Universit\u00e4ts- und Schulnoten zu \u00e4ndern und Sicherheitsl\u00fccken zu vermeiden. Wir haben ein Team erfahrener Hacker, die Experten darin sind, Sicherheitsl\u00fccken in Universit\u00e4tsdatenbanken und Websites zu finden. Wir bieten unsere Hacking-Services jedem an, der sie ben\u00f6tigt, und garantieren, dass unsere Arbeit von h\u00f6chster Qualit\u00e4t ist.<\/p>\n<p style=\"text-align: center;\">Hire Anonymous Hackers ist ein professioneller Hacking-Service, der Studenten dabei hilft, ihre Noten, Schulakten und Universit\u00e4tszeugnisse zu \u00e4ndern. Wir bieten auch Sicherheitsberatung f\u00fcr Universit\u00e4ten und Unternehmen an, um ihnen zu helfen, Cyberangriffe zu vermeiden.<\/p>\n<p style=\"text-align: center;\">Wir bieten auch Intrusion-Detection-Systeme, Penetrationstests und ethische Hacking-Dienste an. Wir verwenden die gleichen Techniken wie b\u00f6swillige Hacker, aber wir tun es ethisch und mit Ihrer Erlaubnis.<\/p>\n<div class=\"elementor-element elementor-element-f91317e elementor-widget elementor-widget-heading\" data-id=\"f91317e\" data-element_type=\"widget\" data-widget_type=\"heading.default\">\n<div class=\"elementor-widget-container\">\n<h3 class=\"elementor-heading-title elementor-size-default\" style=\"text-align: center;\">Website-Sicherheit testen<\/h3>\n<p style=\"text-align: center;\">Hire Anonymous Hackers ist ein Team professioneller ethischer Hacker, die Dienstleistungen zur Pr\u00fcfung der Sicherheit von Websites, zur Erkennung von Eindringlingen und zur Durchf\u00fchrung von Penetrationstests anbieten. Wir bieten auch Sicherheitspr\u00fcfungen und die Analyse von Netzwerkverkehrsdaten an. Unser Ziel ist es, unseren Kunden zu helfen, ihre Sicherheitslage zu verbessern und ihre Online-Assets zu sch\u00fctzen.<\/p>\n<p style=\"text-align: center;\">Wenn es um Hacking geht, denken viele Menschen an b\u00f6swillige Aktivit\u00e4ten wie den Diebstahl der Identit\u00e4t einer Person oder den Einbruch in Computersysteme. Es gibt jedoch eine wachsende Zahl professioneller Hacker, die ihre Dienste Unternehmen und Privatpersonen anbieten, die die Sicherheit ihrer Website aushebeln wollen. Auch wenn die Beauftragung eines Hackers eine einfache M\u00f6glichkeit zu sein scheint, Ihre Sicherheitsprobleme zu beheben, ist es wichtig, Ihre Datenbank vor b\u00f6swilligen Angriffen zu sch\u00fctzen.<\/p>\n<h3 style=\"text-align: center;\">Facebook-Hacking-Dienst<\/h3>\n<p style=\"text-align: center;\">Sind Sie besorgt \u00fcber die Sicherheit Ihres Facebook-Kontos? M\u00f6chten Sie sicherstellen, dass Ihr Konto sicher und gesch\u00fctzt ist? Wenn ja, solltest du in Erw\u00e4gung ziehen, einen Hacker zu beauftragen, Facebook f\u00fcr dich zu hacken. Es gibt eine Reihe von verschiedenen Hacking-Diensten, die diese Art von Service anbieten, und es kann eine gute M\u00f6glichkeit sein, um sicherzustellen, dass dein Konto so sicher wie m\u00f6glich ist. Bevor du einen Hacker beauftragst, ist es jedoch wichtig, dich zu informieren und sicherzustellen, dass du den richtigen Dienst ausw\u00e4hlst.<\/p>\n<h3 style=\"text-align: center;\">Einen Hacker f\u00fcr WhatsApp anheuern<\/h3>\n<p style=\"text-align: center;\">Hacker k\u00f6nnen angeheuert werden, um bei einer Vielzahl von Aufgaben zu helfen, unter anderem auch, um Zugang zu WhatsApp-Nachrichten zu erhalten. Wenn Sie jemanden suchen, der Ihnen mit Ihrem WhatsApp-Hacker hilft, oder wenn Sie jemanden suchen, der Ihnen hilft, die Nachrichten Ihres Partners auszuspionieren, dann ist ein Hacker die perfekte L\u00f6sung. Kontaktieren Sie unsere Telefonhacker, die Sie mieten k\u00f6nnen.<\/p>\n<h4 style=\"text-align: center;\">Top-Hacking-Anfrage<br \/>\nWas auch immer der Grund sein mag, das Hacken kann ein schneller und einfacher Prozess sein, wenn man wei\u00df, wo man suchen muss.<\/h4>\n<p style=\"text-align: center;\">Telefon-Hacking-Dienst<br \/>\nFacebook-Hacking-Dienst<br \/>\nHacker der sozialen Medien<br \/>\nEinen Hacker f\u00fcr WhatsApp anheuern<br \/>\nHacking von Schulnoten<br \/>\nInstagram hacken<\/p>\n<p>&nbsp;<\/p>\n<\/div>\n<\/div>\n<p>&nbsp;<\/p>\n<p>&nbsp;<\/p>\n\t\t<\/div>\n\t\t\n<style>\n#col-1418215953 > .col-inner {\n  padding: 50px 20px 0px 20px;\n  margin: -0 0px 0px 0px;\n}\n@media (min-width:550px) {\n  #col-1418215953 > .col-inner {\n    padding: 50px 20px 30px 20px;\n    margin: 0 0px 0px 0px;\n  }\n}\n@media (min-width:850px) {\n  #col-1418215953 > .col-inner {\n    padding: 66px 5% 16px 5%;\n    margin: -135px 0px 0px 0px;\n  }\n}\n<\/style>\n\t<\/div>\n\n\t\n<\/div>","protected":false},"excerpt":{"rendered":"","protected":false},"author":1,"featured_media":819,"parent":0,"menu_order":0,"comment_status":"closed","ping_status":"closed","template":"page-blank.php","meta":{"_acf_changed":false,"footnotes":""},"class_list":["post-14","page","type-page","status-publish","has-post-thumbnail","hentry"],"acf":[],"_links":{"self":[{"href":"https:\/\/hireanonymoushackers.com\/de_ch_informal\/wp-json\/wp\/v2\/pages\/14","targetHints":{"allow":["GET"]}}],"collection":[{"href":"https:\/\/hireanonymoushackers.com\/de_ch_informal\/wp-json\/wp\/v2\/pages"}],"about":[{"href":"https:\/\/hireanonymoushackers.com\/de_ch_informal\/wp-json\/wp\/v2\/types\/page"}],"author":[{"embeddable":true,"href":"https:\/\/hireanonymoushackers.com\/de_ch_informal\/wp-json\/wp\/v2\/users\/1"}],"replies":[{"embeddable":true,"href":"https:\/\/hireanonymoushackers.com\/de_ch_informal\/wp-json\/wp\/v2\/comments?post=14"}],"version-history":[{"count":29,"href":"https:\/\/hireanonymoushackers.com\/de_ch_informal\/wp-json\/wp\/v2\/pages\/14\/revisions"}],"predecessor-version":[{"id":1000,"href":"https:\/\/hireanonymoushackers.com\/de_ch_informal\/wp-json\/wp\/v2\/pages\/14\/revisions\/1000"}],"wp:featuredmedia":[{"embeddable":true,"href":"https:\/\/hireanonymoushackers.com\/de_ch_informal\/wp-json\/wp\/v2\/media\/819"}],"wp:attachment":[{"href":"https:\/\/hireanonymoushackers.com\/de_ch_informal\/wp-json\/wp\/v2\/media?parent=14"}],"curies":[{"name":"wp","href":"https:\/\/api.w.org\/{rel}","templated":true}]}}