{"id":10,"date":"2020-12-16T12:04:19","date_gmt":"2020-12-16T12:04:19","guid":{"rendered":"http:\/\/cocaineforsaleonline.com\/?page_id=10"},"modified":"2024-04-22T20:19:09","modified_gmt":"2024-04-22T20:19:09","slug":"home","status":"publish","type":"page","link":"https:\/\/hireanonymoushackers.com\/de_ch_informal\/","title":{"rendered":"Startseite"},"content":{"rendered":"<div class=\"banner has-hover show-for-small\" id=\"banner-45275513\">\n          <div class=\"banner-inner fill\">\n        <div class=\"banner-bg fill\" >\n            <div class=\"bg fill bg-fill\"><\/div>\n                                    \n                    <\/div>\n        <div class=\"banner-layers container\">\n            <div class=\"fill banner-link\"><\/div>            \n        <\/div>\n      <\/div>\n\n              <div class=\"height-fix is-invisible\"><\/div>\n            \n<style>\n#banner-45275513 {\n  background-color: rgb(247, 245, 244);\n}\n<\/style>\n  <\/div>\n\n\n\t<section class=\"section dark\" id=\"section_2050734098\">\n\t\t<div class=\"bg section-bg fill bg-fill\" >\n\n\t\t\t\n\t\t\t<div class=\"section-bg-overlay absolute fill\"><\/div><button class=\"scroll-for-more z-5 icon absolute bottom h-center\"><i class=\"icon-angle-down\" style=\"font-size:42px;\"><\/i><\/button>\n\t\t\t\n\n\t\t<\/div>\n\n\t\t<div class=\"section-content relative\">\n\t\t\t\n<div class=\"row align-middle\"  id=\"row-262185290\">\n\n\t<div id=\"col-1690510747\" class=\"col medium-8 small-12 large-8\"  >\n\t\t<div class=\"col-inner\"  >\n\t\t\t\n\t\t\t\n<h6 class=\"uppercase\">Einen Hacker anheuern<\/h6>\n<h1 style=\"font-size: 350%; line-height: 100%;\">Anonyme Hacker anheuern<\/h1>\n<p>Anonyme Hacker zum Anheuern<\/p>\n<h1 style=\"font-size: 200%;\">Offizielle Website von Anonymous Hackers<\/h1>\n<div class=\"row row-collapse\"  id=\"row-1035691562\">\n\n\t<div id=\"col-581426538\" class=\"col medium-6 small-12 large-6\"  >\n\t\t<div class=\"col-inner\"  >\n\t\t\t\n\t\t\t\n<a data-animate=\"blurIn\" href=\"https:\/\/hireanonymoushackers.com\/de_ch_informal\/einen-hacker-anheuern\/\" target=\"_self\" class=\"button secondary is-large lowercase expand\"  style=\"border-radius:4px;\">\n  <i class=\"icon-star\" ><\/i>  <span>Kontakt<\/span>\n  <\/a>\n\n\t\t<\/div>\n\t\t\t<\/div>\n\n\t\n\n<style>\n#row-1035691562 > .col > .col-inner {\n  padding: 0px 5px 0px 5px;\n}\n<\/style>\n<\/div>\n\t\t<\/div>\n\t\t\t<\/div>\n\n\t\n<\/div>\n\t\t<\/div>\n\n\t\t\n<style>\n#section_2050734098 {\n  padding-top: 60px;\n  padding-bottom: 60px;\n  min-height: 600px;\n  background-color: rgb(255,255,255);\n}\n#section_2050734098 .section-bg-overlay {\n  background-color: rgb(45, 78, 103);\n}\n#section_2050734098 .section-bg.bg-loaded {\n  background-image: 28;\n}\n@media (min-width:550px) {\n  #section_2050734098 .section-bg-overlay {\n    background-color: rgba(0, 0, 0, 0.5);\n  }\n}\n@media (min-width:850px) {\n  #section_2050734098 .section-bg-overlay {\n    background-color: rgba(0,0,0,.5);\n  }\n}\n<\/style>\n\t<\/section>\n\t\n\t<section class=\"section\" id=\"section_452479597\">\n\t\t<div class=\"bg section-bg fill bg-fill  bg-loaded\" >\n\n\t\t\t\n\t\t\t\n\t\t\t\n\n\t\t<\/div>\n\n\t\t<div class=\"section-content relative\">\n\t\t\t\t\t<\/div>\n\n\t\t\n<style>\n#section_452479597 {\n  padding-top: 0px;\n  padding-bottom: 0px;\n}\n<\/style>\n\t<\/section>\n\t\n\t<div id=\"gap-31754972\" class=\"gap-element clearfix\" style=\"display:block; height:auto;\">\n\t\t\n<style>\n#gap-31754972 {\n  padding-top: 59px;\n}\n<\/style>\n\t<\/div>\n\t\n<div class=\"row\"  id=\"row-1720899795\"><\/div>\n\n\t<div id=\"col-921534884\" class=\"col small-12 large-12\"  >\n\t\t<div class=\"col-inner\"  >\n\t\t\t\n\t\t\t\t\t<\/div>\n\t\t\t<\/div>\n\n\t\n<h2 style=\"text-align: center;\">ANONYME HACKER ANHEUERN<\/h2>\n<p style=\"text-align: center;\">Einen professionellen Hacker zu engagieren ist heutzutage schwer zu bekommen, aber mit Hireanonymoushackers k\u00f6nnen Sie in Sekundenschnelle mit bew\u00e4hrten Hackern in Kontakt treten. Hatten Sie bisher Schwierigkeiten, den richtigen Hacker f\u00fcr Ihre Hacking-Projekte zu finden? Finden Sie noch heute den richtigen Hacker auf <a href=\"https:\/\/hireanonymoushackers.com\/de_ch_informal\/\">Hireanonymoushackers.com<\/a> mit hochqualifizierten, professionellen Hackern von Weltklasse, die Ihnen helfen, Ihr(e) Hacking-Projekt(e) zum Erfolg zu f\u00fchren.<\/p>\n<h3 style=\"text-align: center;\">Zuverl\u00e4ssige Hacker<\/h3>\n<p style=\"text-align: center;\">Unser neu eingef\u00fchrter Treuhandservice sch\u00fctzt Sie auch vor jeglicher Form von Schwachstellen bei der Zahlung an unsere Hacker. Ihre Zahlung wird sicher in der Treuhandservice gespeichert werden, die ein ultimatives Recht zu halten und Auszahlung der Zahlung h\u00e4lt und wird dies nur auf Ihre Genehmigung zu tun, wenn Sie mit der Arbeit zufrieden sind, die Sie von der zugewiesenen Hacker geliefert.<\/p>\n<p><img decoding=\"async\" class=\"wp-image-795 lazyload\" data-src=\"https:\/\/hireanonymoushackers.io\/wp-content\/uploads\/2023\/06\/5-star-300x158.jpg\" alt=\"Anonyme Hacker\" width=\"30\" height=\"16\" data-srcset=\"https:\/\/hireanonymoushackers.com\/wp-content\/uploads\/2023\/06\/5-star-300x158.jpg 300w, https:\/\/hireanonymoushackers.com\/wp-content\/uploads\/2023\/06\/5-star-1024x539.jpg 1024w, https:\/\/hireanonymoushackers.com\/wp-content\/uploads\/2023\/06\/5-star-768x404.jpg 768w, https:\/\/hireanonymoushackers.com\/wp-content\/uploads\/2023\/06\/5-star-600x316.jpg 600w, https:\/\/hireanonymoushackers.com\/wp-content\/uploads\/2023\/06\/5-star.jpg 1520w\" data-sizes=\"(max-width: 30px) 100vw, 30px\" src=\"data:image\/svg+xml;base64,PHN2ZyB3aWR0aD0iMSIgaGVpZ2h0PSIxIiB4bWxucz0iaHR0cDovL3d3dy53My5vcmcvMjAwMC9zdmciPjwvc3ZnPg==\" style=\"--smush-placeholder-width: 30px; --smush-placeholder-aspect-ratio: 30\/16;\" \/><\/p>\n<h3 style=\"text-align: center;\">HACKER VERMIETEN<\/h3>\n<p style=\"text-align: center;\">Wir sind ein Team von professionellen Hackern mit Erfahrung in verschiedenen Bereichen. Wir haben Hacking-Dienstleistungen f\u00fcr Einzelpersonen und private Einrichtungen f\u00fcr mehr als 7yrs mit Qualit\u00e4t, diskrete Hacking-Dienstleistungen und jetzt bringen wir unsere Dienste f\u00fcr Sie. Haben Sie schon einmal versucht, Hacking-Dienste im Dark Web zu kaufen? Nicht zufrieden mit den Ergebnissen? Nur leere Versprechungen, aber niemand, der die Arbeit erledigt?<\/p>\n<p style=\"text-align: center;\">Dann sollten Sie Hire Hackers ausprobieren, die vertrauensw\u00fcrdigsten Hacker, um Dinge zu erledigen. Im Gegensatz zu anderen, sind unsere Preise nicht die billigsten, aber wenn wir einen Job nicht erledigen k\u00f6nnen, erhalten Sie eine volle R\u00fcckerstattung<a href=\"https:\/\/duckduckgo.com\/\" target=\"_blank\" rel=\"noopener\">.<\/a><\/p>\n<h3 style=\"text-align: center;\"><span class=\"tagify__tag-text\" contenteditable=\"true\">Hacker zum Anheuern<\/span><\/h3>\n<p style=\"text-align: center;\">Hire Anonymous Hackers ist eine professionelle Hackergruppe, die online verf\u00fcgbar ist, um unseren freundlichen Kunden weltweit professionelle und einzigartige Dienstleistungen zu bieten. Hire a hacker uk.<\/p>\n<p style=\"text-align: center;\">Bei Hire Anonymous Hackers liefern sind jenseits m\u00f6glicher L\u00f6sungen, wir sind bekannt f\u00fcr die besten Hacking Services Anbieter \u00fcber die Jahre der Operation in diesem Gesch\u00e4ftsfeld. Schwarzer Hut Hacker zu mieten.<\/p>\n<p><img decoding=\"async\" class=\"wp-image-803 aligncenter lazyload\" data-src=\"https:\/\/hireanonymoushackers.io\/wp-content\/uploads\/2023\/06\/Hire-Hackers-Services-300x225.jpg\" alt=\"Hacker-Dienste mieten\" width=\"59\" height=\"44\" data-srcset=\"https:\/\/hireanonymoushackers.com\/wp-content\/uploads\/2023\/06\/Hire-Hackers-Services-300x225.jpg 300w, https:\/\/hireanonymoushackers.com\/wp-content\/uploads\/2023\/06\/Hire-Hackers-Services.jpg 350w\" data-sizes=\"(max-width: 59px) 100vw, 59px\" src=\"data:image\/svg+xml;base64,PHN2ZyB3aWR0aD0iMSIgaGVpZ2h0PSIxIiB4bWxucz0iaHR0cDovL3d3dy53My5vcmcvMjAwMC9zdmciPjwvc3ZnPg==\" style=\"--smush-placeholder-width: 59px; --smush-placeholder-aspect-ratio: 59\/44;\" \/><\/p>\n<h3 style=\"text-align: center;\">Vertrauensw\u00fcrdige zertifizierte ethische Hacker zum Anheuern<\/h3>\n<p style=\"text-align: center;\">Unsere Hacker wurden nicht als Hacker geboren, die meisten unserer Hacker haben mehr als 10 Jahre f\u00fcr verschiedene Unternehmen in den Bereichen Telekommunikation, Cybersicherheit und Servermanagement gearbeitet und die meisten, wenn nicht alle, haben Erfahrung in Unternehmen, die verschiedene Sicherheitssysteme f\u00fcr verschiedene Anwendungen entwickeln.<\/p>\n<p style=\"text-align: center;\">Die Arbeit f\u00fcr solche Unternehmen verschafft unseren Hackern einen Vorsprung und einen umfassenden Einblick in die Funktionsweise der Sicherheit f\u00fcr verschiedene Anwendungen und Hardware.<\/p>\n<h3 style=\"text-align: center;\"><span class=\"tagify__tag-text\" contenteditable=\"true\">Miete einen Hacker<\/span><\/h3>\n<p style=\"text-align: center;\">Wir bieten beste Qualit\u00e4t professionelle Hacking-Dienstleistungen, die nicht mit anderen Hacker f\u00fcr Miete Unternehmen abgestimmt werden k\u00f6nnen. Unsere professionellen Hacker haben die meisten fortschrittlichen Hacking-Technik zu hacken Facebook, Snapchat, Whatsapp, Twitter, Instagram, E-Mail-Konten, Gmail, Smartphone, Website, Datenbank und vieles mehr. Auch k\u00f6nnen Sie f\u00fcr ma\u00dfgeschneiderte Hack Anfrage. Heutzutage ist es schwierig, einen professionellen Hacker zu engagieren. Es kann sein, dass Sie f\u00fcr falsche Hacking-Dienste oder von falschen Hackern im Internet betrogen werden. Lassen Sie sich nicht von Betr\u00fcgern t\u00e4uschen, die mit falschen professionellen Hacking-Diensten werben.<\/p>\n<h3 style=\"text-align: center;\"><span class=\"tagify__tag-text\" contenteditable=\"true\">Professionelle Hacking-Dienste<\/span><\/h3>\n<p style=\"text-align: center;\">Anonymous Hackers ist die zuverl\u00e4ssigste Hacking-Plattform der Welt, auf der Sie professionelle Hacker f\u00fcr Ihre Hacking-Dienste treffen. Wir sind engagiert und arbeiten, um Ihre Hacking-Anforderungen durch unsere Hacker im Dark Web zu erf\u00fcllen. Wir bieten auch 24-Stunden-Hacking-Dienste, um sicherzustellen, dass Sie Ihre Ziele ohne Verz\u00f6gerung zu erreichen. Hack Universit\u00e4tsserver.<\/p>\n<h4 style=\"text-align: center;\">Einen Hacker anheuern, um eine Website zu hacken<\/h4>\n<p style=\"text-align: center;\">Als f\u00fchrende Hacking-Plattform sind wir stolz darauf, unseren Kunden aus der ganzen Welt zu dienen. Unsere zertifizierten Hacker sind unsere St\u00e4rke und die Zufriedenheit unserer Kunden ist unsere oberste Priorit\u00e4t. Wir haben Experten in verschiedenen Hacking-Bereichen und wir versprechen, immer eine schnelle Projektlieferung zu liefern. Mit einer breiten Palette von Hacking-L\u00f6sungen ebnen wir Ihnen den Weg zu Ihrem gew\u00fcnschten Hacker-Erfolg. Universit\u00e4tsdatenbank hacken.<\/p>\n<h3 style=\"text-align: center;\">Anonyme Hacker<\/h3>\n<p style=\"text-align: center;\">Anonymous Hackers ist ein Team von anonymen Hackern, die professionelle Hacking-Dienste anbieten. Mieten Sie einen Hacker f\u00fcr Facebook, E-Mail, Web, Datenbank oder Telefon-Hacking. Wir sind ein Team von hoch qualifizierten und professionellen Hackern, die in der Lage ist, jede soziale Konten, E-Mail-Konten, Telefon, Website oder Datenbank zu hacken. 100% Garantie der Privatsph\u00e4re und Vertraulichkeit f\u00fcr unsere Kunden.Hire einen Hacker f\u00fcr Facebook.<\/p>\n<p><img decoding=\"async\" class=\"wp-image-795 aligncenter lazyload\" data-src=\"https:\/\/hireanonymoushackers.io\/wp-content\/uploads\/2023\/06\/5-star-300x158.jpg\" alt=\"Anonyme Hacker\" width=\"37\" height=\"19\" data-srcset=\"https:\/\/hireanonymoushackers.com\/wp-content\/uploads\/2023\/06\/5-star-300x158.jpg 300w, https:\/\/hireanonymoushackers.com\/wp-content\/uploads\/2023\/06\/5-star-1024x539.jpg 1024w, https:\/\/hireanonymoushackers.com\/wp-content\/uploads\/2023\/06\/5-star-768x404.jpg 768w, https:\/\/hireanonymoushackers.com\/wp-content\/uploads\/2023\/06\/5-star-600x316.jpg 600w, https:\/\/hireanonymoushackers.com\/wp-content\/uploads\/2023\/06\/5-star.jpg 1520w\" data-sizes=\"(max-width: 37px) 100vw, 37px\" src=\"data:image\/svg+xml;base64,PHN2ZyB3aWR0aD0iMSIgaGVpZ2h0PSIxIiB4bWxucz0iaHR0cDovL3d3dy53My5vcmcvMjAwMC9zdmciPjwvc3ZnPg==\" style=\"--smush-placeholder-width: 37px; --smush-placeholder-aspect-ratio: 37\/19;\" \/><\/p>\n<h3 style=\"text-align: center;\">Hacker-Dienste mieten<\/h3>\n<p style=\"text-align: center;\">Unsere Hacker zu mieten bieten eine breite Palette von professionellen Hacking services.we Ziel, alle Arten von Online-Schutz f\u00fcr unsere wertvollen Kunden zu machen.<br \/>\nMieten Sie einen Hacker f\u00fcr alle Ihre Hacking-Bed\u00fcrfnisse. Einen Hacker anheuern, um Noten zu \u00e4ndern<\/p>\n<h3 style=\"text-align: center;\">LISTEN DER VON UNS ANGEBOTENEN DIENSTLEISTUNGEN<\/h3>\n<p style=\"text-align: center;\">\u2727 Mail-Hacking und -Kontrolle von Gmail, Yahoo-Mails, professionellen Mails&#8230;.bis hin zu gesicherten Mails mit 4096bits-Verschl\u00fcsselungen<br \/>\nPC-Jailbreaking\/Hacking (Windows, Mac, Linux-Distributionen... .)<br \/>\n\u2727 \u00c4nderung der Note<br \/>\n\u2727 Telefonnummer Pr\u00fcfung<br \/>\n\u2727 Komplettpaket, Zugriff auf pers\u00f6nliche oder gesch\u00e4ftliche Ger\u00e4te und Konten und Suche nach den ben\u00f6tigten Daten.<br \/>\n\u2727 Schuldentilgung<\/p>\n<p style=\"text-align: center;\">Website-\/Php-Administrator-Hacking (wir k\u00f6nnen vollen Zugang gew\u00e4hren oder alle Protokolle und Informationen stehlen)<br \/>\n\u2727 Reisepass, Ausweise oder Bescheinigungen, die wie die echten funktionieren k\u00f6nnen<br \/>\n\u2727 Geolokalisierung\/Telefonnummernverfolgung<br \/>\n\u2727 Wirtschaftsspionage und Unternehmensspionage<br \/>\n\u2727 Partner beim Fremdgehen erwischen \/ Partner\u00fcberwachung beim Fremdgehen<br \/>\n\u2727 Mobiles Hacking\/Fernzugriff per Handy<\/p>\n<p style=\"text-align: center;\">\u2727 Hacken von Social Media-Accounts oder Klonen von Zug\u00e4ngen<br \/>\n\u2727 Wir k\u00f6nnen Ihnen helfen, jeden aufzusp\u00fcren (geben Sie uns einfach g\u00fcltige Informationen \u00fcber Ihr Opfer)<br \/>\n\u2727 Durchf\u00fchrung von Kampagnen in den sozialen Medien<br \/>\n\u2727 Rache-Porno<br \/>\n\u2727 Zugang zu Beh\u00f6rden- und Unternehmensdatenbanken<\/p>\n<p style=\"text-align: center;\">\u2727 Wiederherstellung von Beweisen<br \/>\n\u2727 Strafrechtliche Vorstrafen l\u00f6schen<br \/>\n\u2727 Hacken von Spielen<br \/>\n\u2727 Ziel-Audit<br \/>\nWenn Sie auch einen Hacker von uns f\u00fcr Ihren privaten Gebrauch mieten m\u00f6chten (wir berechnen pro geleisteter Arbeitsstunde);<\/p>\n<h3 style=\"text-align: center;\">Was uns zu Ihrer besten Wahl macht<\/h3>\n<p style=\"text-align: center;\">Es erf\u00fcllt uns mit gro\u00dfer Freude und Stolz zu sagen, dass unsere Dienstleistungen unvergleichlich sind. Das Hacker-Team besteht aus den professionellsten, f\u00e4higsten und erfahrensten Hackern, die jede Aufgabe bew\u00e4ltigen k\u00f6nnen<\/p>\n<p style=\"text-align: center;\">Und das ist noch nicht das Ende der Geschichte! Dieses Team von Hackern ist vollst\u00e4ndig und streng ethisch und<br \/>\nWenn Sie sich also Sorgen machen, dass Sie bei der Inanspruchnahme unserer Dienste in Schwierigkeiten geraten k\u00f6nnten, sollten Sie<br \/>\ngesichert!<\/p>\n<h3 style=\"text-align: center;\">Professionelle Hacker anheuern<\/h3>\n<p style=\"text-align: center;\">Und Sie sind bereits auf die unz\u00e4hligen Dienstleistungen eingegangen, die wir unseren Kunden anbieten k\u00f6nnen.<br \/>\nHilfe. Unabh\u00e4ngig vom Ausma\u00df Ihrer Probleme k\u00f6nnen Sie also die L\u00f6sung finden f\u00fcr<br \/>\njeder einzelne von ihnen auf einer Plattform.<br \/>\nOb es um die Wiederherstellung von verlorenen Passw\u00f6rtern oder Ihre Kryptow\u00e4hrungstransaktionen geht, wir haben f\u00fcr Sie<br \/>\nabgedeckt.<\/p>\n<p>&nbsp;<\/p>\n<h3 style=\"text-align: center;\">Ist es sicher, einen Hacker online anzuheuern?<\/h3>\n<p style=\"text-align: center;\">Ja, es ist sicher, einen Hacker online bei uns zu mieten. Wir sind eine professionelle Gruppe von Black Hat Hackern. Wir haben Vertrauen in unsere gesch\u00e4tzten Kunden aufgebaut und haben null Chancen, irgendwelche Spiele mit ihnen zu spielen. Viele Menschen kommen zu uns mit unterschiedlichen Bed\u00fcrfnissen, die professionelle Hacker-Dienste, pers\u00f6nliche Bed\u00fcrfnisse, unternehmensbezogene Angelegenheiten sowie politische Angelegenheiten umfassen k\u00f6nnen. Wir entt\u00e4uschen in keiner Situation, und wenn Sie das Gef\u00fchl haben, dass Sie einen Profi brauchen, der Sie bei E-Mail-Passw\u00f6rtern, dem System- und Website-Hacking unterst\u00fctzt, dann z\u00f6gern Sie nicht.<\/p>\n<h3 style=\"text-align: center;\">Professionelle Hacker zu vermieten<\/h3>\n<p style=\"text-align: center;\">Einige unserer Kunden nutzen unsere Dienste, um die St\u00e4rke ihrer Netzwerke zu testen, und das ist etwas, was wir nach bestem Wissen und Gewissen tun. Wenn Sie einen Hacker beauftragen m\u00f6chten, eine Website-Datenbank oder ein Telefon zu hacken, verlorene Gelder oder ein E-Mail-Passwort f\u00fcr eine g\u00fcnstige Geb\u00fchr wiederherzustellen, dann kontaktieren Sie uns sofort. Unsere Preise sind angemessen und wir akzeptieren Bitcoins Der Prozess ist sehr einfach, da der Kunde schickt uns die Details oder Dinge, die er braucht, um gehackt werden, Einlagen 50% der Zahlung, und zahlt die restlichen 50%, nachdem der Hack abgeschlossen ist.<\/p>\n<h3 style=\"text-align: center;\">Verifizierte Hacker<\/h3>\n<p>Wir sind ethische Hacker und Privatdetektive zu Ihren Diensten. Jedes Mitglied unseres Teams ist in seinen verschiedenen Nischen sehr erfahren. Wir haben Spezialisten f\u00fcr digitale Forensik, zertifizierte ethische Hacker, Computeringenieure, Experten f\u00fcr Cybersicherheit, Privatdetektive und mehr in unserem Team. Unser Ziel ist es, Ihr digitales Leben sicher und reibungslos zu gestalten.<\/p>\n<h3 style=\"text-align: center;\">Ethische Hacker<\/h3>\n<p>Jeden Tag werden Hunderte und Tausende von Menschen auf der Welt zu Opfern, indem ihre Konten in sozialen Medien wie Facebook, Snapchat, Instagram, aber auch E-Mails, Mobiltelefone, schlechter Online-Ruf, Identit\u00e4tsdiebstahl und vieles mehr kompromittiert werden. Identit\u00e4tsdiebstahl kann genutzt werden, um in betr\u00fcgerischer Absicht Kredite zu beantragen, Sozialkonten zu er\u00f6ffnen, Steuern zu zahlen, Krankenversicherungen abzuschlie\u00dfen, usw. Wir von HACKERS FOR HIRE (dot) io k\u00f6nnen Ihnen helfen, sich gegen alle oben genannten Bedrohungen zu sch\u00fctzen.<\/p>\n<h3 style=\"text-align: center;\">Hacking-Dienste<\/h3>\n<p>Wir helfen Ihnen, Ihre Daten, sozialen Konten, Telefone, Computer und Identit\u00e4t zu sch\u00fctzen, und wir haben auch Kunden, die einen Hacker aufsp\u00fcren, jemanden ausfindig machen, den betr\u00fcgenden Ehepartner ermitteln, verlorene Daten wiederherstellen, den Online-Ruf verwalten usw. wollen. Wir sind hier, um Ihnen L\u00f6sungen f\u00fcr all diese Bed\u00fcrfnisse zu bieten.<\/p>\n<div class=\"container section-title-container\" ><h3 class=\"section-title section-title-center\"><b><\/b><span class=\"section-title-main\" style=\"font-size:109%;\">ANONYMER HACKER<\/span><b><\/b><\/h3><\/div>\n[ux_products style=&#8221;normal&#8221; type=&#8221;row&#8221; equalize_box=&#8221;true&#8221; cat=&#8221;19,17,18&#8243; orderby=&#8221;rand&#8221; image_hover=&#8221;zoom&#8221; image_hover_alt=&#8221;zoom-long&#8221; text_padding=&#8221;0px 0px 0px 0px&#8221;]","protected":false},"excerpt":{"rendered":"<p>HIRE ANONYMOUS HACKERS Hiring a Professional hacker is hard to come by these days but with Hireanonymoushackers, you can connect with proven performers in the hacking world in a matter of seconds. Have you been having lots of difficulties getting the right hacker for your hacking projects? Find the right hacker today on Hireanonymoushackers.com with [&#8230;]","protected":false},"author":1,"featured_media":782,"parent":0,"menu_order":0,"comment_status":"closed","ping_status":"closed","template":"page-blank.php","meta":{"_acf_changed":false,"footnotes":""},"class_list":["post-10","page","type-page","status-publish","has-post-thumbnail","hentry"],"acf":[],"_links":{"self":[{"href":"https:\/\/hireanonymoushackers.com\/de_ch_informal\/wp-json\/wp\/v2\/pages\/10","targetHints":{"allow":["GET"]}}],"collection":[{"href":"https:\/\/hireanonymoushackers.com\/de_ch_informal\/wp-json\/wp\/v2\/pages"}],"about":[{"href":"https:\/\/hireanonymoushackers.com\/de_ch_informal\/wp-json\/wp\/v2\/types\/page"}],"author":[{"embeddable":true,"href":"https:\/\/hireanonymoushackers.com\/de_ch_informal\/wp-json\/wp\/v2\/users\/1"}],"replies":[{"embeddable":true,"href":"https:\/\/hireanonymoushackers.com\/de_ch_informal\/wp-json\/wp\/v2\/comments?post=10"}],"version-history":[{"count":54,"href":"https:\/\/hireanonymoushackers.com\/de_ch_informal\/wp-json\/wp\/v2\/pages\/10\/revisions"}],"predecessor-version":[{"id":876,"href":"https:\/\/hireanonymoushackers.com\/de_ch_informal\/wp-json\/wp\/v2\/pages\/10\/revisions\/876"}],"wp:featuredmedia":[{"embeddable":true,"href":"https:\/\/hireanonymoushackers.com\/de_ch_informal\/wp-json\/wp\/v2\/media\/782"}],"wp:attachment":[{"href":"https:\/\/hireanonymoushackers.com\/de_ch_informal\/wp-json\/wp\/v2\/media?parent=10"}],"curies":[{"name":"wp","href":"https:\/\/api.w.org\/{rel}","templated":true}]}}