{"id":14,"date":"2020-12-16T12:05:52","date_gmt":"2020-12-16T12:05:52","guid":{"rendered":"http:\/\/cocaineforsaleonline.com\/?page_id=14"},"modified":"2025-11-16T08:59:02","modified_gmt":"2025-11-16T08:59:02","slug":"hyr-en-hacker","status":"publish","type":"page","link":"https:\/\/hireanonymoushackers.com\/da\/hyr-en-hacker\/","title":{"rendered":"Kontakt"},"content":{"rendered":"<div class=\"row row-collapse row-full-width\"  id=\"row-1317926727\">\n\n\t<div id=\"col-316518844\" class=\"col small-12 large-12\"  >\n\t\t<div class=\"col-inner\"  >\n\t\t\t\n\t\t\t\n\t<section class=\"section\" id=\"section_1059020474\">\n\t\t<div class=\"bg section-bg fill bg-fill\" >\n\n\t\t\t\n\t\t\t<div class=\"section-bg-overlay absolute fill\"><\/div>\n\t\t\t\n\n\t\t<\/div>\n\n\t\t<div class=\"section-content relative\">\n\t\t\t\n<div class=\"row row-collapse align-center\" style=\"max-width:\" id=\"row-1472372640\">\n\n\t<div id=\"col-1096445875\" class=\"col small-12 large-12\"  >\n\t\t<div class=\"col-inner text-center dark\"  >\n\t\t\t\n\t\t\t\n<h1><span style=\"font-size: 250%;\">Kontakt<\/span><\/h1>\n<p class=\"lead\"><span style=\"font-size: 120%;\">Send os en besked<\/span><\/p>\n\t\t<\/div>\n\t\t\n<style>\n#col-1096445875 > .col-inner {\n  padding: 100px 20px 200px 0px;\n}\n@media (min-width:550px) {\n  #col-1096445875 > .col-inner {\n    padding: 100px 0px 200px 0px;\n  }\n}\n<\/style>\n\t<\/div>\n\n\t\n<\/div>\n\t\t<\/div>\n\n\t\t\n<style>\n#section_1059020474 {\n  padding-top: 0px;\n  padding-bottom: 0px;\n  min-height: 0px;\n}\n#section_1059020474 .section-bg-overlay {\n  background-color: rgba(0, 0, 0, 0.12);\n}\n#section_1059020474 .section-bg.bg-loaded {\n  background-image: 28;\n}\n#section_1059020474 .section-bg {\n  background-position: 55% 100%;\n}\n@media (min-width:550px) {\n  #section_1059020474 {\n    padding-top: 0px;\n    padding-bottom: 0px;\n  }\n  #section_1059020474 .section-bg-overlay {\n    background-color: rgba(0, 0, 0, 0.21);\n  }\n}\n@media (min-width:850px) {\n  #section_1059020474 {\n    padding-top: 100px;\n    padding-bottom: 100px;\n  }\n  #section_1059020474 .section-bg-overlay {\n    background-color: rgba(0,0,0,.5);\n  }\n}\n<\/style>\n\t<\/section>\n\t\n\t\t<\/div>\n\t\t\n<style>\n#col-316518844 > .col-inner {\n  padding: 0px 30px 0px 30px;\n}\n<\/style>\n\t<\/div>\n\n\t\n<\/div>\n<div class=\"row row-large\" style=\"max-width:1400px\" id=\"row-1467085884\">\n\n\t<div id=\"col-524403458\" class=\"col small-12 large-12\"  >\n\t\t<div class=\"col-inner\" style=\"background-color:rgb(255, 255, 255);\" >\n\t\t\t\n\t\t\t\n<div class=\"row row-collapse row-full-width\"  id=\"row-1607352334\">\n<style>\n#row-1607352334 > .col > .col-inner {\n  padding: 0px 15px 0px 15px;\n}\n<\/style>\n<\/div>\n\n\t<div id=\"col-153311217\" class=\"col medium-12 small-12 large-6\"  >\n\t\t<div class=\"col-inner\"  >\n\t\t\t\n\t\t\t\t\t<\/div>\n\t\t\n<style>\n#col-153311217 > .col-inner {\n  padding: 0px 0px 0px 20px;\n}\n<\/style>\n\t<\/div>\n\n\t\n<h2><span style=\"font-size: 120%;\">Kontakt os<\/span><\/h2>\n<p><strong>Email:dk8ayz@proton.me<\/strong><\/p>\n\t<div id=\"gap-906468581\" class=\"gap-element clearfix\" style=\"display:block; height:auto;\">\n\t\t\n<style>\n#gap-906468581 {\n  padding-top: 20px;\n}\n@media (min-width:550px) {\n  #gap-906468581 {\n    padding-top: 20px;\n  }\n}\n@media (min-width:850px) {\n  #gap-906468581 {\n    padding-top: 30px;\n  }\n}\n<\/style>\n\t<\/div>\n\t\n<div class=\"row\"  id=\"row-1008976015\"><\/div>\n\n\t<div id=\"col-1307755886\" class=\"col medium-6 small-12 large-6\"  >\n\t\t<div class=\"col-inner\"  >\n\t\t\t\n\t\t\t\t\t<\/div>\n\t\t\t<\/div>\n\n\t\n<p>&nbsp;<\/p>\n<h2 style=\"text-align: center;\">Ans\u00e6t en hacker<\/h2>\n<div class=\"elementor-element elementor-element-ea57f42 elementor-widget elementor-widget-text-editor\" data-id=\"ea57f42\" data-element_type=\"widget\" data-widget_type=\"text-editor.default\">\n<div class=\"elementor-widget-container\">Hire Anonymous Hackers er en teknologibaseret teknisk support, som har v\u00e6ret medvirkende til at give deres kunder den bedste kundeoplevelse. Vi leverer forskellige tjenester, der inkluderer: hacking af en mobiltelefon, afsendelse af tekstbeskeder eller e-mail med spyware. Denne virksomhed har til form\u00e5l at g\u00f8re livet lettere for mennesker, der st\u00e5r over for relationsproblemer.<\/div>\n<div><\/div>\n<\/div>\n<div class=\"elementor-element elementor-element-ed07b83 elementor-widget elementor-widget-text-editor\" data-id=\"ed07b83\" data-element_type=\"widget\" data-widget_type=\"text-editor.default\">\n<div class=\"elementor-widget-container\">Vi er de bedste hacking-eksperter, du kan hyre til dine specifikke behov. Fra beskeden overv\u00e5gning af en persons telefon til ondsindet \u00f8del\u00e6ggelse af bevismateriale. Vi har de bedste hackere til at hj\u00e6lpe dig!<\/div>\n<\/div>\n<h3 style=\"text-align: center;\">S\u00e5dan hyrer du en hacker<\/h3>\n<p>Vil du hyre en hacker billigt fra vores samling af hackere? Fort\u00e6l os, hvad du har brug for: Du skal blot beskrive, hvilken slags hacking du har brug for. Vi finder den rigtige hacker til jobbet. Vi matcher dig med en certificeret etisk hacker, der har de f\u00e6rdigheder og den erfaring, der skal til for at f\u00e5 jobbet gjort. Dine data er sikre hos os. Alle vores hackere er h\u00f8jtuddannede fagfolk, der overholder strenge etiske standarder. Kontakt os p\u00e5 vores <a href=\"https:\/\/hireanonymoushackers.com\/da\/hyr-en-hacker\/\">Kontakt side<\/a><\/p>\n<div class=\"elementor-element elementor-element-6d17116 elementor-widget elementor-widget-heading\" data-id=\"6d17116\" data-element_type=\"widget\" data-widget_type=\"heading.default\">\n<div class=\"elementor-widget-container\">\n<h3 class=\"elementor-heading-title elementor-size-default\" style=\"text-align: center;\">Eksperter og p\u00e5lidelige hackere til leje<\/h3>\n<div class=\"elementor-element elementor-element-41118ff elementor-widget elementor-widget-text-editor\" data-id=\"41118ff\" data-element_type=\"widget\" data-widget_type=\"text-editor.default\">\n<div class=\"elementor-widget-container\">\n<p><a href=\"https:\/\/hireanonymoushackers.com\/da\/\">Hireanonymoushackers.com<\/a> best\u00e5r af et team af etiske hackere, der leverer alsidige IT-relaterede tjenester som f.eks. test af databaseindtr\u00e6ngning, ekstern telefonhacking, hacking af sociale medier, e-mailhacking, inddrivelse af midler, leje af en mobiltelefonhacker eller andre cyberhacking-tjenester.<\/p>\n<\/div>\n<\/div>\n<\/div>\n<\/div>\n<h3 style=\"text-align: center;\">Verificerede hackere til leje<\/h3>\n<p style=\"text-align: center;\">Vi kan hj\u00e6lpe dig med softwarehacking, penetrationstest, databasedumping, databaseredigering, databasesikring, gendannelse af kreditsvindel, Windows-hacking, WIFI-adgangskodekn\u00e6kning, Pinterest-hacking, kredit score-fix, kryptovaluta-tyveri, DDOS-angreb, etisk hacking-l\u00e6ring, doxing, mand i det midterste angreb, Rediff-mail-hacking, Yandex-mail-hacking.<a href=\"https:\/\/duckduckgo.com\/\" target=\"_blank\" rel=\"noopener\">.<\/a>.<\/p>\n<h3 style=\"text-align: center;\"><span class=\"tagify__tag-text\" contenteditable=\"true\">Ans\u00e6t anonyme hackere<\/span><\/h3>\n<p style=\"text-align: center;\">Vi er et team af professionelle hackere fra hele verden, der udviklede sig fra skyggerne af det m\u00f8rke web, en delm\u00e6ngde af det dybe web med skjulte tjenester, Vores hovedmotiv er at give dig sikre og sikre professionelle hacking-tjenester. Ans\u00e6t en professionel hacker (certificeret) til nedenst\u00e5ende tjenester Check.<\/p>\n<p style=\"text-align: center;\"><span data-text-color=\"alert\"><strong>100% Pengene tilbage-garanti, hvis arbejdet ikke udf\u00f8res til din tilfredshed.<\/strong><\/span><\/p>\n<h3 style=\"text-align: center;\"><span class=\"tagify__tag-text\" contenteditable=\"true\">Telefonhacking-service<\/span><\/h3>\n<p style=\"text-align: center;\">Der er mange grunde til, at du kan f\u00e5 brug for at hyre en mobilhacker. M\u00e5ske vil du gerne hacke dig ind i din \u00e6gtef\u00e6lles mobiltelefon for at se, om han eller hun er dig utro. Eller m\u00e5ske har du brug for at komme ind i en virksomheds computersystem for at stj\u00e6le forretningshemmeligheder. Uanset \u00e5rsagen er det vigtigt at finde den rigtige hacker til opgaven. Ikke alle hackere er skabt lige, s\u00e5 du skal v\u00e6re forsigtig, n\u00e5r du v\u00e6lger en.<\/p>\n<h4 style=\"text-align: center;\"><span class=\"tagify__tag-text\" contenteditable=\"true\">Hyr en hacker til din mobiltelefon<\/span><\/h4>\n<p style=\"text-align: center;\">Her hos Hire Anonymous Hackers har vi mange \u00e5rs erfaring med at hacke telefoner, computere og andre elektroniske enheder. Vi har de f\u00e6rdigheder og den ekspertise, der er n\u00f8dvendig for at hj\u00e6lpe dig med at n\u00e5 dine m\u00e5l. Kontakt os i dag for mere information eller for at komme i gang!<\/p>\n<h3 style=\"text-align: center;\">Hackere p\u00e5 sociale medier<\/h3>\n<p style=\"text-align: center;\">Er du p\u00e5 udkig efter en hacker til sociale medier? I s\u00e5 fald er du kommet til det rette sted. Her hos cyber lord tilbyder vi en bred vifte af tjenester, der inkluderer hacking af sociale medier. Vi har et team af eksperter, der er dygtige inden for dette omr\u00e5de og kan hj\u00e6lpe dig med at f\u00e5 de resultater, du leder efter.<\/p>\n<p style=\"text-align: center;\">Hire Anonymous Hackers er en hacker-til-leje-tjeneste. Vi leverer hackere til sociale medier, ondsindede hackere og gode folk til at finde s\u00e5rbarheder, gendanne Facebook-konti og f\u00e5 adgang til webv\u00e6rkt\u00f8jer og information. Vi har en bred vifte af f\u00e6rdigheder og v\u00e6rkt\u00f8jer til r\u00e5dighed for at hj\u00e6lpe vores kunder. Vi er forpligtet til at yde den bedst mulige service til vores kunder og tilbyder konkurrencedygtige priser.<\/p>\n<h3 style=\"text-align: center;\">Hacking af skoleklasser<\/h3>\n<p style=\"text-align: center;\">Hvis du er som de fleste, t\u00e6nker du sikkert p\u00e5 skolekarakterer som et m\u00e5l for, hvor godt du har klaret dig i en klasse. Men hvad nu, hvis der var en m\u00e5de at f\u00e5 bedre karakterer p\u00e5 uden at l\u00e6se eller lave ekstra arbejde? Tro det eller ej, men det er der - og det er hackere, der kan g\u00f8re det! Ans\u00e6t vores hackere til at \u00e6ndre karakterer og legitime hacker. Hackeren, der er hyret til at \u00e6ndre karakterer, er en anerkendt ekspert som computerhacker.<\/p>\n<h4 style=\"text-align: center;\">Hacking af skoleklasser<\/h4>\n<p style=\"text-align: center;\">Ans\u00e6ttelse af en hackerservice, der hj\u00e6lper folk med at \u00e6ndre deres universitetskarakterer og skolekarakterer og undg\u00e5 sikkerhedsbrud. Vi har et team af erfarne hackere, som er eksperter i at finde sikkerhedshuller i universitetsdatabaser og hjemmesider. Vi tilbyder vores hacking-f\u00e6rdigheder til alle, der har brug for dem, og vi garanterer, at vores arbejde er af h\u00f8jeste kvalitet.<\/p>\n<p style=\"text-align: center;\">Hire Anonymous Hackers er en professionel hackerservice, der hj\u00e6lper studerende med at \u00e6ndre deres karakterer, skolepapirer og universitetsudskrifter. Vi tilbyder ogs\u00e5 sikkerhedsr\u00e5dgivning til universiteter og virksomheder for at hj\u00e6lpe dem med at undg\u00e5 cyberangreb.<\/p>\n<p style=\"text-align: center;\">Vi tilbyder ogs\u00e5 intrusion detection systems, penetration testing og etisk hacking. Vi bruger de samme teknikker som ondsindede hackere, men vi g\u00f8r det p\u00e5 en etisk m\u00e5de og med din tilladelse.<\/p>\n<div class=\"elementor-element elementor-element-f91317e elementor-widget elementor-widget-heading\" data-id=\"f91317e\" data-element_type=\"widget\" data-widget_type=\"heading.default\">\n<div class=\"elementor-widget-container\">\n<h3 class=\"elementor-heading-title elementor-size-default\" style=\"text-align: center;\">Test hjemmesidens sikkerhed<\/h3>\n<p style=\"text-align: center;\">Hire Anonymous Hackers er et team af professionelle etiske hackere, der leverer tjenester til at teste websidesikkerhed, opdage indtr\u00e6ngen og udf\u00f8re penetrationstest. Vi tilbyder ogs\u00e5 sikkerhedsrevisioner og dataanalyse af netv\u00e6rkstrafik. Vores m\u00e5l er at hj\u00e6lpe vores kunder med at forbedre deres sikkerhed og beskytte deres online-aktiver.<\/p>\n<p style=\"text-align: center;\">N\u00e5r man taler om hacking, t\u00e6nker mange p\u00e5 ondsindede aktiviteter som at stj\u00e6le nogens identitet eller bryde ind i computersystemer. Men der er en voksende industri af professionelle hackere, som tilbyder deres tjenester til virksomheder og enkeltpersoner, der \u00f8nsker at tr\u00e6nge ind i deres hjemmesides sikkerhed. Selvom det kan virke som en nem m\u00e5de at l\u00f8se dine sikkerhedsproblemer p\u00e5 at hyre en hacker, er det vigtigt at beskytte din database mod ondsindede angreb.<\/p>\n<h3 style=\"text-align: center;\">Facebook-hacking-tjeneste<\/h3>\n<p style=\"text-align: center;\">Er du bekymret for sikkerheden p\u00e5 din Facebook-konto? Vil du v\u00e6re sikker p\u00e5, at din konto er sikker og tryg? I s\u00e5 fald b\u00f8r du m\u00e5ske overveje at hyre en hacker til at hacke Facebook for dig. Der findes en r\u00e6kke forskellige hacking-tjenester, som tilbyder denne type service, og det kan v\u00e6re en god m\u00e5de at sikre, at din konto er s\u00e5 sikker som muligt. F\u00f8r du hyrer en hacker, er det dog vigtigt at lave din research og sikre dig, at du v\u00e6lger den rigtige tjeneste.<\/p>\n<h3 style=\"text-align: center;\">Ans\u00e6t en hacker til WhatsApp<\/h3>\n<p style=\"text-align: center;\">Hackere kan hyres til at hj\u00e6lpe med en r\u00e6kke forskellige opgaver, herunder at f\u00e5 adgang til WhatsApp-beskeder. Hvis du leder efter nogen, der kan hj\u00e6lpe dig med din WhatsApp-hacker, eller hvis du gerne vil have nogen til at hj\u00e6lpe dig med at udspionere din partners beskeder, s\u00e5 er en hacker den perfekte l\u00f8sning. Kontakt vores telefonhackere, der kan lejes.<\/p>\n<h4 style=\"text-align: center;\">Bedste anmodning om hacking<br \/>\nUanset \u00e5rsagen kan hacking v\u00e6re en hurtig og nem proces, hvis man ved, hvor man skal lede.<\/h4>\n<p style=\"text-align: center;\">Telefonhacking-service<br \/>\nFacebook-hacking-tjeneste<br \/>\nHacker p\u00e5 sociale medier<br \/>\nAns\u00e6t en hacker til WhatsApp<br \/>\nHacking af skoleklasser<br \/>\nHack Instagram<\/p>\n<p>&nbsp;<\/p>\n<\/div>\n<\/div>\n<p>&nbsp;<\/p>\n<p>&nbsp;<\/p>\n\t\t<\/div>\n\t\t\n<style>\n#col-524403458 > .col-inner {\n  padding: 50px 20px 0px 20px;\n  margin: -0 0px 0px 0px;\n}\n@media (min-width:550px) {\n  #col-524403458 > .col-inner {\n    padding: 50px 20px 30px 20px;\n    margin: 0 0px 0px 0px;\n  }\n}\n@media (min-width:850px) {\n  #col-524403458 > .col-inner {\n    padding: 66px 5% 16px 5%;\n    margin: -135px 0px 0px 0px;\n  }\n}\n<\/style>\n\t<\/div>\n\n\t\n<\/div>","protected":false},"excerpt":{"rendered":"","protected":false},"author":1,"featured_media":819,"parent":0,"menu_order":0,"comment_status":"closed","ping_status":"closed","template":"page-blank.php","meta":{"_acf_changed":false,"footnotes":""},"class_list":["post-14","page","type-page","status-publish","has-post-thumbnail","hentry"],"acf":[],"_links":{"self":[{"href":"https:\/\/hireanonymoushackers.com\/da\/wp-json\/wp\/v2\/pages\/14","targetHints":{"allow":["GET"]}}],"collection":[{"href":"https:\/\/hireanonymoushackers.com\/da\/wp-json\/wp\/v2\/pages"}],"about":[{"href":"https:\/\/hireanonymoushackers.com\/da\/wp-json\/wp\/v2\/types\/page"}],"author":[{"embeddable":true,"href":"https:\/\/hireanonymoushackers.com\/da\/wp-json\/wp\/v2\/users\/1"}],"replies":[{"embeddable":true,"href":"https:\/\/hireanonymoushackers.com\/da\/wp-json\/wp\/v2\/comments?post=14"}],"version-history":[{"count":29,"href":"https:\/\/hireanonymoushackers.com\/da\/wp-json\/wp\/v2\/pages\/14\/revisions"}],"predecessor-version":[{"id":1000,"href":"https:\/\/hireanonymoushackers.com\/da\/wp-json\/wp\/v2\/pages\/14\/revisions\/1000"}],"wp:featuredmedia":[{"embeddable":true,"href":"https:\/\/hireanonymoushackers.com\/da\/wp-json\/wp\/v2\/media\/819"}],"wp:attachment":[{"href":"https:\/\/hireanonymoushackers.com\/da\/wp-json\/wp\/v2\/media?parent=14"}],"curies":[{"name":"wp","href":"https:\/\/api.w.org\/{rel}","templated":true}]}}