{"id":10,"date":"2020-12-16T12:04:19","date_gmt":"2020-12-16T12:04:19","guid":{"rendered":"http:\/\/cocaineforsaleonline.com\/?page_id=10"},"modified":"2024-04-22T20:19:09","modified_gmt":"2024-04-22T20:19:09","slug":"home","status":"publish","type":"page","link":"https:\/\/hireanonymoushackers.com\/da\/","title":{"rendered":"Hjem"},"content":{"rendered":"<div class=\"banner has-hover show-for-small\" id=\"banner-1044710721\">\n          <div class=\"banner-inner fill\">\n        <div class=\"banner-bg fill\" >\n            <div class=\"bg fill bg-fill\"><\/div>\n                                    \n                    <\/div>\n        <div class=\"banner-layers container\">\n            <div class=\"fill banner-link\"><\/div>            \n        <\/div>\n      <\/div>\n\n              <div class=\"height-fix is-invisible\"><\/div>\n            \n<style>\n#banner-1044710721 {\n  background-color: rgb(247, 245, 244);\n}\n<\/style>\n  <\/div>\n\n\n\t<section class=\"section dark\" id=\"section_689874853\">\n\t\t<div class=\"bg section-bg fill bg-fill\" >\n\n\t\t\t\n\t\t\t<div class=\"section-bg-overlay absolute fill\"><\/div><button class=\"scroll-for-more z-5 icon absolute bottom h-center\"><i class=\"icon-angle-down\" style=\"font-size:42px;\"><\/i><\/button>\n\t\t\t\n\n\t\t<\/div>\n\n\t\t<div class=\"section-content relative\">\n\t\t\t\n<div class=\"row align-middle\"  id=\"row-989314894\">\n\n\t<div id=\"col-1855386879\" class=\"col medium-8 small-12 large-8\"  >\n\t\t<div class=\"col-inner\"  >\n\t\t\t\n\t\t\t\n<h6 class=\"uppercase\">Ans\u00e6t en hacker<\/h6>\n<h1 style=\"font-size: 350%; line-height: 100%;\">Ans\u00e6t anonyme hackere<\/h1>\n<p>Anonyme hackere til leje<\/p>\n<h1 style=\"font-size: 200%;\">Anonymous Hackers' officielle hjemmeside<\/h1>\n<div class=\"row row-collapse\"  id=\"row-1807996087\">\n\n\t<div id=\"col-200769452\" class=\"col medium-6 small-12 large-6\"  >\n\t\t<div class=\"col-inner\"  >\n\t\t\t\n\t\t\t\n<a data-animate=\"blurIn\" href=\"https:\/\/hireanonymoushackers.com\/da\/hyr-en-hacker\/\" target=\"_self\" class=\"button secondary is-large lowercase expand\"  style=\"border-radius:4px;\">\n  <i class=\"icon-star\" ><\/i>  <span>Kontakt os<\/span>\n  <\/a>\n\n\t\t<\/div>\n\t\t\t<\/div>\n\n\t\n\n<style>\n#row-1807996087 > .col > .col-inner {\n  padding: 0px 5px 0px 5px;\n}\n<\/style>\n<\/div>\n\t\t<\/div>\n\t\t\t<\/div>\n\n\t\n<\/div>\n\t\t<\/div>\n\n\t\t\n<style>\n#section_689874853 {\n  padding-top: 60px;\n  padding-bottom: 60px;\n  min-height: 600px;\n  background-color: rgb(255,255,255);\n}\n#section_689874853 .section-bg-overlay {\n  background-color: rgb(45, 78, 103);\n}\n#section_689874853 .section-bg.bg-loaded {\n  background-image: 28;\n}\n@media (min-width:550px) {\n  #section_689874853 .section-bg-overlay {\n    background-color: rgba(0, 0, 0, 0.5);\n  }\n}\n@media (min-width:850px) {\n  #section_689874853 .section-bg-overlay {\n    background-color: rgba(0,0,0,.5);\n  }\n}\n<\/style>\n\t<\/section>\n\t\n\t<section class=\"section\" id=\"section_1894500403\">\n\t\t<div class=\"bg section-bg fill bg-fill  bg-loaded\" >\n\n\t\t\t\n\t\t\t\n\t\t\t\n\n\t\t<\/div>\n\n\t\t<div class=\"section-content relative\">\n\t\t\t\t\t<\/div>\n\n\t\t\n<style>\n#section_1894500403 {\n  padding-top: 0px;\n  padding-bottom: 0px;\n}\n<\/style>\n\t<\/section>\n\t\n\t<div id=\"gap-1174034326\" class=\"gap-element clearfix\" style=\"display:block; height:auto;\">\n\t\t\n<style>\n#gap-1174034326 {\n  padding-top: 59px;\n}\n<\/style>\n\t<\/div>\n\t\n<div class=\"row\"  id=\"row-1045349743\"><\/div>\n\n\t<div id=\"col-1219533721\" class=\"col small-12 large-12\"  >\n\t\t<div class=\"col-inner\"  >\n\t\t\t\n\t\t\t\t\t<\/div>\n\t\t\t<\/div>\n\n\t\n<h2 style=\"text-align: center;\">HYR ANONYME HACKERE<\/h2>\n<p style=\"text-align: center;\">Det er sv\u00e6rt at finde en professionel hacker i dag, men med Hireanonymoushackers kan du komme i kontakt med professionelle hackere i l\u00f8bet af f\u00e5 sekunder. Har du haft mange problemer med at finde den rigtige hacker til dine hackerprojekter? Find den rigtige hacker i dag p\u00e5 <a href=\"https:\/\/hireanonymoushackers.com\/da\/\">Hireanonymoushackers.com<\/a> med h\u00f8jt kvalificerede professionelle hackere i verdensklasse, der st\u00e5r klar til at hj\u00e6lpe dig med at f\u00e5 succes med dine hackingprojekter.<\/p>\n<h3 style=\"text-align: center;\">P\u00e5lidelige hackere<\/h3>\n<p style=\"text-align: center;\">Vores nyligt introducerede Escrow Service vil ogs\u00e5 beskytte dig mod enhver form for s\u00e5rbarhed, n\u00e5r du betaler til vores hackere. Din betaling vil blive opbevaret sikkert i escrow-tjenesten, som har den ultimative ret til at beholde og udbetale betalingen og kun vil g\u00f8re det med din tilladelse, n\u00e5r du er tilfreds med det arbejde, der leveres til dig af den tildelte hacker.<\/p>\n<p><img decoding=\"async\" class=\"wp-image-795 lazyload\" data-src=\"https:\/\/hireanonymoushackers.io\/wp-content\/uploads\/2023\/06\/5-star-300x158.jpg\" alt=\"Anonyme hackere\" width=\"30\" height=\"16\" data-srcset=\"https:\/\/hireanonymoushackers.com\/wp-content\/uploads\/2023\/06\/5-star-300x158.jpg 300w, https:\/\/hireanonymoushackers.com\/wp-content\/uploads\/2023\/06\/5-star-1024x539.jpg 1024w, https:\/\/hireanonymoushackers.com\/wp-content\/uploads\/2023\/06\/5-star-768x404.jpg 768w, https:\/\/hireanonymoushackers.com\/wp-content\/uploads\/2023\/06\/5-star-600x316.jpg 600w, https:\/\/hireanonymoushackers.com\/wp-content\/uploads\/2023\/06\/5-star.jpg 1520w\" data-sizes=\"(max-width: 30px) 100vw, 30px\" src=\"data:image\/svg+xml;base64,PHN2ZyB3aWR0aD0iMSIgaGVpZ2h0PSIxIiB4bWxucz0iaHR0cDovL3d3dy53My5vcmcvMjAwMC9zdmciPjwvc3ZnPg==\" style=\"--smush-placeholder-width: 30px; --smush-placeholder-aspect-ratio: 30\/16;\" \/><\/p>\n<h3 style=\"text-align: center;\">LEJ EN HACKER<\/h3>\n<p style=\"text-align: center;\">Vi er et team af professionelle hackere med erfaring inden for forskellige omr\u00e5der. Vi har leveret hacking-tjenester til enkeltpersoner og private virksomheder i over 7 \u00e5r med diskrete hacking-tjenester af h\u00f8j kvalitet, og nu bringer vi vores tjenester til dig. Har du pr\u00f8vet at k\u00f8be hacking-tjenester p\u00e5 det m\u00f8rke web f\u00f8r? Er du ikke tilfreds med resultaterne? Kun tomme l\u00f8fter, men ingen, der f\u00e5r arbejdet gjort?<\/p>\n<p style=\"text-align: center;\">S\u00e5 skal du pr\u00f8ve Hire Hackers, de mest p\u00e5lidelige hackere til at f\u00e5 tingene gjort. I mods\u00e6tning til andre er vores priser ikke de billigste, men hvis vi ikke kan udf\u00f8re et job, f\u00e5r du pengene tilbage.<a href=\"https:\/\/duckduckgo.com\/\" target=\"_blank\" rel=\"noopener\">.<\/a><\/p>\n<h3 style=\"text-align: center;\"><span class=\"tagify__tag-text\" contenteditable=\"true\">Hackere til leje<\/span><\/h3>\n<p style=\"text-align: center;\">Hire Anonymous Hackers er en professionel hackinggruppe, der er tilg\u00e6ngelig online for at levere en professionel og unik service til vores elskv\u00e6rdige kunder globalt. Lej en hacker i Storbritannien.<\/p>\n<p style=\"text-align: center;\">Hos Hire Anonymous Hackers, der leverer mere end mulige l\u00f8sninger, er vi kendt for at v\u00e6re de bedste udbydere af hacking-tjenester i l\u00f8bet af de mange \u00e5r, vi har arbejdet inden for dette forretningsomr\u00e5de. Black hat-hackere til leje.<\/p>\n<p><img decoding=\"async\" class=\"wp-image-803 aligncenter lazyload\" data-src=\"https:\/\/hireanonymoushackers.io\/wp-content\/uploads\/2023\/06\/Hire-Hackers-Services-300x225.jpg\" alt=\"Lej hacker-tjenester\" width=\"59\" height=\"44\" data-srcset=\"https:\/\/hireanonymoushackers.com\/wp-content\/uploads\/2023\/06\/Hire-Hackers-Services-300x225.jpg 300w, https:\/\/hireanonymoushackers.com\/wp-content\/uploads\/2023\/06\/Hire-Hackers-Services.jpg 350w\" data-sizes=\"(max-width: 59px) 100vw, 59px\" src=\"data:image\/svg+xml;base64,PHN2ZyB3aWR0aD0iMSIgaGVpZ2h0PSIxIiB4bWxucz0iaHR0cDovL3d3dy53My5vcmcvMjAwMC9zdmciPjwvc3ZnPg==\" style=\"--smush-placeholder-width: 59px; --smush-placeholder-aspect-ratio: 59\/44;\" \/><\/p>\n<h3 style=\"text-align: center;\">Trov\u00e6rdige certificerede etiske hackere til leje<\/h3>\n<p style=\"text-align: center;\">Vores hackere er ikke f\u00f8dt hackere, de fleste af vores hackere har arbejdet i mere end 10 \u00e5r for forskellige virksomheder inden for telekommunikation, cybersikkerhed og serveradministration, og de fleste, hvis ikke alle, har erfaring med at arbejde for virksomheder, der bygger forskellige sikkerhedsops\u00e6tninger til forskellige applikationer.<\/p>\n<p style=\"text-align: center;\">At have arbejdet for s\u00e5danne virksomheder giver vores hackere en fordel og en fuldst\u00e6ndig indsigt i, hvordan sikkerhed fungerer for forskellige applikationer og hardware.<\/p>\n<h3 style=\"text-align: center;\"><span class=\"tagify__tag-text\" contenteditable=\"true\">Lej en hacker<\/span><\/h3>\n<p style=\"text-align: center;\">Vi tilbyder professionelle hacking-tjenester af bedste kvalitet, der ikke kan matches med andre hacker til lejefirma. Vores professionelle hackere har den mest avancerede hackingteknik til at hacke Facebook, Snapchat, Whatsapp, Twitter, Instagram, e-mail-konti, Gmail, Smart Phone, Website, Database og mange flere. Du kan ogs\u00e5 anmode om tilpasset hack. I disse dage er det vanskeligt at ans\u00e6tte en professionel hacker. Du kan blive snydt for forkerte hacking-tjenester eller af falske hackere p\u00e5 internettet. Lad dig ikke narre af svindlere, der reklamerer for falske professionelle hacking-tjenester.<\/p>\n<h3 style=\"text-align: center;\"><span class=\"tagify__tag-text\" contenteditable=\"true\">Professionelle hacking-tjenester<\/span><\/h3>\n<p style=\"text-align: center;\">Anonymous Hackers er verdens mest p\u00e5lidelige hackingplatform, hvor du m\u00f8der professionelle hackere til dine hackingtjenester. Vi er dedikerede og arbejder p\u00e5 at opfylde dine krav til hacking gennem vores hackere p\u00e5 det m\u00f8rke web. Vi leverer ogs\u00e5 24-timers hacking-tjenester for at sikre, at du n\u00e5r dine m\u00e5l uden forsinkelse. Hack universitetsserver.<\/p>\n<h4 style=\"text-align: center;\">Hyr en hacker til at hacke en hjemmeside<\/h4>\n<p style=\"text-align: center;\">Som en f\u00f8rende hackingplatform er vi stolte af at betjene vores kunder fra hele verden. Vores certificerede hackere er vores styrke, og vores kundetilfredshed er vores h\u00f8jeste prioritet. Vi har eksperter inden for forskellige hackingomr\u00e5der, og vi lover altid at levere hurtige projekter. Med en bred vifte af hackingl\u00f8sninger baner vi vejen for den hackingsucces, du \u00f8nsker. Hack universitetets database.<\/p>\n<h3 style=\"text-align: center;\">Anonyme hackere<\/h3>\n<p style=\"text-align: center;\">Anonymous Hackers er et team af anonyme hackere, der tilbyder professionelle hacking-tjenester. Lej en hacker til Facebook-, e-mail-, web-, database- eller telefonhacking. Vi er et team af h\u00f8jt kvalificerede og professionelle hackere, der er i stand til at hacke alle sociale konti, e-mail-konti, telefon, websted eller database. 100% garanterer privatlivets fred og fortrolighed for vores kunder.Lej en hacker til Facebook.<\/p>\n<p><img decoding=\"async\" class=\"wp-image-795 aligncenter lazyload\" data-src=\"https:\/\/hireanonymoushackers.io\/wp-content\/uploads\/2023\/06\/5-star-300x158.jpg\" alt=\"Anonyme hackere\" width=\"37\" height=\"19\" data-srcset=\"https:\/\/hireanonymoushackers.com\/wp-content\/uploads\/2023\/06\/5-star-300x158.jpg 300w, https:\/\/hireanonymoushackers.com\/wp-content\/uploads\/2023\/06\/5-star-1024x539.jpg 1024w, https:\/\/hireanonymoushackers.com\/wp-content\/uploads\/2023\/06\/5-star-768x404.jpg 768w, https:\/\/hireanonymoushackers.com\/wp-content\/uploads\/2023\/06\/5-star-600x316.jpg 600w, https:\/\/hireanonymoushackers.com\/wp-content\/uploads\/2023\/06\/5-star.jpg 1520w\" data-sizes=\"(max-width: 37px) 100vw, 37px\" src=\"data:image\/svg+xml;base64,PHN2ZyB3aWR0aD0iMSIgaGVpZ2h0PSIxIiB4bWxucz0iaHR0cDovL3d3dy53My5vcmcvMjAwMC9zdmciPjwvc3ZnPg==\" style=\"--smush-placeholder-width: 37px; --smush-placeholder-aspect-ratio: 37\/19;\" \/><\/p>\n<h3 style=\"text-align: center;\">Lej hacker-tjenester<\/h3>\n<p style=\"text-align: center;\">Vores hackere til leje tilbyder en bred vifte af professionelle hacking-tjenester, og vi sigter mod at skabe alle former for online-beskyttelse for vores v\u00e6rdifulde kunder.<br \/>\nLej en hacker til alle dine hacking-behov. Hyr en hacker til at \u00e6ndre karakterer<\/p>\n<h3 style=\"text-align: center;\">LISTER OVER DE TJENESTER, VI TILBYDER<\/h3>\n<p style=\"text-align: center;\">\u2727 Mailhacking og -kontrol lige fra gmail, yahoo-mails, professionelle e-mails&#8230;.til selv sikrede mails med 4096bits-kryptering<br \/>\n\u2727 Pc jailbreaking\/hacking (windows, mac, linux distros ... .)<br \/>\n\u2727 \u00c6ndring af karakter<br \/>\n\u2727 Telefonnummer Revision<br \/>\n\u2727 Fuld pakke, hvor du f\u00e5r adgang til personlige eller firmaets enheder og konti og kan s\u00f8ge efter de data, du har brug for.<br \/>\n\u2727 Afvikling af g\u00e6ld<\/p>\n<p style=\"text-align: center;\">\u2727 Hacking af hjemmeside\/php-administrator (vi kan give fuld adgang eller stj\u00e6le enhver log eller information)<br \/>\n\u2727 Pas, id-kort eller certifikater, der kan fungere som det rigtige<br \/>\n\u2727 Geo-locator\/telefonnummer-sporing<br \/>\n\u2727 \u00d8konomisk spionage og virksomhedsspionage<br \/>\n\u2727 Fang utro partner \/ overv\u00e5gning af utro partner<br \/>\n\u2727 Mobil hacking\/mobil fjernadgang<\/p>\n<p style=\"text-align: center;\">\u2727 Hacking af konti p\u00e5 sociale medier eller kloning af adgang<br \/>\n\u2727 Vi kan hj\u00e6lpe dig med at spore hvem som helst (bare giv os gyldig information om dit offer)<br \/>\n\u2727 K\u00f8r kampagner p\u00e5 sociale medier<br \/>\n\u2727 H\u00e6vnporno<br \/>\n\u2727 Adgang til regerings- og virksomhedsdatabaser<\/p>\n<p style=\"text-align: center;\">\u2727 Genopretning af bevismateriale<br \/>\n\u2727 Rydde straffeattester<br \/>\n\u2727 Hacking af spil<br \/>\n\u2727 Revision af m\u00e5l<br \/>\nHvis du ogs\u00e5 har brug for at hyre en hacker fra os til privat brug (vi opkr\u00e6ver betaling pr. udf\u00f8rt arbejdstime);<\/p>\n<h3 style=\"text-align: center;\">Hvad g\u00f8r os til dit bedste valg<\/h3>\n<p style=\"text-align: center;\">Det er med stor gl\u00e6de og stolthed, at vi kan sige, at vores tjenester er uden sidestykke. Hackerteamet best\u00e5r af de mest professionelle, dygtige og erfarne hackere, der kan l\u00f8se enhver opgave.<\/p>\n<p style=\"text-align: center;\">Og det er ikke enden p\u00e5 det! Dette team af hackere er fuldst\u00e6ndig og strengt etiske og<br \/>\ncertificeret, s\u00e5 hvis du er bekymret for at f\u00e5 problemer, mens du benytter dig af vores tjenester, skal du v\u00e6re<br \/>\nforsikret!<\/p>\n<h3 style=\"text-align: center;\">Ans\u00e6t professionelle hackere<\/h3>\n<p style=\"text-align: center;\">Og du har allerede gennemg\u00e5et de utallige tjenester, som vi kan tilbyde vores<br \/>\nhj\u00e6lp. S\u00e5 uanset omfanget af dine problemer kan du finde l\u00f8sningen p\u00e5<br \/>\nhver eneste af dem p\u00e5 \u00e9n platform.<br \/>\nUanset om det drejer sig om at gendanne mistede adgangskoder eller din kryptovaluta-transaktion, har vi dig<br \/>\nd\u00e6kket.<\/p>\n<p>&nbsp;<\/p>\n<h3 style=\"text-align: center;\">Er det sikkert at hyre en hacker online?<\/h3>\n<p style=\"text-align: center;\">Ja, det er sikkert at hyre en hacker online fra os. Vi er en professionel gruppe af black hat-hackere. Vi har opbygget tillid til vores v\u00e6rdsatte kunder og har ingen chancer for at spille nogen spil med dem. Mange mennesker kommer til os med forskellige behov, som kan omfatte professionelle hacker-tjenester, personlige behov, virksomhedsrelaterede anliggender s\u00e5vel som politiske anliggender. Vi skuffer ikke i nogen situation, og hvis du f\u00f8ler, at du har brug for en professionel til at hj\u00e6lpe dig med e-mail-adgangskoder, systemet samt hacking af websteder, s\u00e5 t\u00f8v ikke.<\/p>\n<h3 style=\"text-align: center;\">Professionelle hackere til leje<\/h3>\n<p style=\"text-align: center;\">Nogle af vores kunder bruger vores tjenester til at teste styrken af deres netv\u00e6rk, og det er noget, vi g\u00f8r p\u00e5 bedste vis. Hvis du vil ans\u00e6tte en hacker til at hacke en webstedsdatabase eller telefon, gendanne mistede midler eller en e-mail-adgangskode til et gunstigt gebyr, skal du straks kontakte os. Vores priser er rimelige, og vi accepterer bitcoins Processen er meget enkel, da klienten sender os de detaljer eller ting, som han har brug for at blive hacket, indbetaler 50% af betalingen og betaler de resterende 50%, n\u00e5r hacket er afsluttet.<\/p>\n<h3 style=\"text-align: center;\">Verificerede hackere<\/h3>\n<p>Vi er etiske hackere og private efterforskere, der st\u00e5r til r\u00e5dighed for dig. Hvert medlem af vores team har stor erfaring inden for deres forskellige nicher. Vi har digitale retsmedicinske specialister, certificerede etiske hackere, computeringeni\u00f8rer, cybersikkerhedseksperter, private efterforskere og meget mere p\u00e5 vores hold. Vores m\u00e5l er at g\u00f8re dit digitale liv sikkert, trygt og problemfrit.<\/p>\n<h3 style=\"text-align: center;\">Etiske hackere<\/h3>\n<p>Hver dag bliver hundredtusinder af mennesker i verden ofre for kompromittering af konti p\u00e5 sociale medier som Facebook, Snapchat, Instagram, e-mails, mobiltelefoner, d\u00e5rligt online-omd\u00f8mme, ID-tyveri og meget mere. Identitetstyveri kan bruges til svigagtigt at ans\u00f8ge om kredit, sociale konti, indgive skatter, l\u00e6gebehandling, forsikring osv. Vi hos HACKERS FOR HIRE (dot) io kan hj\u00e6lpe dig med at forsvare dig mod alle de ovenn\u00e6vnte trusler.<\/p>\n<h3 style=\"text-align: center;\">Hacking-tjenester<\/h3>\n<p>Vi hj\u00e6lper dig med at beskytte dine data, sociale konti, telefoner, computere og identitet, og vi har ogs\u00e5 kunder, der \u00f8nsker at spore hackeren, lokalisere nogen, efterforske en utro \u00e6gtef\u00e6lle, gendanne mistede data, styre online-omd\u00f8mme osv. Vi er her for at give dig l\u00f8sninger til alle s\u00e5danne behov.<\/p>\n<div class=\"container section-title-container\" ><h3 class=\"section-title section-title-center\"><b><\/b><span class=\"section-title-main\" style=\"font-size:109%;\">ANONYM HACKER<\/span><b><\/b><\/h3><\/div>\n[ux_products style=&#8221;normal&#8221; type=&#8221;row&#8221; equalize_box=&#8221;true&#8221; cat=&#8221;19,17,18&#8243; orderby=&#8221;rand&#8221; image_hover=&#8221;zoom&#8221; image_hover_alt=&#8221;zoom-long&#8221; text_padding=&#8221;0px 0px 0px 0px&#8221;]","protected":false},"excerpt":{"rendered":"<p>HIRE ANONYMOUS HACKERS Hiring a Professional hacker is hard to come by these days but with Hireanonymoushackers, you can connect with proven performers in the hacking world in a matter of seconds. Have you been having lots of difficulties getting the right hacker for your hacking projects? Find the right hacker today on Hireanonymoushackers.com with [&#8230;]","protected":false},"author":1,"featured_media":782,"parent":0,"menu_order":0,"comment_status":"closed","ping_status":"closed","template":"page-blank.php","meta":{"_acf_changed":false,"footnotes":""},"class_list":["post-10","page","type-page","status-publish","has-post-thumbnail","hentry"],"acf":[],"_links":{"self":[{"href":"https:\/\/hireanonymoushackers.com\/da\/wp-json\/wp\/v2\/pages\/10","targetHints":{"allow":["GET"]}}],"collection":[{"href":"https:\/\/hireanonymoushackers.com\/da\/wp-json\/wp\/v2\/pages"}],"about":[{"href":"https:\/\/hireanonymoushackers.com\/da\/wp-json\/wp\/v2\/types\/page"}],"author":[{"embeddable":true,"href":"https:\/\/hireanonymoushackers.com\/da\/wp-json\/wp\/v2\/users\/1"}],"replies":[{"embeddable":true,"href":"https:\/\/hireanonymoushackers.com\/da\/wp-json\/wp\/v2\/comments?post=10"}],"version-history":[{"count":54,"href":"https:\/\/hireanonymoushackers.com\/da\/wp-json\/wp\/v2\/pages\/10\/revisions"}],"predecessor-version":[{"id":876,"href":"https:\/\/hireanonymoushackers.com\/da\/wp-json\/wp\/v2\/pages\/10\/revisions\/876"}],"wp:featuredmedia":[{"embeddable":true,"href":"https:\/\/hireanonymoushackers.com\/da\/wp-json\/wp\/v2\/media\/782"}],"wp:attachment":[{"href":"https:\/\/hireanonymoushackers.com\/da\/wp-json\/wp\/v2\/media?parent=10"}],"curies":[{"name":"wp","href":"https:\/\/api.w.org\/{rel}","templated":true}]}}