{"id":10,"date":"2020-12-16T12:04:19","date_gmt":"2020-12-16T12:04:19","guid":{"rendered":"http:\/\/cocaineforsaleonline.com\/?page_id=10"},"modified":"2024-04-22T20:19:09","modified_gmt":"2024-04-22T20:19:09","slug":"home","status":"publish","type":"page","link":"https:\/\/hireanonymoushackers.com\/cy\/","title":{"rendered":"Cartref"},"content":{"rendered":"<div class=\"banner has-hover show-for-small\" id=\"banner-1081901563\">\n          <div class=\"banner-inner fill\">\n        <div class=\"banner-bg fill\" >\n            <div class=\"bg fill bg-fill\"><\/div>\n                                    \n                    <\/div>\n        <div class=\"banner-layers container\">\n            <div class=\"fill banner-link\"><\/div>            \n        <\/div>\n      <\/div>\n\n              <div class=\"height-fix is-invisible\"><\/div>\n            \n<style>\n#banner-1081901563 {\n  background-color: rgb(247, 245, 244);\n}\n<\/style>\n  <\/div>\n\n\n\t<section class=\"section dark\" id=\"section_383319196\">\n\t\t<div class=\"bg section-bg fill bg-fill\" >\n\n\t\t\t\n\t\t\t<div class=\"section-bg-overlay absolute fill\"><\/div><button class=\"scroll-for-more z-5 icon absolute bottom h-center\"><i class=\"icon-angle-down\" style=\"font-size:42px;\"><\/i><\/button>\n\t\t\t\n\n\t\t<\/div>\n\n\t\t<div class=\"section-content relative\">\n\t\t\t\n<div class=\"row align-middle\"  id=\"row-1064655784\">\n\n\t<div id=\"col-1222000730\" class=\"col medium-8 small-12 large-8\"  >\n\t\t<div class=\"col-inner\"  >\n\t\t\t\n\t\t\t\n<h6 class=\"uppercase\">Llogi Haciwr<\/h6>\n<h1 style=\"font-size: 350%; line-height: 100%;\">Llogi Hacwyr Anhysbys<\/h1>\n<p>Hacwyr Anhysbys I&#039;w Llogi<\/p>\n<h1 style=\"font-size: 200%;\">Gwefan Swyddogol Hacwyr Anhysbys\u200b<\/h1>\n<div class=\"row row-collapse\"  id=\"row-2083427646\">\n\n\t<div id=\"col-34157807\" class=\"col medium-6 small-12 large-6\"  >\n\t\t<div class=\"col-inner\"  >\n\t\t\t\n\t\t\t\n<a data-animate=\"blurIn\" href=\"https:\/\/hireanonymoushackers.com\/cy\/llogi-haciwr\/\" target=\"_self\" class=\"button secondary is-large lowercase expand\"  style=\"border-radius:4px;\">\n  <i class=\"icon-star\" ><\/i>  <span>Cysylltwch \u00e2 Ni<\/span>\n  <\/a>\n\n\t\t<\/div>\n\t\t\t<\/div>\n\n\t\n\n<style>\n#row-2083427646 > .col > .col-inner {\n  padding: 0px 5px 0px 5px;\n}\n<\/style>\n<\/div>\n\t\t<\/div>\n\t\t\t<\/div>\n\n\t\n<\/div>\n\t\t<\/div>\n\n\t\t\n<style>\n#section_383319196 {\n  padding-top: 60px;\n  padding-bottom: 60px;\n  min-height: 600px;\n  background-color: rgb(255,255,255);\n}\n#section_383319196 .section-bg-overlay {\n  background-color: rgb(45, 78, 103);\n}\n#section_383319196 .section-bg.bg-loaded {\n  background-image: 28;\n}\n@media (min-width:550px) {\n  #section_383319196 .section-bg-overlay {\n    background-color: rgba(0, 0, 0, 0.5);\n  }\n}\n@media (min-width:850px) {\n  #section_383319196 .section-bg-overlay {\n    background-color: rgba(0,0,0,.5);\n  }\n}\n<\/style>\n\t<\/section>\n\t\n\t<section class=\"section\" id=\"section_1552404361\">\n\t\t<div class=\"bg section-bg fill bg-fill  bg-loaded\" >\n\n\t\t\t\n\t\t\t\n\t\t\t\n\n\t\t<\/div>\n\n\t\t<div class=\"section-content relative\">\n\t\t\t\t\t<\/div>\n\n\t\t\n<style>\n#section_1552404361 {\n  padding-top: 0px;\n  padding-bottom: 0px;\n}\n<\/style>\n\t<\/section>\n\t\n\t<div id=\"gap-1736470726\" class=\"gap-element clearfix\" style=\"display:block; height:auto;\">\n\t\t\n<style>\n#gap-1736470726 {\n  padding-top: 59px;\n}\n<\/style>\n\t<\/div>\n\t\n<div class=\"row\"  id=\"row-486310497\"><\/div>\n\n\t<div id=\"col-2027721816\" class=\"col small-12 large-12\"  >\n\t\t<div class=\"col-inner\"  >\n\t\t\t\n\t\t\t\t\t<\/div>\n\t\t\t<\/div>\n\n\t\n<h2 style=\"text-align: center;\">LLOGI HACWYR DIenw<\/h2>\n<p style=\"text-align: center;\">Mae&#039;n anodd dod i logi haciwr Proffesiynol y dyddiau hyn ond gyda Hiranonymoushackers, gallwch gysylltu \u00e2 pherfformwyr profedig yn y byd hacio mewn ychydig eiliadau. Ydych chi wedi bod yn cael llawer o anawsterau i gael yr haciwr cywir ar gyfer eich prosiectau hacio? Dewch o hyd i&#039;r haciwr cywir heddiw ymlaen <a href=\"https:\/\/hireanonymoushackers.com\/cy\/\">Hironymoushackers.com<\/a> gyda hacwyr proffesiynol medrus iawn o&#039;r radd flaenaf wrth law i&#039;ch helpu i gyflawni llwyddiant gyda&#039;ch prosiect(au) hacio.<\/p>\n<h3 style=\"text-align: center;\">Hacwyr Dibynadwy<\/h3>\n<p style=\"text-align: center;\">Bydd ein Gwasanaeth Escrow sydd newydd ei gyflwyno hefyd yn eich amddiffyn rhag unrhyw fath o wendidau wrth wneud taliad i&#039;n hacwyr. Bydd eich taliad yn cael ei storio&#039;n ddiogel yn y gwasanaeth escrow sydd \u00e2&#039;r hawl eithaf i gadw a thalu taliad a bydd ond yn gwneud hynny ar eich awdurdodiad unwaith y byddwch yn fodlon \u00e2&#039;r gwaith sy&#039;n cael ei gyflwyno i chi gan yr haciwr penodedig.<\/p>\n<p><img decoding=\"async\" class=\"wp-image-795 lazyload\" data-src=\"https:\/\/hireanonymoushackers.io\/wp-content\/uploads\/2023\/06\/5-star-300x158.jpg\" alt=\"Hacwyr Anhysbys\" width=\"30\" height=\"16\" data-srcset=\"https:\/\/hireanonymoushackers.com\/wp-content\/uploads\/2023\/06\/5-star-300x158.jpg 300w, https:\/\/hireanonymoushackers.com\/wp-content\/uploads\/2023\/06\/5-star-1024x539.jpg 1024w, https:\/\/hireanonymoushackers.com\/wp-content\/uploads\/2023\/06\/5-star-768x404.jpg 768w, https:\/\/hireanonymoushackers.com\/wp-content\/uploads\/2023\/06\/5-star-600x316.jpg 600w, https:\/\/hireanonymoushackers.com\/wp-content\/uploads\/2023\/06\/5-star.jpg 1520w\" data-sizes=\"(max-width: 30px) 100vw, 30px\" src=\"data:image\/svg+xml;base64,PHN2ZyB3aWR0aD0iMSIgaGVpZ2h0PSIxIiB4bWxucz0iaHR0cDovL3d3dy53My5vcmcvMjAwMC9zdmciPjwvc3ZnPg==\" style=\"--smush-placeholder-width: 30px; --smush-placeholder-aspect-ratio: 30\/16;\" \/><\/p>\n<h3 style=\"text-align: center;\">LLOGI HACWR<\/h3>\n<p style=\"text-align: center;\">Rydym yn d\u00eem o hacwyr proffesiynol profiadol mewn gwahanol feysydd. Rydym wedi bod yn darparu gwasanaethau hacio i unigolion ac i sefydliadau preifat ers dros 7 mlynedd gyda gwasanaethau hacio cynnil o ansawdd a nawr rydym yn dod \u00e2&#039;n gwasanaethau atoch chi. Ydych chi wedi ceisio prynu gwasanaethau hacio ar y we dywyll o&#039;r blaen? Ddim yn hapus gyda&#039;r canlyniadau? Dim ond addewidion gwag ond neb yn cyflawni&#039;r swydd?<\/p>\n<p style=\"text-align: center;\">Yna dylech geisio Llogi Hacwyr, yr hacwyr mwyaf dibynadwy ar gyfer cyflawni pethau. Yn wahanol i eraill, nid ein prisiau ni yw&#039;r rhataf, ond os na allwn wneud swydd, fe gewch ad-daliad llawn<a href=\"https:\/\/duckduckgo.com\/\" target=\"_blank\" rel=\"noopener\">.<\/a><\/p>\n<h3 style=\"text-align: center;\"><span class=\"tagify__tag-text\" contenteditable=\"true\">Hacwyr I&#039;w Llogi<\/span><\/h3>\n<p style=\"text-align: center;\">Mae Hire Anonymous Hackers yn gr\u0175p hacio proffesiynol sydd ar gael ar-lein i ddarparu gwasanaethau proffesiynol ac unigryw i&#039;n cwsmeriaid hynaws yn fyd-eang. Llogi haciwr uk.<\/p>\n<p style=\"text-align: center;\">Yn Hire Anonymous Hacwyr sy&#039;n cyflwyno y tu hwnt i atebion posibl, rydym yn adnabyddus am y darparwyr Gwasanaethau hacio gorau dros y blynyddoedd o weithredu yn y maes busnes hwn. Hacwyr het ddu i&#039;w llogi.<\/p>\n<p><img decoding=\"async\" class=\"wp-image-803 aligncenter lazyload\" data-src=\"https:\/\/hireanonymoushackers.io\/wp-content\/uploads\/2023\/06\/Hire-Hackers-Services-300x225.jpg\" alt=\"Gwasanaethau Hacwyr Llogi\" width=\"59\" height=\"44\" data-srcset=\"https:\/\/hireanonymoushackers.com\/wp-content\/uploads\/2023\/06\/Hire-Hackers-Services-300x225.jpg 300w, https:\/\/hireanonymoushackers.com\/wp-content\/uploads\/2023\/06\/Hire-Hackers-Services.jpg 350w\" data-sizes=\"(max-width: 59px) 100vw, 59px\" src=\"data:image\/svg+xml;base64,PHN2ZyB3aWR0aD0iMSIgaGVpZ2h0PSIxIiB4bWxucz0iaHR0cDovL3d3dy53My5vcmcvMjAwMC9zdmciPjwvc3ZnPg==\" style=\"--smush-placeholder-width: 59px; --smush-placeholder-aspect-ratio: 59\/44;\" \/><\/p>\n<h3 style=\"text-align: center;\">Hacwyr Moesegol Ardystiedig Dibynadwy i&#039;w Llogi<\/h3>\n<p style=\"text-align: center;\">Ni aned ein hacwyr yn hacwyr, bu&#039;r rhan fwyaf o&#039;n hacwyr yn gweithio am 10+ mlynedd i wahanol gwmn\u00efau ym maes telathrebu, seiberddiogelwch, rheoli gweinyddwyr ac mae gan y rhan fwyaf os nad pob un ohonynt brofiad o weithio i gwmn\u00efau sy&#039;n adeiladu gwahanol setiau diogelwch ar gyfer gwahanol gymwysiadau.<\/p>\n<p style=\"text-align: center;\">Mae gweithio i gwmn\u00efau o&#039;r fath yn rhoi mantais a mewnwelediad cyflawn i&#039;n hacwyr o sut mae diogelwch yn gweithio ar gyfer gwahanol gymwysiadau a chaledwedd.<\/p>\n<h3 style=\"text-align: center;\"><span class=\"tagify__tag-text\" contenteditable=\"true\">Rhent Haciwr<\/span><\/h3>\n<p style=\"text-align: center;\">Rydym yn cynnig gwasanaethau hacio proffesiynol o ansawdd gorau na ellir eu paru \u00e2 haciwr arall ar gyfer cwmni llogi. Mae gan ein hacwyr proffesiynol y dechneg hacio fwyaf datblygedig i hacio Facebook, Snapchat, Whatsapp, Twitter, Instagram, Cyfrifon E-bost, Gmail, Ff\u00f4n Clyfar, Gwefan, Cronfa Ddata a llawer mwy. Hefyd gallwch ofyn am darnia addasu. Y dyddiau hyn mae llogi haciwr proffesiynol yn anodd. Efallai y cewch eich twyllo am wasanaethau hacio anghywir neu gan hacwyr ffug ar y Rhyngrwyd. Peidiwch \u00e2 chael eich twyllo gan sgamwyr sy&#039;n hysbysebu gwasanaethau hacio proffesiynol ffug.<\/p>\n<h3 style=\"text-align: center;\"><span class=\"tagify__tag-text\" contenteditable=\"true\">Gwasanaethau Hacio Proffesiynol<\/span><\/h3>\n<p style=\"text-align: center;\">Daeth Hacwyr Anhysbys i fyny fel y llwyfan hacio mwyaf dibynadwy yn y byd lle rydych chi&#039;n cwrdd \u00e2 hacwyr proffesiynol ar gyfer eich gwasanaethau hacio. Rydym yn ymroddedig ac yn gweithio i gwrdd \u00e2&#039;ch gofynion hacio trwy ein hacwyr yn y we dywyll. Rydym hefyd yn darparu gwasanaethau hacio 24-awr i wneud yn si\u0175r eich bod yn cyrraedd eich nodau heb unrhyw oedi. Hacio gweinydd prifysgol.<\/p>\n<h4 style=\"text-align: center;\">Llogi haciwr i hacio gwefan<\/h4>\n<p style=\"text-align: center;\">Fel platfform hacio blaenllaw, rydym yn ymfalch\u00efo mewn gwasanaethu ein cwsmeriaid o bob rhan o&#039;r byd. Ein hacwyr ardystiedig yw ein cryfder a boddhad cwsmeriaid yw ein prif flaenoriaeth. Mae gennym arbenigwyr mewn gwahanol feysydd hacio ac rydym yn addo darparu prosiect cyflym bob amser. Gydag ystod eang o atebion hacio, rydym yn paratoi&#039;r ffordd i&#039;r llwyddiant hacio rydych chi ei eisiau. Hacio cronfa ddata prifysgol.<\/p>\n<h3 style=\"text-align: center;\">Hacwyr Anhysbys<\/h3>\n<p style=\"text-align: center;\">Mae Anonymous Hackers yn d\u00eem o Hacwyr Antonymous sy&#039;n cynnig gwasanaethau hacio Proffesiynol. Llogi haciwr ar gyfer Facebook, E-bost, Gwe, Cronfa Ddata neu Hacio Ff\u00f4n. Rydym yn d\u00eem o hacwyr medrus a phroffesiynol iawn sy&#039;n gallu hacio unrhyw gyfrifon cymdeithasol, cyfrifon e-bost, ff\u00f4n, gwefan neu gronfa ddata. Gwarant 100% o breifatrwydd a chyfrinachedd i&#039;n cwsmeriaid. Llogi haciwr ar gyfer Facebook.<\/p>\n<p><img decoding=\"async\" class=\"wp-image-795 aligncenter lazyload\" data-src=\"https:\/\/hireanonymoushackers.io\/wp-content\/uploads\/2023\/06\/5-star-300x158.jpg\" alt=\"Hacwyr Anhysbys\" width=\"37\" height=\"19\" data-srcset=\"https:\/\/hireanonymoushackers.com\/wp-content\/uploads\/2023\/06\/5-star-300x158.jpg 300w, https:\/\/hireanonymoushackers.com\/wp-content\/uploads\/2023\/06\/5-star-1024x539.jpg 1024w, https:\/\/hireanonymoushackers.com\/wp-content\/uploads\/2023\/06\/5-star-768x404.jpg 768w, https:\/\/hireanonymoushackers.com\/wp-content\/uploads\/2023\/06\/5-star-600x316.jpg 600w, https:\/\/hireanonymoushackers.com\/wp-content\/uploads\/2023\/06\/5-star.jpg 1520w\" data-sizes=\"(max-width: 37px) 100vw, 37px\" src=\"data:image\/svg+xml;base64,PHN2ZyB3aWR0aD0iMSIgaGVpZ2h0PSIxIiB4bWxucz0iaHR0cDovL3d3dy53My5vcmcvMjAwMC9zdmciPjwvc3ZnPg==\" style=\"--smush-placeholder-width: 37px; --smush-placeholder-aspect-ratio: 37\/19;\" \/><\/p>\n<h3 style=\"text-align: center;\">Gwasanaethau Hacwyr Llogi<\/h3>\n<p style=\"text-align: center;\">Mae ein Hacwyr i&#039;w llogi yn cynnig ystod eang o wasanaethau hacio proffesiynol. Ein nod yw gwneud pob math o amddiffyniadau ar-lein ar gyfer ein cleientiaid gwerthfawr.<br \/>\nLlogi Haciwr ar gyfer eich holl anghenion hacio. Llogi haciwr i newid graddau<\/p>\n<h3 style=\"text-align: center;\">RHESTRAU O WASANAETHAU RYDYM YN EU CYNNIG<\/h3>\n<p style=\"text-align: center;\">\u2727 Hacio a rheoli post yn amrywio o gmail, post yahoo, e-byst proffesiynol a #8230;.. i bost wedi&#039;i ddiogelu hyd yn oed gydag amgryptio 4096bit<br \/>\n\u2727 Jailbreak \/ hacio pc (ffenestri, mac, distros linux\u2026 .)<br \/>\n\u2727 Newid gradd<br \/>\n\u2727 Archwiliad Rhif Ff\u00f4n<br \/>\n\u2727 Bargen pecyn llawn, cael mynediad at ddyfeisiau a chyfrifon personol neu gwmni a chwilio am y data sydd ei angen arnoch.<br \/>\n\u2727 Clirio dyled<\/p>\n<p style=\"text-align: center;\">\u2727 Hacio gweinyddwr gwefan \/ php (gallwn roi mynediad llawn neu ddwyn unrhyw log neu wybodaeth)<br \/>\n\u2727 Pasbort, IDs neu dystysgrifau a all weithio fel yr un go iawn<br \/>\n\u2727 Olrhain geo-leoliad\/rhif ff\u00f4n<br \/>\n\u2727 Ysb\u00efo economaidd ac ysb\u00efo corfforaethol<br \/>\n\u2727 Dal monitro partner twyllo \/ partner twyllo<br \/>\n\u2727 Hacio symudol\/mynediad symudol o bell<\/p>\n<p style=\"text-align: center;\">\u2727 Mae cyfryngau cymdeithasol yn gweithredu hacio neu glonio mynediad<br \/>\n\u2727 Gallwn eich helpu i olrhain unrhyw un (rhowch unrhyw wybodaeth ddilys i ni am eich dioddefwr)<br \/>\n\u2727 Cynnal ymgyrchoedd cyfryngau cymdeithasol<br \/>\n\u2727 Porn dial<br \/>\n\u2727 Mynediad i Gronfa Ddata&#039;r Llywodraeth a chwmni<\/p>\n<p style=\"text-align: center;\">\u2727 Adfer Tystiolaeth<br \/>\n\u2727 Cofnodion Troseddol clir<br \/>\n\u2727 Hacio G\u00eam<br \/>\n\u2727 Archwiliad Targed<br \/>\nOs oes angen i chi hefyd logi haciwr gennym ni at eich defnydd preifat (rydym yn codi t\u00e2l am bob awr o waith a wneir);<\/p>\n<h3 style=\"text-align: center;\">Beth Sy&#039;n Ein Gwneud Eich Dewis Gorau<\/h3>\n<p style=\"text-align: center;\">Mae\u2019n rhoi pleser a balchder aruthrol inni allu dweud nad yw ein gwasanaethau fel neb arall. Mae&#039;r t\u00eem hacwyr yn cynnwys yr hacwyr mwyaf proffesiynol, medrus a phrofiadol sy&#039;n gallu cyflawni unrhyw dasg wrth law<\/p>\n<p style=\"text-align: center;\">Ac nid dyna ddiwedd arni! Mae&#039;r t\u00eem hwn o hacwyr yn gwbl ac yn llym moesegol a<br \/>\nardystiedig, felly os ydych chi&#039;n poeni am fynd i drafferth wrth ddefnyddio ein gwasanaethau, byddwch<br \/>\nsicr!<\/p>\n<h3 style=\"text-align: center;\">Llogi Hacwyr Proffesiynol<\/h3>\n<p style=\"text-align: center;\">Ac rydych chi eisoes wedi mynd dros y myrdd o wasanaethau y gallwn ni eu cynnig i ni<br \/>\ncymorth. Felly, waeth beth yw maint eich problemau, gallwch ddod o hyd i&#039;r ateb i<br \/>\npob un ohonyn nhw ar un platfform.<br \/>\nBoed hynny&#039;n adennill cyfrineiriau coll neu&#039;ch trafodiad arian cyfred digidol, mae gennym ni chi<br \/>\ngorchuddio.<\/p>\n<p>&nbsp;<\/p>\n<h3 style=\"text-align: center;\">A yw&#039;n Ddiogel Llogi Haciwr Ar-lein<\/h3>\n<p style=\"text-align: center;\">Ydy, mae&#039;n ddiogel llogi haciwr ar-lein gennym ni. Rydym yn gr\u0175p proffesiynol o hacwyr hetiau du. Rydym wedi meithrin ymddiriedaeth yn ein cwsmeriaid uchel eu parch ac nid oes gennym unrhyw siawns o chwarae unrhyw gemau gyda nhw. Mae llawer o bobl yn dod atom ag anghenion gwahanol, a all gynnwys gwasanaethau haciwr proffesiynol, anghenion personol, materion sy&#039;n ymwneud \u00e2 chwmni yn ogystal \u00e2 materion gwleidyddol. Nid ydym yn siomi mewn unrhyw sefyllfa ac os ydych chi&#039;n teimlo bod angen gweithiwr proffesiynol arnoch i&#039;ch cynorthwyo gyda chyfrineiriau e-bost, y system yn ogystal \u00e2 hacio gwefannau, yna peidiwch ag oedi.<\/p>\n<h3 style=\"text-align: center;\">Hacwyr Proffesiynol i&#039;w Llogi<\/h3>\n<p style=\"text-align: center;\">Mae rhai o&#039;n cleientiaid yn defnyddio ein gwasanaethau i brofi cryfder eu rhwydweithiau ac mae hyn yn rhywbeth yr ydym yn ei wneud i&#039;n lefel orau. Rhag ofn eich bod am logi haciwr i hacio cronfa ddata gwefan, neu ffonio, adennill arian a gollwyd, neu gyfrinair e-bost am ffi ffafriol, yna cysylltwch \u00e2 ni ar unwaith. Mae ein cyfraddau&#039;n rhesymol ac rydym yn derbyn bitcoins Mae&#039;r broses yn syml iawn gan fod y cleient yn anfon y manylion neu&#039;r pethau y mae angen ei hacio atom, yn adneuo 50% o&#039;r taliad, ac yn talu&#039;r 50% sy&#039;n weddill ar \u00f4l i&#039;r darnia gael ei gwblhau.<\/p>\n<h3 style=\"text-align: center;\">Hacwyr wedi&#039;u Gwirio<\/h3>\n<p>Rydym yn Hacwyr Moesegol ac yn Ymchwilwyr Preifat yn eich gwasanaeth. Mae pob aelod o&#039;n t\u00eem yn brofiadol iawn yn eu cilfachau amrywiol. Mae gennym ni Arbenigwyr Fforensig Digidol, Hacwyr Moesegol Ardystiedig, Peirianwyr Cyfrifiadurol, Arbenigwyr Seiberddiogelwch, Ymchwilwyr Preifat, a mwy ar ein t\u00eem. Ein nod yw gwneud eich bywyd digidol yn ddiogel, yn ddiogel ac yn ddi-drafferth.<\/p>\n<h3 style=\"text-align: center;\">Hacwyr Moesegol<\/h3>\n<p>Bob dydd mae cannoedd ar filoedd o bobl yn y byd yn cael eu herlid gan gyfrifon cyfryngau cymdeithasol yn cael eu peryglu fel Facebook, Snapchat, Instagram hefyd e-byst, ffonau symudol, enw drwg ar-lein, lladrad ID, a llawer mwy. Gall lladrad hunaniaeth gael ei ddefnyddio i wneud cais yn dwyllodrus am Gredyd, cyfrifon cymdeithasol, trethi ffeil, meddygol, yswiriant, ac ati.<\/p>\n<h3 style=\"text-align: center;\">Gwasanaethau Hacio<\/h3>\n<p>Rydym yn eich helpu i ddiogelu eich data, cyfrifon cymdeithasol, ffonau, cyfrifiaduron, a hunaniaeth a hefyd mae gennym gleientiaid sydd am olrhain y haciwr, lleoli rhywun, Twyllo Ymchwilio Priod, adennill data coll, rheoli enw da ar-lein, ac ati Rydym yma i ddarparu chi ag atebion ar gyfer unrhyw anghenion o&#039;r fath.<\/p>\n<div class=\"container section-title-container\" ><h3 class=\"section-title section-title-center\"><b><\/b><span class=\"section-title-main\" style=\"font-size:109%;\">HACWR ANHYSBYS<\/span><b><\/b><\/h3><\/div>\n[ux_products style=&#8221;normal&#8221; type=&#8221;row&#8221; equalize_box=&#8221;true&#8221; cat=&#8221;19,17,18&#8243; orderby=&#8221;rand&#8221; image_hover=&#8221;zoom&#8221; image_hover_alt=&#8221;zoom-long&#8221; text_padding=&#8221;0px 0px 0px 0px&#8221;]","protected":false},"excerpt":{"rendered":"<p>HIRE ANONYMOUS HACKERS Hiring a Professional hacker is hard to come by these days but with Hireanonymoushackers, you can connect with proven performers in the hacking world in a matter of seconds. Have you been having lots of difficulties getting the right hacker for your hacking projects? Find the right hacker today on Hireanonymoushackers.com with [&#8230;]","protected":false},"author":1,"featured_media":782,"parent":0,"menu_order":0,"comment_status":"closed","ping_status":"closed","template":"page-blank.php","meta":{"_acf_changed":false,"footnotes":""},"class_list":["post-10","page","type-page","status-publish","has-post-thumbnail","hentry"],"acf":[],"_links":{"self":[{"href":"https:\/\/hireanonymoushackers.com\/cy\/wp-json\/wp\/v2\/pages\/10","targetHints":{"allow":["GET"]}}],"collection":[{"href":"https:\/\/hireanonymoushackers.com\/cy\/wp-json\/wp\/v2\/pages"}],"about":[{"href":"https:\/\/hireanonymoushackers.com\/cy\/wp-json\/wp\/v2\/types\/page"}],"author":[{"embeddable":true,"href":"https:\/\/hireanonymoushackers.com\/cy\/wp-json\/wp\/v2\/users\/1"}],"replies":[{"embeddable":true,"href":"https:\/\/hireanonymoushackers.com\/cy\/wp-json\/wp\/v2\/comments?post=10"}],"version-history":[{"count":54,"href":"https:\/\/hireanonymoushackers.com\/cy\/wp-json\/wp\/v2\/pages\/10\/revisions"}],"predecessor-version":[{"id":876,"href":"https:\/\/hireanonymoushackers.com\/cy\/wp-json\/wp\/v2\/pages\/10\/revisions\/876"}],"wp:featuredmedia":[{"embeddable":true,"href":"https:\/\/hireanonymoushackers.com\/cy\/wp-json\/wp\/v2\/media\/782"}],"wp:attachment":[{"href":"https:\/\/hireanonymoushackers.com\/cy\/wp-json\/wp\/v2\/media?parent=10"}],"curies":[{"name":"wp","href":"https:\/\/api.w.org\/{rel}","templated":true}]}}