{"id":10,"date":"2020-12-16T12:04:19","date_gmt":"2020-12-16T12:04:19","guid":{"rendered":"http:\/\/cocaineforsaleonline.com\/?page_id=10"},"modified":"2024-04-22T20:19:09","modified_gmt":"2024-04-22T20:19:09","slug":"home","status":"publish","type":"page","link":"https:\/\/hireanonymoushackers.com\/cs\/","title":{"rendered":"Home"},"content":{"rendered":"<div class=\"banner has-hover show-for-small\" id=\"banner-1064001231\">\n          <div class=\"banner-inner fill\">\n        <div class=\"banner-bg fill\" >\n            <div class=\"bg fill bg-fill\"><\/div>\n                                    \n                    <\/div>\n        <div class=\"banner-layers container\">\n            <div class=\"fill banner-link\"><\/div>            \n        <\/div>\n      <\/div>\n\n              <div class=\"height-fix is-invisible\"><\/div>\n            \n<style>\n#banner-1064001231 {\n  background-color: rgb(247, 245, 244);\n}\n<\/style>\n  <\/div>\n\n\n\t<section class=\"section dark\" id=\"section_840443690\">\n\t\t<div class=\"bg section-bg fill bg-fill\" >\n\n\t\t\t\n\t\t\t<div class=\"section-bg-overlay absolute fill\"><\/div><button class=\"scroll-for-more z-5 icon absolute bottom h-center\"><i class=\"icon-angle-down\" style=\"font-size:42px;\"><\/i><\/button>\n\t\t\t\n\n\t\t<\/div>\n\n\t\t<div class=\"section-content relative\">\n\t\t\t\n<div class=\"row align-middle\"  id=\"row-2104351354\">\n\n\t<div id=\"col-358154692\" class=\"col medium-8 small-12 large-8\"  >\n\t\t<div class=\"col-inner\"  >\n\t\t\t\n\t\t\t\n<h6 class=\"uppercase\">Pron\u00e1jem hackera<\/h6>\n<h1 style=\"font-size: 350%; line-height: 100%;\">Naj\u00edm\u00e1n\u00ed anonymn\u00edch hacker\u016f<\/h1>\n<p>Anonymn\u00ed hacke\u0159i k pron\u00e1jmu<\/p>\n<h1 style=\"font-size: 200%;\">Ofici\u00e1ln\u00ed str\u00e1nky Anonymous Hackers<\/h1>\n<div class=\"row row-collapse\"  id=\"row-1640863577\">\n\n\t<div id=\"col-411524191\" class=\"col medium-6 small-12 large-6\"  >\n\t\t<div class=\"col-inner\"  >\n\t\t\t\n\t\t\t\n<a data-animate=\"blurIn\" href=\"https:\/\/hireanonymoushackers.com\/cs\/najmout-hackera\/\" target=\"_self\" class=\"button secondary is-large lowercase expand\"  style=\"border-radius:4px;\">\n  <i class=\"icon-star\" ><\/i>  <span>Kontaktujte n\u00e1s<\/span>\n  <\/a>\n\n\t\t<\/div>\n\t\t\t<\/div>\n\n\t\n\n<style>\n#row-1640863577 > .col > .col-inner {\n  padding: 0px 5px 0px 5px;\n}\n<\/style>\n<\/div>\n\t\t<\/div>\n\t\t\t<\/div>\n\n\t\n<\/div>\n\t\t<\/div>\n\n\t\t\n<style>\n#section_840443690 {\n  padding-top: 60px;\n  padding-bottom: 60px;\n  min-height: 600px;\n  background-color: rgb(255,255,255);\n}\n#section_840443690 .section-bg-overlay {\n  background-color: rgb(45, 78, 103);\n}\n#section_840443690 .section-bg.bg-loaded {\n  background-image: 28;\n}\n@media (min-width:550px) {\n  #section_840443690 .section-bg-overlay {\n    background-color: rgba(0, 0, 0, 0.5);\n  }\n}\n@media (min-width:850px) {\n  #section_840443690 .section-bg-overlay {\n    background-color: rgba(0,0,0,.5);\n  }\n}\n<\/style>\n\t<\/section>\n\t\n\t<section class=\"section\" id=\"section_1149854309\">\n\t\t<div class=\"bg section-bg fill bg-fill  bg-loaded\" >\n\n\t\t\t\n\t\t\t\n\t\t\t\n\n\t\t<\/div>\n\n\t\t<div class=\"section-content relative\">\n\t\t\t\t\t<\/div>\n\n\t\t\n<style>\n#section_1149854309 {\n  padding-top: 0px;\n  padding-bottom: 0px;\n}\n<\/style>\n\t<\/section>\n\t\n\t<div id=\"gap-1843234682\" class=\"gap-element clearfix\" style=\"display:block; height:auto;\">\n\t\t\n<style>\n#gap-1843234682 {\n  padding-top: 59px;\n}\n<\/style>\n\t<\/div>\n\t\n<div class=\"row\"  id=\"row-489843649\"><\/div>\n\n\t<div id=\"col-107334630\" class=\"col small-12 large-12\"  >\n\t\t<div class=\"col-inner\"  >\n\t\t\t\n\t\t\t\t\t<\/div>\n\t\t\t<\/div>\n\n\t\n<h2 style=\"text-align: center;\">NAJMOUT ANONYMN\u00cd HACKERY<\/h2>\n<p style=\"text-align: center;\">Naj\u00edm\u00e1n\u00ed profesion\u00e1ln\u00edch hacker\u016f je v dne\u0161n\u00ed dob\u011b t\u011b\u017ek\u00e9, ale s Hireanonymoushackers se m\u016f\u017eete b\u011bhem n\u011bkolika sekund spojit s osv\u011bd\u010den\u00fdmi hackery. M\u011bli jste spoustu pot\u00ed\u017e\u00ed se z\u00edsk\u00e1n\u00edm vhodn\u00e9ho hackera pro sv\u00e9 hackersk\u00e9 projekty? Najd\u011bte toho spr\u00e1vn\u00e9ho hackera je\u0161t\u011b dnes na <a href=\"https:\/\/hireanonymoushackers.com\/cs\/\">Hireanonymoushackers.com<\/a> s vysoce kvalifikovan\u00fdmi profesion\u00e1ln\u00edmi hackery sv\u011btov\u00e9 \u00farovn\u011b, kte\u0159\u00ed jsou v pohotovosti, aby v\u00e1m pomohli dos\u00e1hnout \u00fasp\u011bchu s va\u0161\u00edm hackersk\u00fdm projektem (projekty).<\/p>\n<h3 style=\"text-align: center;\">Spolehliv\u00ed hacke\u0159i<\/h3>\n<p style=\"text-align: center;\">Na\u0161e nov\u011b zaveden\u00e1 slu\u017eba Escrow Service v\u00e1s tak\u00e9 ochr\u00e1n\u00ed p\u0159ed jakoukoli formou zranitelnosti p\u0159i platb\u011b na\u0161im hacker\u016fm. Va\u0161e platba bude bezpe\u010dn\u011b ulo\u017eena v \u00faschovn\u00e9 slu\u017eb\u011b, kter\u00e1 m\u00e1 kone\u010dn\u00e9 pr\u00e1vo na uchov\u00e1v\u00e1n\u00ed a vypl\u00e1cen\u00ed plateb a bude tak \u010dinit pouze na z\u00e1klad\u011b va\u0161eho povolen\u00ed, jakmile budete spokojeni s prac\u00ed, kterou v\u00e1m p\u0159id\u011blen\u00fd hacker dod\u00e1.<\/p>\n<p><img decoding=\"async\" class=\"wp-image-795 lazyload\" data-src=\"https:\/\/hireanonymoushackers.io\/wp-content\/uploads\/2023\/06\/5-star-300x158.jpg\" alt=\"Anonymn\u00ed hacke\u0159i\" width=\"30\" height=\"16\" data-srcset=\"https:\/\/hireanonymoushackers.com\/wp-content\/uploads\/2023\/06\/5-star-300x158.jpg 300w, https:\/\/hireanonymoushackers.com\/wp-content\/uploads\/2023\/06\/5-star-1024x539.jpg 1024w, https:\/\/hireanonymoushackers.com\/wp-content\/uploads\/2023\/06\/5-star-768x404.jpg 768w, https:\/\/hireanonymoushackers.com\/wp-content\/uploads\/2023\/06\/5-star-600x316.jpg 600w, https:\/\/hireanonymoushackers.com\/wp-content\/uploads\/2023\/06\/5-star.jpg 1520w\" data-sizes=\"(max-width: 30px) 100vw, 30px\" src=\"data:image\/svg+xml;base64,PHN2ZyB3aWR0aD0iMSIgaGVpZ2h0PSIxIiB4bWxucz0iaHR0cDovL3d3dy53My5vcmcvMjAwMC9zdmciPjwvc3ZnPg==\" style=\"--smush-placeholder-width: 30px; --smush-placeholder-aspect-ratio: 30\/16;\" \/><\/p>\n<h3 style=\"text-align: center;\">NAJM\u011aTE SI HACKERA<\/h3>\n<p style=\"text-align: center;\">Jsme t\u00fdm profesion\u00e1ln\u00edch hacker\u016f se zku\u0161enostmi z r\u016fzn\u00fdch oblast\u00ed. Ji\u017e v\u00edce ne\u017e 7 let poskytujeme hackersk\u00e9 slu\u017eby jednotlivc\u016fm i soukrom\u00fdm za\u0159\u00edzen\u00edm, a to kvalitn\u00ed a diskr\u00e9tn\u00ed hackersk\u00e9 slu\u017eby, a nyn\u00ed p\u0159in\u00e1\u0161\u00edme na\u0161e slu\u017eby i v\u00e1m. Zkou\u0161eli jste si ji\u017e d\u0159\u00edve koupit hackersk\u00e9 slu\u017eby na dark webu? Nebyli jste spokojeni s v\u00fdsledky? Jen plan\u00e9 sliby, ale nikdo neodvedl pr\u00e1ci?<\/p>\n<p style=\"text-align: center;\">Pak byste m\u011bli vyzkou\u0161et Hire Hackers, nejd\u016fv\u011bryhodn\u011bj\u0161\u00ed hacke\u0159i pro z\u00edsk\u00e1n\u00ed v\u011bc\u00ed hotov\u00fdch. Na rozd\u00edl od ostatn\u00edch nejsou na\u0161e ceny nejlevn\u011bj\u0161\u00ed, ale pokud pr\u00e1ci nezvl\u00e1dneme, vr\u00e1t\u00edme v\u00e1m pen\u00edze v pln\u00e9 v\u00fd\u0161i.<a href=\"https:\/\/duckduckgo.com\/\" target=\"_blank\" rel=\"noopener\">.<\/a><\/p>\n<h3 style=\"text-align: center;\"><span class=\"tagify__tag-text\" contenteditable=\"true\">N\u00e1jemn\u00ed hacke\u0159i<\/span><\/h3>\n<p style=\"text-align: center;\">Hire Anonymous Hackers je profesion\u00e1ln\u00ed hackersk\u00e1 skupina k dispozici online poskytovat profesion\u00e1ln\u00ed a jedine\u010dn\u00e9 slu\u017eby pro na\u0161e p\u0159\u00e1telsk\u00e9 z\u00e1kazn\u00edky po cel\u00e9m sv\u011bt\u011b. Hire a hacker uk.<\/p>\n<p style=\"text-align: center;\">Na Hire Anonymous Hackers dod\u00e1v\u00e1 jsou nad r\u00e1mec mo\u017en\u00fdch \u0159e\u0161en\u00ed, jsme zn\u00e1m\u00ed pro nejlep\u0161\u00ed hacking Slu\u017eby poskytovatel\u016f v pr\u016fb\u011bhu let p\u016fsoben\u00ed v t\u00e9to oblasti podnik\u00e1n\u00ed. Black hat hacke\u0159i k pron\u00e1jmu.<\/p>\n<p><img decoding=\"async\" class=\"wp-image-803 aligncenter lazyload\" data-src=\"https:\/\/hireanonymoushackers.io\/wp-content\/uploads\/2023\/06\/Hire-Hackers-Services-300x225.jpg\" alt=\"Pron\u00e1jem hacker\u016f\" width=\"59\" height=\"44\" data-srcset=\"https:\/\/hireanonymoushackers.com\/wp-content\/uploads\/2023\/06\/Hire-Hackers-Services-300x225.jpg 300w, https:\/\/hireanonymoushackers.com\/wp-content\/uploads\/2023\/06\/Hire-Hackers-Services.jpg 350w\" data-sizes=\"(max-width: 59px) 100vw, 59px\" src=\"data:image\/svg+xml;base64,PHN2ZyB3aWR0aD0iMSIgaGVpZ2h0PSIxIiB4bWxucz0iaHR0cDovL3d3dy53My5vcmcvMjAwMC9zdmciPjwvc3ZnPg==\" style=\"--smush-placeholder-width: 59px; --smush-placeholder-aspect-ratio: 59\/44;\" \/><\/p>\n<h3 style=\"text-align: center;\">D\u016fv\u011bryhodn\u00ed certifikovan\u00ed eti\u010dt\u00ed hacke\u0159i k pron\u00e1jmu<\/h3>\n<p style=\"text-align: center;\">Na\u0161i hacke\u0159i se nenarodili jako hacke\u0159i, v\u011bt\u0161ina z nich pracovala v\u00edce ne\u017e 10 let pro r\u016fzn\u00e9 spole\u010dnosti v oblasti telekomunikac\u00ed, kybernetick\u00e9 bezpe\u010dnosti, spr\u00e1vy server\u016f a v\u011bt\u0161ina z nich, ne-li v\u0161ichni, m\u00e1 zku\u0161enosti s prac\u00ed pro spole\u010dnosti, kter\u00e9 vytv\u00e1\u0159ej\u00ed r\u016fzn\u00e1 bezpe\u010dnostn\u00ed nastaven\u00ed pro r\u016fzn\u00e9 aplikace.<\/p>\n<p style=\"text-align: center;\">D\u00edky pr\u00e1ci pro takov\u00e9 spole\u010dnosti maj\u00ed na\u0161i hacke\u0159i v\u00fdhodu a dokonal\u00fd p\u0159ehled o tom, jak funguje zabezpe\u010den\u00ed r\u016fzn\u00fdch aplikac\u00ed a hardwaru.<\/p>\n<h3 style=\"text-align: center;\"><span class=\"tagify__tag-text\" contenteditable=\"true\">Pron\u00e1jem hackera<\/span><\/h3>\n<p style=\"text-align: center;\">Nab\u00edz\u00edme nejkvalitn\u011bj\u0161\u00ed profesion\u00e1ln\u00ed hackersk\u00e9 slu\u017eby, kter\u00e9 se nemohou rovnat s jin\u00fdmi hackersk\u00fdmi spole\u010dnostmi. Na\u0161i profesion\u00e1ln\u00ed hacke\u0159i maj\u00ed nejpokro\u010dilej\u0161\u00ed hackerskou techniku pro hackov\u00e1n\u00ed Facebooku, Snapchatu, Whatsappu, Twitteru, Instagramu, e-mailov\u00fdch \u00fa\u010dt\u016f, Gmailu, chytr\u00fdch telefon\u016f, webov\u00fdch str\u00e1nek, datab\u00e1z\u00ed a mnoha dal\u0161\u00edch. Tak\u00e9 si m\u016f\u017eete vy\u017e\u00e1dat hack na m\u00edru. V dne\u0161n\u00ed dob\u011b je naj\u00edm\u00e1n\u00ed profesion\u00e1ln\u00edch hacker\u016f obt\u00ed\u017en\u00e9. M\u016f\u017eete se nechat podv\u00e9st za \u0161patn\u00e9 hackersk\u00e9 slu\u017eby nebo fale\u0161n\u00fdmi hackery na internetu. Nenechte se oklamat podvodn\u00edky, kte\u0159\u00ed inzeruj\u00ed fale\u0161n\u00e9 profesion\u00e1ln\u00ed hackersk\u00e9 slu\u017eby.<\/p>\n<h3 style=\"text-align: center;\"><span class=\"tagify__tag-text\" contenteditable=\"true\">Profesion\u00e1ln\u00ed hackersk\u00e9 slu\u017eby<\/span><\/h3>\n<p style=\"text-align: center;\">Anonymous Hackers p\u0159i\u0161el jako nejspolehliv\u011bj\u0161\u00ed hackersk\u00e9 platformy na sv\u011bt\u011b, kde se setk\u00e1te s profesion\u00e1ln\u00edmi hackery pro va\u0161e hackersk\u00e9 slu\u017eby. Jsme odhodlan\u00ed a pracujeme na tom, abychom splnili va\u0161e po\u017eadavky na hacking prost\u0159ednictv\u00edm na\u0161ich hacker\u016f v temn\u00e9m webu. Poskytujeme tak\u00e9 24hodinov\u00e9 hackersk\u00e9 slu\u017eby, abychom se ujistili, \u017ee spln\u00edte sv\u00e9 c\u00edle bez jak\u00e9hokoli zpo\u017ed\u011bn\u00ed. Hackov\u00e1n\u00ed univerzitn\u00edho serveru.<\/p>\n<h4 style=\"text-align: center;\">Najm\u011bte si hackera, kter\u00fd hackne webov\u00e9 str\u00e1nky<\/h4>\n<p style=\"text-align: center;\">Jako p\u0159edn\u00ed hackersk\u00e1 platforma jsme hrd\u00ed na to, \u017ee m\u016f\u017eeme slou\u017eit na\u0161im z\u00e1kazn\u00edk\u016fm z cel\u00e9ho sv\u011bta. Na\u0161i certifikovan\u00ed hacke\u0159i jsou na\u0161\u00ed silnou str\u00e1nkou a spokojenost na\u0161ich z\u00e1kazn\u00edk\u016f je pro n\u00e1s nejvy\u0161\u0161\u00ed prioritou. M\u00e1me odborn\u00edky v r\u016fzn\u00fdch oblastech hackingu a slibujeme, \u017ee v\u017edy zajist\u00edme rychl\u00e9 dod\u00e1n\u00ed projektu. D\u00edky \u0161irok\u00e9 nab\u00eddce hackersk\u00fdch \u0159e\u0161en\u00ed v\u00e1m p\u0159iprav\u00edme cestu k vytou\u017een\u00e9mu hackersk\u00e9mu \u00fasp\u011bchu. Hackov\u00e1n\u00ed univerzitn\u00ed datab\u00e1ze.<\/p>\n<h3 style=\"text-align: center;\">Anonymn\u00ed hacke\u0159i<\/h3>\n<p style=\"text-align: center;\">Anonymous Hackers je t\u00fdm Antonymous Hackers, kter\u00fd nab\u00edz\u00ed profesion\u00e1ln\u00ed hackersk\u00e9 slu\u017eby. Najm\u011bte si hackera pro hackov\u00e1n\u00ed Facebooku, e-mailu, webu, datab\u00e1ze nebo telefonu. Jsme t\u00fdm vysoce kvalifikovan\u00fdch a profesion\u00e1ln\u00edch hacker\u016f, kter\u00fd je schopen hacknout jak\u00e9koli soci\u00e1ln\u00ed \u00fa\u010dty, e-mailov\u00e9 \u00fa\u010dty, telefon, webov\u00e9 str\u00e1nky nebo datab\u00e1ze. 100% zaru\u010duje soukrom\u00ed a d\u016fv\u011brnost pro na\u0161e z\u00e1kazn\u00edky. pronajmout hackera pro Facebook.<\/p>\n<p><img decoding=\"async\" class=\"wp-image-795 aligncenter lazyload\" data-src=\"https:\/\/hireanonymoushackers.io\/wp-content\/uploads\/2023\/06\/5-star-300x158.jpg\" alt=\"Anonymn\u00ed hacke\u0159i\" width=\"37\" height=\"19\" data-srcset=\"https:\/\/hireanonymoushackers.com\/wp-content\/uploads\/2023\/06\/5-star-300x158.jpg 300w, https:\/\/hireanonymoushackers.com\/wp-content\/uploads\/2023\/06\/5-star-1024x539.jpg 1024w, https:\/\/hireanonymoushackers.com\/wp-content\/uploads\/2023\/06\/5-star-768x404.jpg 768w, https:\/\/hireanonymoushackers.com\/wp-content\/uploads\/2023\/06\/5-star-600x316.jpg 600w, https:\/\/hireanonymoushackers.com\/wp-content\/uploads\/2023\/06\/5-star.jpg 1520w\" data-sizes=\"(max-width: 37px) 100vw, 37px\" src=\"data:image\/svg+xml;base64,PHN2ZyB3aWR0aD0iMSIgaGVpZ2h0PSIxIiB4bWxucz0iaHR0cDovL3d3dy53My5vcmcvMjAwMC9zdmciPjwvc3ZnPg==\" style=\"--smush-placeholder-width: 37px; --smush-placeholder-aspect-ratio: 37\/19;\" \/><\/p>\n<h3 style=\"text-align: center;\">Pron\u00e1jem hacker\u016f<\/h3>\n<p style=\"text-align: center;\">Na\u0161i hacke\u0159i k pron\u00e1jmu nab\u00edzej\u00ed \u0161irokou \u0161k\u00e1lu profesion\u00e1ln\u00edch hackersk\u00fdch slu\u017eeb.Na\u0161\u00edm c\u00edlem je vytvo\u0159it pro na\u0161e cenn\u00e9 klienty v\u0161echny druhy online ochrany.<br \/>\nNajm\u011bte si hackera pro v\u0161echny sv\u00e9 hackersk\u00e9 pot\u0159eby. Najm\u011bte si hackera pro zm\u011bnu zn\u00e1mek<\/p>\n<h3 style=\"text-align: center;\">SEZNAMY NAB\u00cdZEN\u00ddCH SLU\u017dEB<\/h3>\n<p style=\"text-align: center;\">\u2727 Mail hacking a ovl\u00e1d\u00e1n\u00ed od gmail, yahoo maily, profesion\u00e1ln\u00ed e-maily&#8230;.to i zabezpe\u010den\u00e9 maily s 4096bits \u0161ifrov\u00e1n\u00ed<br \/>\n\u2727 \u00dat\u011bk z v\u011bzen\u00ed \/ hacking (Windows, Mac, linuxov\u00e9 distribuce... .)<br \/>\n\u2727 Zm\u011bna stupn\u011b<br \/>\n\u2727 Telefonn\u00ed \u010d\u00edslo Audit<br \/>\n\u2727 Kompletn\u00ed bal\u00ed\u010dek, kter\u00fd umo\u017e\u0148uje p\u0159\u00edstup k osobn\u00edm nebo firemn\u00edm za\u0159\u00edzen\u00edm a \u00fa\u010dt\u016fm a vyhled\u00e1v\u00e1n\u00ed pot\u0159ebn\u00fdch dat.<br \/>\n\u2727 Z\u00fa\u010dtov\u00e1n\u00ed dluh\u016f<\/p>\n<p style=\"text-align: center;\">\u2727 Webov\u00e9 str\u00e1nky \/ php admin hacking (m\u016f\u017eeme d\u00e1t pln\u00fd p\u0159\u00edstup nebo ukr\u00e1st jak\u00fdkoli protokol nebo informace)<br \/>\n\u2727 Pas, pr\u016fkazy toto\u017enosti nebo certifik\u00e1ty, kter\u00e9 mohou fungovat jako skute\u010dn\u00e9<br \/>\n\u2727 Geolok\u00e1tor\/sledov\u00e1n\u00ed telefonn\u00edho \u010d\u00edsla<br \/>\n\u2727 Hospod\u00e1\u0159sk\u00e1 \u0161pion\u00e1\u017e a firemn\u00ed \u0161pion\u00e1\u017e<br \/>\n\u2727 Chytit nev\u011brn\u00e9ho partnera \/ sledov\u00e1n\u00ed nev\u011brn\u00e9ho partnera<br \/>\n\u2727 Mobiln\u00ed hacking\/mobiln\u00ed vzd\u00e1len\u00fd p\u0159\u00edstup<\/p>\n<p style=\"text-align: center;\">\u2727 Hackov\u00e1n\u00ed \u00fa\u010dt\u016f soci\u00e1ln\u00edch m\u00e9di\u00ed nebo klonov\u00e1n\u00ed p\u0159\u00edstup\u016f<br \/>\n\u2727 M\u016f\u017eeme v\u00e1m pomoci sledovat kohokoli (sta\u010d\u00ed n\u00e1m poskytnout jak\u00e9koli platn\u00e9 informace o va\u0161\u00ed ob\u011bti)<br \/>\n\u2727 Spou\u0161t\u011bn\u00ed kampan\u00ed v soci\u00e1ln\u00edch m\u00e9di\u00edch<br \/>\n\u2727 Porno z pomsty<br \/>\n\u2727 P\u0159\u00edstup do vl\u00e1dn\u00ed a firemn\u00ed datab\u00e1ze<\/p>\n<p style=\"text-align: center;\">\u2727 Obnova d\u016fkaz\u016f<br \/>\n\u2727 Vymaz\u00e1n\u00ed z\u00e1znam\u016f v rejst\u0159\u00edku trest\u016f<br \/>\n\u2727 Hackov\u00e1n\u00ed her<br \/>\n\u2727 C\u00edlov\u00fd audit<br \/>\nPokud u tak\u00e9 pot\u0159ebujete najmout hackera od n\u00e1s pro va\u0161e soukrom\u00e9 pou\u017eit\u00ed (\u00fa\u010dtujeme za hodiny odveden\u00e9 pr\u00e1ce);<\/p>\n<h3 style=\"text-align: center;\">Co n\u00e1s \u010din\u00ed nejlep\u0161\u00ed volbou<\/h3>\n<p style=\"text-align: center;\">S nesm\u00edrn\u00fdm pot\u011b\u0161en\u00edm a hrdost\u00ed m\u016f\u017eeme \u0159\u00edci, \u017ee na\u0161e slu\u017eby jsou jedine\u010dn\u00e9. T\u00fdm hacker\u016f se skl\u00e1d\u00e1 z t\u011bch nejprofesion\u00e1ln\u011bj\u0161\u00edch, nejkvalifikovan\u011bj\u0161\u00edch a nejzku\u0161en\u011bj\u0161\u00edch hacker\u016f, kte\u0159\u00ed dok\u00e1\u017e\u00ed splnit jak\u00fdkoli \u00fakol.<\/p>\n<p style=\"text-align: center;\">A to je\u0161t\u011b nen\u00ed konec! Tento t\u00fdm hacker\u016f je zcela a p\u0159\u00edsn\u011b etick\u00fd a<br \/>\nPokud se ob\u00e1v\u00e1te, \u017ee se p\u0159i vyu\u017e\u00edv\u00e1n\u00ed na\u0161ich slu\u017eeb dostanete do pot\u00ed\u017e\u00ed.<br \/>\nzaji\u0161t\u011bno!<\/p>\n<h3 style=\"text-align: center;\">Najm\u011bte si profesion\u00e1ln\u00ed hackery<\/h3>\n<p style=\"text-align: center;\">A ji\u017e jste pro\u0161li nes\u010detn\u00e9 mno\u017estv\u00ed slu\u017eeb, kter\u00e9 m\u016f\u017eeme nab\u00eddnout na\u0161im klient\u016fm.<br \/>\npomoc. Tak\u017ee bez ohledu na rozsah va\u0161ich probl\u00e9m\u016f m\u016f\u017eete naj\u00edt \u0159e\u0161en\u00ed.<br \/>\nv\u0161echny na jedn\u00e9 platform\u011b.<br \/>\nA\u0165 u\u017e se jedn\u00e1 o obnovu ztracen\u00fdch hesel nebo transakce s kryptom\u011bnami, m\u00e1me pro v\u00e1s v\u0161e.<br \/>\npokryto.<\/p>\n<p>&nbsp;<\/p>\n<h3 style=\"text-align: center;\">Je bezpe\u010dn\u00e9 najmout si hackera online?<\/h3>\n<p style=\"text-align: center;\">Ano, najmout si u n\u00e1s hackera online je bezpe\u010dn\u00e9. Jsme profesion\u00e1ln\u00ed skupina black hat hacker\u016f. U na\u0161ich v\u00e1\u017een\u00fdch z\u00e1kazn\u00edk\u016f jsme si vybudovali d\u016fv\u011bru a m\u00e1me nulovou \u0161anci, \u017ee s nimi budeme hr\u00e1t n\u011bjak\u00e9 hry. Mnoho lid\u00ed se na n\u00e1s obrac\u00ed s r\u016fzn\u00fdmi pot\u0159ebami, kter\u00e9 mohou zahrnovat, profesion\u00e1ln\u00ed hackersk\u00e9 slu\u017eby, osobn\u00ed pot\u0159eby, z\u00e1le\u017eitosti souvisej\u00edc\u00ed s firmou i politick\u00e9 z\u00e1le\u017eitosti. Nezklameme v\u00e1s v \u017e\u00e1dn\u00e9 situaci, a pokud m\u00e1te pocit, \u017ee pot\u0159ebujete profesion\u00e1la, kter\u00fd v\u00e1m pom\u016f\u017ee v oblasti e-mailov\u00fdch hesel, syst\u00e9mu i hackov\u00e1n\u00ed webov\u00fdch str\u00e1nek, pak nev\u00e1hejte.<\/p>\n<h3 style=\"text-align: center;\">Profesion\u00e1ln\u00ed hacke\u0159i k pron\u00e1jmu<\/h3>\n<p style=\"text-align: center;\">N\u011bkte\u0159\u00ed na\u0161i klienti vyu\u017e\u00edvaj\u00ed na\u0161e slu\u017eby k testov\u00e1n\u00ed s\u00edly sv\u00fdch s\u00edt\u00ed a my to d\u011bl\u00e1me na \u00farovni. V p\u0159\u00edpad\u011b, \u017ee si chcete najmout hackera, kter\u00fd v\u00e1m za v\u00fdhodn\u00fd poplatek hackne datab\u00e1zi webov\u00fdch str\u00e1nek nebo telefon, obnov\u00ed ztracen\u00e9 finan\u010dn\u00ed prost\u0159edky nebo heslo k e-mailu, pak n\u00e1s okam\u017eit\u011b kontaktujte. Na\u0161e sazby jsou rozumn\u00e9 a p\u0159ij\u00edm\u00e1me bitcoiny Proces je velmi jednoduch\u00fd, proto\u017ee klient n\u00e1m za\u0161le \u00fadaje nebo v\u011bci, kter\u00e9 pot\u0159ebuje hacknout, ulo\u017e\u00ed 50% platby a zaplat\u00ed zb\u00fdvaj\u00edc\u00ed 50% po dokon\u010den\u00ed hackov\u00e1n\u00ed.<\/p>\n<h3 style=\"text-align: center;\">Ov\u011b\u0159en\u00ed hacke\u0159i<\/h3>\n<p>Jsme eti\u010dt\u00ed hacke\u0159i a soukrom\u00ed detektivov\u00e9 k va\u0161im slu\u017eb\u00e1m. Ka\u017ed\u00fd \u010dlen na\u0161eho t\u00fdmu m\u00e1 bohat\u00e9 zku\u0161enosti v r\u016fzn\u00fdch oblastech. V na\u0161em t\u00fdmu m\u00e1me specialisty na digit\u00e1ln\u00ed forenzn\u00ed anal\u00fdzu, certifikovan\u00e9 etick\u00e9 hackery, po\u010d\u00edta\u010dov\u00e9 in\u017een\u00fdry, odborn\u00edky na kybernetickou bezpe\u010dnost, soukrom\u00e9 vy\u0161et\u0159ovatele a dal\u0161\u00ed. Na\u0161\u00edm c\u00edlem je zajistit, aby byl v\u00e1\u0161 digit\u00e1ln\u00ed \u017eivot bezpe\u010dn\u00fd a bezprobl\u00e9mov\u00fd.<\/p>\n<h3 style=\"text-align: center;\">Eti\u010dt\u00ed hacke\u0159i<\/h3>\n<p>Ka\u017ed\u00fd den se stovky a tis\u00edce lid\u00ed na sv\u011bt\u011b st\u00e1vaj\u00ed ob\u011b\u0165mi kompromitace \u00fa\u010dt\u016f na soci\u00e1ln\u00edch s\u00edt\u00edch, jako je Facebook, Snapchat, Instagram, ale tak\u00e9 e-mail\u016f, mobiln\u00edch telefon\u016f, \u0161patn\u00e9 pov\u011bsti na internetu, kr\u00e1de\u017e\u00ed identity a mnoha dal\u0161\u00edch. Kr\u00e1de\u017e toto\u017enosti m\u016f\u017ee b\u00fdt zneu\u017eita k podvodn\u00e9mu pod\u00e1n\u00ed \u017e\u00e1dosti o \u00fav\u011br, soci\u00e1ln\u00edch \u00fa\u010dt\u016f, pod\u00e1n\u00ed da\u0148ov\u00e9ho, zdravotn\u00edho a pojistn\u00e9ho p\u0159izn\u00e1n\u00ed atd. My v HACKERS FOR HIRE (te\u010dka) io, v\u00e1m m\u016f\u017eeme pomoci br\u00e1nit se proti v\u0161em v\u00fd\u0161e uveden\u00fdm hrozb\u00e1m.<\/p>\n<h3 style=\"text-align: center;\">Hackersk\u00e9 slu\u017eby<\/h3>\n<p>Pom\u00e1h\u00e1me v\u00e1m chr\u00e1nit va\u0161e data, soci\u00e1ln\u00ed \u00fa\u010dty, telefony, po\u010d\u00edta\u010de a identitu a tak\u00e9 m\u00e1me klienty, kte\u0159\u00ed cht\u011bj\u00ed vystopovat hackera, naj\u00edt n\u011bkoho, vy\u0161et\u0159ov\u00e1n\u00ed nev\u011brn\u00e9ho man\u017eela, obnovit ztracen\u00e1 data, spravovat online reputaci atd. Jsme zde, abychom v\u00e1m poskytli \u0159e\u0161en\u00ed pro v\u0161echny takov\u00e9 pot\u0159eby.<\/p>\n<div class=\"container section-title-container\" ><h3 class=\"section-title section-title-center\"><b><\/b><span class=\"section-title-main\" style=\"font-size:109%;\">ANONYMN\u00cd HACKER<\/span><b><\/b><\/h3><\/div>\n[ux_products style=&#8221;normal&#8221; type=&#8221;row&#8221; equalize_box=&#8221;true&#8221; cat=&#8221;19,17,18&#8243; orderby=&#8221;rand&#8221; image_hover=&#8221;zoom&#8221; image_hover_alt=&#8221;zoom-long&#8221; text_padding=&#8221;0px 0px 0px 0px&#8221;]","protected":false},"excerpt":{"rendered":"<p>HIRE ANONYMOUS HACKERS Hiring a Professional hacker is hard to come by these days but with Hireanonymoushackers, you can connect with proven performers in the hacking world in a matter of seconds. Have you been having lots of difficulties getting the right hacker for your hacking projects? Find the right hacker today on Hireanonymoushackers.com with [&#8230;]","protected":false},"author":1,"featured_media":782,"parent":0,"menu_order":0,"comment_status":"closed","ping_status":"closed","template":"page-blank.php","meta":{"_acf_changed":false,"footnotes":""},"class_list":["post-10","page","type-page","status-publish","has-post-thumbnail","hentry"],"acf":[],"_links":{"self":[{"href":"https:\/\/hireanonymoushackers.com\/cs\/wp-json\/wp\/v2\/pages\/10","targetHints":{"allow":["GET"]}}],"collection":[{"href":"https:\/\/hireanonymoushackers.com\/cs\/wp-json\/wp\/v2\/pages"}],"about":[{"href":"https:\/\/hireanonymoushackers.com\/cs\/wp-json\/wp\/v2\/types\/page"}],"author":[{"embeddable":true,"href":"https:\/\/hireanonymoushackers.com\/cs\/wp-json\/wp\/v2\/users\/1"}],"replies":[{"embeddable":true,"href":"https:\/\/hireanonymoushackers.com\/cs\/wp-json\/wp\/v2\/comments?post=10"}],"version-history":[{"count":54,"href":"https:\/\/hireanonymoushackers.com\/cs\/wp-json\/wp\/v2\/pages\/10\/revisions"}],"predecessor-version":[{"id":876,"href":"https:\/\/hireanonymoushackers.com\/cs\/wp-json\/wp\/v2\/pages\/10\/revisions\/876"}],"wp:featuredmedia":[{"embeddable":true,"href":"https:\/\/hireanonymoushackers.com\/cs\/wp-json\/wp\/v2\/media\/782"}],"wp:attachment":[{"href":"https:\/\/hireanonymoushackers.com\/cs\/wp-json\/wp\/v2\/media?parent=10"}],"curies":[{"name":"wp","href":"https:\/\/api.w.org\/{rel}","templated":true}]}}