{"id":14,"date":"2020-12-16T12:05:52","date_gmt":"2020-12-16T12:05:52","guid":{"rendered":"http:\/\/cocaineforsaleonline.com\/?page_id=14"},"modified":"2025-11-16T08:59:02","modified_gmt":"2025-11-16T08:59:02","slug":"contractar-un-hacker","status":"publish","type":"page","link":"https:\/\/hireanonymoushackers.com\/ca\/contractar-un-hacker\/","title":{"rendered":"Contacte"},"content":{"rendered":"<div class=\"row row-collapse row-full-width\"  id=\"row-755201803\">\n\n\t<div id=\"col-405462226\" class=\"col small-12 large-12\"  >\n\t\t<div class=\"col-inner\"  >\n\t\t\t\n\t\t\t\n\t<section class=\"section\" id=\"section_1915795782\">\n\t\t<div class=\"bg section-bg fill bg-fill\" >\n\n\t\t\t\n\t\t\t<div class=\"section-bg-overlay absolute fill\"><\/div>\n\t\t\t\n\n\t\t<\/div>\n\n\t\t<div class=\"section-content relative\">\n\t\t\t\n<div class=\"row row-collapse align-center\" style=\"max-width:\" id=\"row-1256697508\">\n\n\t<div id=\"col-194132436\" class=\"col small-12 large-12\"  >\n\t\t<div class=\"col-inner text-center dark\"  >\n\t\t\t\n\t\t\t\n<h1><span style=\"font-size: 250%;\">Contacte<\/span><\/h1>\n<p class=\"lead\"><span style=\"font-size: 120%;\">Envia&#039;ns un missatge<\/span><\/p>\n\t\t<\/div>\n\t\t\n<style>\n#col-194132436 > .col-inner {\n  padding: 100px 20px 200px 0px;\n}\n@media (min-width:550px) {\n  #col-194132436 > .col-inner {\n    padding: 100px 0px 200px 0px;\n  }\n}\n<\/style>\n\t<\/div>\n\n\t\n<\/div>\n\t\t<\/div>\n\n\t\t\n<style>\n#section_1915795782 {\n  padding-top: 0px;\n  padding-bottom: 0px;\n  min-height: 0px;\n}\n#section_1915795782 .section-bg-overlay {\n  background-color: rgba(0, 0, 0, 0.12);\n}\n#section_1915795782 .section-bg.bg-loaded {\n  background-image: 28;\n}\n#section_1915795782 .section-bg {\n  background-position: 55% 100%;\n}\n@media (min-width:550px) {\n  #section_1915795782 {\n    padding-top: 0px;\n    padding-bottom: 0px;\n  }\n  #section_1915795782 .section-bg-overlay {\n    background-color: rgba(0, 0, 0, 0.21);\n  }\n}\n@media (min-width:850px) {\n  #section_1915795782 {\n    padding-top: 100px;\n    padding-bottom: 100px;\n  }\n  #section_1915795782 .section-bg-overlay {\n    background-color: rgba(0,0,0,.5);\n  }\n}\n<\/style>\n\t<\/section>\n\t\n\t\t<\/div>\n\t\t\n<style>\n#col-405462226 > .col-inner {\n  padding: 0px 30px 0px 30px;\n}\n<\/style>\n\t<\/div>\n\n\t\n<\/div>\n<div class=\"row row-large\" style=\"max-width:1400px\" id=\"row-1054640532\">\n\n\t<div id=\"col-1627727624\" class=\"col small-12 large-12\"  >\n\t\t<div class=\"col-inner\" style=\"background-color:rgb(255, 255, 255);\" >\n\t\t\t\n\t\t\t\n<div class=\"row row-collapse row-full-width\"  id=\"row-1004057861\">\n<style>\n#row-1004057861 > .col > .col-inner {\n  padding: 0px 15px 0px 15px;\n}\n<\/style>\n<\/div>\n\n\t<div id=\"col-1263722035\" class=\"col medium-12 small-12 large-6\"  >\n\t\t<div class=\"col-inner\"  >\n\t\t\t\n\t\t\t\t\t<\/div>\n\t\t\n<style>\n#col-1263722035 > .col-inner {\n  padding: 0px 0px 0px 20px;\n}\n<\/style>\n\t<\/div>\n\n\t\n<h2><span style=\"font-size: 120%;\">Contacta amb nosaltres<\/span><\/h2>\n<p><strong>Email:dk8ayz@proton.me<\/strong><\/p>\n\t<div id=\"gap-306204917\" class=\"gap-element clearfix\" style=\"display:block; height:auto;\">\n\t\t\n<style>\n#gap-306204917 {\n  padding-top: 20px;\n}\n@media (min-width:550px) {\n  #gap-306204917 {\n    padding-top: 20px;\n  }\n}\n@media (min-width:850px) {\n  #gap-306204917 {\n    padding-top: 30px;\n  }\n}\n<\/style>\n\t<\/div>\n\t\n<div class=\"row\"  id=\"row-1710865996\"><\/div>\n\n\t<div id=\"col-157014203\" class=\"col medium-6 small-12 large-6\"  >\n\t\t<div class=\"col-inner\"  >\n\t\t\t\n\t\t\t\t\t<\/div>\n\t\t\t<\/div>\n\n\t\n<p>&nbsp;<\/p>\n<h2 style=\"text-align: center;\">Contracta un hacker<\/h2>\n<div class=\"elementor-element elementor-element-ea57f42 elementor-widget elementor-widget-text-editor\" data-id=\"ea57f42\" data-element_type=\"widget\" data-widget_type=\"text-editor.default\">\n<div class=\"elementor-widget-container\">Hire Anonymous Hackers \u00e9s un suport tecnol\u00f2gic basat en tecnologia, que ha estat fonamental per oferir als seus clients la millor experi\u00e8ncia de client. Oferim diversos serveis que inclouen: piratejar un tel\u00e8fon m\u00f2bil, enviar missatges de text o enviar correus electr\u00f2nics amb programari espia. Aquesta empresa pret\u00e9n facilitar la vida a les persones que s&#039;enfronten a problemes de relaci\u00f3.<\/div>\n<div><\/div>\n<\/div>\n<div class=\"elementor-element elementor-element-ed07b83 elementor-widget elementor-widget-text-editor\" data-id=\"ed07b83\" data-element_type=\"widget\" data-widget_type=\"text-editor.default\">\n<div class=\"elementor-widget-container\">Som els millors experts en pirateria inform\u00e0tica per contractar per a les vostres necessitats espec\u00edfiques. Des de la modesta vigil\u00e0ncia del tel\u00e8fon d&#039;alg\u00fa fins a la destrucci\u00f3 malintencionada de proves. T&#039;hem cobert amb els millors hackers del voltant!<\/div>\n<\/div>\n<h3 style=\"text-align: center;\">Com contractar un hacker<\/h3>\n<p>Vols contractar un hacker barat de la nostra col\u00b7lecci\u00f3 de pirates inform\u00e0tics? Digueu-nos qu\u00e8 necessiteu: simplement descriu quin tipus de serveis de pirateria inform\u00e0tica necessiteu. Trobarem el pirata inform\u00e0tic adequat per a la feina. Et relacionarem amb un hacker \u00e8tic certificat que tingui les habilitats i l&#039;experi\u00e8ncia necess\u00e0ries per fer la feina. Les teves dades estan segures amb nosaltres. Tots els nostres pirates inform\u00e0tics s\u00f3n professionals altament formats que s&#039;adhereixen a estrictes est\u00e0ndards \u00e8tics. Posa&#039;t en contacte amb nosaltres al nostre <a href=\"https:\/\/hireanonymoushackers.com\/ca\/contractar-un-hacker\/\">P\u00e0gina de contacte<\/a><\/p>\n<div class=\"elementor-element elementor-element-6d17116 elementor-widget elementor-widget-heading\" data-id=\"6d17116\" data-element_type=\"widget\" data-widget_type=\"heading.default\">\n<div class=\"elementor-widget-container\">\n<h3 class=\"elementor-heading-title elementor-size-default\" style=\"text-align: center;\">Hackers experts i de confian\u00e7a de lloguer<\/h3>\n<div class=\"elementor-element elementor-element-41118ff elementor-widget elementor-widget-text-editor\" data-id=\"41118ff\" data-element_type=\"widget\" data-widget_type=\"text-editor.default\">\n<div class=\"elementor-widget-container\">\n<p><a href=\"https:\/\/hireanonymoushackers.com\/ca\/\">Hireanonymoushackers.com<\/a> consisteix en un equip de pirates inform\u00e0tics \u00e8tics que ofereixen serveis vers\u00e0tils relacionats amb les TI, com ara proves de penetraci\u00f3 de bases de dades, pirateria telef\u00f2nica remota, pirateria de xarxes socials, pirateria de correu electr\u00f2nic, recuperaci\u00f3 de fons, contractar un hacker de tel\u00e8fon m\u00f2bil o altres serveis de pirateria cibern\u00e8tica.<\/p>\n<\/div>\n<\/div>\n<\/div>\n<\/div>\n<h3 style=\"text-align: center;\">Lloguer de pirates inform\u00e0tics verificats<\/h3>\n<p style=\"text-align: center;\">Podem ajudar-vos amb la pirateria de programari, la prova de penetraci\u00f3, l&#039;abocament de la base de dades, l&#039;edici\u00f3 de la base de dades, la seguretat de la base de dades, la recuperaci\u00f3 de frau de cr\u00e8dit, la pirateria de Windows, la descodificaci\u00f3 de contrasenyes WIFI, la pirateria de Pinterest, la correcci\u00f3 de la puntuaci\u00f3 de cr\u00e8dit, el robatori de criptomonedes, l&#039;atac DDOS, l&#039;aprenentatge de pirateria \u00e8tica, el doxing, L&#039;home al mig de l&#039;atac, pirateria de correu Rediff, pirateria de correu Yandex.<a href=\"https:\/\/duckduckgo.com\/\" target=\"_blank\" rel=\"noopener\">.<\/a>.<\/p>\n<h3 style=\"text-align: center;\"><span class=\"tagify__tag-text\" contenteditable=\"true\">Contracteu hackers an\u00f2nims<\/span><\/h3>\n<p style=\"text-align: center;\">Som un equip de pirates inform\u00e0tics professionals d&#039;arreu del m\u00f3n, que van evolucionar des de les ombres de la web fosca un subconjunt de la web profunda amb serveis ocults. El nostre motiu principal \u00e9s oferir-vos serveis de pirateria professional segurs i segurs. Contracteu un hacker professional (certificat) per a la comprovaci\u00f3 de serveis a continuaci\u00f3.<\/p>\n<p style=\"text-align: center;\"><span data-text-color=\"alert\"><strong>100% Garantia de devoluci\u00f3 de diners si la feina no es fa amb la vostra satisfacci\u00f3.<\/strong><\/span><\/p>\n<h3 style=\"text-align: center;\"><span class=\"tagify__tag-text\" contenteditable=\"true\">Servei de pirateria telef\u00f2nica<\/span><\/h3>\n<p style=\"text-align: center;\">Hi ha moltes raons per les quals potser haureu de contractar un hacker de tel\u00e8fon m\u00f2bil. Potser voleu piratejar el tel\u00e8fon m\u00f2bil del vostre c\u00f2njuge per veure si us enganyen. O potser necessiteu entrar al sistema inform\u00e0tic d&#039;una empresa per robar secrets comercials. Sigui quin sigui el motiu, \u00e9s important trobar el pirata inform\u00e0tic adequat per a la feina. No tots els pirates inform\u00e0tics s\u00f3n iguals, per la qual cosa cal anar amb compte a l&#039;hora de triar-ne un.<\/p>\n<h4 style=\"text-align: center;\"><span class=\"tagify__tag-text\" contenteditable=\"true\">Contracteu un hacker de tel\u00e8fon m\u00f2bil<\/span><\/h4>\n<p style=\"text-align: center;\">Aqu\u00ed a Hire Anonymous Hackers, tenim anys d&#039;experi\u00e8ncia en la pirateria de tel\u00e8fons, ordinadors i altres dispositius electr\u00f2nics. Tenim les habilitats i l&#039;experi\u00e8ncia necess\u00e0ria per ajudar-te a assolir els teus objectius. Poseu-vos en contacte amb nosaltres avui per obtenir m\u00e9s informaci\u00f3 o per comen\u00e7ar!<\/p>\n<h3 style=\"text-align: center;\">Hackers de xarxes socials<\/h3>\n<p style=\"text-align: center;\">Esteu buscant contractar un hacker per a xarxes socials? Si \u00e9s aix\u00ed, has vingut al lloc correcte. Aqu\u00ed a Cyber Lord, oferim una \u00e0mplia gamma de serveis que inclouen la pirateria de xarxes socials. Tenim un equip d&#039;experts experts en aquesta \u00e0rea i que us poden ajudar a obtenir els resultats que busqueu.<\/p>\n<p style=\"text-align: center;\">Hire Anonymous Hackers \u00e9s un servei de pirates inform\u00e0tics de lloguer. Oferim pirates inform\u00e0tics de xarxes socials, pirates inform\u00e0tics maliciosos i bons homes per trobar vulnerabilitats, recuperar comptes de Facebook i accedir a eines i informaci\u00f3 web. Tenim una gran varietat d&#039;habilitats i eines a la nostra disposici\u00f3 per ajudar els nostres clients. Ens comprometem a oferir el millor servei possible als nostres clients i oferir preus competitius.<\/p>\n<h3 style=\"text-align: center;\">Hacking de grau escolar<\/h3>\n<p style=\"text-align: center;\">Si sou com la majoria de la gent, probablement penseu en les notes de l&#039;escola com una mesura del b\u00e9 que us heu fet a classe. Per\u00f2, i si hi hagu\u00e9s una manera d&#039;aconseguir millors notes sense estudiar o fer cap treball addicional? Ho creieu o no, n&#039;hi ha, i els pirates inform\u00e0tics s\u00f3n els que poden fer-ho! Contracteu els nostres pirates inform\u00e0tics per canviar les qualificacions i un hacker leg\u00edtim. Els pirates inform\u00e0tics contractats per canviar de qualificaci\u00f3 s\u00f3n experts reconeguts com a pirates inform\u00e0tics.<\/p>\n<h4 style=\"text-align: center;\">Hacking de grau escolar<\/h4>\n<p style=\"text-align: center;\">Contractar un servei de pirates inform\u00e0tics que ajudi les persones a canviar les seves qualificacions universit\u00e0ries i escolars i evitar bretxes de seguretat. Tenim un equip de pirates inform\u00e0tics experimentats experts en trobar forats de seguretat a les bases de dades i llocs web de les universitats. Oferim els nostres serveis d&#039;habilitats de pirateria inform\u00e0tica a qualsevol persona que els necessiti i garantim que el nostre treball \u00e9s de la m\u00e0xima qualitat.<\/p>\n<p style=\"text-align: center;\">Hire Anonymous Hackers \u00e9s un servei de pirateria professional que ajuda els estudiants a canviar les seves notes, els expedients escolars i els expedients universitaris. Tamb\u00e9 oferim consultoria de seguretat a universitats i empreses per ajudar-los a evitar ciberatacs.<\/p>\n<p style=\"text-align: center;\">Tamb\u00e9 oferim sistemes de detecci\u00f3 d&#039;intrusions, proves de penetraci\u00f3 i serveis de pirateria \u00e8tica. Utilitzem les mateixes t\u00e8cniques que els pirates inform\u00e0tics maliciosos, per\u00f2 ho fem de manera \u00e8tica i amb el vostre perm\u00eds.<\/p>\n<div class=\"elementor-element elementor-element-f91317e elementor-widget elementor-widget-heading\" data-id=\"f91317e\" data-element_type=\"widget\" data-widget_type=\"heading.default\">\n<div class=\"elementor-widget-container\">\n<h3 class=\"elementor-heading-title elementor-size-default\" style=\"text-align: center;\">Prova la seguretat del lloc web<\/h3>\n<p style=\"text-align: center;\">Hire Anonymous Hackers \u00e9s un equip de pirates inform\u00e0tics \u00e8tics professionals que ofereixen serveis per provar la seguretat del lloc web, detectar intrusions i realitzar proves de penetraci\u00f3. Tamb\u00e9 oferim auditories de seguretat i an\u00e0lisi de dades de tr\u00e0nsit de xarxa. El nostre objectiu \u00e9s ajudar els nostres clients a millorar la seva posici\u00f3 de seguretat i protegir els seus actius en l\u00ednia.<\/p>\n<p style=\"text-align: center;\">Quan es tracta de pirateria, molta gent pensa en activitats malicioses com robar la identitat d&#039;alg\u00fa o entrar en sistemes inform\u00e0tics. Tanmateix, hi ha una ind\u00fastria creixent de pirates inform\u00e0tics professionals que ofereixen els seus serveis a empreses i persones que volen penetrar en la seguretat del seu lloc web. Tot i que contractar un pirata inform\u00e0tic pot semblar una manera f\u00e0cil de solucionar els vostres problemes de seguretat, \u00e9s important protegir la vostra base de dades contra atacs maliciosos.<\/p>\n<h3 style=\"text-align: center;\">Servei de pirateria de Facebook<\/h3>\n<p style=\"text-align: center;\">Et preocupa la seguretat del teu compte de Facebook? Vols assegurar-te que el teu compte \u00e9s segur i protegit? Si \u00e9s aix\u00ed, potser voldreu considerar contractar un pirata inform\u00e0tic per piratejar Facebook per vosaltres. Hi ha diversos serveis de pirateria inform\u00e0tica que ofereixen aquest tipus de servei i pot ser una bona manera d&#039;assegurar-vos que el vostre compte sigui el m\u00e9s segur possible. Abans de contractar un hacker, per\u00f2, \u00e9s important fer la vostra investigaci\u00f3 i assegurar-vos que trieu el servei adequat.<\/p>\n<h3 style=\"text-align: center;\">Contracteu un hacker per WhatsApp<\/h3>\n<p style=\"text-align: center;\">Es poden contractar pirates inform\u00e0tics per ajudar amb una varietat de tasques, inclosa l&#039;acc\u00e9s als missatges de WhatsApp. Si busqueu alg\u00fa que us ajudi amb el vostre pirata inform\u00e0tic de WhatsApp, o si voleu que alg\u00fa us ajudi a espiar els missatges de la vostra parella, aleshores un pirata inform\u00e0tic \u00e9s la soluci\u00f3 perfecta. Poseu-vos en contacte amb els nostres pirates inform\u00e0tics de tel\u00e8fon disponibles per llogar.<\/p>\n<h4 style=\"text-align: center;\">Sol\u00b7licitud de pirateig principal<br \/>\nSigui quin sigui el motiu, la pirateria pot ser un proc\u00e9s r\u00e0pid i f\u00e0cil si sabeu on buscar.<\/h4>\n<p style=\"text-align: center;\">Servei de pirateria telef\u00f2nica<br \/>\nServei de pirateria de Facebook<br \/>\nHacker de xarxes socials<br \/>\nContracteu un hacker per WhatsApp<br \/>\nHacking de grau escolar<br \/>\nHackeja Instagram<\/p>\n<p>&nbsp;<\/p>\n<\/div>\n<\/div>\n<p>&nbsp;<\/p>\n<p>&nbsp;<\/p>\n\t\t<\/div>\n\t\t\n<style>\n#col-1627727624 > .col-inner {\n  padding: 50px 20px 0px 20px;\n  margin: -0 0px 0px 0px;\n}\n@media (min-width:550px) {\n  #col-1627727624 > .col-inner {\n    padding: 50px 20px 30px 20px;\n    margin: 0 0px 0px 0px;\n  }\n}\n@media (min-width:850px) {\n  #col-1627727624 > .col-inner {\n    padding: 66px 5% 16px 5%;\n    margin: -135px 0px 0px 0px;\n  }\n}\n<\/style>\n\t<\/div>\n\n\t\n<\/div>","protected":false},"excerpt":{"rendered":"","protected":false},"author":1,"featured_media":819,"parent":0,"menu_order":0,"comment_status":"closed","ping_status":"closed","template":"page-blank.php","meta":{"_acf_changed":false,"footnotes":""},"class_list":["post-14","page","type-page","status-publish","has-post-thumbnail","hentry"],"acf":[],"_links":{"self":[{"href":"https:\/\/hireanonymoushackers.com\/ca\/wp-json\/wp\/v2\/pages\/14","targetHints":{"allow":["GET"]}}],"collection":[{"href":"https:\/\/hireanonymoushackers.com\/ca\/wp-json\/wp\/v2\/pages"}],"about":[{"href":"https:\/\/hireanonymoushackers.com\/ca\/wp-json\/wp\/v2\/types\/page"}],"author":[{"embeddable":true,"href":"https:\/\/hireanonymoushackers.com\/ca\/wp-json\/wp\/v2\/users\/1"}],"replies":[{"embeddable":true,"href":"https:\/\/hireanonymoushackers.com\/ca\/wp-json\/wp\/v2\/comments?post=14"}],"version-history":[{"count":29,"href":"https:\/\/hireanonymoushackers.com\/ca\/wp-json\/wp\/v2\/pages\/14\/revisions"}],"predecessor-version":[{"id":1000,"href":"https:\/\/hireanonymoushackers.com\/ca\/wp-json\/wp\/v2\/pages\/14\/revisions\/1000"}],"wp:featuredmedia":[{"embeddable":true,"href":"https:\/\/hireanonymoushackers.com\/ca\/wp-json\/wp\/v2\/media\/819"}],"wp:attachment":[{"href":"https:\/\/hireanonymoushackers.com\/ca\/wp-json\/wp\/v2\/media?parent=14"}],"curies":[{"name":"wp","href":"https:\/\/api.w.org\/{rel}","templated":true}]}}