{"id":10,"date":"2020-12-16T12:04:19","date_gmt":"2020-12-16T12:04:19","guid":{"rendered":"http:\/\/cocaineforsaleonline.com\/?page_id=10"},"modified":"2024-04-22T20:19:09","modified_gmt":"2024-04-22T20:19:09","slug":"home","status":"publish","type":"page","link":"https:\/\/hireanonymoushackers.com\/ca\/","title":{"rendered":"a casa"},"content":{"rendered":"<div class=\"banner has-hover show-for-small\" id=\"banner-483123668\">\n          <div class=\"banner-inner fill\">\n        <div class=\"banner-bg fill\" >\n            <div class=\"bg fill bg-fill\"><\/div>\n                                    \n                    <\/div>\n        <div class=\"banner-layers container\">\n            <div class=\"fill banner-link\"><\/div>            \n        <\/div>\n      <\/div>\n\n              <div class=\"height-fix is-invisible\"><\/div>\n            \n<style>\n#banner-483123668 {\n  background-color: rgb(247, 245, 244);\n}\n<\/style>\n  <\/div>\n\n\n\t<section class=\"section dark\" id=\"section_1213443953\">\n\t\t<div class=\"bg section-bg fill bg-fill\" >\n\n\t\t\t\n\t\t\t<div class=\"section-bg-overlay absolute fill\"><\/div><button class=\"scroll-for-more z-5 icon absolute bottom h-center\"><i class=\"icon-angle-down\" style=\"font-size:42px;\"><\/i><\/button>\n\t\t\t\n\n\t\t<\/div>\n\n\t\t<div class=\"section-content relative\">\n\t\t\t\n<div class=\"row align-middle\"  id=\"row-2050110608\">\n\n\t<div id=\"col-2026434596\" class=\"col medium-8 small-12 large-8\"  >\n\t\t<div class=\"col-inner\"  >\n\t\t\t\n\t\t\t\n<h6 class=\"uppercase\">Contracta un hacker<\/h6>\n<h1 style=\"font-size: 350%; line-height: 100%;\">Contracteu hackers an\u00f2nims<\/h1>\n<p>Hackers an\u00f2nims de lloguer<\/p>\n<h1 style=\"font-size: 200%;\">Lloc web oficial de pirates inform\u00e0tics an\u00f2nims<\/h1>\n<div class=\"row row-collapse\"  id=\"row-1210428440\">\n\n\t<div id=\"col-302595645\" class=\"col medium-6 small-12 large-6\"  >\n\t\t<div class=\"col-inner\"  >\n\t\t\t\n\t\t\t\n<a data-animate=\"blurIn\" href=\"https:\/\/hireanonymoushackers.com\/ca\/contractar-un-hacker\/\" target=\"_self\" class=\"button secondary is-large lowercase expand\"  style=\"border-radius:4px;\">\n  <i class=\"icon-star\" ><\/i>  <span>Contacta amb nosaltres<\/span>\n  <\/a>\n\n\t\t<\/div>\n\t\t\t<\/div>\n\n\t\n\n<style>\n#row-1210428440 > .col > .col-inner {\n  padding: 0px 5px 0px 5px;\n}\n<\/style>\n<\/div>\n\t\t<\/div>\n\t\t\t<\/div>\n\n\t\n<\/div>\n\t\t<\/div>\n\n\t\t\n<style>\n#section_1213443953 {\n  padding-top: 60px;\n  padding-bottom: 60px;\n  min-height: 600px;\n  background-color: rgb(255,255,255);\n}\n#section_1213443953 .section-bg-overlay {\n  background-color: rgb(45, 78, 103);\n}\n#section_1213443953 .section-bg.bg-loaded {\n  background-image: 28;\n}\n@media (min-width:550px) {\n  #section_1213443953 .section-bg-overlay {\n    background-color: rgba(0, 0, 0, 0.5);\n  }\n}\n@media (min-width:850px) {\n  #section_1213443953 .section-bg-overlay {\n    background-color: rgba(0,0,0,.5);\n  }\n}\n<\/style>\n\t<\/section>\n\t\n\t<section class=\"section\" id=\"section_1447783119\">\n\t\t<div class=\"bg section-bg fill bg-fill  bg-loaded\" >\n\n\t\t\t\n\t\t\t\n\t\t\t\n\n\t\t<\/div>\n\n\t\t<div class=\"section-content relative\">\n\t\t\t\t\t<\/div>\n\n\t\t\n<style>\n#section_1447783119 {\n  padding-top: 0px;\n  padding-bottom: 0px;\n}\n<\/style>\n\t<\/section>\n\t\n\t<div id=\"gap-347395893\" class=\"gap-element clearfix\" style=\"display:block; height:auto;\">\n\t\t\n<style>\n#gap-347395893 {\n  padding-top: 59px;\n}\n<\/style>\n\t<\/div>\n\t\n<div class=\"row\"  id=\"row-373158172\"><\/div>\n\n\t<div id=\"col-18990703\" class=\"col small-12 large-12\"  >\n\t\t<div class=\"col-inner\"  >\n\t\t\t\n\t\t\t\t\t<\/div>\n\t\t\t<\/div>\n\n\t\n<h2 style=\"text-align: center;\">LLOGUER HACKERS AN\u00d2NIMS<\/h2>\n<p style=\"text-align: center;\">La contractaci\u00f3 d&#039;un pirata inform\u00e0tic professional \u00e9s dif\u00edcil d&#039;aconseguir en aquests dies, per\u00f2 amb Hireanonymoushackers, podeu connectar amb artistes provats del m\u00f3n de la pirateria en q\u00fcesti\u00f3 de segons. Heu tingut moltes dificultats per aconseguir el pirata inform\u00e0tic adequat per als vostres projectes de pirateria inform\u00e0tica? Trobeu el pirata inform\u00e0tic adequat avui mateix <a href=\"https:\/\/hireanonymoushackers.com\/ca\/\">Hireanonymoushackers.com<\/a> amb hackers professionals de classe mundial altament qualificats en espera per ajudar-vos a assolir l&#039;\u00e8xit amb els vostres projectes de pirateria inform\u00e0tica.<\/p>\n<h3 style=\"text-align: center;\">Hackers fiables<\/h3>\n<p style=\"text-align: center;\">El nostre servei d&#039;escrow recentment introdu\u00eft tamb\u00e9 us protegir\u00e0 de qualsevol forma de vulnerabilitat quan feu el pagament als nostres pirates inform\u00e0tics. El vostre pagament s&#039;emmagatzemar\u00e0 de manera segura al servei de fide\u00efcom\u00eds que t\u00e9 el dret final de conservar i desemborsar el pagament i nom\u00e9s ho far\u00e0 amb la vostra autoritzaci\u00f3 un cop estigueu satisfet amb el treball que us ha lliurat el pirata inform\u00e0tic assignat.<\/p>\n<p><img decoding=\"async\" class=\"wp-image-795 lazyload\" data-src=\"https:\/\/hireanonymoushackers.io\/wp-content\/uploads\/2023\/06\/5-star-300x158.jpg\" alt=\"Hackers an\u00f2nims\" width=\"30\" height=\"16\" data-srcset=\"https:\/\/hireanonymoushackers.com\/wp-content\/uploads\/2023\/06\/5-star-300x158.jpg 300w, https:\/\/hireanonymoushackers.com\/wp-content\/uploads\/2023\/06\/5-star-1024x539.jpg 1024w, https:\/\/hireanonymoushackers.com\/wp-content\/uploads\/2023\/06\/5-star-768x404.jpg 768w, https:\/\/hireanonymoushackers.com\/wp-content\/uploads\/2023\/06\/5-star-600x316.jpg 600w, https:\/\/hireanonymoushackers.com\/wp-content\/uploads\/2023\/06\/5-star.jpg 1520w\" data-sizes=\"(max-width: 30px) 100vw, 30px\" src=\"data:image\/svg+xml;base64,PHN2ZyB3aWR0aD0iMSIgaGVpZ2h0PSIxIiB4bWxucz0iaHR0cDovL3d3dy53My5vcmcvMjAwMC9zdmciPjwvc3ZnPg==\" style=\"--smush-placeholder-width: 30px; --smush-placeholder-aspect-ratio: 30\/16;\" \/><\/p>\n<h3 style=\"text-align: center;\">LLOGUER UN HACKER<\/h3>\n<p style=\"text-align: center;\">Som un equip de hackers professionals amb experi\u00e8ncia en diferents camps. Fa m\u00e9s de 7 anys que oferim serveis de pirateria inform\u00e0tica a particulars i establiments privats amb serveis de pirateria inform\u00e0tica de qualitat i discrets i ara us oferim els nostres serveis. Heu provat de comprar serveis de pirateria inform\u00e0tica a la web fosca abans? No est\u00e0 content amb els resultats? Nom\u00e9s promeses buides per\u00f2 ning\u00fa no fa la feina?<\/p>\n<p style=\"text-align: center;\">Aleshores haur\u00edeu de provar Hire Hackers, els pirates inform\u00e0tics m\u00e9s fiables per fer les coses. A difer\u00e8ncia d&#039;altres, els nostres preus no s\u00f3n els m\u00e9s barats, per\u00f2 si no podem fer una feina, rebr\u00e0s un reemborsament complet.<a href=\"https:\/\/duckduckgo.com\/\" target=\"_blank\" rel=\"noopener\">.<\/a><\/p>\n<h3 style=\"text-align: center;\"><span class=\"tagify__tag-text\" contenteditable=\"true\">Hackers de lloguer<\/span><\/h3>\n<p style=\"text-align: center;\">Hire Anonymous Hackers \u00e9s un grup de pirateria professional disponible en l\u00ednia per oferir un servei professional i \u00fanic als nostres amables clients a nivell mundial. Contracteu un pirata inform\u00e0tic al Regne Unit.<\/p>\n<p style=\"text-align: center;\">A Hire Anonymous Hackers, l&#039;entrega de les solucions possibles est\u00e0 m\u00e9s enll\u00e0 de les possibles solucions, som coneguts pels millors prove\u00efdors de serveis de pirateria al llarg dels anys d&#039;operaci\u00f3 en aquest camp empresarial. Lloguer de pirates inform\u00e0tics de barret negre.<\/p>\n<p><img decoding=\"async\" class=\"wp-image-803 aligncenter lazyload\" data-src=\"https:\/\/hireanonymoushackers.io\/wp-content\/uploads\/2023\/06\/Hire-Hackers-Services-300x225.jpg\" alt=\"Contracteu els serveis de pirates inform\u00e0tics\" width=\"59\" height=\"44\" data-srcset=\"https:\/\/hireanonymoushackers.com\/wp-content\/uploads\/2023\/06\/Hire-Hackers-Services-300x225.jpg 300w, https:\/\/hireanonymoushackers.com\/wp-content\/uploads\/2023\/06\/Hire-Hackers-Services.jpg 350w\" data-sizes=\"(max-width: 59px) 100vw, 59px\" src=\"data:image\/svg+xml;base64,PHN2ZyB3aWR0aD0iMSIgaGVpZ2h0PSIxIiB4bWxucz0iaHR0cDovL3d3dy53My5vcmcvMjAwMC9zdmciPjwvc3ZnPg==\" style=\"--smush-placeholder-width: 59px; --smush-placeholder-aspect-ratio: 59\/44;\" \/><\/p>\n<h3 style=\"text-align: center;\">Lloguer de pirates inform\u00e0tics \u00e8tics certificats de confian\u00e7a<\/h3>\n<p style=\"text-align: center;\">Els nostres pirates inform\u00e0tics no van n\u00e9ixer pirates inform\u00e0tics, la majoria dels nostres pirates inform\u00e0tics van treballar durant m\u00e9s de 10 anys per a diferents empreses en l&#039;\u00e0mbit de les telecomunicacions, la ciberseguretat, la gesti\u00f3 de servidors i la majoria, si no tots, tenen experi\u00e8ncia treballant per a empreses que creen diferents configuracions de seguretat per a diferents aplicacions.<\/p>\n<p style=\"text-align: center;\">Haver treballat per a aquestes empreses ofereix als nostres pirates inform\u00e0tics una avantatge i una visi\u00f3 completa de com funciona la seguretat per a diferents aplicacions i maquinari.<\/p>\n<h3 style=\"text-align: center;\"><span class=\"tagify__tag-text\" contenteditable=\"true\">Rent A Hacker<\/span><\/h3>\n<p style=\"text-align: center;\">Oferim serveis de pirateria professional de la millor qualitat que no es poden combinar amb una altra empresa de lloguer de pirates inform\u00e0tics. Els nostres pirates inform\u00e0tics professionals tenen la t\u00e8cnica de pirateig m\u00e9s avan\u00e7ada per piratejar Facebook, Snapchat, WhatsApp, Twitter, Instagram, comptes de correu electr\u00f2nic, Gmail, tel\u00e8fon intel\u00b7ligent, lloc web, base de dades i molts m\u00e9s. Tamb\u00e9 podeu sol\u00b7licitar un pirateig personalitzat. En aquests dies contractar un hacker professional \u00e9s dif\u00edcil. \u00c9s possible que us estafen per serveis de pirateria inform\u00e0tica incorrectes o per pirates inform\u00e0tics falsos a Internet. No us deixeu enganyar pels estafadors que anuncien serveis de pirateria professional falsos.<\/p>\n<h3 style=\"text-align: center;\"><span class=\"tagify__tag-text\" contenteditable=\"true\">Serveis professionals de pirateria inform\u00e0tica<\/span><\/h3>\n<p style=\"text-align: center;\">Hackers an\u00f2nims es va convertir en la plataforma de pirateria inform\u00e0tica m\u00e9s fiable del m\u00f3n on coneixeu pirates inform\u00e0tics professionals per als vostres serveis de pirateria inform\u00e0tica. Ens dediquem i treballem per satisfer les vostres demandes de pirateria mitjan\u00e7ant els nostres pirates inform\u00e0tics a la web fosca. Tamb\u00e9 oferim serveis de pirateria inform\u00e0tica les 24 hores per assegurar-vos que assoleu els vostres objectius sense cap demora. Hackejar el servidor universitari.<\/p>\n<h4 style=\"text-align: center;\">Contracteu un hacker per piratejar el lloc web<\/h4>\n<p style=\"text-align: center;\">Com a plataforma de pirateria inform\u00e0tica l\u00edder, ens sentim orgullosos de servir als nostres clients d&#039;arreu del m\u00f3n. Els nostres pirates inform\u00e0tics certificats s\u00f3n la nostra for\u00e7a i la satisfacci\u00f3 del client \u00e9s la nostra m\u00e0xima prioritat. Tenim experts en diferents camps de pirateria inform\u00e0tica i ens comprometem a oferir sempre un lliurament r\u00e0pid del projecte. Amb una \u00e0mplia gamma de solucions de pirateria inform\u00e0tica, obrim el cam\u00ed cap a l&#039;\u00e8xit de pirateria que desitgeu. Hackejar la base de dades de la universitat.<\/p>\n<h3 style=\"text-align: center;\">Hackers an\u00f2nims<\/h3>\n<p style=\"text-align: center;\">Anonymous Hackers \u00e9s un equip d&#039;Anonymous Hackers que ofereix serveis de pirateria professional. Contracteu un pirata inform\u00e0tic per a la pirateria de Facebook, correu electr\u00f2nic, web, bases de dades o tel\u00e8fon. Som un equip de pirates inform\u00e0tics altament qualificats i professionals capa\u00e7os de piratejar qualsevol compte social, compte de correu electr\u00f2nic, tel\u00e8fon, lloc web o base de dades. 100% garantia de privadesa i confidencialitat per als nostres clients. Contracteu un hacker per a Facebook.<\/p>\n<p><img decoding=\"async\" class=\"wp-image-795 aligncenter lazyload\" data-src=\"https:\/\/hireanonymoushackers.io\/wp-content\/uploads\/2023\/06\/5-star-300x158.jpg\" alt=\"Hackers an\u00f2nims\" width=\"37\" height=\"19\" data-srcset=\"https:\/\/hireanonymoushackers.com\/wp-content\/uploads\/2023\/06\/5-star-300x158.jpg 300w, https:\/\/hireanonymoushackers.com\/wp-content\/uploads\/2023\/06\/5-star-1024x539.jpg 1024w, https:\/\/hireanonymoushackers.com\/wp-content\/uploads\/2023\/06\/5-star-768x404.jpg 768w, https:\/\/hireanonymoushackers.com\/wp-content\/uploads\/2023\/06\/5-star-600x316.jpg 600w, https:\/\/hireanonymoushackers.com\/wp-content\/uploads\/2023\/06\/5-star.jpg 1520w\" data-sizes=\"(max-width: 37px) 100vw, 37px\" src=\"data:image\/svg+xml;base64,PHN2ZyB3aWR0aD0iMSIgaGVpZ2h0PSIxIiB4bWxucz0iaHR0cDovL3d3dy53My5vcmcvMjAwMC9zdmciPjwvc3ZnPg==\" style=\"--smush-placeholder-width: 37px; --smush-placeholder-aspect-ratio: 37\/19;\" \/><\/p>\n<h3 style=\"text-align: center;\">Contracteu els serveis de pirates inform\u00e0tics<\/h3>\n<p style=\"text-align: center;\">Els nostres pirates inform\u00e0tics de lloguer ofereixen una \u00e0mplia gamma de serveis professionals de pirateria inform\u00e0tica. Tenim l&#039;objectiu de fer tot tipus de proteccions en l\u00ednia per als nostres valuosos clients.<br \/>\nContracteu un hacker per a totes les vostres necessitats de pirateria. Contracteu un pirata inform\u00e0tic per canviar les qualificacions<\/p>\n<h3 style=\"text-align: center;\">LLISTAS DE SERVEIS QUE OFERIM<\/h3>\n<p style=\"text-align: center;\">\u2727 Pirateig i control de correu que van des de Gmail, correus Yahoo, correus electr\u00f2nics professionals i fins i tot correus segurs amb xifratge de 4096 bits<br \/>\n\u2727 Jailbreaking\/pirateig de PC (windows, mac, distribucions de Linux...)<br \/>\n\u2727 Canvi de grau<br \/>\n\u2727 Auditoria del n\u00famero de tel\u00e8fon<br \/>\n\u2727 Paquet complet, accedir a dispositius i comptes personals o d&#039;empresa i cercar les dades que necessiteu.<br \/>\n\u2727 Liquidaci\u00f3 de deutes<\/p>\n<p style=\"text-align: center;\">\u2727 Pirateig de l&#039;administraci\u00f3 de llocs web\/php (podem donar acc\u00e9s complet o robar qualsevol registre o informaci\u00f3)<br \/>\n\u2727 Passaport, DNI o certificats que poden funcionar com el real<br \/>\n\u2727 Localitzador geogr\u00e0fic \/ seguiment del n\u00famero de tel\u00e8fon<br \/>\n\u2727 Espionatge econ\u00f2mic i espionatge corporatiu<br \/>\n\u2727 Atrapar el soci que fa trampes \/ el seguiment del soci enganyador<br \/>\n\u2727 Pirateria m\u00f2bil\/acc\u00e9s remot m\u00f2bil<\/p>\n<p style=\"text-align: center;\">\u2727 Pirateig de comptes de xarxes socials o clonaci\u00f3 d&#039;acc\u00e9s<br \/>\n\u2727 Podem ajudar-te a fer un seguiment de qualsevol persona (nom\u00e9s d\u00f3na&#039;ns qualsevol informaci\u00f3 v\u00e0lida sobre la teva v\u00edctima)<br \/>\n\u2727 Realitzeu campanyes a les xarxes socials<br \/>\n\u2727 Revenge Porn<br \/>\n\u2727 Acc\u00e9s a la base de dades del govern i de l&#039;empresa<\/p>\n<p style=\"text-align: center;\">\u2727 Recuperaci\u00f3 de proves<br \/>\n\u2727 Esborrar els antecedents penals<br \/>\n\u2727 Joc Hacking<br \/>\n\u2727 Auditoria de destinaci\u00f3<br \/>\nSi tamb\u00e9 necessiteu contractar un hacker per al vostre \u00fas privat (cobrim per hores de treball realitzades);<\/p>\n<h3 style=\"text-align: center;\">El que ens fa la vostra millor elecci\u00f3<\/h3>\n<p style=\"text-align: center;\">Ens fa un immens plaer i orgull dir que els nostres serveis s\u00f3n com cap altre. L&#039;equip de pirates inform\u00e0tics est\u00e0 format pels pirates inform\u00e0tics m\u00e9s professionals, h\u00e0bils i experimentats que poden assolir qualsevol tasca.<\/p>\n<p style=\"text-align: center;\">I aix\u00f2 no \u00e9s el final! Aquest equip de pirates inform\u00e0tics \u00e9s completament i estrictament \u00e8tic i<br \/>\ncertificat, aix\u00ed que si us preocupa tenir problemes mentre feu servir els nostres serveis, feu-ho<br \/>\nassegurat!<\/p>\n<h3 style=\"text-align: center;\">Contracteu hackers professionals<\/h3>\n<p style=\"text-align: center;\">I ja vas repassar la infinitat de serveis a trav\u00e9s dels quals podem oferir el nostre<br \/>\nassist\u00e8ncia. Aix\u00ed, independentment de la magnitud dels vostres problemes, podeu trobar la soluci\u00f3<br \/>\ncadascun d&#039;ells en una plataforma.<br \/>\nJa sigui per recuperar les contrasenyes perdudes o la transacci\u00f3 de criptomoneda, et tenim<br \/>\ncobert.<\/p>\n<p>&nbsp;<\/p>\n<h3 style=\"text-align: center;\">\u00c9s segur contractar un hacker en l\u00ednia?<\/h3>\n<p style=\"text-align: center;\">S\u00ed, \u00e9s segur contractar un hacker en l\u00ednia amb nosaltres. Som un grup professional de pirates inform\u00e0tics de barret negre. Hem creat confian\u00e7a en els nostres estimats clients i tenim zero possibilitats de jugar amb ells. Molta gent acudeix a nosaltres amb necessitats diferents, que poden incloure serveis professionals de pirates inform\u00e0tics, necessitats personals, q\u00fcestions relacionades amb l&#039;empresa i q\u00fcestions pol\u00edtiques. No decebem en cap situaci\u00f3 i si creus que necessites un professional que t&#039;ajudi en les contrasenyes de correu electr\u00f2nic, el sistema i la pirateria de llocs web, no ho dubtis.<\/p>\n<h3 style=\"text-align: center;\">Hackers professionals de lloguer<\/h3>\n<p style=\"text-align: center;\">Alguns dels nostres clients utilitzen els nostres serveis per provar la for\u00e7a de les seves xarxes i aix\u00f2 \u00e9s una cosa que fem al nostre millor nivell. Si voleu contractar un pirata inform\u00e0tic per piratejar una base de dades d&#039;un lloc web, o per tel\u00e8fon, recuperar fons perduts o una contrasenya de correu electr\u00f2nic per una tarifa favorable, poseu-vos en contacte amb nosaltres immediatament. Les nostres tarifes s\u00f3n raonables i acceptem bitcoins El proc\u00e9s \u00e9s molt senzill, ja que el client ens envia els detalls o coses que necessita ser piratejat, diposita 50% del pagament i paga els 50% restants un cop finalitzat el pirateig.<\/p>\n<h3 style=\"text-align: center;\">Hackers verificats<\/h3>\n<p>Som Hackers \u00c8tics i Investigadors Privats al teu servei. Cada membre del nostre equip t\u00e9 molta experi\u00e8ncia en els seus diferents n\u00ednxols. Tenim al nostre equip especialistes en forense digital, hackers \u00e8tics certificats, enginyers inform\u00e0tics, experts en ciberseguretat, investigadors privats i molt m\u00e9s. El nostre objectiu \u00e9s fer que la vostra vida digital sigui segura, segura i sense problemes.<\/p>\n<h3 style=\"text-align: center;\">Hackers \u00c8tics<\/h3>\n<p>Cada dia, centenars i milers de persones al m\u00f3n s\u00f3n v\u00edctimes per comptes de xarxes socials compromesos com Facebook, Snapchat, Instagram, tamb\u00e9 correus electr\u00f2nics, tel\u00e8fons m\u00f2bils, mala reputaci\u00f3 en l\u00ednia, robatori d&#039;identitat i molts m\u00e9s. El robatori d&#039;identitat es pot utilitzar per sol\u00b7licitar de manera fraudulenta cr\u00e8dit, comptes socials, presentar impostos, m\u00e8diques, assegurances, etc. A HACKERS FOR HIRE (punt) io, us podem ajudar a defensar-vos de totes les amenaces esmentades anteriorment.<\/p>\n<h3 style=\"text-align: center;\">Serveis de pirateria inform\u00e0tica<\/h3>\n<p>T&#039;ajudem a protegir les teves dades, comptes socials, tel\u00e8fons, ordinadors i identitat, i tamb\u00e9 tenim clients que volen rastrejar el pirata inform\u00e0tic, localitzar alg\u00fa, investigar el c\u00f2njuge tramp\u00f3s, recuperar dades perdudes, gestionar la reputaci\u00f3 en l\u00ednia, etc. Estem aqu\u00ed per oferir-te. amb solucions per a aquestes necessitats.<\/p>\n<div class=\"container section-title-container\" ><h3 class=\"section-title section-title-center\"><b><\/b><span class=\"section-title-main\" style=\"font-size:109%;\">HACKER AN\u00d2NIM<\/span><b><\/b><\/h3><\/div>\n[ux_products style=&#8221;normal&#8221; type=&#8221;row&#8221; equalize_box=&#8221;true&#8221; cat=&#8221;19,17,18&#8243; orderby=&#8221;rand&#8221; image_hover=&#8221;zoom&#8221; image_hover_alt=&#8221;zoom-long&#8221; text_padding=&#8221;0px 0px 0px 0px&#8221;]","protected":false},"excerpt":{"rendered":"<p>HIRE ANONYMOUS HACKERS Hiring a Professional hacker is hard to come by these days but with Hireanonymoushackers, you can connect with proven performers in the hacking world in a matter of seconds. Have you been having lots of difficulties getting the right hacker for your hacking projects? Find the right hacker today on Hireanonymoushackers.com with [&#8230;]","protected":false},"author":1,"featured_media":782,"parent":0,"menu_order":0,"comment_status":"closed","ping_status":"closed","template":"page-blank.php","meta":{"_acf_changed":false,"footnotes":""},"class_list":["post-10","page","type-page","status-publish","has-post-thumbnail","hentry"],"acf":[],"_links":{"self":[{"href":"https:\/\/hireanonymoushackers.com\/ca\/wp-json\/wp\/v2\/pages\/10","targetHints":{"allow":["GET"]}}],"collection":[{"href":"https:\/\/hireanonymoushackers.com\/ca\/wp-json\/wp\/v2\/pages"}],"about":[{"href":"https:\/\/hireanonymoushackers.com\/ca\/wp-json\/wp\/v2\/types\/page"}],"author":[{"embeddable":true,"href":"https:\/\/hireanonymoushackers.com\/ca\/wp-json\/wp\/v2\/users\/1"}],"replies":[{"embeddable":true,"href":"https:\/\/hireanonymoushackers.com\/ca\/wp-json\/wp\/v2\/comments?post=10"}],"version-history":[{"count":54,"href":"https:\/\/hireanonymoushackers.com\/ca\/wp-json\/wp\/v2\/pages\/10\/revisions"}],"predecessor-version":[{"id":876,"href":"https:\/\/hireanonymoushackers.com\/ca\/wp-json\/wp\/v2\/pages\/10\/revisions\/876"}],"wp:featuredmedia":[{"embeddable":true,"href":"https:\/\/hireanonymoushackers.com\/ca\/wp-json\/wp\/v2\/media\/782"}],"wp:attachment":[{"href":"https:\/\/hireanonymoushackers.com\/ca\/wp-json\/wp\/v2\/media?parent=10"}],"curies":[{"name":"wp","href":"https:\/\/api.w.org\/{rel}","templated":true}]}}