{"id":14,"date":"2020-12-16T12:05:52","date_gmt":"2020-12-16T12:05:52","guid":{"rendered":"http:\/\/cocaineforsaleonline.com\/?page_id=14"},"modified":"2025-11-16T08:59:02","modified_gmt":"2025-11-16T08:59:02","slug":"unajmiti-hakera","status":"publish","type":"page","link":"https:\/\/hireanonymoushackers.com\/bs\/unajmiti-hakera\/","title":{"rendered":"Kontakt"},"content":{"rendered":"<div class=\"row row-collapse row-full-width\"  id=\"row-1665058149\">\n\n\t<div id=\"col-956919971\" class=\"col small-12 large-12\"  >\n\t\t<div class=\"col-inner\"  >\n\t\t\t\n\t\t\t\n\t<section class=\"section\" id=\"section_1003676262\">\n\t\t<div class=\"bg section-bg fill bg-fill\" >\n\n\t\t\t\n\t\t\t<div class=\"section-bg-overlay absolute fill\"><\/div>\n\t\t\t\n\n\t\t<\/div>\n\n\t\t<div class=\"section-content relative\">\n\t\t\t\n<div class=\"row row-collapse align-center\" style=\"max-width:\" id=\"row-780607484\">\n\n\t<div id=\"col-1182216040\" class=\"col small-12 large-12\"  >\n\t\t<div class=\"col-inner text-center dark\"  >\n\t\t\t\n\t\t\t\n<h1><span style=\"font-size: 250%;\">Kontakt<\/span><\/h1>\n<p class=\"lead\"><span style=\"font-size: 120%;\">Po\u0161aljite nam poruku<\/span><\/p>\n\t\t<\/div>\n\t\t\n<style>\n#col-1182216040 > .col-inner {\n  padding: 100px 20px 200px 0px;\n}\n@media (min-width:550px) {\n  #col-1182216040 > .col-inner {\n    padding: 100px 0px 200px 0px;\n  }\n}\n<\/style>\n\t<\/div>\n\n\t\n<\/div>\n\t\t<\/div>\n\n\t\t\n<style>\n#section_1003676262 {\n  padding-top: 0px;\n  padding-bottom: 0px;\n  min-height: 0px;\n}\n#section_1003676262 .section-bg-overlay {\n  background-color: rgba(0, 0, 0, 0.12);\n}\n#section_1003676262 .section-bg.bg-loaded {\n  background-image: 28;\n}\n#section_1003676262 .section-bg {\n  background-position: 55% 100%;\n}\n@media (min-width:550px) {\n  #section_1003676262 {\n    padding-top: 0px;\n    padding-bottom: 0px;\n  }\n  #section_1003676262 .section-bg-overlay {\n    background-color: rgba(0, 0, 0, 0.21);\n  }\n}\n@media (min-width:850px) {\n  #section_1003676262 {\n    padding-top: 100px;\n    padding-bottom: 100px;\n  }\n  #section_1003676262 .section-bg-overlay {\n    background-color: rgba(0,0,0,.5);\n  }\n}\n<\/style>\n\t<\/section>\n\t\n\t\t<\/div>\n\t\t\n<style>\n#col-956919971 > .col-inner {\n  padding: 0px 30px 0px 30px;\n}\n<\/style>\n\t<\/div>\n\n\t\n<\/div>\n<div class=\"row row-large\" style=\"max-width:1400px\" id=\"row-759180101\">\n\n\t<div id=\"col-1686647345\" class=\"col small-12 large-12\"  >\n\t\t<div class=\"col-inner\" style=\"background-color:rgb(255, 255, 255);\" >\n\t\t\t\n\t\t\t\n<div class=\"row row-collapse row-full-width\"  id=\"row-821439304\">\n<style>\n#row-821439304 > .col > .col-inner {\n  padding: 0px 15px 0px 15px;\n}\n<\/style>\n<\/div>\n\n\t<div id=\"col-1821117511\" class=\"col medium-12 small-12 large-6\"  >\n\t\t<div class=\"col-inner\"  >\n\t\t\t\n\t\t\t\t\t<\/div>\n\t\t\n<style>\n#col-1821117511 > .col-inner {\n  padding: 0px 0px 0px 20px;\n}\n<\/style>\n\t<\/div>\n\n\t\n<h2><span style=\"font-size: 120%;\">Kontaktirajte nas<\/span><\/h2>\n<p><strong>Email:dk8ayz@proton.me<\/strong><\/p>\n\t<div id=\"gap-1907050940\" class=\"gap-element clearfix\" style=\"display:block; height:auto;\">\n\t\t\n<style>\n#gap-1907050940 {\n  padding-top: 20px;\n}\n@media (min-width:550px) {\n  #gap-1907050940 {\n    padding-top: 20px;\n  }\n}\n@media (min-width:850px) {\n  #gap-1907050940 {\n    padding-top: 30px;\n  }\n}\n<\/style>\n\t<\/div>\n\t\n<div class=\"row\"  id=\"row-1569397299\"><\/div>\n\n\t<div id=\"col-1993647286\" class=\"col medium-6 small-12 large-6\"  >\n\t\t<div class=\"col-inner\"  >\n\t\t\t\n\t\t\t\t\t<\/div>\n\t\t\t<\/div>\n\n\t\n<p>&nbsp;<\/p>\n<h2 style=\"text-align: center;\">Unajmite hakera<\/h2>\n<div class=\"elementor-element elementor-element-ea57f42 elementor-widget elementor-widget-text-editor\" data-id=\"ea57f42\" data-element_type=\"widget\" data-widget_type=\"text-editor.default\">\n<div class=\"elementor-widget-container\">Hire Anonymous Hackers je tehni\u010dka podr\u0161ka zasnovana na tehnologiji, koja je bila klju\u010dna u pru\u017eanju najboljeg korisni\u010dkog iskustva njihovim klijentima. Pru\u017eamo razne usluge koje uklju\u010duju: hakovanje mobilnog telefona, slanje tekstualnih poruka ili slanje e-po\u0161te sa \u0161pijunskim softverom. Cilj ove kompanije je olak\u0161ati \u017eivot ljudima koji se suo\u010davaju s problemom u vezi.<\/div>\n<div><\/div>\n<\/div>\n<div class=\"elementor-element elementor-element-ed07b83 elementor-widget elementor-widget-text-editor\" data-id=\"ed07b83\" data-element_type=\"widget\" data-widget_type=\"text-editor.default\">\n<div class=\"elementor-widget-container\">Mi smo najbolji stru\u010dnjaci za hakiranje koje mo\u017eete unajmiti za va\u0161e specifi\u010dne potrebe. Od skromnog pra\u0107enja ne\u010dijeg telefona do zlonamjernog uni\u0161tavanja dokaza. Pokrili smo vas najboljim hakerima!<\/div>\n<\/div>\n<h3 style=\"text-align: center;\">Kako unajmiti hakera<\/h3>\n<p>\u017delite jeftino unajmiti hakera iz na\u0161e kolekcije hakera? Recite nam \u0161ta vam je potrebno: Jednostavno opi\u0161ite koje vrste hakerskih usluga su vam potrebne. Na\u0107i \u0107emo pravog hakera za posao. Spojit \u0107emo vas sa certificiranim eti\u010dkim hakerom koji ima vje\u0161tine i iskustvo koje su potrebne za obavljanje posla. Va\u0161i podaci su sigurni kod nas. Svi na\u0161i hakeri su visoko obu\u010deni profesionalci koji se pridr\u017eavaju strogih eti\u010dkih standarda. Javite nam se na na\u0161em <a href=\"https:\/\/hireanonymoushackers.com\/bs\/unajmiti-hakera\/\">Kontakt stranica<\/a><\/p>\n<div class=\"elementor-element elementor-element-6d17116 elementor-widget elementor-widget-heading\" data-id=\"6d17116\" data-element_type=\"widget\" data-widget_type=\"heading.default\">\n<div class=\"elementor-widget-container\">\n<h3 class=\"elementor-heading-title elementor-size-default\" style=\"text-align: center;\">Stru\u010dni i pouzdani hakeri za iznajmljivanje<\/h3>\n<div class=\"elementor-element elementor-element-41118ff elementor-widget elementor-widget-text-editor\" data-id=\"41118ff\" data-element_type=\"widget\" data-widget_type=\"text-editor.default\">\n<div class=\"elementor-widget-container\">\n<p><a href=\"https:\/\/hireanonymoushackers.com\/bs\/\">Hireanonymoushackers.com<\/a> sastoji se od tima eti\u010dkih hakera koji pru\u017eaju raznovrsne IT usluge kao \u0161to su testiranje penetracije u bazu podataka, udaljeno hakiranje telefona, hakovanje dru\u0161tvenih medija, hakiranje e-po\u0161te, vra\u0107anje sredstava, unajmljivanje hakera za mobilni telefon ili druge usluge cyber hakovanja.<\/p>\n<\/div>\n<\/div>\n<\/div>\n<\/div>\n<h3 style=\"text-align: center;\">Provjereni hakeri za iznajmljivanje<\/h3>\n<p style=\"text-align: center;\">Mo\u017eemo vam pomo\u0107i sa hakiranjem softvera, testom penetracije, izbacivanjem baze podataka, ure\u0111ivanjem baze podataka, osiguranjem baze podataka, oporavkom od kreditne prijevare, hakiranjem Windowsa, probijanjem WIFI lozinke, hakiranjem Pinteresta, popravkom kreditnog rezultata, kra\u0111om kriptovaluta, DDOS napadom, eti\u010dkim hakovanjem, \u010covek usred napada, Rediff mail Hakovanje, Yandex mail Hakovanje.<a href=\"https:\/\/duckduckgo.com\/\" target=\"_blank\" rel=\"noopener\">.<\/a>.<\/p>\n<h3 style=\"text-align: center;\"><span class=\"tagify__tag-text\" contenteditable=\"true\">Unajmite anonimne hakere<\/span><\/h3>\n<p style=\"text-align: center;\">Mi smo tim profesionalnih hakera iz cijelog svijeta, koji su evoluirali iz sjene dark weba kao podskup deep weba sa skrivenim uslugama. Na\u0161 glavni motiv je da vam pru\u017eimo sigurne i sigurne profesionalne usluge hakovanja. Unajmite profesionalnog hakera (certificiranog) za dolje navedene usluge.<\/p>\n<p style=\"text-align: center;\"><span data-text-color=\"alert\"><strong>100% Garancija povrata novca ako posao nije obavljen na va\u0161e zadovoljstvo.<\/strong><\/span><\/p>\n<h3 style=\"text-align: center;\"><span class=\"tagify__tag-text\" contenteditable=\"true\">Usluga hakovanja telefona<\/span><\/h3>\n<p style=\"text-align: center;\">Postoji mnogo razloga za\u0161to \u0107ete mo\u017eda morati da unajmite hakera za mobilni telefon. Mo\u017eda \u017eelite da hakujete mobilni telefon va\u0161eg supru\u017enika da vidite da li vas vara. Ili mo\u017eda treba da u\u0111ete u kompjuterski sistem kompanije da biste ukrali poslovne tajne. Bez obzira na razlog, va\u017eno je prona\u0107i pravog hakera za posao. Nisu svi hakeri stvoreni jednaki, tako da morate biti oprezni pri odabiru jednog.<\/p>\n<h4 style=\"text-align: center;\"><span class=\"tagify__tag-text\" contenteditable=\"true\">Unajmite hakera za mobilni telefon<\/span><\/h4>\n<p style=\"text-align: center;\">Ovdje u Hire Anonymous Hackers, imamo dugogodi\u0161nje iskustvo u hakiranju telefona, ra\u010dunara i drugih elektronskih ure\u0111aja. Imamo potrebne vje\u0161tine i stru\u010dnost da vam pomognemo da postignete svoje ciljeve. Kontaktirajte nas danas za vi\u0161e informacija ili za po\u010detak!<\/p>\n<h3 style=\"text-align: center;\">Hakeri dru\u0161tvenih mre\u017ea<\/h3>\n<p style=\"text-align: center;\">\u017delite li zaposliti hakera za dru\u0161tvene mre\u017ee? Ako jeste, do\u0161li ste na pravo mjesto. Ovdje u cyber lord-u nudimo \u0161irok spektar usluga koje uklju\u010duju hakovanje dru\u0161tvenih medija. Imamo tim stru\u010dnjaka koji su vje\u0161ti u ovoj oblasti i mogu vam pomo\u0107i da postignete rezultate koje tra\u017eite.<\/p>\n<p style=\"text-align: center;\">Hire Anonymous Hackers je usluga hakera za iznajmljivanje. Pru\u017eamo hakerima dru\u0161tvenih medija, zlonamjernim hakerima i dobrim momcima da prona\u0111u ranjivosti, oporave Facebook ra\u010dune i pristupe web alatima i informacijama. Na raspolaganju imamo \u0161irok izbor vje\u0161tina i alata kako bismo pomogli na\u0161im klijentima. Posve\u0107eni smo pru\u017eanju najbolje mogu\u0107e usluge na\u0161im klijentima i ponuditi konkurentne cijene.<\/p>\n<h3 style=\"text-align: center;\">Hakiranje \u0161kolskih razreda<\/h3>\n<p style=\"text-align: center;\">Ako ste poput ve\u0107ine ljudi, vjerovatno mislite o \u0161kolskim ocjenama kao mjeri koliko ste dobro pro\u0161li u razredu. Ali \u0161ta ako postoji na\u010din da dobijete bolje ocjene bez stvarnog u\u010denja ili dodatnog rada? Vjerovali ili ne, postoji \u2013 a hakeri su ti koji to mogu! Unajmite na\u0161e hakere za promjenu ocjena i legalnog hakera. Hakeri anga\u017eovani da menjaju ocene poznati su eksperti kao kompjuterski hakeri.<\/p>\n<h4 style=\"text-align: center;\">Hakiranje \u0161kolskih razreda<\/h4>\n<p style=\"text-align: center;\">Anga\u017eiranje hakerske usluge koja poma\u017ee ljudima da promijene svoje fakultetske i \u0161kolske ocjene i izbjegnu kr\u0161enje sigurnosti. Imamo tim iskusnih hakera koji su stru\u010dnjaci u pronala\u017eenju sigurnosnih rupa u univerzitetskim bazama podataka i web stranicama. Svoje usluge hakerskih vje\u0161tina nudimo svima kojima su potrebne i garantiramo da je na\u0161 rad najvi\u0161eg kvaliteta.<\/p>\n<p style=\"text-align: center;\">Hire Anonymous Hackers je profesionalna usluga hakovanja koja poma\u017ee studentima da promijene svoje ocjene, \u0161kolske evidencije i univerzitetske transkripte. Tako\u0111er nudimo savjetovanje o sigurnosti univerzitetima i preduze\u0107ima kako bismo im pomogli da izbjegnu sajber napade.<\/p>\n<p style=\"text-align: center;\">Nudimo i sisteme za otkrivanje upada, testiranje penetracije i usluge eti\u010dkog hakovanja. Koristimo iste tehnike kao zlonamjerni hakeri, ali to radimo eti\u010dki i uz va\u0161u dozvolu.<\/p>\n<div class=\"elementor-element elementor-element-f91317e elementor-widget elementor-widget-heading\" data-id=\"f91317e\" data-element_type=\"widget\" data-widget_type=\"heading.default\">\n<div class=\"elementor-widget-container\">\n<h3 class=\"elementor-heading-title elementor-size-default\" style=\"text-align: center;\">Testirajte sigurnost web stranice<\/h3>\n<p style=\"text-align: center;\">Hire Anonymous Hackers je tim profesionalnih eti\u010dkih hakera koji pru\u017eaju usluge za testiranje sigurnosti web stranice, otkrivanje upada i testiranje penetracije. Nudimo i sigurnosne revizije i analizu podataka o mre\u017enom prometu. Na\u0161 cilj je pomo\u0107i na\u0161im klijentima da pobolj\u0161aju svoje sigurnosno stanje i za\u0161tite svoju online imovinu.<\/p>\n<p style=\"text-align: center;\">Kada je u pitanju hakovanje, mnogi ljudi misle na zlonamerne aktivnosti poput kra\u0111e ne\u010dijeg identiteta ili provale u kompjuterske sisteme. Me\u0111utim, postoji rastu\u0107a industrija profesionalnih hakera koji nude svoje usluge preduze\u0107ima i pojedincima koji \u017eele prodrijeti u sigurnost njihove web stranice. Iako unajmljivanje hakera mo\u017ee izgledati kao jednostavan na\u010din za rje\u0161avanje sigurnosnih problema, va\u017eno je za\u0161tititi svoju bazu podataka od zlonamjernih napada.<\/p>\n<h3 style=\"text-align: center;\">Facebook Hacking Service<\/h3>\n<p style=\"text-align: center;\">Da li ste zabrinuti za sigurnost svog Facebook naloga? \u017delite li biti sigurni da je va\u0161 ra\u010dun siguran i bezbjedan? Ako je tako, mo\u017eda biste trebali razmisliti o unajmljivanju hakera da hakuje Facebook umjesto vas. Postoji veliki broj razli\u010ditih hakerskih usluga koje nude ovu vrstu usluge i to mo\u017ee biti odli\u010dan na\u010din da osigurate da je va\u0161 ra\u010dun \u0161to sigurniji. Me\u0111utim, prije nego \u0161to unajmite hakera, va\u017eno je da istra\u017eite i provjerite jeste li odabrali pravu uslugu.<\/p>\n<h3 style=\"text-align: center;\">Unajmite hakera za WhatsApp<\/h3>\n<p style=\"text-align: center;\">Hakeri se mogu unajmiti da pomognu u raznim zadacima, uklju\u010duju\u0107i dobijanje pristupa WhatsApp porukama. Ako tra\u017eite nekoga da vam pomogne oko va\u0161eg WhatsApp hakera, ili ako \u017eelite da vam neko pomogne da \u0161pijunirate poruke va\u0161eg partnera, onda je haker savr\u0161eno rje\u0161enje. Kontaktirajte na\u0161e telefonske hakere koji su dostupni za iznajmljivanje.<\/p>\n<h4 style=\"text-align: center;\">Top Hacking Request<br \/>\nBez obzira na razlog, hakiranje mo\u017ee biti brz i lak proces ako znate gdje da tra\u017eite.<\/h4>\n<p style=\"text-align: center;\">Usluga hakovanja telefona<br \/>\nFacebook Hacking Service<br \/>\nHaker dru\u0161tvenih mre\u017ea<br \/>\nUnajmite hakera za WhatsApp<br \/>\nHakiranje \u0161kolskih razreda<br \/>\nHack Instagram<\/p>\n<p>&nbsp;<\/p>\n<\/div>\n<\/div>\n<p>&nbsp;<\/p>\n<p>&nbsp;<\/p>\n\t\t<\/div>\n\t\t\n<style>\n#col-1686647345 > .col-inner {\n  padding: 50px 20px 0px 20px;\n  margin: -0 0px 0px 0px;\n}\n@media (min-width:550px) {\n  #col-1686647345 > .col-inner {\n    padding: 50px 20px 30px 20px;\n    margin: 0 0px 0px 0px;\n  }\n}\n@media (min-width:850px) {\n  #col-1686647345 > .col-inner {\n    padding: 66px 5% 16px 5%;\n    margin: -135px 0px 0px 0px;\n  }\n}\n<\/style>\n\t<\/div>\n\n\t\n<\/div>","protected":false},"excerpt":{"rendered":"","protected":false},"author":1,"featured_media":819,"parent":0,"menu_order":0,"comment_status":"closed","ping_status":"closed","template":"page-blank.php","meta":{"_acf_changed":false,"footnotes":""},"class_list":["post-14","page","type-page","status-publish","has-post-thumbnail","hentry"],"acf":[],"_links":{"self":[{"href":"https:\/\/hireanonymoushackers.com\/bs\/wp-json\/wp\/v2\/pages\/14","targetHints":{"allow":["GET"]}}],"collection":[{"href":"https:\/\/hireanonymoushackers.com\/bs\/wp-json\/wp\/v2\/pages"}],"about":[{"href":"https:\/\/hireanonymoushackers.com\/bs\/wp-json\/wp\/v2\/types\/page"}],"author":[{"embeddable":true,"href":"https:\/\/hireanonymoushackers.com\/bs\/wp-json\/wp\/v2\/users\/1"}],"replies":[{"embeddable":true,"href":"https:\/\/hireanonymoushackers.com\/bs\/wp-json\/wp\/v2\/comments?post=14"}],"version-history":[{"count":29,"href":"https:\/\/hireanonymoushackers.com\/bs\/wp-json\/wp\/v2\/pages\/14\/revisions"}],"predecessor-version":[{"id":1000,"href":"https:\/\/hireanonymoushackers.com\/bs\/wp-json\/wp\/v2\/pages\/14\/revisions\/1000"}],"wp:featuredmedia":[{"embeddable":true,"href":"https:\/\/hireanonymoushackers.com\/bs\/wp-json\/wp\/v2\/media\/819"}],"wp:attachment":[{"href":"https:\/\/hireanonymoushackers.com\/bs\/wp-json\/wp\/v2\/media?parent=14"}],"curies":[{"name":"wp","href":"https:\/\/api.w.org\/{rel}","templated":true}]}}