{"id":10,"date":"2020-12-16T12:04:19","date_gmt":"2020-12-16T12:04:19","guid":{"rendered":"http:\/\/cocaineforsaleonline.com\/?page_id=10"},"modified":"2024-04-22T20:19:09","modified_gmt":"2024-04-22T20:19:09","slug":"home","status":"publish","type":"page","link":"https:\/\/hireanonymoushackers.com\/bs\/","title":{"rendered":"Dom"},"content":{"rendered":"<div class=\"banner has-hover show-for-small\" id=\"banner-2082495444\">\n          <div class=\"banner-inner fill\">\n        <div class=\"banner-bg fill\" >\n            <div class=\"bg fill bg-fill\"><\/div>\n                                    \n                    <\/div>\n        <div class=\"banner-layers container\">\n            <div class=\"fill banner-link\"><\/div>            \n        <\/div>\n      <\/div>\n\n              <div class=\"height-fix is-invisible\"><\/div>\n            \n<style>\n#banner-2082495444 {\n  background-color: rgb(247, 245, 244);\n}\n<\/style>\n  <\/div>\n\n\n\t<section class=\"section dark\" id=\"section_1303035857\">\n\t\t<div class=\"bg section-bg fill bg-fill\" >\n\n\t\t\t\n\t\t\t<div class=\"section-bg-overlay absolute fill\"><\/div><button class=\"scroll-for-more z-5 icon absolute bottom h-center\"><i class=\"icon-angle-down\" style=\"font-size:42px;\"><\/i><\/button>\n\t\t\t\n\n\t\t<\/div>\n\n\t\t<div class=\"section-content relative\">\n\t\t\t\n<div class=\"row align-middle\"  id=\"row-433004604\">\n\n\t<div id=\"col-10246466\" class=\"col medium-8 small-12 large-8\"  >\n\t\t<div class=\"col-inner\"  >\n\t\t\t\n\t\t\t\n<h6 class=\"uppercase\">Unajmite hakera<\/h6>\n<h1 style=\"font-size: 350%; line-height: 100%;\">Unajmite anonimne hakere<\/h1>\n<p>Anonymous Hackers For Hire<\/p>\n<h1 style=\"font-size: 200%;\">Zvani\u010dna web stranica anonimnih hakera\u200b<\/h1>\n<div class=\"row row-collapse\"  id=\"row-1498365034\">\n\n\t<div id=\"col-1033112626\" class=\"col medium-6 small-12 large-6\"  >\n\t\t<div class=\"col-inner\"  >\n\t\t\t\n\t\t\t\n<a data-animate=\"blurIn\" href=\"https:\/\/hireanonymoushackers.com\/bs\/unajmiti-hakera\/\" target=\"_self\" class=\"button secondary is-large lowercase expand\"  style=\"border-radius:4px;\">\n  <i class=\"icon-star\" ><\/i>  <span>Kontaktirajte nas<\/span>\n  <\/a>\n\n\t\t<\/div>\n\t\t\t<\/div>\n\n\t\n\n<style>\n#row-1498365034 > .col > .col-inner {\n  padding: 0px 5px 0px 5px;\n}\n<\/style>\n<\/div>\n\t\t<\/div>\n\t\t\t<\/div>\n\n\t\n<\/div>\n\t\t<\/div>\n\n\t\t\n<style>\n#section_1303035857 {\n  padding-top: 60px;\n  padding-bottom: 60px;\n  min-height: 600px;\n  background-color: rgb(255,255,255);\n}\n#section_1303035857 .section-bg-overlay {\n  background-color: rgb(45, 78, 103);\n}\n#section_1303035857 .section-bg.bg-loaded {\n  background-image: 28;\n}\n@media (min-width:550px) {\n  #section_1303035857 .section-bg-overlay {\n    background-color: rgba(0, 0, 0, 0.5);\n  }\n}\n@media (min-width:850px) {\n  #section_1303035857 .section-bg-overlay {\n    background-color: rgba(0,0,0,.5);\n  }\n}\n<\/style>\n\t<\/section>\n\t\n\t<section class=\"section\" id=\"section_1334904027\">\n\t\t<div class=\"bg section-bg fill bg-fill  bg-loaded\" >\n\n\t\t\t\n\t\t\t\n\t\t\t\n\n\t\t<\/div>\n\n\t\t<div class=\"section-content relative\">\n\t\t\t\t\t<\/div>\n\n\t\t\n<style>\n#section_1334904027 {\n  padding-top: 0px;\n  padding-bottom: 0px;\n}\n<\/style>\n\t<\/section>\n\t\n\t<div id=\"gap-772523516\" class=\"gap-element clearfix\" style=\"display:block; height:auto;\">\n\t\t\n<style>\n#gap-772523516 {\n  padding-top: 59px;\n}\n<\/style>\n\t<\/div>\n\t\n<div class=\"row\"  id=\"row-505045721\"><\/div>\n\n\t<div id=\"col-2076133147\" class=\"col small-12 large-12\"  >\n\t\t<div class=\"col-inner\"  >\n\t\t\t\n\t\t\t\t\t<\/div>\n\t\t\t<\/div>\n\n\t\n<h2 style=\"text-align: center;\">ANJAMITE ANONIMNE HAKERE<\/h2>\n<p style=\"text-align: center;\">Danas je te\u0161ko zaposliti profesionalnog hakera, ali uz Hireanonymoushackers mo\u017eete se povezati s dokazanim izvo\u0111a\u010dima u svijetu hakera za nekoliko sekundi. Da li ste imali mnogo pote\u0161ko\u0107a u pronala\u017eenju pravog hakera za svoje hakerske projekte? Prona\u0111ite pravog hakera ve\u0107 danas <a href=\"https:\/\/hireanonymoushackers.com\/bs\/\">Hireanonymoushackers.com<\/a> sa visoko obu\u010denim profesionalnim hakerima svjetske klase u pripravnosti koji \u0107e vam pomo\u0107i da postignete uspjeh sa svojim projektom(ima) hakiranja.<\/p>\n<h3 style=\"text-align: center;\">Pouzdani hakeri<\/h3>\n<p style=\"text-align: center;\">Na\u0161a novouvedena Escrow usluga \u0107e vas tako\u0111er za\u0161tititi od bilo kojeg oblika ranjivosti prilikom pla\u0107anja na\u0161im hakerima. Va\u0161a uplata \u0107e biti bezbedno pohranjena u escrow slu\u017ebi koja ima krajnje pravo da zadr\u017ei i isplati uplatu i to \u0107e u\u010diniti samo na osnovu va\u0161eg odobrenja kada budete zadovoljni radom koji vam je dodijeljeni haker isporu\u010dio.<\/p>\n<p><img decoding=\"async\" class=\"wp-image-795 lazyload\" data-src=\"https:\/\/hireanonymoushackers.io\/wp-content\/uploads\/2023\/06\/5-star-300x158.jpg\" alt=\"Anonymous Hackers\" width=\"30\" height=\"16\" data-srcset=\"https:\/\/hireanonymoushackers.com\/wp-content\/uploads\/2023\/06\/5-star-300x158.jpg 300w, https:\/\/hireanonymoushackers.com\/wp-content\/uploads\/2023\/06\/5-star-1024x539.jpg 1024w, https:\/\/hireanonymoushackers.com\/wp-content\/uploads\/2023\/06\/5-star-768x404.jpg 768w, https:\/\/hireanonymoushackers.com\/wp-content\/uploads\/2023\/06\/5-star-600x316.jpg 600w, https:\/\/hireanonymoushackers.com\/wp-content\/uploads\/2023\/06\/5-star.jpg 1520w\" data-sizes=\"(max-width: 30px) 100vw, 30px\" src=\"data:image\/svg+xml;base64,PHN2ZyB3aWR0aD0iMSIgaGVpZ2h0PSIxIiB4bWxucz0iaHR0cDovL3d3dy53My5vcmcvMjAwMC9zdmciPjwvc3ZnPg==\" style=\"--smush-placeholder-width: 30px; --smush-placeholder-aspect-ratio: 30\/16;\" \/><\/p>\n<h3 style=\"text-align: center;\">IZNAJMITE HAKERA<\/h3>\n<p style=\"text-align: center;\">Mi smo tim profesionalnih hakera sa iskustvom u razli\u010ditim oblastima. Pru\u017eamo usluge hakovanja pojedincima i privatnim ustanovama vi\u0161e od 7 godina uz kvalitetne, diskretne usluge hakovanja, a sada na\u0161e usluge donosimo i vama. Jeste li prije poku\u0161ali kupiti usluge hakovanja na dark webu? Niste zadovoljni rezultatima? Samo prazna obe\u0107anja, ali niko ne mo\u017ee obaviti posao?<\/p>\n<p style=\"text-align: center;\">Onda biste trebali isprobati Hire Hackers, najpouzdanije hakere za obavljanje stvari. Za razliku od drugih, na\u0161e cijene nisu najjeftinije, ali ako ne mo\u017eemo obaviti posao, dobit \u0107ete puni povrat novca<a href=\"https:\/\/duckduckgo.com\/\" target=\"_blank\" rel=\"noopener\">.<\/a><\/p>\n<h3 style=\"text-align: center;\"><span class=\"tagify__tag-text\" contenteditable=\"true\">Hakeri za iznajmljivanje<\/span><\/h3>\n<p style=\"text-align: center;\">Hire Anonymous Hackers je profesionalna hakerska grupa dostupna na mre\u017ei za pru\u017eanje profesionalnih i jedinstvenih usluga na\u0161im ljubaznim klijentima \u0161irom svijeta. Unajmite hakera u Velikoj Britaniji.<\/p>\n<p style=\"text-align: center;\">U Hire Anonymous Hackers isporuka je izvan mogu\u0107ih rje\u0161enja, poznati smo po najboljim provajderima hakerskih usluga tokom godina poslovanja u ovoj poslovnoj oblasti. Crni \u0161e\u0161ir hakeri za iznajmljivanje.<\/p>\n<p><img decoding=\"async\" class=\"wp-image-803 aligncenter lazyload\" data-src=\"https:\/\/hireanonymoushackers.io\/wp-content\/uploads\/2023\/06\/Hire-Hackers-Services-300x225.jpg\" alt=\"Unajmite hakerske usluge\" width=\"59\" height=\"44\" data-srcset=\"https:\/\/hireanonymoushackers.com\/wp-content\/uploads\/2023\/06\/Hire-Hackers-Services-300x225.jpg 300w, https:\/\/hireanonymoushackers.com\/wp-content\/uploads\/2023\/06\/Hire-Hackers-Services.jpg 350w\" data-sizes=\"(max-width: 59px) 100vw, 59px\" src=\"data:image\/svg+xml;base64,PHN2ZyB3aWR0aD0iMSIgaGVpZ2h0PSIxIiB4bWxucz0iaHR0cDovL3d3dy53My5vcmcvMjAwMC9zdmciPjwvc3ZnPg==\" style=\"--smush-placeholder-width: 59px; --smush-placeholder-aspect-ratio: 59\/44;\" \/><\/p>\n<h3 style=\"text-align: center;\">Pouzdani certificirani eti\u010dki hakeri za iznajmljivanje<\/h3>\n<p style=\"text-align: center;\">Na\u0161i hakeri nisu ro\u0111eni kao hakeri, ve\u0107ina na\u0161ih hakera radila je vi\u0161e od 10 godina za razli\u010dite kompanije u oblasti telekomunikacija, sajber sigurnosti, upravljanja serverima i ve\u0107ina ako ne i svi imaju iskustvo u radu za kompanije koje grade razli\u010dite sigurnosne postavke za razli\u010dite aplikacije.<\/p>\n<p style=\"text-align: center;\">Rad za takve kompanije daje na\u0161im hakerima prednost i potpuni uvid u to kako sigurnost funkcionira za razli\u010dite aplikacije i hardver.<\/p>\n<h3 style=\"text-align: center;\"><span class=\"tagify__tag-text\" contenteditable=\"true\">Iznajmite hakera<\/span><\/h3>\n<p style=\"text-align: center;\">Nudimo najkvalitetnije profesionalne hakerske usluge koje se ne mogu porediti sa drugim hakerskim kompanijama za iznajmljivanje. Na\u0161i profesionalni hakeri imaju najnapredniju tehniku hakovanja za hakiranje Facebooka, Snapchata, WhatsAppa, Twittera, Instagrama, naloga e-po\u0161te, Gmaila, pametnog telefona, web stranice, baze podataka i jo\u0161 mnogo toga. Tako\u0111er mo\u017eete zatra\u017eiti prilago\u0111eni hak. Danas je te\u0161ko unajmiti profesionalnog hakera. Mo\u017eete biti prevareni zbog pogre\u0161nih hakerskih usluga ili la\u017enih hakera na internetu. Nemojte da vas zavaraju prevaranti koji ogla\u0161avaju la\u017ene profesionalne usluge hakovanja.<\/p>\n<h3 style=\"text-align: center;\"><span class=\"tagify__tag-text\" contenteditable=\"true\">Profesionalne usluge hakovanja<\/span><\/h3>\n<p style=\"text-align: center;\">Anonymous Hackers pojavili su se kao najpouzdanija svjetska hakerska platforma na kojoj se susre\u0107ete s profesionalnim hakerima za svoje usluge hakovanja. Posve\u0107eni smo i radimo na ispunjavanju va\u0161ih zahtjeva za hakiranjem putem na\u0161ih hakera na mra\u010dnom webu. Tako\u0111er pru\u017eamo 24-satne usluge hakovanja kako bismo bili sigurni da \u0107ete ispuniti svoje ciljeve bez ikakvog odlaganja. Hakirajte univerzitetski server.<\/p>\n<h4 style=\"text-align: center;\">Unajmite hakera da hakuje web stranicu<\/h4>\n<p style=\"text-align: center;\">Kao vode\u0107a hakerska platforma, ponosni smo \u0161to pru\u017eamo usluge na\u0161im klijentima iz cijelog svijeta. Na\u0161i certificirani hakeri su na\u0161a snaga, a zadovoljstvo kupaca je na\u0161 glavni prioritet. Imamo stru\u010dnjake u razli\u010ditim oblastima hakovanja i obe\u0107avamo da \u0107emo uvijek pru\u017eiti brzu isporuku projekta. Sa \u0161irokim spektrom hakerskih rje\u0161enja, mi utiremo put do uspjeha hakera kakav \u017eelite. Hakirajte univerzitetsku bazu podataka.<\/p>\n<h3 style=\"text-align: center;\">Anonymous Hackers<\/h3>\n<p style=\"text-align: center;\">Anonymous Hackers je tim Antonymous Hackers koji nudi profesionalne usluge hakovanja. Unajmite hakera za hakiranje Facebooka, e-po\u0161te, weba, baze podataka ili telefona. Mi smo tim visoko obu\u010denih i profesionalnih hakera koji je u stanju da hakuje bilo koje dru\u0161tvene naloge, naloge e-po\u0161te, telefon, veb lokaciju ili bazu podataka. 100% garancija privatnosti i povjerljivosti za na\u0161e klijente. Unajmite hakera za Facebook.<\/p>\n<p><img decoding=\"async\" class=\"wp-image-795 aligncenter lazyload\" data-src=\"https:\/\/hireanonymoushackers.io\/wp-content\/uploads\/2023\/06\/5-star-300x158.jpg\" alt=\"Anonymous Hackers\" width=\"37\" height=\"19\" data-srcset=\"https:\/\/hireanonymoushackers.com\/wp-content\/uploads\/2023\/06\/5-star-300x158.jpg 300w, https:\/\/hireanonymoushackers.com\/wp-content\/uploads\/2023\/06\/5-star-1024x539.jpg 1024w, https:\/\/hireanonymoushackers.com\/wp-content\/uploads\/2023\/06\/5-star-768x404.jpg 768w, https:\/\/hireanonymoushackers.com\/wp-content\/uploads\/2023\/06\/5-star-600x316.jpg 600w, https:\/\/hireanonymoushackers.com\/wp-content\/uploads\/2023\/06\/5-star.jpg 1520w\" data-sizes=\"(max-width: 37px) 100vw, 37px\" src=\"data:image\/svg+xml;base64,PHN2ZyB3aWR0aD0iMSIgaGVpZ2h0PSIxIiB4bWxucz0iaHR0cDovL3d3dy53My5vcmcvMjAwMC9zdmciPjwvc3ZnPg==\" style=\"--smush-placeholder-width: 37px; --smush-placeholder-aspect-ratio: 37\/19;\" \/><\/p>\n<h3 style=\"text-align: center;\">Unajmite hakerske usluge<\/h3>\n<p style=\"text-align: center;\">Na\u0161i hakeri za iznajmljivanje nude \u0161irok spektar profesionalnih hakerskih usluga. Cilj nam je da napravimo sve vrste onlajn za\u0161tite za na\u0161e vrijedne klijente.<br \/>\nUnajmite hakera za sve va\u0161e potrebe hakovanja. Unajmite hakera da promijeni ocjene<\/p>\n<h3 style=\"text-align: center;\">LISTE USLUGA KOJE NUDIMO<\/h3>\n<p style=\"text-align: center;\">\u2727 Hakovanje i kontrola po\u0161te u rasponu od gmaila, yahoo mailova, profesionalnih e-mailova&#8230;.do \u010dak i za\u0161ti\u0107enih mailova sa 4096-bitnim enkripcijama<br \/>\n\u2727 PC jailbreaking\/hakovanje (windows,mac,linux distribucije\u2026 .)<br \/>\n\u2727 Promjena ocjene<br \/>\n\u2727 Provjera telefonskog broja<br \/>\n\u2727 Potpuni paket aran\u017eman, dobijanje pristupa li\u010dnim ili poslovnim ure\u0111ajima i ra\u010dunima i tra\u017eenje podataka koji su vam potrebni.<br \/>\n\u2727 Ra\u0161\u010di\u0161\u0107avanje duga<\/p>\n<p style=\"text-align: center;\">\u2727 Hakovanje web stranice\/php administratora (mo\u017eemo dati potpuni pristup ili ukrasti bilo koju evidenciju ili informacije)<br \/>\n\u2727 Paso\u0161, li\u010dne karte ili sertifikati koji mogu da rade kao pravi<br \/>\n\u2727 Geo-lokator\/pra\u0107enje telefonskog broja<br \/>\n\u2727 Ekonomska \u0161pijuna\u017ea i korporativna \u0161pijuna\u017ea<br \/>\n\u2727 Uhvatite varaju\u0107eg partnera \/ varaju\u0107eg partnera za pra\u0107enje<br \/>\n\u2727 Hakovanje mobilnog ure\u0111aja\/mobilni daljinski pristup<\/p>\n<p style=\"text-align: center;\">\u2727 Dru\u0161tveni mediji djeluju na hakiranje ili kloniranje pristupa<br \/>\n\u2727 Mo\u017eemo vam pomo\u0107i da pratite bilo koga (samo nam dajte sve valjane informacije o va\u0161oj \u017ertvi)<br \/>\n\u2727 Pokrenite kampanje na dru\u0161tvenim mre\u017eama<br \/>\n\u2727 Pornografija osvete<br \/>\n\u2727 Pristup vladi i bazi podataka kompanije<\/p>\n<p style=\"text-align: center;\">\u2727 Povra\u0107aj dokaza<br \/>\n\u2727 O\u010distiti krivi\u010dne dosijee<br \/>\n\u2727 Hakovanje igara<br \/>\n\u2727 Ciljna revizija<br \/>\nAko tako\u0111er trebate unajmiti hakera od nas za svoju privatnu upotrebu (napla\u0107ujemo po satu obavljenog posla);<\/p>\n<h3 style=\"text-align: center;\">\u0160ta nas \u010dini va\u0161im najboljim izborom<\/h3>\n<p style=\"text-align: center;\">Izuzetno nam je zadovoljstvo i ponos \u0161to mo\u017eemo re\u0107i da na\u0161e usluge ne nalikuju nijednoj drugoj. Hakerski tim se sastoji od najprofesionalnijih, najvje\u0161tijih i najiskusnijih hakera koji mogu ostvariti bilo koji zadatak.<\/p>\n<p style=\"text-align: center;\">I tu nije kraj! Ovaj tim hakera je potpuno i strogo eti\u010dan i<br \/>\ncertificirani, pa ako ste zabrinuti da \u0107ete upasti u nevolje dok koristite na\u0161e usluge, budite<br \/>\nsiguran!<\/p>\n<h3 style=\"text-align: center;\">Unajmite profesionalne hakere<\/h3>\n<p style=\"text-align: center;\">I ve\u0107 ste pregledali bezbroj usluga kroz koje mo\u017eemo ponuditi na\u0161e<br \/>\npomo\u0107. Dakle, bez obzira na veli\u010dinu va\u0161ih problema, mo\u017eete prona\u0107i rje\u0161enje za njih<br \/>\nsvaki od njih na jednoj platformi.<br \/>\nBilo da se radi o oporavku izgubljenih lozinki ili transakciji kriptovalutama, imamo vas<br \/>\npokriveno.<\/p>\n<p>&nbsp;<\/p>\n<h3 style=\"text-align: center;\">Da li je bezbedno unajmiti hakera na mre\u017ei<\/h3>\n<p style=\"text-align: center;\">Da, bezbedno je unajmiti hakera na mre\u017ei od nas. Mi smo profesionalna grupa black hat hakera. Izgradili smo povjerenje u na\u0161e cijenjene kupce i nemamo nikakve \u0161anse da igramo bilo kakve igre s njima. Mnogi ljudi nam dolaze s razli\u010ditim potrebama, koje mogu uklju\u010divati profesionalne hakerske usluge, li\u010dne potrebe, pitanja vezana za kompaniju, kao i politi\u010dka pitanja. Ne razo\u010daravamo ni u jednoj situaciji i ako smatrate da vam je potreban profesionalac koji \u0107e vam pomo\u0107i oko lozinki e-po\u0161te, sistema kao i hakiranja web stranica, ne oklijevajte.<\/p>\n<h3 style=\"text-align: center;\">Profesionalni hakeri za iznajmljivanje<\/h3>\n<p style=\"text-align: center;\">Neki od na\u0161ih klijenata koriste na\u0161e usluge kako bi testirali snagu svojih mre\u017ea i to je ne\u0161to \u0161to mi radimo na svom najboljem nivou. U slu\u010daju da \u017eelite unajmiti hakera da hakuje bazu podataka web stranice ili telefon, vrati izgubljena sredstva ili lozinku za e-po\u0161tu uz povoljnu naknadu, odmah nas kontaktirajte. Na\u0161e cijene su razumne i prihvatamo bitcoine. Proces je vrlo jednostavan jer nam klijent \u0161alje detalje ili stvari koje treba hakirati, pola\u017ee 50% pla\u0107anja i pla\u0107a preostalih 50% nakon \u0161to se hakiranje zavr\u0161i.<\/p>\n<h3 style=\"text-align: center;\">Verified Hackers<\/h3>\n<p>Mi smo eti\u010dki hakeri i privatni istra\u017eitelji na usluzi. Svaki \u010dlan na\u0161eg tima je iskusan u svojim razli\u010ditim ni\u0161ama. U na\u0161em timu imamo stru\u010dnjake za digitalnu forenziku, certificirane eti\u010dke hakere, kompjuterske in\u017eenjere, stru\u010dnjake za sajber sigurnost, privatne istra\u017eitelje i jo\u0161 mnogo toga. Na\u0161 cilj je da va\u0161 digitalni \u017eivot u\u010dinimo sigurnim, sigurnim i bez problema.<\/p>\n<h3 style=\"text-align: center;\">Ethical Hackers<\/h3>\n<p>Svakog dana stotine i hiljade ljudi u svijetu su \u017ertve kompromitovanja naloga na dru\u0161tvenim mre\u017eama poput Facebooka, Snapchata, Instagrama, e-po\u0161te, mobilnih telefona, lo\u0161e reputacije na mre\u017ei, kra\u0111e li\u010dnih dokumenata i jo\u0161 mnogo toga. Kra\u0111a identiteta se mo\u017ee koristiti za la\u017eno prijavljivanje za kredit, dru\u0161tvene ra\u010dune, poreze, zdravstvo, osiguranje, itd. Mi u HACKERS FOR HIRE (ta\u010dka) io, mo\u017eemo vam pomo\u0107i da se odbranite od svih gore navedenih prijetnji.<\/p>\n<h3 style=\"text-align: center;\">Hacking Services<\/h3>\n<p>Poma\u017eemo vam da za\u0161titite va\u0161e podatke, dru\u0161tvene naloge, telefone, ra\u010dunare i identitet, a tako\u0111e imamo klijente koji \u017eele da u\u0111u u trag hakeru, lociraju nekoga, istragu varanja supru\u017enika, povrate izgubljene podatke, upravljaju reputacijom na mre\u017ei, itd. Tu smo da obezbedimo imate rje\u0161enja za sve takve potrebe.<\/p>\n<div class=\"container section-title-container\" ><h3 class=\"section-title section-title-center\"><b><\/b><span class=\"section-title-main\" style=\"font-size:109%;\">ANONIMNI HAKER<\/span><b><\/b><\/h3><\/div>\n[ux_products style=&#8221;normal&#8221; type=&#8221;row&#8221; equalize_box=&#8221;true&#8221; cat=&#8221;19,17,18&#8243; orderby=&#8221;rand&#8221; image_hover=&#8221;zoom&#8221; image_hover_alt=&#8221;zoom-long&#8221; text_padding=&#8221;0px 0px 0px 0px&#8221;]","protected":false},"excerpt":{"rendered":"<p>HIRE ANONYMOUS HACKERS Hiring a Professional hacker is hard to come by these days but with Hireanonymoushackers, you can connect with proven performers in the hacking world in a matter of seconds. Have you been having lots of difficulties getting the right hacker for your hacking projects? Find the right hacker today on Hireanonymoushackers.com with [&#8230;]","protected":false},"author":1,"featured_media":782,"parent":0,"menu_order":0,"comment_status":"closed","ping_status":"closed","template":"page-blank.php","meta":{"_acf_changed":false,"footnotes":""},"class_list":["post-10","page","type-page","status-publish","has-post-thumbnail","hentry"],"acf":[],"_links":{"self":[{"href":"https:\/\/hireanonymoushackers.com\/bs\/wp-json\/wp\/v2\/pages\/10","targetHints":{"allow":["GET"]}}],"collection":[{"href":"https:\/\/hireanonymoushackers.com\/bs\/wp-json\/wp\/v2\/pages"}],"about":[{"href":"https:\/\/hireanonymoushackers.com\/bs\/wp-json\/wp\/v2\/types\/page"}],"author":[{"embeddable":true,"href":"https:\/\/hireanonymoushackers.com\/bs\/wp-json\/wp\/v2\/users\/1"}],"replies":[{"embeddable":true,"href":"https:\/\/hireanonymoushackers.com\/bs\/wp-json\/wp\/v2\/comments?post=10"}],"version-history":[{"count":54,"href":"https:\/\/hireanonymoushackers.com\/bs\/wp-json\/wp\/v2\/pages\/10\/revisions"}],"predecessor-version":[{"id":876,"href":"https:\/\/hireanonymoushackers.com\/bs\/wp-json\/wp\/v2\/pages\/10\/revisions\/876"}],"wp:featuredmedia":[{"embeddable":true,"href":"https:\/\/hireanonymoushackers.com\/bs\/wp-json\/wp\/v2\/media\/782"}],"wp:attachment":[{"href":"https:\/\/hireanonymoushackers.com\/bs\/wp-json\/wp\/v2\/media?parent=10"}],"curies":[{"name":"wp","href":"https:\/\/api.w.org\/{rel}","templated":true}]}}